{"id":13,"date":"2017-04-28T12:33:34","date_gmt":"2017-04-28T10:33:34","guid":{"rendered":"http:\/\/re-dev-entreprendre.fr\/dakar\/?page_id=13"},"modified":"2023-03-12T21:17:14","modified_gmt":"2023-03-12T20:17:14","slug":"entreprendre","status":"publish","type":"page","link":"https:\/\/www.reseau-entreprendre.org\/dakar\/entreprendre\/","title":{"rendered":"Entreprendre"},"content":{"rendered":"\n<h3 class=\"has-re-red-color has-text-color wp-block-heading\">Un r\u00e9seau de chefs d&#8217;entreprises qui accompagnent les nouveaux entrepreneurs<\/h3>\n\n\n\n<p>Notre force, c&#8217;est l&#8217;accompagnement des nouveaux entrepreneurs<\/p>\n\n\n\n<p>Notre mission est de contribuer \u00e0 la r\u00e9ussite de nouveaux entrepreneurs significativement cr\u00e9ateurs d&#8217;emplois et de richesses.<\/p>\n\n\n\n<p>Le c\u0153ur de m\u00e9tier de R\u00e9seau Entreprendre Dakar, c&#8217;est :<\/p>\n\n\n\n<p>&#8211; L\u2019accompagnement par des chefs d&#8217;entreprises : l&#8217;engagement de ces chefs d&#8217;entreprises au sein de R\u00e9seau Entreprendre Dakar est aliment\u00e9 par leur passion de l&#8217;entrepreneuriat et leur envie de la transmettre \u00e0 de nouveaux entrepreneurs dans un esprit de citoyennet\u00e9 \u00e9conomique.<\/p>\n\n\n\n<p>Ainsi, les membres donnent b\u00e9n\u00e9volement de leur temps pour \u00e9tudier les projets, participer aux comit\u00e9s d&#8217;engagement, accompagner des laur\u00e9ats et animer leur association\u2026 Ce qui repr\u00e9sente plus de 5 000 heures de b\u00e9n\u00e9volat par an ;<\/p>\n\n\n\n<p>&#8211; Un accompagnement collectif par l\u2019organisation de clubs de laur\u00e9ats, de formations et de sessions de Networking entre membres et laur\u00e9ats;<\/p>\n\n\n\n<p>&#8211; Un financement sous forme de pr\u00eats d&#8217;honneur, particuli\u00e8rement int\u00e9ressants pour leur effet de levier sur les autres financements.<\/p>\n\n\n\n<p>Les chefs d&#8217;entreprise de R\u00e9seau Entreprendre Dakar accompagnent les cr\u00e9ateurs et repreneurs d&#8217;entreprises \u00e0 fort potentiel de cr\u00e9ation d&#8217;emplois.<\/p>\n\n\n\n<p>L&#8217;accompagnement de R\u00e9seau Entreprendre Dakar s&#8217;adresse aux cr\u00e9ateurs et repreneurs qui, par l&#8217;ambition qu&#8217;ils portent, leur potentiel entrepreneurial, leur m\u00e9tier et le march\u00e9 auquel ils s&#8217;adressent, sont susceptibles de faire de leur entreprise, une PME apte \u00e0 se d\u00e9velopper.<\/p>\n\n\n\n<p>Pour b\u00e9n\u00e9ficier de l&#8217;accompagnement par un chef d&#8217;entreprise de R\u00e9seau Entreprendre Dakar, le nouvel entrepreneur doit r\u00e9pondre \u00e0 un certain nombre de crit\u00e8res de s\u00e9lection pour devenir Laur\u00e9at :<\/p>\n\n\n\n<p>&#8211; Etre cr\u00e9ateur depuis moins de 3 ans ou repreneur depuis moins de 6 mois;<\/p>\n\n\n\n<p>&#8211; Etre \u00e0 moins de 2 heures de route de l&#8217;association R\u00e9seau Entreprendre Dakar;<\/p>\n\n\n\n<p>&#8211; Avoir un projet qui a le potentiel de croissance de devenir une PME;<\/p>\n\n\n\n<p>&#8211; Etre associ\u00e9 majoritaire de son entreprise;<\/p>\n\n\n\n<p>&#8211; Cr\u00e9er ou maintenir 5 \u00e0 10 emplois;<\/p>\n\n\n\n<p>&#8211; D\u00e9dier la majorit\u00e9 de son temps \u00e0 son activit\u00e9<\/p>\n","protected":false},"excerpt":{"rendered":"<p>Un r\u00e9seau de chefs d&#8217;entreprises qui accompagnent les nouveaux entrepreneurs<\/p>\n","protected":false},"author":96,"featured_media":0,"parent":0,"menu_order":0,"comment_status":"closed","ping_status":"closed","template":"","meta":{"_acf_changed":false,"_monsterinsights_skip_tracking":false,"_monsterinsights_sitenote_active":false,"_monsterinsights_sitenote_note":"","_monsterinsights_sitenote_category":0,"footnotes":""},"class_list":["post-13","page","type-page","status-publish","hentry"],"acf":[],"yoast_head":"<!-- This site is optimized with the Yoast SEO plugin v27.4 - https:\/\/yoast.com\/product\/yoast-seo-wordpress\/ -->\n<title>Entreprendre | Reseau Entreprendre Dakar<\/title>\n<meta name=\"description\" content=\"Vous avez un projet de cr\u00e9ation d&#039;entreprise ? R\u00e9seau Entreprendre Dakar vous accompagne gratuitement et dans la dur\u00e9e\" \/>\n<meta name=\"robots\" content=\"index, follow, max-snippet:-1, max-image-preview:large, max-video-preview:-1\" \/>\n<link rel=\"canonical\" href=\"https:\/\/www.reseau-entreprendre.org\/dakar\/entreprendre\/\" \/>\n<meta property=\"og:locale\" content=\"fr_FR\" \/>\n<meta property=\"og:type\" content=\"article\" \/>\n<meta property=\"og:title\" content=\"Entreprendre | Reseau Entreprendre Dakar\" \/>\n<meta property=\"og:description\" content=\"Vous avez un projet de cr\u00e9ation d&#039;entreprise ? R\u00e9seau Entreprendre Dakar vous accompagne gratuitement et dans la dur\u00e9e\" \/>\n<meta property=\"og:url\" content=\"https:\/\/www.reseau-entreprendre.org\/dakar\/entreprendre\/\" \/>\n<meta property=\"og:site_name\" content=\"R\u00e9seau Entreprendre Dakar\" \/>\n<meta property=\"article:publisher\" content=\"https:\/\/www.facebook.com\/ReseauEntreprendreDakar\/\" \/>\n<meta property=\"article:modified_time\" content=\"2023-03-12T20:17:14+00:00\" \/>\n<meta name=\"twitter:card\" content=\"summary_large_image\" \/>\n<meta name=\"twitter:site\" content=\"@RE_Dakar\" \/>\n<meta name=\"twitter:label1\" content=\"Dur\u00e9e de lecture estim\u00e9e\" \/>\n\t<meta name=\"twitter:data1\" content=\"2 minutes\" \/>\n<script type=\"application\/ld+json\" class=\"yoast-schema-graph\">{\"@context\":\"https:\\\/\\\/schema.org\",\"@graph\":[{\"@type\":\"WebPage\",\"@id\":\"https:\\\/\\\/www.reseau-entreprendre.org\\\/dakar\\\/entreprendre\\\/\",\"url\":\"https:\\\/\\\/www.reseau-entreprendre.org\\\/dakar\\\/entreprendre\\\/\",\"name\":\"Entreprendre | Reseau Entreprendre Dakar\",\"isPartOf\":{\"@id\":\"https:\\\/\\\/www.reseau-entreprendre.org\\\/dakar\\\/#website\"},\"datePublished\":\"2017-04-28T10:33:34+00:00\",\"dateModified\":\"2023-03-12T20:17:14+00:00\",\"description\":\"Vous avez un projet de cr\u00e9ation d'entreprise ? R\u00e9seau Entreprendre Dakar vous accompagne gratuitement et dans la dur\u00e9e\",\"breadcrumb\":{\"@id\":\"https:\\\/\\\/www.reseau-entreprendre.org\\\/dakar\\\/entreprendre\\\/#breadcrumb\"},\"inLanguage\":\"fr-FR\",\"potentialAction\":[{\"@type\":\"ReadAction\",\"target\":[\"https:\\\/\\\/www.reseau-entreprendre.org\\\/dakar\\\/entreprendre\\\/\"]}]},{\"@type\":\"BreadcrumbList\",\"@id\":\"https:\\\/\\\/www.reseau-entreprendre.org\\\/dakar\\\/entreprendre\\\/#breadcrumb\",\"itemListElement\":[{\"@type\":\"ListItem\",\"position\":1,\"name\":\"Accueil\",\"item\":\"https:\\\/\\\/www.reseau-entreprendre.org\\\/dakar\\\/\"},{\"@type\":\"ListItem\",\"position\":2,\"name\":\"Entreprendre\"}]},{\"@type\":\"WebSite\",\"@id\":\"https:\\\/\\\/www.reseau-entreprendre.org\\\/dakar\\\/#website\",\"url\":\"https:\\\/\\\/www.reseau-entreprendre.org\\\/dakar\\\/\",\"name\":\"R\u00e9seau Entreprendre Dakar\",\"description\":\"Pour cr\u00e9er des emplois, cr\u00e9ons des employeurs!\",\"publisher\":{\"@id\":\"https:\\\/\\\/www.reseau-entreprendre.org\\\/dakar\\\/#organization\"},\"potentialAction\":[{\"@type\":\"SearchAction\",\"target\":{\"@type\":\"EntryPoint\",\"urlTemplate\":\"https:\\\/\\\/www.reseau-entreprendre.org\\\/dakar\\\/?s={search_term_string}\"},\"query-input\":{\"@type\":\"PropertyValueSpecification\",\"valueRequired\":true,\"valueName\":\"search_term_string\"}}],\"inLanguage\":\"fr-FR\"},{\"@type\":\"Organization\",\"@id\":\"https:\\\/\\\/www.reseau-entreprendre.org\\\/dakar\\\/#organization\",\"name\":\"R\u00e9seau Entreprendre Dakar\",\"url\":\"https:\\\/\\\/www.reseau-entreprendre.org\\\/dakar\\\/\",\"logo\":{\"@type\":\"ImageObject\",\"inLanguage\":\"fr-FR\",\"@id\":\"https:\\\/\\\/www.reseau-entreprendre.org\\\/dakar\\\/#\\\/schema\\\/logo\\\/image\\\/\",\"url\":\"https:\\\/\\\/www.reseau-entreprendre.org\\\/dakar\\\/wp-content\\\/uploads\\\/sites\\\/60\\\/2021\\\/03\\\/Logo-RED.png\",\"contentUrl\":\"https:\\\/\\\/www.reseau-entreprendre.org\\\/dakar\\\/wp-content\\\/uploads\\\/sites\\\/60\\\/2021\\\/03\\\/Logo-RED.png\",\"width\":178,\"height\":178,\"caption\":\"R\u00e9seau Entreprendre Dakar\"},\"image\":{\"@id\":\"https:\\\/\\\/www.reseau-entreprendre.org\\\/dakar\\\/#\\\/schema\\\/logo\\\/image\\\/\"},\"sameAs\":[\"https:\\\/\\\/www.facebook.com\\\/ReseauEntreprendreDakar\\\/\",\"https:\\\/\\\/x.com\\\/RE_Dakar\",\"https:\\\/\\\/www.linkedin.com\\\/in\\\/reseau-entreprendre-dakar-305aa414b\"]}]}<\/script>\n<!-- \/ Yoast SEO plugin. -->","yoast_head_json":{"title":"Entreprendre | Reseau Entreprendre Dakar","description":"Vous avez un projet de cr\u00e9ation d'entreprise ? R\u00e9seau Entreprendre Dakar vous accompagne gratuitement et dans la dur\u00e9e","robots":{"index":"index","follow":"follow","max-snippet":"max-snippet:-1","max-image-preview":"max-image-preview:large","max-video-preview":"max-video-preview:-1"},"canonical":"https:\/\/www.reseau-entreprendre.org\/dakar\/entreprendre\/","og_locale":"fr_FR","og_type":"article","og_title":"Entreprendre | Reseau Entreprendre Dakar","og_description":"Vous avez un projet de cr\u00e9ation d'entreprise ? R\u00e9seau Entreprendre Dakar vous accompagne gratuitement et dans la dur\u00e9e","og_url":"https:\/\/www.reseau-entreprendre.org\/dakar\/entreprendre\/","og_site_name":"R\u00e9seau Entreprendre Dakar","article_publisher":"https:\/\/www.facebook.com\/ReseauEntreprendreDakar\/","article_modified_time":"2023-03-12T20:17:14+00:00","twitter_card":"summary_large_image","twitter_site":"@RE_Dakar","twitter_misc":{"Dur\u00e9e de lecture estim\u00e9e":"2 minutes"},"schema":{"@context":"https:\/\/schema.org","@graph":[{"@type":"WebPage","@id":"https:\/\/www.reseau-entreprendre.org\/dakar\/entreprendre\/","url":"https:\/\/www.reseau-entreprendre.org\/dakar\/entreprendre\/","name":"Entreprendre | Reseau Entreprendre Dakar","isPartOf":{"@id":"https:\/\/www.reseau-entreprendre.org\/dakar\/#website"},"datePublished":"2017-04-28T10:33:34+00:00","dateModified":"2023-03-12T20:17:14+00:00","description":"Vous avez un projet de cr\u00e9ation d'entreprise ? R\u00e9seau Entreprendre Dakar vous accompagne gratuitement et dans la dur\u00e9e","breadcrumb":{"@id":"https:\/\/www.reseau-entreprendre.org\/dakar\/entreprendre\/#breadcrumb"},"inLanguage":"fr-FR","potentialAction":[{"@type":"ReadAction","target":["https:\/\/www.reseau-entreprendre.org\/dakar\/entreprendre\/"]}]},{"@type":"BreadcrumbList","@id":"https:\/\/www.reseau-entreprendre.org\/dakar\/entreprendre\/#breadcrumb","itemListElement":[{"@type":"ListItem","position":1,"name":"Accueil","item":"https:\/\/www.reseau-entreprendre.org\/dakar\/"},{"@type":"ListItem","position":2,"name":"Entreprendre"}]},{"@type":"WebSite","@id":"https:\/\/www.reseau-entreprendre.org\/dakar\/#website","url":"https:\/\/www.reseau-entreprendre.org\/dakar\/","name":"R\u00e9seau Entreprendre Dakar","description":"Pour cr\u00e9er des emplois, cr\u00e9ons des employeurs!","publisher":{"@id":"https:\/\/www.reseau-entreprendre.org\/dakar\/#organization"},"potentialAction":[{"@type":"SearchAction","target":{"@type":"EntryPoint","urlTemplate":"https:\/\/www.reseau-entreprendre.org\/dakar\/?s={search_term_string}"},"query-input":{"@type":"PropertyValueSpecification","valueRequired":true,"valueName":"search_term_string"}}],"inLanguage":"fr-FR"},{"@type":"Organization","@id":"https:\/\/www.reseau-entreprendre.org\/dakar\/#organization","name":"R\u00e9seau Entreprendre Dakar","url":"https:\/\/www.reseau-entreprendre.org\/dakar\/","logo":{"@type":"ImageObject","inLanguage":"fr-FR","@id":"https:\/\/www.reseau-entreprendre.org\/dakar\/#\/schema\/logo\/image\/","url":"https:\/\/www.reseau-entreprendre.org\/dakar\/wp-content\/uploads\/sites\/60\/2021\/03\/Logo-RED.png","contentUrl":"https:\/\/www.reseau-entreprendre.org\/dakar\/wp-content\/uploads\/sites\/60\/2021\/03\/Logo-RED.png","width":178,"height":178,"caption":"R\u00e9seau Entreprendre Dakar"},"image":{"@id":"https:\/\/www.reseau-entreprendre.org\/dakar\/#\/schema\/logo\/image\/"},"sameAs":["https:\/\/www.facebook.com\/ReseauEntreprendreDakar\/","https:\/\/x.com\/RE_Dakar","https:\/\/www.linkedin.com\/in\/reseau-entreprendre-dakar-305aa414b"]}]}},"_links":{"self":[{"href":"https:\/\/www.reseau-entreprendre.org\/dakar\/wp-json\/wp\/v2\/pages\/13","targetHints":{"allow":["GET"]}}],"collection":[{"href":"https:\/\/www.reseau-entreprendre.org\/dakar\/wp-json\/wp\/v2\/pages"}],"about":[{"href":"https:\/\/www.reseau-entreprendre.org\/dakar\/wp-json\/wp\/v2\/types\/page"}],"author":[{"embeddable":true,"href":"https:\/\/www.reseau-entreprendre.org\/dakar\/wp-json\/wp\/v2\/users\/96"}],"replies":[{"embeddable":true,"href":"https:\/\/www.reseau-entreprendre.org\/dakar\/wp-json\/wp\/v2\/comments?post=13"}],"version-history":[{"count":0,"href":"https:\/\/www.reseau-entreprendre.org\/dakar\/wp-json\/wp\/v2\/pages\/13\/revisions"}],"wp:attachment":[{"href":"https:\/\/www.reseau-entreprendre.org\/dakar\/wp-json\/wp\/v2\/media?parent=13"}],"curies":[{"name":"wp","href":"https:\/\/api.w.org\/{rel}","templated":true}]}}