{"id":17,"date":"2017-04-28T12:34:01","date_gmt":"2017-04-28T10:34:01","guid":{"rendered":"http:\/\/re-dev-entreprendre.fr\/dakar\/?page_id=17"},"modified":"2021-10-19T10:46:50","modified_gmt":"2021-10-19T08:46:50","slug":"soutenir","status":"publish","type":"page","link":"https:\/\/www.reseau-entreprendre.org\/dakar\/soutenir\/","title":{"rendered":"Soutenir"},"content":{"rendered":"\n<h3 class=\"wp-block-heading\">Pourquoi devenir partenaire r\u00e9gional de R\u00e9seau Entreprendre Dakar ?<\/h3>\n\n\n\n<p>Etre partenaire de R\u00e9seau Entreprendre DAKAR c\u2019est l\u2019invitation \u00e0 nos \u00e9v\u00e9nements tout au long de l\u2019ann\u00e9e : les F\u00eates des laur\u00e9ats, les Conviviales ou encore les Clubs et Comit\u00e9s. C\u2019est aussi la possibilit\u00e9 d\u2019intervenir lors de r\u00e9unions ou d&#8217;\u00e9v\u00e9nements et ainsi de vous sensibiliser \u00e0 la vie associative.<\/p>\n\n\n\n<p>La diffusion des supports de communication est \u00e9largie. Elle touche aussi bien les membres, les laur\u00e9ats, les partenaires que l\u2019ensemble des acteurs \u00e9conomiques locaux et r\u00e9gionaux. Et ce par le biais de l\u2019Annuaire, de la Newsletter ou encore des retours de presse.<\/p>\n\n\n\n<p>L\u2019id\u00e9e de partenariat est de vous donner une visibilit\u00e9 globale de nos actions de communication mais \u00e9galement de vous donner l\u2019opportunit\u00e9 de para\u00eetre dans nos diff\u00e9rents supports (comme votre logo visible sur des Articles de fonds sur le site internet ou encore sur des plaquettes, salons ou autres&#8230;).Soyez visibles sur nos \u00e9v\u00e9nements et sur nos supports et, produisez ainsi des contenus de fonds pour valoriser vos actions.<\/p>\n\n\n\n<p>Soyez visibles sur nos \u00e9v\u00e9nements et sur nos supports et, produisez ainsi des contenus de fonds pour valoriser vos actions.<\/p>\n","protected":false},"excerpt":{"rendered":"<p>Pourquoi devenir partenaire r\u00e9gional de R\u00e9seau Entreprendre Dakar ? Etre<\/p>\n","protected":false},"author":1,"featured_media":0,"parent":0,"menu_order":0,"comment_status":"closed","ping_status":"closed","template":"","meta":{"_acf_changed":false,"_monsterinsights_skip_tracking":false,"_monsterinsights_sitenote_active":false,"_monsterinsights_sitenote_note":"","_monsterinsights_sitenote_category":0,"footnotes":""},"class_list":["post-17","page","type-page","status-publish","hentry"],"acf":[],"yoast_head":"<!-- This site is optimized with the Yoast SEO plugin v27.4 - https:\/\/yoast.com\/product\/yoast-seo-wordpress\/ -->\n<title>Soutenir | Reseau Entreprendre Dakar<\/title>\n<meta name=\"description\" content=\"Partenaire, vous souhaitez soutenir un r\u00e9seau 100% chefs d&#039;entreprise ? Rejoignez R\u00e9seau Entreprendre Dakar\" \/>\n<meta name=\"robots\" content=\"index, follow, max-snippet:-1, max-image-preview:large, max-video-preview:-1\" \/>\n<link rel=\"canonical\" href=\"https:\/\/www.reseau-entreprendre.org\/dakar\/soutenir\/\" \/>\n<meta property=\"og:locale\" content=\"fr_FR\" \/>\n<meta property=\"og:type\" content=\"article\" \/>\n<meta property=\"og:title\" content=\"Soutenir | Reseau Entreprendre Dakar\" \/>\n<meta property=\"og:description\" content=\"Partenaire, vous souhaitez soutenir un r\u00e9seau 100% chefs d&#039;entreprise ? Rejoignez R\u00e9seau Entreprendre Dakar\" \/>\n<meta property=\"og:url\" content=\"https:\/\/www.reseau-entreprendre.org\/dakar\/soutenir\/\" \/>\n<meta property=\"og:site_name\" content=\"R\u00e9seau Entreprendre Dakar\" \/>\n<meta property=\"article:publisher\" content=\"https:\/\/www.facebook.com\/ReseauEntreprendreDakar\/\" \/>\n<meta property=\"article:modified_time\" content=\"2021-10-19T08:46:50+00:00\" \/>\n<meta name=\"twitter:card\" content=\"summary_large_image\" \/>\n<meta name=\"twitter:site\" content=\"@RE_Dakar\" \/>\n<meta name=\"twitter:label1\" content=\"Dur\u00e9e de lecture estim\u00e9e\" \/>\n\t<meta name=\"twitter:data1\" content=\"1 minute\" \/>\n<script type=\"application\/ld+json\" class=\"yoast-schema-graph\">{\"@context\":\"https:\\\/\\\/schema.org\",\"@graph\":[{\"@type\":\"WebPage\",\"@id\":\"https:\\\/\\\/www.reseau-entreprendre.org\\\/dakar\\\/soutenir\\\/\",\"url\":\"https:\\\/\\\/www.reseau-entreprendre.org\\\/dakar\\\/soutenir\\\/\",\"name\":\"Soutenir | Reseau Entreprendre Dakar\",\"isPartOf\":{\"@id\":\"https:\\\/\\\/www.reseau-entreprendre.org\\\/dakar\\\/#website\"},\"datePublished\":\"2017-04-28T10:34:01+00:00\",\"dateModified\":\"2021-10-19T08:46:50+00:00\",\"description\":\"Partenaire, vous souhaitez soutenir un r\u00e9seau 100% chefs d'entreprise ? Rejoignez R\u00e9seau Entreprendre Dakar\",\"breadcrumb\":{\"@id\":\"https:\\\/\\\/www.reseau-entreprendre.org\\\/dakar\\\/soutenir\\\/#breadcrumb\"},\"inLanguage\":\"fr-FR\",\"potentialAction\":[{\"@type\":\"ReadAction\",\"target\":[\"https:\\\/\\\/www.reseau-entreprendre.org\\\/dakar\\\/soutenir\\\/\"]}]},{\"@type\":\"BreadcrumbList\",\"@id\":\"https:\\\/\\\/www.reseau-entreprendre.org\\\/dakar\\\/soutenir\\\/#breadcrumb\",\"itemListElement\":[{\"@type\":\"ListItem\",\"position\":1,\"name\":\"Accueil\",\"item\":\"https:\\\/\\\/www.reseau-entreprendre.org\\\/dakar\\\/\"},{\"@type\":\"ListItem\",\"position\":2,\"name\":\"Soutenir\"}]},{\"@type\":\"WebSite\",\"@id\":\"https:\\\/\\\/www.reseau-entreprendre.org\\\/dakar\\\/#website\",\"url\":\"https:\\\/\\\/www.reseau-entreprendre.org\\\/dakar\\\/\",\"name\":\"R\u00e9seau Entreprendre Dakar\",\"description\":\"Pour cr\u00e9er des emplois, cr\u00e9ons des employeurs!\",\"publisher\":{\"@id\":\"https:\\\/\\\/www.reseau-entreprendre.org\\\/dakar\\\/#organization\"},\"potentialAction\":[{\"@type\":\"SearchAction\",\"target\":{\"@type\":\"EntryPoint\",\"urlTemplate\":\"https:\\\/\\\/www.reseau-entreprendre.org\\\/dakar\\\/?s={search_term_string}\"},\"query-input\":{\"@type\":\"PropertyValueSpecification\",\"valueRequired\":true,\"valueName\":\"search_term_string\"}}],\"inLanguage\":\"fr-FR\"},{\"@type\":\"Organization\",\"@id\":\"https:\\\/\\\/www.reseau-entreprendre.org\\\/dakar\\\/#organization\",\"name\":\"R\u00e9seau Entreprendre Dakar\",\"url\":\"https:\\\/\\\/www.reseau-entreprendre.org\\\/dakar\\\/\",\"logo\":{\"@type\":\"ImageObject\",\"inLanguage\":\"fr-FR\",\"@id\":\"https:\\\/\\\/www.reseau-entreprendre.org\\\/dakar\\\/#\\\/schema\\\/logo\\\/image\\\/\",\"url\":\"https:\\\/\\\/www.reseau-entreprendre.org\\\/dakar\\\/wp-content\\\/uploads\\\/sites\\\/60\\\/2021\\\/03\\\/Logo-RED.png\",\"contentUrl\":\"https:\\\/\\\/www.reseau-entreprendre.org\\\/dakar\\\/wp-content\\\/uploads\\\/sites\\\/60\\\/2021\\\/03\\\/Logo-RED.png\",\"width\":178,\"height\":178,\"caption\":\"R\u00e9seau Entreprendre Dakar\"},\"image\":{\"@id\":\"https:\\\/\\\/www.reseau-entreprendre.org\\\/dakar\\\/#\\\/schema\\\/logo\\\/image\\\/\"},\"sameAs\":[\"https:\\\/\\\/www.facebook.com\\\/ReseauEntreprendreDakar\\\/\",\"https:\\\/\\\/x.com\\\/RE_Dakar\",\"https:\\\/\\\/www.linkedin.com\\\/in\\\/reseau-entreprendre-dakar-305aa414b\"]}]}<\/script>\n<!-- \/ Yoast SEO plugin. -->","yoast_head_json":{"title":"Soutenir | Reseau Entreprendre Dakar","description":"Partenaire, vous souhaitez soutenir un r\u00e9seau 100% chefs d'entreprise ? Rejoignez R\u00e9seau Entreprendre Dakar","robots":{"index":"index","follow":"follow","max-snippet":"max-snippet:-1","max-image-preview":"max-image-preview:large","max-video-preview":"max-video-preview:-1"},"canonical":"https:\/\/www.reseau-entreprendre.org\/dakar\/soutenir\/","og_locale":"fr_FR","og_type":"article","og_title":"Soutenir | Reseau Entreprendre Dakar","og_description":"Partenaire, vous souhaitez soutenir un r\u00e9seau 100% chefs d'entreprise ? Rejoignez R\u00e9seau Entreprendre Dakar","og_url":"https:\/\/www.reseau-entreprendre.org\/dakar\/soutenir\/","og_site_name":"R\u00e9seau Entreprendre Dakar","article_publisher":"https:\/\/www.facebook.com\/ReseauEntreprendreDakar\/","article_modified_time":"2021-10-19T08:46:50+00:00","twitter_card":"summary_large_image","twitter_site":"@RE_Dakar","twitter_misc":{"Dur\u00e9e de lecture estim\u00e9e":"1 minute"},"schema":{"@context":"https:\/\/schema.org","@graph":[{"@type":"WebPage","@id":"https:\/\/www.reseau-entreprendre.org\/dakar\/soutenir\/","url":"https:\/\/www.reseau-entreprendre.org\/dakar\/soutenir\/","name":"Soutenir | Reseau Entreprendre Dakar","isPartOf":{"@id":"https:\/\/www.reseau-entreprendre.org\/dakar\/#website"},"datePublished":"2017-04-28T10:34:01+00:00","dateModified":"2021-10-19T08:46:50+00:00","description":"Partenaire, vous souhaitez soutenir un r\u00e9seau 100% chefs d'entreprise ? Rejoignez R\u00e9seau Entreprendre Dakar","breadcrumb":{"@id":"https:\/\/www.reseau-entreprendre.org\/dakar\/soutenir\/#breadcrumb"},"inLanguage":"fr-FR","potentialAction":[{"@type":"ReadAction","target":["https:\/\/www.reseau-entreprendre.org\/dakar\/soutenir\/"]}]},{"@type":"BreadcrumbList","@id":"https:\/\/www.reseau-entreprendre.org\/dakar\/soutenir\/#breadcrumb","itemListElement":[{"@type":"ListItem","position":1,"name":"Accueil","item":"https:\/\/www.reseau-entreprendre.org\/dakar\/"},{"@type":"ListItem","position":2,"name":"Soutenir"}]},{"@type":"WebSite","@id":"https:\/\/www.reseau-entreprendre.org\/dakar\/#website","url":"https:\/\/www.reseau-entreprendre.org\/dakar\/","name":"R\u00e9seau Entreprendre Dakar","description":"Pour cr\u00e9er des emplois, cr\u00e9ons des employeurs!","publisher":{"@id":"https:\/\/www.reseau-entreprendre.org\/dakar\/#organization"},"potentialAction":[{"@type":"SearchAction","target":{"@type":"EntryPoint","urlTemplate":"https:\/\/www.reseau-entreprendre.org\/dakar\/?s={search_term_string}"},"query-input":{"@type":"PropertyValueSpecification","valueRequired":true,"valueName":"search_term_string"}}],"inLanguage":"fr-FR"},{"@type":"Organization","@id":"https:\/\/www.reseau-entreprendre.org\/dakar\/#organization","name":"R\u00e9seau Entreprendre Dakar","url":"https:\/\/www.reseau-entreprendre.org\/dakar\/","logo":{"@type":"ImageObject","inLanguage":"fr-FR","@id":"https:\/\/www.reseau-entreprendre.org\/dakar\/#\/schema\/logo\/image\/","url":"https:\/\/www.reseau-entreprendre.org\/dakar\/wp-content\/uploads\/sites\/60\/2021\/03\/Logo-RED.png","contentUrl":"https:\/\/www.reseau-entreprendre.org\/dakar\/wp-content\/uploads\/sites\/60\/2021\/03\/Logo-RED.png","width":178,"height":178,"caption":"R\u00e9seau Entreprendre Dakar"},"image":{"@id":"https:\/\/www.reseau-entreprendre.org\/dakar\/#\/schema\/logo\/image\/"},"sameAs":["https:\/\/www.facebook.com\/ReseauEntreprendreDakar\/","https:\/\/x.com\/RE_Dakar","https:\/\/www.linkedin.com\/in\/reseau-entreprendre-dakar-305aa414b"]}]}},"_links":{"self":[{"href":"https:\/\/www.reseau-entreprendre.org\/dakar\/wp-json\/wp\/v2\/pages\/17","targetHints":{"allow":["GET"]}}],"collection":[{"href":"https:\/\/www.reseau-entreprendre.org\/dakar\/wp-json\/wp\/v2\/pages"}],"about":[{"href":"https:\/\/www.reseau-entreprendre.org\/dakar\/wp-json\/wp\/v2\/types\/page"}],"author":[{"embeddable":true,"href":"https:\/\/www.reseau-entreprendre.org\/dakar\/wp-json\/wp\/v2\/users\/1"}],"replies":[{"embeddable":true,"href":"https:\/\/www.reseau-entreprendre.org\/dakar\/wp-json\/wp\/v2\/comments?post=17"}],"version-history":[{"count":0,"href":"https:\/\/www.reseau-entreprendre.org\/dakar\/wp-json\/wp\/v2\/pages\/17\/revisions"}],"wp:attachment":[{"href":"https:\/\/www.reseau-entreprendre.org\/dakar\/wp-json\/wp\/v2\/media?parent=17"}],"curies":[{"name":"wp","href":"https:\/\/api.w.org\/{rel}","templated":true}]}}