{"id":92,"date":"2017-06-12T12:28:14","date_gmt":"2017-06-12T10:28:14","guid":{"rendered":"http:\/\/re-dev-entreprendre.fr\/dakar\/?page_id=92"},"modified":"2023-03-07T20:12:56","modified_gmt":"2023-03-07T19:12:56","slug":"ils-temoignent","status":"publish","type":"page","link":"https:\/\/www.reseau-entreprendre.org\/dakar\/ils-temoignent\/","title":{"rendered":"Ils t\u00e9moignent"},"content":{"rendered":"\n<h2 class=\"wp-block-heading\">Success stories et t\u00e9moignages<\/h2>\n\n\n\n<p class=\"has-text-align-left\">Connaissez-vous le&nbsp;<a href=\"https:\/\/www.linkedin.com\/feed\/hashtag\/?keywords=s%C3%A9n%C3%A9gal&amp;highlightedUpdateUrns=urn%3Ali%3Aactivity%3A7026219673130041344\">#S\u00e9n\u00e9gal<\/a>&nbsp;? Savez-vous qu&#8217;il est le premier pays producteur de sel d&#8217;Afrique de l&#8217;Ouest ?<br>Cet or blanc, comme certaines l&#8217;appellent, est produit par l&#8217;une de nos laur\u00e9ates de R\u00e9seau Entreprendre Dakar.<br>Portait de Awa SARR RIVET, fondatrice et dirigeante du Comptoir du sel.<br>Pour cette&nbsp;<a href=\"https:\/\/www.linkedin.com\/feed\/hashtag\/?keywords=entrepreneuse&amp;highlightedUpdateUrns=urn%3Ali%3Aactivity%3A7026219673130041344\">#entrepreneuse<\/a>, qui \u0153uvre au d\u00e9veloppement \u00e9conomique de sa r\u00e9gion natale de&nbsp;<a href=\"https:\/\/www.linkedin.com\/feed\/hashtag\/?keywords=kaolack&amp;highlightedUpdateUrns=urn%3Ali%3Aactivity%3A7026219673130041344\">#Kaolack<\/a>, la production s\u00e9n\u00e9galaise pourrait \u00eatre encore plus importante. Elle d\u00e9fend la formation des professionnels du sel, convaincue que cette fili\u00e8re est g\u00e9n\u00e9ratrice d&#8217;emplois. <\/p>\n\n\n\n<p class=\"has-text-align-left\">Un merci sinc\u00e8re, particulier, sp\u00e9cial, immense, chaleureux, authentique, gigantesque, \u00e9norme, colossal\u2026bref, merci\u2026tout simplement pour cette mise en lumi\u00e8re et d\u2019avoir cru \u00e0 ce projet avec le programme booster et aujourd\u2019hui le fonds Anber <a href=\"https:\/\/www.linkedin.com\/feed\/hashtag\/?keywords=reseauentreprendre&amp;highlightedUpdateUrns=urn%3Ali%3Aactivity%3A7026219673130041344\">#reseauentreprendre<\/a>.org&nbsp;<a href=\"https:\/\/www.linkedin.com\/feed\/hashtag\/?keywords=reseauentreprendredakar&amp;highlightedUpdateUrns=urn%3Ali%3Aactivity%3A7026219673130041344\">#reseauentreprendredakar<\/a><br>Ndeye Marieme FALL MANE Fatimata Kane<br>R\u00e9seau Entreprendre R\u00e9seau Entreprendre Dakar<\/p>\n\n\n\n<p><\/p>\n\n\n\n<p><\/p>\n","protected":false},"excerpt":{"rendered":"<p>Success stories et t\u00e9moignages Connaissez-vous le&nbsp;#S\u00e9n\u00e9gal&nbsp;? Savez-vous qu&#8217;il est le<\/p>\n","protected":false},"author":1,"featured_media":0,"parent":0,"menu_order":0,"comment_status":"closed","ping_status":"closed","template":"views\/testimonials.blade.php","meta":{"_acf_changed":false,"_monsterinsights_skip_tracking":false,"_monsterinsights_sitenote_active":false,"_monsterinsights_sitenote_note":"","_monsterinsights_sitenote_category":0,"footnotes":""},"class_list":["post-92","page","type-page","status-publish","hentry"],"acf":[],"yoast_head":"<!-- This site is optimized with the Yoast SEO plugin v27.4 - https:\/\/yoast.com\/product\/yoast-seo-wordpress\/ -->\n<title>Notre communaut\u00e9 | Reseau Entreprendre Dakar<\/title>\n<meta name=\"description\" content=\"D\u00e9couvrez les chefs d&#039;entreprises, laur\u00e9ats, membres b\u00e9n\u00e9voles et partenaires qui composent la communaut\u00e9 R\u00e9seau Entreprendre Dakar\" \/>\n<meta name=\"robots\" content=\"index, follow, max-snippet:-1, max-image-preview:large, max-video-preview:-1\" \/>\n<link rel=\"canonical\" href=\"https:\/\/www.reseau-entreprendre.org\/dakar\/ils-temoignent\/\" \/>\n<meta property=\"og:locale\" content=\"fr_FR\" \/>\n<meta property=\"og:type\" content=\"article\" \/>\n<meta property=\"og:title\" content=\"Notre communaut\u00e9 | Reseau Entreprendre Dakar\" \/>\n<meta property=\"og:description\" content=\"D\u00e9couvrez les chefs d&#039;entreprises, laur\u00e9ats, membres b\u00e9n\u00e9voles et partenaires qui composent la communaut\u00e9 R\u00e9seau Entreprendre Dakar\" \/>\n<meta property=\"og:url\" content=\"https:\/\/www.reseau-entreprendre.org\/dakar\/ils-temoignent\/\" \/>\n<meta property=\"og:site_name\" content=\"R\u00e9seau Entreprendre Dakar\" \/>\n<meta property=\"article:publisher\" content=\"https:\/\/www.facebook.com\/ReseauEntreprendreDakar\/\" \/>\n<meta property=\"article:modified_time\" content=\"2023-03-07T19:12:56+00:00\" \/>\n<meta name=\"twitter:card\" content=\"summary_large_image\" \/>\n<meta name=\"twitter:site\" content=\"@RE_Dakar\" \/>\n<meta name=\"twitter:label1\" content=\"Dur\u00e9e de lecture estim\u00e9e\" \/>\n\t<meta name=\"twitter:data1\" content=\"1 minute\" \/>\n<script type=\"application\/ld+json\" class=\"yoast-schema-graph\">{\"@context\":\"https:\\\/\\\/schema.org\",\"@graph\":[{\"@type\":\"WebPage\",\"@id\":\"https:\\\/\\\/www.reseau-entreprendre.org\\\/dakar\\\/ils-temoignent\\\/\",\"url\":\"https:\\\/\\\/www.reseau-entreprendre.org\\\/dakar\\\/ils-temoignent\\\/\",\"name\":\"Notre communaut\u00e9 | Reseau Entreprendre Dakar\",\"isPartOf\":{\"@id\":\"https:\\\/\\\/www.reseau-entreprendre.org\\\/dakar\\\/#website\"},\"datePublished\":\"2017-06-12T10:28:14+00:00\",\"dateModified\":\"2023-03-07T19:12:56+00:00\",\"description\":\"D\u00e9couvrez les chefs d'entreprises, laur\u00e9ats, membres b\u00e9n\u00e9voles et partenaires qui composent la communaut\u00e9 R\u00e9seau Entreprendre Dakar\",\"breadcrumb\":{\"@id\":\"https:\\\/\\\/www.reseau-entreprendre.org\\\/dakar\\\/ils-temoignent\\\/#breadcrumb\"},\"inLanguage\":\"fr-FR\",\"potentialAction\":[{\"@type\":\"ReadAction\",\"target\":[\"https:\\\/\\\/www.reseau-entreprendre.org\\\/dakar\\\/ils-temoignent\\\/\"]}]},{\"@type\":\"BreadcrumbList\",\"@id\":\"https:\\\/\\\/www.reseau-entreprendre.org\\\/dakar\\\/ils-temoignent\\\/#breadcrumb\",\"itemListElement\":[{\"@type\":\"ListItem\",\"position\":1,\"name\":\"Accueil\",\"item\":\"https:\\\/\\\/www.reseau-entreprendre.org\\\/dakar\\\/\"},{\"@type\":\"ListItem\",\"position\":2,\"name\":\"Ils t\u00e9moignent\"}]},{\"@type\":\"WebSite\",\"@id\":\"https:\\\/\\\/www.reseau-entreprendre.org\\\/dakar\\\/#website\",\"url\":\"https:\\\/\\\/www.reseau-entreprendre.org\\\/dakar\\\/\",\"name\":\"R\u00e9seau Entreprendre Dakar\",\"description\":\"Pour cr\u00e9er des emplois, cr\u00e9ons des employeurs!\",\"publisher\":{\"@id\":\"https:\\\/\\\/www.reseau-entreprendre.org\\\/dakar\\\/#organization\"},\"potentialAction\":[{\"@type\":\"SearchAction\",\"target\":{\"@type\":\"EntryPoint\",\"urlTemplate\":\"https:\\\/\\\/www.reseau-entreprendre.org\\\/dakar\\\/?s={search_term_string}\"},\"query-input\":{\"@type\":\"PropertyValueSpecification\",\"valueRequired\":true,\"valueName\":\"search_term_string\"}}],\"inLanguage\":\"fr-FR\"},{\"@type\":\"Organization\",\"@id\":\"https:\\\/\\\/www.reseau-entreprendre.org\\\/dakar\\\/#organization\",\"name\":\"R\u00e9seau Entreprendre Dakar\",\"url\":\"https:\\\/\\\/www.reseau-entreprendre.org\\\/dakar\\\/\",\"logo\":{\"@type\":\"ImageObject\",\"inLanguage\":\"fr-FR\",\"@id\":\"https:\\\/\\\/www.reseau-entreprendre.org\\\/dakar\\\/#\\\/schema\\\/logo\\\/image\\\/\",\"url\":\"https:\\\/\\\/www.reseau-entreprendre.org\\\/dakar\\\/wp-content\\\/uploads\\\/sites\\\/60\\\/2021\\\/03\\\/Logo-RED.png\",\"contentUrl\":\"https:\\\/\\\/www.reseau-entreprendre.org\\\/dakar\\\/wp-content\\\/uploads\\\/sites\\\/60\\\/2021\\\/03\\\/Logo-RED.png\",\"width\":178,\"height\":178,\"caption\":\"R\u00e9seau Entreprendre Dakar\"},\"image\":{\"@id\":\"https:\\\/\\\/www.reseau-entreprendre.org\\\/dakar\\\/#\\\/schema\\\/logo\\\/image\\\/\"},\"sameAs\":[\"https:\\\/\\\/www.facebook.com\\\/ReseauEntreprendreDakar\\\/\",\"https:\\\/\\\/x.com\\\/RE_Dakar\",\"https:\\\/\\\/www.linkedin.com\\\/in\\\/reseau-entreprendre-dakar-305aa414b\"]}]}<\/script>\n<!-- \/ Yoast SEO plugin. -->","yoast_head_json":{"title":"Notre communaut\u00e9 | Reseau Entreprendre Dakar","description":"D\u00e9couvrez les chefs d'entreprises, laur\u00e9ats, membres b\u00e9n\u00e9voles et partenaires qui composent la communaut\u00e9 R\u00e9seau Entreprendre Dakar","robots":{"index":"index","follow":"follow","max-snippet":"max-snippet:-1","max-image-preview":"max-image-preview:large","max-video-preview":"max-video-preview:-1"},"canonical":"https:\/\/www.reseau-entreprendre.org\/dakar\/ils-temoignent\/","og_locale":"fr_FR","og_type":"article","og_title":"Notre communaut\u00e9 | Reseau Entreprendre Dakar","og_description":"D\u00e9couvrez les chefs d'entreprises, laur\u00e9ats, membres b\u00e9n\u00e9voles et partenaires qui composent la communaut\u00e9 R\u00e9seau Entreprendre Dakar","og_url":"https:\/\/www.reseau-entreprendre.org\/dakar\/ils-temoignent\/","og_site_name":"R\u00e9seau Entreprendre Dakar","article_publisher":"https:\/\/www.facebook.com\/ReseauEntreprendreDakar\/","article_modified_time":"2023-03-07T19:12:56+00:00","twitter_card":"summary_large_image","twitter_site":"@RE_Dakar","twitter_misc":{"Dur\u00e9e de lecture estim\u00e9e":"1 minute"},"schema":{"@context":"https:\/\/schema.org","@graph":[{"@type":"WebPage","@id":"https:\/\/www.reseau-entreprendre.org\/dakar\/ils-temoignent\/","url":"https:\/\/www.reseau-entreprendre.org\/dakar\/ils-temoignent\/","name":"Notre communaut\u00e9 | Reseau Entreprendre Dakar","isPartOf":{"@id":"https:\/\/www.reseau-entreprendre.org\/dakar\/#website"},"datePublished":"2017-06-12T10:28:14+00:00","dateModified":"2023-03-07T19:12:56+00:00","description":"D\u00e9couvrez les chefs d'entreprises, laur\u00e9ats, membres b\u00e9n\u00e9voles et partenaires qui composent la communaut\u00e9 R\u00e9seau Entreprendre Dakar","breadcrumb":{"@id":"https:\/\/www.reseau-entreprendre.org\/dakar\/ils-temoignent\/#breadcrumb"},"inLanguage":"fr-FR","potentialAction":[{"@type":"ReadAction","target":["https:\/\/www.reseau-entreprendre.org\/dakar\/ils-temoignent\/"]}]},{"@type":"BreadcrumbList","@id":"https:\/\/www.reseau-entreprendre.org\/dakar\/ils-temoignent\/#breadcrumb","itemListElement":[{"@type":"ListItem","position":1,"name":"Accueil","item":"https:\/\/www.reseau-entreprendre.org\/dakar\/"},{"@type":"ListItem","position":2,"name":"Ils t\u00e9moignent"}]},{"@type":"WebSite","@id":"https:\/\/www.reseau-entreprendre.org\/dakar\/#website","url":"https:\/\/www.reseau-entreprendre.org\/dakar\/","name":"R\u00e9seau Entreprendre Dakar","description":"Pour cr\u00e9er des emplois, cr\u00e9ons des employeurs!","publisher":{"@id":"https:\/\/www.reseau-entreprendre.org\/dakar\/#organization"},"potentialAction":[{"@type":"SearchAction","target":{"@type":"EntryPoint","urlTemplate":"https:\/\/www.reseau-entreprendre.org\/dakar\/?s={search_term_string}"},"query-input":{"@type":"PropertyValueSpecification","valueRequired":true,"valueName":"search_term_string"}}],"inLanguage":"fr-FR"},{"@type":"Organization","@id":"https:\/\/www.reseau-entreprendre.org\/dakar\/#organization","name":"R\u00e9seau Entreprendre Dakar","url":"https:\/\/www.reseau-entreprendre.org\/dakar\/","logo":{"@type":"ImageObject","inLanguage":"fr-FR","@id":"https:\/\/www.reseau-entreprendre.org\/dakar\/#\/schema\/logo\/image\/","url":"https:\/\/www.reseau-entreprendre.org\/dakar\/wp-content\/uploads\/sites\/60\/2021\/03\/Logo-RED.png","contentUrl":"https:\/\/www.reseau-entreprendre.org\/dakar\/wp-content\/uploads\/sites\/60\/2021\/03\/Logo-RED.png","width":178,"height":178,"caption":"R\u00e9seau Entreprendre Dakar"},"image":{"@id":"https:\/\/www.reseau-entreprendre.org\/dakar\/#\/schema\/logo\/image\/"},"sameAs":["https:\/\/www.facebook.com\/ReseauEntreprendreDakar\/","https:\/\/x.com\/RE_Dakar","https:\/\/www.linkedin.com\/in\/reseau-entreprendre-dakar-305aa414b"]}]}},"_links":{"self":[{"href":"https:\/\/www.reseau-entreprendre.org\/dakar\/wp-json\/wp\/v2\/pages\/92","targetHints":{"allow":["GET"]}}],"collection":[{"href":"https:\/\/www.reseau-entreprendre.org\/dakar\/wp-json\/wp\/v2\/pages"}],"about":[{"href":"https:\/\/www.reseau-entreprendre.org\/dakar\/wp-json\/wp\/v2\/types\/page"}],"author":[{"embeddable":true,"href":"https:\/\/www.reseau-entreprendre.org\/dakar\/wp-json\/wp\/v2\/users\/1"}],"replies":[{"embeddable":true,"href":"https:\/\/www.reseau-entreprendre.org\/dakar\/wp-json\/wp\/v2\/comments?post=92"}],"version-history":[{"count":0,"href":"https:\/\/www.reseau-entreprendre.org\/dakar\/wp-json\/wp\/v2\/pages\/92\/revisions"}],"wp:attachment":[{"href":"https:\/\/www.reseau-entreprendre.org\/dakar\/wp-json\/wp\/v2\/media?parent=92"}],"curies":[{"name":"wp","href":"https:\/\/api.w.org\/{rel}","templated":true}]}}