{"id":11,"date":"2017-04-28T12:33:20","date_gmt":"2017-04-28T10:33:20","guid":{"rendered":"https:\/\/www.reseau-entreprendre.org\/drome-ardeche\/?page_id=11"},"modified":"2026-02-17T10:48:58","modified_gmt":"2026-02-17T09:48:58","slug":"qui-sommes-nous","status":"publish","type":"page","link":"https:\/\/www.reseau-entreprendre.org\/drome-ardeche\/qui-sommes-nous\/","title":{"rendered":"Qui sommes-nous"},"content":{"rendered":"\n<h1 class=\"wp-block-heading\"><span style=\"font-size: 36px\"><strong><span style=\"color: #268597\">Qui sommes-nous<\/span><\/strong><\/span><\/h1>\n\n\n\n<p><strong><span style=\"color: #268597\">R\u00e9seau Entreprendre<\/span><\/strong>, reconnu d\u2019utilit\u00e9 publique, est un acteur majeur de <strong>la cr\u00e9ation d\u2019emplois <\/strong>et de <strong>richesses dans les territoires<\/strong>.<\/p>\n\n\n\n<p>L\u2019histoire de R\u00e9seau Entreprendre d\u00e9bute en 1986 lorsqu\u2019Andr\u00e9 Mulliez, industriel du Nord de la France confront\u00e9 \u00e0 des licenciements massifs dans son entreprise Phildar, lance cette maxime visionnaire et pleine de bon sens :<\/p>\n\n\n\n<p class=\"has-text-align-left\">Son id\u00e9e : faire r\u00e9ussir des entrepreneurs \u00e0 potentiel de cr\u00e9ation d\u2019emplois en leur transmettant le savoir-\u00eatre et l\u2019exp\u00e9rience de chefs d\u2019entreprise en activit\u00e9, au travers d\u2019\u00e9changes de pairs \u00e0 pairs.<\/p>\n\n\n\n<p class=\"has-text-align-center\"><span style=\"font-size: 21px\">Le concept d\u2019<span style=\"color: #268597\"><strong>accompagnement entrepreneurial<\/strong><\/span> \u00e9tait n\u00e9 !<\/span><\/p>\n\n\n\n<p class=\"has-re-blue-color has-text-color has-link-color has-medium-font-size wp-elements-5db9f31060b3cbba17e585195d942621\"><strong><span style=\"font-size: 21px;color: #000000\">Nos valeurs Fondatrices<\/span><\/strong><\/p>\n\n\n\n<p>L\u2019important, c\u2019est la <strong><span style=\"color: #268597;font-size: 18px\">PERSONNE<\/span><\/strong><\/p>\n\n\n\n<p>Avant la qualit\u00e9 du projet qu\u2019elle porte, c\u2019est la personne m\u00eame, son potentiel \u00e0 devenir entrepreneur, qui mobilise le soutien des chefs d\u2019entreprise<\/p>\n\n\n\n<p>Le principe, la<strong><span style=\"color: #d70635;font-size: 18px\"> GRATUITE<\/span><\/strong><\/p>\n\n\n\n<p>L\u2019accompagnement humain et financier est offert aux cr\u00e9ateurs, repreneurs et d\u00e9veloppeurs afin que toutes leurs ressources contribuent \u00e0 la r\u00e9ussite de leur projet. Les chefs d\u2019entreprise qui les accompagnent le font dans un esprit de gratuit\u00e9 et de citoyennet\u00e9 \u00e9conomique<\/p>\n\n\n\n<p>L\u2019esprit, la <strong><span style=\"color: #ff971d;font-size: 18px\">RECIPROCITE<\/span><\/strong><\/p>\n\n\n\n<p>Les laur\u00e9ats sont invit\u00e9s \u00e0 rendre demain \u00e0 d\u2019autres, ce qu\u2019ils re\u00e7oivent aujourd\u2019hui, devenant le maillon d\u2019une cha\u00eene d\u2019entraide entre chefs d\u2019entreprise<\/p>\n\n\n\n<p><em>Qui mieux qu\u2019un chef d\u2019entreprise pour accompagner un nouvel entrepreneur ?<\/em><\/p>\n\n\n\n<p>R\u00e9seau Entreprendre Dr\u00f4me Ard\u00e8che est une association de plus de <strong>300 chefs d\u2019entreprises<\/strong> en activit\u00e9 qui a pour vocation l\u2019<strong>accompagnement des cr\u00e9ateurs<\/strong>, repreneurs de futures PME-PMI-ETI ainsi que le <strong>d\u00e9veloppement d\u2019entreprise<\/strong> sur les territoires Ard\u00e9chois et Dr\u00f4mois.<\/p>\n\n\n<div class=\"wp-block-image\">\n<figure class=\"aligncenter\"><img loading=\"lazy\" decoding=\"async\" width=\"300\" height=\"142\" src=\"https:\/\/www.reseau-entreprendre.org\/drome-ardeche\/wp-content\/uploads\/sites\/30\/2017\/06\/REDA_QSN_1-300x142.jpg\" alt=\"\" class=\"wp-image-458\" srcset=\"https:\/\/www.reseau-entreprendre.org\/drome-ardeche\/wp-content\/uploads\/sites\/30\/2017\/06\/REDA_QSN_1-300x142.jpg 300w, https:\/\/www.reseau-entreprendre.org\/drome-ardeche\/wp-content\/uploads\/sites\/30\/2017\/06\/REDA_QSN_1.jpg 326w\" sizes=\"auto, (max-width: 300px) 100vw, 300px\" \/><\/figure>\n<\/div>\n\n\n<p class=\"has-text-align-center\"><strong>R\u00e9seau Entreprendre Dr\u00f4me Ard\u00e8che<\/strong> accompagne des cr\u00e9ateurs, repreneurs de futures PME-PMI-ETI ainsi qu\u2019au d\u00e9veloppement de ces soci\u00e9t\u00e9s, aide au financement d&#8217;un projet et met en r\u00e9seau des chefs d&#8217;entreprises.<\/p>\n\n\n\n<h2 class=\"wp-block-heading\"><span style=\"font-size: 28px\"><strong><span style=\"color: #268597\">Nos d\u00e9buts<\/span><\/strong><\/span><\/h2>\n\n\n\n<p>Tout a commenc\u00e9 le <strong>vendredi 7 D\u00e9cembre 1998<\/strong>, au si\u00e8ge de la soci\u00e9t\u00e9 <strong>LAFUMA<\/strong>, \u00e0 Anneyron.<\/p>\n\n\n\n<p>A l&#8217;<span style=\"color: #268597\">initiative<\/span> de :<\/p>\n\n\n\n<ul class=\"wp-block-list\">\n<li>M. Daniel COURBIS&nbsp;&#8211; GROUPE COURBIS<\/li>\n\n\n\n<li>M. Philippe JOFFARD &#8211; LAFUMA<\/li>\n\n\n\n<li>M. Fr\u00e9d\u00e9ric BAUBIL &#8211; REYNOLDS<\/li>\n\n\n\n<li>M. Emile MERCIER &#8211; CHARLES JOURDAN<\/li>\n\n\n\n<li>M. Jo\u00ebl ROUX \u2013 TANNERIES ROUX<\/li>\n\n\n\n<li>Et d&#8217;une quarantaine de chefs d&#8217;entreprises des deux d\u00e9partements<\/li>\n<\/ul>\n\n\n\n<h2 class=\"wp-block-heading\"><strong><span style=\"color: #268597;font-size: 28px\">Notre Communaut\u00e9<\/span><\/strong><\/h2>\n\n\n\n<p>Depuis notre <span style=\"color: #268597\">Assembl\u00e9e G\u00e9n\u00e9rale<\/span> du 19 juin 2025, notre <span style=\"color: #268597\">Conseil d\u2019Administration <span style=\"color: #000000\">a \u00e9volu\u00e9 et\u00a0<\/span><\/span>est compos\u00e9 aujourd&#8217;hui de 22 Membres :<\/p>\n\n\n\n<div class=\"wp-block-columns is-layout-flex wp-container-core-columns-is-layout-9d6595d7 wp-block-columns-is-layout-flex\">\n<div class=\"wp-block-column is-layout-flow wp-block-column-is-layout-flow\">\n<p>Le Bureau :<\/p>\n\n\n<div class=\"wp-block-image\">\n<figure class=\"alignleft size-large is-resized\"><img loading=\"lazy\" decoding=\"async\" width=\"1024\" height=\"577\" src=\"https:\/\/www.reseau-entreprendre.org\/drome-ardeche\/wp-content\/uploads\/sites\/30\/2025\/08\/Bureau-REDA-1024x577.png\" alt=\"\" class=\"wp-image-2407\" style=\"width:836px;height:auto\" srcset=\"https:\/\/www.reseau-entreprendre.org\/drome-ardeche\/wp-content\/uploads\/sites\/30\/2025\/08\/Bureau-REDA-1024x577.png 1024w, https:\/\/www.reseau-entreprendre.org\/drome-ardeche\/wp-content\/uploads\/sites\/30\/2025\/08\/Bureau-REDA-300x169.png 300w, https:\/\/www.reseau-entreprendre.org\/drome-ardeche\/wp-content\/uploads\/sites\/30\/2025\/08\/Bureau-REDA-768x433.png 768w, https:\/\/www.reseau-entreprendre.org\/drome-ardeche\/wp-content\/uploads\/sites\/30\/2025\/08\/Bureau-REDA-1536x865.png 1536w, https:\/\/www.reseau-entreprendre.org\/drome-ardeche\/wp-content\/uploads\/sites\/30\/2025\/08\/Bureau-REDA-210x118.png 210w, https:\/\/www.reseau-entreprendre.org\/drome-ardeche\/wp-content\/uploads\/sites\/30\/2025\/08\/Bureau-REDA-100x56.png 100w, https:\/\/www.reseau-entreprendre.org\/drome-ardeche\/wp-content\/uploads\/sites\/30\/2025\/08\/Bureau-REDA.png 1640w\" sizes=\"auto, (max-width: 1024px) 100vw, 1024px\" \/><\/figure>\n<\/div><\/div>\n<\/div>\n\n\n\n<p>Le Conseil d&#8217;Administration : <\/p>\n\n\n\n<figure class=\"wp-block-image size-large is-resized\"><img loading=\"lazy\" decoding=\"async\" width=\"1024\" height=\"576\" src=\"https:\/\/www.reseau-entreprendre.org\/drome-ardeche\/wp-content\/uploads\/sites\/30\/2025\/08\/Conseil-dadministration-4-1024x576.png\" alt=\"\" class=\"wp-image-2414\" style=\"width:1125px;height:auto\" srcset=\"https:\/\/www.reseau-entreprendre.org\/drome-ardeche\/wp-content\/uploads\/sites\/30\/2025\/08\/Conseil-dadministration-4-1024x576.png 1024w, https:\/\/www.reseau-entreprendre.org\/drome-ardeche\/wp-content\/uploads\/sites\/30\/2025\/08\/Conseil-dadministration-4-300x169.png 300w, https:\/\/www.reseau-entreprendre.org\/drome-ardeche\/wp-content\/uploads\/sites\/30\/2025\/08\/Conseil-dadministration-4-768x432.png 768w, https:\/\/www.reseau-entreprendre.org\/drome-ardeche\/wp-content\/uploads\/sites\/30\/2025\/08\/Conseil-dadministration-4-1536x864.png 1536w, https:\/\/www.reseau-entreprendre.org\/drome-ardeche\/wp-content\/uploads\/sites\/30\/2025\/08\/Conseil-dadministration-4-210x118.png 210w, https:\/\/www.reseau-entreprendre.org\/drome-ardeche\/wp-content\/uploads\/sites\/30\/2025\/08\/Conseil-dadministration-4-100x56.png 100w, https:\/\/www.reseau-entreprendre.org\/drome-ardeche\/wp-content\/uploads\/sites\/30\/2025\/08\/Conseil-dadministration-4.png 1920w\" sizes=\"auto, (max-width: 1024px) 100vw, 1024px\" \/><\/figure>\n\n\n\n<p>R\u00e9seau Entreprendre Dr\u00f4me Ard\u00e8che, c\u2019est \u00e9galement une \u00e9quipe&nbsp;de<span style=\"color: #268597\"> trois salari\u00e9es <\/span>et <span style=\"color: #268597\">une alternante<\/span> :<\/p>\n\n\n<div class=\"wp-block-image\">\n<figure class=\"aligncenter size-large\"><img loading=\"lazy\" decoding=\"async\" width=\"1024\" height=\"683\" src=\"https:\/\/www.reseau-entreprendre.org\/drome-ardeche\/wp-content\/uploads\/sites\/30\/2024\/12\/\u00a9Marianne-Louge-2024-241-1024x683.jpg\" alt=\"\" class=\"wp-image-2378\" srcset=\"https:\/\/www.reseau-entreprendre.org\/drome-ardeche\/wp-content\/uploads\/sites\/30\/2024\/12\/\u00a9Marianne-Louge-2024-241-1024x683.jpg 1024w, https:\/\/www.reseau-entreprendre.org\/drome-ardeche\/wp-content\/uploads\/sites\/30\/2024\/12\/\u00a9Marianne-Louge-2024-241-300x200.jpg 300w, https:\/\/www.reseau-entreprendre.org\/drome-ardeche\/wp-content\/uploads\/sites\/30\/2024\/12\/\u00a9Marianne-Louge-2024-241-768x512.jpg 768w, https:\/\/www.reseau-entreprendre.org\/drome-ardeche\/wp-content\/uploads\/sites\/30\/2024\/12\/\u00a9Marianne-Louge-2024-241-391x260.jpg 391w, https:\/\/www.reseau-entreprendre.org\/drome-ardeche\/wp-content\/uploads\/sites\/30\/2024\/12\/\u00a9Marianne-Louge-2024-241-1536x1024.jpg 1536w, https:\/\/www.reseau-entreprendre.org\/drome-ardeche\/wp-content\/uploads\/sites\/30\/2024\/12\/\u00a9Marianne-Louge-2024-241-2048x1366.jpg 2048w, https:\/\/www.reseau-entreprendre.org\/drome-ardeche\/wp-content\/uploads\/sites\/30\/2024\/12\/\u00a9Marianne-Louge-2024-241-195x130.jpg 195w, https:\/\/www.reseau-entreprendre.org\/drome-ardeche\/wp-content\/uploads\/sites\/30\/2024\/12\/\u00a9Marianne-Louge-2024-241-100x67.jpg 100w\" sizes=\"auto, (max-width: 1024px) 100vw, 1024px\" \/><\/figure>\n<\/div>\n\n\n<p>De gauche \u00e0 droite<\/p>\n\n\n\n<p><strong><mark class=\"has-inline-color has-re-blue-color\">Houssama OMRI <\/mark><\/strong>&#8211; Directrice<\/p>\n\n\n\n<p class=\"has-black-color has-text-color has-link-color wp-elements-cce427438f773c6421a6ad845bbf3026\"><strong><mark class=\"has-inline-color has-re-blue-color\">Gis\u00e8le MICHON<\/mark><\/strong> &#8211; Assistance de Direction<\/p>\n\n\n\n<p><strong><mark class=\"has-inline-color has-re-blue-color\">Elvina BOUIT<\/mark><\/strong> &#8211; Alternante, assistante administrative et communication<\/p>\n\n\n\n<p><mark class=\"has-inline-color has-re-blue-color\"><strong>C\u00e9cile LAMBERT<\/strong><\/mark> &#8211; Charg\u00e9e d&#8217;\u00e9tudes et d&#8217;accompagnement<\/p>\n\n\n\n<div class=\"wp-block-buttons is-layout-flex wp-block-buttons-is-layout-flex\">\n<div class=\"wp-block-button\"><a class=\"wp-block-button__link wp-element-button\" href=\"https:\/\/fr.linkedin.com\/company\/reseau-entreprendre-drome-ardeche\"><strong>Suivez notre actualit\u00e9<\/strong><\/a><\/div>\n<\/div>\n","protected":false},"excerpt":{"rendered":"<p>Qui sommes-nous R\u00e9seau Entreprendre, reconnu d\u2019utilit\u00e9 publique, est un acteur<\/p>\n","protected":false},"author":31,"featured_media":0,"parent":0,"menu_order":0,"comment_status":"closed","ping_status":"closed","template":"","meta":{"_acf_changed":false,"_monsterinsights_skip_tracking":false,"_monsterinsights_sitenote_active":false,"_monsterinsights_sitenote_note":"","_monsterinsights_sitenote_category":0,"footnotes":""},"class_list":["post-11","page","type-page","status-publish","hentry"],"acf":[],"yoast_head":"<!-- This site is optimized with the Yoast SEO plugin v27.3 - https:\/\/yoast.com\/product\/yoast-seo-wordpress\/ -->\n<title>Qui sommes-nous ? | Reseau Entreprendre Dr\u00f4me-Ard\u00e8che<\/title>\n<meta name=\"description\" content=\"REDA, une communaut\u00e9 de chefs d\u2019entreprise engag\u00e9s aux c\u00f4t\u00e9s des entrepreneurs. D\u00e9couvrez notre histoire et nos valeurs.\" \/>\n<meta name=\"robots\" content=\"index, follow, max-snippet:-1, max-image-preview:large, max-video-preview:-1\" \/>\n<link rel=\"canonical\" href=\"https:\/\/www.reseau-entreprendre.org\/drome-ardeche\/qui-sommes-nous\/\" \/>\n<meta property=\"og:locale\" content=\"fr_FR\" \/>\n<meta property=\"og:type\" content=\"article\" \/>\n<meta property=\"og:title\" content=\"Qui sommes-nous ? | Reseau Entreprendre Dr\u00f4me-Ard\u00e8che\" \/>\n<meta property=\"og:description\" content=\"REDA, une communaut\u00e9 de chefs d\u2019entreprise engag\u00e9s aux c\u00f4t\u00e9s des entrepreneurs. D\u00e9couvrez notre histoire et nos valeurs.\" \/>\n<meta property=\"og:url\" content=\"https:\/\/www.reseau-entreprendre.org\/drome-ardeche\/qui-sommes-nous\/\" \/>\n<meta property=\"og:site_name\" content=\"R\u00e9seau Entreprendre Dr\u00f4me-Ard\u00e8che\" \/>\n<meta property=\"article:modified_time\" content=\"2026-02-17T09:48:58+00:00\" \/>\n<meta property=\"og:image\" content=\"https:\/\/www.reseau-entreprendre.org\/drome-ardeche\/wp-content\/uploads\/sites\/30\/2017\/06\/REDA_QSN_1.jpg\" \/>\n\t<meta property=\"og:image:width\" content=\"326\" \/>\n\t<meta property=\"og:image:height\" content=\"154\" \/>\n\t<meta property=\"og:image:type\" content=\"image\/jpeg\" \/>\n<meta name=\"twitter:card\" content=\"summary_large_image\" \/>\n<meta name=\"twitter:label1\" content=\"Dur\u00e9e de lecture estim\u00e9e\" \/>\n\t<meta name=\"twitter:data1\" content=\"3 minutes\" \/>\n<script type=\"application\/ld+json\" class=\"yoast-schema-graph\">{\"@context\":\"https:\\\/\\\/schema.org\",\"@graph\":[{\"@type\":\"WebPage\",\"@id\":\"https:\\\/\\\/www.reseau-entreprendre.org\\\/drome-ardeche\\\/qui-sommes-nous\\\/\",\"url\":\"https:\\\/\\\/www.reseau-entreprendre.org\\\/drome-ardeche\\\/qui-sommes-nous\\\/\",\"name\":\"Qui sommes-nous ? | Reseau Entreprendre Dr\u00f4me-Ard\u00e8che\",\"isPartOf\":{\"@id\":\"https:\\\/\\\/www.reseau-entreprendre.org\\\/drome-ardeche\\\/#website\"},\"primaryImageOfPage\":{\"@id\":\"https:\\\/\\\/www.reseau-entreprendre.org\\\/drome-ardeche\\\/qui-sommes-nous\\\/#primaryimage\"},\"image\":{\"@id\":\"https:\\\/\\\/www.reseau-entreprendre.org\\\/drome-ardeche\\\/qui-sommes-nous\\\/#primaryimage\"},\"thumbnailUrl\":\"https:\\\/\\\/www.reseau-entreprendre.org\\\/drome-ardeche\\\/wp-content\\\/uploads\\\/sites\\\/30\\\/2017\\\/06\\\/REDA_QSN_1-300x142.jpg\",\"datePublished\":\"2017-04-28T10:33:20+00:00\",\"dateModified\":\"2026-02-17T09:48:58+00:00\",\"description\":\"REDA, une communaut\u00e9 de chefs d\u2019entreprise engag\u00e9s aux c\u00f4t\u00e9s des entrepreneurs. D\u00e9couvrez notre histoire et nos valeurs.\",\"breadcrumb\":{\"@id\":\"https:\\\/\\\/www.reseau-entreprendre.org\\\/drome-ardeche\\\/qui-sommes-nous\\\/#breadcrumb\"},\"inLanguage\":\"fr-FR\",\"potentialAction\":[{\"@type\":\"ReadAction\",\"target\":[\"https:\\\/\\\/www.reseau-entreprendre.org\\\/drome-ardeche\\\/qui-sommes-nous\\\/\"]}]},{\"@type\":\"ImageObject\",\"inLanguage\":\"fr-FR\",\"@id\":\"https:\\\/\\\/www.reseau-entreprendre.org\\\/drome-ardeche\\\/qui-sommes-nous\\\/#primaryimage\",\"url\":\"https:\\\/\\\/www.reseau-entreprendre.org\\\/drome-ardeche\\\/wp-content\\\/uploads\\\/sites\\\/30\\\/2017\\\/06\\\/REDA_QSN_1.jpg\",\"contentUrl\":\"https:\\\/\\\/www.reseau-entreprendre.org\\\/drome-ardeche\\\/wp-content\\\/uploads\\\/sites\\\/30\\\/2017\\\/06\\\/REDA_QSN_1.jpg\",\"width\":326,\"height\":154},{\"@type\":\"BreadcrumbList\",\"@id\":\"https:\\\/\\\/www.reseau-entreprendre.org\\\/drome-ardeche\\\/qui-sommes-nous\\\/#breadcrumb\",\"itemListElement\":[{\"@type\":\"ListItem\",\"position\":1,\"name\":\"Accueil\",\"item\":\"https:\\\/\\\/www.reseau-entreprendre.org\\\/drome-ardeche\\\/\"},{\"@type\":\"ListItem\",\"position\":2,\"name\":\"Qui sommes-nous\"}]},{\"@type\":\"WebSite\",\"@id\":\"https:\\\/\\\/www.reseau-entreprendre.org\\\/drome-ardeche\\\/#website\",\"url\":\"https:\\\/\\\/www.reseau-entreprendre.org\\\/drome-ardeche\\\/\",\"name\":\"R\u00e9seau Entreprendre Dr\u00f4me-Ard\u00e8che\",\"description\":\"Un site utilisant Les sites de R\u00e9seau Entreprendre\",\"potentialAction\":[{\"@type\":\"SearchAction\",\"target\":{\"@type\":\"EntryPoint\",\"urlTemplate\":\"https:\\\/\\\/www.reseau-entreprendre.org\\\/drome-ardeche\\\/?s={search_term_string}\"},\"query-input\":{\"@type\":\"PropertyValueSpecification\",\"valueRequired\":true,\"valueName\":\"search_term_string\"}}],\"inLanguage\":\"fr-FR\"}]}<\/script>\n<!-- \/ Yoast SEO plugin. -->","yoast_head_json":{"title":"Qui sommes-nous ? | Reseau Entreprendre Dr\u00f4me-Ard\u00e8che","description":"REDA, une communaut\u00e9 de chefs d\u2019entreprise engag\u00e9s aux c\u00f4t\u00e9s des entrepreneurs. D\u00e9couvrez notre histoire et nos valeurs.","robots":{"index":"index","follow":"follow","max-snippet":"max-snippet:-1","max-image-preview":"max-image-preview:large","max-video-preview":"max-video-preview:-1"},"canonical":"https:\/\/www.reseau-entreprendre.org\/drome-ardeche\/qui-sommes-nous\/","og_locale":"fr_FR","og_type":"article","og_title":"Qui sommes-nous ? | Reseau Entreprendre Dr\u00f4me-Ard\u00e8che","og_description":"REDA, une communaut\u00e9 de chefs d\u2019entreprise engag\u00e9s aux c\u00f4t\u00e9s des entrepreneurs. D\u00e9couvrez notre histoire et nos valeurs.","og_url":"https:\/\/www.reseau-entreprendre.org\/drome-ardeche\/qui-sommes-nous\/","og_site_name":"R\u00e9seau Entreprendre Dr\u00f4me-Ard\u00e8che","article_modified_time":"2026-02-17T09:48:58+00:00","og_image":[{"width":326,"height":154,"url":"https:\/\/www.reseau-entreprendre.org\/drome-ardeche\/wp-content\/uploads\/sites\/30\/2017\/06\/REDA_QSN_1.jpg","type":"image\/jpeg"}],"twitter_card":"summary_large_image","twitter_misc":{"Dur\u00e9e de lecture estim\u00e9e":"3 minutes"},"schema":{"@context":"https:\/\/schema.org","@graph":[{"@type":"WebPage","@id":"https:\/\/www.reseau-entreprendre.org\/drome-ardeche\/qui-sommes-nous\/","url":"https:\/\/www.reseau-entreprendre.org\/drome-ardeche\/qui-sommes-nous\/","name":"Qui sommes-nous ? | Reseau Entreprendre Dr\u00f4me-Ard\u00e8che","isPartOf":{"@id":"https:\/\/www.reseau-entreprendre.org\/drome-ardeche\/#website"},"primaryImageOfPage":{"@id":"https:\/\/www.reseau-entreprendre.org\/drome-ardeche\/qui-sommes-nous\/#primaryimage"},"image":{"@id":"https:\/\/www.reseau-entreprendre.org\/drome-ardeche\/qui-sommes-nous\/#primaryimage"},"thumbnailUrl":"https:\/\/www.reseau-entreprendre.org\/drome-ardeche\/wp-content\/uploads\/sites\/30\/2017\/06\/REDA_QSN_1-300x142.jpg","datePublished":"2017-04-28T10:33:20+00:00","dateModified":"2026-02-17T09:48:58+00:00","description":"REDA, une communaut\u00e9 de chefs d\u2019entreprise engag\u00e9s aux c\u00f4t\u00e9s des entrepreneurs. D\u00e9couvrez notre histoire et nos valeurs.","breadcrumb":{"@id":"https:\/\/www.reseau-entreprendre.org\/drome-ardeche\/qui-sommes-nous\/#breadcrumb"},"inLanguage":"fr-FR","potentialAction":[{"@type":"ReadAction","target":["https:\/\/www.reseau-entreprendre.org\/drome-ardeche\/qui-sommes-nous\/"]}]},{"@type":"ImageObject","inLanguage":"fr-FR","@id":"https:\/\/www.reseau-entreprendre.org\/drome-ardeche\/qui-sommes-nous\/#primaryimage","url":"https:\/\/www.reseau-entreprendre.org\/drome-ardeche\/wp-content\/uploads\/sites\/30\/2017\/06\/REDA_QSN_1.jpg","contentUrl":"https:\/\/www.reseau-entreprendre.org\/drome-ardeche\/wp-content\/uploads\/sites\/30\/2017\/06\/REDA_QSN_1.jpg","width":326,"height":154},{"@type":"BreadcrumbList","@id":"https:\/\/www.reseau-entreprendre.org\/drome-ardeche\/qui-sommes-nous\/#breadcrumb","itemListElement":[{"@type":"ListItem","position":1,"name":"Accueil","item":"https:\/\/www.reseau-entreprendre.org\/drome-ardeche\/"},{"@type":"ListItem","position":2,"name":"Qui sommes-nous"}]},{"@type":"WebSite","@id":"https:\/\/www.reseau-entreprendre.org\/drome-ardeche\/#website","url":"https:\/\/www.reseau-entreprendre.org\/drome-ardeche\/","name":"R\u00e9seau Entreprendre Dr\u00f4me-Ard\u00e8che","description":"Un site utilisant Les sites de R\u00e9seau Entreprendre","potentialAction":[{"@type":"SearchAction","target":{"@type":"EntryPoint","urlTemplate":"https:\/\/www.reseau-entreprendre.org\/drome-ardeche\/?s={search_term_string}"},"query-input":{"@type":"PropertyValueSpecification","valueRequired":true,"valueName":"search_term_string"}}],"inLanguage":"fr-FR"}]}},"_links":{"self":[{"href":"https:\/\/www.reseau-entreprendre.org\/drome-ardeche\/wp-json\/wp\/v2\/pages\/11","targetHints":{"allow":["GET"]}}],"collection":[{"href":"https:\/\/www.reseau-entreprendre.org\/drome-ardeche\/wp-json\/wp\/v2\/pages"}],"about":[{"href":"https:\/\/www.reseau-entreprendre.org\/drome-ardeche\/wp-json\/wp\/v2\/types\/page"}],"author":[{"embeddable":true,"href":"https:\/\/www.reseau-entreprendre.org\/drome-ardeche\/wp-json\/wp\/v2\/users\/31"}],"replies":[{"embeddable":true,"href":"https:\/\/www.reseau-entreprendre.org\/drome-ardeche\/wp-json\/wp\/v2\/comments?post=11"}],"version-history":[{"count":0,"href":"https:\/\/www.reseau-entreprendre.org\/drome-ardeche\/wp-json\/wp\/v2\/pages\/11\/revisions"}],"wp:attachment":[{"href":"https:\/\/www.reseau-entreprendre.org\/drome-ardeche\/wp-json\/wp\/v2\/media?parent=11"}],"curies":[{"name":"wp","href":"https:\/\/api.w.org\/{rel}","templated":true}]}}