{"id":871,"date":"2018-06-19T17:28:36","date_gmt":"2018-06-19T15:28:36","guid":{"rendered":"https:\/\/www.reseau-entreprendre.org\/drome-ardeche\/?page_id=871"},"modified":"2021-09-21T11:25:50","modified_gmt":"2021-09-21T09:25:50","slug":"devenez-partenaires","status":"publish","type":"page","link":"https:\/\/www.reseau-entreprendre.org\/drome-ardeche\/devenez-partenaires\/","title":{"rendered":"Devenez Partenaires"},"content":{"rendered":"\n<div class=\"wp-block-image\"><figure class=\"aligncenter\"><img loading=\"lazy\" decoding=\"async\" width=\"300\" height=\"225\" src=\"https:\/\/www.reseau-entreprendre.org\/drome-ardeche\/wp-content\/uploads\/sites\/30\/2018\/06\/logo-partenaire-drome-ardeche-couleur-300x225.png\" alt=\"\" class=\"wp-image-872\" srcset=\"https:\/\/www.reseau-entreprendre.org\/drome-ardeche\/wp-content\/uploads\/sites\/30\/2018\/06\/logo-partenaire-drome-ardeche-couleur-300x225.png 300w, https:\/\/www.reseau-entreprendre.org\/drome-ardeche\/wp-content\/uploads\/sites\/30\/2018\/06\/logo-partenaire-drome-ardeche-couleur-768x576.png 768w, https:\/\/www.reseau-entreprendre.org\/drome-ardeche\/wp-content\/uploads\/sites\/30\/2018\/06\/logo-partenaire-drome-ardeche-couleur-1024x768.png 1024w\" sizes=\"auto, (max-width: 300px) 100vw, 300px\" \/><\/figure><\/div>\n\n\n\n<p>Vous souhaitez soutenir notre action et devenir partenaire de R\u00e9seau Entreprendre Dr\u00f4me Ard\u00e8che ?<br>Vous \u00eates une entreprise ou une institution : soutenez notre action et devenez partenaire de&nbsp;<strong>R\u00e9seau Entreprendre Dr\u00f4me Ard\u00e8che<\/strong>&nbsp;!<\/p>\n\n\n\n<p>En devenant&nbsp;<strong>partenaire<\/strong>&nbsp;de R\u00e9seau Entreprendre, vous acc\u00e9der \u00e0 un r\u00e9seau incontournable dans les milieux \u00e9conomiques et institutionnels r\u00e9gionaux. Vous entrez en contact avec des chefs d\u2019entreprises engag\u00e9s, mais aussi les futurs dirigeants de PME et ETI de demain.<\/p>\n\n\n\n<p>Etre partenaire de R\u00e9seau Entreprendre Dr\u00f4me Ard\u00e8che, c\u2019est :<br>\u2022 Participer \u00e0 un r\u00e9seau dynamique de plus de 300 chefs d\u2019entreprises engag\u00e9s citoyens.<br>\u2022 Soutenir la cr\u00e9ation d\u2019emplois durables dans les territoires.<br>\u2022 Faire vivre les valeurs entrepreneuriales \u00e0 vos \u00e9quipes.<br>\u2022 Valoriser vos actions en faveur du d\u00e9veloppement \u00e9conomique local.<br>\u2022 C\u2019est aussi une multitude d\u2019actions que nous pouvons d\u00e9finir avec vous en fonction de vos attentes.<\/p>\n\n\n\n<p>En devenant partenaire de&nbsp;<strong>R\u00e9seau Entreprendre Dr\u00f4me Ard\u00e8che<\/strong>&nbsp;vous pourrez participer \u00e0 nos grands moments conviviaux&nbsp;:<\/p>\n\n\n\n<ul class=\"wp-block-list\"><li style=\"text-align: justify;\">Une grande f\u00eate annuelle pour mettre \u00e0 l\u2019honneur nos laur\u00e9ats :&nbsp;la F\u00eate des Laur\u00e9ats,<\/li><li style=\"text-align: justify;\">Une soir\u00e9e des Membres :&nbsp;l\u2019Assembl\u00e9e G\u00e9n\u00e9rale,<\/li><li style=\"text-align: justify;\">Des&nbsp;Matinales&nbsp;: petits d\u00e9jeuners th\u00e9matiques d\u2019information anim\u00e9es par des chefs d\u2019entreprises en activit\u00e9,<\/li><li style=\"text-align: justify;\">Echanger avec des pairs gr\u00e2ce \u00e0 WORKPLACE dont R\u00e9seau Entreprendre a \u00e9t\u00e9 choisi par Facebook pour \u00eatre utilisateur de leur r\u00e9seau social professionnel. Sur WORKPLACE, organis\u00e9 en communaut\u00e9s vous pourrez partager sur votre quotidien d\u2019entrepreneur avec les Membres et Laur\u00e9ats de R\u00e9seau Entreprendre<\/li><li style=\"text-align: justify;\">Et de nombreuses autres occasions de se rencontrer\u2026<\/li><\/ul>\n\n\n\n<p class=\"has-text-align-center\"><span style=\"color: #268597;\">Vous souhaitez faire partie de notre r\u00e9seau ? [re-btn newtab=&#8221;_blank&#8221; url=&#8221;https:\/\/www.reseau-entreprendre.org\/fr\/soutenir\/formulaire-partenaire\/&#8221;]Contactez-nous ![\/re-btn]<\/span><\/p>\n","protected":false},"excerpt":{"rendered":"<p>Vous souhaitez soutenir notre action et devenir partenaire de R\u00e9seau<\/p>\n","protected":false},"author":31,"featured_media":0,"parent":0,"menu_order":0,"comment_status":"closed","ping_status":"closed","template":"","meta":{"_acf_changed":false,"_monsterinsights_skip_tracking":false,"_monsterinsights_sitenote_active":false,"_monsterinsights_sitenote_note":"","_monsterinsights_sitenote_category":0,"footnotes":""},"class_list":["post-871","page","type-page","status-publish","hentry"],"acf":[],"yoast_head":"<!-- This site is optimized with the Yoast SEO plugin v27.4 - https:\/\/yoast.com\/product\/yoast-seo-wordpress\/ -->\n<title>Devenez Partenaires - R\u00e9seau Entreprendre Dr\u00f4me-Ard\u00e8che<\/title>\n<meta name=\"robots\" content=\"index, follow, max-snippet:-1, max-image-preview:large, max-video-preview:-1\" \/>\n<link rel=\"canonical\" href=\"https:\/\/www.reseau-entreprendre.org\/drome-ardeche\/devenez-partenaires\/\" \/>\n<meta property=\"og:locale\" content=\"fr_FR\" \/>\n<meta property=\"og:type\" content=\"article\" \/>\n<meta property=\"og:title\" content=\"Devenez Partenaires - R\u00e9seau Entreprendre Dr\u00f4me-Ard\u00e8che\" \/>\n<meta property=\"og:description\" content=\"Vous souhaitez soutenir notre action et devenir partenaire de R\u00e9seau\" \/>\n<meta property=\"og:url\" content=\"https:\/\/www.reseau-entreprendre.org\/drome-ardeche\/devenez-partenaires\/\" \/>\n<meta property=\"og:site_name\" content=\"R\u00e9seau Entreprendre Dr\u00f4me-Ard\u00e8che\" \/>\n<meta property=\"article:modified_time\" content=\"2021-09-21T09:25:50+00:00\" \/>\n<meta property=\"og:image\" content=\"https:\/\/www.reseau-entreprendre.org\/drome-ardeche\/wp-content\/uploads\/sites\/30\/2018\/06\/logo-partenaire-drome-ardeche-couleur-300x225.png\" \/>\n<meta name=\"twitter:card\" content=\"summary_large_image\" \/>\n<meta name=\"twitter:label1\" content=\"Dur\u00e9e de lecture estim\u00e9e\" \/>\n\t<meta name=\"twitter:data1\" content=\"2 minutes\" \/>\n<script type=\"application\/ld+json\" class=\"yoast-schema-graph\">{\"@context\":\"https:\\\/\\\/schema.org\",\"@graph\":[{\"@type\":\"WebPage\",\"@id\":\"https:\\\/\\\/www.reseau-entreprendre.org\\\/drome-ardeche\\\/devenez-partenaires\\\/\",\"url\":\"https:\\\/\\\/www.reseau-entreprendre.org\\\/drome-ardeche\\\/devenez-partenaires\\\/\",\"name\":\"Devenez Partenaires - R\u00e9seau Entreprendre Dr\u00f4me-Ard\u00e8che\",\"isPartOf\":{\"@id\":\"https:\\\/\\\/www.reseau-entreprendre.org\\\/drome-ardeche\\\/#website\"},\"primaryImageOfPage\":{\"@id\":\"https:\\\/\\\/www.reseau-entreprendre.org\\\/drome-ardeche\\\/devenez-partenaires\\\/#primaryimage\"},\"image\":{\"@id\":\"https:\\\/\\\/www.reseau-entreprendre.org\\\/drome-ardeche\\\/devenez-partenaires\\\/#primaryimage\"},\"thumbnailUrl\":\"https:\\\/\\\/www.reseau-entreprendre.org\\\/drome-ardeche\\\/wp-content\\\/uploads\\\/sites\\\/30\\\/2018\\\/06\\\/logo-partenaire-drome-ardeche-couleur-300x225.png\",\"datePublished\":\"2018-06-19T15:28:36+00:00\",\"dateModified\":\"2021-09-21T09:25:50+00:00\",\"breadcrumb\":{\"@id\":\"https:\\\/\\\/www.reseau-entreprendre.org\\\/drome-ardeche\\\/devenez-partenaires\\\/#breadcrumb\"},\"inLanguage\":\"fr-FR\",\"potentialAction\":[{\"@type\":\"ReadAction\",\"target\":[\"https:\\\/\\\/www.reseau-entreprendre.org\\\/drome-ardeche\\\/devenez-partenaires\\\/\"]}]},{\"@type\":\"ImageObject\",\"inLanguage\":\"fr-FR\",\"@id\":\"https:\\\/\\\/www.reseau-entreprendre.org\\\/drome-ardeche\\\/devenez-partenaires\\\/#primaryimage\",\"url\":\"https:\\\/\\\/www.reseau-entreprendre.org\\\/drome-ardeche\\\/wp-content\\\/uploads\\\/sites\\\/30\\\/2018\\\/06\\\/logo-partenaire-drome-ardeche-couleur.png\",\"contentUrl\":\"https:\\\/\\\/www.reseau-entreprendre.org\\\/drome-ardeche\\\/wp-content\\\/uploads\\\/sites\\\/30\\\/2018\\\/06\\\/logo-partenaire-drome-ardeche-couleur.png\",\"width\":4016,\"height\":3012},{\"@type\":\"BreadcrumbList\",\"@id\":\"https:\\\/\\\/www.reseau-entreprendre.org\\\/drome-ardeche\\\/devenez-partenaires\\\/#breadcrumb\",\"itemListElement\":[{\"@type\":\"ListItem\",\"position\":1,\"name\":\"Accueil\",\"item\":\"https:\\\/\\\/www.reseau-entreprendre.org\\\/drome-ardeche\\\/\"},{\"@type\":\"ListItem\",\"position\":2,\"name\":\"Devenez Partenaires\"}]},{\"@type\":\"WebSite\",\"@id\":\"https:\\\/\\\/www.reseau-entreprendre.org\\\/drome-ardeche\\\/#website\",\"url\":\"https:\\\/\\\/www.reseau-entreprendre.org\\\/drome-ardeche\\\/\",\"name\":\"R\u00e9seau Entreprendre Dr\u00f4me-Ard\u00e8che\",\"description\":\"Un site utilisant Les sites de R\u00e9seau Entreprendre\",\"potentialAction\":[{\"@type\":\"SearchAction\",\"target\":{\"@type\":\"EntryPoint\",\"urlTemplate\":\"https:\\\/\\\/www.reseau-entreprendre.org\\\/drome-ardeche\\\/?s={search_term_string}\"},\"query-input\":{\"@type\":\"PropertyValueSpecification\",\"valueRequired\":true,\"valueName\":\"search_term_string\"}}],\"inLanguage\":\"fr-FR\"}]}<\/script>\n<!-- \/ Yoast SEO plugin. -->","yoast_head_json":{"title":"Devenez Partenaires - R\u00e9seau Entreprendre Dr\u00f4me-Ard\u00e8che","robots":{"index":"index","follow":"follow","max-snippet":"max-snippet:-1","max-image-preview":"max-image-preview:large","max-video-preview":"max-video-preview:-1"},"canonical":"https:\/\/www.reseau-entreprendre.org\/drome-ardeche\/devenez-partenaires\/","og_locale":"fr_FR","og_type":"article","og_title":"Devenez Partenaires - R\u00e9seau Entreprendre Dr\u00f4me-Ard\u00e8che","og_description":"Vous souhaitez soutenir notre action et devenir partenaire de R\u00e9seau","og_url":"https:\/\/www.reseau-entreprendre.org\/drome-ardeche\/devenez-partenaires\/","og_site_name":"R\u00e9seau Entreprendre Dr\u00f4me-Ard\u00e8che","article_modified_time":"2021-09-21T09:25:50+00:00","og_image":[{"url":"https:\/\/www.reseau-entreprendre.org\/drome-ardeche\/wp-content\/uploads\/sites\/30\/2018\/06\/logo-partenaire-drome-ardeche-couleur-300x225.png","type":"","width":"","height":""}],"twitter_card":"summary_large_image","twitter_misc":{"Dur\u00e9e de lecture estim\u00e9e":"2 minutes"},"schema":{"@context":"https:\/\/schema.org","@graph":[{"@type":"WebPage","@id":"https:\/\/www.reseau-entreprendre.org\/drome-ardeche\/devenez-partenaires\/","url":"https:\/\/www.reseau-entreprendre.org\/drome-ardeche\/devenez-partenaires\/","name":"Devenez Partenaires - R\u00e9seau Entreprendre Dr\u00f4me-Ard\u00e8che","isPartOf":{"@id":"https:\/\/www.reseau-entreprendre.org\/drome-ardeche\/#website"},"primaryImageOfPage":{"@id":"https:\/\/www.reseau-entreprendre.org\/drome-ardeche\/devenez-partenaires\/#primaryimage"},"image":{"@id":"https:\/\/www.reseau-entreprendre.org\/drome-ardeche\/devenez-partenaires\/#primaryimage"},"thumbnailUrl":"https:\/\/www.reseau-entreprendre.org\/drome-ardeche\/wp-content\/uploads\/sites\/30\/2018\/06\/logo-partenaire-drome-ardeche-couleur-300x225.png","datePublished":"2018-06-19T15:28:36+00:00","dateModified":"2021-09-21T09:25:50+00:00","breadcrumb":{"@id":"https:\/\/www.reseau-entreprendre.org\/drome-ardeche\/devenez-partenaires\/#breadcrumb"},"inLanguage":"fr-FR","potentialAction":[{"@type":"ReadAction","target":["https:\/\/www.reseau-entreprendre.org\/drome-ardeche\/devenez-partenaires\/"]}]},{"@type":"ImageObject","inLanguage":"fr-FR","@id":"https:\/\/www.reseau-entreprendre.org\/drome-ardeche\/devenez-partenaires\/#primaryimage","url":"https:\/\/www.reseau-entreprendre.org\/drome-ardeche\/wp-content\/uploads\/sites\/30\/2018\/06\/logo-partenaire-drome-ardeche-couleur.png","contentUrl":"https:\/\/www.reseau-entreprendre.org\/drome-ardeche\/wp-content\/uploads\/sites\/30\/2018\/06\/logo-partenaire-drome-ardeche-couleur.png","width":4016,"height":3012},{"@type":"BreadcrumbList","@id":"https:\/\/www.reseau-entreprendre.org\/drome-ardeche\/devenez-partenaires\/#breadcrumb","itemListElement":[{"@type":"ListItem","position":1,"name":"Accueil","item":"https:\/\/www.reseau-entreprendre.org\/drome-ardeche\/"},{"@type":"ListItem","position":2,"name":"Devenez Partenaires"}]},{"@type":"WebSite","@id":"https:\/\/www.reseau-entreprendre.org\/drome-ardeche\/#website","url":"https:\/\/www.reseau-entreprendre.org\/drome-ardeche\/","name":"R\u00e9seau Entreprendre Dr\u00f4me-Ard\u00e8che","description":"Un site utilisant Les sites de R\u00e9seau Entreprendre","potentialAction":[{"@type":"SearchAction","target":{"@type":"EntryPoint","urlTemplate":"https:\/\/www.reseau-entreprendre.org\/drome-ardeche\/?s={search_term_string}"},"query-input":{"@type":"PropertyValueSpecification","valueRequired":true,"valueName":"search_term_string"}}],"inLanguage":"fr-FR"}]}},"_links":{"self":[{"href":"https:\/\/www.reseau-entreprendre.org\/drome-ardeche\/wp-json\/wp\/v2\/pages\/871","targetHints":{"allow":["GET"]}}],"collection":[{"href":"https:\/\/www.reseau-entreprendre.org\/drome-ardeche\/wp-json\/wp\/v2\/pages"}],"about":[{"href":"https:\/\/www.reseau-entreprendre.org\/drome-ardeche\/wp-json\/wp\/v2\/types\/page"}],"author":[{"embeddable":true,"href":"https:\/\/www.reseau-entreprendre.org\/drome-ardeche\/wp-json\/wp\/v2\/users\/31"}],"replies":[{"embeddable":true,"href":"https:\/\/www.reseau-entreprendre.org\/drome-ardeche\/wp-json\/wp\/v2\/comments?post=871"}],"version-history":[{"count":0,"href":"https:\/\/www.reseau-entreprendre.org\/drome-ardeche\/wp-json\/wp\/v2\/pages\/871\/revisions"}],"wp:attachment":[{"href":"https:\/\/www.reseau-entreprendre.org\/drome-ardeche\/wp-json\/wp\/v2\/media?parent=871"}],"curies":[{"name":"wp","href":"https:\/\/api.w.org\/{rel}","templated":true}]}}