{"id":1270,"date":"2019-06-18T09:47:10","date_gmt":"2019-06-18T07:47:10","guid":{"rendered":"https:\/\/re-dev-entreprendre.fr\/essonne\/?page_id=1270"},"modified":"2021-10-13T14:15:13","modified_gmt":"2021-10-13T12:15:13","slug":"pour-se-rendre-a-la-convivialete-du-mardi-2-juillet-2019-de-12h00-a-15h00-a-la-terrasse-discoveryx-a-saint-aubin","status":"publish","type":"page","link":"https:\/\/www.reseau-entreprendre.org\/essonne\/pour-se-rendre-a-la-convivialete-du-mardi-2-juillet-2019-de-12h00-a-15h00-a-la-terrasse-discoveryx-a-saint-aubin\/","title":{"rendered":"Pour se rendre \u00e0 la Convivial&#8217;\u00e9t\u00e9 du mardi 2 juillet 2019 de 12H00 \u00e0 15H00 \u00e0 la Terrasse Discovery+x \u00e0 Saint-Aubin"},"content":{"rendered":"\n<h2 class=\"has-re-blue-color has-text-color wp-block-heading\">Pour se rendre \u00e0 la Convivial&#8217;\u00e9t\u00e9 du mardi 2 juillet 2019 de 12H00 \u00e0 15H00 \u00e0 la Terrasse Discovery+x \u00e0 Saint-Aubin<\/h2>\n\n\n\n<div style=\"height:31px\" aria-hidden=\"true\" class=\"wp-block-spacer\"><\/div>\n\n\n\n<p><em>Adresse : <span class=\"w8qArf\">\u00a0Espace Technologique &#8211; B\u00e2timent Discovery &#8211; Bloc B Route de L\u2019Orme, 91190 Saint-Aubin<\/span><\/em><\/p>\n\n\n\n<div style=\"height:31px\" aria-hidden=\"true\" class=\"wp-block-spacer\"><\/div>\n\n\n<div class=\"su-gmap su-u-responsive-media-yes\"><iframe loading=\"lazy\" width=\"380\" height=\"360\" src=\"\/\/maps.google.com\/maps?q=%20Espace%20Technologique%20-%20B%C3%A2timent%20Discovery%20-%20Bloc%20B%20Route%20de%20L%E2%80%99Orme%2C%2091190%20Saint-Aubin&amp;output=embed&amp;z=18\" title=\"\"><\/iframe><\/div>\n","protected":false},"excerpt":{"rendered":"<p>Pour se rendre \u00e0 la Convivial&#8217;\u00e9t\u00e9 du mardi 2 juillet<\/p>\n","protected":false},"author":133,"featured_media":0,"parent":0,"menu_order":0,"comment_status":"closed","ping_status":"closed","template":"","meta":{"_acf_changed":false,"_monsterinsights_skip_tracking":false,"_monsterinsights_sitenote_active":false,"_monsterinsights_sitenote_note":"","_monsterinsights_sitenote_category":0,"footnotes":""},"class_list":["post-1270","page","type-page","status-publish","hentry"],"acf":[],"yoast_head":"<!-- This site is optimized with the Yoast SEO plugin v27.3 - https:\/\/yoast.com\/product\/yoast-seo-wordpress\/ -->\n<title>Pour se rendre \u00e0 la Convivial&#039;\u00e9t\u00e9 du mardi 2 juillet 2019 de 12H00 \u00e0 15H00 \u00e0 la Terrasse Discovery+x \u00e0 Saint-Aubin - R\u00e9seau Entreprendre Essonne<\/title>\n<meta name=\"robots\" content=\"index, follow, max-snippet:-1, max-image-preview:large, max-video-preview:-1\" \/>\n<link rel=\"canonical\" href=\"https:\/\/www.reseau-entreprendre.org\/essonne\/pour-se-rendre-a-la-convivialete-du-mardi-2-juillet-2019-de-12h00-a-15h00-a-la-terrasse-discoveryx-a-saint-aubin\/\" \/>\n<meta property=\"og:locale\" content=\"fr_FR\" \/>\n<meta property=\"og:type\" content=\"article\" \/>\n<meta property=\"og:title\" content=\"Pour se rendre \u00e0 la Convivial&#039;\u00e9t\u00e9 du mardi 2 juillet 2019 de 12H00 \u00e0 15H00 \u00e0 la Terrasse Discovery+x \u00e0 Saint-Aubin - R\u00e9seau Entreprendre Essonne\" \/>\n<meta property=\"og:description\" content=\"Pour se rendre \u00e0 la Convivial&#8217;\u00e9t\u00e9 du mardi 2 juillet\" \/>\n<meta property=\"og:url\" content=\"https:\/\/www.reseau-entreprendre.org\/essonne\/pour-se-rendre-a-la-convivialete-du-mardi-2-juillet-2019-de-12h00-a-15h00-a-la-terrasse-discoveryx-a-saint-aubin\/\" \/>\n<meta property=\"og:site_name\" content=\"R\u00e9seau Entreprendre Essonne\" \/>\n<meta property=\"article:modified_time\" content=\"2021-10-13T12:15:13+00:00\" \/>\n<meta name=\"twitter:card\" content=\"summary_large_image\" \/>\n<meta name=\"twitter:label1\" content=\"Dur\u00e9e de lecture estim\u00e9e\" \/>\n\t<meta name=\"twitter:data1\" content=\"1 minute\" \/>\n<script type=\"application\/ld+json\" class=\"yoast-schema-graph\">{\"@context\":\"https:\\\/\\\/schema.org\",\"@graph\":[{\"@type\":\"WebPage\",\"@id\":\"https:\\\/\\\/www.reseau-entreprendre.org\\\/essonne\\\/pour-se-rendre-a-la-convivialete-du-mardi-2-juillet-2019-de-12h00-a-15h00-a-la-terrasse-discoveryx-a-saint-aubin\\\/\",\"url\":\"https:\\\/\\\/www.reseau-entreprendre.org\\\/essonne\\\/pour-se-rendre-a-la-convivialete-du-mardi-2-juillet-2019-de-12h00-a-15h00-a-la-terrasse-discoveryx-a-saint-aubin\\\/\",\"name\":\"Pour se rendre \u00e0 la Convivial'\u00e9t\u00e9 du mardi 2 juillet 2019 de 12H00 \u00e0 15H00 \u00e0 la Terrasse Discovery+x \u00e0 Saint-Aubin - R\u00e9seau Entreprendre Essonne\",\"isPartOf\":{\"@id\":\"https:\\\/\\\/www.reseau-entreprendre.org\\\/essonne\\\/#website\"},\"datePublished\":\"2019-06-18T07:47:10+00:00\",\"dateModified\":\"2021-10-13T12:15:13+00:00\",\"breadcrumb\":{\"@id\":\"https:\\\/\\\/www.reseau-entreprendre.org\\\/essonne\\\/pour-se-rendre-a-la-convivialete-du-mardi-2-juillet-2019-de-12h00-a-15h00-a-la-terrasse-discoveryx-a-saint-aubin\\\/#breadcrumb\"},\"inLanguage\":\"fr-FR\",\"potentialAction\":[{\"@type\":\"ReadAction\",\"target\":[\"https:\\\/\\\/www.reseau-entreprendre.org\\\/essonne\\\/pour-se-rendre-a-la-convivialete-du-mardi-2-juillet-2019-de-12h00-a-15h00-a-la-terrasse-discoveryx-a-saint-aubin\\\/\"]}]},{\"@type\":\"BreadcrumbList\",\"@id\":\"https:\\\/\\\/www.reseau-entreprendre.org\\\/essonne\\\/pour-se-rendre-a-la-convivialete-du-mardi-2-juillet-2019-de-12h00-a-15h00-a-la-terrasse-discoveryx-a-saint-aubin\\\/#breadcrumb\",\"itemListElement\":[{\"@type\":\"ListItem\",\"position\":1,\"name\":\"Accueil\",\"item\":\"https:\\\/\\\/www.reseau-entreprendre.org\\\/essonne\\\/\"},{\"@type\":\"ListItem\",\"position\":2,\"name\":\"Pour se rendre \u00e0 la Convivial&rsquo;\u00e9t\u00e9 du mardi 2 juillet 2019 de 12H00 \u00e0 15H00 \u00e0 la Terrasse Discovery+x \u00e0 Saint-Aubin\"}]},{\"@type\":\"WebSite\",\"@id\":\"https:\\\/\\\/www.reseau-entreprendre.org\\\/essonne\\\/#website\",\"url\":\"https:\\\/\\\/www.reseau-entreprendre.org\\\/essonne\\\/\",\"name\":\"R\u00e9seau Entreprendre Essonne\",\"description\":\"\",\"potentialAction\":[{\"@type\":\"SearchAction\",\"target\":{\"@type\":\"EntryPoint\",\"urlTemplate\":\"https:\\\/\\\/www.reseau-entreprendre.org\\\/essonne\\\/?s={search_term_string}\"},\"query-input\":{\"@type\":\"PropertyValueSpecification\",\"valueRequired\":true,\"valueName\":\"search_term_string\"}}],\"inLanguage\":\"fr-FR\"}]}<\/script>\n<!-- \/ Yoast SEO plugin. -->","yoast_head_json":{"title":"Pour se rendre \u00e0 la Convivial'\u00e9t\u00e9 du mardi 2 juillet 2019 de 12H00 \u00e0 15H00 \u00e0 la Terrasse Discovery+x \u00e0 Saint-Aubin - R\u00e9seau Entreprendre Essonne","robots":{"index":"index","follow":"follow","max-snippet":"max-snippet:-1","max-image-preview":"max-image-preview:large","max-video-preview":"max-video-preview:-1"},"canonical":"https:\/\/www.reseau-entreprendre.org\/essonne\/pour-se-rendre-a-la-convivialete-du-mardi-2-juillet-2019-de-12h00-a-15h00-a-la-terrasse-discoveryx-a-saint-aubin\/","og_locale":"fr_FR","og_type":"article","og_title":"Pour se rendre \u00e0 la Convivial'\u00e9t\u00e9 du mardi 2 juillet 2019 de 12H00 \u00e0 15H00 \u00e0 la Terrasse Discovery+x \u00e0 Saint-Aubin - R\u00e9seau Entreprendre Essonne","og_description":"Pour se rendre \u00e0 la Convivial&#8217;\u00e9t\u00e9 du mardi 2 juillet","og_url":"https:\/\/www.reseau-entreprendre.org\/essonne\/pour-se-rendre-a-la-convivialete-du-mardi-2-juillet-2019-de-12h00-a-15h00-a-la-terrasse-discoveryx-a-saint-aubin\/","og_site_name":"R\u00e9seau Entreprendre Essonne","article_modified_time":"2021-10-13T12:15:13+00:00","twitter_card":"summary_large_image","twitter_misc":{"Dur\u00e9e de lecture estim\u00e9e":"1 minute"},"schema":{"@context":"https:\/\/schema.org","@graph":[{"@type":"WebPage","@id":"https:\/\/www.reseau-entreprendre.org\/essonne\/pour-se-rendre-a-la-convivialete-du-mardi-2-juillet-2019-de-12h00-a-15h00-a-la-terrasse-discoveryx-a-saint-aubin\/","url":"https:\/\/www.reseau-entreprendre.org\/essonne\/pour-se-rendre-a-la-convivialete-du-mardi-2-juillet-2019-de-12h00-a-15h00-a-la-terrasse-discoveryx-a-saint-aubin\/","name":"Pour se rendre \u00e0 la Convivial'\u00e9t\u00e9 du mardi 2 juillet 2019 de 12H00 \u00e0 15H00 \u00e0 la Terrasse Discovery+x \u00e0 Saint-Aubin - R\u00e9seau Entreprendre Essonne","isPartOf":{"@id":"https:\/\/www.reseau-entreprendre.org\/essonne\/#website"},"datePublished":"2019-06-18T07:47:10+00:00","dateModified":"2021-10-13T12:15:13+00:00","breadcrumb":{"@id":"https:\/\/www.reseau-entreprendre.org\/essonne\/pour-se-rendre-a-la-convivialete-du-mardi-2-juillet-2019-de-12h00-a-15h00-a-la-terrasse-discoveryx-a-saint-aubin\/#breadcrumb"},"inLanguage":"fr-FR","potentialAction":[{"@type":"ReadAction","target":["https:\/\/www.reseau-entreprendre.org\/essonne\/pour-se-rendre-a-la-convivialete-du-mardi-2-juillet-2019-de-12h00-a-15h00-a-la-terrasse-discoveryx-a-saint-aubin\/"]}]},{"@type":"BreadcrumbList","@id":"https:\/\/www.reseau-entreprendre.org\/essonne\/pour-se-rendre-a-la-convivialete-du-mardi-2-juillet-2019-de-12h00-a-15h00-a-la-terrasse-discoveryx-a-saint-aubin\/#breadcrumb","itemListElement":[{"@type":"ListItem","position":1,"name":"Accueil","item":"https:\/\/www.reseau-entreprendre.org\/essonne\/"},{"@type":"ListItem","position":2,"name":"Pour se rendre \u00e0 la Convivial&rsquo;\u00e9t\u00e9 du mardi 2 juillet 2019 de 12H00 \u00e0 15H00 \u00e0 la Terrasse Discovery+x \u00e0 Saint-Aubin"}]},{"@type":"WebSite","@id":"https:\/\/www.reseau-entreprendre.org\/essonne\/#website","url":"https:\/\/www.reseau-entreprendre.org\/essonne\/","name":"R\u00e9seau Entreprendre Essonne","description":"","potentialAction":[{"@type":"SearchAction","target":{"@type":"EntryPoint","urlTemplate":"https:\/\/www.reseau-entreprendre.org\/essonne\/?s={search_term_string}"},"query-input":{"@type":"PropertyValueSpecification","valueRequired":true,"valueName":"search_term_string"}}],"inLanguage":"fr-FR"}]}},"_links":{"self":[{"href":"https:\/\/www.reseau-entreprendre.org\/essonne\/wp-json\/wp\/v2\/pages\/1270","targetHints":{"allow":["GET"]}}],"collection":[{"href":"https:\/\/www.reseau-entreprendre.org\/essonne\/wp-json\/wp\/v2\/pages"}],"about":[{"href":"https:\/\/www.reseau-entreprendre.org\/essonne\/wp-json\/wp\/v2\/types\/page"}],"author":[{"embeddable":true,"href":"https:\/\/www.reseau-entreprendre.org\/essonne\/wp-json\/wp\/v2\/users\/133"}],"replies":[{"embeddable":true,"href":"https:\/\/www.reseau-entreprendre.org\/essonne\/wp-json\/wp\/v2\/comments?post=1270"}],"version-history":[{"count":0,"href":"https:\/\/www.reseau-entreprendre.org\/essonne\/wp-json\/wp\/v2\/pages\/1270\/revisions"}],"wp:attachment":[{"href":"https:\/\/www.reseau-entreprendre.org\/essonne\/wp-json\/wp\/v2\/media?parent=1270"}],"curies":[{"name":"wp","href":"https:\/\/api.w.org\/{rel}","templated":true}]}}