{"id":15,"date":"2017-04-28T12:33:47","date_gmt":"2017-04-28T10:33:47","guid":{"rendered":"http:\/\/re-dev-entreprendre.fr\/essonne\/?page_id=15"},"modified":"2025-04-17T15:20:08","modified_gmt":"2025-04-17T13:20:08","slug":"sengager","status":"publish","type":"page","link":"https:\/\/www.reseau-entreprendre.org\/essonne\/sengager\/","title":{"rendered":"ACCOMPAGNER"},"content":{"rendered":"\n<div style=\"height:70px\" aria-hidden=\"true\" class=\"wp-block-spacer\"><\/div>\n\n\n\n<h2 class=\"wp-block-heading\">Qu&#8217;est ce qu&#8217;un <strong>Membre R\u00e9seau Entreprendre <\/strong>?<\/h2>\n\n\n\n<p>Quelles sont les missions ? Comment devenir Membre ? Et quels b\u00e9n\u00e9fices en tirer ? <mark style=\"background-color:#ffbb61\" class=\"has-inline-color\"><strong>Toutes les r\u00e9ponses dans cette vid\u00e9o !<\/strong><\/mark><\/p>\n\n\n<div class=\"re-video-container alignauto video__wrapper\" data-action=\"video\">\n    <div data-block_9768c4a98a7fe83a35c6b64f162a6c50 class=\"\">\n        <div class=\"video__inner\">\n            <figure>\n                <img class=\"d-block w-100\" src='https:\/\/www.reseau-entreprendre.org\/essonne\/wp-content\/uploads\/sites\/16\/2025\/04\/Capture-decran-2025-04-17-150953.png' alt=\"\" loading=\"lazy\"\/>\n            <\/figure>\n\n            <div class=\"video__btn__play w-100 h-100 mx-auto d-flex flex-column justify-content-center\">\n                <button class=\"border-white bg-transparent mx-auto\">\n                    <span class=\"d-flex flex-column justify-content-center w-100 h-100\">\n                        <svg class=\"icon text-white mx-auto d-block\" width=\"17\" height=\"21\" viewBox=\"0 0 17 21\" fill=\"none\" xmlns=\"http:\/\/www.w3.org\/2000\/svg\">\n<path fill-rule=\"evenodd\" clip-rule=\"evenodd\" d=\"M0.794922 1.14014V19.9192L16.2471 10.5297L0.794922 1.14014Z\" fill='currentColor'\/>\n<\/svg>                    <\/span>  \n                <\/button>\n            <\/div>\n        <\/div>\n    <\/div>\n    <div data-subtitles=\"fr\" class=\"video__iframe hidden\"><iframe loading=\"lazy\" title=\"S&#039;engager avec R\u00e9seau Entreprendre\" width=\"640\" height=\"360\" src=\"https:\/\/www.youtube.com\/embed\/NUJCI0vCPuU?feature=oembed\" frameborder=\"0\" allow=\"accelerometer; autoplay; clipboard-write; encrypted-media; gyroscope; picture-in-picture; web-share\" referrerpolicy=\"strict-origin-when-cross-origin\" allowfullscreen><\/iframe><\/div>\n<\/div>\n\n\n\n<div style=\"height:90px\" aria-hidden=\"true\" class=\"wp-block-spacer\"><\/div>\n\n\n\n<hr class=\"wp-block-separator has-alpha-channel-opacity\" \/>\n\n\n\n<h2 class=\"wp-block-heading\">D\u00e9couvrez les <strong>t\u00e9moignages de Membres R\u00e9seau Entreprendre <\/strong><\/h2>\n\n\n<div class=\"re-video-container alignauto video__wrapper\" data-action=\"video\">\n    <div data-block_6452b52e52228a1323be3e7eae0bd08a class=\"\">\n        <div class=\"video__inner\">\n            <figure>\n                <img class=\"d-block w-100\" src='https:\/\/www.reseau-entreprendre.org\/essonne\/wp-content\/uploads\/sites\/16\/2024\/07\/Episode2.png' alt=\"\" loading=\"lazy\"\/>\n            <\/figure>\n\n            <div class=\"video__btn__play w-100 h-100 mx-auto d-flex flex-column justify-content-center\">\n                <button class=\"border-white bg-transparent mx-auto\">\n                    <span class=\"d-flex flex-column justify-content-center w-100 h-100\">\n                        <svg class=\"icon text-white mx-auto d-block\" width=\"17\" height=\"21\" viewBox=\"0 0 17 21\" fill=\"none\" xmlns=\"http:\/\/www.w3.org\/2000\/svg\">\n<path fill-rule=\"evenodd\" clip-rule=\"evenodd\" d=\"M0.794922 1.14014V19.9192L16.2471 10.5297L0.794922 1.14014Z\" fill='currentColor'\/>\n<\/svg>                    <\/span>  \n                <\/button>\n            <\/div>\n        <\/div>\n    <\/div>\n    <div data-subtitles=\"fr\" class=\"video__iframe hidden\"><iframe loading=\"lazy\" title=\"#2 Viens partager l\u2019aventure |  Entreprendre sa vie\" width=\"640\" height=\"360\" src=\"https:\/\/www.youtube.com\/embed\/wSpjqcoE6_o?feature=oembed\" frameborder=\"0\" allow=\"accelerometer; autoplay; clipboard-write; encrypted-media; gyroscope; picture-in-picture; web-share\" referrerpolicy=\"strict-origin-when-cross-origin\" allowfullscreen><\/iframe><\/div>\n<\/div>\n\n\n\n<div style=\"height:47px\" aria-hidden=\"true\" class=\"wp-block-spacer\"><\/div>\n\n\n\n<div class=\"wp-block-buttons is-horizontal is-content-justification-center is-layout-flex wp-container-core-buttons-is-layout-499968f5 wp-block-buttons-is-layout-flex\">\n<div class=\"wp-block-button is-style-fill\"><a class=\"wp-block-button__link has-re-yellow-color has-re-red-background-color has-text-color has-background wp-element-button\" href=\"https:\/\/www.reseau-entreprendre.org\/essonne\/formulaire-benevole\/\">Je souhaite <strong>devenir Membre <\/strong><\/a><\/div>\n<\/div>\n\n\n\n<div style=\"height:47px\" aria-hidden=\"true\" class=\"wp-block-spacer\"><\/div>\n\n\n\n<div class=\"wp-block-group p-5 has-background\" style=\"background-color:#f8f8fc\"><div class=\"wp-block-group__inner-container is-layout-flow wp-block-group-is-layout-flow\">\n<h2 class=\"wp-block-heading has-text-align-center has-re-blue-color has-text-color\">Une implication \u00e0 la carte<\/h2>\n\n\n\n<div style=\"height:26px\" aria-hidden=\"true\" class=\"wp-block-spacer\"><\/div>\n\n\n\n<div class=\"wp-block-buttons is-layout-flex wp-block-buttons-is-layout-flex\"><\/div>\n\n\n\n<p class=\"has-text-align-center\">L\u2019implication au R\u00e9seau Entreprendre Essonne est \u00e0 la carte et peut se faire de diff\u00e9rentes mani\u00e8res : participer \u00e0 la s\u00e9lection des projets, accompagner des entrepreneurs, booster des projets et participer \u00e0 la vie active de l\u2019association, notamment via un soutien financier.<\/p>\n\n\n\n<div style=\"height:24px\" aria-hidden=\"true\" class=\"wp-block-spacer\"><\/div>\n\n\n\n<div class=\"wp-block-columns mb-0 is-layout-flex wp-container-core-columns-is-layout-9d6595d7 wp-block-columns-is-layout-flex\">\n<div class=\"wp-block-column is-layout-flow wp-block-column-is-layout-flow\">\n<p class=\"has-text-align-center\"><strong>Rejoignez un r\u00e9seau actif de dirigeants<\/strong><\/p>\n\n\n\n<p class=\"has-text-align-center has-normal-font-size\">Plus d\u2019une centaine de chefs d\u2019entreprise humanistes en Essonne qui favorisent la cr\u00e9ation d\u2019emplois<\/p>\n<\/div>\n\n\n\n<div class=\"wp-block-column is-layout-flow wp-block-column-is-layout-flow\">\n<p class=\"has-text-align-center\"><strong>Impliquez-vous dans l\u2019\u00e9cosyst\u00e8me entrepreneurial<\/strong><\/p>\n\n\n\n<p class=\"has-text-align-center has-normal-font-size\">gr\u00e2ce aux rencontres et \u00e9v\u00e8nements de R\u00e9seau Entreprendre Essonne<\/p>\n<\/div>\n\n\n\n<div class=\"wp-block-column is-layout-flow wp-block-column-is-layout-flow\">\n<p class=\"has-text-align-center\"><strong>Apprenez au contact de nouveaux entrepreneurs<\/strong><\/p>\n\n\n\n<p class=\"has-text-align-center has-normal-font-size\">entretenez une veille sur les innovations et les jeunes entreprises prometteuses tout en transmettant votre exp\u00e9rience<\/p>\n<\/div>\n<\/div>\n<\/div><\/div>\n\n\n\n<div style=\"height:50px\" aria-hidden=\"true\" class=\"wp-block-spacer\"><\/div>\n\n\n\n<p class=\"has-text-align-center\">L&#8217;engagement des chefs d&#8217;entreprise au sein de R\u00e9seau Entreprendre Essonne est aliment\u00e9 par leur&nbsp;<strong>passion de l&#8217;entrepreneuriat et leur envie de la transmettre \u00e0 de nouveaux entrepreneurs dans un esprit de citoyennet\u00e9 \u00e9conomique.<\/strong><\/p>\n\n\n\n<div style=\"height:37px\" aria-hidden=\"true\" class=\"wp-block-spacer\"><\/div>\n\n\n\n<div class=\"wp-block-group p-5 has-background\" style=\"background-color:#f8f8fc\"><div class=\"wp-block-group__inner-container is-layout-flow wp-block-group-is-layout-flow\">\n<div class=\"wp-block-buttons is-horizontal is-content-justification-center is-layout-flex wp-container-core-buttons-is-layout-499968f5 wp-block-buttons-is-layout-flex\">\n<div class=\"wp-block-button is-style-fill\"><a class=\"wp-block-button__link has-re-yellow-color has-re-red-background-color has-text-color has-background wp-element-button\" href=\"https:\/\/www.reseau-entreprendre.org\/essonne\/formulaire-benevole\/\">Je souhaite<strong> devenir membre<\/strong><\/a><\/div>\n<\/div>\n\n\n\n<div style=\"height:26px\" aria-hidden=\"true\" class=\"wp-block-spacer\"><\/div>\n\n\n\n<p class=\"has-text-align-center\">Vous \u00eates un chef d\u2019entreprise et vous souhaitez faire b\u00e9n\u00e9ficier de votre exp\u00e9rience et vous enrichir aupr\u00e8s de jeunes entrepreneurs prometteurs, \u00e9nergiques et plein de bonnes id\u00e9es ? Vous partagez nos valeurs ? Devenez membre de R\u00e9seau Entreprendre Essonne !<\/p>\n\n\n\n<div style=\"height:24px\" aria-hidden=\"true\" class=\"wp-block-spacer\"><\/div>\n\n\n\n<h2 class=\"wp-block-heading has-text-align-center has-re-blue-color has-text-color\">Int\u00e9grez notre communaut\u00e9<\/h2>\n<\/div><\/div>\n\n\n\n<p><\/p>\n","protected":false},"excerpt":{"rendered":"<p>Qu&#8217;est ce qu&#8217;un Membre R\u00e9seau Entreprendre ? Quelles sont les<\/p>\n","protected":false},"author":134,"featured_media":0,"parent":0,"menu_order":0,"comment_status":"closed","ping_status":"closed","template":"","meta":{"_acf_changed":false,"_monsterinsights_skip_tracking":false,"_monsterinsights_sitenote_active":false,"_monsterinsights_sitenote_note":"","_monsterinsights_sitenote_category":0,"footnotes":""},"class_list":["post-15","page","type-page","status-publish","hentry"],"acf":[],"yoast_head":"<!-- This site is optimized with the Yoast SEO plugin v27.4 - https:\/\/yoast.com\/product\/yoast-seo-wordpress\/ -->\n<title>Accompagner| Reseau Entreprendre Essonne<\/title>\n<meta name=\"description\" content=\"Vous \u00eates chef d&#039;entreprise et souhaitez accompagner de nouveaux entrepreneurs ? Devenez membre b\u00e9n\u00e9vole de R\u00e9seau Entreprendre Essonne !\" \/>\n<meta name=\"robots\" content=\"index, follow, max-snippet:-1, max-image-preview:large, max-video-preview:-1\" \/>\n<link rel=\"canonical\" href=\"https:\/\/www.reseau-entreprendre.org\/essonne\/sengager\/\" \/>\n<meta property=\"og:locale\" content=\"fr_FR\" \/>\n<meta property=\"og:type\" content=\"article\" \/>\n<meta property=\"og:title\" content=\"Accompagner| Reseau Entreprendre Essonne\" \/>\n<meta property=\"og:description\" content=\"Vous \u00eates chef d&#039;entreprise et souhaitez accompagner de nouveaux entrepreneurs ? Devenez membre b\u00e9n\u00e9vole de R\u00e9seau Entreprendre Essonne !\" \/>\n<meta property=\"og:url\" content=\"https:\/\/www.reseau-entreprendre.org\/essonne\/sengager\/\" \/>\n<meta property=\"og:site_name\" content=\"R\u00e9seau Entreprendre Essonne\" \/>\n<meta property=\"article:modified_time\" content=\"2025-04-17T13:20:08+00:00\" \/>\n<meta name=\"twitter:card\" content=\"summary_large_image\" \/>\n<meta name=\"twitter:label1\" content=\"Dur\u00e9e de lecture estim\u00e9e\" \/>\n\t<meta name=\"twitter:data1\" content=\"2 minutes\" \/>\n<script type=\"application\/ld+json\" class=\"yoast-schema-graph\">{\"@context\":\"https:\\\/\\\/schema.org\",\"@graph\":[{\"@type\":\"WebPage\",\"@id\":\"https:\\\/\\\/www.reseau-entreprendre.org\\\/essonne\\\/sengager\\\/\",\"url\":\"https:\\\/\\\/www.reseau-entreprendre.org\\\/essonne\\\/sengager\\\/\",\"name\":\"Accompagner| Reseau Entreprendre Essonne\",\"isPartOf\":{\"@id\":\"https:\\\/\\\/www.reseau-entreprendre.org\\\/essonne\\\/#website\"},\"datePublished\":\"2017-04-28T10:33:47+00:00\",\"dateModified\":\"2025-04-17T13:20:08+00:00\",\"description\":\"Vous \u00eates chef d'entreprise et souhaitez accompagner de nouveaux entrepreneurs ? Devenez membre b\u00e9n\u00e9vole de R\u00e9seau Entreprendre Essonne !\",\"breadcrumb\":{\"@id\":\"https:\\\/\\\/www.reseau-entreprendre.org\\\/essonne\\\/sengager\\\/#breadcrumb\"},\"inLanguage\":\"fr-FR\",\"potentialAction\":[{\"@type\":\"ReadAction\",\"target\":[\"https:\\\/\\\/www.reseau-entreprendre.org\\\/essonne\\\/sengager\\\/\"]}]},{\"@type\":\"BreadcrumbList\",\"@id\":\"https:\\\/\\\/www.reseau-entreprendre.org\\\/essonne\\\/sengager\\\/#breadcrumb\",\"itemListElement\":[{\"@type\":\"ListItem\",\"position\":1,\"name\":\"Accueil\",\"item\":\"https:\\\/\\\/www.reseau-entreprendre.org\\\/essonne\\\/\"},{\"@type\":\"ListItem\",\"position\":2,\"name\":\"ACCOMPAGNER\"}]},{\"@type\":\"WebSite\",\"@id\":\"https:\\\/\\\/www.reseau-entreprendre.org\\\/essonne\\\/#website\",\"url\":\"https:\\\/\\\/www.reseau-entreprendre.org\\\/essonne\\\/\",\"name\":\"R\u00e9seau Entreprendre Essonne\",\"description\":\"\",\"potentialAction\":[{\"@type\":\"SearchAction\",\"target\":{\"@type\":\"EntryPoint\",\"urlTemplate\":\"https:\\\/\\\/www.reseau-entreprendre.org\\\/essonne\\\/?s={search_term_string}\"},\"query-input\":{\"@type\":\"PropertyValueSpecification\",\"valueRequired\":true,\"valueName\":\"search_term_string\"}}],\"inLanguage\":\"fr-FR\"}]}<\/script>\n<!-- \/ Yoast SEO plugin. -->","yoast_head_json":{"title":"Accompagner| Reseau Entreprendre Essonne","description":"Vous \u00eates chef d'entreprise et souhaitez accompagner de nouveaux entrepreneurs ? Devenez membre b\u00e9n\u00e9vole de R\u00e9seau Entreprendre Essonne !","robots":{"index":"index","follow":"follow","max-snippet":"max-snippet:-1","max-image-preview":"max-image-preview:large","max-video-preview":"max-video-preview:-1"},"canonical":"https:\/\/www.reseau-entreprendre.org\/essonne\/sengager\/","og_locale":"fr_FR","og_type":"article","og_title":"Accompagner| Reseau Entreprendre Essonne","og_description":"Vous \u00eates chef d'entreprise et souhaitez accompagner de nouveaux entrepreneurs ? Devenez membre b\u00e9n\u00e9vole de R\u00e9seau Entreprendre Essonne !","og_url":"https:\/\/www.reseau-entreprendre.org\/essonne\/sengager\/","og_site_name":"R\u00e9seau Entreprendre Essonne","article_modified_time":"2025-04-17T13:20:08+00:00","twitter_card":"summary_large_image","twitter_misc":{"Dur\u00e9e de lecture estim\u00e9e":"2 minutes"},"schema":{"@context":"https:\/\/schema.org","@graph":[{"@type":"WebPage","@id":"https:\/\/www.reseau-entreprendre.org\/essonne\/sengager\/","url":"https:\/\/www.reseau-entreprendre.org\/essonne\/sengager\/","name":"Accompagner| Reseau Entreprendre Essonne","isPartOf":{"@id":"https:\/\/www.reseau-entreprendre.org\/essonne\/#website"},"datePublished":"2017-04-28T10:33:47+00:00","dateModified":"2025-04-17T13:20:08+00:00","description":"Vous \u00eates chef d'entreprise et souhaitez accompagner de nouveaux entrepreneurs ? Devenez membre b\u00e9n\u00e9vole de R\u00e9seau Entreprendre Essonne !","breadcrumb":{"@id":"https:\/\/www.reseau-entreprendre.org\/essonne\/sengager\/#breadcrumb"},"inLanguage":"fr-FR","potentialAction":[{"@type":"ReadAction","target":["https:\/\/www.reseau-entreprendre.org\/essonne\/sengager\/"]}]},{"@type":"BreadcrumbList","@id":"https:\/\/www.reseau-entreprendre.org\/essonne\/sengager\/#breadcrumb","itemListElement":[{"@type":"ListItem","position":1,"name":"Accueil","item":"https:\/\/www.reseau-entreprendre.org\/essonne\/"},{"@type":"ListItem","position":2,"name":"ACCOMPAGNER"}]},{"@type":"WebSite","@id":"https:\/\/www.reseau-entreprendre.org\/essonne\/#website","url":"https:\/\/www.reseau-entreprendre.org\/essonne\/","name":"R\u00e9seau Entreprendre Essonne","description":"","potentialAction":[{"@type":"SearchAction","target":{"@type":"EntryPoint","urlTemplate":"https:\/\/www.reseau-entreprendre.org\/essonne\/?s={search_term_string}"},"query-input":{"@type":"PropertyValueSpecification","valueRequired":true,"valueName":"search_term_string"}}],"inLanguage":"fr-FR"}]}},"_links":{"self":[{"href":"https:\/\/www.reseau-entreprendre.org\/essonne\/wp-json\/wp\/v2\/pages\/15","targetHints":{"allow":["GET"]}}],"collection":[{"href":"https:\/\/www.reseau-entreprendre.org\/essonne\/wp-json\/wp\/v2\/pages"}],"about":[{"href":"https:\/\/www.reseau-entreprendre.org\/essonne\/wp-json\/wp\/v2\/types\/page"}],"author":[{"embeddable":true,"href":"https:\/\/www.reseau-entreprendre.org\/essonne\/wp-json\/wp\/v2\/users\/134"}],"replies":[{"embeddable":true,"href":"https:\/\/www.reseau-entreprendre.org\/essonne\/wp-json\/wp\/v2\/comments?post=15"}],"version-history":[{"count":0,"href":"https:\/\/www.reseau-entreprendre.org\/essonne\/wp-json\/wp\/v2\/pages\/15\/revisions"}],"wp:attachment":[{"href":"https:\/\/www.reseau-entreprendre.org\/essonne\/wp-json\/wp\/v2\/media?parent=15"}],"curies":[{"name":"wp","href":"https:\/\/api.w.org\/{rel}","templated":true}]}}