{"id":1851,"date":"2022-04-21T10:33:05","date_gmt":"2022-04-21T08:33:05","guid":{"rendered":"https:\/\/www.reseau-entreprendre.org\/essonne\/?page_id=1851"},"modified":"2023-09-07T15:23:32","modified_gmt":"2023-09-07T13:23:32","slug":"calendrier-evenements","status":"publish","type":"page","link":"https:\/\/www.reseau-entreprendre.org\/essonne\/calendrier-evenements\/","title":{"rendered":"CALENDRIER DE NOS \u00c9V\u00c9NEMENTS"},"content":{"rendered":"\n<p class=\"has-text-align-left has-re-blue-color has-text-color\" style=\"font-size:24px\"><em><mark style=\"background-color:#ffffff;color:#000000\" class=\"has-inline-color\">D\u00e9couvrez<\/mark><strong> les prochains \u00e9v\u00e8nements<\/strong><mark style=\"background-color:#ffffff;color:#000000\" class=\"has-inline-color\">et<\/mark><strong> les dates<\/strong><mark style=\"background-color:#ffffff\" class=\"has-inline-color\">\u00e0 ne pas manquer,<\/mark><strong><mark style=\"background-color:#ffffff\" class=\"has-inline-color has-re-yellow-color\">inscrivez-vous directement !<\/mark><\/strong><\/em><\/p>\n\n\n\n<p class=\"has-text-align-left\" style=\"font-size:22px\"><em><strong><mark style=\"background-color:#ffffff\" class=\"has-inline-color has-re-red-color\">Cliquez <\/mark><\/strong>sur les \u00e9v\u00e8nements pour avoir plus de d\u00e9tails<\/em>.<\/p>\n\n\n\n<p class=\"has-text-align-center\"><div id=\"mec_skin_1827\" class=\"mec-wrap   \">\r\n\r\n    \r\n    <div class=\"mec-calendar mec-box-calendar mec-event-calendar-classic mec-event-container-novel\" id=\"mec_skin_events_1827_full\">\r\n                <div class=\"mec-calendar-side mec-clear\">\r\n                        <div class=\"mec-skin-monthly-view-month-navigator-container\">\r\n                <div class=\"mec-month-navigator\" id=\"mec_month_navigator_1827_202605\"><div class=\"mec-previous-month mec-load-month mec-previous-month\" data-mec-year=\"2026\" data-mec-month=\"04\"><a href=\"#\" class=\"mec-load-month-link\"><i class=\"mec-sl-angle-left\"><\/i> avril<\/a><\/div><div class=\"mec-calendar-header\"><h2>mai 2026<\/h2><\/div><div class=\"mec-next-month mec-load-month mec-next-month\" data-mec-year=\"2026\" data-mec-month=\"06\"><a href=\"#\" class=\"mec-load-month-link\">juin <i class=\"mec-sl-angle-right\"><\/i><\/a><\/div><\/div>\r\n            <\/div>\r\n            \r\n            <div class=\"mec-calendar-table\" id=\"mec_skin_events_1827\">\r\n                <div class=\"mec-month-container mec-month-container-selected\" id=\"mec_monthly_view_month_1827_202605\" data-month-id=\"202605\"><dl class=\"mec-calendar-table-head\"><dt class=\"mec-calendar-day-head\">LUN<\/dt><dt class=\"mec-calendar-day-head\">MAR<\/dt><dt class=\"mec-calendar-day-head\">MER<\/dt><dt class=\"mec-calendar-day-head\">JEU<\/dt><dt class=\"mec-calendar-day-head\">VEN<\/dt><dt class=\"mec-calendar-day-head\">SAM<\/dt><dt class=\"mec-calendar-day-head\">DIM<\/dt><\/dl><dl class=\"mec-calendar-row\">\r\n    <dt class=\"mec-table-nullday\">27<\/dt><dt class=\"mec-table-nullday\">28<\/dt><dt class=\"mec-table-nullday\">29<\/dt><dt class=\"mec-table-nullday\">30<\/dt><dt class=\"mec-calendar-day \" data-mec-cell=\"20260501\" data-day=\"1\" data-month=\"202605\">1<\/dt><\/dt><dt class=\"mec-calendar-day \" data-mec-cell=\"20260502\" data-day=\"2\" data-month=\"202605\">2<\/dt><\/dt><dt class=\"mec-calendar-day  mec-selected-day\" data-mec-cell=\"20260503\" data-day=\"3\" data-month=\"202605\">3<\/dt><\/dt><\/dl><dl class=\"mec-calendar-row\"><dt class=\"mec-calendar-day \" data-mec-cell=\"20260504\" data-day=\"4\" data-month=\"202605\">4<\/dt><\/dt><dt class=\"mec-calendar-day \" data-mec-cell=\"20260505\" data-day=\"5\" data-month=\"202605\"><div class=\"mec-calendar-novel-selected-day \">5<\/div><a class=\"event-single-link-novel\" data-event-id=\"4529\" href=\"https:\/\/www.reseau-entreprendre.org\/essonne\/events\/comite-dengagement-%f0%9f%8e%93-17h00-30\/\" target=\"_blank\"><div style=\"background:#e14d43\" class=\"mec-single-event-novel mec-event-article \"><h4 class=\"mec-event-title\">Comit\u00e9 d\u2019Engagement &#x1f393; \u2013 17h00<\/h4><\/div><\/a><\/dt><dt class=\"mec-calendar-day \" data-mec-cell=\"20260506\" data-day=\"6\" data-month=\"202605\">6<\/dt><\/dt><dt class=\"mec-calendar-day \" data-mec-cell=\"20260507\" data-day=\"7\" data-month=\"202605\">7<\/dt><\/dt><dt class=\"mec-calendar-day \" data-mec-cell=\"20260508\" data-day=\"8\" data-month=\"202605\">8<\/dt><\/dt><dt class=\"mec-calendar-day \" data-mec-cell=\"20260509\" data-day=\"9\" data-month=\"202605\">9<\/dt><\/dt><dt class=\"mec-calendar-day \" data-mec-cell=\"20260510\" data-day=\"10\" data-month=\"202605\">10<\/dt><\/dt><\/dl><dl class=\"mec-calendar-row\"><dt class=\"mec-calendar-day \" data-mec-cell=\"20260511\" data-day=\"11\" data-month=\"202605\">11<\/dt><\/dt><dt class=\"mec-calendar-day \" data-mec-cell=\"20260512\" data-day=\"12\" data-month=\"202605\">12<\/dt><\/dt><dt class=\"mec-calendar-day \" data-mec-cell=\"20260513\" data-day=\"13\" data-month=\"202605\">13<\/dt><\/dt><dt class=\"mec-calendar-day \" data-mec-cell=\"20260514\" data-day=\"14\" data-month=\"202605\">14<\/dt><\/dt><dt class=\"mec-calendar-day \" data-mec-cell=\"20260515\" data-day=\"15\" data-month=\"202605\">15<\/dt><\/dt><dt class=\"mec-calendar-day \" data-mec-cell=\"20260516\" data-day=\"16\" data-month=\"202605\">16<\/dt><\/dt><dt class=\"mec-calendar-day \" data-mec-cell=\"20260517\" data-day=\"17\" data-month=\"202605\">17<\/dt><\/dt><\/dl><dl class=\"mec-calendar-row\"><dt class=\"mec-calendar-day \" data-mec-cell=\"20260518\" data-day=\"18\" data-month=\"202605\">18<\/dt><\/dt><dt class=\"mec-calendar-day \" data-mec-cell=\"20260519\" data-day=\"19\" data-month=\"202605\"><div class=\"mec-calendar-novel-selected-day \">19<\/div><a class=\"event-single-link-novel\" data-event-id=\"4530\" href=\"https:\/\/www.reseau-entreprendre.org\/essonne\/events\/comite-dengagement-%f0%9f%8e%93-17h00-31\/\" target=\"_blank\"><div style=\"background:#e14d43\" class=\"mec-single-event-novel mec-event-article \"><h4 class=\"mec-event-title\">Comit\u00e9 d\u2019Engagement &#x1f393; \u2013 17h00<\/h4><\/div><\/a><\/dt><dt class=\"mec-calendar-day \" data-mec-cell=\"20260520\" data-day=\"20\" data-month=\"202605\">20<\/dt><\/dt><dt class=\"mec-calendar-day \" data-mec-cell=\"20260521\" data-day=\"21\" data-month=\"202605\">21<\/dt><\/dt><dt class=\"mec-calendar-day \" data-mec-cell=\"20260522\" data-day=\"22\" data-month=\"202605\">22<\/dt><\/dt><dt class=\"mec-calendar-day \" data-mec-cell=\"20260523\" data-day=\"23\" data-month=\"202605\">23<\/dt><\/dt><dt class=\"mec-calendar-day \" data-mec-cell=\"20260524\" data-day=\"24\" data-month=\"202605\">24<\/dt><\/dt><\/dl><dl class=\"mec-calendar-row\"><dt class=\"mec-calendar-day \" data-mec-cell=\"20260525\" data-day=\"25\" data-month=\"202605\">25<\/dt><\/dt><dt class=\"mec-calendar-day \" data-mec-cell=\"20260526\" data-day=\"26\" data-month=\"202605\">26<\/dt><\/dt><dt class=\"mec-calendar-day \" data-mec-cell=\"20260527\" data-day=\"27\" data-month=\"202605\">27<\/dt><\/dt><dt class=\"mec-calendar-day \" data-mec-cell=\"20260528\" data-day=\"28\" data-month=\"202605\">28<\/dt><\/dt><dt class=\"mec-calendar-day \" data-mec-cell=\"20260529\" data-day=\"29\" data-month=\"202605\">29<\/dt><\/dt><dt class=\"mec-calendar-day \" data-mec-cell=\"20260530\" data-day=\"30\" data-month=\"202605\">30<\/dt><\/dt><dt class=\"mec-calendar-day \" data-mec-cell=\"20260531\" data-day=\"31\" data-month=\"202605\">31<\/dt><\/dt><\/dl><dl class=\"mec-calendar-row\"><\/dl>\r\n<\/div>\r\n            <\/div>\r\n\r\n                    <\/div>\r\n            <\/div>\r\n\r\n        \r\n        <div class=\"mec-modal-result\"><\/div>\r\n\r\n<\/div>\n\n\n\n<p><\/p>\n","protected":false},"excerpt":{"rendered":"<p>D\u00e9couvrez les prochains \u00e9v\u00e8nementset les dates\u00e0 ne pas manquer,inscrivez-vous directement<\/p>\n","protected":false},"author":112,"featured_media":0,"parent":0,"menu_order":0,"comment_status":"closed","ping_status":"closed","template":"","meta":{"_acf_changed":false,"_monsterinsights_skip_tracking":false,"_monsterinsights_sitenote_active":false,"_monsterinsights_sitenote_note":"","_monsterinsights_sitenote_category":0,"footnotes":""},"class_list":["post-1851","page","type-page","status-publish","hentry"],"acf":[],"yoast_head":"<!-- This site is optimized with the Yoast SEO plugin v27.4 - https:\/\/yoast.com\/product\/yoast-seo-wordpress\/ -->\n<title>Calendrier de nos \u00e9v\u00e9nements - R\u00e9seau Entreprendre Essonne<\/title>\n<meta name=\"description\" content=\"D\u00e9couvrez les prochains \u00e9v\u00e9nements et les dates \u00e0 ne pas manquer gr\u00e2ce au calendrier de nos \u00e9v\u00e9nements : Breakfast &amp; R\u00e9seau, Club, Conviviale\" \/>\n<meta name=\"robots\" content=\"index, follow, max-snippet:-1, max-image-preview:large, max-video-preview:-1\" \/>\n<link rel=\"canonical\" href=\"https:\/\/www.reseau-entreprendre.org\/essonne\/calendrier-evenements\/\" \/>\n<meta property=\"og:locale\" content=\"fr_FR\" \/>\n<meta property=\"og:type\" content=\"article\" \/>\n<meta property=\"og:title\" content=\"Calendrier de nos \u00e9v\u00e9nements - R\u00e9seau Entreprendre Essonne\" \/>\n<meta property=\"og:description\" content=\"D\u00e9couvrez les prochains \u00e9v\u00e9nements et les dates \u00e0 ne pas manquer gr\u00e2ce au calendrier de nos \u00e9v\u00e9nements : Breakfast &amp; R\u00e9seau, Club, Conviviale\" \/>\n<meta property=\"og:url\" content=\"https:\/\/www.reseau-entreprendre.org\/essonne\/calendrier-evenements\/\" \/>\n<meta property=\"og:site_name\" content=\"R\u00e9seau Entreprendre Essonne\" \/>\n<meta property=\"article:modified_time\" content=\"2023-09-07T13:23:32+00:00\" \/>\n<meta name=\"twitter:card\" content=\"summary_large_image\" \/>\n<meta name=\"twitter:label1\" content=\"Dur\u00e9e de lecture estim\u00e9e\" \/>\n\t<meta name=\"twitter:data1\" content=\"1 minute\" \/>\n<script type=\"application\/ld+json\" class=\"yoast-schema-graph\">{\"@context\":\"https:\\\/\\\/schema.org\",\"@graph\":[{\"@type\":\"WebPage\",\"@id\":\"https:\\\/\\\/www.reseau-entreprendre.org\\\/essonne\\\/calendrier-evenements\\\/\",\"url\":\"https:\\\/\\\/www.reseau-entreprendre.org\\\/essonne\\\/calendrier-evenements\\\/\",\"name\":\"Calendrier de nos \u00e9v\u00e9nements - R\u00e9seau Entreprendre Essonne\",\"isPartOf\":{\"@id\":\"https:\\\/\\\/www.reseau-entreprendre.org\\\/essonne\\\/#website\"},\"datePublished\":\"2022-04-21T08:33:05+00:00\",\"dateModified\":\"2023-09-07T13:23:32+00:00\",\"description\":\"D\u00e9couvrez les prochains \u00e9v\u00e9nements et les dates \u00e0 ne pas manquer gr\u00e2ce au calendrier de nos \u00e9v\u00e9nements : Breakfast & R\u00e9seau, Club, Conviviale\",\"breadcrumb\":{\"@id\":\"https:\\\/\\\/www.reseau-entreprendre.org\\\/essonne\\\/calendrier-evenements\\\/#breadcrumb\"},\"inLanguage\":\"fr-FR\",\"potentialAction\":[{\"@type\":\"ReadAction\",\"target\":[\"https:\\\/\\\/www.reseau-entreprendre.org\\\/essonne\\\/calendrier-evenements\\\/\"]}]},{\"@type\":\"BreadcrumbList\",\"@id\":\"https:\\\/\\\/www.reseau-entreprendre.org\\\/essonne\\\/calendrier-evenements\\\/#breadcrumb\",\"itemListElement\":[{\"@type\":\"ListItem\",\"position\":1,\"name\":\"Accueil\",\"item\":\"https:\\\/\\\/www.reseau-entreprendre.org\\\/essonne\\\/\"},{\"@type\":\"ListItem\",\"position\":2,\"name\":\"CALENDRIER DE NOS \u00c9V\u00c9NEMENTS\"}]},{\"@type\":\"WebSite\",\"@id\":\"https:\\\/\\\/www.reseau-entreprendre.org\\\/essonne\\\/#website\",\"url\":\"https:\\\/\\\/www.reseau-entreprendre.org\\\/essonne\\\/\",\"name\":\"R\u00e9seau Entreprendre Essonne\",\"description\":\"\",\"potentialAction\":[{\"@type\":\"SearchAction\",\"target\":{\"@type\":\"EntryPoint\",\"urlTemplate\":\"https:\\\/\\\/www.reseau-entreprendre.org\\\/essonne\\\/?s={search_term_string}\"},\"query-input\":{\"@type\":\"PropertyValueSpecification\",\"valueRequired\":true,\"valueName\":\"search_term_string\"}}],\"inLanguage\":\"fr-FR\"}]}<\/script>\n<!-- \/ Yoast SEO plugin. -->","yoast_head_json":{"title":"Calendrier de nos \u00e9v\u00e9nements - R\u00e9seau Entreprendre Essonne","description":"D\u00e9couvrez les prochains \u00e9v\u00e9nements et les dates \u00e0 ne pas manquer gr\u00e2ce au calendrier de nos \u00e9v\u00e9nements : Breakfast & R\u00e9seau, Club, Conviviale","robots":{"index":"index","follow":"follow","max-snippet":"max-snippet:-1","max-image-preview":"max-image-preview:large","max-video-preview":"max-video-preview:-1"},"canonical":"https:\/\/www.reseau-entreprendre.org\/essonne\/calendrier-evenements\/","og_locale":"fr_FR","og_type":"article","og_title":"Calendrier de nos \u00e9v\u00e9nements - R\u00e9seau Entreprendre Essonne","og_description":"D\u00e9couvrez les prochains \u00e9v\u00e9nements et les dates \u00e0 ne pas manquer gr\u00e2ce au calendrier de nos \u00e9v\u00e9nements : Breakfast & R\u00e9seau, Club, Conviviale","og_url":"https:\/\/www.reseau-entreprendre.org\/essonne\/calendrier-evenements\/","og_site_name":"R\u00e9seau Entreprendre Essonne","article_modified_time":"2023-09-07T13:23:32+00:00","twitter_card":"summary_large_image","twitter_misc":{"Dur\u00e9e de lecture estim\u00e9e":"1 minute"},"schema":{"@context":"https:\/\/schema.org","@graph":[{"@type":"WebPage","@id":"https:\/\/www.reseau-entreprendre.org\/essonne\/calendrier-evenements\/","url":"https:\/\/www.reseau-entreprendre.org\/essonne\/calendrier-evenements\/","name":"Calendrier de nos \u00e9v\u00e9nements - R\u00e9seau Entreprendre Essonne","isPartOf":{"@id":"https:\/\/www.reseau-entreprendre.org\/essonne\/#website"},"datePublished":"2022-04-21T08:33:05+00:00","dateModified":"2023-09-07T13:23:32+00:00","description":"D\u00e9couvrez les prochains \u00e9v\u00e9nements et les dates \u00e0 ne pas manquer gr\u00e2ce au calendrier de nos \u00e9v\u00e9nements : Breakfast & R\u00e9seau, Club, Conviviale","breadcrumb":{"@id":"https:\/\/www.reseau-entreprendre.org\/essonne\/calendrier-evenements\/#breadcrumb"},"inLanguage":"fr-FR","potentialAction":[{"@type":"ReadAction","target":["https:\/\/www.reseau-entreprendre.org\/essonne\/calendrier-evenements\/"]}]},{"@type":"BreadcrumbList","@id":"https:\/\/www.reseau-entreprendre.org\/essonne\/calendrier-evenements\/#breadcrumb","itemListElement":[{"@type":"ListItem","position":1,"name":"Accueil","item":"https:\/\/www.reseau-entreprendre.org\/essonne\/"},{"@type":"ListItem","position":2,"name":"CALENDRIER DE NOS \u00c9V\u00c9NEMENTS"}]},{"@type":"WebSite","@id":"https:\/\/www.reseau-entreprendre.org\/essonne\/#website","url":"https:\/\/www.reseau-entreprendre.org\/essonne\/","name":"R\u00e9seau Entreprendre Essonne","description":"","potentialAction":[{"@type":"SearchAction","target":{"@type":"EntryPoint","urlTemplate":"https:\/\/www.reseau-entreprendre.org\/essonne\/?s={search_term_string}"},"query-input":{"@type":"PropertyValueSpecification","valueRequired":true,"valueName":"search_term_string"}}],"inLanguage":"fr-FR"}]}},"_links":{"self":[{"href":"https:\/\/www.reseau-entreprendre.org\/essonne\/wp-json\/wp\/v2\/pages\/1851","targetHints":{"allow":["GET"]}}],"collection":[{"href":"https:\/\/www.reseau-entreprendre.org\/essonne\/wp-json\/wp\/v2\/pages"}],"about":[{"href":"https:\/\/www.reseau-entreprendre.org\/essonne\/wp-json\/wp\/v2\/types\/page"}],"author":[{"embeddable":true,"href":"https:\/\/www.reseau-entreprendre.org\/essonne\/wp-json\/wp\/v2\/users\/112"}],"replies":[{"embeddable":true,"href":"https:\/\/www.reseau-entreprendre.org\/essonne\/wp-json\/wp\/v2\/comments?post=1851"}],"version-history":[{"count":0,"href":"https:\/\/www.reseau-entreprendre.org\/essonne\/wp-json\/wp\/v2\/pages\/1851\/revisions"}],"wp:attachment":[{"href":"https:\/\/www.reseau-entreprendre.org\/essonne\/wp-json\/wp\/v2\/media?parent=1851"}],"curies":[{"name":"wp","href":"https:\/\/api.w.org\/{rel}","templated":true}]}}