{"id":4028,"date":"2025-03-26T15:51:17","date_gmt":"2025-03-26T14:51:17","guid":{"rendered":"https:\/\/www.reseau-entreprendre.org\/essonne\/?page_id=4028"},"modified":"2025-03-26T16:41:30","modified_gmt":"2025-03-26T15:41:30","slug":"actualites-du-reseau","status":"publish","type":"page","link":"https:\/\/www.reseau-entreprendre.org\/essonne\/actualites-du-reseau\/","title":{"rendered":"Actualit\u00e9s du R\u00e9seau"},"content":{"rendered":"<div data-block_f8dd0a32712f5b4f4b395f9e29c77069 class=\"re-home-newslist alignauto\">\n  <div class=\"pb-3 text-center\">\n    \n\n<p><\/p>\n\n\n  <\/div>\n\n  <div class=\"row\">\n    \n    \n                                            <div class=\"col-sm-4\">\n            <article class=\"news__card post-4381 post type-post status-publish format-standard has-post-thumbnail hentry category-actualites news\">\n  <figure>\n    \n    <a href=\"https:\/\/www.reseau-entreprendre.org\/essonne\/2025\/07\/22\/bienvenue-a-innpulse-nouveaux-laureats-%f0%9f%8e%89\/\">\n               <img loading=\"lazy\" decoding=\"async\" width=\"391\" height=\"383\" src=\"https:\/\/www.reseau-entreprendre.org\/essonne\/wp-content\/uploads\/sites\/16\/2025\/07\/Annonces-Nouveaux-laureats--391x383.png\" class=\"img-fluid wp-post-image\" alt=\"Guillaume PETRIAT\" \/>          <\/a>\n  <\/figure>\n  <aside>\n    <h2 class=\"entry-title\">Bienvenue \u00e0 Inn&#8217;Pulse, nouveaux laur\u00e9ats ! &#x1f389;<\/h2>\n    <footer>\n      <a class=\"readmore\" href=\"https:\/\/www.reseau-entreprendre.org\/essonne\/2025\/07\/22\/bienvenue-a-innpulse-nouveaux-laureats-%f0%9f%8e%89\/\">Lire la suite<\/a>\n      <span class=\"date\">22 juillet 2025<\/span>\n    <\/footer>\n\n    \n\n          <div class=\"tags\">\n                  <a href=\"https:\/\/www.reseau-entreprendre.org\/essonne\/actualites\/?categoryid=4\">\n            Actualit\u00e9s\n          <\/a>\n              <\/div>\n      <\/aside>\n<\/article>\n          <\/div>\n                                          <div class=\"col-sm-4\">\n            <article class=\"news__card post-4376 post type-post status-publish format-standard has-post-thumbnail hentry category-actualites news\">\n  <figure>\n    \n    <a href=\"https:\/\/www.reseau-entreprendre.org\/essonne\/2025\/07\/21\/lentrepreneuriat-a-lhonneur-retour-sur-une-journee-inspirante-aux-couleurs-de-lile-de-france\/\">\n               <img loading=\"lazy\" decoding=\"async\" width=\"391\" height=\"383\" src=\"https:\/\/www.reseau-entreprendre.org\/essonne\/wp-content\/uploads\/sites\/16\/2025\/07\/IMG_1607-391x383.jpeg\" class=\"img-fluid wp-post-image\" alt=\"photocall\" \/>          <\/a>\n  <\/figure>\n  <aside>\n    <h2 class=\"entry-title\">L\u2019entrepreneuriat \u00e0 l\u2019honneur : retour sur une Journ&hellip;<\/h2>\n    <footer>\n      <a class=\"readmore\" href=\"https:\/\/www.reseau-entreprendre.org\/essonne\/2025\/07\/21\/lentrepreneuriat-a-lhonneur-retour-sur-une-journee-inspirante-aux-couleurs-de-lile-de-france\/\">Lire la suite<\/a>\n      <span class=\"date\">21 juillet 2025<\/span>\n    <\/footer>\n\n    \n\n          <div class=\"tags\">\n                  <a href=\"https:\/\/www.reseau-entreprendre.org\/essonne\/actualites\/?categoryid=4\">\n            Actualit\u00e9s\n          <\/a>\n              <\/div>\n      <\/aside>\n<\/article>\n          <\/div>\n                                          <div class=\"col-sm-4\">\n            <article class=\"news__card post-4360 post type-post status-publish format-standard has-post-thumbnail hentry category-actualites news\">\n  <figure>\n    \n    <a href=\"https:\/\/www.reseau-entreprendre.org\/essonne\/2025\/06\/26\/%e2%98%95-bienvenue-a-lucas-fructus-nouveau-laureat-2025-de-reseau-entreprendre-essonne-%f0%9f%8e%89\/\">\n               <img loading=\"lazy\" decoding=\"async\" width=\"391\" height=\"383\" src=\"https:\/\/www.reseau-entreprendre.org\/essonne\/wp-content\/uploads\/sites\/16\/2025\/06\/marco.laureat-391x383.jpeg\" class=\"img-fluid wp-post-image\" alt=\"marco.laur\u00e9at\" \/>          <\/a>\n  <\/figure>\n  <aside>\n    <h2 class=\"entry-title\">&#x2615; Bienvenue \u00e0 Lucas Fructus, nouveau laur\u00e9at &hellip;<\/h2>\n    <footer>\n      <a class=\"readmore\" href=\"https:\/\/www.reseau-entreprendre.org\/essonne\/2025\/06\/26\/%e2%98%95-bienvenue-a-lucas-fructus-nouveau-laureat-2025-de-reseau-entreprendre-essonne-%f0%9f%8e%89\/\">Lire la suite<\/a>\n      <span class=\"date\">26 juin 2025<\/span>\n    <\/footer>\n\n    \n\n          <div class=\"tags\">\n                  <a href=\"https:\/\/www.reseau-entreprendre.org\/essonne\/actualites\/?categoryid=4\">\n            Actualit\u00e9s\n          <\/a>\n              <\/div>\n      <\/aside>\n<\/article>\n          <\/div>\n                    \n\n    \n    \n      <\/div>\n\n  <div class=\"text-center pt-5\">\n        <a class=\"btn btn-outline-re-blue\" href=\"https:\/\/www.reseau-entreprendre.org\/essonne\/actualites\/\">\n        Voir tout\n    <\/a>\n  <\/div>\n<\/div>\n\n\n\n<p><\/p>\n","protected":false},"excerpt":{"rendered":"","protected":false},"author":112,"featured_media":0,"parent":0,"menu_order":0,"comment_status":"closed","ping_status":"closed","template":"","meta":{"_acf_changed":false,"_monsterinsights_skip_tracking":false,"_monsterinsights_sitenote_active":false,"_monsterinsights_sitenote_note":"","_monsterinsights_sitenote_category":0,"footnotes":""},"class_list":["post-4028","page","type-page","status-publish","hentry"],"acf":[],"yoast_head":"<!-- This site is optimized with the Yoast SEO plugin v27.4 - https:\/\/yoast.com\/product\/yoast-seo-wordpress\/ -->\n<title>Actualit\u00e9s du R\u00e9seau - R\u00e9seau Entreprendre Essonne<\/title>\n<meta name=\"robots\" content=\"index, follow, max-snippet:-1, max-image-preview:large, max-video-preview:-1\" \/>\n<link rel=\"canonical\" href=\"https:\/\/www.reseau-entreprendre.org\/essonne\/actualites-du-reseau\/\" \/>\n<meta property=\"og:locale\" content=\"fr_FR\" \/>\n<meta property=\"og:type\" content=\"article\" \/>\n<meta property=\"og:title\" content=\"Actualit\u00e9s du R\u00e9seau - R\u00e9seau Entreprendre Essonne\" \/>\n<meta property=\"og:url\" content=\"https:\/\/www.reseau-entreprendre.org\/essonne\/actualites-du-reseau\/\" \/>\n<meta property=\"og:site_name\" content=\"R\u00e9seau Entreprendre Essonne\" \/>\n<meta property=\"article:modified_time\" content=\"2025-03-26T15:41:30+00:00\" \/>\n<meta name=\"twitter:card\" content=\"summary_large_image\" \/>\n<meta name=\"twitter:label1\" content=\"Dur\u00e9e de lecture estim\u00e9e\" \/>\n\t<meta name=\"twitter:data1\" content=\"1 minute\" \/>\n<script type=\"application\/ld+json\" class=\"yoast-schema-graph\">{\"@context\":\"https:\\\/\\\/schema.org\",\"@graph\":[{\"@type\":\"WebPage\",\"@id\":\"https:\\\/\\\/www.reseau-entreprendre.org\\\/essonne\\\/actualites-du-reseau\\\/\",\"url\":\"https:\\\/\\\/www.reseau-entreprendre.org\\\/essonne\\\/actualites-du-reseau\\\/\",\"name\":\"Actualit\u00e9s du R\u00e9seau - R\u00e9seau Entreprendre Essonne\",\"isPartOf\":{\"@id\":\"https:\\\/\\\/www.reseau-entreprendre.org\\\/essonne\\\/#website\"},\"datePublished\":\"2025-03-26T14:51:17+00:00\",\"dateModified\":\"2025-03-26T15:41:30+00:00\",\"breadcrumb\":{\"@id\":\"https:\\\/\\\/www.reseau-entreprendre.org\\\/essonne\\\/actualites-du-reseau\\\/#breadcrumb\"},\"inLanguage\":\"fr-FR\",\"potentialAction\":[{\"@type\":\"ReadAction\",\"target\":[\"https:\\\/\\\/www.reseau-entreprendre.org\\\/essonne\\\/actualites-du-reseau\\\/\"]}]},{\"@type\":\"BreadcrumbList\",\"@id\":\"https:\\\/\\\/www.reseau-entreprendre.org\\\/essonne\\\/actualites-du-reseau\\\/#breadcrumb\",\"itemListElement\":[{\"@type\":\"ListItem\",\"position\":1,\"name\":\"Accueil\",\"item\":\"https:\\\/\\\/www.reseau-entreprendre.org\\\/essonne\\\/\"},{\"@type\":\"ListItem\",\"position\":2,\"name\":\"Actualit\u00e9s du R\u00e9seau\"}]},{\"@type\":\"WebSite\",\"@id\":\"https:\\\/\\\/www.reseau-entreprendre.org\\\/essonne\\\/#website\",\"url\":\"https:\\\/\\\/www.reseau-entreprendre.org\\\/essonne\\\/\",\"name\":\"R\u00e9seau Entreprendre Essonne\",\"description\":\"\",\"potentialAction\":[{\"@type\":\"SearchAction\",\"target\":{\"@type\":\"EntryPoint\",\"urlTemplate\":\"https:\\\/\\\/www.reseau-entreprendre.org\\\/essonne\\\/?s={search_term_string}\"},\"query-input\":{\"@type\":\"PropertyValueSpecification\",\"valueRequired\":true,\"valueName\":\"search_term_string\"}}],\"inLanguage\":\"fr-FR\"}]}<\/script>\n<!-- \/ Yoast SEO plugin. -->","yoast_head_json":{"title":"Actualit\u00e9s du R\u00e9seau - R\u00e9seau Entreprendre Essonne","robots":{"index":"index","follow":"follow","max-snippet":"max-snippet:-1","max-image-preview":"max-image-preview:large","max-video-preview":"max-video-preview:-1"},"canonical":"https:\/\/www.reseau-entreprendre.org\/essonne\/actualites-du-reseau\/","og_locale":"fr_FR","og_type":"article","og_title":"Actualit\u00e9s du R\u00e9seau - R\u00e9seau Entreprendre Essonne","og_url":"https:\/\/www.reseau-entreprendre.org\/essonne\/actualites-du-reseau\/","og_site_name":"R\u00e9seau Entreprendre Essonne","article_modified_time":"2025-03-26T15:41:30+00:00","twitter_card":"summary_large_image","twitter_misc":{"Dur\u00e9e de lecture estim\u00e9e":"1 minute"},"schema":{"@context":"https:\/\/schema.org","@graph":[{"@type":"WebPage","@id":"https:\/\/www.reseau-entreprendre.org\/essonne\/actualites-du-reseau\/","url":"https:\/\/www.reseau-entreprendre.org\/essonne\/actualites-du-reseau\/","name":"Actualit\u00e9s du R\u00e9seau - R\u00e9seau Entreprendre Essonne","isPartOf":{"@id":"https:\/\/www.reseau-entreprendre.org\/essonne\/#website"},"datePublished":"2025-03-26T14:51:17+00:00","dateModified":"2025-03-26T15:41:30+00:00","breadcrumb":{"@id":"https:\/\/www.reseau-entreprendre.org\/essonne\/actualites-du-reseau\/#breadcrumb"},"inLanguage":"fr-FR","potentialAction":[{"@type":"ReadAction","target":["https:\/\/www.reseau-entreprendre.org\/essonne\/actualites-du-reseau\/"]}]},{"@type":"BreadcrumbList","@id":"https:\/\/www.reseau-entreprendre.org\/essonne\/actualites-du-reseau\/#breadcrumb","itemListElement":[{"@type":"ListItem","position":1,"name":"Accueil","item":"https:\/\/www.reseau-entreprendre.org\/essonne\/"},{"@type":"ListItem","position":2,"name":"Actualit\u00e9s du R\u00e9seau"}]},{"@type":"WebSite","@id":"https:\/\/www.reseau-entreprendre.org\/essonne\/#website","url":"https:\/\/www.reseau-entreprendre.org\/essonne\/","name":"R\u00e9seau Entreprendre Essonne","description":"","potentialAction":[{"@type":"SearchAction","target":{"@type":"EntryPoint","urlTemplate":"https:\/\/www.reseau-entreprendre.org\/essonne\/?s={search_term_string}"},"query-input":{"@type":"PropertyValueSpecification","valueRequired":true,"valueName":"search_term_string"}}],"inLanguage":"fr-FR"}]}},"_links":{"self":[{"href":"https:\/\/www.reseau-entreprendre.org\/essonne\/wp-json\/wp\/v2\/pages\/4028","targetHints":{"allow":["GET"]}}],"collection":[{"href":"https:\/\/www.reseau-entreprendre.org\/essonne\/wp-json\/wp\/v2\/pages"}],"about":[{"href":"https:\/\/www.reseau-entreprendre.org\/essonne\/wp-json\/wp\/v2\/types\/page"}],"author":[{"embeddable":true,"href":"https:\/\/www.reseau-entreprendre.org\/essonne\/wp-json\/wp\/v2\/users\/112"}],"replies":[{"embeddable":true,"href":"https:\/\/www.reseau-entreprendre.org\/essonne\/wp-json\/wp\/v2\/comments?post=4028"}],"version-history":[{"count":0,"href":"https:\/\/www.reseau-entreprendre.org\/essonne\/wp-json\/wp\/v2\/pages\/4028\/revisions"}],"wp:attachment":[{"href":"https:\/\/www.reseau-entreprendre.org\/essonne\/wp-json\/wp\/v2\/media?parent=4028"}],"curies":[{"name":"wp","href":"https:\/\/api.w.org\/{rel}","templated":true}]}}