{"id":4401,"date":"2025-09-22T09:44:40","date_gmt":"2025-09-22T07:44:40","guid":{"rendered":"https:\/\/www.reseau-entreprendre.org\/essonne\/?page_id=4401"},"modified":"2025-09-22T09:45:27","modified_gmt":"2025-09-22T07:45:27","slug":"fete-des-entrepreneurs-2025","status":"publish","type":"page","link":"https:\/\/www.reseau-entreprendre.org\/essonne\/fete-des-entrepreneurs-2025\/","title":{"rendered":"La F\u00eate des Entrepreneurs 2025"},"content":{"rendered":"\n<h3 class=\"wp-block-heading has-text-align-left\"><strong><mark class=\"has-inline-color has-re-blue-color\">La F\u00eate des Entrepreneurs, l&#8217;\u00e9v\u00e8nement entrepreneurial Essonnien \u00e0 ne pas louper !<\/mark><\/strong><\/h3>\n\n\n\n<h2 class=\"wp-block-heading has-text-align-center\"><span style=\"color: #00bf63\"><strong> <\/strong><\/span><\/h2>\n\n\n\n<h4 class=\"wp-block-heading has-text-align-left\">Une soir\u00e9e pour mettre \u00e0 l\u2019honneur <strong>ceux qui osent entreprendre<\/strong>, cr\u00e9er du lien entre chefs d\u2019entreprise, partenaires, porteurs de projets, et faire le plein d\u2019\u00e9nergie, d\u2019inspiration et de connexions.<\/h4>\n\n\n<div class=\"wp-block-image is-style-lifted-bottom\">\n<figure class=\"aligncenter size-large is-resized\"><img loading=\"lazy\" decoding=\"async\" width=\"724\" height=\"1024\" src=\"https:\/\/www.reseau-entreprendre.org\/essonne\/wp-content\/uploads\/sites\/16\/2025\/07\/Visuel-FDE-1-2-724x1024.png\" alt=\"\" class=\"wp-image-4415\" style=\"width:571px;height:auto\" srcset=\"https:\/\/www.reseau-entreprendre.org\/essonne\/wp-content\/uploads\/sites\/16\/2025\/07\/Visuel-FDE-1-2-724x1024.png 724w, https:\/\/www.reseau-entreprendre.org\/essonne\/wp-content\/uploads\/sites\/16\/2025\/07\/Visuel-FDE-1-2-212x300.png 212w, https:\/\/www.reseau-entreprendre.org\/essonne\/wp-content\/uploads\/sites\/16\/2025\/07\/Visuel-FDE-1-2-768x1086.png 768w, https:\/\/www.reseau-entreprendre.org\/essonne\/wp-content\/uploads\/sites\/16\/2025\/07\/Visuel-FDE-1-2-1086x1536.png 1086w, https:\/\/www.reseau-entreprendre.org\/essonne\/wp-content\/uploads\/sites\/16\/2025\/07\/Visuel-FDE-1-2-92x130.png 92w, https:\/\/www.reseau-entreprendre.org\/essonne\/wp-content\/uploads\/sites\/16\/2025\/07\/Visuel-FDE-1-2-71x100.png 71w, https:\/\/www.reseau-entreprendre.org\/essonne\/wp-content\/uploads\/sites\/16\/2025\/07\/Visuel-FDE-1-2.png 1414w\" sizes=\"auto, (max-width: 724px) 100vw, 724px\" \/><\/figure>\n<\/div>\n\n<div class=\"wp-block-image is-style-lifted-bottom\">\n<figure class=\"aligncenter size-full is-resized\"><img loading=\"lazy\" decoding=\"async\" width=\"646\" height=\"292\" src=\"https:\/\/www.reseau-entreprendre.org\/essonne\/wp-content\/uploads\/sites\/16\/2025\/09\/img-site-2.png\" alt=\"\" class=\"wp-image-4445\" style=\"width:571px;height:auto\" srcset=\"https:\/\/www.reseau-entreprendre.org\/essonne\/wp-content\/uploads\/sites\/16\/2025\/09\/img-site-2.png 646w, https:\/\/www.reseau-entreprendre.org\/essonne\/wp-content\/uploads\/sites\/16\/2025\/09\/img-site-2-300x136.png 300w, https:\/\/www.reseau-entreprendre.org\/essonne\/wp-content\/uploads\/sites\/16\/2025\/09\/img-site-2-210x95.png 210w, https:\/\/www.reseau-entreprendre.org\/essonne\/wp-content\/uploads\/sites\/16\/2025\/09\/img-site-2-100x45.png 100w\" sizes=\"auto, (max-width: 646px) 100vw, 646px\" \/><\/figure>\n<\/div>\n\n<div class=\"wp-block-image\">\n<figure class=\"aligncenter size-full is-resized\"><img loading=\"lazy\" decoding=\"async\" width=\"593\" height=\"112\" src=\"https:\/\/www.reseau-entreprendre.org\/essonne\/wp-content\/uploads\/sites\/16\/2025\/09\/site-img-3-1.png\" alt=\"\" class=\"wp-image-4444\" style=\"width:616px;height:auto\" srcset=\"https:\/\/www.reseau-entreprendre.org\/essonne\/wp-content\/uploads\/sites\/16\/2025\/09\/site-img-3-1.png 593w, https:\/\/www.reseau-entreprendre.org\/essonne\/wp-content\/uploads\/sites\/16\/2025\/09\/site-img-3-1-300x57.png 300w, https:\/\/www.reseau-entreprendre.org\/essonne\/wp-content\/uploads\/sites\/16\/2025\/09\/site-img-3-1-210x40.png 210w, https:\/\/www.reseau-entreprendre.org\/essonne\/wp-content\/uploads\/sites\/16\/2025\/09\/site-img-3-1-100x19.png 100w\" sizes=\"auto, (max-width: 593px) 100vw, 593px\" \/><\/figure>\n<\/div>\n\n\n<div style=\"height:53px\" aria-hidden=\"true\" class=\"wp-block-spacer\"><\/div>\n\n\n\n<p class=\"has-text-align-left\" style=\"font-size:28px\">Le grand <strong>rendez-vous annuel des entrepreneurs en Essonne<\/strong>, coorganis\u00e9 cette ann\u00e9e avec la Communaut\u00e9 d&#8217;Agglom\u00e9ration <a href=\"https:\/\/www.linkedin.com\/company\/grandparissud\/\">Grand Paris Sud<\/a>.<\/p>\n\n\n\n<p class=\"has-text-align-center\" style=\"font-size:28px\"><\/p>\n\n\n\n<p class=\"has-text-align-left\" style=\"font-size:28px\">&#x1f4c5;Jeudi<strong> 02 octobre<\/strong> 2025       <\/p>\n\n\n\n<p class=\"has-text-align-left\" style=\"font-size:28px\">&#x1f4cd;Institut Mines-T\u00e9l\u00e9com Business School<\/p>\n\n\n\n<p class=\"has-text-align-left\" style=\"font-size:28px\">9 Rue Charles Fournier, 91000 Evry-Courcouronnes <\/p>\n\n\n\n<div style=\"height:43px\" aria-hidden=\"true\" class=\"wp-block-spacer\"><\/div>\n\n\n\n<p class=\"has-text-align-center has-medium-font-size\"><strong>C\u00e9l\u00e9brons ensemble <mark class=\"has-inline-color has-re-blue-color\">ceux qui osent entreprendre<\/mark><\/strong> !<\/p>\n\n\n\n<div class=\"wp-block-buttons is-content-justification-center is-layout-flex wp-container-core-buttons-is-layout-16018d1d wp-block-buttons-is-layout-flex\">\n<div class=\"wp-block-button\"><a class=\"wp-block-button__link has-re-blue-background-color has-background has-medium-font-size has-custom-font-size wp-element-button\" href=\"https:\/\/my.weezevent.com\/fete-des-entrepreneurs-2025-la-sante-du-dirigeant?utm_source=F%C3%AAte+des+Entrepreneurs+2025&amp;utm_campaign=F%C3%AAte+des+Entrepreneurs+2025&amp;utm_id=F%C3%AAte+des+Entrepreneurs+2025\"><strong>Inscrivez vous ici<\/strong><\/a><\/div>\n<\/div>\n\n\n\n<div style=\"height:65px\" aria-hidden=\"true\" class=\"wp-block-spacer\"><\/div>\n\n\n\n<hr class=\"wp-block-separator has-alpha-channel-opacity\" \/>\n\n\n\n<div style=\"height:65px\" aria-hidden=\"true\" class=\"wp-block-spacer\"><\/div>\n\n\n\n<div style=\"height:60px\" aria-hidden=\"true\" class=\"wp-block-spacer\"><\/div>\n\n\n\n<div class=\"wp-block-columns is-layout-flex wp-container-core-columns-is-layout-9d6595d7 wp-block-columns-is-layout-flex\">\n<div class=\"wp-block-column is-layout-flow wp-block-column-is-layout-flow\" style=\"flex-basis:66.66%\">\n<div style=\"height:22px\" aria-hidden=\"true\" class=\"wp-block-spacer\"><\/div>\n\n\n\n<div class=\"wp-block-columns is-layout-flex wp-container-core-columns-is-layout-9d6595d7 wp-block-columns-is-layout-flex\">\n<div class=\"wp-block-column is-layout-flow wp-block-column-is-layout-flow\"><div class=\"su-button-center\"><a href=\"https:\/\/www.reseau-entreprendre.org\/essonne\/devenir-mecenes-de-la-fete-des-entrepreneurs-2022\/\" class=\"su-button su-button-style-3d\" style=\"color:#FFFFFF;background-color:#00749A;border-color:#005d7c;border-radius:8px\" target=\"_self\"><span style=\"color:#FFFFFF;padding:7px 22px;font-size:17px;line-height:26px;border-color:#4d9eb9;border-radius:8px;text-shadow:none\"><i class=\"sui sui-mouse-pointer\" style=\"font-size:17px;color:#00BF63\"><\/i> Devenir m\u00e9c\u00e8ne de la F\u00eate des Entrepreneurs !<\/span><\/a><\/div>\n<\/div>\n\n\n\n<div class=\"wp-block-column is-layout-flow wp-block-column-is-layout-flow\"><div class=\"su-button-center\"><a href=\"https:\/\/www.reseau-entreprendre.org\/essonne\/?page_id=2145&#038;preview=true\" class=\"su-button su-button-style-3d\" style=\"color:#FFFFFF;background-color:#00BF63;border-color:#009950;border-radius:8px\" target=\"_self\"><span style=\"color:#FFFFFF;padding:7px 22px;font-size:17px;line-height:26px;border-color:#4dd392;border-radius:8px;text-shadow:none\"><i class=\"sui sui-location-arrow\" style=\"font-size:17px;color:#ffffff\"><\/i> \u00c9ditions pr\u00e9c\u00e9dentes !<\/span><\/a><\/div>\n<\/div>\n<\/div>\n\n\n\n<div data-wp-interactive=\"core\/file\" class=\"wp-block-file\"><object data-wp-bind--hidden=\"!state.hasPdfPreview\" hidden class=\"wp-block-file__embed\" data=\"https:\/\/www.reseau-entreprendre.org\/essonne\/wp-content\/uploads\/sites\/16\/2025\/07\/2023_Reseau-Entreprendre_Guide-sante-des-dirigeants-1.pdf\" type=\"application\/pdf\" style=\"width:100%;height:600px\" aria-label=\"Contenu embarqu\u00e9 Reseau-Entreprendre_Guide-sante-des-dirigeants.\"><\/object><a id=\"wp-block-file--media-a879b1fb-0e93-4b4e-bc01-2c64960a44e0\" href=\"https:\/\/www.reseau-entreprendre.org\/essonne\/wp-content\/uploads\/sites\/16\/2025\/07\/2023_Reseau-Entreprendre_Guide-sante-des-dirigeants-1.pdf\">Reseau-Entreprendre_Guide-sante-des-dirigeants<\/a><a href=\"https:\/\/www.reseau-entreprendre.org\/essonne\/wp-content\/uploads\/sites\/16\/2025\/07\/2023_Reseau-Entreprendre_Guide-sante-des-dirigeants-1.pdf\" class=\"wp-block-file__button wp-element-button\" download aria-describedby=\"wp-block-file--media-a879b1fb-0e93-4b4e-bc01-2c64960a44e0\">T\u00e9l\u00e9charger<\/a><\/div>\n<\/div>\n\n\n\n<div class=\"wp-block-column is-layout-flow wp-block-column-is-layout-flow\" style=\"flex-basis:33.33%\">\n<figure class=\"wp-block-image size-full\"><img loading=\"lazy\" decoding=\"async\" width=\"2016\" height=\"1512\" src=\"https:\/\/www.reseau-entreprendre.org\/essonne\/wp-content\/uploads\/sites\/16\/2025\/05\/00-Campus-avec-new-logo-Institut-Mines-Telecom-Business-School.jpg\" alt=\"photo imt bs\" class=\"wp-image-4301\" srcset=\"https:\/\/www.reseau-entreprendre.org\/essonne\/wp-content\/uploads\/sites\/16\/2025\/05\/00-Campus-avec-new-logo-Institut-Mines-Telecom-Business-School.jpg 2016w, https:\/\/www.reseau-entreprendre.org\/essonne\/wp-content\/uploads\/sites\/16\/2025\/05\/00-Campus-avec-new-logo-Institut-Mines-Telecom-Business-School-300x225.jpg 300w, https:\/\/www.reseau-entreprendre.org\/essonne\/wp-content\/uploads\/sites\/16\/2025\/05\/00-Campus-avec-new-logo-Institut-Mines-Telecom-Business-School-1024x768.jpg 1024w, https:\/\/www.reseau-entreprendre.org\/essonne\/wp-content\/uploads\/sites\/16\/2025\/05\/00-Campus-avec-new-logo-Institut-Mines-Telecom-Business-School-768x576.jpg 768w, https:\/\/www.reseau-entreprendre.org\/essonne\/wp-content\/uploads\/sites\/16\/2025\/05\/00-Campus-avec-new-logo-Institut-Mines-Telecom-Business-School-1536x1152.jpg 1536w, https:\/\/www.reseau-entreprendre.org\/essonne\/wp-content\/uploads\/sites\/16\/2025\/05\/00-Campus-avec-new-logo-Institut-Mines-Telecom-Business-School-173x130.jpg 173w, https:\/\/www.reseau-entreprendre.org\/essonne\/wp-content\/uploads\/sites\/16\/2025\/05\/00-Campus-avec-new-logo-Institut-Mines-Telecom-Business-School-100x75.jpg 100w\" sizes=\"auto, (max-width: 2016px) 100vw, 2016px\" \/><\/figure>\n\n\n\n<p><\/p>\n\n\n\n<h6 class=\"wp-block-heading has-text-align-center\">&#x1f4cd;\u200b Lieu : Institut Mines-T\u00e9l\u00e9com Business School<br><strong>&nbsp;<\/strong><\/h6>\n\n\n\n<p><\/p>\n\n\n\n<div style=\"height:20px\" aria-hidden=\"true\" class=\"wp-block-spacer\"><\/div>\n\n\n<div class=\"su-gmap su-u-responsive-media-yes\"><iframe loading=\"lazy\" width=\"380\" height=\"360\" src=\"\/\/maps.google.com\/maps?q=29%20Rue%20Charles%20Fournier%2C%2091000%20Evry-Courcouronnes%20&amp;output=embed&amp;z=18\" title=\"F\u00eate des entrepreneurs 2025 - Institut Mines T\u00e9l\u00e9com \"><\/iframe><\/div>\n\n\n\n<div style=\"height:34px\" aria-hidden=\"true\" class=\"wp-block-spacer\"><\/div>\n\n\n\n<div class=\"wp-block-group alignwide\"><div class=\"wp-block-group__inner-container is-layout-flow wp-block-group-is-layout-flow\">\n<div class=\"wp-block-media-text alignfull is-stacked-on-mobile\" style=\"grid-template-columns:45% auto\"><figure class=\"wp-block-media-text__media\"><a href=\"https:\/\/www.linkedin.com\/company\/28862634\/admin\/\"><img loading=\"lazy\" decoding=\"async\" width=\"1024\" height=\"825\" src=\"https:\/\/www.reseau-entreprendre.org\/essonne\/wp-content\/uploads\/sites\/16\/2022\/06\/logo-re-Essonne-png-1024x825.png\" alt=\"F\u00eate des Entrepreneurs 2022\" class=\"wp-image-2698 size-full\" srcset=\"https:\/\/www.reseau-entreprendre.org\/essonne\/wp-content\/uploads\/sites\/16\/2022\/06\/logo-re-Essonne-png-1024x825.png 1024w, https:\/\/www.reseau-entreprendre.org\/essonne\/wp-content\/uploads\/sites\/16\/2022\/06\/logo-re-Essonne-png-300x242.png 300w, https:\/\/www.reseau-entreprendre.org\/essonne\/wp-content\/uploads\/sites\/16\/2022\/06\/logo-re-Essonne-png-768x619.png 768w, https:\/\/www.reseau-entreprendre.org\/essonne\/wp-content\/uploads\/sites\/16\/2022\/06\/logo-re-Essonne-png-161x130.png 161w, https:\/\/www.reseau-entreprendre.org\/essonne\/wp-content\/uploads\/sites\/16\/2022\/06\/logo-re-Essonne-png.png 1040w\" sizes=\"auto, (max-width: 1024px) 100vw, 1024px\" \/><\/a><\/figure><div class=\"wp-block-media-text__content\">\n<p class=\"has-text-align-center\" style=\"font-size:15px\"><strong>Tel :<\/strong> 01 60 74 83 75 <br><strong>Mail :<\/strong> <em>essonne-entreprendre.org<\/em><br>7 rue Montespan,<br>91000 \u00c9vry<br><\/p>\n<\/div><\/div>\n\n\n\n<div style=\"height:24px\" aria-hidden=\"true\" class=\"wp-block-spacer\"><\/div>\n\n\n<div class=\"su-animate\" style=\"opacity:0;-webkit-animation-duration:2s;-webkit-animation-delay:0s;animation-duration:2s;animation-delay:0s;\" data-animation=\"pulse\" data-duration=\"2\" data-delay=\"0\"><div class=\"su-button-center\"><a href=\"https:\/\/www.reseau-entreprendre.org\/essonne\/decouvrez-nos-laureats-2-3-4\/\" class=\"su-button su-button-style-3d\" style=\"color:#FFFFFF;background-color:#FFBB61;border-color:#cc964e;border-radius:9px\" target=\"_self\"><span style=\"color:#FFFFFF;padding:8px 24px;font-size:18px;line-height:27px;border-color:#ffd091;border-radius:9px;text-shadow:none\"><i class=\"sui sui-location-arrow\" style=\"font-size:18px;color:#ffffff\"><\/i> D\u00e9couvrez nos laur\u00e9ats<\/span><\/a><\/div><\/div>\n<\/div><\/div>\n\n\n\n<p class=\"has-text-align-center\"><\/p>\n<\/div>\n<\/div>\n\n\n\n<div class=\"wp-block-columns is-layout-flex wp-container-core-columns-is-layout-9d6595d7 wp-block-columns-is-layout-flex\">\n<div class=\"wp-block-column is-layout-flow wp-block-column-is-layout-flow\" style=\"flex-basis:66.66%\"><\/div>\n\n\n\n<div class=\"wp-block-column is-layout-flow wp-block-column-is-layout-flow\" style=\"flex-basis:33.33%\">\n<div class=\"wp-block-buttons is-layout-flex wp-block-buttons-is-layout-flex\"><\/div>\n<\/div>\n<\/div>\n\n\n","protected":false},"excerpt":{"rendered":"<p>La F\u00eate des Entrepreneurs, l&#8217;\u00e9v\u00e8nement entrepreneurial Essonnien \u00e0 ne pas<\/p>\n","protected":false},"author":112,"featured_media":4309,"parent":0,"menu_order":0,"comment_status":"closed","ping_status":"closed","template":"","meta":{"_acf_changed":false,"_monsterinsights_skip_tracking":false,"_monsterinsights_sitenote_active":false,"_monsterinsights_sitenote_note":"","_monsterinsights_sitenote_category":0,"footnotes":""},"class_list":["post-4401","page","type-page","status-publish","has-post-thumbnail","hentry"],"acf":[],"yoast_head":"<!-- This site is optimized with the Yoast SEO plugin v27.4 - https:\/\/yoast.com\/product\/yoast-seo-wordpress\/ -->\n<title>La F\u00eate des Entrepreneurs 2022 - R\u00e9seau Entreprendre Essonne<\/title>\n<meta name=\"description\" content=\"La F\u00eate des Entrepreneurs 2022 est l&#039;\u00e9v\u00e9nement entrepreneurial Essonnien \u00e0 ne pas manquer. Le plus gros rassemblement de chefs d&#039;entreprises.\" \/>\n<meta name=\"robots\" content=\"index, follow, max-snippet:-1, max-image-preview:large, max-video-preview:-1\" \/>\n<link rel=\"canonical\" href=\"https:\/\/www.reseau-entreprendre.org\/essonne\/fete-des-entrepreneurs-2025\/\" \/>\n<meta property=\"og:locale\" content=\"fr_FR\" \/>\n<meta property=\"og:type\" content=\"article\" \/>\n<meta property=\"og:title\" content=\"La F\u00eate des Entrepreneurs 2022 - R\u00e9seau Entreprendre Essonne\" \/>\n<meta property=\"og:description\" content=\"La F\u00eate des Entrepreneurs 2022 est l&#039;\u00e9v\u00e9nement entrepreneurial Essonnien \u00e0 ne pas manquer. Le plus gros rassemblement de chefs d&#039;entreprises.\" \/>\n<meta property=\"og:url\" content=\"https:\/\/www.reseau-entreprendre.org\/essonne\/fete-des-entrepreneurs-2025\/\" \/>\n<meta property=\"og:site_name\" content=\"R\u00e9seau Entreprendre Essonne\" \/>\n<meta property=\"article:modified_time\" content=\"2025-09-22T07:45:27+00:00\" \/>\n<meta property=\"og:image\" content=\"https:\/\/www.reseau-entreprendre.org\/essonne\/wp-content\/uploads\/sites\/16\/2025\/05\/Save-the-date-FDE-2025-1.png\" \/>\n\t<meta property=\"og:image:width\" content=\"1200\" \/>\n\t<meta property=\"og:image:height\" content=\"1200\" \/>\n\t<meta property=\"og:image:type\" content=\"image\/png\" \/>\n<meta name=\"twitter:card\" content=\"summary_large_image\" \/>\n<meta name=\"twitter:label1\" content=\"Dur\u00e9e de lecture estim\u00e9e\" \/>\n\t<meta name=\"twitter:data1\" content=\"3 minutes\" \/>\n<script type=\"application\/ld+json\" class=\"yoast-schema-graph\">{\"@context\":\"https:\\\/\\\/schema.org\",\"@graph\":[{\"@type\":\"WebPage\",\"@id\":\"https:\\\/\\\/www.reseau-entreprendre.org\\\/essonne\\\/fete-des-entrepreneurs-2025\\\/\",\"url\":\"https:\\\/\\\/www.reseau-entreprendre.org\\\/essonne\\\/fete-des-entrepreneurs-2025\\\/\",\"name\":\"La F\u00eate des Entrepreneurs 2022 - R\u00e9seau Entreprendre Essonne\",\"isPartOf\":{\"@id\":\"https:\\\/\\\/www.reseau-entreprendre.org\\\/essonne\\\/#website\"},\"primaryImageOfPage\":{\"@id\":\"https:\\\/\\\/www.reseau-entreprendre.org\\\/essonne\\\/fete-des-entrepreneurs-2025\\\/#primaryimage\"},\"image\":{\"@id\":\"https:\\\/\\\/www.reseau-entreprendre.org\\\/essonne\\\/fete-des-entrepreneurs-2025\\\/#primaryimage\"},\"thumbnailUrl\":\"https:\\\/\\\/www.reseau-entreprendre.org\\\/essonne\\\/wp-content\\\/uploads\\\/sites\\\/16\\\/2025\\\/05\\\/Save-the-date-FDE-2025-1.png\",\"datePublished\":\"2025-09-22T07:44:40+00:00\",\"dateModified\":\"2025-09-22T07:45:27+00:00\",\"description\":\"La F\u00eate des Entrepreneurs 2022 est l'\u00e9v\u00e9nement entrepreneurial Essonnien \u00e0 ne pas manquer. Le plus gros rassemblement de chefs d'entreprises.\",\"breadcrumb\":{\"@id\":\"https:\\\/\\\/www.reseau-entreprendre.org\\\/essonne\\\/fete-des-entrepreneurs-2025\\\/#breadcrumb\"},\"inLanguage\":\"fr-FR\",\"potentialAction\":[{\"@type\":\"ReadAction\",\"target\":[\"https:\\\/\\\/www.reseau-entreprendre.org\\\/essonne\\\/fete-des-entrepreneurs-2025\\\/\"]}]},{\"@type\":\"ImageObject\",\"inLanguage\":\"fr-FR\",\"@id\":\"https:\\\/\\\/www.reseau-entreprendre.org\\\/essonne\\\/fete-des-entrepreneurs-2025\\\/#primaryimage\",\"url\":\"https:\\\/\\\/www.reseau-entreprendre.org\\\/essonne\\\/wp-content\\\/uploads\\\/sites\\\/16\\\/2025\\\/05\\\/Save-the-date-FDE-2025-1.png\",\"contentUrl\":\"https:\\\/\\\/www.reseau-entreprendre.org\\\/essonne\\\/wp-content\\\/uploads\\\/sites\\\/16\\\/2025\\\/05\\\/Save-the-date-FDE-2025-1.png\",\"width\":1200,\"height\":1200},{\"@type\":\"BreadcrumbList\",\"@id\":\"https:\\\/\\\/www.reseau-entreprendre.org\\\/essonne\\\/fete-des-entrepreneurs-2025\\\/#breadcrumb\",\"itemListElement\":[{\"@type\":\"ListItem\",\"position\":1,\"name\":\"Accueil\",\"item\":\"https:\\\/\\\/www.reseau-entreprendre.org\\\/essonne\\\/\"},{\"@type\":\"ListItem\",\"position\":2,\"name\":\"La F\u00eate des Entrepreneurs 2025\"}]},{\"@type\":\"WebSite\",\"@id\":\"https:\\\/\\\/www.reseau-entreprendre.org\\\/essonne\\\/#website\",\"url\":\"https:\\\/\\\/www.reseau-entreprendre.org\\\/essonne\\\/\",\"name\":\"R\u00e9seau Entreprendre Essonne\",\"description\":\"\",\"potentialAction\":[{\"@type\":\"SearchAction\",\"target\":{\"@type\":\"EntryPoint\",\"urlTemplate\":\"https:\\\/\\\/www.reseau-entreprendre.org\\\/essonne\\\/?s={search_term_string}\"},\"query-input\":{\"@type\":\"PropertyValueSpecification\",\"valueRequired\":true,\"valueName\":\"search_term_string\"}}],\"inLanguage\":\"fr-FR\"}]}<\/script>\n<!-- \/ Yoast SEO plugin. -->","yoast_head_json":{"title":"La F\u00eate des Entrepreneurs 2022 - R\u00e9seau Entreprendre Essonne","description":"La F\u00eate des Entrepreneurs 2022 est l'\u00e9v\u00e9nement entrepreneurial Essonnien \u00e0 ne pas manquer. Le plus gros rassemblement de chefs d'entreprises.","robots":{"index":"index","follow":"follow","max-snippet":"max-snippet:-1","max-image-preview":"max-image-preview:large","max-video-preview":"max-video-preview:-1"},"canonical":"https:\/\/www.reseau-entreprendre.org\/essonne\/fete-des-entrepreneurs-2025\/","og_locale":"fr_FR","og_type":"article","og_title":"La F\u00eate des Entrepreneurs 2022 - R\u00e9seau Entreprendre Essonne","og_description":"La F\u00eate des Entrepreneurs 2022 est l'\u00e9v\u00e9nement entrepreneurial Essonnien \u00e0 ne pas manquer. Le plus gros rassemblement de chefs d'entreprises.","og_url":"https:\/\/www.reseau-entreprendre.org\/essonne\/fete-des-entrepreneurs-2025\/","og_site_name":"R\u00e9seau Entreprendre Essonne","article_modified_time":"2025-09-22T07:45:27+00:00","og_image":[{"width":1200,"height":1200,"url":"https:\/\/www.reseau-entreprendre.org\/essonne\/wp-content\/uploads\/sites\/16\/2025\/05\/Save-the-date-FDE-2025-1.png","type":"image\/png"}],"twitter_card":"summary_large_image","twitter_misc":{"Dur\u00e9e de lecture estim\u00e9e":"3 minutes"},"schema":{"@context":"https:\/\/schema.org","@graph":[{"@type":"WebPage","@id":"https:\/\/www.reseau-entreprendre.org\/essonne\/fete-des-entrepreneurs-2025\/","url":"https:\/\/www.reseau-entreprendre.org\/essonne\/fete-des-entrepreneurs-2025\/","name":"La F\u00eate des Entrepreneurs 2022 - R\u00e9seau Entreprendre Essonne","isPartOf":{"@id":"https:\/\/www.reseau-entreprendre.org\/essonne\/#website"},"primaryImageOfPage":{"@id":"https:\/\/www.reseau-entreprendre.org\/essonne\/fete-des-entrepreneurs-2025\/#primaryimage"},"image":{"@id":"https:\/\/www.reseau-entreprendre.org\/essonne\/fete-des-entrepreneurs-2025\/#primaryimage"},"thumbnailUrl":"https:\/\/www.reseau-entreprendre.org\/essonne\/wp-content\/uploads\/sites\/16\/2025\/05\/Save-the-date-FDE-2025-1.png","datePublished":"2025-09-22T07:44:40+00:00","dateModified":"2025-09-22T07:45:27+00:00","description":"La F\u00eate des Entrepreneurs 2022 est l'\u00e9v\u00e9nement entrepreneurial Essonnien \u00e0 ne pas manquer. Le plus gros rassemblement de chefs d'entreprises.","breadcrumb":{"@id":"https:\/\/www.reseau-entreprendre.org\/essonne\/fete-des-entrepreneurs-2025\/#breadcrumb"},"inLanguage":"fr-FR","potentialAction":[{"@type":"ReadAction","target":["https:\/\/www.reseau-entreprendre.org\/essonne\/fete-des-entrepreneurs-2025\/"]}]},{"@type":"ImageObject","inLanguage":"fr-FR","@id":"https:\/\/www.reseau-entreprendre.org\/essonne\/fete-des-entrepreneurs-2025\/#primaryimage","url":"https:\/\/www.reseau-entreprendre.org\/essonne\/wp-content\/uploads\/sites\/16\/2025\/05\/Save-the-date-FDE-2025-1.png","contentUrl":"https:\/\/www.reseau-entreprendre.org\/essonne\/wp-content\/uploads\/sites\/16\/2025\/05\/Save-the-date-FDE-2025-1.png","width":1200,"height":1200},{"@type":"BreadcrumbList","@id":"https:\/\/www.reseau-entreprendre.org\/essonne\/fete-des-entrepreneurs-2025\/#breadcrumb","itemListElement":[{"@type":"ListItem","position":1,"name":"Accueil","item":"https:\/\/www.reseau-entreprendre.org\/essonne\/"},{"@type":"ListItem","position":2,"name":"La F\u00eate des Entrepreneurs 2025"}]},{"@type":"WebSite","@id":"https:\/\/www.reseau-entreprendre.org\/essonne\/#website","url":"https:\/\/www.reseau-entreprendre.org\/essonne\/","name":"R\u00e9seau Entreprendre Essonne","description":"","potentialAction":[{"@type":"SearchAction","target":{"@type":"EntryPoint","urlTemplate":"https:\/\/www.reseau-entreprendre.org\/essonne\/?s={search_term_string}"},"query-input":{"@type":"PropertyValueSpecification","valueRequired":true,"valueName":"search_term_string"}}],"inLanguage":"fr-FR"}]}},"_links":{"self":[{"href":"https:\/\/www.reseau-entreprendre.org\/essonne\/wp-json\/wp\/v2\/pages\/4401","targetHints":{"allow":["GET"]}}],"collection":[{"href":"https:\/\/www.reseau-entreprendre.org\/essonne\/wp-json\/wp\/v2\/pages"}],"about":[{"href":"https:\/\/www.reseau-entreprendre.org\/essonne\/wp-json\/wp\/v2\/types\/page"}],"author":[{"embeddable":true,"href":"https:\/\/www.reseau-entreprendre.org\/essonne\/wp-json\/wp\/v2\/users\/112"}],"replies":[{"embeddable":true,"href":"https:\/\/www.reseau-entreprendre.org\/essonne\/wp-json\/wp\/v2\/comments?post=4401"}],"version-history":[{"count":0,"href":"https:\/\/www.reseau-entreprendre.org\/essonne\/wp-json\/wp\/v2\/pages\/4401\/revisions"}],"wp:featuredmedia":[{"embeddable":true,"href":"https:\/\/www.reseau-entreprendre.org\/essonne\/wp-json\/wp\/v2\/media\/4309"}],"wp:attachment":[{"href":"https:\/\/www.reseau-entreprendre.org\/essonne\/wp-json\/wp\/v2\/media?parent=4401"}],"curies":[{"name":"wp","href":"https:\/\/api.w.org\/{rel}","templated":true}]}}