{"id":960,"date":"2019-04-10T10:32:03","date_gmt":"2019-04-10T08:32:03","guid":{"rendered":"https:\/\/re-dev-entreprendre.fr\/essonne\/?page_id=960"},"modified":"2025-04-01T11:54:45","modified_gmt":"2025-04-01T09:54:45","slug":"agenda-2","status":"publish","type":"page","link":"https:\/\/www.reseau-entreprendre.org\/essonne\/agenda-2\/","title":{"rendered":"LA VIE DU RESEAU"},"content":{"rendered":"\n<h2 class=\"wp-block-heading has-re-blue-color has-text-color\"><strong>LA VIE DE L\u2019ASSOCIATION<\/strong><\/h2>\n\n\n\n<p><span id=\"p11\">L\u2019association \u00ab R\u00e9seau Entreprendre Essonne \u00bb vit gr\u00e2ce \u00e0 ses \u00e9quipes, ses Membres et ses Laur\u00e9ats.<\/span><br><strong><span id=\"p14\">Tout au long de l\u2019ann\u00e9e, le R\u00e9seau organise des \u00e9v\u00e9nements dans le but de se r\u00e9unir, partager, d\u2019apprendre.<\/span><\/strong><\/p>\n\n\n\n<p><span class=\"JsGRdQ\">Les Membres, Laur\u00e9ats et Partenaires sont invit\u00e9s \u00e0 participer nos manifestations de&nbsp; :<\/span><\/p>\n\n\n\n<ul class=\"wp-block-list\">\n<li><span class=\"JsGRdQ\">Conviviales<\/span><\/li>\n\n\n\n<li><span class=\"JsGRdQ\">Clubs et Interclubs<\/span><\/li>\n\n\n\n<li><span class=\"JsGRdQ\">F\u00eate des Entrepreneurs<br><\/span><\/li>\n\n\n\n<li><span class=\"JsGRdQ\">Assembl\u00e9e G\u00e9n\u00e9rale<\/span><\/li>\n\n\n\n<li><span class=\"JsGRdQ\">Breakfast &amp; R\u00e9seau<br><\/span><\/li>\n\n\n\n<li><span class=\"JsGRdQ\">Webinars<\/span><\/li>\n<\/ul>\n\n\n\n<div style=\"height:37px\" aria-hidden=\"true\" class=\"wp-block-spacer\"><\/div>\n\n\n\n<h2 class=\"wp-block-heading has-re-blue-color has-text-color\"><strong>NE MANQUEZ PLUS NOTRE ACTUALIT\u00c9<\/strong><\/h2>\n\n\n\n<div class=\"wp-block-buttons is-horizontal is-content-justification-left is-nowrap is-layout-flex wp-container-core-buttons-is-layout-b3acb356 wp-block-buttons-is-layout-flex\">\n<div class=\"wp-block-button has-custom-font-size\" style=\"font-size:16px\"><a class=\"wp-block-button__link has-white-color has-re-blue-background-color has-text-color has-background has-text-align-center wp-element-button\" href=\"https:\/\/www.reseau-entreprendre.org\/essonne\/calendrier-evenements\/\" style=\"border-radius:12px\"><strong>Calendrier<\/strong> de nos \u00e9v\u00e8nements<\/a><\/div>\n<\/div>\n\n\n\n<div class=\"wp-block-buttons is-horizontal is-content-justification-left is-nowrap is-layout-flex wp-container-core-buttons-is-layout-b3acb356 wp-block-buttons-is-layout-flex\">\n<div class=\"wp-block-button has-custom-font-size\" style=\"font-size:16px\"><a class=\"wp-block-button__link has-white-color has-re-blue-background-color has-text-color has-background has-text-align-center wp-element-button\" href=\"https:\/\/www.reseau-entreprendre.org\/essonne\/actualites-du-reseau\/\" style=\"border-radius:12px\"><strong>Actualit\u00e9 <\/strong>du R\u00e9seau<\/a><\/div>\n<\/div>\n\n\n\n<p><\/p>\n","protected":false},"excerpt":{"rendered":"<p>LA VIE DE L\u2019ASSOCIATION L\u2019association \u00ab R\u00e9seau Entreprendre Essonne \u00bb<\/p>\n","protected":false},"author":133,"featured_media":0,"parent":0,"menu_order":0,"comment_status":"closed","ping_status":"closed","template":"","meta":{"_acf_changed":false,"_monsterinsights_skip_tracking":false,"_monsterinsights_sitenote_active":false,"_monsterinsights_sitenote_note":"","_monsterinsights_sitenote_category":0,"footnotes":""},"class_list":["post-960","page","type-page","status-publish","hentry"],"acf":[],"yoast_head":"<!-- This site is optimized with the Yoast SEO plugin v27.4 - https:\/\/yoast.com\/product\/yoast-seo-wordpress\/ -->\n<title>LA VIE DU RESEAU - R\u00e9seau Entreprendre Essonne<\/title>\n<meta name=\"robots\" content=\"index, follow, max-snippet:-1, max-image-preview:large, max-video-preview:-1\" \/>\n<link rel=\"canonical\" href=\"https:\/\/www.reseau-entreprendre.org\/essonne\/agenda-2\/\" \/>\n<meta property=\"og:locale\" content=\"fr_FR\" \/>\n<meta property=\"og:type\" content=\"article\" \/>\n<meta property=\"og:title\" content=\"LA VIE DU RESEAU - R\u00e9seau Entreprendre Essonne\" \/>\n<meta property=\"og:description\" content=\"LA VIE DE L\u2019ASSOCIATION L\u2019association \u00ab R\u00e9seau Entreprendre Essonne \u00bb\" \/>\n<meta property=\"og:url\" content=\"https:\/\/www.reseau-entreprendre.org\/essonne\/agenda-2\/\" \/>\n<meta property=\"og:site_name\" content=\"R\u00e9seau Entreprendre Essonne\" \/>\n<meta property=\"article:modified_time\" content=\"2025-04-01T09:54:45+00:00\" \/>\n<meta name=\"twitter:card\" content=\"summary_large_image\" \/>\n<meta name=\"twitter:label1\" content=\"Dur\u00e9e de lecture estim\u00e9e\" \/>\n\t<meta name=\"twitter:data1\" content=\"1 minute\" \/>\n<script type=\"application\/ld+json\" class=\"yoast-schema-graph\">{\"@context\":\"https:\\\/\\\/schema.org\",\"@graph\":[{\"@type\":\"WebPage\",\"@id\":\"https:\\\/\\\/www.reseau-entreprendre.org\\\/essonne\\\/agenda-2\\\/\",\"url\":\"https:\\\/\\\/www.reseau-entreprendre.org\\\/essonne\\\/agenda-2\\\/\",\"name\":\"LA VIE DU RESEAU - R\u00e9seau Entreprendre Essonne\",\"isPartOf\":{\"@id\":\"https:\\\/\\\/www.reseau-entreprendre.org\\\/essonne\\\/#website\"},\"datePublished\":\"2019-04-10T08:32:03+00:00\",\"dateModified\":\"2025-04-01T09:54:45+00:00\",\"breadcrumb\":{\"@id\":\"https:\\\/\\\/www.reseau-entreprendre.org\\\/essonne\\\/agenda-2\\\/#breadcrumb\"},\"inLanguage\":\"fr-FR\",\"potentialAction\":[{\"@type\":\"ReadAction\",\"target\":[\"https:\\\/\\\/www.reseau-entreprendre.org\\\/essonne\\\/agenda-2\\\/\"]}]},{\"@type\":\"BreadcrumbList\",\"@id\":\"https:\\\/\\\/www.reseau-entreprendre.org\\\/essonne\\\/agenda-2\\\/#breadcrumb\",\"itemListElement\":[{\"@type\":\"ListItem\",\"position\":1,\"name\":\"Accueil\",\"item\":\"https:\\\/\\\/www.reseau-entreprendre.org\\\/essonne\\\/\"},{\"@type\":\"ListItem\",\"position\":2,\"name\":\"LA VIE DU RESEAU\"}]},{\"@type\":\"WebSite\",\"@id\":\"https:\\\/\\\/www.reseau-entreprendre.org\\\/essonne\\\/#website\",\"url\":\"https:\\\/\\\/www.reseau-entreprendre.org\\\/essonne\\\/\",\"name\":\"R\u00e9seau Entreprendre Essonne\",\"description\":\"\",\"potentialAction\":[{\"@type\":\"SearchAction\",\"target\":{\"@type\":\"EntryPoint\",\"urlTemplate\":\"https:\\\/\\\/www.reseau-entreprendre.org\\\/essonne\\\/?s={search_term_string}\"},\"query-input\":{\"@type\":\"PropertyValueSpecification\",\"valueRequired\":true,\"valueName\":\"search_term_string\"}}],\"inLanguage\":\"fr-FR\"}]}<\/script>\n<!-- \/ Yoast SEO plugin. -->","yoast_head_json":{"title":"LA VIE DU RESEAU - R\u00e9seau Entreprendre Essonne","robots":{"index":"index","follow":"follow","max-snippet":"max-snippet:-1","max-image-preview":"max-image-preview:large","max-video-preview":"max-video-preview:-1"},"canonical":"https:\/\/www.reseau-entreprendre.org\/essonne\/agenda-2\/","og_locale":"fr_FR","og_type":"article","og_title":"LA VIE DU RESEAU - R\u00e9seau Entreprendre Essonne","og_description":"LA VIE DE L\u2019ASSOCIATION L\u2019association \u00ab R\u00e9seau Entreprendre Essonne \u00bb","og_url":"https:\/\/www.reseau-entreprendre.org\/essonne\/agenda-2\/","og_site_name":"R\u00e9seau Entreprendre Essonne","article_modified_time":"2025-04-01T09:54:45+00:00","twitter_card":"summary_large_image","twitter_misc":{"Dur\u00e9e de lecture estim\u00e9e":"1 minute"},"schema":{"@context":"https:\/\/schema.org","@graph":[{"@type":"WebPage","@id":"https:\/\/www.reseau-entreprendre.org\/essonne\/agenda-2\/","url":"https:\/\/www.reseau-entreprendre.org\/essonne\/agenda-2\/","name":"LA VIE DU RESEAU - R\u00e9seau Entreprendre Essonne","isPartOf":{"@id":"https:\/\/www.reseau-entreprendre.org\/essonne\/#website"},"datePublished":"2019-04-10T08:32:03+00:00","dateModified":"2025-04-01T09:54:45+00:00","breadcrumb":{"@id":"https:\/\/www.reseau-entreprendre.org\/essonne\/agenda-2\/#breadcrumb"},"inLanguage":"fr-FR","potentialAction":[{"@type":"ReadAction","target":["https:\/\/www.reseau-entreprendre.org\/essonne\/agenda-2\/"]}]},{"@type":"BreadcrumbList","@id":"https:\/\/www.reseau-entreprendre.org\/essonne\/agenda-2\/#breadcrumb","itemListElement":[{"@type":"ListItem","position":1,"name":"Accueil","item":"https:\/\/www.reseau-entreprendre.org\/essonne\/"},{"@type":"ListItem","position":2,"name":"LA VIE DU RESEAU"}]},{"@type":"WebSite","@id":"https:\/\/www.reseau-entreprendre.org\/essonne\/#website","url":"https:\/\/www.reseau-entreprendre.org\/essonne\/","name":"R\u00e9seau Entreprendre Essonne","description":"","potentialAction":[{"@type":"SearchAction","target":{"@type":"EntryPoint","urlTemplate":"https:\/\/www.reseau-entreprendre.org\/essonne\/?s={search_term_string}"},"query-input":{"@type":"PropertyValueSpecification","valueRequired":true,"valueName":"search_term_string"}}],"inLanguage":"fr-FR"}]}},"_links":{"self":[{"href":"https:\/\/www.reseau-entreprendre.org\/essonne\/wp-json\/wp\/v2\/pages\/960","targetHints":{"allow":["GET"]}}],"collection":[{"href":"https:\/\/www.reseau-entreprendre.org\/essonne\/wp-json\/wp\/v2\/pages"}],"about":[{"href":"https:\/\/www.reseau-entreprendre.org\/essonne\/wp-json\/wp\/v2\/types\/page"}],"author":[{"embeddable":true,"href":"https:\/\/www.reseau-entreprendre.org\/essonne\/wp-json\/wp\/v2\/users\/133"}],"replies":[{"embeddable":true,"href":"https:\/\/www.reseau-entreprendre.org\/essonne\/wp-json\/wp\/v2\/comments?post=960"}],"version-history":[{"count":0,"href":"https:\/\/www.reseau-entreprendre.org\/essonne\/wp-json\/wp\/v2\/pages\/960\/revisions"}],"wp:attachment":[{"href":"https:\/\/www.reseau-entreprendre.org\/essonne\/wp-json\/wp\/v2\/media?parent=960"}],"curies":[{"name":"wp","href":"https:\/\/api.w.org\/{rel}","templated":true}]}}