{"id":13,"date":"2017-04-28T12:33:34","date_gmt":"2017-04-28T10:33:34","guid":{"rendered":"https:\/\/www.reseau-entreprendre.org\/franche-comte\/?page_id=13"},"modified":"2023-02-17T15:10:33","modified_gmt":"2023-02-17T14:10:33","slug":"entreprendre","status":"publish","type":"page","link":"https:\/\/www.reseau-entreprendre.org\/franche-comte\/entreprendre\/","title":{"rendered":"Entreprendre"},"content":{"rendered":"\n<h6 class=\"wp-block-heading\"><span style=\"color: #d70635;font-size: 24px\">Vous avez un projet significativement cr\u00e9ateur d&#8217;emplois ? <\/span><\/h6>\n\n\n\n<h6 class=\"wp-block-heading\"><span style=\"color: #d70635;font-size: 24px\"><strong>Devenez Laur\u00e9at <\/strong>de R\u00e9seau Entreprendre\u00ae Franche-Comt\u00e9<\/span><\/h6>\n\n\n\n<h6 class=\"wp-block-heading\"><span style=\"color: #d70635;font-size: 24px\"><strong><br><\/strong><\/span><\/h6>\n\n\n\n<p><strong>Nos actions :<\/strong><\/p>\n\n\n\n<p><\/p>\n\n\n\n<ul class=\"wp-block-list\">\n<li><strong>aide<\/strong> \u00e0 l\u2019\u00e9laboration du projet et <strong>validation par des chefs d\u2019entreprise<\/strong><\/li>\n\n\n\n<li><strong>accompagnement personnalis\u00e9 de proximit\u00e9 par un chef d\u2019entreprise<\/strong> (dur\u00e9e : 2 \u00e0 3 ans &#8211; rencontres et reporting mensuels)<\/li>\n\n\n\n<li><strong>accompagnement collectif<\/strong> dans le cadre d\u2019un club des Laur\u00e9ats qui se r\u00e9unit mensuellement<\/li>\n\n\n\n<li>soutien financier par un <strong>pr\u00eat d\u2019honneur<\/strong> jusqu&#8217;\u00e0 50 000 \u20ac, sans int\u00e9r\u00eat ni caution<\/li>\n\n\n\n<li><strong>insertion<\/strong> active <strong>dans les r\u00e9seaux<\/strong> <strong>\u00e9conomiques et financiers<\/strong><\/li>\n<\/ul>\n\n\n\n<p><\/p>\n\n\n\n<h3 class=\"wp-block-heading\"><span style=\"color: #268597\">Un accompagnement gratuit dans la dur\u00e9e pour toutes les \u00e9tapes de la vie de l\u2019entreprise&nbsp;:<\/span><\/h3>\n\n\n\n<p><\/p>\n\n\n\n<ul class=\"wp-block-list\">\n<li><img loading=\"lazy\" decoding=\"async\" class=\"alignnone wp-image-713\" src=\"https:\/\/www.reseau-entreprendre.org\/franche-comte\/wp-content\/uploads\/sites\/51\/2017\/04\/START_preview-300x134.png\" alt=\"\" width=\"110\" height=\"49\" srcset=\"https:\/\/www.reseau-entreprendre.org\/franche-comte\/wp-content\/uploads\/sites\/51\/2017\/04\/START_preview-300x134.png 300w, https:\/\/www.reseau-entreprendre.org\/franche-comte\/wp-content\/uploads\/sites\/51\/2017\/04\/START_preview-566x254.png 566w, https:\/\/www.reseau-entreprendre.org\/franche-comte\/wp-content\/uploads\/sites\/51\/2017\/04\/START_preview.png 567w\" sizes=\"auto, (max-width: 110px) 100vw, 110px\" \/>=&gt; <strong>dispositif Cr\u00e9ation\/Reprise<\/strong>&nbsp;: cr\u00e9ateurs\/repreneurs \u2013 primo-acc\u00e9dants<\/li>\n\n\n\n<li><img loading=\"lazy\" decoding=\"async\" class=\"alignnone wp-image-712\" src=\"https:\/\/www.reseau-entreprendre.org\/franche-comte\/wp-content\/uploads\/sites\/51\/2017\/04\/BOOSTER_preview-300x107.png\" alt=\"\" width=\"135\" height=\"48\" srcset=\"https:\/\/www.reseau-entreprendre.org\/franche-comte\/wp-content\/uploads\/sites\/51\/2017\/04\/BOOSTER_preview-300x107.png 300w, https:\/\/www.reseau-entreprendre.org\/franche-comte\/wp-content\/uploads\/sites\/51\/2017\/04\/BOOSTER_preview.png 714w\" sizes=\"auto, (max-width: 135px) 100vw, 135px\" \/>=&gt;&nbsp;<strong>dispositif Mutation\/D\u00e9veloppement<\/strong>&nbsp;: entrepreneurs dont les entreprises connaissent un changement profond<\/li>\n\n\n\n<li><img loading=\"lazy\" decoding=\"async\" class=\"alignnone wp-image-711\" src=\"https:\/\/www.reseau-entreprendre.org\/franche-comte\/wp-content\/uploads\/sites\/51\/2017\/04\/AMBITION_preview-300x107.png\" alt=\"\" width=\"135\" height=\"48\" srcset=\"https:\/\/www.reseau-entreprendre.org\/franche-comte\/wp-content\/uploads\/sites\/51\/2017\/04\/AMBITION_preview-300x107.png 300w, https:\/\/www.reseau-entreprendre.org\/franche-comte\/wp-content\/uploads\/sites\/51\/2017\/04\/AMBITION_preview.png 714w\" sizes=\"auto, (max-width: 135px) 100vw, 135px\" \/>=&gt; <strong>dispositif Croissance<\/strong>&nbsp;: entrepreneurs ayant un projet d\u2019envergure<\/li>\n<\/ul>\n","protected":false},"excerpt":{"rendered":"<p>Vous avez un projet significativement cr\u00e9ateur d&#8217;emplois ? Devenez Laur\u00e9at<\/p>\n","protected":false},"author":52,"featured_media":0,"parent":0,"menu_order":0,"comment_status":"closed","ping_status":"closed","template":"","meta":{"_acf_changed":false,"_monsterinsights_skip_tracking":false,"_monsterinsights_sitenote_active":false,"_monsterinsights_sitenote_note":"","_monsterinsights_sitenote_category":0,"footnotes":""},"class_list":["post-13","page","type-page","status-publish","hentry"],"acf":[],"yoast_head":"<!-- This site is optimized with the Yoast SEO plugin v27.4 - https:\/\/yoast.com\/product\/yoast-seo-wordpress\/ -->\n<title>Entreprendre | Reseau Entreprendre Franche-Comt\u00e9<\/title>\n<meta name=\"description\" content=\"Vous avez un projet de cr\u00e9ation d&#039;entreprise ? R\u00e9seau Entreprendre Franche-Comt\u00e9 vous accompagne gratuitement et dans la dur\u00e9e\" \/>\n<meta name=\"robots\" content=\"index, follow, max-snippet:-1, max-image-preview:large, max-video-preview:-1\" \/>\n<link rel=\"canonical\" href=\"https:\/\/www.reseau-entreprendre.org\/franche-comte\/entreprendre\/\" \/>\n<meta property=\"og:locale\" content=\"fr_FR\" \/>\n<meta property=\"og:type\" content=\"article\" \/>\n<meta property=\"og:title\" content=\"Entreprendre | Reseau Entreprendre Franche-Comt\u00e9\" \/>\n<meta property=\"og:description\" content=\"Vous avez un projet de cr\u00e9ation d&#039;entreprise ? R\u00e9seau Entreprendre Franche-Comt\u00e9 vous accompagne gratuitement et dans la dur\u00e9e\" \/>\n<meta property=\"og:url\" content=\"https:\/\/www.reseau-entreprendre.org\/franche-comte\/entreprendre\/\" \/>\n<meta property=\"og:site_name\" content=\"R\u00e9seau Entreprendre Franche-Comt\u00e9\" \/>\n<meta property=\"article:modified_time\" content=\"2023-02-17T14:10:33+00:00\" \/>\n<meta property=\"og:image\" content=\"https:\/\/www.reseau-entreprendre.org\/franche-comte\/wp-content\/uploads\/sites\/51\/2017\/04\/START_preview-300x134.png\" \/>\n<meta name=\"twitter:card\" content=\"summary_large_image\" \/>\n<meta name=\"twitter:label1\" content=\"Dur\u00e9e de lecture estim\u00e9e\" \/>\n\t<meta name=\"twitter:data1\" content=\"2 minutes\" \/>\n<script type=\"application\/ld+json\" class=\"yoast-schema-graph\">{\"@context\":\"https:\\\/\\\/schema.org\",\"@graph\":[{\"@type\":\"WebPage\",\"@id\":\"https:\\\/\\\/www.reseau-entreprendre.org\\\/franche-comte\\\/entreprendre\\\/\",\"url\":\"https:\\\/\\\/www.reseau-entreprendre.org\\\/franche-comte\\\/entreprendre\\\/\",\"name\":\"Entreprendre | Reseau Entreprendre Franche-Comt\u00e9\",\"isPartOf\":{\"@id\":\"https:\\\/\\\/www.reseau-entreprendre.org\\\/franche-comte\\\/#website\"},\"primaryImageOfPage\":{\"@id\":\"https:\\\/\\\/www.reseau-entreprendre.org\\\/franche-comte\\\/entreprendre\\\/#primaryimage\"},\"image\":{\"@id\":\"https:\\\/\\\/www.reseau-entreprendre.org\\\/franche-comte\\\/entreprendre\\\/#primaryimage\"},\"thumbnailUrl\":\"https:\\\/\\\/www.reseau-entreprendre.org\\\/franche-comte\\\/wp-content\\\/uploads\\\/sites\\\/51\\\/2017\\\/04\\\/START_preview-300x134.png\",\"datePublished\":\"2017-04-28T10:33:34+00:00\",\"dateModified\":\"2023-02-17T14:10:33+00:00\",\"description\":\"Vous avez un projet de cr\u00e9ation d'entreprise ? R\u00e9seau Entreprendre Franche-Comt\u00e9 vous accompagne gratuitement et dans la dur\u00e9e\",\"breadcrumb\":{\"@id\":\"https:\\\/\\\/www.reseau-entreprendre.org\\\/franche-comte\\\/entreprendre\\\/#breadcrumb\"},\"inLanguage\":\"fr-FR\",\"potentialAction\":[{\"@type\":\"ReadAction\",\"target\":[\"https:\\\/\\\/www.reseau-entreprendre.org\\\/franche-comte\\\/entreprendre\\\/\"]}]},{\"@type\":\"ImageObject\",\"inLanguage\":\"fr-FR\",\"@id\":\"https:\\\/\\\/www.reseau-entreprendre.org\\\/franche-comte\\\/entreprendre\\\/#primaryimage\",\"url\":\"https:\\\/\\\/www.reseau-entreprendre.org\\\/franche-comte\\\/wp-content\\\/uploads\\\/sites\\\/51\\\/2017\\\/04\\\/START_preview.png\",\"contentUrl\":\"https:\\\/\\\/www.reseau-entreprendre.org\\\/franche-comte\\\/wp-content\\\/uploads\\\/sites\\\/51\\\/2017\\\/04\\\/START_preview.png\",\"width\":567,\"height\":254},{\"@type\":\"BreadcrumbList\",\"@id\":\"https:\\\/\\\/www.reseau-entreprendre.org\\\/franche-comte\\\/entreprendre\\\/#breadcrumb\",\"itemListElement\":[{\"@type\":\"ListItem\",\"position\":1,\"name\":\"Accueil\",\"item\":\"https:\\\/\\\/www.reseau-entreprendre.org\\\/franche-comte\\\/\"},{\"@type\":\"ListItem\",\"position\":2,\"name\":\"Entreprendre\"}]},{\"@type\":\"WebSite\",\"@id\":\"https:\\\/\\\/www.reseau-entreprendre.org\\\/franche-comte\\\/#website\",\"url\":\"https:\\\/\\\/www.reseau-entreprendre.org\\\/franche-comte\\\/\",\"name\":\"R\u00e9seau Entreprendre Franche-Comt\u00e9\",\"description\":\"Un site utilisant Les sites de R\u00e9seau Entreprendre\",\"potentialAction\":[{\"@type\":\"SearchAction\",\"target\":{\"@type\":\"EntryPoint\",\"urlTemplate\":\"https:\\\/\\\/www.reseau-entreprendre.org\\\/franche-comte\\\/?s={search_term_string}\"},\"query-input\":{\"@type\":\"PropertyValueSpecification\",\"valueRequired\":true,\"valueName\":\"search_term_string\"}}],\"inLanguage\":\"fr-FR\"}]}<\/script>\n<!-- \/ Yoast SEO plugin. -->","yoast_head_json":{"title":"Entreprendre | Reseau Entreprendre Franche-Comt\u00e9","description":"Vous avez un projet de cr\u00e9ation d'entreprise ? R\u00e9seau Entreprendre Franche-Comt\u00e9 vous accompagne gratuitement et dans la dur\u00e9e","robots":{"index":"index","follow":"follow","max-snippet":"max-snippet:-1","max-image-preview":"max-image-preview:large","max-video-preview":"max-video-preview:-1"},"canonical":"https:\/\/www.reseau-entreprendre.org\/franche-comte\/entreprendre\/","og_locale":"fr_FR","og_type":"article","og_title":"Entreprendre | Reseau Entreprendre Franche-Comt\u00e9","og_description":"Vous avez un projet de cr\u00e9ation d'entreprise ? R\u00e9seau Entreprendre Franche-Comt\u00e9 vous accompagne gratuitement et dans la dur\u00e9e","og_url":"https:\/\/www.reseau-entreprendre.org\/franche-comte\/entreprendre\/","og_site_name":"R\u00e9seau Entreprendre Franche-Comt\u00e9","article_modified_time":"2023-02-17T14:10:33+00:00","og_image":[{"url":"https:\/\/www.reseau-entreprendre.org\/franche-comte\/wp-content\/uploads\/sites\/51\/2017\/04\/START_preview-300x134.png","type":"","width":"","height":""}],"twitter_card":"summary_large_image","twitter_misc":{"Dur\u00e9e de lecture estim\u00e9e":"2 minutes"},"schema":{"@context":"https:\/\/schema.org","@graph":[{"@type":"WebPage","@id":"https:\/\/www.reseau-entreprendre.org\/franche-comte\/entreprendre\/","url":"https:\/\/www.reseau-entreprendre.org\/franche-comte\/entreprendre\/","name":"Entreprendre | Reseau Entreprendre Franche-Comt\u00e9","isPartOf":{"@id":"https:\/\/www.reseau-entreprendre.org\/franche-comte\/#website"},"primaryImageOfPage":{"@id":"https:\/\/www.reseau-entreprendre.org\/franche-comte\/entreprendre\/#primaryimage"},"image":{"@id":"https:\/\/www.reseau-entreprendre.org\/franche-comte\/entreprendre\/#primaryimage"},"thumbnailUrl":"https:\/\/www.reseau-entreprendre.org\/franche-comte\/wp-content\/uploads\/sites\/51\/2017\/04\/START_preview-300x134.png","datePublished":"2017-04-28T10:33:34+00:00","dateModified":"2023-02-17T14:10:33+00:00","description":"Vous avez un projet de cr\u00e9ation d'entreprise ? R\u00e9seau Entreprendre Franche-Comt\u00e9 vous accompagne gratuitement et dans la dur\u00e9e","breadcrumb":{"@id":"https:\/\/www.reseau-entreprendre.org\/franche-comte\/entreprendre\/#breadcrumb"},"inLanguage":"fr-FR","potentialAction":[{"@type":"ReadAction","target":["https:\/\/www.reseau-entreprendre.org\/franche-comte\/entreprendre\/"]}]},{"@type":"ImageObject","inLanguage":"fr-FR","@id":"https:\/\/www.reseau-entreprendre.org\/franche-comte\/entreprendre\/#primaryimage","url":"https:\/\/www.reseau-entreprendre.org\/franche-comte\/wp-content\/uploads\/sites\/51\/2017\/04\/START_preview.png","contentUrl":"https:\/\/www.reseau-entreprendre.org\/franche-comte\/wp-content\/uploads\/sites\/51\/2017\/04\/START_preview.png","width":567,"height":254},{"@type":"BreadcrumbList","@id":"https:\/\/www.reseau-entreprendre.org\/franche-comte\/entreprendre\/#breadcrumb","itemListElement":[{"@type":"ListItem","position":1,"name":"Accueil","item":"https:\/\/www.reseau-entreprendre.org\/franche-comte\/"},{"@type":"ListItem","position":2,"name":"Entreprendre"}]},{"@type":"WebSite","@id":"https:\/\/www.reseau-entreprendre.org\/franche-comte\/#website","url":"https:\/\/www.reseau-entreprendre.org\/franche-comte\/","name":"R\u00e9seau Entreprendre Franche-Comt\u00e9","description":"Un site utilisant Les sites de R\u00e9seau Entreprendre","potentialAction":[{"@type":"SearchAction","target":{"@type":"EntryPoint","urlTemplate":"https:\/\/www.reseau-entreprendre.org\/franche-comte\/?s={search_term_string}"},"query-input":{"@type":"PropertyValueSpecification","valueRequired":true,"valueName":"search_term_string"}}],"inLanguage":"fr-FR"}]}},"_links":{"self":[{"href":"https:\/\/www.reseau-entreprendre.org\/franche-comte\/wp-json\/wp\/v2\/pages\/13","targetHints":{"allow":["GET"]}}],"collection":[{"href":"https:\/\/www.reseau-entreprendre.org\/franche-comte\/wp-json\/wp\/v2\/pages"}],"about":[{"href":"https:\/\/www.reseau-entreprendre.org\/franche-comte\/wp-json\/wp\/v2\/types\/page"}],"author":[{"embeddable":true,"href":"https:\/\/www.reseau-entreprendre.org\/franche-comte\/wp-json\/wp\/v2\/users\/52"}],"replies":[{"embeddable":true,"href":"https:\/\/www.reseau-entreprendre.org\/franche-comte\/wp-json\/wp\/v2\/comments?post=13"}],"version-history":[{"count":0,"href":"https:\/\/www.reseau-entreprendre.org\/franche-comte\/wp-json\/wp\/v2\/pages\/13\/revisions"}],"wp:attachment":[{"href":"https:\/\/www.reseau-entreprendre.org\/franche-comte\/wp-json\/wp\/v2\/media?parent=13"}],"curies":[{"name":"wp","href":"https:\/\/api.w.org\/{rel}","templated":true}]}}