{"id":15,"date":"2017-04-28T12:33:47","date_gmt":"2017-04-28T10:33:47","guid":{"rendered":"https:\/\/www.reseau-entreprendre.org\/franche-comte\/?page_id=15"},"modified":"2024-04-18T12:10:56","modified_gmt":"2024-04-18T10:10:56","slug":"accompagner","status":"publish","type":"page","link":"https:\/\/www.reseau-entreprendre.org\/franche-comte\/accompagner\/","title":{"rendered":"Accompagner"},"content":{"rendered":"\n<figure class=\"wp-block-table is-style-regular\"><table><tbody><tr><td> <h6><span style=\"font-size: 24px;color: #d70635\">Vous \u00eates chef d&#8217;entreprise engag\u00e9?<\/span><\/h6> <h6><strong><span style=\"font-size: 24px;color: #d70635\">Devenez Membre de R\u00e9seau Entreprendre\u00ae<\/span><br><\/strong><\/h6> <p>&nbsp;<\/p> <ul> <li> transmettez votre passion et votre exp\u00e9rience entrepreneuriale <\/li> <li><h5>soyez acteur du d\u00e9veloppement \u00e9conomique de notre territoire <\/h5><\/li> <li><h5>faites partie d\u2019un R\u00e9seau de dirigeants repr\u00e9sentatifs de l\u2019activit\u00e9 \u00e9conomique&nbsp;r\u00e9gionale<\/h5> <\/li> <\/ul> <p>&nbsp;<\/p> <\/td><td><img loading=\"lazy\" decoding=\"async\" class=\"wp-image-1691 aligncenter\" src=\"https:\/\/www.reseau-entreprendre.org\/franche-comte\/wp-content\/uploads\/sites\/51\/2017\/05\/Frise-parcours.png\" alt=\"\" width=\"590\" height=\"340\" srcset=\"https:\/\/www.reseau-entreprendre.org\/franche-comte\/wp-content\/uploads\/sites\/51\/2017\/05\/Frise-parcours.png 975w, https:\/\/www.reseau-entreprendre.org\/franche-comte\/wp-content\/uploads\/sites\/51\/2017\/05\/Frise-parcours-300x173.png 300w, https:\/\/www.reseau-entreprendre.org\/franche-comte\/wp-content\/uploads\/sites\/51\/2017\/05\/Frise-parcours-768x443.png 768w\" sizes=\"auto, (max-width: 590px) 100vw, 590px\" \/><\/td><\/tr><\/tbody><\/table><\/figure>\n\n\n\n<p><span style=\"color: #000000\">Chaque jour, les 130 chefs d\u2019entreprise de notre r\u00e9seau s\u2019engagent aux c\u00f4t\u00e9s de nouveaux entrepreneurs. Ils s\u2019engagent \u00e0 les accompagner vers la r\u00e9ussite de leur projet en leur offrant un accompagnement \u00e0 la fois humain et financier. Ils le font gratuitement, dans la dur\u00e9e, de mani\u00e8re passionn\u00e9e et professionnelle. Pourquoi\u2005? Parce qu\u2019ils sont convaincus que<strong> pour cr\u00e9er de l\u2019emploi, il faut cr\u00e9er des employeurs.<\/strong><\/span><\/p>\n\n\n\n<p><\/p>\n\n\n\n<p><\/p>\n\n\n\n<h6 class=\"wp-block-heading\"><span style=\"font-size: 24px;color: #d70635\">L&#8217;accompagnement R\u00e9seau Entreprendre\u00ae c&#8217;est aussi la sensibilisation des jeunes \u00e0 la cr\u00e9ation d&#8217;entreprise :<\/span><\/h6>\n\n\n\n<p><\/p>\n\n\n\n<p><\/p>\n\n\n\n<figure class=\"wp-block-image\"><img loading=\"lazy\" decoding=\"async\" width=\"250\" height=\"82\" src=\"https:\/\/www.reseau-entreprendre.org\/franche-comte\/wp-content\/uploads\/sites\/51\/2020\/04\/LOGO-LES-ENTREP-EN-FRANCHE-COMT\u00c9-1-e1587049772535.jpg\" alt=\"\" class=\"wp-image-1673\" \/><\/figure>\n\n\n\n<p><span style=\"color: #000000\">Un programme d\u2019entra\u00eenement terrain \u00e0 la cr\u00e9ation d\u2019entreprise offert \u00e0 tous les \u00e9tudiants, fond\u00e9 sur la p\u00e9dagogie \u201clearning by doing\u201d :<\/span><\/p>\n\n\n\n<ul class=\"wp-block-list\">\n<li><span style=\"color: #000000\">une \u00e9quipe pluridisciplinaire porteuse d\u2019une id\u00e9e innovante\u00a0<\/span><\/li>\n\n\n\n<li><span style=\"color: #000000\">un accompagnement par des chefs d\u2019entreprise (parrains) et des coachs\u00a0<\/span><\/li>\n\n\n\n<li><span style=\"color: #000000\">une bo\u00eete \u00e0 outils avec des soir\u00e9es Tools et des workshops, des conseils d\u2019experts en face \u00e0 face <\/span><\/li>\n\n\n\n<li><span style=\"color: #000000\">un espace internet d\u00e9di\u00e9&#8230;<\/span><\/li>\n<\/ul>\n\n\n\n<p><\/p>\n\n\n\n<figure class=\"wp-block-image is-resized\"><img loading=\"lazy\" decoding=\"async\" width=\"1138\" height=\"467\" src=\"https:\/\/www.reseau-entreprendre.org\/franche-comte\/wp-content\/uploads\/sites\/51\/2020\/04\/logo-100000.png\" alt=\"\" class=\"wp-image-1695\" style=\"width:250px\" srcset=\"https:\/\/www.reseau-entreprendre.org\/franche-comte\/wp-content\/uploads\/sites\/51\/2020\/04\/logo-100000.png 1138w, https:\/\/www.reseau-entreprendre.org\/franche-comte\/wp-content\/uploads\/sites\/51\/2020\/04\/logo-100000-300x123.png 300w, https:\/\/www.reseau-entreprendre.org\/franche-comte\/wp-content\/uploads\/sites\/51\/2020\/04\/logo-100000-1024x420.png 1024w, https:\/\/www.reseau-entreprendre.org\/franche-comte\/wp-content\/uploads\/sites\/51\/2020\/04\/logo-100000-768x315.png 768w\" sizes=\"auto, (max-width: 1138px) 100vw, 1138px\" \/><\/figure>\n\n\n\n<p><span style=\"color: #000000\">Sensibiliser les plus jeunes \u00e0 l\u2019esprit d\u2019entreprendre au moyen de t\u00e9moignages d\u2019entrepreneurs dans les coll\u00e8ges et les lyc\u00e9es, sous plusieurs formes d&#8217;interventions :<\/span><\/p>\n\n\n\n<ul class=\"wp-block-list\">\n<li><span style=\"color: #000000\">Intervention en classe<\/span><\/li>\n\n\n\n<li><span style=\"color: #000000\">Forum d\u2019entrepreneurs<\/span><\/li>\n\n\n\n<li><span style=\"color: #000000\">Op\u00e9ration de sensibilisation<\/span><\/li>\n<\/ul>\n","protected":false},"excerpt":{"rendered":"<p>Vous \u00eates chef d&#8217;entreprise engag\u00e9? Devenez Membre de R\u00e9seau Entreprendre\u00ae<\/p>\n","protected":false},"author":52,"featured_media":0,"parent":0,"menu_order":0,"comment_status":"closed","ping_status":"closed","template":"","meta":{"_acf_changed":false,"_monsterinsights_skip_tracking":false,"_monsterinsights_sitenote_active":false,"_monsterinsights_sitenote_note":"","_monsterinsights_sitenote_category":0,"footnotes":""},"class_list":["post-15","page","type-page","status-publish","hentry"],"acf":[],"yoast_head":"<!-- This site is optimized with the Yoast SEO plugin v27.4 - https:\/\/yoast.com\/product\/yoast-seo-wordpress\/ -->\n<title>Accompagner| Reseau Entreprendre Franche-Comt\u00e9<\/title>\n<meta name=\"description\" content=\"Vous \u00eates chef d&#039;entreprise et souhaitez accompagner de nouveaux entrepreneurs ? Devenez membre b\u00e9n\u00e9vole de R\u00e9seau Entreprendre Franche-Comt\u00e9 !\" \/>\n<meta name=\"robots\" content=\"index, follow, max-snippet:-1, max-image-preview:large, max-video-preview:-1\" \/>\n<link rel=\"canonical\" href=\"https:\/\/www.reseau-entreprendre.org\/franche-comte\/accompagner\/\" \/>\n<meta property=\"og:locale\" content=\"fr_FR\" \/>\n<meta property=\"og:type\" content=\"article\" \/>\n<meta property=\"og:title\" content=\"Accompagner| Reseau Entreprendre Franche-Comt\u00e9\" \/>\n<meta property=\"og:description\" content=\"Vous \u00eates chef d&#039;entreprise et souhaitez accompagner de nouveaux entrepreneurs ? Devenez membre b\u00e9n\u00e9vole de R\u00e9seau Entreprendre Franche-Comt\u00e9 !\" \/>\n<meta property=\"og:url\" content=\"https:\/\/www.reseau-entreprendre.org\/franche-comte\/accompagner\/\" \/>\n<meta property=\"og:site_name\" content=\"R\u00e9seau Entreprendre Franche-Comt\u00e9\" \/>\n<meta property=\"article:modified_time\" content=\"2024-04-18T10:10:56+00:00\" \/>\n<meta property=\"og:image\" content=\"https:\/\/www.reseau-entreprendre.org\/franche-comte\/wp-content\/uploads\/sites\/51\/2017\/05\/Frise-parcours.png\" \/>\n<meta name=\"twitter:card\" content=\"summary_large_image\" \/>\n<meta name=\"twitter:label1\" content=\"Dur\u00e9e de lecture estim\u00e9e\" \/>\n\t<meta name=\"twitter:data1\" content=\"2 minutes\" \/>\n<script type=\"application\/ld+json\" class=\"yoast-schema-graph\">{\"@context\":\"https:\\\/\\\/schema.org\",\"@graph\":[{\"@type\":\"WebPage\",\"@id\":\"https:\\\/\\\/www.reseau-entreprendre.org\\\/franche-comte\\\/accompagner\\\/\",\"url\":\"https:\\\/\\\/www.reseau-entreprendre.org\\\/franche-comte\\\/accompagner\\\/\",\"name\":\"Accompagner| Reseau Entreprendre Franche-Comt\u00e9\",\"isPartOf\":{\"@id\":\"https:\\\/\\\/www.reseau-entreprendre.org\\\/franche-comte\\\/#website\"},\"primaryImageOfPage\":{\"@id\":\"https:\\\/\\\/www.reseau-entreprendre.org\\\/franche-comte\\\/accompagner\\\/#primaryimage\"},\"image\":{\"@id\":\"https:\\\/\\\/www.reseau-entreprendre.org\\\/franche-comte\\\/accompagner\\\/#primaryimage\"},\"thumbnailUrl\":\"https:\\\/\\\/www.reseau-entreprendre.org\\\/franche-comte\\\/wp-content\\\/uploads\\\/sites\\\/51\\\/2017\\\/05\\\/Frise-parcours.png\",\"datePublished\":\"2017-04-28T10:33:47+00:00\",\"dateModified\":\"2024-04-18T10:10:56+00:00\",\"description\":\"Vous \u00eates chef d'entreprise et souhaitez accompagner de nouveaux entrepreneurs ? Devenez membre b\u00e9n\u00e9vole de R\u00e9seau Entreprendre Franche-Comt\u00e9 !\",\"breadcrumb\":{\"@id\":\"https:\\\/\\\/www.reseau-entreprendre.org\\\/franche-comte\\\/accompagner\\\/#breadcrumb\"},\"inLanguage\":\"fr-FR\",\"potentialAction\":[{\"@type\":\"ReadAction\",\"target\":[\"https:\\\/\\\/www.reseau-entreprendre.org\\\/franche-comte\\\/accompagner\\\/\"]}]},{\"@type\":\"ImageObject\",\"inLanguage\":\"fr-FR\",\"@id\":\"https:\\\/\\\/www.reseau-entreprendre.org\\\/franche-comte\\\/accompagner\\\/#primaryimage\",\"url\":\"https:\\\/\\\/www.reseau-entreprendre.org\\\/franche-comte\\\/wp-content\\\/uploads\\\/sites\\\/51\\\/2017\\\/05\\\/Frise-parcours.png\",\"contentUrl\":\"https:\\\/\\\/www.reseau-entreprendre.org\\\/franche-comte\\\/wp-content\\\/uploads\\\/sites\\\/51\\\/2017\\\/05\\\/Frise-parcours.png\",\"width\":975,\"height\":562},{\"@type\":\"BreadcrumbList\",\"@id\":\"https:\\\/\\\/www.reseau-entreprendre.org\\\/franche-comte\\\/accompagner\\\/#breadcrumb\",\"itemListElement\":[{\"@type\":\"ListItem\",\"position\":1,\"name\":\"Accueil\",\"item\":\"https:\\\/\\\/www.reseau-entreprendre.org\\\/franche-comte\\\/\"},{\"@type\":\"ListItem\",\"position\":2,\"name\":\"Accompagner\"}]},{\"@type\":\"WebSite\",\"@id\":\"https:\\\/\\\/www.reseau-entreprendre.org\\\/franche-comte\\\/#website\",\"url\":\"https:\\\/\\\/www.reseau-entreprendre.org\\\/franche-comte\\\/\",\"name\":\"R\u00e9seau Entreprendre Franche-Comt\u00e9\",\"description\":\"Un site utilisant Les sites de R\u00e9seau Entreprendre\",\"potentialAction\":[{\"@type\":\"SearchAction\",\"target\":{\"@type\":\"EntryPoint\",\"urlTemplate\":\"https:\\\/\\\/www.reseau-entreprendre.org\\\/franche-comte\\\/?s={search_term_string}\"},\"query-input\":{\"@type\":\"PropertyValueSpecification\",\"valueRequired\":true,\"valueName\":\"search_term_string\"}}],\"inLanguage\":\"fr-FR\"}]}<\/script>\n<!-- \/ Yoast SEO plugin. -->","yoast_head_json":{"title":"Accompagner| Reseau Entreprendre Franche-Comt\u00e9","description":"Vous \u00eates chef d'entreprise et souhaitez accompagner de nouveaux entrepreneurs ? Devenez membre b\u00e9n\u00e9vole de R\u00e9seau Entreprendre Franche-Comt\u00e9 !","robots":{"index":"index","follow":"follow","max-snippet":"max-snippet:-1","max-image-preview":"max-image-preview:large","max-video-preview":"max-video-preview:-1"},"canonical":"https:\/\/www.reseau-entreprendre.org\/franche-comte\/accompagner\/","og_locale":"fr_FR","og_type":"article","og_title":"Accompagner| Reseau Entreprendre Franche-Comt\u00e9","og_description":"Vous \u00eates chef d'entreprise et souhaitez accompagner de nouveaux entrepreneurs ? Devenez membre b\u00e9n\u00e9vole de R\u00e9seau Entreprendre Franche-Comt\u00e9 !","og_url":"https:\/\/www.reseau-entreprendre.org\/franche-comte\/accompagner\/","og_site_name":"R\u00e9seau Entreprendre Franche-Comt\u00e9","article_modified_time":"2024-04-18T10:10:56+00:00","og_image":[{"url":"https:\/\/www.reseau-entreprendre.org\/franche-comte\/wp-content\/uploads\/sites\/51\/2017\/05\/Frise-parcours.png","type":"","width":"","height":""}],"twitter_card":"summary_large_image","twitter_misc":{"Dur\u00e9e de lecture estim\u00e9e":"2 minutes"},"schema":{"@context":"https:\/\/schema.org","@graph":[{"@type":"WebPage","@id":"https:\/\/www.reseau-entreprendre.org\/franche-comte\/accompagner\/","url":"https:\/\/www.reseau-entreprendre.org\/franche-comte\/accompagner\/","name":"Accompagner| Reseau Entreprendre Franche-Comt\u00e9","isPartOf":{"@id":"https:\/\/www.reseau-entreprendre.org\/franche-comte\/#website"},"primaryImageOfPage":{"@id":"https:\/\/www.reseau-entreprendre.org\/franche-comte\/accompagner\/#primaryimage"},"image":{"@id":"https:\/\/www.reseau-entreprendre.org\/franche-comte\/accompagner\/#primaryimage"},"thumbnailUrl":"https:\/\/www.reseau-entreprendre.org\/franche-comte\/wp-content\/uploads\/sites\/51\/2017\/05\/Frise-parcours.png","datePublished":"2017-04-28T10:33:47+00:00","dateModified":"2024-04-18T10:10:56+00:00","description":"Vous \u00eates chef d'entreprise et souhaitez accompagner de nouveaux entrepreneurs ? Devenez membre b\u00e9n\u00e9vole de R\u00e9seau Entreprendre Franche-Comt\u00e9 !","breadcrumb":{"@id":"https:\/\/www.reseau-entreprendre.org\/franche-comte\/accompagner\/#breadcrumb"},"inLanguage":"fr-FR","potentialAction":[{"@type":"ReadAction","target":["https:\/\/www.reseau-entreprendre.org\/franche-comte\/accompagner\/"]}]},{"@type":"ImageObject","inLanguage":"fr-FR","@id":"https:\/\/www.reseau-entreprendre.org\/franche-comte\/accompagner\/#primaryimage","url":"https:\/\/www.reseau-entreprendre.org\/franche-comte\/wp-content\/uploads\/sites\/51\/2017\/05\/Frise-parcours.png","contentUrl":"https:\/\/www.reseau-entreprendre.org\/franche-comte\/wp-content\/uploads\/sites\/51\/2017\/05\/Frise-parcours.png","width":975,"height":562},{"@type":"BreadcrumbList","@id":"https:\/\/www.reseau-entreprendre.org\/franche-comte\/accompagner\/#breadcrumb","itemListElement":[{"@type":"ListItem","position":1,"name":"Accueil","item":"https:\/\/www.reseau-entreprendre.org\/franche-comte\/"},{"@type":"ListItem","position":2,"name":"Accompagner"}]},{"@type":"WebSite","@id":"https:\/\/www.reseau-entreprendre.org\/franche-comte\/#website","url":"https:\/\/www.reseau-entreprendre.org\/franche-comte\/","name":"R\u00e9seau Entreprendre Franche-Comt\u00e9","description":"Un site utilisant Les sites de R\u00e9seau Entreprendre","potentialAction":[{"@type":"SearchAction","target":{"@type":"EntryPoint","urlTemplate":"https:\/\/www.reseau-entreprendre.org\/franche-comte\/?s={search_term_string}"},"query-input":{"@type":"PropertyValueSpecification","valueRequired":true,"valueName":"search_term_string"}}],"inLanguage":"fr-FR"}]}},"_links":{"self":[{"href":"https:\/\/www.reseau-entreprendre.org\/franche-comte\/wp-json\/wp\/v2\/pages\/15","targetHints":{"allow":["GET"]}}],"collection":[{"href":"https:\/\/www.reseau-entreprendre.org\/franche-comte\/wp-json\/wp\/v2\/pages"}],"about":[{"href":"https:\/\/www.reseau-entreprendre.org\/franche-comte\/wp-json\/wp\/v2\/types\/page"}],"author":[{"embeddable":true,"href":"https:\/\/www.reseau-entreprendre.org\/franche-comte\/wp-json\/wp\/v2\/users\/52"}],"replies":[{"embeddable":true,"href":"https:\/\/www.reseau-entreprendre.org\/franche-comte\/wp-json\/wp\/v2\/comments?post=15"}],"version-history":[{"count":0,"href":"https:\/\/www.reseau-entreprendre.org\/franche-comte\/wp-json\/wp\/v2\/pages\/15\/revisions"}],"wp:attachment":[{"href":"https:\/\/www.reseau-entreprendre.org\/franche-comte\/wp-json\/wp\/v2\/media?parent=15"}],"curies":[{"name":"wp","href":"https:\/\/api.w.org\/{rel}","templated":true}]}}