{"id":1732,"date":"2020-04-23T16:26:36","date_gmt":"2020-04-23T14:26:36","guid":{"rendered":"https:\/\/www.reseau-entreprendre.org\/franche-comte\/?page_id=1732"},"modified":"2026-02-11T12:16:05","modified_gmt":"2026-02-11T11:16:05","slug":"lequipe","status":"publish","type":"page","link":"https:\/\/www.reseau-entreprendre.org\/franche-comte\/qui-sommes-nous-2\/lequipe\/","title":{"rendered":"L&#8217;\u00e9quipe"},"content":{"rendered":"\n<p class=\"has-text-align-center\"><span style=\"font-size: 24px\">Une association r\u00e9gionale, 3 antennes locales<\/span><\/p>\n\n\n\n<h2 class=\"wp-block-heading\">L\u2019\u00e9quipe op\u00e9rationnelle<\/h2>\n\n\n<div class=\"wp-block-image\">\n<figure class=\"aligncenter size-full is-resized\"><img loading=\"lazy\" decoding=\"async\" width=\"1024\" height=\"768\" src=\"https:\/\/www.reseau-entreprendre.org\/franche-comte\/wp-content\/uploads\/sites\/51\/2025\/10\/Bleu-et-Violet-Decontracte-Societe-Tech-Organigramme-4.png\" alt=\"\" class=\"wp-image-2740\" style=\"width:1125px;height:auto\" srcset=\"https:\/\/www.reseau-entreprendre.org\/franche-comte\/wp-content\/uploads\/sites\/51\/2025\/10\/Bleu-et-Violet-Decontracte-Societe-Tech-Organigramme-4.png 1024w, https:\/\/www.reseau-entreprendre.org\/franche-comte\/wp-content\/uploads\/sites\/51\/2025\/10\/Bleu-et-Violet-Decontracte-Societe-Tech-Organigramme-4-300x225.png 300w, https:\/\/www.reseau-entreprendre.org\/franche-comte\/wp-content\/uploads\/sites\/51\/2025\/10\/Bleu-et-Violet-Decontracte-Societe-Tech-Organigramme-4-768x576.png 768w, https:\/\/www.reseau-entreprendre.org\/franche-comte\/wp-content\/uploads\/sites\/51\/2025\/10\/Bleu-et-Violet-Decontracte-Societe-Tech-Organigramme-4-173x130.png 173w, https:\/\/www.reseau-entreprendre.org\/franche-comte\/wp-content\/uploads\/sites\/51\/2025\/10\/Bleu-et-Violet-Decontracte-Societe-Tech-Organigramme-4-100x75.png 100w\" sizes=\"auto, (max-width: 1024px) 100vw, 1024px\" \/><\/figure>\n<\/div>\n\n\n<p><span style=\"font-size: 12px\">Elena MOISE : <a href=\"mailto:emoise@reseau-entreprendre.org\">emoise@reseau-entreprendre.org<\/a><\/span><\/p>\n\n\n\n<p><span style=\"font-size: 12px\">Estelle Carrere : <a href=\"mailto:ecarrere@reseau-entreprendre.org\">ecarrere@reseau-entreprendre.org<\/a><\/span><\/p>\n\n\n\n<p><span style=\"font-size: 12px\">G\u00e9raldine HAMELIN :&nbsp;<a href=\"mailto:ghamelin@reseau-entreprendre.org\">ghamelin@reseau-entreprendre.org<\/a>&nbsp;<\/span><\/p>\n\n\n\n<p class=\"has-small-font-size\"><span style=\"font-size: 12px\">Corinne PRADAUDE : <a href=\"mailto:cpradaude@reseau-entreprendre.org\">cpradaude@reseau-entreprendre.org<\/a><\/span><\/p>\n\n\n\n<p><span style=\"font-size: 12px\">Delphine LOMBARDOT : <a href=\"mailto:dlombardot@reseau-entreprendre.org\">dlombardot@reseau-entreprendre.org<\/a><\/span><\/p>\n\n\n\n<p class=\"has-small-font-size\">Laurent PERNIN : <a href=\"mailto:lpernin@reseau-entreprendre.org\">lpernin@reseau-entreprendre.org<\/a><\/p>\n\n\n\n<h2 class=\"wp-block-heading\">&nbsp;<\/h2>\n\n\n\n<h2 class=\"wp-block-heading\">Les membres du bureau<\/h2>\n\n\n\n<figure class=\"wp-block-image size-full\"><img loading=\"lazy\" decoding=\"async\" width=\"1024\" height=\"768\" src=\"https:\/\/www.reseau-entreprendre.org\/franche-comte\/wp-content\/uploads\/sites\/51\/2026\/02\/Membres-du-Bureau-1.png\" alt=\"\" class=\"wp-image-2754\" srcset=\"https:\/\/www.reseau-entreprendre.org\/franche-comte\/wp-content\/uploads\/sites\/51\/2026\/02\/Membres-du-Bureau-1.png 1024w, https:\/\/www.reseau-entreprendre.org\/franche-comte\/wp-content\/uploads\/sites\/51\/2026\/02\/Membres-du-Bureau-1-300x225.png 300w, https:\/\/www.reseau-entreprendre.org\/franche-comte\/wp-content\/uploads\/sites\/51\/2026\/02\/Membres-du-Bureau-1-768x576.png 768w, https:\/\/www.reseau-entreprendre.org\/franche-comte\/wp-content\/uploads\/sites\/51\/2026\/02\/Membres-du-Bureau-1-173x130.png 173w, https:\/\/www.reseau-entreprendre.org\/franche-comte\/wp-content\/uploads\/sites\/51\/2026\/02\/Membres-du-Bureau-1-100x75.png 100w\" sizes=\"auto, (max-width: 1024px) 100vw, 1024px\" \/><\/figure>\n","protected":false},"excerpt":{"rendered":"<p>Une association r\u00e9gionale, 3 antennes locales L\u2019\u00e9quipe op\u00e9rationnelle Elena MOISE<\/p>\n","protected":false},"author":52,"featured_media":0,"parent":914,"menu_order":0,"comment_status":"closed","ping_status":"closed","template":"","meta":{"_acf_changed":false,"_monsterinsights_skip_tracking":false,"_monsterinsights_sitenote_active":false,"_monsterinsights_sitenote_note":"","_monsterinsights_sitenote_category":0,"footnotes":""},"class_list":["post-1732","page","type-page","status-publish","hentry"],"acf":[],"yoast_head":"<!-- This site is optimized with the Yoast SEO plugin v27.4 - https:\/\/yoast.com\/product\/yoast-seo-wordpress\/ -->\n<title>L&#039;\u00e9quipe - R\u00e9seau Entreprendre Franche-Comt\u00e9<\/title>\n<meta name=\"robots\" content=\"index, follow, max-snippet:-1, max-image-preview:large, max-video-preview:-1\" \/>\n<link rel=\"canonical\" href=\"https:\/\/www.reseau-entreprendre.org\/franche-comte\/qui-sommes-nous-2\/lequipe\/\" \/>\n<meta property=\"og:locale\" content=\"fr_FR\" \/>\n<meta property=\"og:type\" content=\"article\" \/>\n<meta property=\"og:title\" content=\"L&#039;\u00e9quipe - R\u00e9seau Entreprendre Franche-Comt\u00e9\" \/>\n<meta property=\"og:description\" content=\"Une association r\u00e9gionale, 3 antennes locales L\u2019\u00e9quipe op\u00e9rationnelle Elena MOISE\" \/>\n<meta property=\"og:url\" content=\"https:\/\/www.reseau-entreprendre.org\/franche-comte\/qui-sommes-nous-2\/lequipe\/\" \/>\n<meta property=\"og:site_name\" content=\"R\u00e9seau Entreprendre Franche-Comt\u00e9\" \/>\n<meta property=\"article:modified_time\" content=\"2026-02-11T11:16:05+00:00\" \/>\n<meta property=\"og:image\" content=\"https:\/\/www.reseau-entreprendre.org\/franche-comte\/wp-content\/uploads\/sites\/51\/2025\/10\/Bleu-et-Violet-Decontracte-Societe-Tech-Organigramme-4.png\" \/>\n\t<meta property=\"og:image:width\" content=\"1024\" \/>\n\t<meta property=\"og:image:height\" content=\"768\" \/>\n\t<meta property=\"og:image:type\" content=\"image\/png\" \/>\n<meta name=\"twitter:card\" content=\"summary_large_image\" \/>\n<meta name=\"twitter:label1\" content=\"Dur\u00e9e de lecture estim\u00e9e\" \/>\n\t<meta name=\"twitter:data1\" content=\"1 minute\" \/>\n<script type=\"application\/ld+json\" class=\"yoast-schema-graph\">{\"@context\":\"https:\\\/\\\/schema.org\",\"@graph\":[{\"@type\":\"WebPage\",\"@id\":\"https:\\\/\\\/www.reseau-entreprendre.org\\\/franche-comte\\\/qui-sommes-nous-2\\\/lequipe\\\/\",\"url\":\"https:\\\/\\\/www.reseau-entreprendre.org\\\/franche-comte\\\/qui-sommes-nous-2\\\/lequipe\\\/\",\"name\":\"L'\u00e9quipe - R\u00e9seau Entreprendre Franche-Comt\u00e9\",\"isPartOf\":{\"@id\":\"https:\\\/\\\/www.reseau-entreprendre.org\\\/franche-comte\\\/#website\"},\"primaryImageOfPage\":{\"@id\":\"https:\\\/\\\/www.reseau-entreprendre.org\\\/franche-comte\\\/qui-sommes-nous-2\\\/lequipe\\\/#primaryimage\"},\"image\":{\"@id\":\"https:\\\/\\\/www.reseau-entreprendre.org\\\/franche-comte\\\/qui-sommes-nous-2\\\/lequipe\\\/#primaryimage\"},\"thumbnailUrl\":\"https:\\\/\\\/www.reseau-entreprendre.org\\\/franche-comte\\\/wp-content\\\/uploads\\\/sites\\\/51\\\/2025\\\/10\\\/Bleu-et-Violet-Decontracte-Societe-Tech-Organigramme-4.png\",\"datePublished\":\"2020-04-23T14:26:36+00:00\",\"dateModified\":\"2026-02-11T11:16:05+00:00\",\"breadcrumb\":{\"@id\":\"https:\\\/\\\/www.reseau-entreprendre.org\\\/franche-comte\\\/qui-sommes-nous-2\\\/lequipe\\\/#breadcrumb\"},\"inLanguage\":\"fr-FR\",\"potentialAction\":[{\"@type\":\"ReadAction\",\"target\":[\"https:\\\/\\\/www.reseau-entreprendre.org\\\/franche-comte\\\/qui-sommes-nous-2\\\/lequipe\\\/\"]}]},{\"@type\":\"ImageObject\",\"inLanguage\":\"fr-FR\",\"@id\":\"https:\\\/\\\/www.reseau-entreprendre.org\\\/franche-comte\\\/qui-sommes-nous-2\\\/lequipe\\\/#primaryimage\",\"url\":\"https:\\\/\\\/www.reseau-entreprendre.org\\\/franche-comte\\\/wp-content\\\/uploads\\\/sites\\\/51\\\/2025\\\/10\\\/Bleu-et-Violet-Decontracte-Societe-Tech-Organigramme-4.png\",\"contentUrl\":\"https:\\\/\\\/www.reseau-entreprendre.org\\\/franche-comte\\\/wp-content\\\/uploads\\\/sites\\\/51\\\/2025\\\/10\\\/Bleu-et-Violet-Decontracte-Societe-Tech-Organigramme-4.png\",\"width\":1024,\"height\":768},{\"@type\":\"BreadcrumbList\",\"@id\":\"https:\\\/\\\/www.reseau-entreprendre.org\\\/franche-comte\\\/qui-sommes-nous-2\\\/lequipe\\\/#breadcrumb\",\"itemListElement\":[{\"@type\":\"ListItem\",\"position\":1,\"name\":\"Accueil\",\"item\":\"https:\\\/\\\/www.reseau-entreprendre.org\\\/franche-comte\\\/\"},{\"@type\":\"ListItem\",\"position\":2,\"name\":\"Qui sommes-nous\",\"item\":\"https:\\\/\\\/www.reseau-entreprendre.org\\\/franche-comte\\\/qui-sommes-nous-2\\\/\"},{\"@type\":\"ListItem\",\"position\":3,\"name\":\"L&#8217;\u00e9quipe\"}]},{\"@type\":\"WebSite\",\"@id\":\"https:\\\/\\\/www.reseau-entreprendre.org\\\/franche-comte\\\/#website\",\"url\":\"https:\\\/\\\/www.reseau-entreprendre.org\\\/franche-comte\\\/\",\"name\":\"R\u00e9seau Entreprendre Franche-Comt\u00e9\",\"description\":\"Un site utilisant Les sites de R\u00e9seau Entreprendre\",\"potentialAction\":[{\"@type\":\"SearchAction\",\"target\":{\"@type\":\"EntryPoint\",\"urlTemplate\":\"https:\\\/\\\/www.reseau-entreprendre.org\\\/franche-comte\\\/?s={search_term_string}\"},\"query-input\":{\"@type\":\"PropertyValueSpecification\",\"valueRequired\":true,\"valueName\":\"search_term_string\"}}],\"inLanguage\":\"fr-FR\"}]}<\/script>\n<!-- \/ Yoast SEO plugin. -->","yoast_head_json":{"title":"L'\u00e9quipe - R\u00e9seau Entreprendre Franche-Comt\u00e9","robots":{"index":"index","follow":"follow","max-snippet":"max-snippet:-1","max-image-preview":"max-image-preview:large","max-video-preview":"max-video-preview:-1"},"canonical":"https:\/\/www.reseau-entreprendre.org\/franche-comte\/qui-sommes-nous-2\/lequipe\/","og_locale":"fr_FR","og_type":"article","og_title":"L'\u00e9quipe - R\u00e9seau Entreprendre Franche-Comt\u00e9","og_description":"Une association r\u00e9gionale, 3 antennes locales L\u2019\u00e9quipe op\u00e9rationnelle Elena MOISE","og_url":"https:\/\/www.reseau-entreprendre.org\/franche-comte\/qui-sommes-nous-2\/lequipe\/","og_site_name":"R\u00e9seau Entreprendre Franche-Comt\u00e9","article_modified_time":"2026-02-11T11:16:05+00:00","og_image":[{"width":1024,"height":768,"url":"https:\/\/www.reseau-entreprendre.org\/franche-comte\/wp-content\/uploads\/sites\/51\/2025\/10\/Bleu-et-Violet-Decontracte-Societe-Tech-Organigramme-4.png","type":"image\/png"}],"twitter_card":"summary_large_image","twitter_misc":{"Dur\u00e9e de lecture estim\u00e9e":"1 minute"},"schema":{"@context":"https:\/\/schema.org","@graph":[{"@type":"WebPage","@id":"https:\/\/www.reseau-entreprendre.org\/franche-comte\/qui-sommes-nous-2\/lequipe\/","url":"https:\/\/www.reseau-entreprendre.org\/franche-comte\/qui-sommes-nous-2\/lequipe\/","name":"L'\u00e9quipe - R\u00e9seau Entreprendre Franche-Comt\u00e9","isPartOf":{"@id":"https:\/\/www.reseau-entreprendre.org\/franche-comte\/#website"},"primaryImageOfPage":{"@id":"https:\/\/www.reseau-entreprendre.org\/franche-comte\/qui-sommes-nous-2\/lequipe\/#primaryimage"},"image":{"@id":"https:\/\/www.reseau-entreprendre.org\/franche-comte\/qui-sommes-nous-2\/lequipe\/#primaryimage"},"thumbnailUrl":"https:\/\/www.reseau-entreprendre.org\/franche-comte\/wp-content\/uploads\/sites\/51\/2025\/10\/Bleu-et-Violet-Decontracte-Societe-Tech-Organigramme-4.png","datePublished":"2020-04-23T14:26:36+00:00","dateModified":"2026-02-11T11:16:05+00:00","breadcrumb":{"@id":"https:\/\/www.reseau-entreprendre.org\/franche-comte\/qui-sommes-nous-2\/lequipe\/#breadcrumb"},"inLanguage":"fr-FR","potentialAction":[{"@type":"ReadAction","target":["https:\/\/www.reseau-entreprendre.org\/franche-comte\/qui-sommes-nous-2\/lequipe\/"]}]},{"@type":"ImageObject","inLanguage":"fr-FR","@id":"https:\/\/www.reseau-entreprendre.org\/franche-comte\/qui-sommes-nous-2\/lequipe\/#primaryimage","url":"https:\/\/www.reseau-entreprendre.org\/franche-comte\/wp-content\/uploads\/sites\/51\/2025\/10\/Bleu-et-Violet-Decontracte-Societe-Tech-Organigramme-4.png","contentUrl":"https:\/\/www.reseau-entreprendre.org\/franche-comte\/wp-content\/uploads\/sites\/51\/2025\/10\/Bleu-et-Violet-Decontracte-Societe-Tech-Organigramme-4.png","width":1024,"height":768},{"@type":"BreadcrumbList","@id":"https:\/\/www.reseau-entreprendre.org\/franche-comte\/qui-sommes-nous-2\/lequipe\/#breadcrumb","itemListElement":[{"@type":"ListItem","position":1,"name":"Accueil","item":"https:\/\/www.reseau-entreprendre.org\/franche-comte\/"},{"@type":"ListItem","position":2,"name":"Qui sommes-nous","item":"https:\/\/www.reseau-entreprendre.org\/franche-comte\/qui-sommes-nous-2\/"},{"@type":"ListItem","position":3,"name":"L&#8217;\u00e9quipe"}]},{"@type":"WebSite","@id":"https:\/\/www.reseau-entreprendre.org\/franche-comte\/#website","url":"https:\/\/www.reseau-entreprendre.org\/franche-comte\/","name":"R\u00e9seau Entreprendre Franche-Comt\u00e9","description":"Un site utilisant Les sites de R\u00e9seau Entreprendre","potentialAction":[{"@type":"SearchAction","target":{"@type":"EntryPoint","urlTemplate":"https:\/\/www.reseau-entreprendre.org\/franche-comte\/?s={search_term_string}"},"query-input":{"@type":"PropertyValueSpecification","valueRequired":true,"valueName":"search_term_string"}}],"inLanguage":"fr-FR"}]}},"_links":{"self":[{"href":"https:\/\/www.reseau-entreprendre.org\/franche-comte\/wp-json\/wp\/v2\/pages\/1732","targetHints":{"allow":["GET"]}}],"collection":[{"href":"https:\/\/www.reseau-entreprendre.org\/franche-comte\/wp-json\/wp\/v2\/pages"}],"about":[{"href":"https:\/\/www.reseau-entreprendre.org\/franche-comte\/wp-json\/wp\/v2\/types\/page"}],"author":[{"embeddable":true,"href":"https:\/\/www.reseau-entreprendre.org\/franche-comte\/wp-json\/wp\/v2\/users\/52"}],"replies":[{"embeddable":true,"href":"https:\/\/www.reseau-entreprendre.org\/franche-comte\/wp-json\/wp\/v2\/comments?post=1732"}],"version-history":[{"count":0,"href":"https:\/\/www.reseau-entreprendre.org\/franche-comte\/wp-json\/wp\/v2\/pages\/1732\/revisions"}],"up":[{"embeddable":true,"href":"https:\/\/www.reseau-entreprendre.org\/franche-comte\/wp-json\/wp\/v2\/pages\/914"}],"wp:attachment":[{"href":"https:\/\/www.reseau-entreprendre.org\/franche-comte\/wp-json\/wp\/v2\/media?parent=1732"}],"curies":[{"name":"wp","href":"https:\/\/api.w.org\/{rel}","templated":true}]}}