{"id":211,"date":"2017-06-13T17:35:06","date_gmt":"2017-06-13T15:35:06","guid":{"rendered":"https:\/\/www.reseau-entreprendre.org\/franche-comte\/?page_id=211"},"modified":"2022-04-13T10:23:14","modified_gmt":"2022-04-13T08:23:14","slug":"ils-nous-soutiennent","status":"publish","type":"page","link":"https:\/\/www.reseau-entreprendre.org\/franche-comte\/ils-nous-soutiennent\/","title":{"rendered":"Ils nous soutiennent"},"content":{"rendered":"\n<h2 class=\"wp-block-heading\">Merci \u00e0 nos partenaires des fonds de pr\u00eats pour leur soutien !<\/h2>\n\n\n\n<p>R\u00e9seau Entreprendre\u00ae Franche-Comt\u00e9 b\u00e9n\u00e9ficie du soutien fid\u00e8le de partenaires d\u00e9sireux de promouvoir la cause de l\u2019entrepreneuriat, de faciliter l\u2019acte de cr\u00e9er ou reprendre et de contribuer au d\u00e9veloppement de R\u00e9seau Entreprendre\u00ae\u00a0 en Franche-Comt\u00e9.<\/p>\n\n\n<div data-block_6256886b50115 class=\"re-partners align\">\n  <\/div>\n","protected":false},"excerpt":{"rendered":"<p>Merci \u00e0 nos partenaires des fonds de pr\u00eats pour leur<\/p>\n","protected":false},"author":52,"featured_media":0,"parent":0,"menu_order":0,"comment_status":"closed","ping_status":"closed","template":"","meta":{"_acf_changed":false,"_monsterinsights_skip_tracking":false,"_monsterinsights_sitenote_active":false,"_monsterinsights_sitenote_note":"","_monsterinsights_sitenote_category":0,"footnotes":""},"class_list":["post-211","page","type-page","status-publish","hentry"],"acf":[],"yoast_head":"<!-- This site is optimized with the Yoast SEO plugin v27.4 - https:\/\/yoast.com\/product\/yoast-seo-wordpress\/ -->\n<title>Ils nous soutiennent - R\u00e9seau Entreprendre Franche-Comt\u00e9<\/title>\n<meta name=\"robots\" content=\"index, follow, max-snippet:-1, max-image-preview:large, max-video-preview:-1\" \/>\n<link rel=\"canonical\" href=\"https:\/\/www.reseau-entreprendre.org\/franche-comte\/ils-nous-soutiennent\/\" \/>\n<meta property=\"og:locale\" content=\"fr_FR\" \/>\n<meta property=\"og:type\" content=\"article\" \/>\n<meta property=\"og:title\" content=\"Ils nous soutiennent - R\u00e9seau Entreprendre Franche-Comt\u00e9\" \/>\n<meta property=\"og:description\" content=\"Merci \u00e0 nos partenaires des fonds de pr\u00eats pour leur\" \/>\n<meta property=\"og:url\" content=\"https:\/\/www.reseau-entreprendre.org\/franche-comte\/ils-nous-soutiennent\/\" \/>\n<meta property=\"og:site_name\" content=\"R\u00e9seau Entreprendre Franche-Comt\u00e9\" \/>\n<meta property=\"article:modified_time\" content=\"2022-04-13T08:23:14+00:00\" \/>\n<meta name=\"twitter:card\" content=\"summary_large_image\" \/>\n<meta name=\"twitter:label1\" content=\"Dur\u00e9e de lecture estim\u00e9e\" \/>\n\t<meta name=\"twitter:data1\" content=\"1 minute\" \/>\n<script type=\"application\/ld+json\" class=\"yoast-schema-graph\">{\"@context\":\"https:\\\/\\\/schema.org\",\"@graph\":[{\"@type\":\"WebPage\",\"@id\":\"https:\\\/\\\/www.reseau-entreprendre.org\\\/franche-comte\\\/ils-nous-soutiennent\\\/\",\"url\":\"https:\\\/\\\/www.reseau-entreprendre.org\\\/franche-comte\\\/ils-nous-soutiennent\\\/\",\"name\":\"Ils nous soutiennent - R\u00e9seau Entreprendre Franche-Comt\u00e9\",\"isPartOf\":{\"@id\":\"https:\\\/\\\/www.reseau-entreprendre.org\\\/franche-comte\\\/#website\"},\"datePublished\":\"2017-06-13T15:35:06+00:00\",\"dateModified\":\"2022-04-13T08:23:14+00:00\",\"breadcrumb\":{\"@id\":\"https:\\\/\\\/www.reseau-entreprendre.org\\\/franche-comte\\\/ils-nous-soutiennent\\\/#breadcrumb\"},\"inLanguage\":\"fr-FR\",\"potentialAction\":[{\"@type\":\"ReadAction\",\"target\":[\"https:\\\/\\\/www.reseau-entreprendre.org\\\/franche-comte\\\/ils-nous-soutiennent\\\/\"]}]},{\"@type\":\"BreadcrumbList\",\"@id\":\"https:\\\/\\\/www.reseau-entreprendre.org\\\/franche-comte\\\/ils-nous-soutiennent\\\/#breadcrumb\",\"itemListElement\":[{\"@type\":\"ListItem\",\"position\":1,\"name\":\"Accueil\",\"item\":\"https:\\\/\\\/www.reseau-entreprendre.org\\\/franche-comte\\\/\"},{\"@type\":\"ListItem\",\"position\":2,\"name\":\"Ils nous soutiennent\"}]},{\"@type\":\"WebSite\",\"@id\":\"https:\\\/\\\/www.reseau-entreprendre.org\\\/franche-comte\\\/#website\",\"url\":\"https:\\\/\\\/www.reseau-entreprendre.org\\\/franche-comte\\\/\",\"name\":\"R\u00e9seau Entreprendre Franche-Comt\u00e9\",\"description\":\"Un site utilisant Les sites de R\u00e9seau Entreprendre\",\"potentialAction\":[{\"@type\":\"SearchAction\",\"target\":{\"@type\":\"EntryPoint\",\"urlTemplate\":\"https:\\\/\\\/www.reseau-entreprendre.org\\\/franche-comte\\\/?s={search_term_string}\"},\"query-input\":{\"@type\":\"PropertyValueSpecification\",\"valueRequired\":true,\"valueName\":\"search_term_string\"}}],\"inLanguage\":\"fr-FR\"}]}<\/script>\n<!-- \/ Yoast SEO plugin. -->","yoast_head_json":{"title":"Ils nous soutiennent - R\u00e9seau Entreprendre Franche-Comt\u00e9","robots":{"index":"index","follow":"follow","max-snippet":"max-snippet:-1","max-image-preview":"max-image-preview:large","max-video-preview":"max-video-preview:-1"},"canonical":"https:\/\/www.reseau-entreprendre.org\/franche-comte\/ils-nous-soutiennent\/","og_locale":"fr_FR","og_type":"article","og_title":"Ils nous soutiennent - R\u00e9seau Entreprendre Franche-Comt\u00e9","og_description":"Merci \u00e0 nos partenaires des fonds de pr\u00eats pour leur","og_url":"https:\/\/www.reseau-entreprendre.org\/franche-comte\/ils-nous-soutiennent\/","og_site_name":"R\u00e9seau Entreprendre Franche-Comt\u00e9","article_modified_time":"2022-04-13T08:23:14+00:00","twitter_card":"summary_large_image","twitter_misc":{"Dur\u00e9e de lecture estim\u00e9e":"1 minute"},"schema":{"@context":"https:\/\/schema.org","@graph":[{"@type":"WebPage","@id":"https:\/\/www.reseau-entreprendre.org\/franche-comte\/ils-nous-soutiennent\/","url":"https:\/\/www.reseau-entreprendre.org\/franche-comte\/ils-nous-soutiennent\/","name":"Ils nous soutiennent - R\u00e9seau Entreprendre Franche-Comt\u00e9","isPartOf":{"@id":"https:\/\/www.reseau-entreprendre.org\/franche-comte\/#website"},"datePublished":"2017-06-13T15:35:06+00:00","dateModified":"2022-04-13T08:23:14+00:00","breadcrumb":{"@id":"https:\/\/www.reseau-entreprendre.org\/franche-comte\/ils-nous-soutiennent\/#breadcrumb"},"inLanguage":"fr-FR","potentialAction":[{"@type":"ReadAction","target":["https:\/\/www.reseau-entreprendre.org\/franche-comte\/ils-nous-soutiennent\/"]}]},{"@type":"BreadcrumbList","@id":"https:\/\/www.reseau-entreprendre.org\/franche-comte\/ils-nous-soutiennent\/#breadcrumb","itemListElement":[{"@type":"ListItem","position":1,"name":"Accueil","item":"https:\/\/www.reseau-entreprendre.org\/franche-comte\/"},{"@type":"ListItem","position":2,"name":"Ils nous soutiennent"}]},{"@type":"WebSite","@id":"https:\/\/www.reseau-entreprendre.org\/franche-comte\/#website","url":"https:\/\/www.reseau-entreprendre.org\/franche-comte\/","name":"R\u00e9seau Entreprendre Franche-Comt\u00e9","description":"Un site utilisant Les sites de R\u00e9seau Entreprendre","potentialAction":[{"@type":"SearchAction","target":{"@type":"EntryPoint","urlTemplate":"https:\/\/www.reseau-entreprendre.org\/franche-comte\/?s={search_term_string}"},"query-input":{"@type":"PropertyValueSpecification","valueRequired":true,"valueName":"search_term_string"}}],"inLanguage":"fr-FR"}]}},"_links":{"self":[{"href":"https:\/\/www.reseau-entreprendre.org\/franche-comte\/wp-json\/wp\/v2\/pages\/211","targetHints":{"allow":["GET"]}}],"collection":[{"href":"https:\/\/www.reseau-entreprendre.org\/franche-comte\/wp-json\/wp\/v2\/pages"}],"about":[{"href":"https:\/\/www.reseau-entreprendre.org\/franche-comte\/wp-json\/wp\/v2\/types\/page"}],"author":[{"embeddable":true,"href":"https:\/\/www.reseau-entreprendre.org\/franche-comte\/wp-json\/wp\/v2\/users\/52"}],"replies":[{"embeddable":true,"href":"https:\/\/www.reseau-entreprendre.org\/franche-comte\/wp-json\/wp\/v2\/comments?post=211"}],"version-history":[{"count":0,"href":"https:\/\/www.reseau-entreprendre.org\/franche-comte\/wp-json\/wp\/v2\/pages\/211\/revisions"}],"wp:attachment":[{"href":"https:\/\/www.reseau-entreprendre.org\/franche-comte\/wp-json\/wp\/v2\/media?parent=211"}],"curies":[{"name":"wp","href":"https:\/\/api.w.org\/{rel}","templated":true}]}}