{"id":914,"date":"2018-02-02T10:04:38","date_gmt":"2018-02-02T09:04:38","guid":{"rendered":"https:\/\/www.reseau-entreprendre.org\/franche-comte\/?page_id=914"},"modified":"2026-02-11T12:12:56","modified_gmt":"2026-02-11T11:12:56","slug":"qui-sommes-nous-2","status":"publish","type":"page","link":"https:\/\/www.reseau-entreprendre.org\/franche-comte\/qui-sommes-nous-2\/","title":{"rendered":"Qui sommes-nous"},"content":{"rendered":"\n<h2 class=\"wp-block-heading\"><span style=\"font-size: 24px\"><strong><em>A propos de R\u00e9seau Entreprendre\u00ae<\/em><\/strong><\/span><\/h2>\n\n\n\n<p><strong>Qui sommes-nous :<\/strong> un r\u00e9seau d\u2019associations de chefs d\u2019entreprise cr\u00e9\u00e9 en 1986 par un entrepreneur, Andr\u00e9 Mulliez.<\/p>\n\n\n\n<blockquote class=\"wp-block-quote is-layout-flow wp-block-quote-is-layout-flow\">\n<p><strong>Notre conviction :<\/strong> <span style=\"color: #d70635\"><span style=\"color: #ff971d\">\u00ab Pour cr\u00e9er des emplois, cr\u00e9ons des employeurs \u00bb<\/span><span style=\"color: #000000\">.<\/span><\/span><\/p>\n<\/blockquote>\n\n\n\n<p><strong>Notre vocation :<\/strong> contribuer \u00e0 la r\u00e9ussite de nouveaux entrepreneurs \u00e0 potentiel (laur\u00e9ats) en leur proposant un accompagnement humain et financier, gratuit et dans la dur\u00e9e, r\u00e9alis\u00e9e par des chefs d\u2019entreprise passionn\u00e9s, exp\u00e9riment\u00e9s et en activit\u00e9.<\/p>\n\n\n\n<p><strong>Nos valeurs :<\/strong><\/p>\n\n\n\n<ul class=\"wp-block-list\">\n<li>mettre la <span style=\"color: #ff971d\">personne<\/span> au centre<\/li>\n\n\n\n<li>encourager la <span style=\"color: #ff971d\">d\u00e9marche personnelle<\/span> ainsi que les valeurs essentielles pour un cr\u00e9ateur, c\u2019est \u00e0 dire, le sens de l\u2019effort, la conviction, la responsabilit\u00e9 et l\u2019\u00e9thique<\/li>\n\n\n\n<li><span style=\"color: #ff971d\">gratuit\u00e9<\/span> : toutes les interventions sont b\u00e9n\u00e9voles<\/li>\n\n\n\n<li><span style=\"color: #ff971d\">r\u00e9ciprocit\u00e9<\/span> : les b\u00e9n\u00e9ficiaires sont invit\u00e9s \u00e0 transmettre demain ce qu\u2019ils ont re\u00e7u aujourd\u2019hui<\/li>\n<\/ul>\n\n\n\n<h2 class=\"wp-block-heading\"><span style=\"font-size: 24px\"><em><strong>Focus R\u00e9seau Entreprendre\u00ae Franche-Comt\u00e9 <\/strong><\/em><\/span><\/h2>\n\n\n\n<p>Ce sont <strong>4 927 emplois cr\u00e9\u00e9s ou maintenus<\/strong>, ainsi que<strong> 7.3 millions d\u2019euros de pr\u00eats d\u2019honneur<\/strong> octroy\u00e9s<\/p>\n\n\n\n<p>Voir l&#8217;\u00e9quipe de <a href=\"https:\/\/www.reseau-entreprendre.org\/franche-comte\/qui-sommes-nous-2\/lequipe\/\">R\u00e9seau Entreprendre Franche-Comt\u00e9<\/a><\/p>\n\n\n\n<p><\/p>\n","protected":false},"excerpt":{"rendered":"<p>A propos de R\u00e9seau Entreprendre\u00ae Qui sommes-nous : un r\u00e9seau<\/p>\n","protected":false},"author":52,"featured_media":0,"parent":0,"menu_order":0,"comment_status":"closed","ping_status":"closed","template":"","meta":{"_acf_changed":false,"_monsterinsights_skip_tracking":false,"_monsterinsights_sitenote_active":false,"_monsterinsights_sitenote_note":"","_monsterinsights_sitenote_category":0,"footnotes":""},"class_list":["post-914","page","type-page","status-publish","hentry"],"acf":[],"yoast_head":"<!-- This site is optimized with the Yoast SEO plugin v27.4 - https:\/\/yoast.com\/product\/yoast-seo-wordpress\/ -->\n<title>Qui sommes-nous ? | Reseau Entreprendre Franche-Comt\u00e9<\/title>\n<meta name=\"description\" content=\"R\u00e9seau Entreprendre Franche-Comt\u00e9 est l&#039;association de chefs d&#039;entreprise de votre r\u00e9gion.\" \/>\n<meta name=\"robots\" content=\"index, follow, max-snippet:-1, max-image-preview:large, max-video-preview:-1\" \/>\n<link rel=\"canonical\" href=\"https:\/\/www.reseau-entreprendre.org\/franche-comte\/qui-sommes-nous-2\/\" \/>\n<meta property=\"og:locale\" content=\"fr_FR\" \/>\n<meta property=\"og:type\" content=\"article\" \/>\n<meta property=\"og:title\" content=\"Qui sommes-nous ? | Reseau Entreprendre Franche-Comt\u00e9\" \/>\n<meta property=\"og:description\" content=\"R\u00e9seau Entreprendre Franche-Comt\u00e9 est l&#039;association de chefs d&#039;entreprise de votre r\u00e9gion.\" \/>\n<meta property=\"og:url\" content=\"https:\/\/www.reseau-entreprendre.org\/franche-comte\/qui-sommes-nous-2\/\" \/>\n<meta property=\"og:site_name\" content=\"R\u00e9seau Entreprendre Franche-Comt\u00e9\" \/>\n<meta property=\"article:modified_time\" content=\"2026-02-11T11:12:56+00:00\" \/>\n<meta name=\"twitter:card\" content=\"summary_large_image\" \/>\n<meta name=\"twitter:label1\" content=\"Dur\u00e9e de lecture estim\u00e9e\" \/>\n\t<meta name=\"twitter:data1\" content=\"1 minute\" \/>\n<script type=\"application\/ld+json\" class=\"yoast-schema-graph\">{\"@context\":\"https:\\\/\\\/schema.org\",\"@graph\":[{\"@type\":\"WebPage\",\"@id\":\"https:\\\/\\\/www.reseau-entreprendre.org\\\/franche-comte\\\/qui-sommes-nous-2\\\/\",\"url\":\"https:\\\/\\\/www.reseau-entreprendre.org\\\/franche-comte\\\/qui-sommes-nous-2\\\/\",\"name\":\"Qui sommes-nous ? | Reseau Entreprendre Franche-Comt\u00e9\",\"isPartOf\":{\"@id\":\"https:\\\/\\\/www.reseau-entreprendre.org\\\/franche-comte\\\/#website\"},\"datePublished\":\"2018-02-02T09:04:38+00:00\",\"dateModified\":\"2026-02-11T11:12:56+00:00\",\"description\":\"R\u00e9seau Entreprendre Franche-Comt\u00e9 est l'association de chefs d'entreprise de votre r\u00e9gion.\",\"breadcrumb\":{\"@id\":\"https:\\\/\\\/www.reseau-entreprendre.org\\\/franche-comte\\\/qui-sommes-nous-2\\\/#breadcrumb\"},\"inLanguage\":\"fr-FR\",\"potentialAction\":[{\"@type\":\"ReadAction\",\"target\":[\"https:\\\/\\\/www.reseau-entreprendre.org\\\/franche-comte\\\/qui-sommes-nous-2\\\/\"]}]},{\"@type\":\"BreadcrumbList\",\"@id\":\"https:\\\/\\\/www.reseau-entreprendre.org\\\/franche-comte\\\/qui-sommes-nous-2\\\/#breadcrumb\",\"itemListElement\":[{\"@type\":\"ListItem\",\"position\":1,\"name\":\"Accueil\",\"item\":\"https:\\\/\\\/www.reseau-entreprendre.org\\\/franche-comte\\\/\"},{\"@type\":\"ListItem\",\"position\":2,\"name\":\"Qui sommes-nous\"}]},{\"@type\":\"WebSite\",\"@id\":\"https:\\\/\\\/www.reseau-entreprendre.org\\\/franche-comte\\\/#website\",\"url\":\"https:\\\/\\\/www.reseau-entreprendre.org\\\/franche-comte\\\/\",\"name\":\"R\u00e9seau Entreprendre Franche-Comt\u00e9\",\"description\":\"Un site utilisant Les sites de R\u00e9seau Entreprendre\",\"potentialAction\":[{\"@type\":\"SearchAction\",\"target\":{\"@type\":\"EntryPoint\",\"urlTemplate\":\"https:\\\/\\\/www.reseau-entreprendre.org\\\/franche-comte\\\/?s={search_term_string}\"},\"query-input\":{\"@type\":\"PropertyValueSpecification\",\"valueRequired\":true,\"valueName\":\"search_term_string\"}}],\"inLanguage\":\"fr-FR\"}]}<\/script>\n<!-- \/ Yoast SEO plugin. -->","yoast_head_json":{"title":"Qui sommes-nous ? | Reseau Entreprendre Franche-Comt\u00e9","description":"R\u00e9seau Entreprendre Franche-Comt\u00e9 est l'association de chefs d'entreprise de votre r\u00e9gion.","robots":{"index":"index","follow":"follow","max-snippet":"max-snippet:-1","max-image-preview":"max-image-preview:large","max-video-preview":"max-video-preview:-1"},"canonical":"https:\/\/www.reseau-entreprendre.org\/franche-comte\/qui-sommes-nous-2\/","og_locale":"fr_FR","og_type":"article","og_title":"Qui sommes-nous ? | Reseau Entreprendre Franche-Comt\u00e9","og_description":"R\u00e9seau Entreprendre Franche-Comt\u00e9 est l'association de chefs d'entreprise de votre r\u00e9gion.","og_url":"https:\/\/www.reseau-entreprendre.org\/franche-comte\/qui-sommes-nous-2\/","og_site_name":"R\u00e9seau Entreprendre Franche-Comt\u00e9","article_modified_time":"2026-02-11T11:12:56+00:00","twitter_card":"summary_large_image","twitter_misc":{"Dur\u00e9e de lecture estim\u00e9e":"1 minute"},"schema":{"@context":"https:\/\/schema.org","@graph":[{"@type":"WebPage","@id":"https:\/\/www.reseau-entreprendre.org\/franche-comte\/qui-sommes-nous-2\/","url":"https:\/\/www.reseau-entreprendre.org\/franche-comte\/qui-sommes-nous-2\/","name":"Qui sommes-nous ? | Reseau Entreprendre Franche-Comt\u00e9","isPartOf":{"@id":"https:\/\/www.reseau-entreprendre.org\/franche-comte\/#website"},"datePublished":"2018-02-02T09:04:38+00:00","dateModified":"2026-02-11T11:12:56+00:00","description":"R\u00e9seau Entreprendre Franche-Comt\u00e9 est l'association de chefs d'entreprise de votre r\u00e9gion.","breadcrumb":{"@id":"https:\/\/www.reseau-entreprendre.org\/franche-comte\/qui-sommes-nous-2\/#breadcrumb"},"inLanguage":"fr-FR","potentialAction":[{"@type":"ReadAction","target":["https:\/\/www.reseau-entreprendre.org\/franche-comte\/qui-sommes-nous-2\/"]}]},{"@type":"BreadcrumbList","@id":"https:\/\/www.reseau-entreprendre.org\/franche-comte\/qui-sommes-nous-2\/#breadcrumb","itemListElement":[{"@type":"ListItem","position":1,"name":"Accueil","item":"https:\/\/www.reseau-entreprendre.org\/franche-comte\/"},{"@type":"ListItem","position":2,"name":"Qui sommes-nous"}]},{"@type":"WebSite","@id":"https:\/\/www.reseau-entreprendre.org\/franche-comte\/#website","url":"https:\/\/www.reseau-entreprendre.org\/franche-comte\/","name":"R\u00e9seau Entreprendre Franche-Comt\u00e9","description":"Un site utilisant Les sites de R\u00e9seau Entreprendre","potentialAction":[{"@type":"SearchAction","target":{"@type":"EntryPoint","urlTemplate":"https:\/\/www.reseau-entreprendre.org\/franche-comte\/?s={search_term_string}"},"query-input":{"@type":"PropertyValueSpecification","valueRequired":true,"valueName":"search_term_string"}}],"inLanguage":"fr-FR"}]}},"_links":{"self":[{"href":"https:\/\/www.reseau-entreprendre.org\/franche-comte\/wp-json\/wp\/v2\/pages\/914","targetHints":{"allow":["GET"]}}],"collection":[{"href":"https:\/\/www.reseau-entreprendre.org\/franche-comte\/wp-json\/wp\/v2\/pages"}],"about":[{"href":"https:\/\/www.reseau-entreprendre.org\/franche-comte\/wp-json\/wp\/v2\/types\/page"}],"author":[{"embeddable":true,"href":"https:\/\/www.reseau-entreprendre.org\/franche-comte\/wp-json\/wp\/v2\/users\/52"}],"replies":[{"embeddable":true,"href":"https:\/\/www.reseau-entreprendre.org\/franche-comte\/wp-json\/wp\/v2\/comments?post=914"}],"version-history":[{"count":0,"href":"https:\/\/www.reseau-entreprendre.org\/franche-comte\/wp-json\/wp\/v2\/pages\/914\/revisions"}],"wp:attachment":[{"href":"https:\/\/www.reseau-entreprendre.org\/franche-comte\/wp-json\/wp\/v2\/media?parent=914"}],"curies":[{"name":"wp","href":"https:\/\/api.w.org\/{rel}","templated":true}]}}