{"id":11,"date":"2017-04-28T12:33:20","date_gmt":"2017-04-28T10:33:20","guid":{"rendered":"https:\/\/www.reseau-entreprendre.org\/guadeloupe\/?page_id=11"},"modified":"2025-10-10T15:19:03","modified_gmt":"2025-10-10T13:19:03","slug":"qui-sommes-nous","status":"publish","type":"page","link":"https:\/\/www.reseau-entreprendre.org\/guadeloupe\/qui-sommes-nous\/","title":{"rendered":"Qui sommes-nous ?"},"content":{"rendered":"\n<h2 class=\"wp-block-heading\">Qui sommes-nous ?<\/h2>\n\n\n\n<p><\/p>\n\n\n\n<h3 class=\"wp-block-heading\"><em>R\u00e9seau Entreprendre Guadeloupe, faire r\u00e9ussir de nouveaux entrepreneurs gr\u00e2ce \u00e0 l&#8217;accompagnement de chefs d&#8217;entreprise<\/em><\/h3>\n\n\n\n<p><\/p>\n\n\n\n<p class=\"has-text-align-left\"><strong>R\u00c9SEAU ENTREPRENDRE GUADELOUPE<\/strong> a pour objectif de d\u00e9velopper le dynamisme \u00e9conomique local en aidant les cr\u00e9ateurs et repreneurs de Tr\u00e8s Petite Entreprise (TPE) et Petite et Moyenne Entreprise (PME) porteuses de richesses et d\u2019emplois.&nbsp;<\/p>\n\n\n\n<p>Il accompagne les entrepreneurs cr\u00e9ateurs d\u2019emplois \u00e0 tous les stades de maturit\u00e9 de leur entreprise&nbsp;: cr\u00e9ation, reprise et d\u00e9veloppement d&#8217;activit\u00e9.<\/p>\n\n\n\n<p>C\u2019est une association de loi 1901 \u00e0 but non lucratif, qui a pour vocation de soutenir les cr\u00e9ateurs de projet afin qu\u2019ils deviennent des entrepreneurs \u00e0 succ\u00e8s gr\u00e2ce \u00e0 un accompagnement humain de 2 \u00e0 3 ans, c\u2019est-\u00e0-dire un accompagnement individuel avec un chef d\u2019entreprise et collectif avec des chefs d\u2019entreprise ou des intervenants externes lors des clubs des laur\u00e9ats, et un accompagnement financier via le pr\u00eat d\u2019honneur, pr\u00eat \u00e0 taux z\u00e9ro. <\/p>\n\n\n\n<p>Depuis sa cr\u00e9ation, elle a accompagn\u00e9 plus d\u2019une soixantaine de laur\u00e9ats et est \u00e0 ce jour, un acteur incontournable de l\u2019emploi avec plus de 300 emplois cr\u00e9\u00e9s ou pr\u00e9serv\u00e9s en Guadeloupe. Elle a ainsi d\u00e9montr\u00e9 son \u00e9vidente compl\u00e9mentarit\u00e9 avec les autres dispositifs d&#8217;aide \u00e0 la cr\u00e9ation d&#8217;entreprise (autres r\u00e9seaux, r\u00e9seaux bancaires, investisseurs, consulaires\u2026).<\/p>\n\n\n\n<p>Ses valeurs fondatrices et indissociables&nbsp;:<\/p>\n\n\n\n<p><strong>L\u2019important c\u2019est la personne<\/strong>&nbsp;: avant la qualit\u00e9 du projet qu\u2019elle porte, c\u2019est la personne m\u00eame, son potentiel \u00e0 devenir entrepreneur, qui mobilise le soutien des chefs d\u2019entreprise.<\/p>\n\n\n\n<p><strong>L\u2019esprit c\u2019est la r\u00e9ciprocit\u00e9<\/strong>&nbsp;: les b\u00e9n\u00e9ficiaires sont sensibilis\u00e9s sur l\u2019importance de l\u2019aide qu\u2019ils pourraient apporter en retour aux futurs entrepreneurs en devenant ainsi le maillon d\u2019une cha\u00eene d\u2019entraide entre chefs d\u2019entreprise.<\/p>\n\n\n\n<p><strong>Le principe c\u2019est la gratuit\u00e9<\/strong>&nbsp;: la gratuit\u00e9 de l\u2019offre aux cr\u00e9ateurs et repreneurs pour que toutes leurs ressources contribuent \u00e0 la r\u00e9ussite de leur projet&nbsp;; esprit de gratuit\u00e9 de ceux qui les accompagnent (citoyennet\u00e9 \u00e9conomique et d\u00e9sint\u00e9ressement).<\/p>\n\n\n\n<p><strong>Le moteur c\u2019est la bienveillance<\/strong>&nbsp;: nous prenons soin de nos membres, de nos collaborateurs, de nos laur\u00e9ats, de nos associations en adaptant notre mod\u00e8le \u00e0 tous les territoires.<\/p>\n\n\n\n<p><strong>Ce qui nous anime c\u2019est la solidarit\u00e9&nbsp;<\/strong>: notre action se veut inclusive en travaillant sur la diversit\u00e9 et en prenant soin de nos communaut\u00e9s.<\/p>\n\n\n\n<p><strong>R\u00e9seau Entreprendre Guadeloupe accompagne les futures PME \u00e0 potentiel, cr\u00e9atrices d&#8217;emplois et de richesses. Le c\u0153ur de cible de R\u00e9seau Entreprendre Guadeloupe est constitu\u00e9 de projets <strong>potentiellement destin\u00e9s \u00e0 devenir des PME, c&#8217;est-\u00e0-dire les cr\u00e9ations, les reprises et les d\u00e9veloppements d&#8217;activit\u00e9, ayant au moins 2 emplois lors du d\u00e9marrage, et 10 emplois \u00e0 5 ans<\/strong>. <\/strong><\/p>\n\n\n\n<figure class=\"wp-block-image size-large is-resized\"><img loading=\"lazy\" decoding=\"async\" width=\"683\" height=\"1024\" src=\"https:\/\/www.reseau-entreprendre.org\/guadeloupe\/wp-content\/uploads\/sites\/61\/2023\/08\/JPB--683x1024.jpg\" alt=\"\" class=\"wp-image-891\" style=\"aspect-ratio:1;object-fit:cover;width:266px;height:undefinedpx\" srcset=\"https:\/\/www.reseau-entreprendre.org\/guadeloupe\/wp-content\/uploads\/sites\/61\/2023\/08\/JPB--683x1024.jpg 683w, https:\/\/www.reseau-entreprendre.org\/guadeloupe\/wp-content\/uploads\/sites\/61\/2023\/08\/JPB--200x300.jpg 200w, https:\/\/www.reseau-entreprendre.org\/guadeloupe\/wp-content\/uploads\/sites\/61\/2023\/08\/JPB--768x1152.jpg 768w, https:\/\/www.reseau-entreprendre.org\/guadeloupe\/wp-content\/uploads\/sites\/61\/2023\/08\/JPB--1024x1536.jpg 1024w, https:\/\/www.reseau-entreprendre.org\/guadeloupe\/wp-content\/uploads\/sites\/61\/2023\/08\/JPB--1366x2048.jpg 1366w, https:\/\/www.reseau-entreprendre.org\/guadeloupe\/wp-content\/uploads\/sites\/61\/2023\/08\/JPB--87x130.jpg 87w, https:\/\/www.reseau-entreprendre.org\/guadeloupe\/wp-content\/uploads\/sites\/61\/2023\/08\/JPB-.jpg 1667w\" sizes=\"auto, (max-width: 683px) 100vw, 683px\" \/><\/figure>\n\n\n\n<p>Jean-Pierre BARBOTTEAU,<br><strong>Pr\u00e9sident de R\u00e9seau Entreprendre\u00ae Guadeloupe<\/strong><\/p>\n\n\n\n<figure class=\"wp-block-image size-large is-resized\"><img loading=\"lazy\" decoding=\"async\" width=\"682\" height=\"1024\" src=\"https:\/\/www.reseau-entreprendre.org\/guadeloupe\/wp-content\/uploads\/sites\/61\/2023\/08\/6_REG_Line-682x1024.jpg\" alt=\"\" class=\"wp-image-895\" style=\"object-fit:cover;width:272px;height:251px\" srcset=\"https:\/\/www.reseau-entreprendre.org\/guadeloupe\/wp-content\/uploads\/sites\/61\/2023\/08\/6_REG_Line-682x1024.jpg 682w, https:\/\/www.reseau-entreprendre.org\/guadeloupe\/wp-content\/uploads\/sites\/61\/2023\/08\/6_REG_Line-200x300.jpg 200w, https:\/\/www.reseau-entreprendre.org\/guadeloupe\/wp-content\/uploads\/sites\/61\/2023\/08\/6_REG_Line-768x1152.jpg 768w, https:\/\/www.reseau-entreprendre.org\/guadeloupe\/wp-content\/uploads\/sites\/61\/2023\/08\/6_REG_Line-1024x1536.jpg 1024w, https:\/\/www.reseau-entreprendre.org\/guadeloupe\/wp-content\/uploads\/sites\/61\/2023\/08\/6_REG_Line-87x130.jpg 87w, https:\/\/www.reseau-entreprendre.org\/guadeloupe\/wp-content\/uploads\/sites\/61\/2023\/08\/6_REG_Line.jpg 1333w\" sizes=\"auto, (max-width: 682px) 100vw, 682px\" \/><\/figure>\n\n\n\n<p>Line CHARLES-HELENE,<br><strong>Directrice de R\u00e9seau Entreprendre\u00ae Guadeloupe<\/strong><\/p>\n","protected":false},"excerpt":{"rendered":"<p>Qui sommes-nous ? R\u00e9seau Entreprendre Guadeloupe, faire r\u00e9ussir de nouveaux<\/p>\n","protected":false},"author":1,"featured_media":0,"parent":0,"menu_order":0,"comment_status":"closed","ping_status":"closed","template":"","meta":{"_acf_changed":false,"_monsterinsights_skip_tracking":false,"_monsterinsights_sitenote_active":false,"_monsterinsights_sitenote_note":"","_monsterinsights_sitenote_category":0,"footnotes":""},"class_list":["post-11","page","type-page","status-publish","hentry"],"acf":[],"yoast_head":"<!-- This site is optimized with the Yoast SEO plugin v27.4 - https:\/\/yoast.com\/product\/yoast-seo-wordpress\/ -->\n<title>Qui sommes-nous ? | Reseau Entreprendre Guadeloupe<\/title>\n<meta name=\"description\" content=\"R\u00e9seau Entreprendre Guadeloupe est l&#039;association de chefs d&#039;entreprise de votre r\u00e9gion.\" \/>\n<meta name=\"robots\" content=\"index, follow, max-snippet:-1, max-image-preview:large, max-video-preview:-1\" \/>\n<link rel=\"canonical\" href=\"https:\/\/www.reseau-entreprendre.org\/guadeloupe\/qui-sommes-nous\/\" \/>\n<meta property=\"og:locale\" content=\"fr_FR\" \/>\n<meta property=\"og:type\" content=\"article\" \/>\n<meta property=\"og:title\" content=\"Qui sommes-nous ? | Reseau Entreprendre Guadeloupe\" \/>\n<meta property=\"og:description\" content=\"R\u00e9seau Entreprendre Guadeloupe est l&#039;association de chefs d&#039;entreprise de votre r\u00e9gion.\" \/>\n<meta property=\"og:url\" content=\"https:\/\/www.reseau-entreprendre.org\/guadeloupe\/qui-sommes-nous\/\" \/>\n<meta property=\"og:site_name\" content=\"R\u00e9seau Entreprendre Guadeloupe\" \/>\n<meta property=\"article:modified_time\" content=\"2025-10-10T13:19:03+00:00\" \/>\n<meta property=\"og:image\" content=\"https:\/\/www.reseau-entreprendre.org\/guadeloupe\/wp-content\/uploads\/sites\/61\/2023\/08\/JPB--683x1024.jpg\" \/>\n\t<meta property=\"og:image:width\" content=\"683\" \/>\n\t<meta property=\"og:image:height\" content=\"1024\" \/>\n\t<meta property=\"og:image:type\" content=\"image\/jpeg\" \/>\n<meta name=\"twitter:card\" content=\"summary_large_image\" \/>\n<meta name=\"twitter:label1\" content=\"Dur\u00e9e de lecture estim\u00e9e\" \/>\n\t<meta name=\"twitter:data1\" content=\"3 minutes\" \/>\n<script type=\"application\/ld+json\" class=\"yoast-schema-graph\">{\"@context\":\"https:\\\/\\\/schema.org\",\"@graph\":[{\"@type\":\"WebPage\",\"@id\":\"https:\\\/\\\/www.reseau-entreprendre.org\\\/guadeloupe\\\/qui-sommes-nous\\\/\",\"url\":\"https:\\\/\\\/www.reseau-entreprendre.org\\\/guadeloupe\\\/qui-sommes-nous\\\/\",\"name\":\"Qui sommes-nous ? | Reseau Entreprendre Guadeloupe\",\"isPartOf\":{\"@id\":\"https:\\\/\\\/www.reseau-entreprendre.org\\\/guadeloupe\\\/#website\"},\"primaryImageOfPage\":{\"@id\":\"https:\\\/\\\/www.reseau-entreprendre.org\\\/guadeloupe\\\/qui-sommes-nous\\\/#primaryimage\"},\"image\":{\"@id\":\"https:\\\/\\\/www.reseau-entreprendre.org\\\/guadeloupe\\\/qui-sommes-nous\\\/#primaryimage\"},\"thumbnailUrl\":\"https:\\\/\\\/www.reseau-entreprendre.org\\\/guadeloupe\\\/wp-content\\\/uploads\\\/sites\\\/61\\\/2023\\\/08\\\/JPB--683x1024.jpg\",\"datePublished\":\"2017-04-28T10:33:20+00:00\",\"dateModified\":\"2025-10-10T13:19:03+00:00\",\"description\":\"R\u00e9seau Entreprendre Guadeloupe est l'association de chefs d'entreprise de votre r\u00e9gion.\",\"breadcrumb\":{\"@id\":\"https:\\\/\\\/www.reseau-entreprendre.org\\\/guadeloupe\\\/qui-sommes-nous\\\/#breadcrumb\"},\"inLanguage\":\"fr-FR\",\"potentialAction\":[{\"@type\":\"ReadAction\",\"target\":[\"https:\\\/\\\/www.reseau-entreprendre.org\\\/guadeloupe\\\/qui-sommes-nous\\\/\"]}]},{\"@type\":\"ImageObject\",\"inLanguage\":\"fr-FR\",\"@id\":\"https:\\\/\\\/www.reseau-entreprendre.org\\\/guadeloupe\\\/qui-sommes-nous\\\/#primaryimage\",\"url\":\"https:\\\/\\\/www.reseau-entreprendre.org\\\/guadeloupe\\\/wp-content\\\/uploads\\\/sites\\\/61\\\/2023\\\/08\\\/JPB-.jpg\",\"contentUrl\":\"https:\\\/\\\/www.reseau-entreprendre.org\\\/guadeloupe\\\/wp-content\\\/uploads\\\/sites\\\/61\\\/2023\\\/08\\\/JPB-.jpg\",\"width\":1667,\"height\":2500},{\"@type\":\"BreadcrumbList\",\"@id\":\"https:\\\/\\\/www.reseau-entreprendre.org\\\/guadeloupe\\\/qui-sommes-nous\\\/#breadcrumb\",\"itemListElement\":[{\"@type\":\"ListItem\",\"position\":1,\"name\":\"Accueil\",\"item\":\"https:\\\/\\\/www.reseau-entreprendre.org\\\/guadeloupe\\\/\"},{\"@type\":\"ListItem\",\"position\":2,\"name\":\"Qui sommes-nous ?\"}]},{\"@type\":\"WebSite\",\"@id\":\"https:\\\/\\\/www.reseau-entreprendre.org\\\/guadeloupe\\\/#website\",\"url\":\"https:\\\/\\\/www.reseau-entreprendre.org\\\/guadeloupe\\\/\",\"name\":\"R\u00e9seau Entreprendre Guadeloupe\",\"description\":\"Un site utilisant Les sites de R\u00e9seau Entreprendre\",\"potentialAction\":[{\"@type\":\"SearchAction\",\"target\":{\"@type\":\"EntryPoint\",\"urlTemplate\":\"https:\\\/\\\/www.reseau-entreprendre.org\\\/guadeloupe\\\/?s={search_term_string}\"},\"query-input\":{\"@type\":\"PropertyValueSpecification\",\"valueRequired\":true,\"valueName\":\"search_term_string\"}}],\"inLanguage\":\"fr-FR\"}]}<\/script>\n<!-- \/ Yoast SEO plugin. -->","yoast_head_json":{"title":"Qui sommes-nous ? | Reseau Entreprendre Guadeloupe","description":"R\u00e9seau Entreprendre Guadeloupe est l'association de chefs d'entreprise de votre r\u00e9gion.","robots":{"index":"index","follow":"follow","max-snippet":"max-snippet:-1","max-image-preview":"max-image-preview:large","max-video-preview":"max-video-preview:-1"},"canonical":"https:\/\/www.reseau-entreprendre.org\/guadeloupe\/qui-sommes-nous\/","og_locale":"fr_FR","og_type":"article","og_title":"Qui sommes-nous ? | Reseau Entreprendre Guadeloupe","og_description":"R\u00e9seau Entreprendre Guadeloupe est l'association de chefs d'entreprise de votre r\u00e9gion.","og_url":"https:\/\/www.reseau-entreprendre.org\/guadeloupe\/qui-sommes-nous\/","og_site_name":"R\u00e9seau Entreprendre Guadeloupe","article_modified_time":"2025-10-10T13:19:03+00:00","og_image":[{"width":683,"height":1024,"url":"https:\/\/www.reseau-entreprendre.org\/guadeloupe\/wp-content\/uploads\/sites\/61\/2023\/08\/JPB--683x1024.jpg","type":"image\/jpeg"}],"twitter_card":"summary_large_image","twitter_misc":{"Dur\u00e9e de lecture estim\u00e9e":"3 minutes"},"schema":{"@context":"https:\/\/schema.org","@graph":[{"@type":"WebPage","@id":"https:\/\/www.reseau-entreprendre.org\/guadeloupe\/qui-sommes-nous\/","url":"https:\/\/www.reseau-entreprendre.org\/guadeloupe\/qui-sommes-nous\/","name":"Qui sommes-nous ? | Reseau Entreprendre Guadeloupe","isPartOf":{"@id":"https:\/\/www.reseau-entreprendre.org\/guadeloupe\/#website"},"primaryImageOfPage":{"@id":"https:\/\/www.reseau-entreprendre.org\/guadeloupe\/qui-sommes-nous\/#primaryimage"},"image":{"@id":"https:\/\/www.reseau-entreprendre.org\/guadeloupe\/qui-sommes-nous\/#primaryimage"},"thumbnailUrl":"https:\/\/www.reseau-entreprendre.org\/guadeloupe\/wp-content\/uploads\/sites\/61\/2023\/08\/JPB--683x1024.jpg","datePublished":"2017-04-28T10:33:20+00:00","dateModified":"2025-10-10T13:19:03+00:00","description":"R\u00e9seau Entreprendre Guadeloupe est l'association de chefs d'entreprise de votre r\u00e9gion.","breadcrumb":{"@id":"https:\/\/www.reseau-entreprendre.org\/guadeloupe\/qui-sommes-nous\/#breadcrumb"},"inLanguage":"fr-FR","potentialAction":[{"@type":"ReadAction","target":["https:\/\/www.reseau-entreprendre.org\/guadeloupe\/qui-sommes-nous\/"]}]},{"@type":"ImageObject","inLanguage":"fr-FR","@id":"https:\/\/www.reseau-entreprendre.org\/guadeloupe\/qui-sommes-nous\/#primaryimage","url":"https:\/\/www.reseau-entreprendre.org\/guadeloupe\/wp-content\/uploads\/sites\/61\/2023\/08\/JPB-.jpg","contentUrl":"https:\/\/www.reseau-entreprendre.org\/guadeloupe\/wp-content\/uploads\/sites\/61\/2023\/08\/JPB-.jpg","width":1667,"height":2500},{"@type":"BreadcrumbList","@id":"https:\/\/www.reseau-entreprendre.org\/guadeloupe\/qui-sommes-nous\/#breadcrumb","itemListElement":[{"@type":"ListItem","position":1,"name":"Accueil","item":"https:\/\/www.reseau-entreprendre.org\/guadeloupe\/"},{"@type":"ListItem","position":2,"name":"Qui sommes-nous ?"}]},{"@type":"WebSite","@id":"https:\/\/www.reseau-entreprendre.org\/guadeloupe\/#website","url":"https:\/\/www.reseau-entreprendre.org\/guadeloupe\/","name":"R\u00e9seau Entreprendre Guadeloupe","description":"Un site utilisant Les sites de R\u00e9seau Entreprendre","potentialAction":[{"@type":"SearchAction","target":{"@type":"EntryPoint","urlTemplate":"https:\/\/www.reseau-entreprendre.org\/guadeloupe\/?s={search_term_string}"},"query-input":{"@type":"PropertyValueSpecification","valueRequired":true,"valueName":"search_term_string"}}],"inLanguage":"fr-FR"}]}},"_links":{"self":[{"href":"https:\/\/www.reseau-entreprendre.org\/guadeloupe\/wp-json\/wp\/v2\/pages\/11","targetHints":{"allow":["GET"]}}],"collection":[{"href":"https:\/\/www.reseau-entreprendre.org\/guadeloupe\/wp-json\/wp\/v2\/pages"}],"about":[{"href":"https:\/\/www.reseau-entreprendre.org\/guadeloupe\/wp-json\/wp\/v2\/types\/page"}],"author":[{"embeddable":true,"href":"https:\/\/www.reseau-entreprendre.org\/guadeloupe\/wp-json\/wp\/v2\/users\/1"}],"replies":[{"embeddable":true,"href":"https:\/\/www.reseau-entreprendre.org\/guadeloupe\/wp-json\/wp\/v2\/comments?post=11"}],"version-history":[{"count":0,"href":"https:\/\/www.reseau-entreprendre.org\/guadeloupe\/wp-json\/wp\/v2\/pages\/11\/revisions"}],"wp:attachment":[{"href":"https:\/\/www.reseau-entreprendre.org\/guadeloupe\/wp-json\/wp\/v2\/media?parent=11"}],"curies":[{"name":"wp","href":"https:\/\/api.w.org\/{rel}","templated":true}]}}