{"id":13,"date":"2017-04-28T12:33:34","date_gmt":"2017-04-28T10:33:34","guid":{"rendered":"https:\/\/www.reseau-entreprendre.org\/guadeloupe\/?page_id=13"},"modified":"2023-08-31T18:40:17","modified_gmt":"2023-08-31T16:40:17","slug":"entreprendre","status":"publish","type":"page","link":"https:\/\/www.reseau-entreprendre.org\/guadeloupe\/entreprendre\/","title":{"rendered":"Entreprendre"},"content":{"rendered":"\n<h2 class=\"wp-block-heading\">Entreprendre<\/h2>\n\n\n\n<p>Le c\u0153ur de m\u00e9tier de R\u00e9seau Entreprendre Guadeloupe, c\u2019est l\u2019accompagnement par des chefs d\u2019entreprise.<br>Cet accompagnement est assorti d\u2019un financement sous forme de pr\u00eats d\u2019honneur (pr\u00eats \u00e0 la personne de 15 \u00e0 50 K\u20ac, sans garantie, ni caution), particuli\u00e8rement int\u00e9ressants pour leur effet de levier sur les autres financements, notamment bancaires.<br>L\u2019accompagnement par R\u00e9seau Entreprendre Guadeloupe s\u2019adresse aux cr\u00e9ateurs et repreneurs qui, par l\u2019ambition qu\u2019ils portent, leur potentiel entrepreneurial, leur m\u00e9tier et le march\u00e9 auquel ils s\u2019adressent, sont susceptibles de faire de leur entreprise, une PME apte \u00e0 se d\u00e9velopper.<\/p>\n\n\n\n<p>Pour b\u00e9n\u00e9ficier de l&#8217;accompagnement par un chef d&#8217;entreprise de R\u00e9seau Entreprendre Guadeloupe, le nouvel entrepreneur doit r\u00e9pondre \u00e0 un certain nombre de crit\u00e8res de s\u00e9lection pour devenir Laur\u00e9at.<\/p>\n\n\n\n<p>Les crit\u00e8res de s\u00e9lection :<\/p>\n\n\n\n<p>&#8211; La localisation g\u00e9ographique du porteur de projet, un crit\u00e8re important pour \u00eatre accompagn\u00e9 par un chef d&#8217;entreprise.<br>&#8211; Le c\u0153ur de cible de R\u00e9seau Entreprendre Guadeloupe : les &#8220;projets \u00e0 potentiel&#8221; cr\u00e9ateurs d&#8217;emplois (+ 5 emplois \u00e0 3 ans, besoin de financement de + de 70 K\u20ac, diff\u00e9renciation par rapport au march\u00e9).<br>&#8211; R\u00e9seau Entreprendre Guadeloupe accompagne les jeunes entreprises (6 mois avant la cr\u00e9ation et 12 mois apr\u00e8s d\u00e9marrage, pas \u00e0 plus de 6 mois de la reprise).<br>&#8211; Le porteur de projet doit d\u00e9tenir la majorit\u00e9 dans le capital de la soci\u00e9t\u00e9 et avoir un r\u00e9el besoin d&#8217;accompagnement (le candidat doit avoir le contr\u00f4le de son activit\u00e9, elle doit \u00eatre son activit\u00e9 principale).<br>&#8211; Le respect des valeurs fondatrices de R\u00e9seau Entreprendre Guadeloupe&#8230;<\/p>\n\n\n\n<p>Pour \u00eatre Laur\u00e9at du R\u00e9seau Entreprendre Guadeloupe, plusieurs \u00e9tapes de validation du projet :<\/p>\n\n\n\n<p>&#8211; Echanges avec le porteur de projet et pr\u00e9s\u00e9lection des projets,<br>&#8211; Rencontres avec des chefs d\u2019entreprises et des charg\u00e9s d\u2019\u00e9tude pour la validation des projets pr\u00e9s\u00e9lectionn\u00e9s,<br>&#8211; Pr\u00e9sentation des projets valid\u00e9s au comit\u00e9 d\u2019engagement qui est compos\u00e9 de chefs d\u2019entreprises et qui prendra, \u00e0 l\u2019unanimit\u00e9, la d\u00e9cision d&#8217;accompagner le porteur de projet.<\/p>\n\n\n\n<p>Apr\u00e8s le passage en comit\u00e9, le porteur de projet devient Laur\u00e9at et b\u00e9n\u00e9ficie d\u2019un accompagnement individuel et collectif pendant 2 \u00e0 3 ans :<\/p>\n\n\n\n<p>&#8211; Accompagnement personnalis\u00e9 et dans la dur\u00e9e, par un chef d\u2019entreprise b\u00e9n\u00e9vole.<br>&#8211; Participation chaque mois \u00e0 un club compos\u00e9 de Laur\u00e9ats d\u2019une m\u00eame promotion, pour se former et partager ses premi\u00e8res exp\u00e9riences avec d\u2019autres cr\u00e9ateurs ou repreneurs.<br>&#8211; Disposer d\u2019un pr\u00eat d\u2019honneur de 15.000\u20ac \u00e0 50.000\u20ac sans int\u00e9r\u00eat, ni garantie, pour lever les premiers financements.<br>&#8211; Profiter d\u2019un r\u00e9seau local, national et international de chefs d\u2019entreprise pr\u00eats \u00e0 aider le nouvel entrepreneur.<\/p>\n\n\n\n<h2 class=\"wp-block-heading\">&nbsp;<\/h2>\n\n\n\n<h2 class=\"wp-block-heading\">&nbsp;<\/h2>\n\n\n\n<h2 class=\"wp-block-heading\">&nbsp;<\/h2>\n\n\n\n<p>&nbsp;<\/p>\n","protected":false},"excerpt":{"rendered":"<p>Entreprendre Le c\u0153ur de m\u00e9tier de R\u00e9seau Entreprendre Guadeloupe, c\u2019est<\/p>\n","protected":false},"author":1,"featured_media":0,"parent":0,"menu_order":0,"comment_status":"closed","ping_status":"closed","template":"","meta":{"_acf_changed":false,"_monsterinsights_skip_tracking":false,"_monsterinsights_sitenote_active":false,"_monsterinsights_sitenote_note":"","_monsterinsights_sitenote_category":0,"footnotes":""},"class_list":["post-13","page","type-page","status-publish","hentry"],"acf":[],"yoast_head":"<!-- This site is optimized with the Yoast SEO plugin v27.4 - https:\/\/yoast.com\/product\/yoast-seo-wordpress\/ -->\n<title>Entreprendre | Reseau Entreprendre Guadeloupe<\/title>\n<meta name=\"description\" content=\"Vous avez un projet de cr\u00e9ation d&#039;entreprise ? R\u00e9seau Entreprendre Guadeloupe vous accompagne gratuitement et dans la dur\u00e9e\" \/>\n<meta name=\"robots\" content=\"index, follow, max-snippet:-1, max-image-preview:large, max-video-preview:-1\" \/>\n<link rel=\"canonical\" href=\"https:\/\/www.reseau-entreprendre.org\/guadeloupe\/entreprendre\/\" \/>\n<meta property=\"og:locale\" content=\"fr_FR\" \/>\n<meta property=\"og:type\" content=\"article\" \/>\n<meta property=\"og:title\" content=\"Entreprendre | Reseau Entreprendre Guadeloupe\" \/>\n<meta property=\"og:description\" content=\"Vous avez un projet de cr\u00e9ation d&#039;entreprise ? R\u00e9seau Entreprendre Guadeloupe vous accompagne gratuitement et dans la dur\u00e9e\" \/>\n<meta property=\"og:url\" content=\"https:\/\/www.reseau-entreprendre.org\/guadeloupe\/entreprendre\/\" \/>\n<meta property=\"og:site_name\" content=\"R\u00e9seau Entreprendre Guadeloupe\" \/>\n<meta property=\"article:modified_time\" content=\"2023-08-31T16:40:17+00:00\" \/>\n<meta name=\"twitter:card\" content=\"summary_large_image\" \/>\n<meta name=\"twitter:label1\" content=\"Dur\u00e9e de lecture estim\u00e9e\" \/>\n\t<meta name=\"twitter:data1\" content=\"3 minutes\" \/>\n<script type=\"application\/ld+json\" class=\"yoast-schema-graph\">{\"@context\":\"https:\\\/\\\/schema.org\",\"@graph\":[{\"@type\":\"WebPage\",\"@id\":\"https:\\\/\\\/www.reseau-entreprendre.org\\\/guadeloupe\\\/entreprendre\\\/\",\"url\":\"https:\\\/\\\/www.reseau-entreprendre.org\\\/guadeloupe\\\/entreprendre\\\/\",\"name\":\"Entreprendre | Reseau Entreprendre Guadeloupe\",\"isPartOf\":{\"@id\":\"https:\\\/\\\/www.reseau-entreprendre.org\\\/guadeloupe\\\/#website\"},\"datePublished\":\"2017-04-28T10:33:34+00:00\",\"dateModified\":\"2023-08-31T16:40:17+00:00\",\"description\":\"Vous avez un projet de cr\u00e9ation d'entreprise ? R\u00e9seau Entreprendre Guadeloupe vous accompagne gratuitement et dans la dur\u00e9e\",\"breadcrumb\":{\"@id\":\"https:\\\/\\\/www.reseau-entreprendre.org\\\/guadeloupe\\\/entreprendre\\\/#breadcrumb\"},\"inLanguage\":\"fr-FR\",\"potentialAction\":[{\"@type\":\"ReadAction\",\"target\":[\"https:\\\/\\\/www.reseau-entreprendre.org\\\/guadeloupe\\\/entreprendre\\\/\"]}]},{\"@type\":\"BreadcrumbList\",\"@id\":\"https:\\\/\\\/www.reseau-entreprendre.org\\\/guadeloupe\\\/entreprendre\\\/#breadcrumb\",\"itemListElement\":[{\"@type\":\"ListItem\",\"position\":1,\"name\":\"Accueil\",\"item\":\"https:\\\/\\\/www.reseau-entreprendre.org\\\/guadeloupe\\\/\"},{\"@type\":\"ListItem\",\"position\":2,\"name\":\"Entreprendre\"}]},{\"@type\":\"WebSite\",\"@id\":\"https:\\\/\\\/www.reseau-entreprendre.org\\\/guadeloupe\\\/#website\",\"url\":\"https:\\\/\\\/www.reseau-entreprendre.org\\\/guadeloupe\\\/\",\"name\":\"R\u00e9seau Entreprendre Guadeloupe\",\"description\":\"Un site utilisant Les sites de R\u00e9seau Entreprendre\",\"potentialAction\":[{\"@type\":\"SearchAction\",\"target\":{\"@type\":\"EntryPoint\",\"urlTemplate\":\"https:\\\/\\\/www.reseau-entreprendre.org\\\/guadeloupe\\\/?s={search_term_string}\"},\"query-input\":{\"@type\":\"PropertyValueSpecification\",\"valueRequired\":true,\"valueName\":\"search_term_string\"}}],\"inLanguage\":\"fr-FR\"}]}<\/script>\n<!-- \/ Yoast SEO plugin. -->","yoast_head_json":{"title":"Entreprendre | Reseau Entreprendre Guadeloupe","description":"Vous avez un projet de cr\u00e9ation d'entreprise ? R\u00e9seau Entreprendre Guadeloupe vous accompagne gratuitement et dans la dur\u00e9e","robots":{"index":"index","follow":"follow","max-snippet":"max-snippet:-1","max-image-preview":"max-image-preview:large","max-video-preview":"max-video-preview:-1"},"canonical":"https:\/\/www.reseau-entreprendre.org\/guadeloupe\/entreprendre\/","og_locale":"fr_FR","og_type":"article","og_title":"Entreprendre | Reseau Entreprendre Guadeloupe","og_description":"Vous avez un projet de cr\u00e9ation d'entreprise ? R\u00e9seau Entreprendre Guadeloupe vous accompagne gratuitement et dans la dur\u00e9e","og_url":"https:\/\/www.reseau-entreprendre.org\/guadeloupe\/entreprendre\/","og_site_name":"R\u00e9seau Entreprendre Guadeloupe","article_modified_time":"2023-08-31T16:40:17+00:00","twitter_card":"summary_large_image","twitter_misc":{"Dur\u00e9e de lecture estim\u00e9e":"3 minutes"},"schema":{"@context":"https:\/\/schema.org","@graph":[{"@type":"WebPage","@id":"https:\/\/www.reseau-entreprendre.org\/guadeloupe\/entreprendre\/","url":"https:\/\/www.reseau-entreprendre.org\/guadeloupe\/entreprendre\/","name":"Entreprendre | Reseau Entreprendre Guadeloupe","isPartOf":{"@id":"https:\/\/www.reseau-entreprendre.org\/guadeloupe\/#website"},"datePublished":"2017-04-28T10:33:34+00:00","dateModified":"2023-08-31T16:40:17+00:00","description":"Vous avez un projet de cr\u00e9ation d'entreprise ? R\u00e9seau Entreprendre Guadeloupe vous accompagne gratuitement et dans la dur\u00e9e","breadcrumb":{"@id":"https:\/\/www.reseau-entreprendre.org\/guadeloupe\/entreprendre\/#breadcrumb"},"inLanguage":"fr-FR","potentialAction":[{"@type":"ReadAction","target":["https:\/\/www.reseau-entreprendre.org\/guadeloupe\/entreprendre\/"]}]},{"@type":"BreadcrumbList","@id":"https:\/\/www.reseau-entreprendre.org\/guadeloupe\/entreprendre\/#breadcrumb","itemListElement":[{"@type":"ListItem","position":1,"name":"Accueil","item":"https:\/\/www.reseau-entreprendre.org\/guadeloupe\/"},{"@type":"ListItem","position":2,"name":"Entreprendre"}]},{"@type":"WebSite","@id":"https:\/\/www.reseau-entreprendre.org\/guadeloupe\/#website","url":"https:\/\/www.reseau-entreprendre.org\/guadeloupe\/","name":"R\u00e9seau Entreprendre Guadeloupe","description":"Un site utilisant Les sites de R\u00e9seau Entreprendre","potentialAction":[{"@type":"SearchAction","target":{"@type":"EntryPoint","urlTemplate":"https:\/\/www.reseau-entreprendre.org\/guadeloupe\/?s={search_term_string}"},"query-input":{"@type":"PropertyValueSpecification","valueRequired":true,"valueName":"search_term_string"}}],"inLanguage":"fr-FR"}]}},"_links":{"self":[{"href":"https:\/\/www.reseau-entreprendre.org\/guadeloupe\/wp-json\/wp\/v2\/pages\/13","targetHints":{"allow":["GET"]}}],"collection":[{"href":"https:\/\/www.reseau-entreprendre.org\/guadeloupe\/wp-json\/wp\/v2\/pages"}],"about":[{"href":"https:\/\/www.reseau-entreprendre.org\/guadeloupe\/wp-json\/wp\/v2\/types\/page"}],"author":[{"embeddable":true,"href":"https:\/\/www.reseau-entreprendre.org\/guadeloupe\/wp-json\/wp\/v2\/users\/1"}],"replies":[{"embeddable":true,"href":"https:\/\/www.reseau-entreprendre.org\/guadeloupe\/wp-json\/wp\/v2\/comments?post=13"}],"version-history":[{"count":0,"href":"https:\/\/www.reseau-entreprendre.org\/guadeloupe\/wp-json\/wp\/v2\/pages\/13\/revisions"}],"wp:attachment":[{"href":"https:\/\/www.reseau-entreprendre.org\/guadeloupe\/wp-json\/wp\/v2\/media?parent=13"}],"curies":[{"name":"wp","href":"https:\/\/api.w.org\/{rel}","templated":true}]}}