{"id":15,"date":"2017-04-28T12:33:47","date_gmt":"2017-04-28T10:33:47","guid":{"rendered":"https:\/\/www.reseau-entreprendre.org\/guadeloupe\/?page_id=15"},"modified":"2023-08-31T16:36:32","modified_gmt":"2023-08-31T14:36:32","slug":"accompagner","status":"publish","type":"page","link":"https:\/\/www.reseau-entreprendre.org\/guadeloupe\/accompagner\/","title":{"rendered":"Accompagner"},"content":{"rendered":"\n<p><strong>Accompagner<\/strong><\/p>\n\n\n\n<p>Le c\u0153ur de m\u00e9tier de R\u00e9seau Entreprendre Guadeloupe, c\u2019est l\u2019accompagnement par des chefs d\u2019entreprise. Cet accompagnement recouvre plusieurs formes :<\/p>\n\n\n\n<p>\u2192 en amont de la cr\u00e9ation ou de la reprise : aide \u00e0 la pr\u00e9paration et \u00e0 la validation du projet.<\/p>\n\n\n\n<p>\u2192 accompagnement individuel (type mentorat) pendant les 2 \u00e0 3 premi\u00e8res ann\u00e9es d\u2019exercice du m\u00e9tier de chef d\u2019entreprise.<\/p>\n\n\n\n<p>\u2192 accompagnement collectif, sous forme de clubs mensuels de cr\u00e9ateurs et repreneurs pour se former ensemble au m\u00e9tier de chef d\u2019entreprise et s\u2019entraider (effet \u00ab promo \u00bb).<\/p>\n\n\n\n<p>\u2192 l\u2019ouverture des r\u00e9seaux pour gagner du temps au d\u00e9marrage de l\u2019entreprise<\/p>\n\n\n\n<p><strong>Pourquoi vous engager dans RE Guadeloupe ?<\/strong><\/p>\n\n\n\n<p>Parce que vous pensez :<\/p>\n\n\n\n<p>&#8211; Que votre entreprise ne peut prosp\u00e9rer que dans un tissu \u00e9conomique actif,<br>&#8211; Que vous-m\u00eames et vos collaborateurs vous enrichissez en \u00e9tant r\u00e9guli\u00e8rement en contact avec le dynamisme et l&#8217;esprit novateur de cr\u00e9ateurs d&#8217;entreprise,<br>&#8211; Que votre entreprise pourrait apporter un courant d&#8217;affaires \u00e0 un cr\u00e9ateur, et, en m\u00eame temps bien s\u00fbr en b\u00e9n\u00e9ficier,<br>&#8211; Que, si vous souhaitez essaimer certaines activit\u00e9s, il faut que ceux qui le feront disposent d&#8217;un appui fort pour r\u00e9ussir,<br>&#8211; Que votre participation \u00e0 une telle action est un outil de construction d&#8217;image pour votre entreprise,<br>&#8211; Que le devenir du tissu \u00e9conomique entre dans les pr\u00e9occupations des chefs d&#8217;entreprises donc dans vos pr\u00e9occupations.<\/p>\n\n\n\n<p><strong>Qu\u2019attend de vous RE Guadeloupe ?<\/strong><\/p>\n\n\n\n<p>Votre participation \u00e0 un maillage et \u00e0 une initiative innovante, priv\u00e9e, et locale en faveur du d\u00e9veloppement \u00e9conomique et de la cr\u00e9ation d\u2019emplois en Guadeloupe, pla\u00e7ant l\u2019homme au c\u0153ur de ses pr\u00e9occupations.<\/p>\n\n\n\n<p>Et concr\u00e8tement, au-del\u00e0 de votre soutien financier, vous \u00eates invit\u00e9s \u00e0 vous engager dans la vie de l\u2019association \u00e0 diff\u00e9rents niveaux :<\/p>\n\n\n\n<p>&#8211; Recevoir de temps en temps des cr\u00e9ateurs pour les conseiller dans leurs projets &#8211; Etape de la validation\/Etude du projet<br>&#8211; Piloter l\u2019\u00e9tude d\u2019un projet et le pr\u00e9senter au comit\u00e9 d\u2019engagement &#8211; Etape de l\u2019Instruction du Projet<br>&#8211; Faire partie d\u2019un comit\u00e9 d\u2019engagement &#8211; Etape du comit\u00e9 d\u2019engagement<br>&#8211; Accompagner un laur\u00e9at dans ses premi\u00e8res ann\u00e9es de d\u00e9marrage &#8211; Etape de l\u2019Accompagnement Individuel<br>&#8211; Animer un club de laur\u00e9ats &#8211; Etape de l\u2019Accompagnement collectif<br>&#8211; Participer aux travaux de l\u2019association sur diff\u00e9rents th\u00e8mes comme la Communication, la Recherche d\u2019adh\u00e9rents, les relations avec l\u2019environnement universitaire, institutionnels\u2026, sous la houlette d\u2019un Administrateur et du Directeur &#8211; Etape Vie de l\u2019Association<\/p>\n","protected":false},"excerpt":{"rendered":"<p>Accompagner Le c\u0153ur de m\u00e9tier de R\u00e9seau Entreprendre Guadeloupe, c\u2019est<\/p>\n","protected":false},"author":1,"featured_media":576,"parent":0,"menu_order":0,"comment_status":"closed","ping_status":"closed","template":"","meta":{"_acf_changed":false,"_monsterinsights_skip_tracking":false,"_monsterinsights_sitenote_active":false,"_monsterinsights_sitenote_note":"","_monsterinsights_sitenote_category":0,"footnotes":""},"class_list":["post-15","page","type-page","status-publish","has-post-thumbnail","hentry"],"acf":[],"yoast_head":"<!-- This site is optimized with the Yoast SEO plugin v27.4 - https:\/\/yoast.com\/product\/yoast-seo-wordpress\/ -->\n<title>Accompagner| Reseau Entreprendre Guadeloupe<\/title>\n<meta name=\"description\" content=\"Vous \u00eates chef d&#039;entreprise et souhaitez accompagner de nouveaux entrepreneurs ? Devenez membre b\u00e9n\u00e9vole de R\u00e9seau Entreprendre Guadeloupe !\" \/>\n<meta name=\"robots\" content=\"index, follow, max-snippet:-1, max-image-preview:large, max-video-preview:-1\" \/>\n<link rel=\"canonical\" href=\"https:\/\/www.reseau-entreprendre.org\/guadeloupe\/accompagner\/\" \/>\n<meta property=\"og:locale\" content=\"fr_FR\" \/>\n<meta property=\"og:type\" content=\"article\" \/>\n<meta property=\"og:title\" content=\"Accompagner| Reseau Entreprendre Guadeloupe\" \/>\n<meta property=\"og:description\" content=\"Vous \u00eates chef d&#039;entreprise et souhaitez accompagner de nouveaux entrepreneurs ? Devenez membre b\u00e9n\u00e9vole de R\u00e9seau Entreprendre Guadeloupe !\" \/>\n<meta property=\"og:url\" content=\"https:\/\/www.reseau-entreprendre.org\/guadeloupe\/accompagner\/\" \/>\n<meta property=\"og:site_name\" content=\"R\u00e9seau Entreprendre Guadeloupe\" \/>\n<meta property=\"article:modified_time\" content=\"2023-08-31T14:36:32+00:00\" \/>\n<meta property=\"og:image\" content=\"https:\/\/www.reseau-entreprendre.org\/guadeloupe\/wp-content\/uploads\/sites\/61\/2017\/04\/IMG_1520.jpg\" \/>\n\t<meta property=\"og:image:width\" content=\"3000\" \/>\n\t<meta property=\"og:image:height\" content=\"2000\" \/>\n\t<meta property=\"og:image:type\" content=\"image\/jpeg\" \/>\n<meta name=\"twitter:card\" content=\"summary_large_image\" \/>\n<meta name=\"twitter:label1\" content=\"Dur\u00e9e de lecture estim\u00e9e\" \/>\n\t<meta name=\"twitter:data1\" content=\"2 minutes\" \/>\n<script type=\"application\/ld+json\" class=\"yoast-schema-graph\">{\"@context\":\"https:\\\/\\\/schema.org\",\"@graph\":[{\"@type\":\"WebPage\",\"@id\":\"https:\\\/\\\/www.reseau-entreprendre.org\\\/guadeloupe\\\/accompagner\\\/\",\"url\":\"https:\\\/\\\/www.reseau-entreprendre.org\\\/guadeloupe\\\/accompagner\\\/\",\"name\":\"Accompagner| Reseau Entreprendre Guadeloupe\",\"isPartOf\":{\"@id\":\"https:\\\/\\\/www.reseau-entreprendre.org\\\/guadeloupe\\\/#website\"},\"primaryImageOfPage\":{\"@id\":\"https:\\\/\\\/www.reseau-entreprendre.org\\\/guadeloupe\\\/accompagner\\\/#primaryimage\"},\"image\":{\"@id\":\"https:\\\/\\\/www.reseau-entreprendre.org\\\/guadeloupe\\\/accompagner\\\/#primaryimage\"},\"thumbnailUrl\":\"\",\"datePublished\":\"2017-04-28T10:33:47+00:00\",\"dateModified\":\"2023-08-31T14:36:32+00:00\",\"description\":\"Vous \u00eates chef d'entreprise et souhaitez accompagner de nouveaux entrepreneurs ? Devenez membre b\u00e9n\u00e9vole de R\u00e9seau Entreprendre Guadeloupe !\",\"breadcrumb\":{\"@id\":\"https:\\\/\\\/www.reseau-entreprendre.org\\\/guadeloupe\\\/accompagner\\\/#breadcrumb\"},\"inLanguage\":\"fr-FR\",\"potentialAction\":[{\"@type\":\"ReadAction\",\"target\":[\"https:\\\/\\\/www.reseau-entreprendre.org\\\/guadeloupe\\\/accompagner\\\/\"]}]},{\"@type\":\"ImageObject\",\"inLanguage\":\"fr-FR\",\"@id\":\"https:\\\/\\\/www.reseau-entreprendre.org\\\/guadeloupe\\\/accompagner\\\/#primaryimage\",\"url\":\"\",\"contentUrl\":\"\",\"width\":3000,\"height\":2000},{\"@type\":\"BreadcrumbList\",\"@id\":\"https:\\\/\\\/www.reseau-entreprendre.org\\\/guadeloupe\\\/accompagner\\\/#breadcrumb\",\"itemListElement\":[{\"@type\":\"ListItem\",\"position\":1,\"name\":\"Accueil\",\"item\":\"https:\\\/\\\/www.reseau-entreprendre.org\\\/guadeloupe\\\/\"},{\"@type\":\"ListItem\",\"position\":2,\"name\":\"Accompagner\"}]},{\"@type\":\"WebSite\",\"@id\":\"https:\\\/\\\/www.reseau-entreprendre.org\\\/guadeloupe\\\/#website\",\"url\":\"https:\\\/\\\/www.reseau-entreprendre.org\\\/guadeloupe\\\/\",\"name\":\"R\u00e9seau Entreprendre Guadeloupe\",\"description\":\"Un site utilisant Les sites de R\u00e9seau Entreprendre\",\"potentialAction\":[{\"@type\":\"SearchAction\",\"target\":{\"@type\":\"EntryPoint\",\"urlTemplate\":\"https:\\\/\\\/www.reseau-entreprendre.org\\\/guadeloupe\\\/?s={search_term_string}\"},\"query-input\":{\"@type\":\"PropertyValueSpecification\",\"valueRequired\":true,\"valueName\":\"search_term_string\"}}],\"inLanguage\":\"fr-FR\"}]}<\/script>\n<!-- \/ Yoast SEO plugin. -->","yoast_head_json":{"title":"Accompagner| Reseau Entreprendre Guadeloupe","description":"Vous \u00eates chef d'entreprise et souhaitez accompagner de nouveaux entrepreneurs ? Devenez membre b\u00e9n\u00e9vole de R\u00e9seau Entreprendre Guadeloupe !","robots":{"index":"index","follow":"follow","max-snippet":"max-snippet:-1","max-image-preview":"max-image-preview:large","max-video-preview":"max-video-preview:-1"},"canonical":"https:\/\/www.reseau-entreprendre.org\/guadeloupe\/accompagner\/","og_locale":"fr_FR","og_type":"article","og_title":"Accompagner| Reseau Entreprendre Guadeloupe","og_description":"Vous \u00eates chef d'entreprise et souhaitez accompagner de nouveaux entrepreneurs ? Devenez membre b\u00e9n\u00e9vole de R\u00e9seau Entreprendre Guadeloupe !","og_url":"https:\/\/www.reseau-entreprendre.org\/guadeloupe\/accompagner\/","og_site_name":"R\u00e9seau Entreprendre Guadeloupe","article_modified_time":"2023-08-31T14:36:32+00:00","og_image":[{"width":3000,"height":2000,"url":"https:\/\/www.reseau-entreprendre.org\/guadeloupe\/wp-content\/uploads\/sites\/61\/2017\/04\/IMG_1520.jpg","type":"image\/jpeg"}],"twitter_card":"summary_large_image","twitter_misc":{"Dur\u00e9e de lecture estim\u00e9e":"2 minutes"},"schema":{"@context":"https:\/\/schema.org","@graph":[{"@type":"WebPage","@id":"https:\/\/www.reseau-entreprendre.org\/guadeloupe\/accompagner\/","url":"https:\/\/www.reseau-entreprendre.org\/guadeloupe\/accompagner\/","name":"Accompagner| Reseau Entreprendre Guadeloupe","isPartOf":{"@id":"https:\/\/www.reseau-entreprendre.org\/guadeloupe\/#website"},"primaryImageOfPage":{"@id":"https:\/\/www.reseau-entreprendre.org\/guadeloupe\/accompagner\/#primaryimage"},"image":{"@id":"https:\/\/www.reseau-entreprendre.org\/guadeloupe\/accompagner\/#primaryimage"},"thumbnailUrl":"","datePublished":"2017-04-28T10:33:47+00:00","dateModified":"2023-08-31T14:36:32+00:00","description":"Vous \u00eates chef d'entreprise et souhaitez accompagner de nouveaux entrepreneurs ? Devenez membre b\u00e9n\u00e9vole de R\u00e9seau Entreprendre Guadeloupe !","breadcrumb":{"@id":"https:\/\/www.reseau-entreprendre.org\/guadeloupe\/accompagner\/#breadcrumb"},"inLanguage":"fr-FR","potentialAction":[{"@type":"ReadAction","target":["https:\/\/www.reseau-entreprendre.org\/guadeloupe\/accompagner\/"]}]},{"@type":"ImageObject","inLanguage":"fr-FR","@id":"https:\/\/www.reseau-entreprendre.org\/guadeloupe\/accompagner\/#primaryimage","url":"","contentUrl":"","width":3000,"height":2000},{"@type":"BreadcrumbList","@id":"https:\/\/www.reseau-entreprendre.org\/guadeloupe\/accompagner\/#breadcrumb","itemListElement":[{"@type":"ListItem","position":1,"name":"Accueil","item":"https:\/\/www.reseau-entreprendre.org\/guadeloupe\/"},{"@type":"ListItem","position":2,"name":"Accompagner"}]},{"@type":"WebSite","@id":"https:\/\/www.reseau-entreprendre.org\/guadeloupe\/#website","url":"https:\/\/www.reseau-entreprendre.org\/guadeloupe\/","name":"R\u00e9seau Entreprendre Guadeloupe","description":"Un site utilisant Les sites de R\u00e9seau Entreprendre","potentialAction":[{"@type":"SearchAction","target":{"@type":"EntryPoint","urlTemplate":"https:\/\/www.reseau-entreprendre.org\/guadeloupe\/?s={search_term_string}"},"query-input":{"@type":"PropertyValueSpecification","valueRequired":true,"valueName":"search_term_string"}}],"inLanguage":"fr-FR"}]}},"_links":{"self":[{"href":"https:\/\/www.reseau-entreprendre.org\/guadeloupe\/wp-json\/wp\/v2\/pages\/15","targetHints":{"allow":["GET"]}}],"collection":[{"href":"https:\/\/www.reseau-entreprendre.org\/guadeloupe\/wp-json\/wp\/v2\/pages"}],"about":[{"href":"https:\/\/www.reseau-entreprendre.org\/guadeloupe\/wp-json\/wp\/v2\/types\/page"}],"author":[{"embeddable":true,"href":"https:\/\/www.reseau-entreprendre.org\/guadeloupe\/wp-json\/wp\/v2\/users\/1"}],"replies":[{"embeddable":true,"href":"https:\/\/www.reseau-entreprendre.org\/guadeloupe\/wp-json\/wp\/v2\/comments?post=15"}],"version-history":[{"count":0,"href":"https:\/\/www.reseau-entreprendre.org\/guadeloupe\/wp-json\/wp\/v2\/pages\/15\/revisions"}],"wp:featuredmedia":[{"embeddable":true,"href":"https:\/\/www.reseau-entreprendre.org\/guadeloupe\/wp-json\/"}],"wp:attachment":[{"href":"https:\/\/www.reseau-entreprendre.org\/guadeloupe\/wp-json\/wp\/v2\/media?parent=15"}],"curies":[{"name":"wp","href":"https:\/\/api.w.org\/{rel}","templated":true}]}}