{"id":1044,"date":"2019-07-23T17:32:00","date_gmt":"2019-07-23T15:32:00","guid":{"rendered":"https:\/\/re-preprod-entreprendre.fr\/guyane\/?page_id=1044"},"modified":"2025-08-07T19:30:03","modified_gmt":"2025-08-07T17:30:03","slug":"nos-valeurs","status":"publish","type":"page","link":"https:\/\/www.reseau-entreprendre.org\/guyane\/a-propos\/nos-valeurs\/","title":{"rendered":"Nos Valeurs"},"content":{"rendered":"\n<p class=\"has-large-font-size\"><span style=\"font-size: 18px\"><strong>R\u00e9seau Entreprendre\u00ae Guyane poursuit sa <span style=\"color: #268597\">mission d\u2019accompagnement humain et financier<\/span>, avec l\u2019objectif de perp\u00e9tuer des valeurs fortes, en pla\u00e7ant l\u2019humain au centre des pr\u00e9occupations de l\u2019accompagnement.<\/strong><\/span><\/p>\n\n\n\n<h1 class=\"wp-block-heading has-text-align-center\"><span style=\"font-size: 28px\"><strong><span style=\"color: #268597\">Pour cr\u00e9er des <span style=\"color: #ff971d\">emplois<\/span>, cr\u00e9ons des <span style=\"color: #d70635\">employeurs<\/span> !<\/span><\/strong><\/span><\/h1>\n\n\n\n<p class=\"has-text-align-center\"><strong>&nbsp; &nbsp; &nbsp; &nbsp; &nbsp; &nbsp; &nbsp; &nbsp; &nbsp; &nbsp; &nbsp; &nbsp; &nbsp; &nbsp; &nbsp; &nbsp; &nbsp; &nbsp; &nbsp; &nbsp; &nbsp; &nbsp; &nbsp; &nbsp; &nbsp; &nbsp; &nbsp; &nbsp;&#8220;Andr\u00e9 Mulliez, Fondateur de R\u00e9seau Entreprendre\u00ae&#8221;<\/strong><\/p>\n\n\n\n<div style=\"height:100px\" aria-hidden=\"true\" class=\"wp-block-spacer\"><\/div>\n\n\n<div class=\"wp-block-image\">\n<figure class=\"aligncenter size-large\"><img loading=\"lazy\" decoding=\"async\" width=\"1024\" height=\"756\" src=\"https:\/\/www.reseau-entreprendre.org\/guyane\/wp-content\/uploads\/sites\/35\/2025\/08\/VALEURS-2025-1-1024x756.png\" alt=\"\" class=\"wp-image-5265\" srcset=\"https:\/\/www.reseau-entreprendre.org\/guyane\/wp-content\/uploads\/sites\/35\/2025\/08\/VALEURS-2025-1-1024x756.png 1024w, https:\/\/www.reseau-entreprendre.org\/guyane\/wp-content\/uploads\/sites\/35\/2025\/08\/VALEURS-2025-1-300x222.png 300w, https:\/\/www.reseau-entreprendre.org\/guyane\/wp-content\/uploads\/sites\/35\/2025\/08\/VALEURS-2025-1-768x567.png 768w, https:\/\/www.reseau-entreprendre.org\/guyane\/wp-content\/uploads\/sites\/35\/2025\/08\/VALEURS-2025-1-1536x1135.png 1536w, https:\/\/www.reseau-entreprendre.org\/guyane\/wp-content\/uploads\/sites\/35\/2025\/08\/VALEURS-2025-1-176x130.png 176w, https:\/\/www.reseau-entreprendre.org\/guyane\/wp-content\/uploads\/sites\/35\/2025\/08\/VALEURS-2025-1-100x74.png 100w, https:\/\/www.reseau-entreprendre.org\/guyane\/wp-content\/uploads\/sites\/35\/2025\/08\/VALEURS-2025-1.png 1898w\" sizes=\"auto, (max-width: 1024px) 100vw, 1024px\" \/><\/figure>\n<\/div>\n\n\n<div style=\"height:100px\" aria-hidden=\"true\" class=\"wp-block-spacer\"><\/div>\n\n\n\n<p class=\"has-text-align-center\"><span style=\"font-size: 21px\"><strong>La cr\u00e9ation et le d\u00e9veloppement d\u2019une activit\u00e9 quelle qu\u2019elle soit<br>restent par-dessus tout une <span style=\"color: #268597\">aventure humaine<\/span> !<br><\/strong><\/span><\/p>\n\n\n\n<figure class=\"wp-block-embed aligncenter is-type-video is-provider-youtube wp-block-embed-youtube wp-embed-aspect-4-3 wp-has-aspect-ratio\"><div class=\"wp-block-embed__wrapper\">\n<iframe loading=\"lazy\" title=\"Andr\u00e9 Mulliez, Pr\u00e9sident Fondateur de R\u00e9seau Entreprendre\" width=\"500\" height=\"375\" src=\"https:\/\/www.youtube.com\/embed\/E-wjxVvHvOY?feature=oembed\" frameborder=\"0\" allow=\"accelerometer; autoplay; clipboard-write; encrypted-media; gyroscope; picture-in-picture; web-share\" referrerpolicy=\"strict-origin-when-cross-origin\" allowfullscreen><\/iframe>\n<\/div><\/figure>\n\n\n\n<p class=\"has-text-align-center\">&nbsp;<\/p>\n","protected":false},"excerpt":{"rendered":"<p>R\u00e9seau Entreprendre\u00ae Guyane poursuit sa mission d\u2019accompagnement humain et financier,<\/p>\n","protected":false},"author":36,"featured_media":0,"parent":11,"menu_order":0,"comment_status":"closed","ping_status":"closed","template":"","meta":{"_acf_changed":false,"_monsterinsights_skip_tracking":false,"_monsterinsights_sitenote_active":false,"_monsterinsights_sitenote_note":"","_monsterinsights_sitenote_category":0,"footnotes":""},"class_list":["post-1044","page","type-page","status-publish","hentry"],"acf":[],"yoast_head":"<!-- This site is optimized with the Yoast SEO plugin v27.4 - https:\/\/yoast.com\/product\/yoast-seo-wordpress\/ -->\n<title>Nos Valeurs - R\u00e9seau Entreprendre Guyane<\/title>\n<meta name=\"robots\" content=\"index, follow, max-snippet:-1, max-image-preview:large, max-video-preview:-1\" \/>\n<link rel=\"canonical\" href=\"https:\/\/www.reseau-entreprendre.org\/guyane\/a-propos\/nos-valeurs\/\" \/>\n<meta property=\"og:locale\" content=\"fr_FR\" \/>\n<meta property=\"og:type\" content=\"article\" \/>\n<meta property=\"og:title\" content=\"Nos Valeurs - R\u00e9seau Entreprendre Guyane\" \/>\n<meta property=\"og:description\" content=\"R\u00e9seau Entreprendre\u00ae Guyane poursuit sa mission d\u2019accompagnement humain et financier,\" \/>\n<meta property=\"og:url\" content=\"https:\/\/www.reseau-entreprendre.org\/guyane\/a-propos\/nos-valeurs\/\" \/>\n<meta property=\"og:site_name\" content=\"R\u00e9seau Entreprendre Guyane\" \/>\n<meta property=\"article:modified_time\" content=\"2025-08-07T17:30:03+00:00\" \/>\n<meta property=\"og:image\" content=\"https:\/\/www.reseau-entreprendre.org\/guyane\/wp-content\/uploads\/sites\/35\/2025\/08\/VALEURS-2025-1.png\" \/>\n\t<meta property=\"og:image:width\" content=\"1898\" \/>\n\t<meta property=\"og:image:height\" content=\"1402\" \/>\n\t<meta property=\"og:image:type\" content=\"image\/png\" \/>\n<meta name=\"twitter:card\" content=\"summary_large_image\" \/>\n<meta name=\"twitter:label1\" content=\"Dur\u00e9e de lecture estim\u00e9e\" \/>\n\t<meta name=\"twitter:data1\" content=\"1 minute\" \/>\n<script type=\"application\/ld+json\" class=\"yoast-schema-graph\">{\"@context\":\"https:\\\/\\\/schema.org\",\"@graph\":[{\"@type\":\"WebPage\",\"@id\":\"https:\\\/\\\/www.reseau-entreprendre.org\\\/guyane\\\/a-propos\\\/nos-valeurs\\\/\",\"url\":\"https:\\\/\\\/www.reseau-entreprendre.org\\\/guyane\\\/a-propos\\\/nos-valeurs\\\/\",\"name\":\"Nos Valeurs - R\u00e9seau Entreprendre Guyane\",\"isPartOf\":{\"@id\":\"https:\\\/\\\/www.reseau-entreprendre.org\\\/guyane\\\/#website\"},\"primaryImageOfPage\":{\"@id\":\"https:\\\/\\\/www.reseau-entreprendre.org\\\/guyane\\\/a-propos\\\/nos-valeurs\\\/#primaryimage\"},\"image\":{\"@id\":\"https:\\\/\\\/www.reseau-entreprendre.org\\\/guyane\\\/a-propos\\\/nos-valeurs\\\/#primaryimage\"},\"thumbnailUrl\":\"https:\\\/\\\/www.reseau-entreprendre.org\\\/guyane\\\/wp-content\\\/uploads\\\/sites\\\/35\\\/2025\\\/08\\\/VALEURS-2025-1-1024x756.png\",\"datePublished\":\"2019-07-23T15:32:00+00:00\",\"dateModified\":\"2025-08-07T17:30:03+00:00\",\"breadcrumb\":{\"@id\":\"https:\\\/\\\/www.reseau-entreprendre.org\\\/guyane\\\/a-propos\\\/nos-valeurs\\\/#breadcrumb\"},\"inLanguage\":\"fr-FR\",\"potentialAction\":[{\"@type\":\"ReadAction\",\"target\":[\"https:\\\/\\\/www.reseau-entreprendre.org\\\/guyane\\\/a-propos\\\/nos-valeurs\\\/\"]}]},{\"@type\":\"ImageObject\",\"inLanguage\":\"fr-FR\",\"@id\":\"https:\\\/\\\/www.reseau-entreprendre.org\\\/guyane\\\/a-propos\\\/nos-valeurs\\\/#primaryimage\",\"url\":\"https:\\\/\\\/www.reseau-entreprendre.org\\\/guyane\\\/wp-content\\\/uploads\\\/sites\\\/35\\\/2025\\\/08\\\/VALEURS-2025-1.png\",\"contentUrl\":\"https:\\\/\\\/www.reseau-entreprendre.org\\\/guyane\\\/wp-content\\\/uploads\\\/sites\\\/35\\\/2025\\\/08\\\/VALEURS-2025-1.png\",\"width\":1898,\"height\":1402},{\"@type\":\"BreadcrumbList\",\"@id\":\"https:\\\/\\\/www.reseau-entreprendre.org\\\/guyane\\\/a-propos\\\/nos-valeurs\\\/#breadcrumb\",\"itemListElement\":[{\"@type\":\"ListItem\",\"position\":1,\"name\":\"Accueil\",\"item\":\"https:\\\/\\\/www.reseau-entreprendre.org\\\/guyane\\\/\"},{\"@type\":\"ListItem\",\"position\":2,\"name\":\"\u00c0 PROPOS\",\"item\":\"https:\\\/\\\/www.reseau-entreprendre.org\\\/guyane\\\/a-propos\\\/\"},{\"@type\":\"ListItem\",\"position\":3,\"name\":\"Nos Valeurs\"}]},{\"@type\":\"WebSite\",\"@id\":\"https:\\\/\\\/www.reseau-entreprendre.org\\\/guyane\\\/#website\",\"url\":\"https:\\\/\\\/www.reseau-entreprendre.org\\\/guyane\\\/\",\"name\":\"R\u00e9seau Entreprendre Guyane\",\"description\":\"Un site utilisant Les sites de R\u00e9seau Entreprendre\",\"potentialAction\":[{\"@type\":\"SearchAction\",\"target\":{\"@type\":\"EntryPoint\",\"urlTemplate\":\"https:\\\/\\\/www.reseau-entreprendre.org\\\/guyane\\\/?s={search_term_string}\"},\"query-input\":{\"@type\":\"PropertyValueSpecification\",\"valueRequired\":true,\"valueName\":\"search_term_string\"}}],\"inLanguage\":\"fr-FR\"}]}<\/script>\n<!-- \/ Yoast SEO plugin. -->","yoast_head_json":{"title":"Nos Valeurs - R\u00e9seau Entreprendre Guyane","robots":{"index":"index","follow":"follow","max-snippet":"max-snippet:-1","max-image-preview":"max-image-preview:large","max-video-preview":"max-video-preview:-1"},"canonical":"https:\/\/www.reseau-entreprendre.org\/guyane\/a-propos\/nos-valeurs\/","og_locale":"fr_FR","og_type":"article","og_title":"Nos Valeurs - R\u00e9seau Entreprendre Guyane","og_description":"R\u00e9seau Entreprendre\u00ae Guyane poursuit sa mission d\u2019accompagnement humain et financier,","og_url":"https:\/\/www.reseau-entreprendre.org\/guyane\/a-propos\/nos-valeurs\/","og_site_name":"R\u00e9seau Entreprendre Guyane","article_modified_time":"2025-08-07T17:30:03+00:00","og_image":[{"width":1898,"height":1402,"url":"https:\/\/www.reseau-entreprendre.org\/guyane\/wp-content\/uploads\/sites\/35\/2025\/08\/VALEURS-2025-1.png","type":"image\/png"}],"twitter_card":"summary_large_image","twitter_misc":{"Dur\u00e9e de lecture estim\u00e9e":"1 minute"},"schema":{"@context":"https:\/\/schema.org","@graph":[{"@type":"WebPage","@id":"https:\/\/www.reseau-entreprendre.org\/guyane\/a-propos\/nos-valeurs\/","url":"https:\/\/www.reseau-entreprendre.org\/guyane\/a-propos\/nos-valeurs\/","name":"Nos Valeurs - R\u00e9seau Entreprendre Guyane","isPartOf":{"@id":"https:\/\/www.reseau-entreprendre.org\/guyane\/#website"},"primaryImageOfPage":{"@id":"https:\/\/www.reseau-entreprendre.org\/guyane\/a-propos\/nos-valeurs\/#primaryimage"},"image":{"@id":"https:\/\/www.reseau-entreprendre.org\/guyane\/a-propos\/nos-valeurs\/#primaryimage"},"thumbnailUrl":"https:\/\/www.reseau-entreprendre.org\/guyane\/wp-content\/uploads\/sites\/35\/2025\/08\/VALEURS-2025-1-1024x756.png","datePublished":"2019-07-23T15:32:00+00:00","dateModified":"2025-08-07T17:30:03+00:00","breadcrumb":{"@id":"https:\/\/www.reseau-entreprendre.org\/guyane\/a-propos\/nos-valeurs\/#breadcrumb"},"inLanguage":"fr-FR","potentialAction":[{"@type":"ReadAction","target":["https:\/\/www.reseau-entreprendre.org\/guyane\/a-propos\/nos-valeurs\/"]}]},{"@type":"ImageObject","inLanguage":"fr-FR","@id":"https:\/\/www.reseau-entreprendre.org\/guyane\/a-propos\/nos-valeurs\/#primaryimage","url":"https:\/\/www.reseau-entreprendre.org\/guyane\/wp-content\/uploads\/sites\/35\/2025\/08\/VALEURS-2025-1.png","contentUrl":"https:\/\/www.reseau-entreprendre.org\/guyane\/wp-content\/uploads\/sites\/35\/2025\/08\/VALEURS-2025-1.png","width":1898,"height":1402},{"@type":"BreadcrumbList","@id":"https:\/\/www.reseau-entreprendre.org\/guyane\/a-propos\/nos-valeurs\/#breadcrumb","itemListElement":[{"@type":"ListItem","position":1,"name":"Accueil","item":"https:\/\/www.reseau-entreprendre.org\/guyane\/"},{"@type":"ListItem","position":2,"name":"\u00c0 PROPOS","item":"https:\/\/www.reseau-entreprendre.org\/guyane\/a-propos\/"},{"@type":"ListItem","position":3,"name":"Nos Valeurs"}]},{"@type":"WebSite","@id":"https:\/\/www.reseau-entreprendre.org\/guyane\/#website","url":"https:\/\/www.reseau-entreprendre.org\/guyane\/","name":"R\u00e9seau Entreprendre Guyane","description":"Un site utilisant Les sites de R\u00e9seau Entreprendre","potentialAction":[{"@type":"SearchAction","target":{"@type":"EntryPoint","urlTemplate":"https:\/\/www.reseau-entreprendre.org\/guyane\/?s={search_term_string}"},"query-input":{"@type":"PropertyValueSpecification","valueRequired":true,"valueName":"search_term_string"}}],"inLanguage":"fr-FR"}]}},"_links":{"self":[{"href":"https:\/\/www.reseau-entreprendre.org\/guyane\/wp-json\/wp\/v2\/pages\/1044","targetHints":{"allow":["GET"]}}],"collection":[{"href":"https:\/\/www.reseau-entreprendre.org\/guyane\/wp-json\/wp\/v2\/pages"}],"about":[{"href":"https:\/\/www.reseau-entreprendre.org\/guyane\/wp-json\/wp\/v2\/types\/page"}],"author":[{"embeddable":true,"href":"https:\/\/www.reseau-entreprendre.org\/guyane\/wp-json\/wp\/v2\/users\/36"}],"replies":[{"embeddable":true,"href":"https:\/\/www.reseau-entreprendre.org\/guyane\/wp-json\/wp\/v2\/comments?post=1044"}],"version-history":[{"count":0,"href":"https:\/\/www.reseau-entreprendre.org\/guyane\/wp-json\/wp\/v2\/pages\/1044\/revisions"}],"up":[{"embeddable":true,"href":"https:\/\/www.reseau-entreprendre.org\/guyane\/wp-json\/wp\/v2\/pages\/11"}],"wp:attachment":[{"href":"https:\/\/www.reseau-entreprendre.org\/guyane\/wp-json\/wp\/v2\/media?parent=1044"}],"curies":[{"name":"wp","href":"https:\/\/api.w.org\/{rel}","templated":true}]}}