{"id":11,"date":"2017-04-28T12:33:20","date_gmt":"2017-04-28T10:33:20","guid":{"rendered":"http:\/\/re-preprod-entreprendre.fr\/guyane\/?page_id=11"},"modified":"2026-02-19T14:35:07","modified_gmt":"2026-02-19T13:35:07","slug":"a-propos","status":"publish","type":"page","link":"https:\/\/www.reseau-entreprendre.org\/guyane\/a-propos\/","title":{"rendered":"\u00c0 PROPOS"},"content":{"rendered":"\n<h1 class=\"wp-block-heading\">&nbsp;<\/h1>\n\n\n\n<p><span style=\"font-size: 21px\"><b>Qui sommes-nous ?<\/b> <strong>Une association \u00e0 but non lucratif et d&#8217;utilit\u00e9 publique, compos\u00e9e de <\/strong><\/span><b><span style=\"font-size: 21px\"><span style=\"color: #ff971d\">chefs d\u2019entreprise passionn\u00e9s par leur m\u00e9tier<\/span>, d\u00e9sireux de contribuer au d\u00e9veloppement territorial de la Guyane et motiv\u00e9s \u00e0 partager leurs exp\u00e9riences de l\u2019entreprise <span style=\"color: #ff971d\">b\u00e9n\u00e9volement<\/span> !<\/span><br><\/b><\/p>\n\n\n\n<div style=\"height:50px\" aria-hidden=\"true\" class=\"wp-block-spacer\"><\/div>\n\n\n\n<p class=\"has-text-align-center\" style=\"font-size:33px\"><strong>En 1986, Andr\u00e9 Mulliez, industriel du Nord de la France, lance une maxime visionnaire et pleine de bon sens qui va mobiliser des milliers de chefs d&#8217;entreprise : <\/strong><\/p>\n\n\n\n<p class=\"has-text-align-center has-re-blue-color has-text-color has-large-font-size\"><strong>\u00ab Pour cr\u00e9er des emplois, cr\u00e9ons des employeurs \u00bb<\/strong><br><\/p>\n\n\n\n<div style=\"height:50px\" aria-hidden=\"true\" class=\"wp-block-spacer\"><\/div>\n\n\n\n<p class=\"has-text-align-center\"><\/p>\n\n\n\n<p><span style=\"font-size: 18px\">40 ans plus tard, R\u00e9seau Entreprendre\u00ae est rest\u00e9 fid\u00e8le \u00e0 cette <strong>vision de l\u2019accompagnement entrepreneurial 100% chef d\u2019entreprise. <\/strong>C&#8217;est aujourd&#8217;hui une <strong>communaut\u00e9 de 15 000 dirigeants<\/strong>&nbsp;humanistes, optimistes et engag\u00e9s <strong>\u00e0 travers le monde<\/strong>.<\/span><\/p>\n\n\n\n<div style=\"height:30px\" aria-hidden=\"true\" class=\"wp-block-spacer\"><\/div>\n\n\n<div class=\"re-video-container aligncenter video__wrapper\" data-action=\"video\">\n    <div data-block_ba4fb4b2bb25292602fbfbb5f709e124 class=\"\">\n        <div class=\"video__inner\">\n            <figure>\n                <img class=\"d-block w-100\" src='https:\/\/www.reseau-entreprendre.org\/guyane\/wp-content\/uploads\/sites\/35\/2023\/07\/Capture-decran-2023-07-07-112621.png' alt=\"\" loading=\"lazy\"\/>\n            <\/figure>\n\n            <div class=\"video__btn__play w-100 h-100 mx-auto d-flex flex-column justify-content-center\">\n                <button class=\"border-white bg-transparent mx-auto\">\n                    <span class=\"d-flex flex-column justify-content-center w-100 h-100\">\n                        <svg class=\"icon text-white mx-auto d-block\" width=\"17\" height=\"21\" viewBox=\"0 0 17 21\" fill=\"none\" xmlns=\"http:\/\/www.w3.org\/2000\/svg\">\n<path fill-rule=\"evenodd\" clip-rule=\"evenodd\" d=\"M0.794922 1.14014V19.9192L16.2471 10.5297L0.794922 1.14014Z\" fill='currentColor'\/>\n<\/svg>                    <\/span>  \n                <\/button>\n            <\/div>\n        <\/div>\n    <\/div>\n    <div data-subtitles=\"fr\" class=\"video__iframe hidden\"><iframe loading=\"lazy\" title=\"D\u00e9couvrez l&#039;ADN de R\u00e9seau Entreprendre\" width=\"640\" height=\"360\" src=\"https:\/\/www.youtube.com\/embed\/-6tZCtEcgv8?feature=oembed\" frameborder=\"0\" allow=\"accelerometer; autoplay; clipboard-write; encrypted-media; gyroscope; picture-in-picture; web-share\" referrerpolicy=\"strict-origin-when-cross-origin\" allowfullscreen><\/iframe><\/div>\n<\/div>\n\n\n\n<div style=\"height:40px\" aria-hidden=\"true\" class=\"wp-block-spacer\"><\/div>\n\n\n\n<p><span style=\"color: #ff971d\"><strong>R\u00e9seau Entreprendre\u00ae Guyane<\/strong> <\/span>est n\u00e9<strong> il y a 18 ans<\/strong> de la volont\u00e9 commune des chefs d\u2019entreprise locaux de voir se cr\u00e9er de la richesse et de l\u2019emploi durablement sur le territoire en r\u00e9pondant aux enjeux strat\u00e9giques propres \u00e0 la Guyane en termes de d\u00e9veloppement \u00e9conomique.<\/p>\n\n\n\n<div style=\"height:40px\" aria-hidden=\"true\" class=\"wp-block-spacer\"><\/div>\n\n\n\n<div class=\"wp-block-columns is-layout-flex wp-container-core-columns-is-layout-9d6595d7 wp-block-columns-is-layout-flex\">\n<div class=\"wp-block-column is-layout-flow wp-block-column-is-layout-flow\"><div class=\"wp-block-image\">\n<figure class=\"aligncenter size-large is-resized\"><img loading=\"lazy\" decoding=\"async\" width=\"1024\" height=\"682\" src=\"https:\/\/www.reseau-entreprendre.org\/guyane\/wp-content\/uploads\/sites\/35\/2023\/07\/0R4A1728-1024x682.jpg\" alt=\"\" class=\"wp-image-4728\" style=\"width:457px;height:auto\" srcset=\"https:\/\/www.reseau-entreprendre.org\/guyane\/wp-content\/uploads\/sites\/35\/2023\/07\/0R4A1728-1024x682.jpg 1024w, https:\/\/www.reseau-entreprendre.org\/guyane\/wp-content\/uploads\/sites\/35\/2023\/07\/0R4A1728-300x200.jpg 300w, https:\/\/www.reseau-entreprendre.org\/guyane\/wp-content\/uploads\/sites\/35\/2023\/07\/0R4A1728-768x512.jpg 768w, https:\/\/www.reseau-entreprendre.org\/guyane\/wp-content\/uploads\/sites\/35\/2023\/07\/0R4A1728-391x260.jpg 391w, https:\/\/www.reseau-entreprendre.org\/guyane\/wp-content\/uploads\/sites\/35\/2023\/07\/0R4A1728-1536x1023.jpg 1536w, https:\/\/www.reseau-entreprendre.org\/guyane\/wp-content\/uploads\/sites\/35\/2023\/07\/0R4A1728-2048x1364.jpg 2048w, https:\/\/www.reseau-entreprendre.org\/guyane\/wp-content\/uploads\/sites\/35\/2023\/07\/0R4A1728-195x130.jpg 195w\" sizes=\"auto, (max-width: 1024px) 100vw, 1024px\" \/><\/figure>\n<\/div><\/div>\n\n\n\n<div class=\"wp-block-column is-layout-flow wp-block-column-is-layout-flow\">\n<p><\/p>\n\n\n\n<p><\/p>\n\n\n\n<p><\/p>\n\n\n\n<p class=\"has-text-align-left has-medium-font-size\"><strong>La jeunesse guyanaise est pleine de potentiel.<br>Quand on voit leurs performances, il faut continuer et se battre, pour permettre \u00e0 tous ces jeunes de pouvoir cr\u00e9er leur entreprise et d\u00e9velopper l\u2019emploi en Guyane&nbsp;!<\/strong><\/p>\n\n\n\n<p><em>Tony Mirande, ancien Pr\u00e9sident de R\u00e9seau Entreprendre\u00ae Guyane (2017-2025)<\/em><\/p>\n<\/div>\n<\/div>\n\n\n\n<p><\/p>\n\n\n\n<h4 class=\"wp-block-heading\">&nbsp;<\/h4>\n\n\n\n<p class=\"has-text-align-center\"><span style=\"color: #d70635;font-size: 18px\"><strong>Notre communaut\u00e9 compte 140 Laur\u00e9ats <span style=\"color: #000000\"><span style=\"color: #d70635\">(de la start-up innovante \u00e0 la soci\u00e9t\u00e9 de transformation semi-industrielle),<\/span> <\/span>garants de la continuit\u00e9 des valeurs et de la dynamique strat\u00e9gique de notre mouvement.<\/strong><\/span><\/p>\n\n\n\n<p><\/p>\n","protected":false},"excerpt":{"rendered":"<p>&nbsp; Qui sommes-nous ? Une association \u00e0 but non lucratif<\/p>\n","protected":false},"author":36,"featured_media":0,"parent":0,"menu_order":0,"comment_status":"closed","ping_status":"closed","template":"","meta":{"_acf_changed":false,"_monsterinsights_skip_tracking":false,"_monsterinsights_sitenote_active":false,"_monsterinsights_sitenote_note":"","_monsterinsights_sitenote_category":0,"footnotes":""},"class_list":["post-11","page","type-page","status-publish","hentry"],"acf":[],"yoast_head":"<!-- This site is optimized with the Yoast SEO plugin v27.4 - https:\/\/yoast.com\/product\/yoast-seo-wordpress\/ -->\n<title>Qui sommes-nous ? | Reseau Entreprendre Guyane<\/title>\n<meta name=\"description\" content=\"R\u00e9seau Entreprendre Guyane est l&#039;association de chefs d&#039;entreprise de votre r\u00e9gion.\" \/>\n<meta name=\"robots\" content=\"index, follow, max-snippet:-1, max-image-preview:large, max-video-preview:-1\" \/>\n<link rel=\"canonical\" href=\"https:\/\/www.reseau-entreprendre.org\/guyane\/a-propos\/\" \/>\n<meta property=\"og:locale\" content=\"fr_FR\" \/>\n<meta property=\"og:type\" content=\"article\" \/>\n<meta property=\"og:title\" content=\"Qui sommes-nous ? | Reseau Entreprendre Guyane\" \/>\n<meta property=\"og:description\" content=\"R\u00e9seau Entreprendre Guyane est l&#039;association de chefs d&#039;entreprise de votre r\u00e9gion.\" \/>\n<meta property=\"og:url\" content=\"https:\/\/www.reseau-entreprendre.org\/guyane\/a-propos\/\" \/>\n<meta property=\"og:site_name\" content=\"R\u00e9seau Entreprendre Guyane\" \/>\n<meta property=\"article:modified_time\" content=\"2026-02-19T13:35:07+00:00\" \/>\n<meta property=\"og:image\" content=\"https:\/\/www.reseau-entreprendre.org\/guyane\/wp-content\/uploads\/sites\/35\/2023\/07\/0R4A1728-1024x682.jpg\" \/>\n<meta name=\"twitter:card\" content=\"summary_large_image\" \/>\n<meta name=\"twitter:label1\" content=\"Dur\u00e9e de lecture estim\u00e9e\" \/>\n\t<meta name=\"twitter:data1\" content=\"2 minutes\" \/>\n<script type=\"application\/ld+json\" class=\"yoast-schema-graph\">{\"@context\":\"https:\\\/\\\/schema.org\",\"@graph\":[{\"@type\":\"WebPage\",\"@id\":\"https:\\\/\\\/www.reseau-entreprendre.org\\\/guyane\\\/a-propos\\\/\",\"url\":\"https:\\\/\\\/www.reseau-entreprendre.org\\\/guyane\\\/a-propos\\\/\",\"name\":\"Qui sommes-nous ? | Reseau Entreprendre Guyane\",\"isPartOf\":{\"@id\":\"https:\\\/\\\/www.reseau-entreprendre.org\\\/guyane\\\/#website\"},\"primaryImageOfPage\":{\"@id\":\"https:\\\/\\\/www.reseau-entreprendre.org\\\/guyane\\\/a-propos\\\/#primaryimage\"},\"image\":{\"@id\":\"https:\\\/\\\/www.reseau-entreprendre.org\\\/guyane\\\/a-propos\\\/#primaryimage\"},\"thumbnailUrl\":\"https:\\\/\\\/www.reseau-entreprendre.org\\\/guyane\\\/wp-content\\\/uploads\\\/sites\\\/35\\\/2023\\\/07\\\/0R4A1728-1024x682.jpg\",\"datePublished\":\"2017-04-28T10:33:20+00:00\",\"dateModified\":\"2026-02-19T13:35:07+00:00\",\"description\":\"R\u00e9seau Entreprendre Guyane est l'association de chefs d'entreprise de votre r\u00e9gion.\",\"breadcrumb\":{\"@id\":\"https:\\\/\\\/www.reseau-entreprendre.org\\\/guyane\\\/a-propos\\\/#breadcrumb\"},\"inLanguage\":\"fr-FR\",\"potentialAction\":[{\"@type\":\"ReadAction\",\"target\":[\"https:\\\/\\\/www.reseau-entreprendre.org\\\/guyane\\\/a-propos\\\/\"]}]},{\"@type\":\"ImageObject\",\"inLanguage\":\"fr-FR\",\"@id\":\"https:\\\/\\\/www.reseau-entreprendre.org\\\/guyane\\\/a-propos\\\/#primaryimage\",\"url\":\"https:\\\/\\\/www.reseau-entreprendre.org\\\/guyane\\\/wp-content\\\/uploads\\\/sites\\\/35\\\/2023\\\/07\\\/0R4A1728-scaled.jpg\",\"contentUrl\":\"https:\\\/\\\/www.reseau-entreprendre.org\\\/guyane\\\/wp-content\\\/uploads\\\/sites\\\/35\\\/2023\\\/07\\\/0R4A1728-scaled.jpg\",\"width\":2560,\"height\":1705},{\"@type\":\"BreadcrumbList\",\"@id\":\"https:\\\/\\\/www.reseau-entreprendre.org\\\/guyane\\\/a-propos\\\/#breadcrumb\",\"itemListElement\":[{\"@type\":\"ListItem\",\"position\":1,\"name\":\"Accueil\",\"item\":\"https:\\\/\\\/www.reseau-entreprendre.org\\\/guyane\\\/\"},{\"@type\":\"ListItem\",\"position\":2,\"name\":\"\u00c0 PROPOS\"}]},{\"@type\":\"WebSite\",\"@id\":\"https:\\\/\\\/www.reseau-entreprendre.org\\\/guyane\\\/#website\",\"url\":\"https:\\\/\\\/www.reseau-entreprendre.org\\\/guyane\\\/\",\"name\":\"R\u00e9seau Entreprendre Guyane\",\"description\":\"Un site utilisant Les sites de R\u00e9seau Entreprendre\",\"potentialAction\":[{\"@type\":\"SearchAction\",\"target\":{\"@type\":\"EntryPoint\",\"urlTemplate\":\"https:\\\/\\\/www.reseau-entreprendre.org\\\/guyane\\\/?s={search_term_string}\"},\"query-input\":{\"@type\":\"PropertyValueSpecification\",\"valueRequired\":true,\"valueName\":\"search_term_string\"}}],\"inLanguage\":\"fr-FR\"}]}<\/script>\n<!-- \/ Yoast SEO plugin. -->","yoast_head_json":{"title":"Qui sommes-nous ? | Reseau Entreprendre Guyane","description":"R\u00e9seau Entreprendre Guyane est l'association de chefs d'entreprise de votre r\u00e9gion.","robots":{"index":"index","follow":"follow","max-snippet":"max-snippet:-1","max-image-preview":"max-image-preview:large","max-video-preview":"max-video-preview:-1"},"canonical":"https:\/\/www.reseau-entreprendre.org\/guyane\/a-propos\/","og_locale":"fr_FR","og_type":"article","og_title":"Qui sommes-nous ? | Reseau Entreprendre Guyane","og_description":"R\u00e9seau Entreprendre Guyane est l'association de chefs d'entreprise de votre r\u00e9gion.","og_url":"https:\/\/www.reseau-entreprendre.org\/guyane\/a-propos\/","og_site_name":"R\u00e9seau Entreprendre Guyane","article_modified_time":"2026-02-19T13:35:07+00:00","og_image":[{"url":"https:\/\/www.reseau-entreprendre.org\/guyane\/wp-content\/uploads\/sites\/35\/2023\/07\/0R4A1728-1024x682.jpg","type":"","width":"","height":""}],"twitter_card":"summary_large_image","twitter_misc":{"Dur\u00e9e de lecture estim\u00e9e":"2 minutes"},"schema":{"@context":"https:\/\/schema.org","@graph":[{"@type":"WebPage","@id":"https:\/\/www.reseau-entreprendre.org\/guyane\/a-propos\/","url":"https:\/\/www.reseau-entreprendre.org\/guyane\/a-propos\/","name":"Qui sommes-nous ? | Reseau Entreprendre Guyane","isPartOf":{"@id":"https:\/\/www.reseau-entreprendre.org\/guyane\/#website"},"primaryImageOfPage":{"@id":"https:\/\/www.reseau-entreprendre.org\/guyane\/a-propos\/#primaryimage"},"image":{"@id":"https:\/\/www.reseau-entreprendre.org\/guyane\/a-propos\/#primaryimage"},"thumbnailUrl":"https:\/\/www.reseau-entreprendre.org\/guyane\/wp-content\/uploads\/sites\/35\/2023\/07\/0R4A1728-1024x682.jpg","datePublished":"2017-04-28T10:33:20+00:00","dateModified":"2026-02-19T13:35:07+00:00","description":"R\u00e9seau Entreprendre Guyane est l'association de chefs d'entreprise de votre r\u00e9gion.","breadcrumb":{"@id":"https:\/\/www.reseau-entreprendre.org\/guyane\/a-propos\/#breadcrumb"},"inLanguage":"fr-FR","potentialAction":[{"@type":"ReadAction","target":["https:\/\/www.reseau-entreprendre.org\/guyane\/a-propos\/"]}]},{"@type":"ImageObject","inLanguage":"fr-FR","@id":"https:\/\/www.reseau-entreprendre.org\/guyane\/a-propos\/#primaryimage","url":"https:\/\/www.reseau-entreprendre.org\/guyane\/wp-content\/uploads\/sites\/35\/2023\/07\/0R4A1728-scaled.jpg","contentUrl":"https:\/\/www.reseau-entreprendre.org\/guyane\/wp-content\/uploads\/sites\/35\/2023\/07\/0R4A1728-scaled.jpg","width":2560,"height":1705},{"@type":"BreadcrumbList","@id":"https:\/\/www.reseau-entreprendre.org\/guyane\/a-propos\/#breadcrumb","itemListElement":[{"@type":"ListItem","position":1,"name":"Accueil","item":"https:\/\/www.reseau-entreprendre.org\/guyane\/"},{"@type":"ListItem","position":2,"name":"\u00c0 PROPOS"}]},{"@type":"WebSite","@id":"https:\/\/www.reseau-entreprendre.org\/guyane\/#website","url":"https:\/\/www.reseau-entreprendre.org\/guyane\/","name":"R\u00e9seau Entreprendre Guyane","description":"Un site utilisant Les sites de R\u00e9seau Entreprendre","potentialAction":[{"@type":"SearchAction","target":{"@type":"EntryPoint","urlTemplate":"https:\/\/www.reseau-entreprendre.org\/guyane\/?s={search_term_string}"},"query-input":{"@type":"PropertyValueSpecification","valueRequired":true,"valueName":"search_term_string"}}],"inLanguage":"fr-FR"}]}},"_links":{"self":[{"href":"https:\/\/www.reseau-entreprendre.org\/guyane\/wp-json\/wp\/v2\/pages\/11","targetHints":{"allow":["GET"]}}],"collection":[{"href":"https:\/\/www.reseau-entreprendre.org\/guyane\/wp-json\/wp\/v2\/pages"}],"about":[{"href":"https:\/\/www.reseau-entreprendre.org\/guyane\/wp-json\/wp\/v2\/types\/page"}],"author":[{"embeddable":true,"href":"https:\/\/www.reseau-entreprendre.org\/guyane\/wp-json\/wp\/v2\/users\/36"}],"replies":[{"embeddable":true,"href":"https:\/\/www.reseau-entreprendre.org\/guyane\/wp-json\/wp\/v2\/comments?post=11"}],"version-history":[{"count":0,"href":"https:\/\/www.reseau-entreprendre.org\/guyane\/wp-json\/wp\/v2\/pages\/11\/revisions"}],"wp:attachment":[{"href":"https:\/\/www.reseau-entreprendre.org\/guyane\/wp-json\/wp\/v2\/media?parent=11"}],"curies":[{"name":"wp","href":"https:\/\/api.w.org\/{rel}","templated":true}]}}