{"id":17,"date":"2017-04-28T12:34:01","date_gmt":"2017-04-28T10:34:01","guid":{"rendered":"http:\/\/re-preprod-entreprendre.fr\/guyane\/?page_id=17"},"modified":"2026-02-19T14:30:52","modified_gmt":"2026-02-19T13:30:52","slug":"devenez-partenaire","status":"publish","type":"page","link":"https:\/\/www.reseau-entreprendre.org\/guyane\/devenez-partenaire\/","title":{"rendered":"DEVENEZ PARTENAIRE !"},"content":{"rendered":"\n<h1 class=\"wp-block-heading has-re-blue-color has-text-color\" id=\"soutenez-notre-action\"><span style=\"font-size: 50px\"><strong>Soutenez notre action !<\/strong><\/span><\/h1>\n\n\n\n<div style=\"height:100px\" aria-hidden=\"true\" class=\"wp-block-spacer\"><\/div>\n\n\n\n<p class=\"has-medium-font-size\"><strong>Entreprise, Institution ou Particulier : rejoignez R\u00e9seau Entreprendre\u00ae Guyane !<\/strong><\/p>\n\n\n\n<p>Notre association se doit d\u2019\u00eatre ins\u00e9r\u00e9e dans l\u2019environnement \u00e9conomique de la Guyane et d\u2019y trouver des appuis forts, d&#8217;o\u00f9 l\u2019importance d\u2019une politique partenariale coh\u00e9rente. Qu\u2019ils soient <strong>partenaires techniques, sponsors ou co-financeurs<\/strong>, leur implication se traduit par diff\u00e9rents niveaux de participation aux \u00e9v\u00e8nements, par des aides mat\u00e9rielles et\/ou financi\u00e8res.<\/p>\n\n\n\n<p><\/p>\n\n\n\n<div style=\"height:100px\" aria-hidden=\"true\" class=\"wp-block-spacer\"><\/div>\n\n\n\n<p><\/p>\n\n\n\n<p><span style=\"color: #d70635\"><strong><span style=\"font-size: 24px\">Pourquoi nous soutenir ?<\/span><\/strong><\/span><\/p>\n\n\n\n<ul class=\"wp-block-list is-style-list-arrows\">\n<li>Participer \u00e0 une <strong><mark class=\"has-inline-color has-re-blue-color\">action citoyenne<\/mark><\/strong><\/li>\n<\/ul>\n\n\n\n<ul class=\"wp-block-list is-style-list-arrows\">\n<li>Vivre les <strong><mark class=\"has-inline-color has-re-blue-color\">valeurs d&#8217;un r\u00e9seau local<\/mark><\/strong> qui encourage les cr\u00e9ateurs d&#8217;entreprise \u00e0 s&#8217;\u00e9panouir <\/li>\n<\/ul>\n\n\n\n<ul class=\"wp-block-list is-style-list-arrows\">\n<li>Montrer votre engagement en faveur du <strong><mark class=\"has-inline-color has-re-blue-color\">d\u00e9veloppement local<\/mark><\/strong><\/li>\n<\/ul>\n\n\n\n<ul class=\"wp-block-list is-style-list-arrows\">\n<li>Faire <mark class=\"has-inline-color has-re-blue-color\"><strong>partie int\u00e9grante de notre association<\/strong><\/mark> au travers de l&#8217;Assembl\u00e9e G\u00e9n\u00e9rale annuelle, la F\u00eate des Laur\u00e9ats, les Conviviales, Les Entrep&#8217;&#8230; <\/li>\n<\/ul>\n\n\n\n<div style=\"height:50px\" aria-hidden=\"true\" class=\"wp-block-spacer\"><\/div>\n\n\n\n<p><span style=\"color: #d70635\"><strong><span style=\"font-size: 24px\">Vos avantages fiscaux ?<\/span><\/strong><\/span><\/p>\n\n\n\n<p><strong>En tant que particulier : <\/strong><\/p>\n\n\n\n<ul class=\"wp-block-list\">\n<li><strong>Vous \u00eates soumis \u00e0 l&#8217;IFI :<\/strong> vous b\u00e9n\u00e9ficiez d&#8217;une r\u00e9duction d&#8217;imp\u00f4t de 75% du montant de votre don, dans la limite de 50 000\u20ac. <em><mark class=\"has-inline-color has-re-yellow-color\"><strong>Un don de 10 000\u20ac vous co\u00fbte r\u00e9ellement 2 500\u20ac<\/strong><\/mark><\/em><\/li>\n<\/ul>\n\n\n\n<ul class=\"wp-block-list\">\n<li><strong>Vous \u00eates soumis \u00e0 l&#8217;IR :<\/strong> vous b\u00e9n\u00e9ficiez d&#8217;une r\u00e9duction d&#8217;imp\u00f4t de 66%* du montant de votre don. <em><mark class=\"has-inline-color has-re-yellow-color\"><strong>Un don de 10 000\u20ac vous co\u00fbte r\u00e9ellement <br>3 400\u20ac<\/strong><\/mark><\/em><\/li>\n<\/ul>\n\n\n\n<p><strong>En tant qu&#8217;entreprise : <\/strong><\/p>\n\n\n\n<ul class=\"wp-block-list\">\n<li>Vous b\u00e9n\u00e9ficiez d&#8217;une r\u00e9duction d&#8217;imp\u00f4t sur les soci\u00e9t\u00e9s de 60%* du montant de votre don, dans la limite de 5% du chiffre d&#8217;affaire. <em><mark class=\"has-inline-color has-re-yellow-color\"><strong>Un don de 10 000\u20ac vous co\u00fbte r\u00e9ellement 4 000\u20ac<\/strong><\/mark><\/em><\/li>\n<\/ul>\n\n\n\n<p class=\"has-black-color has-text-color\">* Dans la limite de 20% du revenu imposable annuel, avec possibilit\u00e9 de report de l&#8217;exc\u00e9dent de la r\u00e9duction fiscale sur 5 ans. <\/p>\n\n\n\n<div style=\"height:100px\" aria-hidden=\"true\" class=\"wp-block-spacer\"><\/div>\n\n\n\n<ul class=\"wp-block-list\"><\/ul>\n\n\n\n<p><strong><span style=\"font-size: 24px;color: #d70635\">D\u00e9couvrez nos partenaires !<\/span><\/strong><\/p>\n\n\n\n<div style=\"height:50px\" aria-hidden=\"true\" class=\"wp-block-spacer\"><\/div>\n\n\n\n<p><\/p>\n\n\n\n<div class=\"wp-block-columns is-layout-flex wp-container-core-columns-is-layout-9d6595d7 wp-block-columns-is-layout-flex\">\n<div class=\"wp-block-column is-layout-flow wp-block-column-is-layout-flow\" style=\"flex-basis:33.33%\">\n<figure class=\"wp-block-gallery has-nested-images columns-default is-cropped wp-block-gallery-1 is-layout-flex wp-block-gallery-is-layout-flex\"><div class=\"wp-block-image\">\n<figure class=\"aligncenter size-large\"><img loading=\"lazy\" decoding=\"async\" width=\"1024\" height=\"683\" data-id=\"4759\" src=\"https:\/\/www.reseau-entreprendre.org\/guyane\/wp-content\/uploads\/sites\/35\/2023\/07\/0R4A1859-1024x683.jpg\" alt=\"\" class=\"wp-image-4759\" srcset=\"https:\/\/www.reseau-entreprendre.org\/guyane\/wp-content\/uploads\/sites\/35\/2023\/07\/0R4A1859-1024x683.jpg 1024w, https:\/\/www.reseau-entreprendre.org\/guyane\/wp-content\/uploads\/sites\/35\/2023\/07\/0R4A1859-300x200.jpg 300w, https:\/\/www.reseau-entreprendre.org\/guyane\/wp-content\/uploads\/sites\/35\/2023\/07\/0R4A1859-768x512.jpg 768w, https:\/\/www.reseau-entreprendre.org\/guyane\/wp-content\/uploads\/sites\/35\/2023\/07\/0R4A1859-391x260.jpg 391w, https:\/\/www.reseau-entreprendre.org\/guyane\/wp-content\/uploads\/sites\/35\/2023\/07\/0R4A1859-1536x1024.jpg 1536w, https:\/\/www.reseau-entreprendre.org\/guyane\/wp-content\/uploads\/sites\/35\/2023\/07\/0R4A1859-2048x1365.jpg 2048w, https:\/\/www.reseau-entreprendre.org\/guyane\/wp-content\/uploads\/sites\/35\/2023\/07\/0R4A1859-195x130.jpg 195w\" sizes=\"auto, (max-width: 1024px) 100vw, 1024px\" \/><figcaption class=\"wp-element-caption\">Tony Mirande, ancien pr\u00e9sident de R\u00e9seau Entreprendre\u00ae Guyane, Les gagnants des Entrep Guyane 2023 et Leticia DOUBEL, Responsable du march\u00e9 de Guyane, Air Cara\u00efbes<\/figcaption><\/figure>\n<\/div><\/figure>\n<\/div>\n\n\n\n<div class=\"wp-block-column is-layout-flow wp-block-column-is-layout-flow\" style=\"flex-basis:66.66%\">\n<figure class=\"wp-block-image size-large is-resized\"><img loading=\"lazy\" decoding=\"async\" width=\"1024\" height=\"138\" src=\"https:\/\/www.reseau-entreprendre.org\/guyane\/wp-content\/uploads\/sites\/35\/2026\/02\/AIR-CARAIBES-1024x138.png\" alt=\"\" class=\"wp-image-5360\" style=\"width:669px;height:auto\" srcset=\"https:\/\/www.reseau-entreprendre.org\/guyane\/wp-content\/uploads\/sites\/35\/2026\/02\/AIR-CARAIBES-1024x138.png 1024w, https:\/\/www.reseau-entreprendre.org\/guyane\/wp-content\/uploads\/sites\/35\/2026\/02\/AIR-CARAIBES-300x40.png 300w, https:\/\/www.reseau-entreprendre.org\/guyane\/wp-content\/uploads\/sites\/35\/2026\/02\/AIR-CARAIBES-768x103.png 768w, https:\/\/www.reseau-entreprendre.org\/guyane\/wp-content\/uploads\/sites\/35\/2026\/02\/AIR-CARAIBES-1536x207.png 1536w, https:\/\/www.reseau-entreprendre.org\/guyane\/wp-content\/uploads\/sites\/35\/2026\/02\/AIR-CARAIBES-210x28.png 210w, https:\/\/www.reseau-entreprendre.org\/guyane\/wp-content\/uploads\/sites\/35\/2026\/02\/AIR-CARAIBES-100x13.png 100w, https:\/\/www.reseau-entreprendre.org\/guyane\/wp-content\/uploads\/sites\/35\/2026\/02\/AIR-CARAIBES.png 1740w\" sizes=\"auto, (max-width: 1024px) 100vw, 1024px\" \/><\/figure>\n\n\n\n<p><\/p>\n\n\n\n<p><strong>Partenaire historique<\/strong>, la compagnie a\u00e9rienne assure les d\u00e9placements transatlantiques de l\u2019association. Cet appui nous permet de maintenir le lien avec les associations de la France hexagonale. <strong>Depuis 2015, l&#8217;\u00e9quipe gagnante des <span style=\"color: #ff971d\"><a style=\"color: #ff971d\" href=\"https:\/\/www.reseau-entreprendre.org\/guyane\/devenez-laureat\/les-entrep'\/\" target=\"_blank\" rel=\"noopener noreferrer\">Entrep&#8217;<\/a> GUYANE&nbsp;<\/span>s&#8217;envole avec Air Cara\u00efbes<\/strong> pour d\u00e9fendre son concept d&#8217;entreprise face aux autres \u00e9quipes nationales.<br><strong>La compagnie confirme<\/strong> <strong>sa vocation de rapprocher la m\u00e9tropole des d\u00e9partements d\u2019Outre-mer !<\/strong><\/p>\n<\/div>\n<\/div>\n\n\n\n<p><\/p>\n\n\n\n<div style=\"height:50px\" aria-hidden=\"true\" class=\"wp-block-spacer\"><\/div>\n\n\n\n<div class=\"wp-block-columns is-layout-flex wp-container-core-columns-is-layout-9d6595d7 wp-block-columns-is-layout-flex\">\n<div class=\"wp-block-column is-layout-flow wp-block-column-is-layout-flow\" style=\"flex-basis:33.33%\">\n<figure class=\"wp-block-gallery has-nested-images columns-default is-cropped wp-block-gallery-2 is-layout-flex wp-block-gallery-is-layout-flex\">\n<figure class=\"wp-block-image size-medium is-style-default\"><img loading=\"lazy\" decoding=\"async\" width=\"300\" height=\"296\" data-id=\"4735\" src=\"https:\/\/www.reseau-entreprendre.org\/guyane\/wp-content\/uploads\/sites\/35\/2023\/07\/Logo-CTG-300x296.jpg\" alt=\"\" class=\"wp-image-4735\" srcset=\"https:\/\/www.reseau-entreprendre.org\/guyane\/wp-content\/uploads\/sites\/35\/2023\/07\/Logo-CTG-300x296.jpg 300w, https:\/\/www.reseau-entreprendre.org\/guyane\/wp-content\/uploads\/sites\/35\/2023\/07\/Logo-CTG-1024x1011.jpg 1024w, https:\/\/www.reseau-entreprendre.org\/guyane\/wp-content\/uploads\/sites\/35\/2023\/07\/Logo-CTG-768x758.jpg 768w, https:\/\/www.reseau-entreprendre.org\/guyane\/wp-content\/uploads\/sites\/35\/2023\/07\/Logo-CTG-1536x1517.jpg 1536w, https:\/\/www.reseau-entreprendre.org\/guyane\/wp-content\/uploads\/sites\/35\/2023\/07\/Logo-CTG-2048x2022.jpg 2048w, https:\/\/www.reseau-entreprendre.org\/guyane\/wp-content\/uploads\/sites\/35\/2023\/07\/Logo-CTG-132x130.jpg 132w\" sizes=\"auto, (max-width: 300px) 100vw, 300px\" \/><\/figure>\n<\/figure>\n<\/div>\n\n\n\n<div class=\"wp-block-column is-layout-flow wp-block-column-is-layout-flow\" style=\"flex-basis:66.66%\">\n<p class=\"has-text-align-left\">Notre partenariat avec la <strong>Collectivit\u00e9 Territoriale de Guyane<\/strong> est fond\u00e9 sur la volont\u00e9 commune de promouvoir le d\u00e9veloppement \u00e9conomique du territoire par la cr\u00e9ation d\u2019emploi et de richesse.<\/p>\n\n\n\n<p class=\"has-text-align-left\">La CTG soutient nos actions \u00e0 plusieurs niveaux en abondant notre fond de pr\u00eat et en nous accompagnant sur des programmes sp\u00e9cifiques.<br>Cette collaboration va bien au-del\u00e0 d&#8217;un partenariat financier de par la richesse de nos \u00e9changes. En effet, <strong>notre exp\u00e9rience du quotidien des entrepreneurs s\u2019inscrit de fa\u00e7on compl\u00e9mentaire dans la strat\u00e9gie globale initi\u00e9e par la CTG.<\/strong> <\/p>\n<\/div>\n<\/div>\n\n\n\n<div style=\"height:100px\" aria-hidden=\"true\" class=\"wp-block-spacer\"><\/div>\n\n\n\n<p><\/p>\n\n\n\n<p><\/p>\n\n\n\n<p class=\"has-text-align-center has-re-blue-color has-text-color has-large-font-size\"><strong><em>ILS NOUS SOUTIENNENT<\/em><\/strong><\/p>\n\n\n<div class=\"wp-block-image\">\n<figure class=\"aligncenter size-full\"><img loading=\"lazy\" decoding=\"async\" width=\"800\" height=\"275\" src=\"https:\/\/www.reseau-entreprendre.org\/guyane\/wp-content\/uploads\/sites\/35\/2025\/10\/2025_BARRE-DE-LOGOS-PARTENAIRES.png\" alt=\"\" class=\"wp-image-5288\" srcset=\"https:\/\/www.reseau-entreprendre.org\/guyane\/wp-content\/uploads\/sites\/35\/2025\/10\/2025_BARRE-DE-LOGOS-PARTENAIRES.png 800w, https:\/\/www.reseau-entreprendre.org\/guyane\/wp-content\/uploads\/sites\/35\/2025\/10\/2025_BARRE-DE-LOGOS-PARTENAIRES-300x103.png 300w, https:\/\/www.reseau-entreprendre.org\/guyane\/wp-content\/uploads\/sites\/35\/2025\/10\/2025_BARRE-DE-LOGOS-PARTENAIRES-768x264.png 768w, https:\/\/www.reseau-entreprendre.org\/guyane\/wp-content\/uploads\/sites\/35\/2025\/10\/2025_BARRE-DE-LOGOS-PARTENAIRES-210x72.png 210w, https:\/\/www.reseau-entreprendre.org\/guyane\/wp-content\/uploads\/sites\/35\/2025\/10\/2025_BARRE-DE-LOGOS-PARTENAIRES-100x34.png 100w\" sizes=\"auto, (max-width: 800px) 100vw, 800px\" \/><\/figure>\n<\/div>","protected":false},"excerpt":{"rendered":"<p>Soutenez notre action ! Entreprise, Institution ou Particulier : rejoignez<\/p>\n","protected":false},"author":36,"featured_media":0,"parent":0,"menu_order":0,"comment_status":"closed","ping_status":"closed","template":"","meta":{"_acf_changed":false,"_monsterinsights_skip_tracking":false,"_monsterinsights_sitenote_active":false,"_monsterinsights_sitenote_note":"","_monsterinsights_sitenote_category":0,"footnotes":""},"class_list":["post-17","page","type-page","status-publish","hentry"],"acf":[],"yoast_head":"<!-- This site is optimized with the Yoast SEO plugin v27.4 - https:\/\/yoast.com\/product\/yoast-seo-wordpress\/ -->\n<title>Soutenir | Reseau Entreprendre Guyane<\/title>\n<meta name=\"description\" content=\"Partenaire, vous souhaitez soutenir un r\u00e9seau 100% chefs d&#039;entreprise ? Rejoignez R\u00e9seau Entreprendre Guyane\" \/>\n<meta name=\"robots\" content=\"index, follow, max-snippet:-1, max-image-preview:large, max-video-preview:-1\" \/>\n<link rel=\"canonical\" href=\"https:\/\/www.reseau-entreprendre.org\/guyane\/devenez-partenaire\/\" \/>\n<meta property=\"og:locale\" content=\"fr_FR\" \/>\n<meta property=\"og:type\" content=\"article\" \/>\n<meta property=\"og:title\" content=\"Soutenir | Reseau Entreprendre Guyane\" \/>\n<meta property=\"og:description\" content=\"Partenaire, vous souhaitez soutenir un r\u00e9seau 100% chefs d&#039;entreprise ? Rejoignez R\u00e9seau Entreprendre Guyane\" \/>\n<meta property=\"og:url\" content=\"https:\/\/www.reseau-entreprendre.org\/guyane\/devenez-partenaire\/\" \/>\n<meta property=\"og:site_name\" content=\"R\u00e9seau Entreprendre Guyane\" \/>\n<meta property=\"article:modified_time\" content=\"2026-02-19T13:30:52+00:00\" \/>\n<meta property=\"og:image\" content=\"https:\/\/www.reseau-entreprendre.org\/guyane\/wp-content\/uploads\/sites\/35\/2023\/07\/0R4A1859-scaled.jpg\" \/>\n\t<meta property=\"og:image:width\" content=\"2560\" \/>\n\t<meta property=\"og:image:height\" content=\"1707\" \/>\n\t<meta property=\"og:image:type\" content=\"image\/jpeg\" \/>\n<meta name=\"twitter:card\" content=\"summary_large_image\" \/>\n<meta name=\"twitter:label1\" content=\"Dur\u00e9e de lecture estim\u00e9e\" \/>\n\t<meta name=\"twitter:data1\" content=\"3 minutes\" \/>\n<script type=\"application\/ld+json\" class=\"yoast-schema-graph\">{\"@context\":\"https:\\\/\\\/schema.org\",\"@graph\":[{\"@type\":\"WebPage\",\"@id\":\"https:\\\/\\\/www.reseau-entreprendre.org\\\/guyane\\\/devenez-partenaire\\\/\",\"url\":\"https:\\\/\\\/www.reseau-entreprendre.org\\\/guyane\\\/devenez-partenaire\\\/\",\"name\":\"Soutenir | Reseau Entreprendre Guyane\",\"isPartOf\":{\"@id\":\"https:\\\/\\\/www.reseau-entreprendre.org\\\/guyane\\\/#website\"},\"primaryImageOfPage\":{\"@id\":\"https:\\\/\\\/www.reseau-entreprendre.org\\\/guyane\\\/devenez-partenaire\\\/#primaryimage\"},\"image\":{\"@id\":\"https:\\\/\\\/www.reseau-entreprendre.org\\\/guyane\\\/devenez-partenaire\\\/#primaryimage\"},\"thumbnailUrl\":\"https:\\\/\\\/www.reseau-entreprendre.org\\\/guyane\\\/wp-content\\\/uploads\\\/sites\\\/35\\\/2023\\\/07\\\/0R4A1859-1024x683.jpg\",\"datePublished\":\"2017-04-28T10:34:01+00:00\",\"dateModified\":\"2026-02-19T13:30:52+00:00\",\"description\":\"Partenaire, vous souhaitez soutenir un r\u00e9seau 100% chefs d'entreprise ? Rejoignez R\u00e9seau Entreprendre Guyane\",\"breadcrumb\":{\"@id\":\"https:\\\/\\\/www.reseau-entreprendre.org\\\/guyane\\\/devenez-partenaire\\\/#breadcrumb\"},\"inLanguage\":\"fr-FR\",\"potentialAction\":[{\"@type\":\"ReadAction\",\"target\":[\"https:\\\/\\\/www.reseau-entreprendre.org\\\/guyane\\\/devenez-partenaire\\\/\"]}]},{\"@type\":\"ImageObject\",\"inLanguage\":\"fr-FR\",\"@id\":\"https:\\\/\\\/www.reseau-entreprendre.org\\\/guyane\\\/devenez-partenaire\\\/#primaryimage\",\"url\":\"https:\\\/\\\/www.reseau-entreprendre.org\\\/guyane\\\/wp-content\\\/uploads\\\/sites\\\/35\\\/2023\\\/07\\\/0R4A1859-scaled.jpg\",\"contentUrl\":\"https:\\\/\\\/www.reseau-entreprendre.org\\\/guyane\\\/wp-content\\\/uploads\\\/sites\\\/35\\\/2023\\\/07\\\/0R4A1859-scaled.jpg\",\"width\":2560,\"height\":1707},{\"@type\":\"BreadcrumbList\",\"@id\":\"https:\\\/\\\/www.reseau-entreprendre.org\\\/guyane\\\/devenez-partenaire\\\/#breadcrumb\",\"itemListElement\":[{\"@type\":\"ListItem\",\"position\":1,\"name\":\"Accueil\",\"item\":\"https:\\\/\\\/www.reseau-entreprendre.org\\\/guyane\\\/\"},{\"@type\":\"ListItem\",\"position\":2,\"name\":\"DEVENEZ PARTENAIRE !\"}]},{\"@type\":\"WebSite\",\"@id\":\"https:\\\/\\\/www.reseau-entreprendre.org\\\/guyane\\\/#website\",\"url\":\"https:\\\/\\\/www.reseau-entreprendre.org\\\/guyane\\\/\",\"name\":\"R\u00e9seau Entreprendre Guyane\",\"description\":\"Un site utilisant Les sites de R\u00e9seau Entreprendre\",\"potentialAction\":[{\"@type\":\"SearchAction\",\"target\":{\"@type\":\"EntryPoint\",\"urlTemplate\":\"https:\\\/\\\/www.reseau-entreprendre.org\\\/guyane\\\/?s={search_term_string}\"},\"query-input\":{\"@type\":\"PropertyValueSpecification\",\"valueRequired\":true,\"valueName\":\"search_term_string\"}}],\"inLanguage\":\"fr-FR\"}]}<\/script>\n<!-- \/ Yoast SEO plugin. -->","yoast_head_json":{"title":"Soutenir | Reseau Entreprendre Guyane","description":"Partenaire, vous souhaitez soutenir un r\u00e9seau 100% chefs d'entreprise ? Rejoignez R\u00e9seau Entreprendre Guyane","robots":{"index":"index","follow":"follow","max-snippet":"max-snippet:-1","max-image-preview":"max-image-preview:large","max-video-preview":"max-video-preview:-1"},"canonical":"https:\/\/www.reseau-entreprendre.org\/guyane\/devenez-partenaire\/","og_locale":"fr_FR","og_type":"article","og_title":"Soutenir | Reseau Entreprendre Guyane","og_description":"Partenaire, vous souhaitez soutenir un r\u00e9seau 100% chefs d'entreprise ? Rejoignez R\u00e9seau Entreprendre Guyane","og_url":"https:\/\/www.reseau-entreprendre.org\/guyane\/devenez-partenaire\/","og_site_name":"R\u00e9seau Entreprendre Guyane","article_modified_time":"2026-02-19T13:30:52+00:00","og_image":[{"width":2560,"height":1707,"url":"https:\/\/www.reseau-entreprendre.org\/guyane\/wp-content\/uploads\/sites\/35\/2023\/07\/0R4A1859-scaled.jpg","type":"image\/jpeg"}],"twitter_card":"summary_large_image","twitter_misc":{"Dur\u00e9e de lecture estim\u00e9e":"3 minutes"},"schema":{"@context":"https:\/\/schema.org","@graph":[{"@type":"WebPage","@id":"https:\/\/www.reseau-entreprendre.org\/guyane\/devenez-partenaire\/","url":"https:\/\/www.reseau-entreprendre.org\/guyane\/devenez-partenaire\/","name":"Soutenir | Reseau Entreprendre Guyane","isPartOf":{"@id":"https:\/\/www.reseau-entreprendre.org\/guyane\/#website"},"primaryImageOfPage":{"@id":"https:\/\/www.reseau-entreprendre.org\/guyane\/devenez-partenaire\/#primaryimage"},"image":{"@id":"https:\/\/www.reseau-entreprendre.org\/guyane\/devenez-partenaire\/#primaryimage"},"thumbnailUrl":"https:\/\/www.reseau-entreprendre.org\/guyane\/wp-content\/uploads\/sites\/35\/2023\/07\/0R4A1859-1024x683.jpg","datePublished":"2017-04-28T10:34:01+00:00","dateModified":"2026-02-19T13:30:52+00:00","description":"Partenaire, vous souhaitez soutenir un r\u00e9seau 100% chefs d'entreprise ? Rejoignez R\u00e9seau Entreprendre Guyane","breadcrumb":{"@id":"https:\/\/www.reseau-entreprendre.org\/guyane\/devenez-partenaire\/#breadcrumb"},"inLanguage":"fr-FR","potentialAction":[{"@type":"ReadAction","target":["https:\/\/www.reseau-entreprendre.org\/guyane\/devenez-partenaire\/"]}]},{"@type":"ImageObject","inLanguage":"fr-FR","@id":"https:\/\/www.reseau-entreprendre.org\/guyane\/devenez-partenaire\/#primaryimage","url":"https:\/\/www.reseau-entreprendre.org\/guyane\/wp-content\/uploads\/sites\/35\/2023\/07\/0R4A1859-scaled.jpg","contentUrl":"https:\/\/www.reseau-entreprendre.org\/guyane\/wp-content\/uploads\/sites\/35\/2023\/07\/0R4A1859-scaled.jpg","width":2560,"height":1707},{"@type":"BreadcrumbList","@id":"https:\/\/www.reseau-entreprendre.org\/guyane\/devenez-partenaire\/#breadcrumb","itemListElement":[{"@type":"ListItem","position":1,"name":"Accueil","item":"https:\/\/www.reseau-entreprendre.org\/guyane\/"},{"@type":"ListItem","position":2,"name":"DEVENEZ PARTENAIRE !"}]},{"@type":"WebSite","@id":"https:\/\/www.reseau-entreprendre.org\/guyane\/#website","url":"https:\/\/www.reseau-entreprendre.org\/guyane\/","name":"R\u00e9seau Entreprendre Guyane","description":"Un site utilisant Les sites de R\u00e9seau Entreprendre","potentialAction":[{"@type":"SearchAction","target":{"@type":"EntryPoint","urlTemplate":"https:\/\/www.reseau-entreprendre.org\/guyane\/?s={search_term_string}"},"query-input":{"@type":"PropertyValueSpecification","valueRequired":true,"valueName":"search_term_string"}}],"inLanguage":"fr-FR"}]}},"_links":{"self":[{"href":"https:\/\/www.reseau-entreprendre.org\/guyane\/wp-json\/wp\/v2\/pages\/17","targetHints":{"allow":["GET"]}}],"collection":[{"href":"https:\/\/www.reseau-entreprendre.org\/guyane\/wp-json\/wp\/v2\/pages"}],"about":[{"href":"https:\/\/www.reseau-entreprendre.org\/guyane\/wp-json\/wp\/v2\/types\/page"}],"author":[{"embeddable":true,"href":"https:\/\/www.reseau-entreprendre.org\/guyane\/wp-json\/wp\/v2\/users\/36"}],"replies":[{"embeddable":true,"href":"https:\/\/www.reseau-entreprendre.org\/guyane\/wp-json\/wp\/v2\/comments?post=17"}],"version-history":[{"count":0,"href":"https:\/\/www.reseau-entreprendre.org\/guyane\/wp-json\/wp\/v2\/pages\/17\/revisions"}],"wp:attachment":[{"href":"https:\/\/www.reseau-entreprendre.org\/guyane\/wp-json\/wp\/v2\/media?parent=17"}],"curies":[{"name":"wp","href":"https:\/\/api.w.org\/{rel}","templated":true}]}}