{"id":211,"date":"2017-06-13T17:35:06","date_gmt":"2017-06-13T15:35:06","guid":{"rendered":"http:\/\/re-preprod-entreprendre.fr\/guyane\/?page_id=211"},"modified":"2022-04-13T11:57:06","modified_gmt":"2022-04-13T09:57:06","slug":"nos-partenaires","status":"publish","type":"page","link":"https:\/\/www.reseau-entreprendre.org\/guyane\/nos-partenaires\/","title":{"rendered":"Nos partenaires"},"content":{"rendered":"\n<h2 class=\"wp-block-heading\">Merci \u00e0 nos partenaires pour leur soutien !<\/h2>\n\n\n\n<p>R\u00e9seau Entreprendre\u00ae Guyane b\u00e9n\u00e9ficie du soutien fid\u00e8le de partenaires, d\u00e9sireux de promouvoir la cause de l\u2019entrepreneuriat, de faciliter l\u2019acte de cr\u00e9er ou reprendre et de contribuer au d\u00e9veloppement de notre association.<\/p>\n\n\n<div data-block_616984b62ce74 class=\"re-partners align\">\n  <\/div>\n\n\n<div data-block_616984b92ce75 class=\"re-partners align\">\n  <\/div>\n\n\n<div data-block_616984bb2ce76 class=\"re-partners align\">\n  <\/div>\n","protected":false},"excerpt":{"rendered":"<p>Merci \u00e0 nos partenaires pour leur soutien ! R\u00e9seau Entreprendre\u00ae<\/p>\n","protected":false},"author":36,"featured_media":0,"parent":0,"menu_order":0,"comment_status":"closed","ping_status":"closed","template":"","meta":{"_acf_changed":false,"_monsterinsights_skip_tracking":false,"_monsterinsights_sitenote_active":false,"_monsterinsights_sitenote_note":"","_monsterinsights_sitenote_category":0,"footnotes":""},"class_list":["post-211","page","type-page","status-publish","hentry"],"acf":[],"yoast_head":"<!-- This site is optimized with the Yoast SEO plugin v27.3 - https:\/\/yoast.com\/product\/yoast-seo-wordpress\/ -->\n<title>Nos partenaires - R\u00e9seau Entreprendre Guyane<\/title>\n<meta name=\"robots\" content=\"index, follow, max-snippet:-1, max-image-preview:large, max-video-preview:-1\" \/>\n<link rel=\"canonical\" href=\"https:\/\/www.reseau-entreprendre.org\/guyane\/nos-partenaires\/\" \/>\n<meta property=\"og:locale\" content=\"fr_FR\" \/>\n<meta property=\"og:type\" content=\"article\" \/>\n<meta property=\"og:title\" content=\"Nos partenaires - R\u00e9seau Entreprendre Guyane\" \/>\n<meta property=\"og:description\" content=\"Merci \u00e0 nos partenaires pour leur soutien ! R\u00e9seau Entreprendre\u00ae\" \/>\n<meta property=\"og:url\" content=\"https:\/\/www.reseau-entreprendre.org\/guyane\/nos-partenaires\/\" \/>\n<meta property=\"og:site_name\" content=\"R\u00e9seau Entreprendre Guyane\" \/>\n<meta property=\"article:modified_time\" content=\"2022-04-13T09:57:06+00:00\" \/>\n<meta name=\"twitter:card\" content=\"summary_large_image\" \/>\n<meta name=\"twitter:label1\" content=\"Dur\u00e9e de lecture estim\u00e9e\" \/>\n\t<meta name=\"twitter:data1\" content=\"1 minute\" \/>\n<script type=\"application\/ld+json\" class=\"yoast-schema-graph\">{\"@context\":\"https:\\\/\\\/schema.org\",\"@graph\":[{\"@type\":\"WebPage\",\"@id\":\"https:\\\/\\\/www.reseau-entreprendre.org\\\/guyane\\\/nos-partenaires\\\/\",\"url\":\"https:\\\/\\\/www.reseau-entreprendre.org\\\/guyane\\\/nos-partenaires\\\/\",\"name\":\"Nos partenaires - R\u00e9seau Entreprendre Guyane\",\"isPartOf\":{\"@id\":\"https:\\\/\\\/www.reseau-entreprendre.org\\\/guyane\\\/#website\"},\"datePublished\":\"2017-06-13T15:35:06+00:00\",\"dateModified\":\"2022-04-13T09:57:06+00:00\",\"breadcrumb\":{\"@id\":\"https:\\\/\\\/www.reseau-entreprendre.org\\\/guyane\\\/nos-partenaires\\\/#breadcrumb\"},\"inLanguage\":\"fr-FR\",\"potentialAction\":[{\"@type\":\"ReadAction\",\"target\":[\"https:\\\/\\\/www.reseau-entreprendre.org\\\/guyane\\\/nos-partenaires\\\/\"]}]},{\"@type\":\"BreadcrumbList\",\"@id\":\"https:\\\/\\\/www.reseau-entreprendre.org\\\/guyane\\\/nos-partenaires\\\/#breadcrumb\",\"itemListElement\":[{\"@type\":\"ListItem\",\"position\":1,\"name\":\"Accueil\",\"item\":\"https:\\\/\\\/www.reseau-entreprendre.org\\\/guyane\\\/\"},{\"@type\":\"ListItem\",\"position\":2,\"name\":\"Nos partenaires\"}]},{\"@type\":\"WebSite\",\"@id\":\"https:\\\/\\\/www.reseau-entreprendre.org\\\/guyane\\\/#website\",\"url\":\"https:\\\/\\\/www.reseau-entreprendre.org\\\/guyane\\\/\",\"name\":\"R\u00e9seau Entreprendre Guyane\",\"description\":\"Un site utilisant Les sites de R\u00e9seau Entreprendre\",\"potentialAction\":[{\"@type\":\"SearchAction\",\"target\":{\"@type\":\"EntryPoint\",\"urlTemplate\":\"https:\\\/\\\/www.reseau-entreprendre.org\\\/guyane\\\/?s={search_term_string}\"},\"query-input\":{\"@type\":\"PropertyValueSpecification\",\"valueRequired\":true,\"valueName\":\"search_term_string\"}}],\"inLanguage\":\"fr-FR\"}]}<\/script>\n<!-- \/ Yoast SEO plugin. -->","yoast_head_json":{"title":"Nos partenaires - R\u00e9seau Entreprendre Guyane","robots":{"index":"index","follow":"follow","max-snippet":"max-snippet:-1","max-image-preview":"max-image-preview:large","max-video-preview":"max-video-preview:-1"},"canonical":"https:\/\/www.reseau-entreprendre.org\/guyane\/nos-partenaires\/","og_locale":"fr_FR","og_type":"article","og_title":"Nos partenaires - R\u00e9seau Entreprendre Guyane","og_description":"Merci \u00e0 nos partenaires pour leur soutien ! R\u00e9seau Entreprendre\u00ae","og_url":"https:\/\/www.reseau-entreprendre.org\/guyane\/nos-partenaires\/","og_site_name":"R\u00e9seau Entreprendre Guyane","article_modified_time":"2022-04-13T09:57:06+00:00","twitter_card":"summary_large_image","twitter_misc":{"Dur\u00e9e de lecture estim\u00e9e":"1 minute"},"schema":{"@context":"https:\/\/schema.org","@graph":[{"@type":"WebPage","@id":"https:\/\/www.reseau-entreprendre.org\/guyane\/nos-partenaires\/","url":"https:\/\/www.reseau-entreprendre.org\/guyane\/nos-partenaires\/","name":"Nos partenaires - R\u00e9seau Entreprendre Guyane","isPartOf":{"@id":"https:\/\/www.reseau-entreprendre.org\/guyane\/#website"},"datePublished":"2017-06-13T15:35:06+00:00","dateModified":"2022-04-13T09:57:06+00:00","breadcrumb":{"@id":"https:\/\/www.reseau-entreprendre.org\/guyane\/nos-partenaires\/#breadcrumb"},"inLanguage":"fr-FR","potentialAction":[{"@type":"ReadAction","target":["https:\/\/www.reseau-entreprendre.org\/guyane\/nos-partenaires\/"]}]},{"@type":"BreadcrumbList","@id":"https:\/\/www.reseau-entreprendre.org\/guyane\/nos-partenaires\/#breadcrumb","itemListElement":[{"@type":"ListItem","position":1,"name":"Accueil","item":"https:\/\/www.reseau-entreprendre.org\/guyane\/"},{"@type":"ListItem","position":2,"name":"Nos partenaires"}]},{"@type":"WebSite","@id":"https:\/\/www.reseau-entreprendre.org\/guyane\/#website","url":"https:\/\/www.reseau-entreprendre.org\/guyane\/","name":"R\u00e9seau Entreprendre Guyane","description":"Un site utilisant Les sites de R\u00e9seau Entreprendre","potentialAction":[{"@type":"SearchAction","target":{"@type":"EntryPoint","urlTemplate":"https:\/\/www.reseau-entreprendre.org\/guyane\/?s={search_term_string}"},"query-input":{"@type":"PropertyValueSpecification","valueRequired":true,"valueName":"search_term_string"}}],"inLanguage":"fr-FR"}]}},"_links":{"self":[{"href":"https:\/\/www.reseau-entreprendre.org\/guyane\/wp-json\/wp\/v2\/pages\/211","targetHints":{"allow":["GET"]}}],"collection":[{"href":"https:\/\/www.reseau-entreprendre.org\/guyane\/wp-json\/wp\/v2\/pages"}],"about":[{"href":"https:\/\/www.reseau-entreprendre.org\/guyane\/wp-json\/wp\/v2\/types\/page"}],"author":[{"embeddable":true,"href":"https:\/\/www.reseau-entreprendre.org\/guyane\/wp-json\/wp\/v2\/users\/36"}],"replies":[{"embeddable":true,"href":"https:\/\/www.reseau-entreprendre.org\/guyane\/wp-json\/wp\/v2\/comments?post=211"}],"version-history":[{"count":0,"href":"https:\/\/www.reseau-entreprendre.org\/guyane\/wp-json\/wp\/v2\/pages\/211\/revisions"}],"wp:attachment":[{"href":"https:\/\/www.reseau-entreprendre.org\/guyane\/wp-json\/wp\/v2\/media?parent=211"}],"curies":[{"name":"wp","href":"https:\/\/api.w.org\/{rel}","templated":true}]}}