{"id":2319,"date":"2020-09-25T17:08:53","date_gmt":"2020-09-25T15:08:53","guid":{"rendered":"https:\/\/re-preprod-entreprendre.fr\/guyane\/?page_id=2319"},"modified":"2026-03-12T12:21:43","modified_gmt":"2026-03-12T11:21:43","slug":"biennale-interdom-2019","status":"publish","type":"page","link":"https:\/\/www.reseau-entreprendre.org\/guyane\/biennale-interdom-2019\/","title":{"rendered":"BIENNALE INTERDOM 2019"},"content":{"rendered":"<div class=\"wp-block-image\">\n<figure class=\"aligncenter size-full is-resized\"><img loading=\"lazy\" decoding=\"async\" width=\"1024\" height=\"576\" src=\"https:\/\/www.reseau-entreprendre.org\/guyane\/wp-content\/uploads\/sites\/35\/2021\/10\/Presentation11-1024x576-1.png\" alt=\"\" class=\"wp-image-3396\" style=\"width:393px;height:auto\" srcset=\"https:\/\/www.reseau-entreprendre.org\/guyane\/wp-content\/uploads\/sites\/35\/2021\/10\/Presentation11-1024x576-1.png 1024w, https:\/\/www.reseau-entreprendre.org\/guyane\/wp-content\/uploads\/sites\/35\/2021\/10\/Presentation11-1024x576-1-300x169.png 300w, https:\/\/www.reseau-entreprendre.org\/guyane\/wp-content\/uploads\/sites\/35\/2021\/10\/Presentation11-1024x576-1-768x432.png 768w\" sizes=\"auto, (max-width: 1024px) 100vw, 1024px\" \/><\/figure>\n<\/div>\n\n<div class=\"wp-block-image\">\n<figure class=\"aligncenter\"><img loading=\"lazy\" decoding=\"async\" width=\"300\" height=\"28\" src=\"https:\/\/www.reseau-entreprendre.org\/guyane\/wp-content\/uploads\/sites\/35\/2021\/08\/biennale-interdom12-300x28.jpg\" alt=\"\" class=\"wp-image-3165\" srcset=\"https:\/\/www.reseau-entreprendre.org\/guyane\/wp-content\/uploads\/sites\/35\/2021\/08\/biennale-interdom12-300x28.jpg 300w, https:\/\/www.reseau-entreprendre.org\/guyane\/wp-content\/uploads\/sites\/35\/2021\/08\/biennale-interdom12-768x72.jpg 768w, https:\/\/www.reseau-entreprendre.org\/guyane\/wp-content\/uploads\/sites\/35\/2021\/08\/biennale-interdom12.jpg 825w\" sizes=\"auto, (max-width: 300px) 100vw, 300px\" \/><\/figure>\n<\/div>\n\n\n<figure class=\"wp-block-image size-large\"><img loading=\"lazy\" decoding=\"async\" width=\"1024\" height=\"576\" src=\"https:\/\/www.reseau-entreprendre.org\/guyane\/wp-content\/uploads\/sites\/35\/2021\/10\/Presentation-V6-REG-BIENNALE-INTERDOM-S-MAZET-1-1024x576.png\" alt=\"\" class=\"wp-image-3397\" srcset=\"https:\/\/www.reseau-entreprendre.org\/guyane\/wp-content\/uploads\/sites\/35\/2021\/10\/Presentation-V6-REG-BIENNALE-INTERDOM-S-MAZET-1-1024x576.png 1024w, https:\/\/www.reseau-entreprendre.org\/guyane\/wp-content\/uploads\/sites\/35\/2021\/10\/Presentation-V6-REG-BIENNALE-INTERDOM-S-MAZET-1-300x169.png 300w, https:\/\/www.reseau-entreprendre.org\/guyane\/wp-content\/uploads\/sites\/35\/2021\/10\/Presentation-V6-REG-BIENNALE-INTERDOM-S-MAZET-1-768x432.png 768w, https:\/\/www.reseau-entreprendre.org\/guyane\/wp-content\/uploads\/sites\/35\/2021\/10\/Presentation-V6-REG-BIENNALE-INTERDOM-S-MAZET-1.png 1280w\" sizes=\"auto, (max-width: 1024px) 100vw, 1024px\" \/><\/figure>\n\n\n<div class=\"wp-block-image\">\n<figure class=\"aligncenter size-full\"><img loading=\"lazy\" decoding=\"async\" width=\"1024\" height=\"576\" src=\"https:\/\/www.reseau-entreprendre.org\/guyane\/wp-content\/uploads\/sites\/35\/2021\/10\/Presentation-V6-REG-BIENNALE-INTERDOM-S-MAZET-2-1024x576-1.png\" alt=\"\" class=\"wp-image-3398\" srcset=\"https:\/\/www.reseau-entreprendre.org\/guyane\/wp-content\/uploads\/sites\/35\/2021\/10\/Presentation-V6-REG-BIENNALE-INTERDOM-S-MAZET-2-1024x576-1.png 1024w, https:\/\/www.reseau-entreprendre.org\/guyane\/wp-content\/uploads\/sites\/35\/2021\/10\/Presentation-V6-REG-BIENNALE-INTERDOM-S-MAZET-2-1024x576-1-300x169.png 300w, https:\/\/www.reseau-entreprendre.org\/guyane\/wp-content\/uploads\/sites\/35\/2021\/10\/Presentation-V6-REG-BIENNALE-INTERDOM-S-MAZET-2-1024x576-1-768x432.png 768w\" sizes=\"auto, (max-width: 1024px) 100vw, 1024px\" \/><\/figure>\n<\/div>\n\n\n<figure class=\"wp-block-image size-large\"><img loading=\"lazy\" decoding=\"async\" width=\"1024\" height=\"576\" src=\"https:\/\/www.reseau-entreprendre.org\/guyane\/wp-content\/uploads\/sites\/35\/2021\/10\/jeudi-1024x576.png\" alt=\"\" class=\"wp-image-3399\" srcset=\"https:\/\/www.reseau-entreprendre.org\/guyane\/wp-content\/uploads\/sites\/35\/2021\/10\/jeudi-1024x576.png 1024w, https:\/\/www.reseau-entreprendre.org\/guyane\/wp-content\/uploads\/sites\/35\/2021\/10\/jeudi-300x169.png 300w, https:\/\/www.reseau-entreprendre.org\/guyane\/wp-content\/uploads\/sites\/35\/2021\/10\/jeudi-768x432.png 768w, https:\/\/www.reseau-entreprendre.org\/guyane\/wp-content\/uploads\/sites\/35\/2021\/10\/jeudi.png 1280w\" sizes=\"auto, (max-width: 1024px) 100vw, 1024px\" \/><\/figure>\n\n\n\n<figure class=\"wp-block-image size-large\"><img loading=\"lazy\" decoding=\"async\" width=\"1024\" height=\"576\" src=\"https:\/\/www.reseau-entreprendre.org\/guyane\/wp-content\/uploads\/sites\/35\/2021\/10\/vendredi-1-1024x576.png\" alt=\"\" class=\"wp-image-3400\" srcset=\"https:\/\/www.reseau-entreprendre.org\/guyane\/wp-content\/uploads\/sites\/35\/2021\/10\/vendredi-1-1024x576.png 1024w, https:\/\/www.reseau-entreprendre.org\/guyane\/wp-content\/uploads\/sites\/35\/2021\/10\/vendredi-1-300x169.png 300w, https:\/\/www.reseau-entreprendre.org\/guyane\/wp-content\/uploads\/sites\/35\/2021\/10\/vendredi-1-768x432.png 768w, https:\/\/www.reseau-entreprendre.org\/guyane\/wp-content\/uploads\/sites\/35\/2021\/10\/vendredi-1.png 1280w\" sizes=\"auto, (max-width: 1024px) 100vw, 1024px\" \/><\/figure>\n\n\n\n<figure class=\"wp-block-image size-large\"><img loading=\"lazy\" decoding=\"async\" width=\"1024\" height=\"576\" src=\"https:\/\/www.reseau-entreprendre.org\/wp-content\/uploads\/sites\/35\/2021\/10\/VENDREDI-2-1-1024x576.png\" alt=\"\" class=\"wp-image-3401\" srcset=\"https:\/\/www.reseau-entreprendre.org\/guyane\/wp-content\/uploads\/sites\/35\/2021\/10\/VENDREDI-2-1-1024x576.png 1024w, https:\/\/www.reseau-entreprendre.org\/guyane\/wp-content\/uploads\/sites\/35\/2021\/10\/VENDREDI-2-1-300x169.png 300w, https:\/\/www.reseau-entreprendre.org\/guyane\/wp-content\/uploads\/sites\/35\/2021\/10\/VENDREDI-2-1-768x432.png 768w, https:\/\/www.reseau-entreprendre.org\/guyane\/wp-content\/uploads\/sites\/35\/2021\/10\/VENDREDI-2-1.png 1280w\" sizes=\"auto, (max-width: 1024px) 100vw, 1024px\" \/><\/figure>\n\n\n\n<figure class=\"wp-block-image size-large\"><img loading=\"lazy\" decoding=\"async\" width=\"1024\" height=\"576\" src=\"https:\/\/www.reseau-entreprendre.org\/guyane\/wp-content\/uploads\/sites\/35\/2021\/10\/SAMEDI-1-1024x576.png\" alt=\"\" class=\"wp-image-3402\" srcset=\"https:\/\/www.reseau-entreprendre.org\/guyane\/wp-content\/uploads\/sites\/35\/2021\/10\/SAMEDI-1-1024x576.png 1024w, https:\/\/www.reseau-entreprendre.org\/guyane\/wp-content\/uploads\/sites\/35\/2021\/10\/SAMEDI-1-300x169.png 300w, https:\/\/www.reseau-entreprendre.org\/guyane\/wp-content\/uploads\/sites\/35\/2021\/10\/SAMEDI-1-768x432.png 768w, https:\/\/www.reseau-entreprendre.org\/guyane\/wp-content\/uploads\/sites\/35\/2021\/10\/SAMEDI-1.png 1280w\" sizes=\"auto, (max-width: 1024px) 100vw, 1024px\" \/><\/figure>\n\n\n\n<figure class=\"wp-block-image size-large\"><img loading=\"lazy\" decoding=\"async\" width=\"1024\" height=\"576\" src=\"https:\/\/www.reseau-entreprendre.org\/guyane\/wp-content\/uploads\/sites\/35\/2021\/10\/SAMEDI-2-1024x576.png\" alt=\"\" class=\"wp-image-3403\" srcset=\"https:\/\/www.reseau-entreprendre.org\/guyane\/wp-content\/uploads\/sites\/35\/2021\/10\/SAMEDI-2-1024x576.png 1024w, https:\/\/www.reseau-entreprendre.org\/guyane\/wp-content\/uploads\/sites\/35\/2021\/10\/SAMEDI-2-300x169.png 300w, https:\/\/www.reseau-entreprendre.org\/guyane\/wp-content\/uploads\/sites\/35\/2021\/10\/SAMEDI-2-768x432.png 768w, https:\/\/www.reseau-entreprendre.org\/guyane\/wp-content\/uploads\/sites\/35\/2021\/10\/SAMEDI-2.png 1280w\" sizes=\"auto, (max-width: 1024px) 100vw, 1024px\" \/><\/figure>\n\n\n\n<h1 class=\"wp-block-heading\">&nbsp;<\/h1>\n\n\n\n<h1 class=\"wp-block-heading\"><span style=\"color: #d70635;\"><strong>LES INTERVENANTS EN S\u00c9ANCE PL\u00c9NI\u00c8RE :<\/strong><\/span><\/h1>\n\n\n<div class=\"wp-block-image\">\n<figure class=\"aligncenter size-large\"><img loading=\"lazy\" decoding=\"async\" width=\"709\" height=\"1024\" src=\"https:\/\/www.reseau-entreprendre.org\/wp-content\/uploads\/sites\/35\/2021\/10\/BIOS-INTERVENANTS-BIENNALE-INTERDOM-1-709x1024.png\" alt=\"\" class=\"wp-image-3404\" srcset=\"https:\/\/www.reseau-entreprendre.org\/guyane\/wp-content\/uploads\/sites\/35\/2021\/10\/BIOS-INTERVENANTS-BIENNALE-INTERDOM-1-709x1024.png 709w, https:\/\/www.reseau-entreprendre.org\/guyane\/wp-content\/uploads\/sites\/35\/2021\/10\/BIOS-INTERVENANTS-BIENNALE-INTERDOM-1-208x300.png 208w, https:\/\/www.reseau-entreprendre.org\/guyane\/wp-content\/uploads\/sites\/35\/2021\/10\/BIOS-INTERVENANTS-BIENNALE-INTERDOM-1.png 720w\" sizes=\"auto, (max-width: 709px) 100vw, 709px\" \/><\/figure>\n<\/div>\n\n\n<h1 class=\"wp-block-heading\">&nbsp;<\/h1>\n\n\n\n<h1 class=\"wp-block-heading\"><span style=\"color: #d70635;\"><strong>LA VIE EN 4D<\/strong><\/span><\/h1>\n\n\n\n<h1 class=\"wp-block-heading\"><span style=\"color: #d70635;\"><strong>Une conf\u00e9rence-spectacle qui pulse et qui propulse<\/strong><\/span><\/h1>\n\n\n<div class=\"wp-block-image\">\n<figure class=\"aligncenter size-full\"><img loading=\"lazy\" decoding=\"async\" width=\"768\" height=\"408\" src=\"https:\/\/www.reseau-entreprendre.org\/guyane\/wp-content\/uploads\/sites\/35\/2021\/10\/la-vie-en-4d-hd-8-sur-110-768x408-1.jpg\" alt=\"\" class=\"wp-image-3405\" srcset=\"https:\/\/www.reseau-entreprendre.org\/guyane\/wp-content\/uploads\/sites\/35\/2021\/10\/la-vie-en-4d-hd-8-sur-110-768x408-1.jpg 768w, https:\/\/www.reseau-entreprendre.org\/guyane\/wp-content\/uploads\/sites\/35\/2021\/10\/la-vie-en-4d-hd-8-sur-110-768x408-1-300x159.jpg 300w\" sizes=\"auto, (max-width: 768px) 100vw, 768px\" \/><\/figure>\n<\/div>\n\n\n<p class=\"has-text-align-center\"><span style=\"font-size: 21px;\"><strong><span style=\"color: #d70635;\">www.lavieen4d.com<\/span><\/strong><\/span><\/p>\n\n\n\n<h5 class=\"wp-block-heading has-text-align-center has-re-red-color has-text-color\"><a href=\"https:\/\/www.facebook.com\/LaVieEn4D\/\"><strong>https:\/\/www.facebook.com\/LaVieEn4D\/<\/strong><\/a><\/h5>\n\n\n\n<p class=\"has-text-align-center\"><span style=\"font-size: 21px;\"><strong><span style=\"color: #d70635;\">contact@lavieen4d.com<\/span><\/strong><\/span><\/p>\n\n\n<div class=\"wp-block-image\">\n<figure class=\"aligncenter size-large\"><img loading=\"lazy\" decoding=\"async\" width=\"709\" height=\"1024\" src=\"https:\/\/www.reseau-entreprendre.org\/wp-content\/uploads\/sites\/35\/2021\/10\/BIOS-INTERVENANTS-BIENNALE-INTERDOM-2-1-709x1024.png\" alt=\"\" class=\"wp-image-3406\" srcset=\"https:\/\/www.reseau-entreprendre.org\/guyane\/wp-content\/uploads\/sites\/35\/2021\/10\/BIOS-INTERVENANTS-BIENNALE-INTERDOM-2-1-709x1024.png 709w, https:\/\/www.reseau-entreprendre.org\/guyane\/wp-content\/uploads\/sites\/35\/2021\/10\/BIOS-INTERVENANTS-BIENNALE-INTERDOM-2-1-208x300.png 208w, https:\/\/www.reseau-entreprendre.org\/guyane\/wp-content\/uploads\/sites\/35\/2021\/10\/BIOS-INTERVENANTS-BIENNALE-INTERDOM-2-1.png 720w\" sizes=\"auto, (max-width: 709px) 100vw, 709px\" \/><\/figure>\n<\/div>","protected":false},"excerpt":{"rendered":"<p>&nbsp; LES INTERVENANTS EN S\u00c9ANCE PL\u00c9NI\u00c8RE : &nbsp; LA VIE<\/p>\n","protected":false},"author":36,"featured_media":1826,"parent":1563,"menu_order":1,"comment_status":"closed","ping_status":"closed","template":"","meta":{"_acf_changed":false,"_monsterinsights_skip_tracking":false,"_monsterinsights_sitenote_active":false,"_monsterinsights_sitenote_note":"","_monsterinsights_sitenote_category":0,"footnotes":""},"class_list":["post-2319","page","type-page","status-publish","has-post-thumbnail","hentry"],"acf":[],"yoast_head":"<!-- This site is optimized with the Yoast SEO plugin v27.3 - https:\/\/yoast.com\/product\/yoast-seo-wordpress\/ -->\n<title>BIENNALE INTERDOM 2019 - R\u00e9seau Entreprendre Guyane<\/title>\n<meta name=\"robots\" content=\"index, follow, max-snippet:-1, max-image-preview:large, max-video-preview:-1\" \/>\n<link rel=\"canonical\" href=\"https:\/\/www.reseau-entreprendre.org\/guyane\/biennale-interdom-2019\/\" \/>\n<meta property=\"og:locale\" content=\"fr_FR\" \/>\n<meta property=\"og:type\" content=\"article\" \/>\n<meta property=\"og:title\" content=\"BIENNALE INTERDOM 2019 - R\u00e9seau Entreprendre Guyane\" \/>\n<meta property=\"og:description\" content=\"&nbsp; LES INTERVENANTS EN S\u00c9ANCE PL\u00c9NI\u00c8RE : &nbsp; LA VIE\" \/>\n<meta property=\"og:url\" content=\"https:\/\/www.reseau-entreprendre.org\/guyane\/biennale-interdom-2019\/\" \/>\n<meta property=\"og:site_name\" content=\"R\u00e9seau Entreprendre Guyane\" \/>\n<meta property=\"article:modified_time\" content=\"2026-03-12T11:21:43+00:00\" \/>\n<meta property=\"og:image\" content=\"https:\/\/www.reseau-entreprendre.org\/guyane\/wp-content\/uploads\/sites\/35\/2019\/08\/biennale-interdom-1.jpg\" \/>\n\t<meta property=\"og:image:width\" content=\"1280\" \/>\n\t<meta property=\"og:image:height\" content=\"720\" \/>\n\t<meta property=\"og:image:type\" content=\"image\/jpeg\" \/>\n<meta name=\"twitter:card\" content=\"summary_large_image\" \/>\n<meta name=\"twitter:label1\" content=\"Dur\u00e9e de lecture estim\u00e9e\" \/>\n\t<meta name=\"twitter:data1\" content=\"3 minutes\" \/>\n<script type=\"application\/ld+json\" class=\"yoast-schema-graph\">{\"@context\":\"https:\\\/\\\/schema.org\",\"@graph\":[{\"@type\":\"WebPage\",\"@id\":\"https:\\\/\\\/www.reseau-entreprendre.org\\\/guyane\\\/biennale-interdom-2019\\\/\",\"url\":\"https:\\\/\\\/www.reseau-entreprendre.org\\\/guyane\\\/biennale-interdom-2019\\\/\",\"name\":\"BIENNALE INTERDOM 2019 - R\u00e9seau Entreprendre Guyane\",\"isPartOf\":{\"@id\":\"https:\\\/\\\/www.reseau-entreprendre.org\\\/guyane\\\/#website\"},\"primaryImageOfPage\":{\"@id\":\"https:\\\/\\\/www.reseau-entreprendre.org\\\/guyane\\\/biennale-interdom-2019\\\/#primaryimage\"},\"image\":{\"@id\":\"https:\\\/\\\/www.reseau-entreprendre.org\\\/guyane\\\/biennale-interdom-2019\\\/#primaryimage\"},\"thumbnailUrl\":\"https:\\\/\\\/www.reseau-entreprendre.org\\\/guyane\\\/wp-content\\\/uploads\\\/sites\\\/35\\\/2019\\\/08\\\/biennale-interdom-1.jpg\",\"datePublished\":\"2020-09-25T15:08:53+00:00\",\"dateModified\":\"2026-03-12T11:21:43+00:00\",\"breadcrumb\":{\"@id\":\"https:\\\/\\\/www.reseau-entreprendre.org\\\/guyane\\\/biennale-interdom-2019\\\/#breadcrumb\"},\"inLanguage\":\"fr-FR\",\"potentialAction\":[{\"@type\":\"ReadAction\",\"target\":[\"https:\\\/\\\/www.reseau-entreprendre.org\\\/guyane\\\/biennale-interdom-2019\\\/\"]}]},{\"@type\":\"ImageObject\",\"inLanguage\":\"fr-FR\",\"@id\":\"https:\\\/\\\/www.reseau-entreprendre.org\\\/guyane\\\/biennale-interdom-2019\\\/#primaryimage\",\"url\":\"https:\\\/\\\/www.reseau-entreprendre.org\\\/guyane\\\/wp-content\\\/uploads\\\/sites\\\/35\\\/2019\\\/08\\\/biennale-interdom-1.jpg\",\"contentUrl\":\"https:\\\/\\\/www.reseau-entreprendre.org\\\/guyane\\\/wp-content\\\/uploads\\\/sites\\\/35\\\/2019\\\/08\\\/biennale-interdom-1.jpg\",\"width\":1280,\"height\":720},{\"@type\":\"BreadcrumbList\",\"@id\":\"https:\\\/\\\/www.reseau-entreprendre.org\\\/guyane\\\/biennale-interdom-2019\\\/#breadcrumb\",\"itemListElement\":[{\"@type\":\"ListItem\",\"position\":1,\"name\":\"Accueil\",\"item\":\"https:\\\/\\\/www.reseau-entreprendre.org\\\/guyane\\\/\"},{\"@type\":\"ListItem\",\"position\":2,\"name\":\"ACTUALIT\u00c9S\",\"item\":\"https:\\\/\\\/www.reseau-entreprendre.org\\\/guyane\\\/?page_id=1563\"},{\"@type\":\"ListItem\",\"position\":3,\"name\":\"BIENNALE INTERDOM 2019\"}]},{\"@type\":\"WebSite\",\"@id\":\"https:\\\/\\\/www.reseau-entreprendre.org\\\/guyane\\\/#website\",\"url\":\"https:\\\/\\\/www.reseau-entreprendre.org\\\/guyane\\\/\",\"name\":\"R\u00e9seau Entreprendre Guyane\",\"description\":\"Un site utilisant Les sites de R\u00e9seau Entreprendre\",\"potentialAction\":[{\"@type\":\"SearchAction\",\"target\":{\"@type\":\"EntryPoint\",\"urlTemplate\":\"https:\\\/\\\/www.reseau-entreprendre.org\\\/guyane\\\/?s={search_term_string}\"},\"query-input\":{\"@type\":\"PropertyValueSpecification\",\"valueRequired\":true,\"valueName\":\"search_term_string\"}}],\"inLanguage\":\"fr-FR\"}]}<\/script>\n<!-- \/ Yoast SEO plugin. -->","yoast_head_json":{"title":"BIENNALE INTERDOM 2019 - R\u00e9seau Entreprendre Guyane","robots":{"index":"index","follow":"follow","max-snippet":"max-snippet:-1","max-image-preview":"max-image-preview:large","max-video-preview":"max-video-preview:-1"},"canonical":"https:\/\/www.reseau-entreprendre.org\/guyane\/biennale-interdom-2019\/","og_locale":"fr_FR","og_type":"article","og_title":"BIENNALE INTERDOM 2019 - R\u00e9seau Entreprendre Guyane","og_description":"&nbsp; LES INTERVENANTS EN S\u00c9ANCE PL\u00c9NI\u00c8RE : &nbsp; LA VIE","og_url":"https:\/\/www.reseau-entreprendre.org\/guyane\/biennale-interdom-2019\/","og_site_name":"R\u00e9seau Entreprendre Guyane","article_modified_time":"2026-03-12T11:21:43+00:00","og_image":[{"width":1280,"height":720,"url":"https:\/\/www.reseau-entreprendre.org\/guyane\/wp-content\/uploads\/sites\/35\/2019\/08\/biennale-interdom-1.jpg","type":"image\/jpeg"}],"twitter_card":"summary_large_image","twitter_misc":{"Dur\u00e9e de lecture estim\u00e9e":"3 minutes"},"schema":{"@context":"https:\/\/schema.org","@graph":[{"@type":"WebPage","@id":"https:\/\/www.reseau-entreprendre.org\/guyane\/biennale-interdom-2019\/","url":"https:\/\/www.reseau-entreprendre.org\/guyane\/biennale-interdom-2019\/","name":"BIENNALE INTERDOM 2019 - R\u00e9seau Entreprendre Guyane","isPartOf":{"@id":"https:\/\/www.reseau-entreprendre.org\/guyane\/#website"},"primaryImageOfPage":{"@id":"https:\/\/www.reseau-entreprendre.org\/guyane\/biennale-interdom-2019\/#primaryimage"},"image":{"@id":"https:\/\/www.reseau-entreprendre.org\/guyane\/biennale-interdom-2019\/#primaryimage"},"thumbnailUrl":"https:\/\/www.reseau-entreprendre.org\/guyane\/wp-content\/uploads\/sites\/35\/2019\/08\/biennale-interdom-1.jpg","datePublished":"2020-09-25T15:08:53+00:00","dateModified":"2026-03-12T11:21:43+00:00","breadcrumb":{"@id":"https:\/\/www.reseau-entreprendre.org\/guyane\/biennale-interdom-2019\/#breadcrumb"},"inLanguage":"fr-FR","potentialAction":[{"@type":"ReadAction","target":["https:\/\/www.reseau-entreprendre.org\/guyane\/biennale-interdom-2019\/"]}]},{"@type":"ImageObject","inLanguage":"fr-FR","@id":"https:\/\/www.reseau-entreprendre.org\/guyane\/biennale-interdom-2019\/#primaryimage","url":"https:\/\/www.reseau-entreprendre.org\/guyane\/wp-content\/uploads\/sites\/35\/2019\/08\/biennale-interdom-1.jpg","contentUrl":"https:\/\/www.reseau-entreprendre.org\/guyane\/wp-content\/uploads\/sites\/35\/2019\/08\/biennale-interdom-1.jpg","width":1280,"height":720},{"@type":"BreadcrumbList","@id":"https:\/\/www.reseau-entreprendre.org\/guyane\/biennale-interdom-2019\/#breadcrumb","itemListElement":[{"@type":"ListItem","position":1,"name":"Accueil","item":"https:\/\/www.reseau-entreprendre.org\/guyane\/"},{"@type":"ListItem","position":2,"name":"ACTUALIT\u00c9S","item":"https:\/\/www.reseau-entreprendre.org\/guyane\/?page_id=1563"},{"@type":"ListItem","position":3,"name":"BIENNALE INTERDOM 2019"}]},{"@type":"WebSite","@id":"https:\/\/www.reseau-entreprendre.org\/guyane\/#website","url":"https:\/\/www.reseau-entreprendre.org\/guyane\/","name":"R\u00e9seau Entreprendre Guyane","description":"Un site utilisant Les sites de R\u00e9seau Entreprendre","potentialAction":[{"@type":"SearchAction","target":{"@type":"EntryPoint","urlTemplate":"https:\/\/www.reseau-entreprendre.org\/guyane\/?s={search_term_string}"},"query-input":{"@type":"PropertyValueSpecification","valueRequired":true,"valueName":"search_term_string"}}],"inLanguage":"fr-FR"}]}},"_links":{"self":[{"href":"https:\/\/www.reseau-entreprendre.org\/guyane\/wp-json\/wp\/v2\/pages\/2319","targetHints":{"allow":["GET"]}}],"collection":[{"href":"https:\/\/www.reseau-entreprendre.org\/guyane\/wp-json\/wp\/v2\/pages"}],"about":[{"href":"https:\/\/www.reseau-entreprendre.org\/guyane\/wp-json\/wp\/v2\/types\/page"}],"author":[{"embeddable":true,"href":"https:\/\/www.reseau-entreprendre.org\/guyane\/wp-json\/wp\/v2\/users\/36"}],"replies":[{"embeddable":true,"href":"https:\/\/www.reseau-entreprendre.org\/guyane\/wp-json\/wp\/v2\/comments?post=2319"}],"version-history":[{"count":0,"href":"https:\/\/www.reseau-entreprendre.org\/guyane\/wp-json\/wp\/v2\/pages\/2319\/revisions"}],"up":[{"embeddable":true,"href":"https:\/\/www.reseau-entreprendre.org\/guyane\/wp-json\/"}],"wp:featuredmedia":[{"embeddable":true,"href":"https:\/\/www.reseau-entreprendre.org\/guyane\/wp-json\/wp\/v2\/media\/1826"}],"wp:attachment":[{"href":"https:\/\/www.reseau-entreprendre.org\/guyane\/wp-json\/wp\/v2\/media?parent=2319"}],"curies":[{"name":"wp","href":"https:\/\/api.w.org\/{rel}","templated":true}]}}