{"id":2462,"date":"2020-09-30T15:01:59","date_gmt":"2020-09-30T13:01:59","guid":{"rendered":"https:\/\/re-preprod-entreprendre.fr\/guyane\/?page_id=2462"},"modified":"2025-07-04T18:43:57","modified_gmt":"2025-07-04T16:43:57","slug":"envie-de-nous-rejoindre","status":"publish","type":"page","link":"https:\/\/www.reseau-entreprendre.org\/guyane\/envie-de-nous-rejoindre\/","title":{"rendered":"ENVIE DE NOUS REJOINDRE ?"},"content":{"rendered":"\n<h1 class=\"wp-block-heading\"><span style=\"font-size: 50px;color: #268597\"><strong><strong>Chefs d&#8217;entreprise, vos comp\u00e9tences<br>et vos talents nous int\u00e9ressent !<\/strong><\/strong><\/span><\/h1>\n\n\n\n<div style=\"height:100px\" aria-hidden=\"true\" class=\"wp-block-spacer\"><\/div>\n\n\n\n<div class=\"wp-block-buttons is-horizontal is-content-justification-center is-layout-flex wp-container-core-buttons-is-layout-499968f5 wp-block-buttons-is-layout-flex\">\n<div class=\"wp-block-button is-style-fill\"><a class=\"wp-block-button__link has-re-yellow-background-color has-background wp-element-button\" href=\"https:\/\/www.reseau-entreprendre.org\/guyane\/manifeste-re\/\" style=\"border-radius:50px\">BIENVENUE DANS NOS VALEURS<\/a><\/div>\n<\/div>\n\n\n\n<div style=\"height:100px\" aria-hidden=\"true\" class=\"wp-block-spacer\"><\/div>\n\n\n<div class=\"wp-block-image\">\n<figure class=\"aligncenter\"><img loading=\"lazy\" decoding=\"async\" width=\"300\" height=\"200\" src=\"https:\/\/www.reseau-entreprendre.org\/guyane\/wp-content\/uploads\/sites\/35\/2020\/09\/REGconviviale2017-89401-300x200.jpg\" alt=\"\" class=\"wp-image-2497\" srcset=\"https:\/\/www.reseau-entreprendre.org\/guyane\/wp-content\/uploads\/sites\/35\/2020\/09\/REGconviviale2017-89401-300x200.jpg 300w, https:\/\/www.reseau-entreprendre.org\/guyane\/wp-content\/uploads\/sites\/35\/2020\/09\/REGconviviale2017-89401-1024x683.jpg 1024w, https:\/\/www.reseau-entreprendre.org\/guyane\/wp-content\/uploads\/sites\/35\/2020\/09\/REGconviviale2017-89401-768x512.jpg 768w, https:\/\/www.reseau-entreprendre.org\/guyane\/wp-content\/uploads\/sites\/35\/2020\/09\/REGconviviale2017-89401.jpg 1114w\" sizes=\"auto, (max-width: 300px) 100vw, 300px\" \/><\/figure>\n<\/div>\n\n\n<p class=\"has-text-align-center\"><span style=\"color: #268597\"><strong style=\"font-size: 24px\"><span style=\"font-size: 32px\">Choisissez votre degr\u00e9 d&#8217;implication !<\/span><\/strong><\/span><\/p>\n\n\n\n<p class=\"has-text-align-center\"><span style=\"font-size: 21px;color: #000000\"><strong><span style=\"color: #268597\"><span style=\"font-size: 21px\">&#x2666; <\/span>Offrez votre expertise<\/span><\/strong> (1h30) pour affiner un projet ou soutenir un Laur\u00e9at<\/span><\/p>\n\n\n\n<p class=\"has-text-align-center\"><span style=\"color: #000000\"><span style=\"font-size: 21px\"><strong><span style=\"color: #268597\">&#x2666;Participez<\/span><\/strong> aux comit\u00e9s d\u2019engagement (1h30) <span style=\"color: #268597\"><strong>&#x2666; <\/strong><\/span><\/span><span style=\"font-size: 21px\"><span style=\"color: #268597\"><strong>Accompagnez<\/strong><\/span> un Laur\u00e9at (1h\/mois)<\/span><\/span><\/p>\n\n\n\n<p class=\"has-text-align-center\"><span style=\"font-size: 21px;color: #000000\"><strong><span style=\"color: #268597\"><span style=\"color: #000000\"><span style=\"font-size: 21px\"><span style=\"color: #268597\">&#x2666; <\/span><\/span><\/span>Soyez de tous les \u00e9v\u00e8nements <span style=\"font-size: 16px\">\u25ba<\/span><\/span><\/strong>&nbsp;conviviales, tables ouvertes, biennales, visites d\u2019entreprises\u2026<\/span><\/p>\n\n\n\n<p class=\"has-text-align-center\"><span style=\"font-size: 21px;color: #000000\"><span style=\"color: #000000\"><span style=\"font-size: 21px\"><span style=\"color: #268597\"><strong>&#x2666; <\/strong><\/span><\/span><\/span><strong><span style=\"color: #268597\">Soutenez financi\u00e8rement<\/span><\/strong> <span style=\"color: #268597\"><strong>l\u2019association <span style=\"font-size: 16px\">\u25ba<\/span><\/strong>&nbsp;<\/span>par votre cotisation ou un don d\u00e9fiscalisable<\/span><\/p>\n\n\n\n<h4 class=\"wp-block-heading has-text-align-center\"><span style=\"color: #000000\"><span style=\"font-size: 28px\"><span style=\"font-size: 21px\"><span style=\"font-size: 21px;color: #000000\"><span style=\"color: #268597\"><strong>&#x2666; <\/strong><\/span><\/span><span style=\"color: #268597\"><strong>Partagez<\/strong><\/span> votre exp\u00e9rience (45\u2019) lors d\u2019un Club des Laur\u00e9ats<\/span>&nbsp;<\/span><\/span><\/h4>\n\n\n\n<div style=\"height:100px\" aria-hidden=\"true\" class=\"wp-block-spacer\"><\/div>\n\n\n\n<div class=\"wp-block-buttons is-horizontal is-content-justification-center is-layout-flex wp-container-core-buttons-is-layout-499968f5 wp-block-buttons-is-layout-flex\">\n<div class=\"wp-block-button is-style-fill\"><a class=\"wp-block-button__link has-re-yellow-background-color has-background wp-element-button\" href=\"https:\/\/docs.google.com\/forms\/d\/e\/1FAIpQLSfkBxn4XnfjN65Ay_gT1gJO1b0zwXoT-sjQ5kllQes8k-0gEg\/viewform?usp=pp_url\" style=\"border-radius:50px\">JE M&#8217;ENGAGE<\/a><\/div>\n<\/div>\n","protected":false},"excerpt":{"rendered":"<p>Chefs d&#8217;entreprise, vos comp\u00e9tenceset vos talents nous int\u00e9ressent ! Choisissez<\/p>\n","protected":false},"author":36,"featured_media":0,"parent":0,"menu_order":0,"comment_status":"closed","ping_status":"closed","template":"","meta":{"_acf_changed":false,"_monsterinsights_skip_tracking":false,"_monsterinsights_sitenote_active":false,"_monsterinsights_sitenote_note":"","_monsterinsights_sitenote_category":0,"footnotes":""},"class_list":["post-2462","page","type-page","status-publish","hentry"],"acf":[],"yoast_head":"<!-- This site is optimized with the Yoast SEO plugin v27.4 - https:\/\/yoast.com\/product\/yoast-seo-wordpress\/ -->\n<title>Accompagner| Reseau Entreprendre Guyane<\/title>\n<meta name=\"description\" content=\"Vous \u00eates chef d&#039;entreprise et souhaitez accompagner de nouveaux entrepreneurs ? Devenez membre b\u00e9n\u00e9vole de R\u00e9seau Entreprendre Guyane !\" \/>\n<meta name=\"robots\" content=\"index, follow, max-snippet:-1, max-image-preview:large, max-video-preview:-1\" \/>\n<link rel=\"canonical\" href=\"https:\/\/www.reseau-entreprendre.org\/guyane\/envie-de-nous-rejoindre\/\" \/>\n<meta property=\"og:locale\" content=\"fr_FR\" \/>\n<meta property=\"og:type\" content=\"article\" \/>\n<meta property=\"og:title\" content=\"Accompagner| Reseau Entreprendre Guyane\" \/>\n<meta property=\"og:description\" content=\"Vous \u00eates chef d&#039;entreprise et souhaitez accompagner de nouveaux entrepreneurs ? Devenez membre b\u00e9n\u00e9vole de R\u00e9seau Entreprendre Guyane !\" \/>\n<meta property=\"og:url\" content=\"https:\/\/www.reseau-entreprendre.org\/guyane\/envie-de-nous-rejoindre\/\" \/>\n<meta property=\"og:site_name\" content=\"R\u00e9seau Entreprendre Guyane\" \/>\n<meta property=\"article:modified_time\" content=\"2025-07-04T16:43:57+00:00\" \/>\n<meta property=\"og:image\" content=\"https:\/\/www.reseau-entreprendre.org\/guyane\/wp-content\/uploads\/sites\/35\/2020\/09\/REGconviviale2017-89401.jpg\" \/>\n\t<meta property=\"og:image:width\" content=\"1114\" \/>\n\t<meta property=\"og:image:height\" content=\"743\" \/>\n\t<meta property=\"og:image:type\" content=\"image\/jpeg\" \/>\n<meta name=\"twitter:card\" content=\"summary_large_image\" \/>\n<meta name=\"twitter:label1\" content=\"Dur\u00e9e de lecture estim\u00e9e\" \/>\n\t<meta name=\"twitter:data1\" content=\"1 minute\" \/>\n<script type=\"application\/ld+json\" class=\"yoast-schema-graph\">{\"@context\":\"https:\\\/\\\/schema.org\",\"@graph\":[{\"@type\":\"WebPage\",\"@id\":\"https:\\\/\\\/www.reseau-entreprendre.org\\\/guyane\\\/envie-de-nous-rejoindre\\\/\",\"url\":\"https:\\\/\\\/www.reseau-entreprendre.org\\\/guyane\\\/envie-de-nous-rejoindre\\\/\",\"name\":\"Accompagner| Reseau Entreprendre Guyane\",\"isPartOf\":{\"@id\":\"https:\\\/\\\/www.reseau-entreprendre.org\\\/guyane\\\/#website\"},\"primaryImageOfPage\":{\"@id\":\"https:\\\/\\\/www.reseau-entreprendre.org\\\/guyane\\\/envie-de-nous-rejoindre\\\/#primaryimage\"},\"image\":{\"@id\":\"https:\\\/\\\/www.reseau-entreprendre.org\\\/guyane\\\/envie-de-nous-rejoindre\\\/#primaryimage\"},\"thumbnailUrl\":\"https:\\\/\\\/www.reseau-entreprendre.org\\\/guyane\\\/wp-content\\\/uploads\\\/sites\\\/35\\\/2020\\\/09\\\/REGconviviale2017-89401-300x200.jpg\",\"datePublished\":\"2020-09-30T13:01:59+00:00\",\"dateModified\":\"2025-07-04T16:43:57+00:00\",\"description\":\"Vous \u00eates chef d'entreprise et souhaitez accompagner de nouveaux entrepreneurs ? Devenez membre b\u00e9n\u00e9vole de R\u00e9seau Entreprendre Guyane !\",\"breadcrumb\":{\"@id\":\"https:\\\/\\\/www.reseau-entreprendre.org\\\/guyane\\\/envie-de-nous-rejoindre\\\/#breadcrumb\"},\"inLanguage\":\"fr-FR\",\"potentialAction\":[{\"@type\":\"ReadAction\",\"target\":[\"https:\\\/\\\/www.reseau-entreprendre.org\\\/guyane\\\/envie-de-nous-rejoindre\\\/\"]}]},{\"@type\":\"ImageObject\",\"inLanguage\":\"fr-FR\",\"@id\":\"https:\\\/\\\/www.reseau-entreprendre.org\\\/guyane\\\/envie-de-nous-rejoindre\\\/#primaryimage\",\"url\":\"https:\\\/\\\/www.reseau-entreprendre.org\\\/guyane\\\/wp-content\\\/uploads\\\/sites\\\/35\\\/2020\\\/09\\\/REGconviviale2017-89401.jpg\",\"contentUrl\":\"https:\\\/\\\/www.reseau-entreprendre.org\\\/guyane\\\/wp-content\\\/uploads\\\/sites\\\/35\\\/2020\\\/09\\\/REGconviviale2017-89401.jpg\",\"width\":1114,\"height\":743},{\"@type\":\"BreadcrumbList\",\"@id\":\"https:\\\/\\\/www.reseau-entreprendre.org\\\/guyane\\\/envie-de-nous-rejoindre\\\/#breadcrumb\",\"itemListElement\":[{\"@type\":\"ListItem\",\"position\":1,\"name\":\"Accueil\",\"item\":\"https:\\\/\\\/www.reseau-entreprendre.org\\\/guyane\\\/\"},{\"@type\":\"ListItem\",\"position\":2,\"name\":\"ENVIE DE NOUS REJOINDRE ?\"}]},{\"@type\":\"WebSite\",\"@id\":\"https:\\\/\\\/www.reseau-entreprendre.org\\\/guyane\\\/#website\",\"url\":\"https:\\\/\\\/www.reseau-entreprendre.org\\\/guyane\\\/\",\"name\":\"R\u00e9seau Entreprendre Guyane\",\"description\":\"Un site utilisant Les sites de R\u00e9seau Entreprendre\",\"potentialAction\":[{\"@type\":\"SearchAction\",\"target\":{\"@type\":\"EntryPoint\",\"urlTemplate\":\"https:\\\/\\\/www.reseau-entreprendre.org\\\/guyane\\\/?s={search_term_string}\"},\"query-input\":{\"@type\":\"PropertyValueSpecification\",\"valueRequired\":true,\"valueName\":\"search_term_string\"}}],\"inLanguage\":\"fr-FR\"}]}<\/script>\n<!-- \/ Yoast SEO plugin. -->","yoast_head_json":{"title":"Accompagner| Reseau Entreprendre Guyane","description":"Vous \u00eates chef d'entreprise et souhaitez accompagner de nouveaux entrepreneurs ? Devenez membre b\u00e9n\u00e9vole de R\u00e9seau Entreprendre Guyane !","robots":{"index":"index","follow":"follow","max-snippet":"max-snippet:-1","max-image-preview":"max-image-preview:large","max-video-preview":"max-video-preview:-1"},"canonical":"https:\/\/www.reseau-entreprendre.org\/guyane\/envie-de-nous-rejoindre\/","og_locale":"fr_FR","og_type":"article","og_title":"Accompagner| Reseau Entreprendre Guyane","og_description":"Vous \u00eates chef d'entreprise et souhaitez accompagner de nouveaux entrepreneurs ? Devenez membre b\u00e9n\u00e9vole de R\u00e9seau Entreprendre Guyane !","og_url":"https:\/\/www.reseau-entreprendre.org\/guyane\/envie-de-nous-rejoindre\/","og_site_name":"R\u00e9seau Entreprendre Guyane","article_modified_time":"2025-07-04T16:43:57+00:00","og_image":[{"width":1114,"height":743,"url":"https:\/\/www.reseau-entreprendre.org\/guyane\/wp-content\/uploads\/sites\/35\/2020\/09\/REGconviviale2017-89401.jpg","type":"image\/jpeg"}],"twitter_card":"summary_large_image","twitter_misc":{"Dur\u00e9e de lecture estim\u00e9e":"1 minute"},"schema":{"@context":"https:\/\/schema.org","@graph":[{"@type":"WebPage","@id":"https:\/\/www.reseau-entreprendre.org\/guyane\/envie-de-nous-rejoindre\/","url":"https:\/\/www.reseau-entreprendre.org\/guyane\/envie-de-nous-rejoindre\/","name":"Accompagner| Reseau Entreprendre Guyane","isPartOf":{"@id":"https:\/\/www.reseau-entreprendre.org\/guyane\/#website"},"primaryImageOfPage":{"@id":"https:\/\/www.reseau-entreprendre.org\/guyane\/envie-de-nous-rejoindre\/#primaryimage"},"image":{"@id":"https:\/\/www.reseau-entreprendre.org\/guyane\/envie-de-nous-rejoindre\/#primaryimage"},"thumbnailUrl":"https:\/\/www.reseau-entreprendre.org\/guyane\/wp-content\/uploads\/sites\/35\/2020\/09\/REGconviviale2017-89401-300x200.jpg","datePublished":"2020-09-30T13:01:59+00:00","dateModified":"2025-07-04T16:43:57+00:00","description":"Vous \u00eates chef d'entreprise et souhaitez accompagner de nouveaux entrepreneurs ? Devenez membre b\u00e9n\u00e9vole de R\u00e9seau Entreprendre Guyane !","breadcrumb":{"@id":"https:\/\/www.reseau-entreprendre.org\/guyane\/envie-de-nous-rejoindre\/#breadcrumb"},"inLanguage":"fr-FR","potentialAction":[{"@type":"ReadAction","target":["https:\/\/www.reseau-entreprendre.org\/guyane\/envie-de-nous-rejoindre\/"]}]},{"@type":"ImageObject","inLanguage":"fr-FR","@id":"https:\/\/www.reseau-entreprendre.org\/guyane\/envie-de-nous-rejoindre\/#primaryimage","url":"https:\/\/www.reseau-entreprendre.org\/guyane\/wp-content\/uploads\/sites\/35\/2020\/09\/REGconviviale2017-89401.jpg","contentUrl":"https:\/\/www.reseau-entreprendre.org\/guyane\/wp-content\/uploads\/sites\/35\/2020\/09\/REGconviviale2017-89401.jpg","width":1114,"height":743},{"@type":"BreadcrumbList","@id":"https:\/\/www.reseau-entreprendre.org\/guyane\/envie-de-nous-rejoindre\/#breadcrumb","itemListElement":[{"@type":"ListItem","position":1,"name":"Accueil","item":"https:\/\/www.reseau-entreprendre.org\/guyane\/"},{"@type":"ListItem","position":2,"name":"ENVIE DE NOUS REJOINDRE ?"}]},{"@type":"WebSite","@id":"https:\/\/www.reseau-entreprendre.org\/guyane\/#website","url":"https:\/\/www.reseau-entreprendre.org\/guyane\/","name":"R\u00e9seau Entreprendre Guyane","description":"Un site utilisant Les sites de R\u00e9seau Entreprendre","potentialAction":[{"@type":"SearchAction","target":{"@type":"EntryPoint","urlTemplate":"https:\/\/www.reseau-entreprendre.org\/guyane\/?s={search_term_string}"},"query-input":{"@type":"PropertyValueSpecification","valueRequired":true,"valueName":"search_term_string"}}],"inLanguage":"fr-FR"}]}},"_links":{"self":[{"href":"https:\/\/www.reseau-entreprendre.org\/guyane\/wp-json\/wp\/v2\/pages\/2462","targetHints":{"allow":["GET"]}}],"collection":[{"href":"https:\/\/www.reseau-entreprendre.org\/guyane\/wp-json\/wp\/v2\/pages"}],"about":[{"href":"https:\/\/www.reseau-entreprendre.org\/guyane\/wp-json\/wp\/v2\/types\/page"}],"author":[{"embeddable":true,"href":"https:\/\/www.reseau-entreprendre.org\/guyane\/wp-json\/wp\/v2\/users\/36"}],"replies":[{"embeddable":true,"href":"https:\/\/www.reseau-entreprendre.org\/guyane\/wp-json\/wp\/v2\/comments?post=2462"}],"version-history":[{"count":0,"href":"https:\/\/www.reseau-entreprendre.org\/guyane\/wp-json\/wp\/v2\/pages\/2462\/revisions"}],"wp:attachment":[{"href":"https:\/\/www.reseau-entreprendre.org\/guyane\/wp-json\/wp\/v2\/media?parent=2462"}],"curies":[{"name":"wp","href":"https:\/\/api.w.org\/{rel}","templated":true}]}}