{"id":2468,"date":"2020-09-30T15:37:11","date_gmt":"2020-09-30T13:37:11","guid":{"rendered":"https:\/\/re-preprod-entreprendre.fr\/guyane\/?page_id=2468"},"modified":"2026-03-05T15:49:08","modified_gmt":"2026-03-05T14:49:08","slug":"devenez-membre","status":"publish","type":"page","link":"https:\/\/www.reseau-entreprendre.org\/guyane\/devenez-membre\/","title":{"rendered":"DEVENEZ MEMBRE !"},"content":{"rendered":"\n<hr class=\"wp-block-separator has-alpha-channel-opacity\" \/>\n\n\n\n<p class=\"has-text-align-left has-re-blue-color has-text-color has-medium-font-size\"><strong>Notre association est riche de la diversit\u00e9 et de la compl\u00e9mentarit\u00e9 de ses membres : de la concession automobile \u00e0 la t\u00e9l\u00e9phonie, toutes vos m\u00e9thodes de gestion d&#8217;entreprise sont opportunes.<\/strong><\/p>\n\n\n\n<p class=\"has-text-align-center has-re-blue-color has-text-color has-large-font-size\"><strong><em>La passion de l&#8217;entreprise est le d\u00e9nominateur commun de notre action quelle que soit l&#8217;aventure entrepreneuriale ! <\/em><\/strong><\/p>\n\n\n\n<div style=\"height:100px\" aria-hidden=\"true\" class=\"wp-block-spacer\"><\/div>\n\n\n<div class=\"wp-block-image\">\n<figure class=\"aligncenter size-large\"><img loading=\"lazy\" decoding=\"async\" width=\"1024\" height=\"535\" src=\"https:\/\/www.reseau-entreprendre.org\/guyane\/wp-content\/uploads\/sites\/35\/2023\/09\/LE-GRAND-RESEAU-1024x535.png\" alt=\"\" class=\"wp-image-4817\" srcset=\"https:\/\/www.reseau-entreprendre.org\/guyane\/wp-content\/uploads\/sites\/35\/2023\/09\/LE-GRAND-RESEAU-1024x535.png 1024w, https:\/\/www.reseau-entreprendre.org\/guyane\/wp-content\/uploads\/sites\/35\/2023\/09\/LE-GRAND-RESEAU-300x157.png 300w, https:\/\/www.reseau-entreprendre.org\/guyane\/wp-content\/uploads\/sites\/35\/2023\/09\/LE-GRAND-RESEAU-768x401.png 768w, https:\/\/www.reseau-entreprendre.org\/guyane\/wp-content\/uploads\/sites\/35\/2023\/09\/LE-GRAND-RESEAU-210x110.png 210w, https:\/\/www.reseau-entreprendre.org\/guyane\/wp-content\/uploads\/sites\/35\/2023\/09\/LE-GRAND-RESEAU.png 1205w\" sizes=\"auto, (max-width: 1024px) 100vw, 1024px\" \/><\/figure>\n<\/div>\n\n\n<div style=\"height:100px\" aria-hidden=\"true\" class=\"wp-block-spacer\"><\/div>\n\n\n\n<h1 class=\"wp-block-heading has-text-align-center has-re-blue-color has-text-color\"><strong>Vous aussi,<\/strong><\/h1>\n\n\n\n<h1 class=\"wp-block-heading has-text-align-center has-re-blue-color has-text-color\"><strong>contribuez&nbsp;<\/strong><strong>\u00e0 la r\u00e9ussite<\/strong><\/h1>\n\n\n\n<h1 class=\"wp-block-heading has-text-align-center has-re-blue-color has-text-color\"><strong>de futurs entrepreneurs !<\/strong><\/h1>\n\n\n<div class=\"wp-block-image\">\n<figure class=\"aligncenter size-full\"><img loading=\"lazy\" decoding=\"async\" width=\"756\" height=\"616\" src=\"https:\/\/www.reseau-entreprendre.org\/guyane\/wp-content\/uploads\/sites\/35\/2023\/09\/PPTX-STICKERS1.png\" alt=\"\" class=\"wp-image-4819\" srcset=\"https:\/\/www.reseau-entreprendre.org\/guyane\/wp-content\/uploads\/sites\/35\/2023\/09\/PPTX-STICKERS1.png 756w, https:\/\/www.reseau-entreprendre.org\/guyane\/wp-content\/uploads\/sites\/35\/2023\/09\/PPTX-STICKERS1-300x244.png 300w, https:\/\/www.reseau-entreprendre.org\/guyane\/wp-content\/uploads\/sites\/35\/2023\/09\/PPTX-STICKERS1-160x130.png 160w\" sizes=\"auto, (max-width: 756px) 100vw, 756px\" \/><\/figure>\n<\/div>\n\n\n<h4 class=\"wp-block-heading\">&nbsp;<\/h4>\n\n\n\n<hr class=\"wp-block-separator has-alpha-channel-opacity\" \/>\n\n\n\n<div class=\"wp-block-buttons is-horizontal is-content-justification-center is-layout-flex wp-container-core-buttons-is-layout-499968f5 wp-block-buttons-is-layout-flex\">\n<div class=\"wp-block-button is-style-fill\"><a class=\"wp-block-button__link has-re-yellow-background-color has-background wp-element-button\" href=\"https:\/\/www.reseau-entreprendre.org\/guyane\/envie-de-nous-rejoindre\/\" style=\"border-radius:50px\">Envie de nous rejoindre?<\/a><\/div>\n<\/div>\n\n\n\n<div style=\"height:100px\" aria-hidden=\"true\" class=\"wp-block-spacer\"><\/div>\n\n\n<div class=\"wp-block-image\">\n<figure class=\"aligncenter size-large is-resized\"><img loading=\"lazy\" decoding=\"async\" width=\"1024\" height=\"768\" src=\"https:\/\/www.reseau-entreprendre.org\/guyane\/wp-content\/uploads\/sites\/35\/2023\/09\/logo-membre-guyane-couleur-1024x768.png\" alt=\"\" class=\"wp-image-4809\" style=\"width:211px;height:158px\" srcset=\"https:\/\/www.reseau-entreprendre.org\/guyane\/wp-content\/uploads\/sites\/35\/2023\/09\/logo-membre-guyane-couleur-1024x768.png 1024w, https:\/\/www.reseau-entreprendre.org\/guyane\/wp-content\/uploads\/sites\/35\/2023\/09\/logo-membre-guyane-couleur-300x225.png 300w, https:\/\/www.reseau-entreprendre.org\/guyane\/wp-content\/uploads\/sites\/35\/2023\/09\/logo-membre-guyane-couleur-768x576.png 768w, https:\/\/www.reseau-entreprendre.org\/guyane\/wp-content\/uploads\/sites\/35\/2023\/09\/logo-membre-guyane-couleur-1536x1152.png 1536w, https:\/\/www.reseau-entreprendre.org\/guyane\/wp-content\/uploads\/sites\/35\/2023\/09\/logo-membre-guyane-couleur-2048x1536.png 2048w, https:\/\/www.reseau-entreprendre.org\/guyane\/wp-content\/uploads\/sites\/35\/2023\/09\/logo-membre-guyane-couleur-173x130.png 173w\" sizes=\"auto, (max-width: 1024px) 100vw, 1024px\" \/><\/figure>\n<\/div>\n\n<div class=\"wp-block-image\">\n<figure class=\"aligncenter size-large is-resized\"><img loading=\"lazy\" decoding=\"async\" width=\"1024\" height=\"576\" src=\"https:\/\/www.reseau-entreprendre.org\/guyane\/wp-content\/uploads\/sites\/35\/2026\/03\/Logos-Membres_050326-1024x576.png\" alt=\"\" class=\"wp-image-5397\" style=\"width:1263px;height:auto\" srcset=\"https:\/\/www.reseau-entreprendre.org\/guyane\/wp-content\/uploads\/sites\/35\/2026\/03\/Logos-Membres_050326-1024x576.png 1024w, https:\/\/www.reseau-entreprendre.org\/guyane\/wp-content\/uploads\/sites\/35\/2026\/03\/Logos-Membres_050326-300x169.png 300w, https:\/\/www.reseau-entreprendre.org\/guyane\/wp-content\/uploads\/sites\/35\/2026\/03\/Logos-Membres_050326-768x432.png 768w, https:\/\/www.reseau-entreprendre.org\/guyane\/wp-content\/uploads\/sites\/35\/2026\/03\/Logos-Membres_050326-210x118.png 210w, https:\/\/www.reseau-entreprendre.org\/guyane\/wp-content\/uploads\/sites\/35\/2026\/03\/Logos-Membres_050326-100x56.png 100w, https:\/\/www.reseau-entreprendre.org\/guyane\/wp-content\/uploads\/sites\/35\/2026\/03\/Logos-Membres_050326.png 1280w\" sizes=\"auto, (max-width: 1024px) 100vw, 1024px\" \/><\/figure>\n<\/div>\n\n\n<p><\/p>\n","protected":false},"excerpt":{"rendered":"<p>Notre association est riche de la diversit\u00e9 et de la<\/p>\n","protected":false},"author":36,"featured_media":0,"parent":0,"menu_order":0,"comment_status":"closed","ping_status":"closed","template":"","meta":{"_acf_changed":false,"_monsterinsights_skip_tracking":false,"_monsterinsights_sitenote_active":false,"_monsterinsights_sitenote_note":"","_monsterinsights_sitenote_category":0,"footnotes":""},"class_list":["post-2468","page","type-page","status-publish","hentry"],"acf":[],"yoast_head":"<!-- This site is optimized with the Yoast SEO plugin v27.4 - https:\/\/yoast.com\/product\/yoast-seo-wordpress\/ -->\n<title>Accompagner| Reseau Entreprendre Guyane<\/title>\n<meta name=\"description\" content=\"Vous \u00eates chef d&#039;entreprise et souhaitez accompagner de nouveaux entrepreneurs ? Devenez membre b\u00e9n\u00e9vole de R\u00e9seau Entreprendre Guyane !\" \/>\n<meta name=\"robots\" content=\"index, follow, max-snippet:-1, max-image-preview:large, max-video-preview:-1\" \/>\n<link rel=\"canonical\" href=\"https:\/\/www.reseau-entreprendre.org\/guyane\/devenez-membre\/\" \/>\n<meta property=\"og:locale\" content=\"fr_FR\" \/>\n<meta property=\"og:type\" content=\"article\" \/>\n<meta property=\"og:title\" content=\"Accompagner| Reseau Entreprendre Guyane\" \/>\n<meta property=\"og:description\" content=\"Vous \u00eates chef d&#039;entreprise et souhaitez accompagner de nouveaux entrepreneurs ? Devenez membre b\u00e9n\u00e9vole de R\u00e9seau Entreprendre Guyane !\" \/>\n<meta property=\"og:url\" content=\"https:\/\/www.reseau-entreprendre.org\/guyane\/devenez-membre\/\" \/>\n<meta property=\"og:site_name\" content=\"R\u00e9seau Entreprendre Guyane\" \/>\n<meta property=\"article:modified_time\" content=\"2026-03-05T14:49:08+00:00\" \/>\n<meta property=\"og:image\" content=\"https:\/\/www.reseau-entreprendre.org\/guyane\/wp-content\/uploads\/sites\/35\/2023\/09\/LE-GRAND-RESEAU.png\" \/>\n\t<meta property=\"og:image:width\" content=\"1205\" \/>\n\t<meta property=\"og:image:height\" content=\"629\" \/>\n\t<meta property=\"og:image:type\" content=\"image\/png\" \/>\n<meta name=\"twitter:card\" content=\"summary_large_image\" \/>\n<meta name=\"twitter:label1\" content=\"Dur\u00e9e de lecture estim\u00e9e\" \/>\n\t<meta name=\"twitter:data1\" content=\"2 minutes\" \/>\n<script type=\"application\/ld+json\" class=\"yoast-schema-graph\">{\"@context\":\"https:\\\/\\\/schema.org\",\"@graph\":[{\"@type\":\"WebPage\",\"@id\":\"https:\\\/\\\/www.reseau-entreprendre.org\\\/guyane\\\/devenez-membre\\\/\",\"url\":\"https:\\\/\\\/www.reseau-entreprendre.org\\\/guyane\\\/devenez-membre\\\/\",\"name\":\"Accompagner| Reseau Entreprendre Guyane\",\"isPartOf\":{\"@id\":\"https:\\\/\\\/www.reseau-entreprendre.org\\\/guyane\\\/#website\"},\"primaryImageOfPage\":{\"@id\":\"https:\\\/\\\/www.reseau-entreprendre.org\\\/guyane\\\/devenez-membre\\\/#primaryimage\"},\"image\":{\"@id\":\"https:\\\/\\\/www.reseau-entreprendre.org\\\/guyane\\\/devenez-membre\\\/#primaryimage\"},\"thumbnailUrl\":\"https:\\\/\\\/www.reseau-entreprendre.org\\\/guyane\\\/wp-content\\\/uploads\\\/sites\\\/35\\\/2023\\\/09\\\/LE-GRAND-RESEAU-1024x535.png\",\"datePublished\":\"2020-09-30T13:37:11+00:00\",\"dateModified\":\"2026-03-05T14:49:08+00:00\",\"description\":\"Vous \u00eates chef d'entreprise et souhaitez accompagner de nouveaux entrepreneurs ? Devenez membre b\u00e9n\u00e9vole de R\u00e9seau Entreprendre Guyane !\",\"breadcrumb\":{\"@id\":\"https:\\\/\\\/www.reseau-entreprendre.org\\\/guyane\\\/devenez-membre\\\/#breadcrumb\"},\"inLanguage\":\"fr-FR\",\"potentialAction\":[{\"@type\":\"ReadAction\",\"target\":[\"https:\\\/\\\/www.reseau-entreprendre.org\\\/guyane\\\/devenez-membre\\\/\"]}]},{\"@type\":\"ImageObject\",\"inLanguage\":\"fr-FR\",\"@id\":\"https:\\\/\\\/www.reseau-entreprendre.org\\\/guyane\\\/devenez-membre\\\/#primaryimage\",\"url\":\"https:\\\/\\\/www.reseau-entreprendre.org\\\/guyane\\\/wp-content\\\/uploads\\\/sites\\\/35\\\/2023\\\/09\\\/LE-GRAND-RESEAU.png\",\"contentUrl\":\"https:\\\/\\\/www.reseau-entreprendre.org\\\/guyane\\\/wp-content\\\/uploads\\\/sites\\\/35\\\/2023\\\/09\\\/LE-GRAND-RESEAU.png\",\"width\":1205,\"height\":629},{\"@type\":\"BreadcrumbList\",\"@id\":\"https:\\\/\\\/www.reseau-entreprendre.org\\\/guyane\\\/devenez-membre\\\/#breadcrumb\",\"itemListElement\":[{\"@type\":\"ListItem\",\"position\":1,\"name\":\"Accueil\",\"item\":\"https:\\\/\\\/www.reseau-entreprendre.org\\\/guyane\\\/\"},{\"@type\":\"ListItem\",\"position\":2,\"name\":\"DEVENEZ MEMBRE !\"}]},{\"@type\":\"WebSite\",\"@id\":\"https:\\\/\\\/www.reseau-entreprendre.org\\\/guyane\\\/#website\",\"url\":\"https:\\\/\\\/www.reseau-entreprendre.org\\\/guyane\\\/\",\"name\":\"R\u00e9seau Entreprendre Guyane\",\"description\":\"Un site utilisant Les sites de R\u00e9seau Entreprendre\",\"potentialAction\":[{\"@type\":\"SearchAction\",\"target\":{\"@type\":\"EntryPoint\",\"urlTemplate\":\"https:\\\/\\\/www.reseau-entreprendre.org\\\/guyane\\\/?s={search_term_string}\"},\"query-input\":{\"@type\":\"PropertyValueSpecification\",\"valueRequired\":true,\"valueName\":\"search_term_string\"}}],\"inLanguage\":\"fr-FR\"}]}<\/script>\n<!-- \/ Yoast SEO plugin. -->","yoast_head_json":{"title":"Accompagner| Reseau Entreprendre Guyane","description":"Vous \u00eates chef d'entreprise et souhaitez accompagner de nouveaux entrepreneurs ? Devenez membre b\u00e9n\u00e9vole de R\u00e9seau Entreprendre Guyane !","robots":{"index":"index","follow":"follow","max-snippet":"max-snippet:-1","max-image-preview":"max-image-preview:large","max-video-preview":"max-video-preview:-1"},"canonical":"https:\/\/www.reseau-entreprendre.org\/guyane\/devenez-membre\/","og_locale":"fr_FR","og_type":"article","og_title":"Accompagner| Reseau Entreprendre Guyane","og_description":"Vous \u00eates chef d'entreprise et souhaitez accompagner de nouveaux entrepreneurs ? Devenez membre b\u00e9n\u00e9vole de R\u00e9seau Entreprendre Guyane !","og_url":"https:\/\/www.reseau-entreprendre.org\/guyane\/devenez-membre\/","og_site_name":"R\u00e9seau Entreprendre Guyane","article_modified_time":"2026-03-05T14:49:08+00:00","og_image":[{"width":1205,"height":629,"url":"https:\/\/www.reseau-entreprendre.org\/guyane\/wp-content\/uploads\/sites\/35\/2023\/09\/LE-GRAND-RESEAU.png","type":"image\/png"}],"twitter_card":"summary_large_image","twitter_misc":{"Dur\u00e9e de lecture estim\u00e9e":"2 minutes"},"schema":{"@context":"https:\/\/schema.org","@graph":[{"@type":"WebPage","@id":"https:\/\/www.reseau-entreprendre.org\/guyane\/devenez-membre\/","url":"https:\/\/www.reseau-entreprendre.org\/guyane\/devenez-membre\/","name":"Accompagner| Reseau Entreprendre Guyane","isPartOf":{"@id":"https:\/\/www.reseau-entreprendre.org\/guyane\/#website"},"primaryImageOfPage":{"@id":"https:\/\/www.reseau-entreprendre.org\/guyane\/devenez-membre\/#primaryimage"},"image":{"@id":"https:\/\/www.reseau-entreprendre.org\/guyane\/devenez-membre\/#primaryimage"},"thumbnailUrl":"https:\/\/www.reseau-entreprendre.org\/guyane\/wp-content\/uploads\/sites\/35\/2023\/09\/LE-GRAND-RESEAU-1024x535.png","datePublished":"2020-09-30T13:37:11+00:00","dateModified":"2026-03-05T14:49:08+00:00","description":"Vous \u00eates chef d'entreprise et souhaitez accompagner de nouveaux entrepreneurs ? Devenez membre b\u00e9n\u00e9vole de R\u00e9seau Entreprendre Guyane !","breadcrumb":{"@id":"https:\/\/www.reseau-entreprendre.org\/guyane\/devenez-membre\/#breadcrumb"},"inLanguage":"fr-FR","potentialAction":[{"@type":"ReadAction","target":["https:\/\/www.reseau-entreprendre.org\/guyane\/devenez-membre\/"]}]},{"@type":"ImageObject","inLanguage":"fr-FR","@id":"https:\/\/www.reseau-entreprendre.org\/guyane\/devenez-membre\/#primaryimage","url":"https:\/\/www.reseau-entreprendre.org\/guyane\/wp-content\/uploads\/sites\/35\/2023\/09\/LE-GRAND-RESEAU.png","contentUrl":"https:\/\/www.reseau-entreprendre.org\/guyane\/wp-content\/uploads\/sites\/35\/2023\/09\/LE-GRAND-RESEAU.png","width":1205,"height":629},{"@type":"BreadcrumbList","@id":"https:\/\/www.reseau-entreprendre.org\/guyane\/devenez-membre\/#breadcrumb","itemListElement":[{"@type":"ListItem","position":1,"name":"Accueil","item":"https:\/\/www.reseau-entreprendre.org\/guyane\/"},{"@type":"ListItem","position":2,"name":"DEVENEZ MEMBRE !"}]},{"@type":"WebSite","@id":"https:\/\/www.reseau-entreprendre.org\/guyane\/#website","url":"https:\/\/www.reseau-entreprendre.org\/guyane\/","name":"R\u00e9seau Entreprendre Guyane","description":"Un site utilisant Les sites de R\u00e9seau Entreprendre","potentialAction":[{"@type":"SearchAction","target":{"@type":"EntryPoint","urlTemplate":"https:\/\/www.reseau-entreprendre.org\/guyane\/?s={search_term_string}"},"query-input":{"@type":"PropertyValueSpecification","valueRequired":true,"valueName":"search_term_string"}}],"inLanguage":"fr-FR"}]}},"_links":{"self":[{"href":"https:\/\/www.reseau-entreprendre.org\/guyane\/wp-json\/wp\/v2\/pages\/2468","targetHints":{"allow":["GET"]}}],"collection":[{"href":"https:\/\/www.reseau-entreprendre.org\/guyane\/wp-json\/wp\/v2\/pages"}],"about":[{"href":"https:\/\/www.reseau-entreprendre.org\/guyane\/wp-json\/wp\/v2\/types\/page"}],"author":[{"embeddable":true,"href":"https:\/\/www.reseau-entreprendre.org\/guyane\/wp-json\/wp\/v2\/users\/36"}],"replies":[{"embeddable":true,"href":"https:\/\/www.reseau-entreprendre.org\/guyane\/wp-json\/wp\/v2\/comments?post=2468"}],"version-history":[{"count":0,"href":"https:\/\/www.reseau-entreprendre.org\/guyane\/wp-json\/wp\/v2\/pages\/2468\/revisions"}],"wp:attachment":[{"href":"https:\/\/www.reseau-entreprendre.org\/guyane\/wp-json\/wp\/v2\/media?parent=2468"}],"curies":[{"name":"wp","href":"https:\/\/api.w.org\/{rel}","templated":true}]}}