{"id":4072,"date":"2023-07-04T20:19:50","date_gmt":"2023-07-04T18:19:50","guid":{"rendered":"https:\/\/www.reseau-entreprendre.org\/guyane\/?page_id=4072"},"modified":"2026-03-12T12:07:54","modified_gmt":"2026-03-12T11:07:54","slug":"actualites","status":"publish","type":"page","link":"https:\/\/www.reseau-entreprendre.org\/guyane\/actualites\/","title":{"rendered":"ACTUALIT\u00c9S"},"content":{"rendered":"\n<p class=\"has-text-align-center\"><span style=\"font-size: 24px\">R\u00e9seau Entreprendre\u00ae Guyane, c&#8217;est aussi <strong><span style=\"color: #268597\">l&#8217;animation d&#8217;un<\/span><span style=\"color: #268597\"><strong> r<\/strong>\u00e9seau de chefs d&#8217;entreprise<\/span>.<br><\/strong>Tenez-vous inform\u00e9s de notre actualit\u00e9 et revivez nos moments de partage !<\/span><\/p>\n\n\n\n<div style=\"height:100px\" aria-hidden=\"true\" class=\"wp-block-spacer\"><\/div>\n\n\n<div data-block_43e96f33dcd3f4809ae1b0de648a5065 class=\"re-home-newslist alignfull\">\n  <div class=\"pb-3 text-center\">\n    \n  <\/div>\n\n  <div class=\"row\">\n    \n    \n                                            <div class=\"col-sm-4\">\n            <article class=\"news__card post-4274 post type-post status-publish format-standard has-post-thumbnail hentry category-actualites news\">\n  <figure>\n    \n    <a href=\"https:\/\/www.reseau-entreprendre.org\/guyane\/2023\/02\/24\/conviviale-cap-vers-louest\/\">\n               <img loading=\"lazy\" decoding=\"async\" width=\"391\" height=\"383\" src=\"https:\/\/www.reseau-entreprendre.org\/guyane\/wp-content\/uploads\/sites\/35\/2023\/07\/AftershopReseau-entreprendre_17-391x383.jpg\" class=\"img-fluid wp-post-image\" alt=\"\" \/>          <\/a>\n  <\/figure>\n  <aside>\n    <h2 class=\"entry-title\">Conviviale R\u00e9seau Entreprendre\u00ae \u00e0 Saint Laurent du Maroni<\/h2>\n    <footer>\n      <a class=\"readmore\" href=\"https:\/\/www.reseau-entreprendre.org\/guyane\/2023\/02\/24\/conviviale-cap-vers-louest\/\">Lire la suite<\/a>\n      <span class=\"date\">24 f\u00e9vrier 2023<\/span>\n    <\/footer>\n\n    \n\n          <div class=\"tags\">\n                  <a href=\"https:\/\/www.reseau-entreprendre.org\/guyane\/2023\/02\/24\/conviviale-cap-vers-louest\/?categoryid=4\">\n            Actualit\u00e9s\n          <\/a>\n              <\/div>\n      <\/aside>\n<\/article>\n          <\/div>\n                                          <div class=\"col-sm-4\">\n            <article class=\"news__card post-4166 post type-post status-publish format-standard has-post-thumbnail hentry category-actualites news\">\n  <figure>\n    \n    <a href=\"https:\/\/www.reseau-entreprendre.org\/guyane\/2023\/01\/31\/accompagnement-rse\/\">\n               <img loading=\"lazy\" decoding=\"async\" width=\"391\" height=\"383\" src=\"https:\/\/www.reseau-entreprendre.org\/guyane\/wp-content\/uploads\/sites\/35\/2023\/01\/WhatsApp-Image-2023-01-30-at-19.34.16-1-391x383.jpeg\" class=\"img-fluid wp-post-image\" alt=\"\" \/>          <\/a>\n  <\/figure>\n  <aside>\n    <h2 class=\"entry-title\">Accompagnement RSE<\/h2>\n    <footer>\n      <a class=\"readmore\" href=\"https:\/\/www.reseau-entreprendre.org\/guyane\/2023\/01\/31\/accompagnement-rse\/\">Lire la suite<\/a>\n      <span class=\"date\">31 janvier 2023<\/span>\n    <\/footer>\n\n    \n\n          <div class=\"tags\">\n                  <a href=\"https:\/\/www.reseau-entreprendre.org\/guyane\/2023\/01\/31\/accompagnement-rse\/?categoryid=4\">\n            Actualit\u00e9s\n          <\/a>\n              <\/div>\n      <\/aside>\n<\/article>\n          <\/div>\n                                          <div class=\"col-sm-4\">\n            <article class=\"news__card post-4120 post type-post status-publish format-standard has-post-thumbnail hentry category-actualites news\">\n  <figure>\n    \n    <a href=\"https:\/\/www.reseau-entreprendre.org\/guyane\/2023\/01\/27\/conviviale-des-voeux-2023\/\">\n               <img loading=\"lazy\" decoding=\"async\" width=\"391\" height=\"383\" src=\"https:\/\/www.reseau-entreprendre.org\/guyane\/wp-content\/uploads\/sites\/35\/2023\/01\/image00075-391x383.jpeg\" class=\"img-fluid wp-post-image\" alt=\"\" \/>          <\/a>\n  <\/figure>\n  <aside>\n    <h2 class=\"entry-title\">Conviviale des v\u0153ux 2023<\/h2>\n    <footer>\n      <a class=\"readmore\" href=\"https:\/\/www.reseau-entreprendre.org\/guyane\/2023\/01\/27\/conviviale-des-voeux-2023\/\">Lire la suite<\/a>\n      <span class=\"date\">27 janvier 2023<\/span>\n    <\/footer>\n\n    \n\n          <div class=\"tags\">\n                  <a href=\"https:\/\/www.reseau-entreprendre.org\/guyane\/2023\/01\/27\/conviviale-des-voeux-2023\/?categoryid=4\">\n            Actualit\u00e9s\n          <\/a>\n              <\/div>\n      <\/aside>\n<\/article>\n          <\/div>\n                    \n\n    \n    \n      <\/div>\n\n  <div class=\"text-center pt-5\">\n        <a class=\"btn btn-outline-re-blue\" href=\"\">\n        Voir tout\n    <\/a>\n  <\/div>\n<\/div>\n","protected":false},"excerpt":{"rendered":"<p>R\u00e9seau Entreprendre\u00ae Guyane, c&#8217;est aussi l&#8217;animation d&#8217;un r\u00e9seau de chefs<\/p>\n","protected":false},"author":36,"featured_media":0,"parent":1563,"menu_order":1,"comment_status":"closed","ping_status":"closed","template":"","meta":{"_acf_changed":false,"_monsterinsights_skip_tracking":false,"_monsterinsights_sitenote_active":false,"_monsterinsights_sitenote_note":"","_monsterinsights_sitenote_category":0,"footnotes":""},"class_list":["post-4072","page","type-page","status-publish","hentry"],"acf":[],"yoast_head":"<!-- This site is optimized with the Yoast SEO plugin v27.3 - https:\/\/yoast.com\/product\/yoast-seo-wordpress\/ -->\n<title>ACTUALIT\u00c9S - R\u00e9seau Entreprendre Guyane<\/title>\n<meta name=\"description\" content=\"Retrouvez toutes les actualit\u00e9s de notre association R\u00e9seau Entreprendre\u00ae Guyane : nouveaux Entrepreneurs-laur\u00e9ats et membres, \u00e9v\u00e8nements...\" \/>\n<meta name=\"robots\" content=\"index, follow, max-snippet:-1, max-image-preview:large, max-video-preview:-1\" \/>\n<link rel=\"canonical\" href=\"https:\/\/www.reseau-entreprendre.org\/guyane\/actualites\/\" \/>\n<meta property=\"og:locale\" content=\"fr_FR\" \/>\n<meta property=\"og:type\" content=\"article\" \/>\n<meta property=\"og:title\" content=\"ACTUALIT\u00c9S - R\u00e9seau Entreprendre Guyane\" \/>\n<meta property=\"og:description\" content=\"Retrouvez toutes les actualit\u00e9s de notre association R\u00e9seau Entreprendre\u00ae Guyane : nouveaux Entrepreneurs-laur\u00e9ats et membres, \u00e9v\u00e8nements...\" \/>\n<meta property=\"og:url\" content=\"https:\/\/www.reseau-entreprendre.org\/guyane\/actualites\/\" \/>\n<meta property=\"og:site_name\" content=\"R\u00e9seau Entreprendre Guyane\" \/>\n<meta property=\"article:modified_time\" content=\"2026-03-12T11:07:54+00:00\" \/>\n<meta name=\"twitter:card\" content=\"summary_large_image\" \/>\n<meta name=\"twitter:label1\" content=\"Dur\u00e9e de lecture estim\u00e9e\" \/>\n\t<meta name=\"twitter:data1\" content=\"1 minute\" \/>\n<script type=\"application\/ld+json\" class=\"yoast-schema-graph\">{\"@context\":\"https:\\\/\\\/schema.org\",\"@graph\":[{\"@type\":\"WebPage\",\"@id\":\"https:\\\/\\\/www.reseau-entreprendre.org\\\/guyane\\\/actualites\\\/\",\"url\":\"https:\\\/\\\/www.reseau-entreprendre.org\\\/guyane\\\/actualites\\\/\",\"name\":\"ACTUALIT\u00c9S - R\u00e9seau Entreprendre Guyane\",\"isPartOf\":{\"@id\":\"https:\\\/\\\/www.reseau-entreprendre.org\\\/guyane\\\/#website\"},\"datePublished\":\"2023-07-04T18:19:50+00:00\",\"dateModified\":\"2026-03-12T11:07:54+00:00\",\"description\":\"Retrouvez toutes les actualit\u00e9s de notre association R\u00e9seau Entreprendre\u00ae Guyane : nouveaux Entrepreneurs-laur\u00e9ats et membres, \u00e9v\u00e8nements...\",\"breadcrumb\":{\"@id\":\"https:\\\/\\\/www.reseau-entreprendre.org\\\/guyane\\\/actualites\\\/#breadcrumb\"},\"inLanguage\":\"fr-FR\",\"potentialAction\":[{\"@type\":\"ReadAction\",\"target\":[\"https:\\\/\\\/www.reseau-entreprendre.org\\\/guyane\\\/actualites\\\/\"]}]},{\"@type\":\"BreadcrumbList\",\"@id\":\"https:\\\/\\\/www.reseau-entreprendre.org\\\/guyane\\\/actualites\\\/#breadcrumb\",\"itemListElement\":[{\"@type\":\"ListItem\",\"position\":1,\"name\":\"Accueil\",\"item\":\"https:\\\/\\\/www.reseau-entreprendre.org\\\/guyane\\\/\"},{\"@type\":\"ListItem\",\"position\":2,\"name\":\"ACTUALIT\u00c9S\",\"item\":\"https:\\\/\\\/www.reseau-entreprendre.org\\\/guyane\\\/?page_id=1563\"},{\"@type\":\"ListItem\",\"position\":3,\"name\":\"ACTUALIT\u00c9S\"}]},{\"@type\":\"WebSite\",\"@id\":\"https:\\\/\\\/www.reseau-entreprendre.org\\\/guyane\\\/#website\",\"url\":\"https:\\\/\\\/www.reseau-entreprendre.org\\\/guyane\\\/\",\"name\":\"R\u00e9seau Entreprendre Guyane\",\"description\":\"Un site utilisant Les sites de R\u00e9seau Entreprendre\",\"potentialAction\":[{\"@type\":\"SearchAction\",\"target\":{\"@type\":\"EntryPoint\",\"urlTemplate\":\"https:\\\/\\\/www.reseau-entreprendre.org\\\/guyane\\\/?s={search_term_string}\"},\"query-input\":{\"@type\":\"PropertyValueSpecification\",\"valueRequired\":true,\"valueName\":\"search_term_string\"}}],\"inLanguage\":\"fr-FR\"}]}<\/script>\n<!-- \/ Yoast SEO plugin. -->","yoast_head_json":{"title":"ACTUALIT\u00c9S - R\u00e9seau Entreprendre Guyane","description":"Retrouvez toutes les actualit\u00e9s de notre association R\u00e9seau Entreprendre\u00ae Guyane : nouveaux Entrepreneurs-laur\u00e9ats et membres, \u00e9v\u00e8nements...","robots":{"index":"index","follow":"follow","max-snippet":"max-snippet:-1","max-image-preview":"max-image-preview:large","max-video-preview":"max-video-preview:-1"},"canonical":"https:\/\/www.reseau-entreprendre.org\/guyane\/actualites\/","og_locale":"fr_FR","og_type":"article","og_title":"ACTUALIT\u00c9S - R\u00e9seau Entreprendre Guyane","og_description":"Retrouvez toutes les actualit\u00e9s de notre association R\u00e9seau Entreprendre\u00ae Guyane : nouveaux Entrepreneurs-laur\u00e9ats et membres, \u00e9v\u00e8nements...","og_url":"https:\/\/www.reseau-entreprendre.org\/guyane\/actualites\/","og_site_name":"R\u00e9seau Entreprendre Guyane","article_modified_time":"2026-03-12T11:07:54+00:00","twitter_card":"summary_large_image","twitter_misc":{"Dur\u00e9e de lecture estim\u00e9e":"1 minute"},"schema":{"@context":"https:\/\/schema.org","@graph":[{"@type":"WebPage","@id":"https:\/\/www.reseau-entreprendre.org\/guyane\/actualites\/","url":"https:\/\/www.reseau-entreprendre.org\/guyane\/actualites\/","name":"ACTUALIT\u00c9S - R\u00e9seau Entreprendre Guyane","isPartOf":{"@id":"https:\/\/www.reseau-entreprendre.org\/guyane\/#website"},"datePublished":"2023-07-04T18:19:50+00:00","dateModified":"2026-03-12T11:07:54+00:00","description":"Retrouvez toutes les actualit\u00e9s de notre association R\u00e9seau Entreprendre\u00ae Guyane : nouveaux Entrepreneurs-laur\u00e9ats et membres, \u00e9v\u00e8nements...","breadcrumb":{"@id":"https:\/\/www.reseau-entreprendre.org\/guyane\/actualites\/#breadcrumb"},"inLanguage":"fr-FR","potentialAction":[{"@type":"ReadAction","target":["https:\/\/www.reseau-entreprendre.org\/guyane\/actualites\/"]}]},{"@type":"BreadcrumbList","@id":"https:\/\/www.reseau-entreprendre.org\/guyane\/actualites\/#breadcrumb","itemListElement":[{"@type":"ListItem","position":1,"name":"Accueil","item":"https:\/\/www.reseau-entreprendre.org\/guyane\/"},{"@type":"ListItem","position":2,"name":"ACTUALIT\u00c9S","item":"https:\/\/www.reseau-entreprendre.org\/guyane\/?page_id=1563"},{"@type":"ListItem","position":3,"name":"ACTUALIT\u00c9S"}]},{"@type":"WebSite","@id":"https:\/\/www.reseau-entreprendre.org\/guyane\/#website","url":"https:\/\/www.reseau-entreprendre.org\/guyane\/","name":"R\u00e9seau Entreprendre Guyane","description":"Un site utilisant Les sites de R\u00e9seau Entreprendre","potentialAction":[{"@type":"SearchAction","target":{"@type":"EntryPoint","urlTemplate":"https:\/\/www.reseau-entreprendre.org\/guyane\/?s={search_term_string}"},"query-input":{"@type":"PropertyValueSpecification","valueRequired":true,"valueName":"search_term_string"}}],"inLanguage":"fr-FR"}]}},"_links":{"self":[{"href":"https:\/\/www.reseau-entreprendre.org\/guyane\/wp-json\/wp\/v2\/pages\/4072","targetHints":{"allow":["GET"]}}],"collection":[{"href":"https:\/\/www.reseau-entreprendre.org\/guyane\/wp-json\/wp\/v2\/pages"}],"about":[{"href":"https:\/\/www.reseau-entreprendre.org\/guyane\/wp-json\/wp\/v2\/types\/page"}],"author":[{"embeddable":true,"href":"https:\/\/www.reseau-entreprendre.org\/guyane\/wp-json\/wp\/v2\/users\/36"}],"replies":[{"embeddable":true,"href":"https:\/\/www.reseau-entreprendre.org\/guyane\/wp-json\/wp\/v2\/comments?post=4072"}],"version-history":[{"count":0,"href":"https:\/\/www.reseau-entreprendre.org\/guyane\/wp-json\/wp\/v2\/pages\/4072\/revisions"}],"up":[{"embeddable":true,"href":"https:\/\/www.reseau-entreprendre.org\/guyane\/wp-json\/"}],"wp:attachment":[{"href":"https:\/\/www.reseau-entreprendre.org\/guyane\/wp-json\/wp\/v2\/media?parent=4072"}],"curies":[{"name":"wp","href":"https:\/\/api.w.org\/{rel}","templated":true}]}}