{"id":13,"date":"2017-04-28T12:33:34","date_gmt":"2017-04-28T10:33:34","guid":{"rendered":"http:\/\/re-dev-entreprendre.fr\/hainaut\/?page_id=13"},"modified":"2025-01-07T15:50:24","modified_gmt":"2025-01-07T14:50:24","slug":"entreprendre","status":"publish","type":"page","link":"https:\/\/www.reseau-entreprendre.org\/hainaut\/entreprendre\/","title":{"rendered":"Entreprendre"},"content":{"rendered":"\n<h3 class=\"wp-block-heading\" id=\"reseau-entreprendre-hainaut-accompagne-les-nouveaux-entrepreneurs-createurs-ou-repreneurs-de-futures-pme\">R\u00e9seau Entreprendre\u00ae Hainaut accompagne les nouveaux entrepreneurs, cr\u00e9ateurs ou repreneurs de futures PME.<\/h3>\n\n\n\n<div style=\"height:77px\" aria-hidden=\"true\" class=\"wp-block-spacer\"><\/div>\n\n\n\n<h2 class=\"wp-block-heading has-text-align-center\" id=\"nos-programmes-d-accompagnement\"><strong>Nos programmes d&#8217;accompagnement<\/strong><\/h2>\n\n\n\n<div style=\"height:53px\" aria-hidden=\"true\" class=\"wp-block-spacer\"><\/div>\n\n\n\n<div class=\"wp-block-columns is-layout-flex wp-container-core-columns-is-layout-9d6595d7 wp-block-columns-is-layout-flex\">\n<div class=\"wp-block-column is-layout-flow wp-block-column-is-layout-flow\">\n<h2 class=\"wp-block-heading has-text-align-center has-re-blue-color has-text-color\" id=\"start-creation\" style=\"font-size:30px\"><strong>Start <\/strong><\/h2>\n\n\n\n<h2 class=\"wp-block-heading has-text-align-center has-re-blue-color has-text-color\" id=\"start-creation\" style=\"font-size:30px\">&#8211;<strong>Cr\u00e9ation<\/strong>&#8211;<\/h2>\n\n\n\n<ul style=\"font-size:15px\" class=\"wp-block-list\">\n<li>Cr\u00e9ation de 5 emplois envisag\u00e9e \u00e0 3 ans<\/li>\n\n\n\n<li>Besoin de global financement &gt; \u00e0 70&nbsp;000\u20ac<\/li>\n\n\n\n<li>Apport personnel de 10 \u00e0 15 000 \u20ac<\/li>\n<\/ul>\n\n\n\n<div class=\"wp-block-buttons is-horizontal is-content-justification-center is-layout-flex wp-container-core-buttons-is-layout-499968f5 wp-block-buttons-is-layout-flex\">\n<div class=\"wp-block-button\"><a class=\"wp-block-button__link has-re-blue-background-color has-background wp-element-button\" href=\"https:\/\/www.reseau-entreprendre.org\/hainaut\/aide-a-la-creation-entreprise\/\">EN SAVOIR PLUS<\/a><\/div>\n<\/div>\n<\/div>\n\n\n\n<div class=\"wp-block-column is-layout-flow wp-block-column-is-layout-flow\">\n<h2 class=\"wp-block-heading has-text-align-center has-re-red-color has-text-color\" id=\"start-reprise\" style=\"font-size:30px\"><strong>Start <\/strong><\/h2>\n\n\n\n<h2 class=\"wp-block-heading has-text-align-center has-re-red-color has-text-color\" id=\"start-reprise\" style=\"font-size:30px\">&#8211;<strong>Reprise<\/strong>&#8211;<\/h2>\n\n\n\n<ul style=\"font-size:15px\" class=\"wp-block-list\">\n<li>Minimum de 5 emplois au moment de la reprise<\/li>\n\n\n\n<li>Fonds propres coh\u00e9rents avec le besoin de financement<\/li>\n\n\n\n<li>Volont\u00e9 d\u2019op\u00e9rer un d\u00e9veloppement<\/li>\n<\/ul>\n\n\n\n<div class=\"wp-block-buttons is-content-justification-center is-layout-flex wp-container-core-buttons-is-layout-16018d1d wp-block-buttons-is-layout-flex\">\n<div class=\"wp-block-button\"><a class=\"wp-block-button__link has-re-red-background-color has-background wp-element-button\" href=\"https:\/\/www.reseau-entreprendre.org\/hainaut\/aide-a-la-reprise-entreprise\/\">EN SAVOIR PLUS<\/a><\/div>\n<\/div>\n<\/div>\n\n\n\n<div class=\"wp-block-column is-layout-flow wp-block-column-is-layout-flow\">\n<h2 class=\"wp-block-heading has-text-align-center has-re-yellow-color has-text-color\" id=\"boost-developpement\" style=\"font-size:30px\"><strong>Boost <\/strong><\/h2>\n\n\n\n<h2 class=\"wp-block-heading has-text-align-center has-re-yellow-color has-text-color\" id=\"boost-developpement\" style=\"font-size:30px\">&#8211;<strong>D\u00e9veloppement<\/strong>&#8211;<\/h2>\n\n\n\n<ul style=\"font-size:15px\" class=\"wp-block-list\">\n<li>2 exercices comptables et fonds propres positifs<\/li>\n\n\n\n<li>500 k\u20ac de CA et 5 emplois existants<\/li>\n\n\n\n<li>Projet de d\u00e9veloppement cr\u00e9ateur d\u2019emplois<\/li>\n<\/ul>\n\n\n\n<div class=\"wp-block-buttons is-content-justification-center is-layout-flex wp-container-core-buttons-is-layout-16018d1d wp-block-buttons-is-layout-flex\">\n<div class=\"wp-block-button\"><a class=\"wp-block-button__link has-re-yellow-background-color has-background wp-element-button\" href=\"https:\/\/www.reseau-entreprendre.org\/hainaut\/aide-au-developpement-entreprise\/\">EN SAVOIR PLUS<\/a><\/div>\n<\/div>\n<\/div>\n<\/div>\n\n\n\n<h2 class=\"wp-block-heading has-text-align-center has-medium-font-size\" id=\"dans-les-3-cas-c-est-l-entrepreneur-que-nous-accompagnons-avant-son-projet-il-est-donc-majoritaire-au-capital-de-son-entreprise-et-exprime-le-besoin-d-etre-accompagne-parlez-nous-de-votre-projet-meme-si-vous-ne-remplissez-pas-tous-les-criteres-d-eligibilite\">Dans les 3 cas, c\u2019est l\u2019entrepreneur que nous accompagnons avant son projet. Il est donc majoritaire au capital de son entreprise et exprime le besoin d\u2019\u00eatre accompagn\u00e9. Parlez nous de votre projet m\u00eame, si vous ne remplissez pas tous les crit\u00e8res d\u2019\u00e9ligibilit\u00e9&nbsp;!<\/h2>\n\n\n\n<div style=\"height:33px\" aria-hidden=\"true\" class=\"wp-block-spacer\"><\/div>\n\n\n\n<div class=\"wp-block-buttons is-content-justification-center is-layout-flex wp-container-core-buttons-is-layout-16018d1d wp-block-buttons-is-layout-flex\">\n<div class=\"wp-block-button\"><a class=\"wp-block-button__link has-background wp-element-button\" href=\"https:\/\/www.reseau-entreprendre.org\/hainaut\/contact\/\" style=\"background-color:#000406\">Contactez-nous<\/a><\/div>\n<\/div>\n\n\n\n<div style=\"height:77px\" aria-hidden=\"true\" class=\"wp-block-spacer\"><\/div>\n\n\n\n<h5 class=\"wp-block-heading\" id=\"une-offre-complete-et-dans-la-duree\">Une offre compl\u00e8te et dans la dur\u00e9e !<\/h5>\n\n\n\n<p><strong>Accompagner :<\/strong><\/p>\n\n\n\n<ul class=\"wp-block-list\">\n<li>Enrichissement et s\u00e9curisation du Business Plan<\/li>\n\n\n\n<li>Accompagnement individuel par un chef d\u2019entreprise exp\u00e9riment\u00e9, pendant 2 \u00e0 3 ans. Rencontres mensuelles de pair \u00e0 pair<\/li>\n\n\n\n<li>Accompagnement collectif : Club des Laur\u00e9ats, lieu de partage et de renforcement, pl\u00e9biscit\u00e9 par 94% des Laur\u00e9ats.<\/li>\n<\/ul>\n\n\n\n<p><strong>Financer :<\/strong><\/p>\n\n\n\n<ul class=\"wp-block-list\">\n<li>De 15 \u00e0 50k\u20ac sous forme de pr\u00eat d\u2019honneur (sans int\u00e9r\u00eat, sans garantie) pour optimiser l\u2019effet de levier.<\/li>\n\n\n\n<li>Un \u00ab Label \u00bb pour faciliter l\u2019acc\u00e8s aux pr\u00eats bancaires.<\/li>\n<\/ul>\n\n\n\n<p><strong>Connecter :<\/strong><\/p>\n\n\n\n<ul class=\"wp-block-list\">\n<li>Des clubs entre pairs pour progresser, se former et s\u2019entraider<\/li>\n\n\n\n<li>Une int\u00e9gration dans les r\u00e9seaux \u00e9conomique locaux<\/li>\n\n\n\n<li>Un r\u00e9seau local, national et international de 13 000 chefs d\u2019entreprise<\/li>\n<\/ul>\n\n\n\n<p class=\"has-text-align-center\">L&#8217;accompagnement de R\u00e9seau Entreprendre\u00ae Hainaut s&#8217;adresse aux cr\u00e9ateurs et repreneurs qui, par l&#8217;ambition qu&#8217;ils portent, leur potentiel entrepreneurial, leur m\u00e9tier et le march\u00e9 auquel ils s&#8217;adressent, sont susceptibles de faire de leur entreprise, une PME apte \u00e0 se d\u00e9velopper.<\/p>\n\n\n\n<h4 class=\"wp-block-heading\" id=\"devenir-laureat\">Devenir Laur\u00e9at<\/h4>\n\n\n\n<p class=\"has-text-align-left\"><br>1 \u2013<strong> D\u00e9couverte du projet<\/strong> : Pr\u00e9sentation du porteur de projet et de son Business Plan (D\u00e9veloppement \u00e0 3 ans)<\/p>\n\n\n\n<p>2 \u2013 <strong>\u00c9ligibilit\u00e9<\/strong> : Nos \u00e9quipes valident que le projet r\u00e9pond aux crit\u00e8res d\u2019\u00e9ligibilit\u00e9 de R\u00e9seau entreprendre Hainaut, soit :<\/p>\n\n\n\n<ul class=\"wp-block-list\">\n<li>Si\u00e8ge social dans le Hainaut, le Douaisis, le Cambr\u00e9sis ou la Sambre<\/li>\n\n\n\n<li>Envie d\u2019\u00eatre accompagn\u00e9 et de partager son exp\u00e9rience<\/li>\n\n\n\n<li>Pr\u00e9vision de 5 emplois minimum \u00e0 3 ans<\/li>\n<\/ul>\n\n\n\n<p>3 \u2013 <strong>Professionnalisation<\/strong> : Structuration du projet avec un charg\u00e9 d\u2019\u00e9tude ; Validation aupr\u00e8s de 5 chefs d\u2019entreprise confirm\u00e9s lors d\u2019un entretien individuel.<\/p>\n\n\n\n<p>4- <strong>Comit\u00e9 d\u2019engagement<\/strong> : Pr\u00e9sentation par le candidat devant une dizaine de chefs d\u2019entreprise. D\u00e9cision d\u2019accompagnement et d\u2019octroi du pr\u00eat d\u2019honneur<\/p>\n\n\n\n<p>5- A<strong>ccompagnement du Laur\u00e9at<\/strong> : Accompagnement individuel, collectif et financier<\/p>\n\n\n\n<p>6 \u2013 <strong>Accompagnement \u00e0 vie<\/strong> : une offre sur mesure, tant pour soutenir et financer les Laur\u00e9ats \u00e0 fort potentiel que pour accompagner les Laur\u00e9ats en difficult\u00e9.<\/p>\n","protected":false},"excerpt":{"rendered":"<p>R\u00e9seau Entreprendre\u00ae Hainaut accompagne les nouveaux entrepreneurs, cr\u00e9ateurs ou repreneurs<\/p>\n","protected":false},"author":41,"featured_media":0,"parent":0,"menu_order":0,"comment_status":"closed","ping_status":"closed","template":"","meta":{"_acf_changed":false,"_monsterinsights_skip_tracking":false,"_monsterinsights_sitenote_active":false,"_monsterinsights_sitenote_note":"","_monsterinsights_sitenote_category":0,"footnotes":""},"class_list":["post-13","page","type-page","status-publish","hentry"],"acf":[],"yoast_head":"<!-- This site is optimized with the Yoast SEO plugin v27.4 - https:\/\/yoast.com\/product\/yoast-seo-wordpress\/ -->\n<title>Entreprendre | Reseau Entreprendre Hainaut<\/title>\n<meta name=\"description\" content=\"Vous avez un projet de cr\u00e9ation d&#039;entreprise ? R\u00e9seau Entreprendre Hainaut vous accompagne gratuitement et dans la dur\u00e9e\" \/>\n<meta name=\"robots\" content=\"index, follow, max-snippet:-1, max-image-preview:large, max-video-preview:-1\" \/>\n<link rel=\"canonical\" href=\"https:\/\/www.reseau-entreprendre.org\/hainaut\/entreprendre\/\" \/>\n<meta property=\"og:locale\" content=\"fr_FR\" \/>\n<meta property=\"og:type\" content=\"article\" \/>\n<meta property=\"og:title\" content=\"Entreprendre | Reseau Entreprendre Hainaut\" \/>\n<meta property=\"og:description\" content=\"Vous avez un projet de cr\u00e9ation d&#039;entreprise ? R\u00e9seau Entreprendre Hainaut vous accompagne gratuitement et dans la dur\u00e9e\" \/>\n<meta property=\"og:url\" content=\"https:\/\/www.reseau-entreprendre.org\/hainaut\/entreprendre\/\" \/>\n<meta property=\"og:site_name\" content=\"R\u00e9seau Entreprendre Hainaut\" \/>\n<meta property=\"article:modified_time\" content=\"2025-01-07T14:50:24+00:00\" \/>\n<meta name=\"twitter:card\" content=\"summary_large_image\" \/>\n<meta name=\"twitter:label1\" content=\"Dur\u00e9e de lecture estim\u00e9e\" \/>\n\t<meta name=\"twitter:data1\" content=\"3 minutes\" \/>\n<script type=\"application\/ld+json\" class=\"yoast-schema-graph\">{\"@context\":\"https:\\\/\\\/schema.org\",\"@graph\":[{\"@type\":\"WebPage\",\"@id\":\"https:\\\/\\\/www.reseau-entreprendre.org\\\/hainaut\\\/entreprendre\\\/\",\"url\":\"https:\\\/\\\/www.reseau-entreprendre.org\\\/hainaut\\\/entreprendre\\\/\",\"name\":\"Entreprendre | Reseau Entreprendre Hainaut\",\"isPartOf\":{\"@id\":\"https:\\\/\\\/www.reseau-entreprendre.org\\\/hainaut\\\/#website\"},\"datePublished\":\"2017-04-28T10:33:34+00:00\",\"dateModified\":\"2025-01-07T14:50:24+00:00\",\"description\":\"Vous avez un projet de cr\u00e9ation d'entreprise ? R\u00e9seau Entreprendre Hainaut vous accompagne gratuitement et dans la dur\u00e9e\",\"breadcrumb\":{\"@id\":\"https:\\\/\\\/www.reseau-entreprendre.org\\\/hainaut\\\/entreprendre\\\/#breadcrumb\"},\"inLanguage\":\"fr-FR\",\"potentialAction\":[{\"@type\":\"ReadAction\",\"target\":[\"https:\\\/\\\/www.reseau-entreprendre.org\\\/hainaut\\\/entreprendre\\\/\"]}]},{\"@type\":\"BreadcrumbList\",\"@id\":\"https:\\\/\\\/www.reseau-entreprendre.org\\\/hainaut\\\/entreprendre\\\/#breadcrumb\",\"itemListElement\":[{\"@type\":\"ListItem\",\"position\":1,\"name\":\"Accueil\",\"item\":\"https:\\\/\\\/www.reseau-entreprendre.org\\\/hainaut\\\/\"},{\"@type\":\"ListItem\",\"position\":2,\"name\":\"Entreprendre\"}]},{\"@type\":\"WebSite\",\"@id\":\"https:\\\/\\\/www.reseau-entreprendre.org\\\/hainaut\\\/#website\",\"url\":\"https:\\\/\\\/www.reseau-entreprendre.org\\\/hainaut\\\/\",\"name\":\"R\u00e9seau Entreprendre Hainaut\",\"description\":\"Un site utilisant Les sites de R\u00e9seau Entreprendre\",\"potentialAction\":[{\"@type\":\"SearchAction\",\"target\":{\"@type\":\"EntryPoint\",\"urlTemplate\":\"https:\\\/\\\/www.reseau-entreprendre.org\\\/hainaut\\\/?s={search_term_string}\"},\"query-input\":{\"@type\":\"PropertyValueSpecification\",\"valueRequired\":true,\"valueName\":\"search_term_string\"}}],\"inLanguage\":\"fr-FR\"}]}<\/script>\n<!-- \/ Yoast SEO plugin. -->","yoast_head_json":{"title":"Entreprendre | Reseau Entreprendre Hainaut","description":"Vous avez un projet de cr\u00e9ation d'entreprise ? R\u00e9seau Entreprendre Hainaut vous accompagne gratuitement et dans la dur\u00e9e","robots":{"index":"index","follow":"follow","max-snippet":"max-snippet:-1","max-image-preview":"max-image-preview:large","max-video-preview":"max-video-preview:-1"},"canonical":"https:\/\/www.reseau-entreprendre.org\/hainaut\/entreprendre\/","og_locale":"fr_FR","og_type":"article","og_title":"Entreprendre | Reseau Entreprendre Hainaut","og_description":"Vous avez un projet de cr\u00e9ation d'entreprise ? R\u00e9seau Entreprendre Hainaut vous accompagne gratuitement et dans la dur\u00e9e","og_url":"https:\/\/www.reseau-entreprendre.org\/hainaut\/entreprendre\/","og_site_name":"R\u00e9seau Entreprendre Hainaut","article_modified_time":"2025-01-07T14:50:24+00:00","twitter_card":"summary_large_image","twitter_misc":{"Dur\u00e9e de lecture estim\u00e9e":"3 minutes"},"schema":{"@context":"https:\/\/schema.org","@graph":[{"@type":"WebPage","@id":"https:\/\/www.reseau-entreprendre.org\/hainaut\/entreprendre\/","url":"https:\/\/www.reseau-entreprendre.org\/hainaut\/entreprendre\/","name":"Entreprendre | Reseau Entreprendre Hainaut","isPartOf":{"@id":"https:\/\/www.reseau-entreprendre.org\/hainaut\/#website"},"datePublished":"2017-04-28T10:33:34+00:00","dateModified":"2025-01-07T14:50:24+00:00","description":"Vous avez un projet de cr\u00e9ation d'entreprise ? R\u00e9seau Entreprendre Hainaut vous accompagne gratuitement et dans la dur\u00e9e","breadcrumb":{"@id":"https:\/\/www.reseau-entreprendre.org\/hainaut\/entreprendre\/#breadcrumb"},"inLanguage":"fr-FR","potentialAction":[{"@type":"ReadAction","target":["https:\/\/www.reseau-entreprendre.org\/hainaut\/entreprendre\/"]}]},{"@type":"BreadcrumbList","@id":"https:\/\/www.reseau-entreprendre.org\/hainaut\/entreprendre\/#breadcrumb","itemListElement":[{"@type":"ListItem","position":1,"name":"Accueil","item":"https:\/\/www.reseau-entreprendre.org\/hainaut\/"},{"@type":"ListItem","position":2,"name":"Entreprendre"}]},{"@type":"WebSite","@id":"https:\/\/www.reseau-entreprendre.org\/hainaut\/#website","url":"https:\/\/www.reseau-entreprendre.org\/hainaut\/","name":"R\u00e9seau Entreprendre Hainaut","description":"Un site utilisant Les sites de R\u00e9seau Entreprendre","potentialAction":[{"@type":"SearchAction","target":{"@type":"EntryPoint","urlTemplate":"https:\/\/www.reseau-entreprendre.org\/hainaut\/?s={search_term_string}"},"query-input":{"@type":"PropertyValueSpecification","valueRequired":true,"valueName":"search_term_string"}}],"inLanguage":"fr-FR"}]}},"_links":{"self":[{"href":"https:\/\/www.reseau-entreprendre.org\/hainaut\/wp-json\/wp\/v2\/pages\/13","targetHints":{"allow":["GET"]}}],"collection":[{"href":"https:\/\/www.reseau-entreprendre.org\/hainaut\/wp-json\/wp\/v2\/pages"}],"about":[{"href":"https:\/\/www.reseau-entreprendre.org\/hainaut\/wp-json\/wp\/v2\/types\/page"}],"author":[{"embeddable":true,"href":"https:\/\/www.reseau-entreprendre.org\/hainaut\/wp-json\/wp\/v2\/users\/41"}],"replies":[{"embeddable":true,"href":"https:\/\/www.reseau-entreprendre.org\/hainaut\/wp-json\/wp\/v2\/comments?post=13"}],"version-history":[{"count":0,"href":"https:\/\/www.reseau-entreprendre.org\/hainaut\/wp-json\/wp\/v2\/pages\/13\/revisions"}],"wp:attachment":[{"href":"https:\/\/www.reseau-entreprendre.org\/hainaut\/wp-json\/wp\/v2\/media?parent=13"}],"curies":[{"name":"wp","href":"https:\/\/api.w.org\/{rel}","templated":true}]}}