{"id":15,"date":"2017-04-28T12:33:47","date_gmt":"2017-04-28T10:33:47","guid":{"rendered":"http:\/\/re-dev-entreprendre.fr\/hainaut\/?page_id=15"},"modified":"2024-11-05T15:48:21","modified_gmt":"2024-11-05T14:48:21","slug":"accompagner","status":"publish","type":"page","link":"https:\/\/www.reseau-entreprendre.org\/hainaut\/accompagner\/","title":{"rendered":"Accompagner"},"content":{"rendered":"\n<h1 class=\"wp-block-heading has-re-blue-color has-text-color\" id=\"l-accompagnement-de-reseau-entreprendre-hainaut-est-fonde-sur-la-gratuite-et-l-entraide-entre-chefs-d-entreprise\"><strong>Vous avez le pouvoir \u2026<\/strong><\/h1>\n\n\n\n<div style=\"height:34px\" aria-hidden=\"true\" class=\"wp-block-spacer\"><\/div>\n\n\n\n<figure class=\"wp-block-embed aligncenter is-type-video is-provider-youtube wp-block-embed-youtube wp-embed-aspect-16-9 wp-has-aspect-ratio\"><div class=\"wp-block-embed__wrapper\">\n<iframe loading=\"lazy\" title=\"Rejoins R\u00e9seau Entreprendre\u00ae\" width=\"500\" height=\"281\" src=\"https:\/\/www.youtube.com\/embed\/ELn6m1a7j20?feature=oembed\" frameborder=\"0\" allow=\"accelerometer; autoplay; clipboard-write; encrypted-media; gyroscope; picture-in-picture; web-share\" referrerpolicy=\"strict-origin-when-cross-origin\" allowfullscreen><\/iframe>\n<\/div><\/figure>\n\n\n\n<div style=\"height:57px\" aria-hidden=\"true\" class=\"wp-block-spacer\"><\/div>\n\n\n\n<h1 class=\"wp-block-heading has-re-red-color has-text-color\" id=\"l-accompagnement-de-reseau-entreprendre-hainaut-est-fonde-sur-la-gratuite-et-l-entraide-entre-chefs-d-entreprise\">L&#8217; accompagnement de R\u00e9seau Entreprendre\u00ae Hainaut est fond\u00e9 sur la gratuit\u00e9 et l&#8217;entraide entre chefs d&#8217;entreprise<\/h1>\n\n\n\n<p>L&#8217;accompagnement de R\u00e9seau Entreprendre\u00ae Hainaut est fond\u00e9 sur 3 principes d&#8217;actions fondamentaux et indissociables. Au-del\u00e0 d&#8217;une marque, d&#8217;une cible et d&#8217;une offre communes, les associations R\u00e9seau Entreprendre partagent ces principes d&#8217;action qui, en plus de 30 ans, ont fait la preuve de leur efficacit\u00e9 :<\/p>\n\n\n\n<p><strong>L&#8217;important, c&#8217;est la personne<\/strong><br>\nAvant la qualit\u00e9 du projet qu&#8217;elle porte, c&#8217;est la personne m\u00eame, son potentiel \u00e0 devenir entrepreneur, qui mobilise le soutien des chefs d&#8217;entreprise<\/p>\n\n\n\n<p><strong>Le principe c&#8217;est la gratuit\u00e9<\/strong><br>\nLa gratuit\u00e9 de l&#8217;offre aux cr\u00e9ateurs et repreneurs pour que toutes leurs ressources contribuent \u00e0 la r\u00e9ussite de leur projet ; esprit de gratuit\u00e9 de ceux qui les accompagnent (citoyennet\u00e9 \u00e9conomique)<\/p>\n\n\n\n<p><strong>L&#8217;esprit, c&#8217;est la r\u00e9ciprocit\u00e9<\/strong><br>\nLes b\u00e9n\u00e9ficiaires sont invit\u00e9s \u00e0 rendre demain \u00e0 d&#8217;autres, ce qu&#8217;ils re\u00e7oivent aujourd&#8217;hui, devenant ainsi le maillon d&#8217;une cha\u00eene d&#8217;entraide entre chefs d&#8217;entreprise.<\/p>\n\n\n\n<div style=\"height:57px\" aria-hidden=\"true\" class=\"wp-block-spacer\"><\/div>\n\n\n\n<h3 class=\"wp-block-heading has-re-blue-color has-text-color\" id=\"vous-avez-le-pouvoir-de-creer-de-l-emploi-sur-votre-territoire\">Vous avez le pouvoir de cr\u00e9er de l&#8217;emploi sur VOTRE territoire !<\/h3>\n\n\n\n<p>C\u2019est gr\u00e2ce \u00e0 l\u2019engagement de ses adh\u00e9rents, que R\u00e9seau Entreprendre\u00ae Hainaut est devenu un acteur majeur de la r\u00e9ussite des entrepreneurs et de la cr\u00e9ation d\u2019emplois sur son territoire.<\/p>\n\n\n\n<p>Tout comme les 100 membres de l\u2019Association, donnez le temps que vous voulez !<\/p>\n\n\n\n<p>&#8211;&nbsp;&nbsp;&nbsp;&nbsp;&nbsp;&nbsp;&nbsp; <strong>Partagez votre exp\u00e9rience<\/strong> : Intervenez en club des Laur\u00e9ats, et transmettez votre passion et votre exp\u00e9rience de chef d\u2019entreprise<\/p>\n\n\n\n<p>&#8211;&nbsp;&nbsp;&nbsp;&nbsp;&nbsp;&nbsp;<strong>&nbsp; Validez<\/strong> : Rencontrer des porteurs de projet lors du parcours de validation afin de donner votre avis sur leur projet et les challenger<\/p>\n\n\n\n<p>&#8211;&nbsp;&nbsp;&nbsp;&nbsp;&nbsp;&nbsp;&nbsp;<strong> D\u00e9cidez<\/strong> : Participez aux comit\u00e9s d\u2019engagement et \u00e0 la d\u00e9cision d\u2019accompagnement et d\u2019octroi du pr\u00eat d\u2019honneur au candidat<\/p>\n\n\n\n<p>&#8211;&nbsp;&nbsp;&nbsp;&nbsp;&nbsp;&nbsp;&nbsp;<strong> Accompagnez<\/strong> : Devenez accompagnateur d\u2019un Laur\u00e9at pendant 2 ans. Rencontrez-le mensuellement pour lui apporter votre exp\u00e9rience de chef d\u2019entreprise<\/p>\n\n\n\n<p>&#8211;&nbsp;&nbsp;&nbsp;&nbsp;&nbsp;&nbsp;&nbsp;<strong> Participez<\/strong> \u00e0 un groupe de travail<\/p>\n\n\n\n<p>&#8211;&nbsp;&nbsp;&nbsp;&nbsp;&nbsp;&nbsp;&nbsp;<strong> Participez aux \u00e9v\u00e8nements organis\u00e9s<\/strong> : Conviviale, Matinales, Club des Laur\u00e9ats, Soir\u00e9e des Laur\u00e9ats, Assembl\u00e9e G\u00e9n\u00e9rale, \u2026<\/p>\n\n\n\n<p>&#8211;&nbsp;&nbsp;&nbsp;&nbsp;&nbsp;&nbsp;&nbsp; <strong>Devenez ambassadeur<\/strong> : Portez la bonne parole de l\u2019entraide entrepreneuriale autour de vous<\/p>\n\n\n\n<p>&#8211;&nbsp;&nbsp;&nbsp;&nbsp;&nbsp;&nbsp;&nbsp;<strong> B\u00e9n\u00e9ficiez d\u2019une r\u00e9duction d\u2019imp\u00f4t<\/strong>. (60% de l\u2019IS ou 66% de l\u2019IRPP, voir limites fiscales)<\/p>\n\n\n\n<div style=\"height:45px\" aria-hidden=\"true\" class=\"wp-block-spacer\"><\/div>\n\n\n\n<h2 class=\"wp-block-heading has-re-red-color has-text-color\" id=\"devenez-mecenes\">Devenez M\u00e9c\u00e8nes<\/h2>\n\n\n\n<div style=\"height:20px\" aria-hidden=\"true\" class=\"wp-block-spacer\"><\/div>\n\n\n\n<p>Etre M\u00e9c\u00e8nes de R\u00e9seau Entreprendre Hainaut s&#8217;est associer votre image \u00e0 :<\/p>\n\n\n\n<ul class=\"wp-block-list is-style-list-arrows\">\n<li>1\u00e8re r\u00e9seau d&#8217;entreprise qui place l&#8217;Humain au centre de son action<\/li>\n\n\n\n<li>Nos valeurs entrepreneurials telles que l&#8217;audace, la cr\u00e9ativit\u00e9 et l&#8217;adaptation<\/li>\n\n\n\n<li>1\u00e8re r\u00e9seau d&#8217;entreprise actifs, dynamiques et positifs<\/li>\n\n\n\n<li>L&#8217;av\u00e8nement des entreprises de demain dans le Hainaut  <\/li>\n<\/ul>\n\n\n\n<div style=\"height:28px\" aria-hidden=\"true\" class=\"wp-block-spacer\"><\/div>\n\n\n\n<h2 class=\"wp-block-heading has-re-blue-color has-text-color\" id=\"chef-d-entreprise-devenez-accompagnateuret-aidez-les-entrepreneurs-a-reussir-leur-creation-reprise-ou-croissance\">Chef d\u2019entreprise, devenez accompagnateur<br>et aidez les entrepreneurs \u00e0 r\u00e9ussir leur Cr\u00e9ation, Reprise ou Croissance !<\/h2>\n\n\n\n<p>Depuis 1986, les entrepreneurs Membres de R\u00e9seau Entreprendre sont au coeur d\u2019un dispositif d\u2019accompagnement qui allie exp\u00e9rience, bienveillance et m\u00e9thodes d\u2019entreprise.<\/p>\n\n\n\n<p>Notre m\u00e9tier, c\u2019est d\u2019accompagner des entrepreneurs significativement cr\u00e9ateurs d\u2019emplois et de richesses.<\/p>\n\n\n\n<p>Les entrepreneurs Laur\u00e9ats de R\u00e9seau Entreprendre (cr\u00e9ateurs, repreneurs ou chef d\u2019entreprise en croissance), b\u00e9n\u00e9ficient ainsi d\u2019un accompagnement gratuit, \u00e0 la fois individuel et collectif, au sein d\u2019une communaut\u00e9 d\u2019entrepreneurs b\u00e9n\u00e9voles, durant une p\u00e9riode deux \u00e0 trois ans.<br>Le lien de confiance qui s\u2019installe entre le Membre b\u00e9n\u00e9vole et la personne accompagn\u00e9e (Laur\u00e9at-e) permet de partager son exp\u00e9rience et d\u2019accompagner vers la r\u00e9ussite des pairs Cr\u00e9ateurs et Repreneurs d\u2019entreprise ou connaissant une p\u00e9riode de forte Croissance n\u00e9cessitant une restructuration de l\u2019entreprise.<\/p>\n\n\n\n<p>Devenir Membre R\u00e9seau Entreprendre, c\u2019est aussi rejoindre plus de 13 000 chefs d\u2019entreprises b\u00e9n\u00e9voles pr\u00e9sents en France et \u00e0 l\u2019international, tous unis autour des m\u00eames valeurs humaines, soci\u00e9tales et entrepreneuriales.<\/p>\n\n\n\n<p><a href=\"https:\/\/www.reseau-entreprendre.org\/hainaut\/contact\/\">Contactez notre \u00e9quipe pour en savoir +<\/a><\/p>\n\n\n\n<div style=\"height:42px\" aria-hidden=\"true\" class=\"wp-block-spacer\"><\/div>\n\n\n\n<div class=\"wp-block-columns are-vertically-aligned-center is-layout-flex wp-container-core-columns-is-layout-9d6595d7 wp-block-columns-is-layout-flex\"><\/div>\n\n\n\n<div class=\"wp-block-columns are-vertically-aligned-center is-layout-flex wp-container-core-columns-is-layout-9d6595d7 wp-block-columns-is-layout-flex\">\n<div class=\"wp-block-column is-vertically-aligned-center is-layout-flow wp-block-column-is-layout-flow\" style=\"flex-basis:66.66%\">\n<p><\/p>\n<\/div>\n\n\n\n<div class=\"wp-block-column is-vertically-aligned-center is-layout-flow wp-block-column-is-layout-flow\" style=\"flex-basis:33.33%\"><\/div>\n<\/div>\n","protected":false},"excerpt":{"rendered":"<p>Vous avez le pouvoir \u2026 L&#8217; accompagnement de R\u00e9seau Entreprendre\u00ae<\/p>\n","protected":false},"author":41,"featured_media":0,"parent":0,"menu_order":0,"comment_status":"closed","ping_status":"closed","template":"","meta":{"_acf_changed":false,"_monsterinsights_skip_tracking":false,"_monsterinsights_sitenote_active":false,"_monsterinsights_sitenote_note":"","_monsterinsights_sitenote_category":0,"footnotes":""},"class_list":["post-15","page","type-page","status-publish","hentry"],"acf":[],"yoast_head":"<!-- This site is optimized with the Yoast SEO plugin v27.4 - https:\/\/yoast.com\/product\/yoast-seo-wordpress\/ -->\n<title>Accompagner| Reseau Entreprendre Hainaut<\/title>\n<meta name=\"description\" content=\"Vous \u00eates chef d&#039;entreprise et souhaitez accompagner de nouveaux entrepreneurs ? Devenez membre b\u00e9n\u00e9vole de R\u00e9seau Entreprendre Hainaut !\" \/>\n<meta name=\"robots\" content=\"index, follow, max-snippet:-1, max-image-preview:large, max-video-preview:-1\" \/>\n<link rel=\"canonical\" href=\"https:\/\/www.reseau-entreprendre.org\/hainaut\/accompagner\/\" \/>\n<meta property=\"og:locale\" content=\"fr_FR\" \/>\n<meta property=\"og:type\" content=\"article\" \/>\n<meta property=\"og:title\" content=\"Accompagner| Reseau Entreprendre Hainaut\" \/>\n<meta property=\"og:description\" content=\"Vous \u00eates chef d&#039;entreprise et souhaitez accompagner de nouveaux entrepreneurs ? Devenez membre b\u00e9n\u00e9vole de R\u00e9seau Entreprendre Hainaut !\" \/>\n<meta property=\"og:url\" content=\"https:\/\/www.reseau-entreprendre.org\/hainaut\/accompagner\/\" \/>\n<meta property=\"og:site_name\" content=\"R\u00e9seau Entreprendre Hainaut\" \/>\n<meta property=\"article:modified_time\" content=\"2024-11-05T14:48:21+00:00\" \/>\n<meta name=\"twitter:card\" content=\"summary_large_image\" \/>\n<meta name=\"twitter:label1\" content=\"Dur\u00e9e de lecture estim\u00e9e\" \/>\n\t<meta name=\"twitter:data1\" content=\"3 minutes\" \/>\n<script type=\"application\/ld+json\" class=\"yoast-schema-graph\">{\"@context\":\"https:\\\/\\\/schema.org\",\"@graph\":[{\"@type\":\"WebPage\",\"@id\":\"https:\\\/\\\/www.reseau-entreprendre.org\\\/hainaut\\\/accompagner\\\/\",\"url\":\"https:\\\/\\\/www.reseau-entreprendre.org\\\/hainaut\\\/accompagner\\\/\",\"name\":\"Accompagner| Reseau Entreprendre Hainaut\",\"isPartOf\":{\"@id\":\"https:\\\/\\\/www.reseau-entreprendre.org\\\/hainaut\\\/#website\"},\"datePublished\":\"2017-04-28T10:33:47+00:00\",\"dateModified\":\"2024-11-05T14:48:21+00:00\",\"description\":\"Vous \u00eates chef d'entreprise et souhaitez accompagner de nouveaux entrepreneurs ? Devenez membre b\u00e9n\u00e9vole de R\u00e9seau Entreprendre Hainaut !\",\"breadcrumb\":{\"@id\":\"https:\\\/\\\/www.reseau-entreprendre.org\\\/hainaut\\\/accompagner\\\/#breadcrumb\"},\"inLanguage\":\"fr-FR\",\"potentialAction\":[{\"@type\":\"ReadAction\",\"target\":[\"https:\\\/\\\/www.reseau-entreprendre.org\\\/hainaut\\\/accompagner\\\/\"]}]},{\"@type\":\"BreadcrumbList\",\"@id\":\"https:\\\/\\\/www.reseau-entreprendre.org\\\/hainaut\\\/accompagner\\\/#breadcrumb\",\"itemListElement\":[{\"@type\":\"ListItem\",\"position\":1,\"name\":\"Accueil\",\"item\":\"https:\\\/\\\/www.reseau-entreprendre.org\\\/hainaut\\\/\"},{\"@type\":\"ListItem\",\"position\":2,\"name\":\"Accompagner\"}]},{\"@type\":\"WebSite\",\"@id\":\"https:\\\/\\\/www.reseau-entreprendre.org\\\/hainaut\\\/#website\",\"url\":\"https:\\\/\\\/www.reseau-entreprendre.org\\\/hainaut\\\/\",\"name\":\"R\u00e9seau Entreprendre Hainaut\",\"description\":\"Un site utilisant Les sites de R\u00e9seau Entreprendre\",\"potentialAction\":[{\"@type\":\"SearchAction\",\"target\":{\"@type\":\"EntryPoint\",\"urlTemplate\":\"https:\\\/\\\/www.reseau-entreprendre.org\\\/hainaut\\\/?s={search_term_string}\"},\"query-input\":{\"@type\":\"PropertyValueSpecification\",\"valueRequired\":true,\"valueName\":\"search_term_string\"}}],\"inLanguage\":\"fr-FR\"}]}<\/script>\n<!-- \/ Yoast SEO plugin. -->","yoast_head_json":{"title":"Accompagner| Reseau Entreprendre Hainaut","description":"Vous \u00eates chef d'entreprise et souhaitez accompagner de nouveaux entrepreneurs ? Devenez membre b\u00e9n\u00e9vole de R\u00e9seau Entreprendre Hainaut !","robots":{"index":"index","follow":"follow","max-snippet":"max-snippet:-1","max-image-preview":"max-image-preview:large","max-video-preview":"max-video-preview:-1"},"canonical":"https:\/\/www.reseau-entreprendre.org\/hainaut\/accompagner\/","og_locale":"fr_FR","og_type":"article","og_title":"Accompagner| Reseau Entreprendre Hainaut","og_description":"Vous \u00eates chef d'entreprise et souhaitez accompagner de nouveaux entrepreneurs ? Devenez membre b\u00e9n\u00e9vole de R\u00e9seau Entreprendre Hainaut !","og_url":"https:\/\/www.reseau-entreprendre.org\/hainaut\/accompagner\/","og_site_name":"R\u00e9seau Entreprendre Hainaut","article_modified_time":"2024-11-05T14:48:21+00:00","twitter_card":"summary_large_image","twitter_misc":{"Dur\u00e9e de lecture estim\u00e9e":"3 minutes"},"schema":{"@context":"https:\/\/schema.org","@graph":[{"@type":"WebPage","@id":"https:\/\/www.reseau-entreprendre.org\/hainaut\/accompagner\/","url":"https:\/\/www.reseau-entreprendre.org\/hainaut\/accompagner\/","name":"Accompagner| Reseau Entreprendre Hainaut","isPartOf":{"@id":"https:\/\/www.reseau-entreprendre.org\/hainaut\/#website"},"datePublished":"2017-04-28T10:33:47+00:00","dateModified":"2024-11-05T14:48:21+00:00","description":"Vous \u00eates chef d'entreprise et souhaitez accompagner de nouveaux entrepreneurs ? Devenez membre b\u00e9n\u00e9vole de R\u00e9seau Entreprendre Hainaut !","breadcrumb":{"@id":"https:\/\/www.reseau-entreprendre.org\/hainaut\/accompagner\/#breadcrumb"},"inLanguage":"fr-FR","potentialAction":[{"@type":"ReadAction","target":["https:\/\/www.reseau-entreprendre.org\/hainaut\/accompagner\/"]}]},{"@type":"BreadcrumbList","@id":"https:\/\/www.reseau-entreprendre.org\/hainaut\/accompagner\/#breadcrumb","itemListElement":[{"@type":"ListItem","position":1,"name":"Accueil","item":"https:\/\/www.reseau-entreprendre.org\/hainaut\/"},{"@type":"ListItem","position":2,"name":"Accompagner"}]},{"@type":"WebSite","@id":"https:\/\/www.reseau-entreprendre.org\/hainaut\/#website","url":"https:\/\/www.reseau-entreprendre.org\/hainaut\/","name":"R\u00e9seau Entreprendre Hainaut","description":"Un site utilisant Les sites de R\u00e9seau Entreprendre","potentialAction":[{"@type":"SearchAction","target":{"@type":"EntryPoint","urlTemplate":"https:\/\/www.reseau-entreprendre.org\/hainaut\/?s={search_term_string}"},"query-input":{"@type":"PropertyValueSpecification","valueRequired":true,"valueName":"search_term_string"}}],"inLanguage":"fr-FR"}]}},"_links":{"self":[{"href":"https:\/\/www.reseau-entreprendre.org\/hainaut\/wp-json\/wp\/v2\/pages\/15","targetHints":{"allow":["GET"]}}],"collection":[{"href":"https:\/\/www.reseau-entreprendre.org\/hainaut\/wp-json\/wp\/v2\/pages"}],"about":[{"href":"https:\/\/www.reseau-entreprendre.org\/hainaut\/wp-json\/wp\/v2\/types\/page"}],"author":[{"embeddable":true,"href":"https:\/\/www.reseau-entreprendre.org\/hainaut\/wp-json\/wp\/v2\/users\/41"}],"replies":[{"embeddable":true,"href":"https:\/\/www.reseau-entreprendre.org\/hainaut\/wp-json\/wp\/v2\/comments?post=15"}],"version-history":[{"count":0,"href":"https:\/\/www.reseau-entreprendre.org\/hainaut\/wp-json\/wp\/v2\/pages\/15\/revisions"}],"wp:attachment":[{"href":"https:\/\/www.reseau-entreprendre.org\/hainaut\/wp-json\/wp\/v2\/media?parent=15"}],"curies":[{"name":"wp","href":"https:\/\/api.w.org\/{rel}","templated":true}]}}