{"id":17,"date":"2017-04-28T12:34:01","date_gmt":"2017-04-28T10:34:01","guid":{"rendered":"http:\/\/re-dev-entreprendre.fr\/hainaut\/?page_id=17"},"modified":"2021-10-19T14:24:48","modified_gmt":"2021-10-19T12:24:48","slug":"soutenir","status":"publish","type":"page","link":"https:\/\/www.reseau-entreprendre.org\/hainaut\/soutenir\/","title":{"rendered":"Soutenir"},"content":{"rendered":"\n<p><strong>Soutenez notre action et devenez partenaire de R\u00e9seau Entreprendre\u00ae Hainaut !<\/strong><\/p>\n\n\n\n<p>Toutes les associations de R\u00e9seau Entreprendre\u00ae sont ind\u00e9pendantes et financ\u00e9es dans leur exploitation, par les chefs d\u2019entreprise de leur r\u00e9gion : membres adh\u00e9rents, membres bienfaiteurs, anciens laur\u00e9ats, partenaires institutionnels et financiers. Ce financement priv\u00e9 permet d\u2019offrir un accompagnement individuel et collectif, gratuit \u00e0 nos laur\u00e9ats pendant 2 \u00e0 3 ans.<\/p>\n\n\n\n<h2 class=\"has-re-blue-color has-text-color wp-block-heading\">\u00catre partenaire de R\u00e9seau Entreprendre\u00ae Hainaut, c&#8217;est :<\/h2>\n\n\n\n<ul class=\"wp-block-list\"><li>Affirmer votre implication et votre engagement dans la vie \u00e9conomique du territoire<\/li><li>Soutenir la cr\u00e9ation d\u2019emplois durables dans la r\u00e9gion<\/li><li>Participer \u00e0 un r\u00e9seau dynamique de chefs d&#8217;entreprises engag\u00e9s.<\/li><li>D\u00e9velopper l\u2019esprit entrepreneurial et ses valeurs telles que l\u2019audace, cr\u00e9ativit\u00e9, adaptation, \u2026<\/li><\/ul>\n\n\n\n<p>Vos avantages :<\/p>\n\n\n\n<p>&#8211; &nbsp;&nbsp;&nbsp;&nbsp;&nbsp;&nbsp; Participez \u00e0 tous les \u00e9v\u00e8nements organis\u00e9s par R\u00e9seau Entreprendre\u00ae Hainaut :<\/p>\n\n\n\n<p>o&nbsp;&nbsp; <strong>Conviviale<\/strong> : Nous rassemblons tous les 2 mois, l\u2019ensemble de nos Membres et Laur\u00e9ats, pour favoriser les \u00e9changes au sein de notre \u00e9cosyst\u00e8me.<\/p>\n\n\n\n<p>o&nbsp;&nbsp; <strong>Matinale<\/strong> : Nous organisons tous les 2 mois l\u2019intervention d\u2019un expert sur une th\u00e9matique pr\u00e9cise. (L\u2019ouverture du Capital social, la gestion du BFR, les leviers du web, \u2026)<\/p>\n\n\n\n<p>o&nbsp;&nbsp; <strong>Conf\u00e9rence<\/strong><\/p>\n\n\n\n<p>o&nbsp;&nbsp;<strong> Et bien d\u2019autres \u2026<\/strong><\/p>\n\n\n\n<p>&#8211;&nbsp;&nbsp;&nbsp;&nbsp;&nbsp;&nbsp;&nbsp; B\u00e9n\u00e9ficiez d\u2019une forte visibilit\u00e9 durant nos \u00e9v\u00e8nements m\u00e9diatiques, \u00e0 l\u2019image de notre Soir\u00e9e des Laur\u00e9ats, l\u2019\u00e9v\u00e9nement majeur de notre association.<\/p>\n\n\n\n<p>Celle-ci a rassembl\u00e9 le 6 avril dernier, 330 chefs d\u2019entreprise, institutionnels et financiers \u00e0 la Cit\u00e9 des Congr\u00e8s de Valenciennes. C\u2019est l\u2019occasion pour nous de pr\u00e9senter nos Laur\u00e9ats de l\u2019ann\u00e9e pr\u00e9c\u00e9dente et leur projet tout en rassemblant un vaste public de d\u00e9cideurs. C\u2019est le rendez-vous annuel \u00e9conomique \u00e0 ne pas rater !<\/p>\n\n\n\n<p>&#8211;&nbsp;&nbsp;&nbsp;&nbsp;&nbsp;&nbsp;&nbsp; Associer votre image notre association<\/p>\n\n\n\n<p>&#8211;&nbsp;&nbsp;&nbsp;&nbsp;&nbsp;&nbsp;&nbsp; Diff\u00e9rencier votre communication gr\u00e2ce \u00e0 nos supports qualitatifs et cibl\u00e9s.<\/p>\n\n\n\n<div class=\"wp-block-image\"><figure class=\"aligncenter\"><img loading=\"lazy\" decoding=\"async\" width=\"300\" height=\"225\" src=\"https:\/\/www.reseau-entreprendre.org\/wp-content\/uploads\/sites\/39\/2017\/04\/logo-partenaire-hainaut-couleur-300x225.png\" alt=\"\" class=\"wp-image-585\" srcset=\"https:\/\/www.reseau-entreprendre.org\/hainaut\/wp-content\/uploads\/sites\/39\/2017\/04\/logo-partenaire-hainaut-couleur-300x225.png 300w, https:\/\/www.reseau-entreprendre.org\/hainaut\/wp-content\/uploads\/sites\/39\/2017\/04\/logo-partenaire-hainaut-couleur-768x576.png 768w, https:\/\/www.reseau-entreprendre.org\/hainaut\/wp-content\/uploads\/sites\/39\/2017\/04\/logo-partenaire-hainaut-couleur-1024x768.png 1024w\" sizes=\"auto, (max-width: 300px) 100vw, 300px\" \/><\/figure><\/div>\n","protected":false},"excerpt":{"rendered":"<p>Soutenez notre action et devenez partenaire de R\u00e9seau Entreprendre\u00ae Hainaut<\/p>\n","protected":false},"author":1,"featured_media":0,"parent":0,"menu_order":0,"comment_status":"closed","ping_status":"closed","template":"","meta":{"_acf_changed":false,"_monsterinsights_skip_tracking":false,"_monsterinsights_sitenote_active":false,"_monsterinsights_sitenote_note":"","_monsterinsights_sitenote_category":0,"footnotes":""},"class_list":["post-17","page","type-page","status-publish","hentry"],"acf":[],"yoast_head":"<!-- This site is optimized with the Yoast SEO plugin v27.4 - https:\/\/yoast.com\/product\/yoast-seo-wordpress\/ -->\n<title>Soutenir | Reseau Entreprendre Hainaut<\/title>\n<meta name=\"description\" content=\"Partenaire, vous souhaitez soutenir un r\u00e9seau 100% chefs d&#039;entreprise ? Rejoignez R\u00e9seau Entreprendre Hainaut\" \/>\n<meta name=\"robots\" content=\"index, follow, max-snippet:-1, max-image-preview:large, max-video-preview:-1\" \/>\n<link rel=\"canonical\" href=\"https:\/\/www.reseau-entreprendre.org\/hainaut\/soutenir\/\" \/>\n<meta property=\"og:locale\" content=\"fr_FR\" \/>\n<meta property=\"og:type\" content=\"article\" \/>\n<meta property=\"og:title\" content=\"Soutenir | Reseau Entreprendre Hainaut\" \/>\n<meta property=\"og:description\" content=\"Partenaire, vous souhaitez soutenir un r\u00e9seau 100% chefs d&#039;entreprise ? Rejoignez R\u00e9seau Entreprendre Hainaut\" \/>\n<meta property=\"og:url\" content=\"https:\/\/www.reseau-entreprendre.org\/hainaut\/soutenir\/\" \/>\n<meta property=\"og:site_name\" content=\"R\u00e9seau Entreprendre Hainaut\" \/>\n<meta property=\"article:modified_time\" content=\"2021-10-19T12:24:48+00:00\" \/>\n<meta property=\"og:image\" content=\"https:\/\/www.reseau-entreprendre.org\/wp-content\/uploads\/sites\/39\/2017\/04\/logo-partenaire-hainaut-couleur-300x225.png\" \/>\n<meta name=\"twitter:card\" content=\"summary_large_image\" \/>\n<meta name=\"twitter:label1\" content=\"Dur\u00e9e de lecture estim\u00e9e\" \/>\n\t<meta name=\"twitter:data1\" content=\"2 minutes\" \/>\n<script type=\"application\/ld+json\" class=\"yoast-schema-graph\">{\"@context\":\"https:\\\/\\\/schema.org\",\"@graph\":[{\"@type\":\"WebPage\",\"@id\":\"https:\\\/\\\/www.reseau-entreprendre.org\\\/hainaut\\\/soutenir\\\/\",\"url\":\"https:\\\/\\\/www.reseau-entreprendre.org\\\/hainaut\\\/soutenir\\\/\",\"name\":\"Soutenir | Reseau Entreprendre Hainaut\",\"isPartOf\":{\"@id\":\"https:\\\/\\\/www.reseau-entreprendre.org\\\/hainaut\\\/#website\"},\"primaryImageOfPage\":{\"@id\":\"https:\\\/\\\/www.reseau-entreprendre.org\\\/hainaut\\\/soutenir\\\/#primaryimage\"},\"image\":{\"@id\":\"https:\\\/\\\/www.reseau-entreprendre.org\\\/hainaut\\\/soutenir\\\/#primaryimage\"},\"thumbnailUrl\":\"https:\\\/\\\/www.reseau-entreprendre.org\\\/wp-content\\\/uploads\\\/sites\\\/39\\\/2017\\\/04\\\/logo-partenaire-hainaut-couleur-300x225.png\",\"datePublished\":\"2017-04-28T10:34:01+00:00\",\"dateModified\":\"2021-10-19T12:24:48+00:00\",\"description\":\"Partenaire, vous souhaitez soutenir un r\u00e9seau 100% chefs d'entreprise ? Rejoignez R\u00e9seau Entreprendre Hainaut\",\"breadcrumb\":{\"@id\":\"https:\\\/\\\/www.reseau-entreprendre.org\\\/hainaut\\\/soutenir\\\/#breadcrumb\"},\"inLanguage\":\"fr-FR\",\"potentialAction\":[{\"@type\":\"ReadAction\",\"target\":[\"https:\\\/\\\/www.reseau-entreprendre.org\\\/hainaut\\\/soutenir\\\/\"]}]},{\"@type\":\"ImageObject\",\"inLanguage\":\"fr-FR\",\"@id\":\"https:\\\/\\\/www.reseau-entreprendre.org\\\/hainaut\\\/soutenir\\\/#primaryimage\",\"url\":\"https:\\\/\\\/www.reseau-entreprendre.org\\\/wp-content\\\/uploads\\\/sites\\\/39\\\/2017\\\/04\\\/logo-partenaire-hainaut-couleur-300x225.png\",\"contentUrl\":\"https:\\\/\\\/www.reseau-entreprendre.org\\\/wp-content\\\/uploads\\\/sites\\\/39\\\/2017\\\/04\\\/logo-partenaire-hainaut-couleur-300x225.png\"},{\"@type\":\"BreadcrumbList\",\"@id\":\"https:\\\/\\\/www.reseau-entreprendre.org\\\/hainaut\\\/soutenir\\\/#breadcrumb\",\"itemListElement\":[{\"@type\":\"ListItem\",\"position\":1,\"name\":\"Accueil\",\"item\":\"https:\\\/\\\/www.reseau-entreprendre.org\\\/hainaut\\\/\"},{\"@type\":\"ListItem\",\"position\":2,\"name\":\"Soutenir\"}]},{\"@type\":\"WebSite\",\"@id\":\"https:\\\/\\\/www.reseau-entreprendre.org\\\/hainaut\\\/#website\",\"url\":\"https:\\\/\\\/www.reseau-entreprendre.org\\\/hainaut\\\/\",\"name\":\"R\u00e9seau Entreprendre Hainaut\",\"description\":\"Un site utilisant Les sites de R\u00e9seau Entreprendre\",\"potentialAction\":[{\"@type\":\"SearchAction\",\"target\":{\"@type\":\"EntryPoint\",\"urlTemplate\":\"https:\\\/\\\/www.reseau-entreprendre.org\\\/hainaut\\\/?s={search_term_string}\"},\"query-input\":{\"@type\":\"PropertyValueSpecification\",\"valueRequired\":true,\"valueName\":\"search_term_string\"}}],\"inLanguage\":\"fr-FR\"}]}<\/script>\n<!-- \/ Yoast SEO plugin. -->","yoast_head_json":{"title":"Soutenir | Reseau Entreprendre Hainaut","description":"Partenaire, vous souhaitez soutenir un r\u00e9seau 100% chefs d'entreprise ? Rejoignez R\u00e9seau Entreprendre Hainaut","robots":{"index":"index","follow":"follow","max-snippet":"max-snippet:-1","max-image-preview":"max-image-preview:large","max-video-preview":"max-video-preview:-1"},"canonical":"https:\/\/www.reseau-entreprendre.org\/hainaut\/soutenir\/","og_locale":"fr_FR","og_type":"article","og_title":"Soutenir | Reseau Entreprendre Hainaut","og_description":"Partenaire, vous souhaitez soutenir un r\u00e9seau 100% chefs d'entreprise ? Rejoignez R\u00e9seau Entreprendre Hainaut","og_url":"https:\/\/www.reseau-entreprendre.org\/hainaut\/soutenir\/","og_site_name":"R\u00e9seau Entreprendre Hainaut","article_modified_time":"2021-10-19T12:24:48+00:00","og_image":[{"url":"https:\/\/www.reseau-entreprendre.org\/wp-content\/uploads\/sites\/39\/2017\/04\/logo-partenaire-hainaut-couleur-300x225.png","type":"","width":"","height":""}],"twitter_card":"summary_large_image","twitter_misc":{"Dur\u00e9e de lecture estim\u00e9e":"2 minutes"},"schema":{"@context":"https:\/\/schema.org","@graph":[{"@type":"WebPage","@id":"https:\/\/www.reseau-entreprendre.org\/hainaut\/soutenir\/","url":"https:\/\/www.reseau-entreprendre.org\/hainaut\/soutenir\/","name":"Soutenir | Reseau Entreprendre Hainaut","isPartOf":{"@id":"https:\/\/www.reseau-entreprendre.org\/hainaut\/#website"},"primaryImageOfPage":{"@id":"https:\/\/www.reseau-entreprendre.org\/hainaut\/soutenir\/#primaryimage"},"image":{"@id":"https:\/\/www.reseau-entreprendre.org\/hainaut\/soutenir\/#primaryimage"},"thumbnailUrl":"https:\/\/www.reseau-entreprendre.org\/wp-content\/uploads\/sites\/39\/2017\/04\/logo-partenaire-hainaut-couleur-300x225.png","datePublished":"2017-04-28T10:34:01+00:00","dateModified":"2021-10-19T12:24:48+00:00","description":"Partenaire, vous souhaitez soutenir un r\u00e9seau 100% chefs d'entreprise ? Rejoignez R\u00e9seau Entreprendre Hainaut","breadcrumb":{"@id":"https:\/\/www.reseau-entreprendre.org\/hainaut\/soutenir\/#breadcrumb"},"inLanguage":"fr-FR","potentialAction":[{"@type":"ReadAction","target":["https:\/\/www.reseau-entreprendre.org\/hainaut\/soutenir\/"]}]},{"@type":"ImageObject","inLanguage":"fr-FR","@id":"https:\/\/www.reseau-entreprendre.org\/hainaut\/soutenir\/#primaryimage","url":"https:\/\/www.reseau-entreprendre.org\/wp-content\/uploads\/sites\/39\/2017\/04\/logo-partenaire-hainaut-couleur-300x225.png","contentUrl":"https:\/\/www.reseau-entreprendre.org\/wp-content\/uploads\/sites\/39\/2017\/04\/logo-partenaire-hainaut-couleur-300x225.png"},{"@type":"BreadcrumbList","@id":"https:\/\/www.reseau-entreprendre.org\/hainaut\/soutenir\/#breadcrumb","itemListElement":[{"@type":"ListItem","position":1,"name":"Accueil","item":"https:\/\/www.reseau-entreprendre.org\/hainaut\/"},{"@type":"ListItem","position":2,"name":"Soutenir"}]},{"@type":"WebSite","@id":"https:\/\/www.reseau-entreprendre.org\/hainaut\/#website","url":"https:\/\/www.reseau-entreprendre.org\/hainaut\/","name":"R\u00e9seau Entreprendre Hainaut","description":"Un site utilisant Les sites de R\u00e9seau Entreprendre","potentialAction":[{"@type":"SearchAction","target":{"@type":"EntryPoint","urlTemplate":"https:\/\/www.reseau-entreprendre.org\/hainaut\/?s={search_term_string}"},"query-input":{"@type":"PropertyValueSpecification","valueRequired":true,"valueName":"search_term_string"}}],"inLanguage":"fr-FR"}]}},"_links":{"self":[{"href":"https:\/\/www.reseau-entreprendre.org\/hainaut\/wp-json\/wp\/v2\/pages\/17","targetHints":{"allow":["GET"]}}],"collection":[{"href":"https:\/\/www.reseau-entreprendre.org\/hainaut\/wp-json\/wp\/v2\/pages"}],"about":[{"href":"https:\/\/www.reseau-entreprendre.org\/hainaut\/wp-json\/wp\/v2\/types\/page"}],"author":[{"embeddable":true,"href":"https:\/\/www.reseau-entreprendre.org\/hainaut\/wp-json\/wp\/v2\/users\/1"}],"replies":[{"embeddable":true,"href":"https:\/\/www.reseau-entreprendre.org\/hainaut\/wp-json\/wp\/v2\/comments?post=17"}],"version-history":[{"count":0,"href":"https:\/\/www.reseau-entreprendre.org\/hainaut\/wp-json\/wp\/v2\/pages\/17\/revisions"}],"wp:attachment":[{"href":"https:\/\/www.reseau-entreprendre.org\/hainaut\/wp-json\/wp\/v2\/media?parent=17"}],"curies":[{"name":"wp","href":"https:\/\/api.w.org\/{rel}","templated":true}]}}