{"id":4154,"date":"2024-01-30T14:56:11","date_gmt":"2024-01-30T13:56:11","guid":{"rendered":"https:\/\/www.reseau-entreprendre.org\/hainaut\/?page_id=4154"},"modified":"2024-01-30T15:07:55","modified_gmt":"2024-01-30T14:07:55","slug":"laureat-2023-2","status":"publish","type":"page","link":"https:\/\/www.reseau-entreprendre.org\/hainaut\/laureat-2023-2\/","title":{"rendered":"LAUREAT 2023"},"content":{"rendered":"<div class=\"wp-block-image\">\n<figure class=\"alignright size-full is-resized\"><img loading=\"lazy\" decoding=\"async\" width=\"672\" height=\"674\" src=\"https:\/\/www.reseau-entreprendre.org\/hainaut\/wp-content\/uploads\/sites\/39\/2024\/01\/Capture-decran-2024-01-30-a-14.55.02.png\" alt=\"\" class=\"wp-image-4275\" style=\"width:336px;height:auto\" srcset=\"https:\/\/www.reseau-entreprendre.org\/hainaut\/wp-content\/uploads\/sites\/39\/2024\/01\/Capture-decran-2024-01-30-a-14.55.02.png 672w, https:\/\/www.reseau-entreprendre.org\/hainaut\/wp-content\/uploads\/sites\/39\/2024\/01\/Capture-decran-2024-01-30-a-14.55.02-300x300.png 300w, https:\/\/www.reseau-entreprendre.org\/hainaut\/wp-content\/uploads\/sites\/39\/2024\/01\/Capture-decran-2024-01-30-a-14.55.02-150x150.png 150w, https:\/\/www.reseau-entreprendre.org\/hainaut\/wp-content\/uploads\/sites\/39\/2024\/01\/Capture-decran-2024-01-30-a-14.55.02-130x130.png 130w\" sizes=\"auto, (max-width: 672px) 100vw, 672px\" \/><\/figure>\n<\/div>\n\n\n<p class=\"has-re-blue-color has-text-color has-link-color has-large-font-size wp-elements-a0532eb9db20aa91a59aa921e2bc1a3a\"><strong>Alexis RASPILAIR<\/strong> <em><strong>&amp; <\/strong><\/em><strong><em>Rami ALVAREZ<\/em><\/strong>                           <\/p>\n\n\n\n<p class=\"has-text-align-right\"><\/p>\n\n\n\n<p class=\"has-luminous-vivid-amber-color has-text-color has-link-color wp-elements-b88ce3d158b7222fac196d5a9253aba9\"><strong>START REPRISE<\/strong> : DEALINKA<\/p>\n\n\n\n<p><strong>Dealinka <\/strong>se fixe pour mission d\u2019aider les entreprises \u00e0 revaloriser leurs stocks dormants et invendus, tout en contribuant \u00e0 une cause sociale et environnementale.<\/p>\n\n\n\n<p>En combinant leurs comp\u00e9tences et leurs passions, <strong>Alexis et Ramil<\/strong> ont cr\u00e9\u00e9 une entreprise \u00e0 impact, offrant une solution \u00e9cologique et \u00e9conomique aux entreprises tout en aidant les associations \u00e0 s\u2019approvisionner en produits de qualit\u00e9. Leur histoire est celle d\u2019une rencontre, d\u2019une amiti\u00e9 et d\u2019une vision commune pour un avenir plus durable.<\/p>\n\n\n\n<p><a href=\"https:\/\/dealinka.fr\/\">https:\/\/dealinka.fr\/<\/a><\/p>\n","protected":false},"excerpt":{"rendered":"<p>Alexis RASPILAIR &amp; Rami ALVAREZ START REPRISE : DEALINKA Dealinka<\/p>\n","protected":false},"author":41,"featured_media":0,"parent":0,"menu_order":0,"comment_status":"closed","ping_status":"closed","template":"","meta":{"_acf_changed":false,"_monsterinsights_skip_tracking":false,"_monsterinsights_sitenote_active":false,"_monsterinsights_sitenote_note":"","_monsterinsights_sitenote_category":0,"footnotes":""},"class_list":["post-4154","page","type-page","status-publish","hentry"],"acf":[],"yoast_head":"<!-- This site is optimized with the Yoast SEO plugin v27.4 - https:\/\/yoast.com\/product\/yoast-seo-wordpress\/ -->\n<title>LAUREAT 2023 - R\u00e9seau Entreprendre Hainaut<\/title>\n<meta name=\"robots\" content=\"index, follow, max-snippet:-1, max-image-preview:large, max-video-preview:-1\" \/>\n<link rel=\"canonical\" href=\"https:\/\/www.reseau-entreprendre.org\/hainaut\/laureat-2023-2\/\" \/>\n<meta property=\"og:locale\" content=\"fr_FR\" \/>\n<meta property=\"og:type\" content=\"article\" \/>\n<meta property=\"og:title\" content=\"LAUREAT 2023 - R\u00e9seau Entreprendre Hainaut\" \/>\n<meta property=\"og:description\" content=\"Alexis RASPILAIR &amp; Rami ALVAREZ START REPRISE : DEALINKA Dealinka\" \/>\n<meta property=\"og:url\" content=\"https:\/\/www.reseau-entreprendre.org\/hainaut\/laureat-2023-2\/\" \/>\n<meta property=\"og:site_name\" content=\"R\u00e9seau Entreprendre Hainaut\" \/>\n<meta property=\"article:modified_time\" content=\"2024-01-30T14:07:55+00:00\" \/>\n<meta property=\"og:image\" content=\"https:\/\/www.reseau-entreprendre.org\/hainaut\/wp-content\/uploads\/sites\/39\/2024\/01\/Capture-decran-2024-01-30-a-14.55.02.png\" \/>\n<meta name=\"twitter:card\" content=\"summary_large_image\" \/>\n<script type=\"application\/ld+json\" class=\"yoast-schema-graph\">{\"@context\":\"https:\\\/\\\/schema.org\",\"@graph\":[{\"@type\":\"WebPage\",\"@id\":\"https:\\\/\\\/www.reseau-entreprendre.org\\\/hainaut\\\/laureat-2023-2\\\/\",\"url\":\"https:\\\/\\\/www.reseau-entreprendre.org\\\/hainaut\\\/laureat-2023-2\\\/\",\"name\":\"LAUREAT 2023 - R\u00e9seau Entreprendre Hainaut\",\"isPartOf\":{\"@id\":\"https:\\\/\\\/www.reseau-entreprendre.org\\\/hainaut\\\/#website\"},\"primaryImageOfPage\":{\"@id\":\"https:\\\/\\\/www.reseau-entreprendre.org\\\/hainaut\\\/laureat-2023-2\\\/#primaryimage\"},\"image\":{\"@id\":\"https:\\\/\\\/www.reseau-entreprendre.org\\\/hainaut\\\/laureat-2023-2\\\/#primaryimage\"},\"thumbnailUrl\":\"https:\\\/\\\/www.reseau-entreprendre.org\\\/hainaut\\\/wp-content\\\/uploads\\\/sites\\\/39\\\/2024\\\/01\\\/Capture-decran-2024-01-30-a-14.55.02.png\",\"datePublished\":\"2024-01-30T13:56:11+00:00\",\"dateModified\":\"2024-01-30T14:07:55+00:00\",\"breadcrumb\":{\"@id\":\"https:\\\/\\\/www.reseau-entreprendre.org\\\/hainaut\\\/laureat-2023-2\\\/#breadcrumb\"},\"inLanguage\":\"fr-FR\",\"potentialAction\":[{\"@type\":\"ReadAction\",\"target\":[\"https:\\\/\\\/www.reseau-entreprendre.org\\\/hainaut\\\/laureat-2023-2\\\/\"]}]},{\"@type\":\"ImageObject\",\"inLanguage\":\"fr-FR\",\"@id\":\"https:\\\/\\\/www.reseau-entreprendre.org\\\/hainaut\\\/laureat-2023-2\\\/#primaryimage\",\"url\":\"https:\\\/\\\/www.reseau-entreprendre.org\\\/hainaut\\\/wp-content\\\/uploads\\\/sites\\\/39\\\/2024\\\/01\\\/Capture-decran-2024-01-30-a-14.55.02.png\",\"contentUrl\":\"https:\\\/\\\/www.reseau-entreprendre.org\\\/hainaut\\\/wp-content\\\/uploads\\\/sites\\\/39\\\/2024\\\/01\\\/Capture-decran-2024-01-30-a-14.55.02.png\",\"width\":672,\"height\":674},{\"@type\":\"BreadcrumbList\",\"@id\":\"https:\\\/\\\/www.reseau-entreprendre.org\\\/hainaut\\\/laureat-2023-2\\\/#breadcrumb\",\"itemListElement\":[{\"@type\":\"ListItem\",\"position\":1,\"name\":\"Accueil\",\"item\":\"https:\\\/\\\/www.reseau-entreprendre.org\\\/hainaut\\\/\"},{\"@type\":\"ListItem\",\"position\":2,\"name\":\"LAUREAT 2023\"}]},{\"@type\":\"WebSite\",\"@id\":\"https:\\\/\\\/www.reseau-entreprendre.org\\\/hainaut\\\/#website\",\"url\":\"https:\\\/\\\/www.reseau-entreprendre.org\\\/hainaut\\\/\",\"name\":\"R\u00e9seau Entreprendre Hainaut\",\"description\":\"Un site utilisant Les sites de R\u00e9seau Entreprendre\",\"potentialAction\":[{\"@type\":\"SearchAction\",\"target\":{\"@type\":\"EntryPoint\",\"urlTemplate\":\"https:\\\/\\\/www.reseau-entreprendre.org\\\/hainaut\\\/?s={search_term_string}\"},\"query-input\":{\"@type\":\"PropertyValueSpecification\",\"valueRequired\":true,\"valueName\":\"search_term_string\"}}],\"inLanguage\":\"fr-FR\"}]}<\/script>\n<!-- \/ Yoast SEO plugin. -->","yoast_head_json":{"title":"LAUREAT 2023 - R\u00e9seau Entreprendre Hainaut","robots":{"index":"index","follow":"follow","max-snippet":"max-snippet:-1","max-image-preview":"max-image-preview:large","max-video-preview":"max-video-preview:-1"},"canonical":"https:\/\/www.reseau-entreprendre.org\/hainaut\/laureat-2023-2\/","og_locale":"fr_FR","og_type":"article","og_title":"LAUREAT 2023 - R\u00e9seau Entreprendre Hainaut","og_description":"Alexis RASPILAIR &amp; Rami ALVAREZ START REPRISE : DEALINKA Dealinka","og_url":"https:\/\/www.reseau-entreprendre.org\/hainaut\/laureat-2023-2\/","og_site_name":"R\u00e9seau Entreprendre Hainaut","article_modified_time":"2024-01-30T14:07:55+00:00","og_image":[{"url":"https:\/\/www.reseau-entreprendre.org\/hainaut\/wp-content\/uploads\/sites\/39\/2024\/01\/Capture-decran-2024-01-30-a-14.55.02.png","type":"","width":"","height":""}],"twitter_card":"summary_large_image","schema":{"@context":"https:\/\/schema.org","@graph":[{"@type":"WebPage","@id":"https:\/\/www.reseau-entreprendre.org\/hainaut\/laureat-2023-2\/","url":"https:\/\/www.reseau-entreprendre.org\/hainaut\/laureat-2023-2\/","name":"LAUREAT 2023 - R\u00e9seau Entreprendre Hainaut","isPartOf":{"@id":"https:\/\/www.reseau-entreprendre.org\/hainaut\/#website"},"primaryImageOfPage":{"@id":"https:\/\/www.reseau-entreprendre.org\/hainaut\/laureat-2023-2\/#primaryimage"},"image":{"@id":"https:\/\/www.reseau-entreprendre.org\/hainaut\/laureat-2023-2\/#primaryimage"},"thumbnailUrl":"https:\/\/www.reseau-entreprendre.org\/hainaut\/wp-content\/uploads\/sites\/39\/2024\/01\/Capture-decran-2024-01-30-a-14.55.02.png","datePublished":"2024-01-30T13:56:11+00:00","dateModified":"2024-01-30T14:07:55+00:00","breadcrumb":{"@id":"https:\/\/www.reseau-entreprendre.org\/hainaut\/laureat-2023-2\/#breadcrumb"},"inLanguage":"fr-FR","potentialAction":[{"@type":"ReadAction","target":["https:\/\/www.reseau-entreprendre.org\/hainaut\/laureat-2023-2\/"]}]},{"@type":"ImageObject","inLanguage":"fr-FR","@id":"https:\/\/www.reseau-entreprendre.org\/hainaut\/laureat-2023-2\/#primaryimage","url":"https:\/\/www.reseau-entreprendre.org\/hainaut\/wp-content\/uploads\/sites\/39\/2024\/01\/Capture-decran-2024-01-30-a-14.55.02.png","contentUrl":"https:\/\/www.reseau-entreprendre.org\/hainaut\/wp-content\/uploads\/sites\/39\/2024\/01\/Capture-decran-2024-01-30-a-14.55.02.png","width":672,"height":674},{"@type":"BreadcrumbList","@id":"https:\/\/www.reseau-entreprendre.org\/hainaut\/laureat-2023-2\/#breadcrumb","itemListElement":[{"@type":"ListItem","position":1,"name":"Accueil","item":"https:\/\/www.reseau-entreprendre.org\/hainaut\/"},{"@type":"ListItem","position":2,"name":"LAUREAT 2023"}]},{"@type":"WebSite","@id":"https:\/\/www.reseau-entreprendre.org\/hainaut\/#website","url":"https:\/\/www.reseau-entreprendre.org\/hainaut\/","name":"R\u00e9seau Entreprendre Hainaut","description":"Un site utilisant Les sites de R\u00e9seau Entreprendre","potentialAction":[{"@type":"SearchAction","target":{"@type":"EntryPoint","urlTemplate":"https:\/\/www.reseau-entreprendre.org\/hainaut\/?s={search_term_string}"},"query-input":{"@type":"PropertyValueSpecification","valueRequired":true,"valueName":"search_term_string"}}],"inLanguage":"fr-FR"}]}},"_links":{"self":[{"href":"https:\/\/www.reseau-entreprendre.org\/hainaut\/wp-json\/wp\/v2\/pages\/4154","targetHints":{"allow":["GET"]}}],"collection":[{"href":"https:\/\/www.reseau-entreprendre.org\/hainaut\/wp-json\/wp\/v2\/pages"}],"about":[{"href":"https:\/\/www.reseau-entreprendre.org\/hainaut\/wp-json\/wp\/v2\/types\/page"}],"author":[{"embeddable":true,"href":"https:\/\/www.reseau-entreprendre.org\/hainaut\/wp-json\/wp\/v2\/users\/41"}],"replies":[{"embeddable":true,"href":"https:\/\/www.reseau-entreprendre.org\/hainaut\/wp-json\/wp\/v2\/comments?post=4154"}],"version-history":[{"count":0,"href":"https:\/\/www.reseau-entreprendre.org\/hainaut\/wp-json\/wp\/v2\/pages\/4154\/revisions"}],"wp:attachment":[{"href":"https:\/\/www.reseau-entreprendre.org\/hainaut\/wp-json\/wp\/v2\/media?parent=4154"}],"curies":[{"name":"wp","href":"https:\/\/api.w.org\/{rel}","templated":true}]}}