{"id":4280,"date":"2024-01-30T16:10:44","date_gmt":"2024-01-30T15:10:44","guid":{"rendered":"https:\/\/www.reseau-entreprendre.org\/hainaut\/?page_id=4280"},"modified":"2024-10-22T14:59:12","modified_gmt":"2024-10-22T12:59:12","slug":"laureat-2023-3","status":"publish","type":"page","link":"https:\/\/www.reseau-entreprendre.org\/hainaut\/laureat-2023-3\/","title":{"rendered":"LAUREAT 2023"},"content":{"rendered":"\n<p><\/p>\n\n\n\n<p><\/p>\n\n\n\n<p class=\"has-re-blue-color has-text-color has-link-color has-large-font-size wp-elements-869b2466ab16e225f7df05ccc94668af\"><strong>Pierre-Yves LAMBELIN &amp; Thomas LESNIK<\/strong>                        <\/p>\n\n\n\n<p class=\"has-text-align-right\"><\/p>\n\n\n\n<div class=\"wp-block-group\"><div class=\"wp-block-group__inner-container is-layout-constrained wp-block-group-is-layout-constrained\">\n<p class=\"has-luminous-vivid-amber-color has-text-color has-link-color wp-elements-75b048ce9a95a4c3b048033350358dfa\"><strong>Booster<\/strong> : EURO INFO        <img loading=\"lazy\" decoding=\"async\" width=\"180\" height=\"66\" src=\"https:\/\/lh7-us.googleusercontent.com\/QR4AuaIurzUvkLUfNRmEOk6Li3SKFFFHpn8VARe2nod7-SHts3mvzp0SVerVteGHzdxuAKQQMcZ6lQvDUjTj-BH40pC1pMO7oT6AEwa_rJvtHt76KdwTRuKwT6cZxrBDPa9FV-R2QDKgpYm1OCjCOqY\"><\/p>\n\n\n\n<p><\/p>\n\n\n\n<p><\/p>\n\n\n\n<div class=\"wp-block-group\"><div class=\"wp-block-group__inner-container is-layout-constrained wp-block-group-is-layout-constrained\"><div class=\"wp-block-image\">\n<figure class=\"alignright size-full is-resized\"><img loading=\"lazy\" decoding=\"async\" width=\"654\" height=\"660\" src=\"https:\/\/www.reseau-entreprendre.org\/hainaut\/wp-content\/uploads\/sites\/39\/2024\/01\/Capture-decran-2024-01-30-a-15.59.28-2.png\" alt=\"\" class=\"wp-image-4287\" style=\"width:312px;height:auto\" srcset=\"https:\/\/www.reseau-entreprendre.org\/hainaut\/wp-content\/uploads\/sites\/39\/2024\/01\/Capture-decran-2024-01-30-a-15.59.28-2.png 654w, https:\/\/www.reseau-entreprendre.org\/hainaut\/wp-content\/uploads\/sites\/39\/2024\/01\/Capture-decran-2024-01-30-a-15.59.28-2-297x300.png 297w, https:\/\/www.reseau-entreprendre.org\/hainaut\/wp-content\/uploads\/sites\/39\/2024\/01\/Capture-decran-2024-01-30-a-15.59.28-2-150x150.png 150w, https:\/\/www.reseau-entreprendre.org\/hainaut\/wp-content\/uploads\/sites\/39\/2024\/01\/Capture-decran-2024-01-30-a-15.59.28-2-129x130.png 129w\" sizes=\"auto, (max-width: 654px) 100vw, 654px\" \/><\/figure>\n<\/div>\n\n\n<p>Soci\u00e9t\u00e9 de services informatiques : vente de mat\u00e9riel, maintenance, assistance, h\u00e9bergement et t\u00e9l\u00e9communication. <\/p>\n\n\n\n<p>Euro Info rel\u00e8ve les d\u00e9fis d&#8217;aujourd&#8217;hui pour cr\u00e9er les solutions digitales de demain. En tant que prestataire informatique, nous sommes l&#8217;interlocuteur de tous vos projets num\u00e9riques.<\/p>\n\n\n\n<p><br><\/p>\n\n\n\n<p>Site internet : <a href=\"https:\/\/www.euro-info.fr\/\" target=\"_blank\" rel=\"noreferrer noopener\">https:\/\/www.euro-info.fr\/<br><\/a><br><br><br><br><br><br><br><\/p>\n<\/div><\/div>\n\n\n\n<p><\/p>\n\n\n\n<p><\/p>\n<\/div><\/div>\n","protected":false},"excerpt":{"rendered":"<p>Pierre-Yves LAMBELIN &amp; Thomas LESNIK Booster : EURO INFO Soci\u00e9t\u00e9<\/p>\n","protected":false},"author":41,"featured_media":0,"parent":0,"menu_order":0,"comment_status":"closed","ping_status":"closed","template":"","meta":{"_acf_changed":false,"_monsterinsights_skip_tracking":false,"_monsterinsights_sitenote_active":false,"_monsterinsights_sitenote_note":"","_monsterinsights_sitenote_category":0,"footnotes":""},"class_list":["post-4280","page","type-page","status-publish","hentry"],"acf":[],"yoast_head":"<!-- This site is optimized with the Yoast SEO plugin v27.4 - https:\/\/yoast.com\/product\/yoast-seo-wordpress\/ -->\n<title>LAUREAT 2023 - R\u00e9seau Entreprendre Hainaut<\/title>\n<meta name=\"robots\" content=\"index, follow, max-snippet:-1, max-image-preview:large, max-video-preview:-1\" \/>\n<link rel=\"canonical\" href=\"https:\/\/www.reseau-entreprendre.org\/hainaut\/laureat-2023-3\/\" \/>\n<meta property=\"og:locale\" content=\"fr_FR\" \/>\n<meta property=\"og:type\" content=\"article\" \/>\n<meta property=\"og:title\" content=\"LAUREAT 2023 - R\u00e9seau Entreprendre Hainaut\" \/>\n<meta property=\"og:description\" content=\"Pierre-Yves LAMBELIN &amp; Thomas LESNIK Booster : EURO INFO Soci\u00e9t\u00e9\" \/>\n<meta property=\"og:url\" content=\"https:\/\/www.reseau-entreprendre.org\/hainaut\/laureat-2023-3\/\" \/>\n<meta property=\"og:site_name\" content=\"R\u00e9seau Entreprendre Hainaut\" \/>\n<meta property=\"article:modified_time\" content=\"2024-10-22T12:59:12+00:00\" \/>\n<meta property=\"og:image\" content=\"https:\/\/lh7-us.googleusercontent.com\/QR4AuaIurzUvkLUfNRmEOk6Li3SKFFFHpn8VARe2nod7-SHts3mvzp0SVerVteGHzdxuAKQQMcZ6lQvDUjTj-BH40pC1pMO7oT6AEwa_rJvtHt76KdwTRuKwT6cZxrBDPa9FV-R2QDKgpYm1OCjCOqY\" \/>\n<meta name=\"twitter:card\" content=\"summary_large_image\" \/>\n<meta name=\"twitter:label1\" content=\"Dur\u00e9e de lecture estim\u00e9e\" \/>\n\t<meta name=\"twitter:data1\" content=\"1 minute\" \/>\n<script type=\"application\/ld+json\" class=\"yoast-schema-graph\">{\"@context\":\"https:\\\/\\\/schema.org\",\"@graph\":[{\"@type\":\"WebPage\",\"@id\":\"https:\\\/\\\/www.reseau-entreprendre.org\\\/hainaut\\\/laureat-2023-3\\\/\",\"url\":\"https:\\\/\\\/www.reseau-entreprendre.org\\\/hainaut\\\/laureat-2023-3\\\/\",\"name\":\"LAUREAT 2023 - R\u00e9seau Entreprendre Hainaut\",\"isPartOf\":{\"@id\":\"https:\\\/\\\/www.reseau-entreprendre.org\\\/hainaut\\\/#website\"},\"primaryImageOfPage\":{\"@id\":\"https:\\\/\\\/www.reseau-entreprendre.org\\\/hainaut\\\/laureat-2023-3\\\/#primaryimage\"},\"image\":{\"@id\":\"https:\\\/\\\/www.reseau-entreprendre.org\\\/hainaut\\\/laureat-2023-3\\\/#primaryimage\"},\"thumbnailUrl\":\"https:\\\/\\\/lh7-us.googleusercontent.com\\\/QR4AuaIurzUvkLUfNRmEOk6Li3SKFFFHpn8VARe2nod7-SHts3mvzp0SVerVteGHzdxuAKQQMcZ6lQvDUjTj-BH40pC1pMO7oT6AEwa_rJvtHt76KdwTRuKwT6cZxrBDPa9FV-R2QDKgpYm1OCjCOqY\",\"datePublished\":\"2024-01-30T15:10:44+00:00\",\"dateModified\":\"2024-10-22T12:59:12+00:00\",\"breadcrumb\":{\"@id\":\"https:\\\/\\\/www.reseau-entreprendre.org\\\/hainaut\\\/laureat-2023-3\\\/#breadcrumb\"},\"inLanguage\":\"fr-FR\",\"potentialAction\":[{\"@type\":\"ReadAction\",\"target\":[\"https:\\\/\\\/www.reseau-entreprendre.org\\\/hainaut\\\/laureat-2023-3\\\/\"]}]},{\"@type\":\"ImageObject\",\"inLanguage\":\"fr-FR\",\"@id\":\"https:\\\/\\\/www.reseau-entreprendre.org\\\/hainaut\\\/laureat-2023-3\\\/#primaryimage\",\"url\":\"https:\\\/\\\/lh7-us.googleusercontent.com\\\/QR4AuaIurzUvkLUfNRmEOk6Li3SKFFFHpn8VARe2nod7-SHts3mvzp0SVerVteGHzdxuAKQQMcZ6lQvDUjTj-BH40pC1pMO7oT6AEwa_rJvtHt76KdwTRuKwT6cZxrBDPa9FV-R2QDKgpYm1OCjCOqY\",\"contentUrl\":\"https:\\\/\\\/lh7-us.googleusercontent.com\\\/QR4AuaIurzUvkLUfNRmEOk6Li3SKFFFHpn8VARe2nod7-SHts3mvzp0SVerVteGHzdxuAKQQMcZ6lQvDUjTj-BH40pC1pMO7oT6AEwa_rJvtHt76KdwTRuKwT6cZxrBDPa9FV-R2QDKgpYm1OCjCOqY\"},{\"@type\":\"BreadcrumbList\",\"@id\":\"https:\\\/\\\/www.reseau-entreprendre.org\\\/hainaut\\\/laureat-2023-3\\\/#breadcrumb\",\"itemListElement\":[{\"@type\":\"ListItem\",\"position\":1,\"name\":\"Accueil\",\"item\":\"https:\\\/\\\/www.reseau-entreprendre.org\\\/hainaut\\\/\"},{\"@type\":\"ListItem\",\"position\":2,\"name\":\"LAUREAT 2023\"}]},{\"@type\":\"WebSite\",\"@id\":\"https:\\\/\\\/www.reseau-entreprendre.org\\\/hainaut\\\/#website\",\"url\":\"https:\\\/\\\/www.reseau-entreprendre.org\\\/hainaut\\\/\",\"name\":\"R\u00e9seau Entreprendre Hainaut\",\"description\":\"Un site utilisant Les sites de R\u00e9seau Entreprendre\",\"potentialAction\":[{\"@type\":\"SearchAction\",\"target\":{\"@type\":\"EntryPoint\",\"urlTemplate\":\"https:\\\/\\\/www.reseau-entreprendre.org\\\/hainaut\\\/?s={search_term_string}\"},\"query-input\":{\"@type\":\"PropertyValueSpecification\",\"valueRequired\":true,\"valueName\":\"search_term_string\"}}],\"inLanguage\":\"fr-FR\"}]}<\/script>\n<!-- \/ Yoast SEO plugin. -->","yoast_head_json":{"title":"LAUREAT 2023 - R\u00e9seau Entreprendre Hainaut","robots":{"index":"index","follow":"follow","max-snippet":"max-snippet:-1","max-image-preview":"max-image-preview:large","max-video-preview":"max-video-preview:-1"},"canonical":"https:\/\/www.reseau-entreprendre.org\/hainaut\/laureat-2023-3\/","og_locale":"fr_FR","og_type":"article","og_title":"LAUREAT 2023 - R\u00e9seau Entreprendre Hainaut","og_description":"Pierre-Yves LAMBELIN &amp; Thomas LESNIK Booster : EURO INFO Soci\u00e9t\u00e9","og_url":"https:\/\/www.reseau-entreprendre.org\/hainaut\/laureat-2023-3\/","og_site_name":"R\u00e9seau Entreprendre Hainaut","article_modified_time":"2024-10-22T12:59:12+00:00","og_image":[{"url":"https:\/\/lh7-us.googleusercontent.com\/QR4AuaIurzUvkLUfNRmEOk6Li3SKFFFHpn8VARe2nod7-SHts3mvzp0SVerVteGHzdxuAKQQMcZ6lQvDUjTj-BH40pC1pMO7oT6AEwa_rJvtHt76KdwTRuKwT6cZxrBDPa9FV-R2QDKgpYm1OCjCOqY","type":"","width":"","height":""}],"twitter_card":"summary_large_image","twitter_misc":{"Dur\u00e9e de lecture estim\u00e9e":"1 minute"},"schema":{"@context":"https:\/\/schema.org","@graph":[{"@type":"WebPage","@id":"https:\/\/www.reseau-entreprendre.org\/hainaut\/laureat-2023-3\/","url":"https:\/\/www.reseau-entreprendre.org\/hainaut\/laureat-2023-3\/","name":"LAUREAT 2023 - R\u00e9seau Entreprendre Hainaut","isPartOf":{"@id":"https:\/\/www.reseau-entreprendre.org\/hainaut\/#website"},"primaryImageOfPage":{"@id":"https:\/\/www.reseau-entreprendre.org\/hainaut\/laureat-2023-3\/#primaryimage"},"image":{"@id":"https:\/\/www.reseau-entreprendre.org\/hainaut\/laureat-2023-3\/#primaryimage"},"thumbnailUrl":"https:\/\/lh7-us.googleusercontent.com\/QR4AuaIurzUvkLUfNRmEOk6Li3SKFFFHpn8VARe2nod7-SHts3mvzp0SVerVteGHzdxuAKQQMcZ6lQvDUjTj-BH40pC1pMO7oT6AEwa_rJvtHt76KdwTRuKwT6cZxrBDPa9FV-R2QDKgpYm1OCjCOqY","datePublished":"2024-01-30T15:10:44+00:00","dateModified":"2024-10-22T12:59:12+00:00","breadcrumb":{"@id":"https:\/\/www.reseau-entreprendre.org\/hainaut\/laureat-2023-3\/#breadcrumb"},"inLanguage":"fr-FR","potentialAction":[{"@type":"ReadAction","target":["https:\/\/www.reseau-entreprendre.org\/hainaut\/laureat-2023-3\/"]}]},{"@type":"ImageObject","inLanguage":"fr-FR","@id":"https:\/\/www.reseau-entreprendre.org\/hainaut\/laureat-2023-3\/#primaryimage","url":"https:\/\/lh7-us.googleusercontent.com\/QR4AuaIurzUvkLUfNRmEOk6Li3SKFFFHpn8VARe2nod7-SHts3mvzp0SVerVteGHzdxuAKQQMcZ6lQvDUjTj-BH40pC1pMO7oT6AEwa_rJvtHt76KdwTRuKwT6cZxrBDPa9FV-R2QDKgpYm1OCjCOqY","contentUrl":"https:\/\/lh7-us.googleusercontent.com\/QR4AuaIurzUvkLUfNRmEOk6Li3SKFFFHpn8VARe2nod7-SHts3mvzp0SVerVteGHzdxuAKQQMcZ6lQvDUjTj-BH40pC1pMO7oT6AEwa_rJvtHt76KdwTRuKwT6cZxrBDPa9FV-R2QDKgpYm1OCjCOqY"},{"@type":"BreadcrumbList","@id":"https:\/\/www.reseau-entreprendre.org\/hainaut\/laureat-2023-3\/#breadcrumb","itemListElement":[{"@type":"ListItem","position":1,"name":"Accueil","item":"https:\/\/www.reseau-entreprendre.org\/hainaut\/"},{"@type":"ListItem","position":2,"name":"LAUREAT 2023"}]},{"@type":"WebSite","@id":"https:\/\/www.reseau-entreprendre.org\/hainaut\/#website","url":"https:\/\/www.reseau-entreprendre.org\/hainaut\/","name":"R\u00e9seau Entreprendre Hainaut","description":"Un site utilisant Les sites de R\u00e9seau Entreprendre","potentialAction":[{"@type":"SearchAction","target":{"@type":"EntryPoint","urlTemplate":"https:\/\/www.reseau-entreprendre.org\/hainaut\/?s={search_term_string}"},"query-input":{"@type":"PropertyValueSpecification","valueRequired":true,"valueName":"search_term_string"}}],"inLanguage":"fr-FR"}]}},"_links":{"self":[{"href":"https:\/\/www.reseau-entreprendre.org\/hainaut\/wp-json\/wp\/v2\/pages\/4280","targetHints":{"allow":["GET"]}}],"collection":[{"href":"https:\/\/www.reseau-entreprendre.org\/hainaut\/wp-json\/wp\/v2\/pages"}],"about":[{"href":"https:\/\/www.reseau-entreprendre.org\/hainaut\/wp-json\/wp\/v2\/types\/page"}],"author":[{"embeddable":true,"href":"https:\/\/www.reseau-entreprendre.org\/hainaut\/wp-json\/wp\/v2\/users\/41"}],"replies":[{"embeddable":true,"href":"https:\/\/www.reseau-entreprendre.org\/hainaut\/wp-json\/wp\/v2\/comments?post=4280"}],"version-history":[{"count":0,"href":"https:\/\/www.reseau-entreprendre.org\/hainaut\/wp-json\/wp\/v2\/pages\/4280\/revisions"}],"wp:attachment":[{"href":"https:\/\/www.reseau-entreprendre.org\/hainaut\/wp-json\/wp\/v2\/media?parent=4280"}],"curies":[{"name":"wp","href":"https:\/\/api.w.org\/{rel}","templated":true}]}}