{"id":4290,"date":"2024-01-30T16:21:25","date_gmt":"2024-01-30T15:21:25","guid":{"rendered":"https:\/\/www.reseau-entreprendre.org\/hainaut\/?page_id=4290"},"modified":"2024-02-13T14:46:01","modified_gmt":"2024-02-13T13:46:01","slug":"laureat-2023-4","status":"publish","type":"page","link":"https:\/\/www.reseau-entreprendre.org\/hainaut\/laureat-2023-4\/","title":{"rendered":"LAUREAT 2023"},"content":{"rendered":"\n<p><\/p>\n\n\n\n<p class=\"has-re-blue-color has-text-color has-link-color has-large-font-size wp-elements-d85deb2a247680695a21962325f1cc2f\"><strong>Am\u00e9lie CHEVALIER <\/strong><\/p>\n\n\n\n<p class=\"has-re-yellow-color has-text-color has-link-color wp-elements-323fc4dc049ce6e4f84aac842e322795\"><strong>START REPRISE <\/strong>: Le Patureur <img loading=\"lazy\" decoding=\"async\" width=\"55\" height=\"52\" src=\"https:\/\/lh7-us.googleusercontent.com\/S4bByr8fo7I76tUBZuHUZ4-aXx_TVUNEC1wPLz7HipcnJt-M_UGXjQdlQBJUEKqVhdMBexOSwP_R3BbcPmqXN36_AmAAUF-Hd00pIpwjTtJdlGcqQEcV-ZQCaAOIBRxwxmMZt2Ftwzcf5xCZ2I18lLc\"><\/p>\n\n\n\n<p><\/p>\n\n\n<div class=\"wp-block-image\">\n<figure class=\"alignright size-full is-resized\"><img loading=\"lazy\" decoding=\"async\" width=\"666\" height=\"660\" src=\"https:\/\/www.reseau-entreprendre.org\/hainaut\/wp-content\/uploads\/sites\/39\/2024\/01\/Capture-decran-2024-01-30-a-16.12.59-1.png\" alt=\"\" class=\"wp-image-4292\" style=\"width:333px;height:auto\" srcset=\"https:\/\/www.reseau-entreprendre.org\/hainaut\/wp-content\/uploads\/sites\/39\/2024\/01\/Capture-decran-2024-01-30-a-16.12.59-1.png 666w, https:\/\/www.reseau-entreprendre.org\/hainaut\/wp-content\/uploads\/sites\/39\/2024\/01\/Capture-decran-2024-01-30-a-16.12.59-1-300x297.png 300w, https:\/\/www.reseau-entreprendre.org\/hainaut\/wp-content\/uploads\/sites\/39\/2024\/01\/Capture-decran-2024-01-30-a-16.12.59-1-150x150.png 150w, https:\/\/www.reseau-entreprendre.org\/hainaut\/wp-content\/uploads\/sites\/39\/2024\/01\/Capture-decran-2024-01-30-a-16.12.59-1-131x130.png 131w\" sizes=\"auto, (max-width: 666px) 100vw, 666px\" \/><\/figure>\n<\/div>\n\n\n<p>C&#8217;est l&#8217;histoire d&#8217;une conserverie artisanale cr\u00e9\u00e9e il y a 30 ans \u00e0 Aulnoy-Lez-Valenciennes par G\u00e9rard Chevalier&#8230; et reprise par sa fille cadette, moi il y a tout juste 5 ans. Gr\u00e2ce \u00e0 La Voix du Nord nous partageons aujourd&#8217;hui avec vous notre belle histoire de transmission familiale. Ce relais de p\u00e8re en fille nous permet de perp\u00e9tuer les valeurs de l&#8217;artisanat, notre volont\u00e9 de vous r\u00e9galer, l&#8217;origine 100% fran\u00e7aise des viandes, la valorisation de l&#8217;humain le tout saupoudr\u00e9 d&#8217;une grande envie d&#8217;entreprendre !<\/p>\n\n\n\n<p>Facebook : Le Patureur &#8211; Les Petites Marmites\u00a0<a href=\"https:\/\/www.facebook.com\/lepatureur\/?locale=fr_FR\">https:\/\/www.facebook.com\/lepatureur\/?locale=fr_FR<\/a><\/p>\n","protected":false},"excerpt":{"rendered":"<p>Am\u00e9lie CHEVALIER START REPRISE : Le Patureur C&#8217;est l&#8217;histoire d&#8217;une<\/p>\n","protected":false},"author":41,"featured_media":0,"parent":0,"menu_order":0,"comment_status":"closed","ping_status":"closed","template":"","meta":{"_acf_changed":false,"_monsterinsights_skip_tracking":false,"_monsterinsights_sitenote_active":false,"_monsterinsights_sitenote_note":"","_monsterinsights_sitenote_category":0,"footnotes":""},"class_list":["post-4290","page","type-page","status-publish","hentry"],"acf":[],"yoast_head":"<!-- This site is optimized with the Yoast SEO plugin v27.4 - https:\/\/yoast.com\/product\/yoast-seo-wordpress\/ -->\n<title>LAUREAT 2023 - R\u00e9seau Entreprendre Hainaut<\/title>\n<meta name=\"robots\" content=\"index, follow, max-snippet:-1, max-image-preview:large, max-video-preview:-1\" \/>\n<link rel=\"canonical\" href=\"https:\/\/www.reseau-entreprendre.org\/hainaut\/laureat-2023-4\/\" \/>\n<meta property=\"og:locale\" content=\"fr_FR\" \/>\n<meta property=\"og:type\" content=\"article\" \/>\n<meta property=\"og:title\" content=\"LAUREAT 2023 - R\u00e9seau Entreprendre Hainaut\" \/>\n<meta property=\"og:description\" content=\"Am\u00e9lie CHEVALIER START REPRISE : Le Patureur C&#8217;est l&#8217;histoire d&#8217;une\" \/>\n<meta property=\"og:url\" content=\"https:\/\/www.reseau-entreprendre.org\/hainaut\/laureat-2023-4\/\" \/>\n<meta property=\"og:site_name\" content=\"R\u00e9seau Entreprendre Hainaut\" \/>\n<meta property=\"article:modified_time\" content=\"2024-02-13T13:46:01+00:00\" \/>\n<meta property=\"og:image\" content=\"https:\/\/lh7-us.googleusercontent.com\/S4bByr8fo7I76tUBZuHUZ4-aXx_TVUNEC1wPLz7HipcnJt-M_UGXjQdlQBJUEKqVhdMBexOSwP_R3BbcPmqXN36_AmAAUF-Hd00pIpwjTtJdlGcqQEcV-ZQCaAOIBRxwxmMZt2Ftwzcf5xCZ2I18lLc\" \/>\n<meta name=\"twitter:card\" content=\"summary_large_image\" \/>\n<meta name=\"twitter:label1\" content=\"Dur\u00e9e de lecture estim\u00e9e\" \/>\n\t<meta name=\"twitter:data1\" content=\"1 minute\" \/>\n<script type=\"application\/ld+json\" class=\"yoast-schema-graph\">{\"@context\":\"https:\\\/\\\/schema.org\",\"@graph\":[{\"@type\":\"WebPage\",\"@id\":\"https:\\\/\\\/www.reseau-entreprendre.org\\\/hainaut\\\/laureat-2023-4\\\/\",\"url\":\"https:\\\/\\\/www.reseau-entreprendre.org\\\/hainaut\\\/laureat-2023-4\\\/\",\"name\":\"LAUREAT 2023 - R\u00e9seau Entreprendre Hainaut\",\"isPartOf\":{\"@id\":\"https:\\\/\\\/www.reseau-entreprendre.org\\\/hainaut\\\/#website\"},\"primaryImageOfPage\":{\"@id\":\"https:\\\/\\\/www.reseau-entreprendre.org\\\/hainaut\\\/laureat-2023-4\\\/#primaryimage\"},\"image\":{\"@id\":\"https:\\\/\\\/www.reseau-entreprendre.org\\\/hainaut\\\/laureat-2023-4\\\/#primaryimage\"},\"thumbnailUrl\":\"https:\\\/\\\/lh7-us.googleusercontent.com\\\/S4bByr8fo7I76tUBZuHUZ4-aXx_TVUNEC1wPLz7HipcnJt-M_UGXjQdlQBJUEKqVhdMBexOSwP_R3BbcPmqXN36_AmAAUF-Hd00pIpwjTtJdlGcqQEcV-ZQCaAOIBRxwxmMZt2Ftwzcf5xCZ2I18lLc\",\"datePublished\":\"2024-01-30T15:21:25+00:00\",\"dateModified\":\"2024-02-13T13:46:01+00:00\",\"breadcrumb\":{\"@id\":\"https:\\\/\\\/www.reseau-entreprendre.org\\\/hainaut\\\/laureat-2023-4\\\/#breadcrumb\"},\"inLanguage\":\"fr-FR\",\"potentialAction\":[{\"@type\":\"ReadAction\",\"target\":[\"https:\\\/\\\/www.reseau-entreprendre.org\\\/hainaut\\\/laureat-2023-4\\\/\"]}]},{\"@type\":\"ImageObject\",\"inLanguage\":\"fr-FR\",\"@id\":\"https:\\\/\\\/www.reseau-entreprendre.org\\\/hainaut\\\/laureat-2023-4\\\/#primaryimage\",\"url\":\"https:\\\/\\\/lh7-us.googleusercontent.com\\\/S4bByr8fo7I76tUBZuHUZ4-aXx_TVUNEC1wPLz7HipcnJt-M_UGXjQdlQBJUEKqVhdMBexOSwP_R3BbcPmqXN36_AmAAUF-Hd00pIpwjTtJdlGcqQEcV-ZQCaAOIBRxwxmMZt2Ftwzcf5xCZ2I18lLc\",\"contentUrl\":\"https:\\\/\\\/lh7-us.googleusercontent.com\\\/S4bByr8fo7I76tUBZuHUZ4-aXx_TVUNEC1wPLz7HipcnJt-M_UGXjQdlQBJUEKqVhdMBexOSwP_R3BbcPmqXN36_AmAAUF-Hd00pIpwjTtJdlGcqQEcV-ZQCaAOIBRxwxmMZt2Ftwzcf5xCZ2I18lLc\"},{\"@type\":\"BreadcrumbList\",\"@id\":\"https:\\\/\\\/www.reseau-entreprendre.org\\\/hainaut\\\/laureat-2023-4\\\/#breadcrumb\",\"itemListElement\":[{\"@type\":\"ListItem\",\"position\":1,\"name\":\"Accueil\",\"item\":\"https:\\\/\\\/www.reseau-entreprendre.org\\\/hainaut\\\/\"},{\"@type\":\"ListItem\",\"position\":2,\"name\":\"LAUREAT 2023\"}]},{\"@type\":\"WebSite\",\"@id\":\"https:\\\/\\\/www.reseau-entreprendre.org\\\/hainaut\\\/#website\",\"url\":\"https:\\\/\\\/www.reseau-entreprendre.org\\\/hainaut\\\/\",\"name\":\"R\u00e9seau Entreprendre Hainaut\",\"description\":\"Un site utilisant Les sites de R\u00e9seau Entreprendre\",\"potentialAction\":[{\"@type\":\"SearchAction\",\"target\":{\"@type\":\"EntryPoint\",\"urlTemplate\":\"https:\\\/\\\/www.reseau-entreprendre.org\\\/hainaut\\\/?s={search_term_string}\"},\"query-input\":{\"@type\":\"PropertyValueSpecification\",\"valueRequired\":true,\"valueName\":\"search_term_string\"}}],\"inLanguage\":\"fr-FR\"}]}<\/script>\n<!-- \/ Yoast SEO plugin. -->","yoast_head_json":{"title":"LAUREAT 2023 - R\u00e9seau Entreprendre Hainaut","robots":{"index":"index","follow":"follow","max-snippet":"max-snippet:-1","max-image-preview":"max-image-preview:large","max-video-preview":"max-video-preview:-1"},"canonical":"https:\/\/www.reseau-entreprendre.org\/hainaut\/laureat-2023-4\/","og_locale":"fr_FR","og_type":"article","og_title":"LAUREAT 2023 - R\u00e9seau Entreprendre Hainaut","og_description":"Am\u00e9lie CHEVALIER START REPRISE : Le Patureur C&#8217;est l&#8217;histoire d&#8217;une","og_url":"https:\/\/www.reseau-entreprendre.org\/hainaut\/laureat-2023-4\/","og_site_name":"R\u00e9seau Entreprendre Hainaut","article_modified_time":"2024-02-13T13:46:01+00:00","og_image":[{"url":"https:\/\/lh7-us.googleusercontent.com\/S4bByr8fo7I76tUBZuHUZ4-aXx_TVUNEC1wPLz7HipcnJt-M_UGXjQdlQBJUEKqVhdMBexOSwP_R3BbcPmqXN36_AmAAUF-Hd00pIpwjTtJdlGcqQEcV-ZQCaAOIBRxwxmMZt2Ftwzcf5xCZ2I18lLc","type":"","width":"","height":""}],"twitter_card":"summary_large_image","twitter_misc":{"Dur\u00e9e de lecture estim\u00e9e":"1 minute"},"schema":{"@context":"https:\/\/schema.org","@graph":[{"@type":"WebPage","@id":"https:\/\/www.reseau-entreprendre.org\/hainaut\/laureat-2023-4\/","url":"https:\/\/www.reseau-entreprendre.org\/hainaut\/laureat-2023-4\/","name":"LAUREAT 2023 - R\u00e9seau Entreprendre Hainaut","isPartOf":{"@id":"https:\/\/www.reseau-entreprendre.org\/hainaut\/#website"},"primaryImageOfPage":{"@id":"https:\/\/www.reseau-entreprendre.org\/hainaut\/laureat-2023-4\/#primaryimage"},"image":{"@id":"https:\/\/www.reseau-entreprendre.org\/hainaut\/laureat-2023-4\/#primaryimage"},"thumbnailUrl":"https:\/\/lh7-us.googleusercontent.com\/S4bByr8fo7I76tUBZuHUZ4-aXx_TVUNEC1wPLz7HipcnJt-M_UGXjQdlQBJUEKqVhdMBexOSwP_R3BbcPmqXN36_AmAAUF-Hd00pIpwjTtJdlGcqQEcV-ZQCaAOIBRxwxmMZt2Ftwzcf5xCZ2I18lLc","datePublished":"2024-01-30T15:21:25+00:00","dateModified":"2024-02-13T13:46:01+00:00","breadcrumb":{"@id":"https:\/\/www.reseau-entreprendre.org\/hainaut\/laureat-2023-4\/#breadcrumb"},"inLanguage":"fr-FR","potentialAction":[{"@type":"ReadAction","target":["https:\/\/www.reseau-entreprendre.org\/hainaut\/laureat-2023-4\/"]}]},{"@type":"ImageObject","inLanguage":"fr-FR","@id":"https:\/\/www.reseau-entreprendre.org\/hainaut\/laureat-2023-4\/#primaryimage","url":"https:\/\/lh7-us.googleusercontent.com\/S4bByr8fo7I76tUBZuHUZ4-aXx_TVUNEC1wPLz7HipcnJt-M_UGXjQdlQBJUEKqVhdMBexOSwP_R3BbcPmqXN36_AmAAUF-Hd00pIpwjTtJdlGcqQEcV-ZQCaAOIBRxwxmMZt2Ftwzcf5xCZ2I18lLc","contentUrl":"https:\/\/lh7-us.googleusercontent.com\/S4bByr8fo7I76tUBZuHUZ4-aXx_TVUNEC1wPLz7HipcnJt-M_UGXjQdlQBJUEKqVhdMBexOSwP_R3BbcPmqXN36_AmAAUF-Hd00pIpwjTtJdlGcqQEcV-ZQCaAOIBRxwxmMZt2Ftwzcf5xCZ2I18lLc"},{"@type":"BreadcrumbList","@id":"https:\/\/www.reseau-entreprendre.org\/hainaut\/laureat-2023-4\/#breadcrumb","itemListElement":[{"@type":"ListItem","position":1,"name":"Accueil","item":"https:\/\/www.reseau-entreprendre.org\/hainaut\/"},{"@type":"ListItem","position":2,"name":"LAUREAT 2023"}]},{"@type":"WebSite","@id":"https:\/\/www.reseau-entreprendre.org\/hainaut\/#website","url":"https:\/\/www.reseau-entreprendre.org\/hainaut\/","name":"R\u00e9seau Entreprendre Hainaut","description":"Un site utilisant Les sites de R\u00e9seau Entreprendre","potentialAction":[{"@type":"SearchAction","target":{"@type":"EntryPoint","urlTemplate":"https:\/\/www.reseau-entreprendre.org\/hainaut\/?s={search_term_string}"},"query-input":{"@type":"PropertyValueSpecification","valueRequired":true,"valueName":"search_term_string"}}],"inLanguage":"fr-FR"}]}},"_links":{"self":[{"href":"https:\/\/www.reseau-entreprendre.org\/hainaut\/wp-json\/wp\/v2\/pages\/4290","targetHints":{"allow":["GET"]}}],"collection":[{"href":"https:\/\/www.reseau-entreprendre.org\/hainaut\/wp-json\/wp\/v2\/pages"}],"about":[{"href":"https:\/\/www.reseau-entreprendre.org\/hainaut\/wp-json\/wp\/v2\/types\/page"}],"author":[{"embeddable":true,"href":"https:\/\/www.reseau-entreprendre.org\/hainaut\/wp-json\/wp\/v2\/users\/41"}],"replies":[{"embeddable":true,"href":"https:\/\/www.reseau-entreprendre.org\/hainaut\/wp-json\/wp\/v2\/comments?post=4290"}],"version-history":[{"count":0,"href":"https:\/\/www.reseau-entreprendre.org\/hainaut\/wp-json\/wp\/v2\/pages\/4290\/revisions"}],"wp:attachment":[{"href":"https:\/\/www.reseau-entreprendre.org\/hainaut\/wp-json\/wp\/v2\/media?parent=4290"}],"curies":[{"name":"wp","href":"https:\/\/api.w.org\/{rel}","templated":true}]}}