{"id":4333,"date":"2024-02-13T16:42:50","date_gmt":"2024-02-13T15:42:50","guid":{"rendered":"https:\/\/www.reseau-entreprendre.org\/hainaut\/?page_id=4333"},"modified":"2024-11-12T15:51:00","modified_gmt":"2024-11-12T14:51:00","slug":"laureat-2023-11","status":"publish","type":"page","link":"https:\/\/www.reseau-entreprendre.org\/hainaut\/laureat-2023-11\/","title":{"rendered":"LAUREAT 2023"},"content":{"rendered":"\n<p><\/p>\n\n\n\n<p class=\"has-re-blue-color has-text-color has-link-color has-large-font-size wp-elements-ec03f9ac2673dcc6b79ee7f74994b6d7\"><strong>Fran\u00e7ois MIROUX<\/strong><\/p>\n\n\n\n<p class=\"has-re-yellow-color has-text-color has-link-color wp-elements-d8d5e5b316e72893d92e861e7739c9c6\"><strong>START REPRISE <\/strong>: MTD <\/p>\n\n\n\n<figure class=\"wp-block-image size-full is-resized\"><img loading=\"lazy\" decoding=\"async\" width=\"402\" height=\"520\" src=\"https:\/\/www.reseau-entreprendre.org\/hainaut\/wp-content\/uploads\/sites\/39\/2024\/11\/image-11.png\" alt=\"\" class=\"wp-image-4769\" style=\"width:78px;height:auto\" srcset=\"https:\/\/www.reseau-entreprendre.org\/hainaut\/wp-content\/uploads\/sites\/39\/2024\/11\/image-11.png 402w, https:\/\/www.reseau-entreprendre.org\/hainaut\/wp-content\/uploads\/sites\/39\/2024\/11\/image-11-232x300.png 232w, https:\/\/www.reseau-entreprendre.org\/hainaut\/wp-content\/uploads\/sites\/39\/2024\/11\/image-11-101x130.png 101w, https:\/\/www.reseau-entreprendre.org\/hainaut\/wp-content\/uploads\/sites\/39\/2024\/11\/image-11-77x100.png 77w\" sizes=\"auto, (max-width: 402px) 100vw, 402px\" \/><\/figure>\n\n\n\n<p class=\"has-re-yellow-color has-text-color has-link-color wp-elements-5dcdfec3d5dfd5dee536381255402371\"><\/p>\n\n\n<div class=\"wp-block-image\">\n<figure class=\"alignright size-full is-resized\"><img loading=\"lazy\" decoding=\"async\" width=\"666\" height=\"666\" src=\"https:\/\/www.reseau-entreprendre.org\/hainaut\/wp-content\/uploads\/sites\/39\/2024\/02\/Capture-decran-2024-02-13-a-16.16.14.png\" alt=\"\" class=\"wp-image-4335\" style=\"width:333px;height:auto\" srcset=\"https:\/\/www.reseau-entreprendre.org\/hainaut\/wp-content\/uploads\/sites\/39\/2024\/02\/Capture-decran-2024-02-13-a-16.16.14.png 666w, https:\/\/www.reseau-entreprendre.org\/hainaut\/wp-content\/uploads\/sites\/39\/2024\/02\/Capture-decran-2024-02-13-a-16.16.14-300x300.png 300w, https:\/\/www.reseau-entreprendre.org\/hainaut\/wp-content\/uploads\/sites\/39\/2024\/02\/Capture-decran-2024-02-13-a-16.16.14-150x150.png 150w, https:\/\/www.reseau-entreprendre.org\/hainaut\/wp-content\/uploads\/sites\/39\/2024\/02\/Capture-decran-2024-02-13-a-16.16.14-130x130.png 130w\" sizes=\"auto, (max-width: 666px) 100vw, 666px\" \/><\/figure>\n<\/div>\n\n\n<p>DESCRIPTIF : Soci\u00e9t\u00e9 sp\u00e9cialis\u00e9e dans la fabrication et r\u00e9alisation de mod\u00e8les et outillages de fonderies.<\/p>\n\n\n\n<p>SITE INTERNET :<a href=\"https:\/\/opservices.odoo.com\" target=\"_blank\" rel=\"noreferrer noopener\"> <\/a><a href=\"https:\/\/www.mtdfrance.fr\/\">https:\/\/www.linkedin.com\/company\/modelage-et-techniques-derivees\/about\/<\/a><\/p>\n\n\n\n<p><\/p>\n","protected":false},"excerpt":{"rendered":"<p>Fran\u00e7ois MIROUX START REPRISE : MTD DESCRIPTIF : Soci\u00e9t\u00e9 sp\u00e9cialis\u00e9e<\/p>\n","protected":false},"author":41,"featured_media":0,"parent":0,"menu_order":0,"comment_status":"closed","ping_status":"closed","template":"","meta":{"_acf_changed":false,"_monsterinsights_skip_tracking":false,"_monsterinsights_sitenote_active":false,"_monsterinsights_sitenote_note":"","_monsterinsights_sitenote_category":0,"footnotes":""},"class_list":["post-4333","page","type-page","status-publish","hentry"],"acf":[],"yoast_head":"<!-- This site is optimized with the Yoast SEO plugin v27.4 - https:\/\/yoast.com\/product\/yoast-seo-wordpress\/ -->\n<title>LAUREAT 2023 - R\u00e9seau Entreprendre Hainaut<\/title>\n<meta name=\"robots\" content=\"index, follow, max-snippet:-1, max-image-preview:large, max-video-preview:-1\" \/>\n<link rel=\"canonical\" href=\"https:\/\/www.reseau-entreprendre.org\/hainaut\/laureat-2023-11\/\" \/>\n<meta property=\"og:locale\" content=\"fr_FR\" \/>\n<meta property=\"og:type\" content=\"article\" \/>\n<meta property=\"og:title\" content=\"LAUREAT 2023 - R\u00e9seau Entreprendre Hainaut\" \/>\n<meta property=\"og:description\" content=\"Fran\u00e7ois MIROUX START REPRISE : MTD DESCRIPTIF : Soci\u00e9t\u00e9 sp\u00e9cialis\u00e9e\" \/>\n<meta property=\"og:url\" content=\"https:\/\/www.reseau-entreprendre.org\/hainaut\/laureat-2023-11\/\" \/>\n<meta property=\"og:site_name\" content=\"R\u00e9seau Entreprendre Hainaut\" \/>\n<meta property=\"article:modified_time\" content=\"2024-11-12T14:51:00+00:00\" \/>\n<meta property=\"og:image\" content=\"https:\/\/www.reseau-entreprendre.org\/hainaut\/wp-content\/uploads\/sites\/39\/2024\/11\/image-11.png\" \/>\n\t<meta property=\"og:image:width\" content=\"402\" \/>\n\t<meta property=\"og:image:height\" content=\"520\" \/>\n\t<meta property=\"og:image:type\" content=\"image\/png\" \/>\n<meta name=\"twitter:card\" content=\"summary_large_image\" \/>\n<meta name=\"twitter:label1\" content=\"Dur\u00e9e de lecture estim\u00e9e\" \/>\n\t<meta name=\"twitter:data1\" content=\"1 minute\" \/>\n<script type=\"application\/ld+json\" class=\"yoast-schema-graph\">{\"@context\":\"https:\\\/\\\/schema.org\",\"@graph\":[{\"@type\":\"WebPage\",\"@id\":\"https:\\\/\\\/www.reseau-entreprendre.org\\\/hainaut\\\/laureat-2023-11\\\/\",\"url\":\"https:\\\/\\\/www.reseau-entreprendre.org\\\/hainaut\\\/laureat-2023-11\\\/\",\"name\":\"LAUREAT 2023 - R\u00e9seau Entreprendre Hainaut\",\"isPartOf\":{\"@id\":\"https:\\\/\\\/www.reseau-entreprendre.org\\\/hainaut\\\/#website\"},\"primaryImageOfPage\":{\"@id\":\"https:\\\/\\\/www.reseau-entreprendre.org\\\/hainaut\\\/laureat-2023-11\\\/#primaryimage\"},\"image\":{\"@id\":\"https:\\\/\\\/www.reseau-entreprendre.org\\\/hainaut\\\/laureat-2023-11\\\/#primaryimage\"},\"thumbnailUrl\":\"https:\\\/\\\/www.reseau-entreprendre.org\\\/hainaut\\\/wp-content\\\/uploads\\\/sites\\\/39\\\/2024\\\/11\\\/image-11.png\",\"datePublished\":\"2024-02-13T15:42:50+00:00\",\"dateModified\":\"2024-11-12T14:51:00+00:00\",\"breadcrumb\":{\"@id\":\"https:\\\/\\\/www.reseau-entreprendre.org\\\/hainaut\\\/laureat-2023-11\\\/#breadcrumb\"},\"inLanguage\":\"fr-FR\",\"potentialAction\":[{\"@type\":\"ReadAction\",\"target\":[\"https:\\\/\\\/www.reseau-entreprendre.org\\\/hainaut\\\/laureat-2023-11\\\/\"]}]},{\"@type\":\"ImageObject\",\"inLanguage\":\"fr-FR\",\"@id\":\"https:\\\/\\\/www.reseau-entreprendre.org\\\/hainaut\\\/laureat-2023-11\\\/#primaryimage\",\"url\":\"https:\\\/\\\/www.reseau-entreprendre.org\\\/hainaut\\\/wp-content\\\/uploads\\\/sites\\\/39\\\/2024\\\/11\\\/image-11.png\",\"contentUrl\":\"https:\\\/\\\/www.reseau-entreprendre.org\\\/hainaut\\\/wp-content\\\/uploads\\\/sites\\\/39\\\/2024\\\/11\\\/image-11.png\",\"width\":402,\"height\":520},{\"@type\":\"BreadcrumbList\",\"@id\":\"https:\\\/\\\/www.reseau-entreprendre.org\\\/hainaut\\\/laureat-2023-11\\\/#breadcrumb\",\"itemListElement\":[{\"@type\":\"ListItem\",\"position\":1,\"name\":\"Accueil\",\"item\":\"https:\\\/\\\/www.reseau-entreprendre.org\\\/hainaut\\\/\"},{\"@type\":\"ListItem\",\"position\":2,\"name\":\"LAUREAT 2023\"}]},{\"@type\":\"WebSite\",\"@id\":\"https:\\\/\\\/www.reseau-entreprendre.org\\\/hainaut\\\/#website\",\"url\":\"https:\\\/\\\/www.reseau-entreprendre.org\\\/hainaut\\\/\",\"name\":\"R\u00e9seau Entreprendre Hainaut\",\"description\":\"Un site utilisant Les sites de R\u00e9seau Entreprendre\",\"potentialAction\":[{\"@type\":\"SearchAction\",\"target\":{\"@type\":\"EntryPoint\",\"urlTemplate\":\"https:\\\/\\\/www.reseau-entreprendre.org\\\/hainaut\\\/?s={search_term_string}\"},\"query-input\":{\"@type\":\"PropertyValueSpecification\",\"valueRequired\":true,\"valueName\":\"search_term_string\"}}],\"inLanguage\":\"fr-FR\"}]}<\/script>\n<!-- \/ Yoast SEO plugin. -->","yoast_head_json":{"title":"LAUREAT 2023 - R\u00e9seau Entreprendre Hainaut","robots":{"index":"index","follow":"follow","max-snippet":"max-snippet:-1","max-image-preview":"max-image-preview:large","max-video-preview":"max-video-preview:-1"},"canonical":"https:\/\/www.reseau-entreprendre.org\/hainaut\/laureat-2023-11\/","og_locale":"fr_FR","og_type":"article","og_title":"LAUREAT 2023 - R\u00e9seau Entreprendre Hainaut","og_description":"Fran\u00e7ois MIROUX START REPRISE : MTD DESCRIPTIF : Soci\u00e9t\u00e9 sp\u00e9cialis\u00e9e","og_url":"https:\/\/www.reseau-entreprendre.org\/hainaut\/laureat-2023-11\/","og_site_name":"R\u00e9seau Entreprendre Hainaut","article_modified_time":"2024-11-12T14:51:00+00:00","og_image":[{"width":402,"height":520,"url":"https:\/\/www.reseau-entreprendre.org\/hainaut\/wp-content\/uploads\/sites\/39\/2024\/11\/image-11.png","type":"image\/png"}],"twitter_card":"summary_large_image","twitter_misc":{"Dur\u00e9e de lecture estim\u00e9e":"1 minute"},"schema":{"@context":"https:\/\/schema.org","@graph":[{"@type":"WebPage","@id":"https:\/\/www.reseau-entreprendre.org\/hainaut\/laureat-2023-11\/","url":"https:\/\/www.reseau-entreprendre.org\/hainaut\/laureat-2023-11\/","name":"LAUREAT 2023 - R\u00e9seau Entreprendre Hainaut","isPartOf":{"@id":"https:\/\/www.reseau-entreprendre.org\/hainaut\/#website"},"primaryImageOfPage":{"@id":"https:\/\/www.reseau-entreprendre.org\/hainaut\/laureat-2023-11\/#primaryimage"},"image":{"@id":"https:\/\/www.reseau-entreprendre.org\/hainaut\/laureat-2023-11\/#primaryimage"},"thumbnailUrl":"https:\/\/www.reseau-entreprendre.org\/hainaut\/wp-content\/uploads\/sites\/39\/2024\/11\/image-11.png","datePublished":"2024-02-13T15:42:50+00:00","dateModified":"2024-11-12T14:51:00+00:00","breadcrumb":{"@id":"https:\/\/www.reseau-entreprendre.org\/hainaut\/laureat-2023-11\/#breadcrumb"},"inLanguage":"fr-FR","potentialAction":[{"@type":"ReadAction","target":["https:\/\/www.reseau-entreprendre.org\/hainaut\/laureat-2023-11\/"]}]},{"@type":"ImageObject","inLanguage":"fr-FR","@id":"https:\/\/www.reseau-entreprendre.org\/hainaut\/laureat-2023-11\/#primaryimage","url":"https:\/\/www.reseau-entreprendre.org\/hainaut\/wp-content\/uploads\/sites\/39\/2024\/11\/image-11.png","contentUrl":"https:\/\/www.reseau-entreprendre.org\/hainaut\/wp-content\/uploads\/sites\/39\/2024\/11\/image-11.png","width":402,"height":520},{"@type":"BreadcrumbList","@id":"https:\/\/www.reseau-entreprendre.org\/hainaut\/laureat-2023-11\/#breadcrumb","itemListElement":[{"@type":"ListItem","position":1,"name":"Accueil","item":"https:\/\/www.reseau-entreprendre.org\/hainaut\/"},{"@type":"ListItem","position":2,"name":"LAUREAT 2023"}]},{"@type":"WebSite","@id":"https:\/\/www.reseau-entreprendre.org\/hainaut\/#website","url":"https:\/\/www.reseau-entreprendre.org\/hainaut\/","name":"R\u00e9seau Entreprendre Hainaut","description":"Un site utilisant Les sites de R\u00e9seau Entreprendre","potentialAction":[{"@type":"SearchAction","target":{"@type":"EntryPoint","urlTemplate":"https:\/\/www.reseau-entreprendre.org\/hainaut\/?s={search_term_string}"},"query-input":{"@type":"PropertyValueSpecification","valueRequired":true,"valueName":"search_term_string"}}],"inLanguage":"fr-FR"}]}},"_links":{"self":[{"href":"https:\/\/www.reseau-entreprendre.org\/hainaut\/wp-json\/wp\/v2\/pages\/4333","targetHints":{"allow":["GET"]}}],"collection":[{"href":"https:\/\/www.reseau-entreprendre.org\/hainaut\/wp-json\/wp\/v2\/pages"}],"about":[{"href":"https:\/\/www.reseau-entreprendre.org\/hainaut\/wp-json\/wp\/v2\/types\/page"}],"author":[{"embeddable":true,"href":"https:\/\/www.reseau-entreprendre.org\/hainaut\/wp-json\/wp\/v2\/users\/41"}],"replies":[{"embeddable":true,"href":"https:\/\/www.reseau-entreprendre.org\/hainaut\/wp-json\/wp\/v2\/comments?post=4333"}],"version-history":[{"count":0,"href":"https:\/\/www.reseau-entreprendre.org\/hainaut\/wp-json\/wp\/v2\/pages\/4333\/revisions"}],"wp:attachment":[{"href":"https:\/\/www.reseau-entreprendre.org\/hainaut\/wp-json\/wp\/v2\/media?parent=4333"}],"curies":[{"name":"wp","href":"https:\/\/api.w.org\/{rel}","templated":true}]}}