{"id":4567,"date":"2024-11-26T14:51:13","date_gmt":"2024-11-26T13:51:13","guid":{"rendered":"https:\/\/www.reseau-entreprendre.org\/hainaut\/?page_id=4567"},"modified":"2024-12-03T09:16:19","modified_gmt":"2024-12-03T08:16:19","slug":"aide-au-developpement-entreprise","status":"publish","type":"page","link":"https:\/\/www.reseau-entreprendre.org\/hainaut\/aide-au-developpement-entreprise\/","title":{"rendered":"Aide au d\u00e9veloppement d&#8217;entreprise dans le Hainaut (Valenciennes, Douai, Cambrai et Maubeuge)"},"content":{"rendered":"\n<h2 class=\"wp-block-heading\">Quelles <strong>Aides<\/strong> R\u00e9seau Entreprendre Hainaut propose au d\u00e9veloppement d&#8217;entreprise ?<\/h2>\n\n\n\n<p>R\u00e9seau Entreprendre Hainaut accompagne les d\u00e9veloppeurs d&#8217;entreprise par :<br><br>&#8211; Une expertise M\u00e9tier<br>&#8211; Une mise en r\u00e9seau Locale, Nationale et Internationale<\/p>\n\n\n\n<p>Nous intervenons sur le territoire du Hainaut, qui comprends les arrondissements de Valenciennes, Cambrai, Douai et Avesnes-sur-Helpe (Maubeuge).<\/p>\n\n\n\n<p><\/p>\n\n\n<div class=\"wp-block-image is-style-rounded\">\n<figure class=\"alignright size-full is-resized\"><img loading=\"lazy\" decoding=\"async\" width=\"897\" height=\"597\" src=\"https:\/\/www.reseau-entreprendre.org\/hainaut\/wp-content\/uploads\/sites\/39\/2024\/04\/image-1.png\" alt=\"\" class=\"wp-image-4558\" style=\"width:252px;height:auto\" srcset=\"https:\/\/www.reseau-entreprendre.org\/hainaut\/wp-content\/uploads\/sites\/39\/2024\/04\/image-1.png 897w, https:\/\/www.reseau-entreprendre.org\/hainaut\/wp-content\/uploads\/sites\/39\/2024\/04\/image-1-300x200.png 300w, https:\/\/www.reseau-entreprendre.org\/hainaut\/wp-content\/uploads\/sites\/39\/2024\/04\/image-1-768x511.png 768w, https:\/\/www.reseau-entreprendre.org\/hainaut\/wp-content\/uploads\/sites\/39\/2024\/04\/image-1-391x260.png 391w, https:\/\/www.reseau-entreprendre.org\/hainaut\/wp-content\/uploads\/sites\/39\/2024\/04\/image-1-195x130.png 195w, https:\/\/www.reseau-entreprendre.org\/hainaut\/wp-content\/uploads\/sites\/39\/2024\/04\/image-1-100x67.png 100w\" sizes=\"auto, (max-width: 897px) 100vw, 897px\" \/><\/figure>\n<\/div>\n\n\n<hr class=\"wp-block-separator has-alpha-channel-opacity is-style-default\" \/>\n\n\n\n<h2 class=\"wp-block-heading\"><strong>Financement<\/strong> : Quelle <strong>aide financi\u00e8re<\/strong> permet R\u00e9seau Entreprendre Hainaut dans un d\u00e9veloppement d&#8217;entreprise ?<\/h2>\n\n\n\n<p>R\u00e9seau Entreprendre Hainaut propose un accompagnement financier sous forme de pr\u00eats d&#8217;honneur aux entrepreneurs du Valenciennois, de l\u2019Avesnois, du Cambr\u00e9sis et du Douaisis. Voici quelques points cl\u00e9s sur cet accompagnement financier :<\/p>\n\n\n\n<ol start=\"1\" class=\"wp-block-list\">\n<li><strong>Pr\u00eat d&#8217;honneur :<\/strong>&nbsp;R\u00e9seau Entreprendre Hainaut offre des pr\u00eats d&#8217;honneur aux entrepreneurs s\u00e9lectionn\u00e9s. Ces pr\u00eats sont sans int\u00e9r\u00eat et sans garantie personnelle. Ils sont accord\u00e9s pour soutenir des projets de reprise d&#8217;entreprise.<\/li>\n\n\n\n<li><strong>Montant du pr\u00eat :<\/strong>\u00a0Le montant du pr\u00eat d&#8217;honneur peut varier en fonction des besoins sp\u00e9cifiques du projet entrepreneurial et de l&#8217;\u00e9valuation effectu\u00e9e par R\u00e9seau Entreprendre Hainaut. Il est compris entre 30\u00a0000 \u20ac\u00a0\u00e0 90\u00a0000 \u20ac.<\/li>\n\n\n\n<li><strong>Conditions de remboursement :<\/strong>&nbsp;Les pr\u00eats d&#8217;honneur sont remboursables sur une p\u00e9riode d\u00e9finie, de 42 mensualit\u00e9s de remboursement. Un diff\u00e9r\u00e9 de remboursement est octroy\u00e9 en fonction de la nature du projet (6 mois pour un projet de d\u00e9veloppement).<\/li>\n\n\n\n<li><strong>Utilisation des fonds :<\/strong>\u00a0Les fonds issus du pr\u00eat d&#8217;honneur peuvent \u00eatre utilis\u00e9s pour divers besoins li\u00e9s au d\u00e9veloppement de l&#8217;entreprise, tels que le financement des investissements, le renforcement du fonds de roulement, le d\u00e9veloppement commercial, etc.<\/li>\n\n\n\n<li><strong>Compl\u00e9mentarit\u00e9 avec d&#8217;autres financements :<\/strong>\u00a0Le pr\u00eat d&#8217;honneur de R\u00e9seau Entreprendre Hainaut est compl\u00e9mentaire \u00e0 d&#8217;autres sources de financement, telles que des pr\u00eats bancaires, des investissements en capital-risque ou des fonds propres des entrepreneurs.<\/li>\n<\/ol>\n\n\n\n<p>Il est important de noter que l&#8217;octroi d&#8217;un pr\u00eat d&#8217;honneur par R\u00e9seau Entreprendre Hainaut est soumis \u00e0 un processus de s\u00e9lection rigoureux. Les entrepreneurs int\u00e9ress\u00e9s doivent pr\u00e9senter leur projet \u00e0 un comit\u00e9 d\u2019engagement, qui \u00e9value la viabilit\u00e9, le potentiel de l&#8217;entreprise et l\u2019accompagnabilit\u00e9 du porteur de projet. Une fois s\u00e9lectionn\u00e9s, les entrepreneurs b\u00e9n\u00e9ficient non seulement du soutien financier, mais aussi de l&#8217;accompagnement et du mentorat offerts par le r\u00e9seau.<\/p>\n\n\n\n<p><em>Vous souhaitez vous faire accompagner, alors contacter&nbsp;:<\/em> <\/p>\n\n\n\n<p><em>Damien DUEZ \u2013 Charg\u00e9 d\u2019\u00c9tudes et d\u2019Accompagnement<\/em> &#8211; <em><a href=\"mailto:dduez@reseau-entreprendre.org\">duez@reseau-entreprendre.org<\/a> \u2013 07 48 72 15 00<\/em><\/p>\n\n\n\n<p><\/p>\n\n\n<div class=\"wp-block-image is-style-rounded\">\n<figure class=\"alignright size-full is-resized\"><img loading=\"lazy\" decoding=\"async\" width=\"898\" height=\"527\" src=\"https:\/\/www.reseau-entreprendre.org\/hainaut\/wp-content\/uploads\/sites\/39\/2024\/04\/image.png\" alt=\"\" class=\"wp-image-4556\" style=\"width:228px;height:auto\" srcset=\"https:\/\/www.reseau-entreprendre.org\/hainaut\/wp-content\/uploads\/sites\/39\/2024\/04\/image.png 898w, https:\/\/www.reseau-entreprendre.org\/hainaut\/wp-content\/uploads\/sites\/39\/2024\/04\/image-300x176.png 300w, https:\/\/www.reseau-entreprendre.org\/hainaut\/wp-content\/uploads\/sites\/39\/2024\/04\/image-768x451.png 768w, https:\/\/www.reseau-entreprendre.org\/hainaut\/wp-content\/uploads\/sites\/39\/2024\/04\/image-210x123.png 210w, https:\/\/www.reseau-entreprendre.org\/hainaut\/wp-content\/uploads\/sites\/39\/2024\/04\/image-100x59.png 100w\" sizes=\"auto, (max-width: 898px) 100vw, 898px\" \/><\/figure>\n<\/div>\n\n\n<h2 class=\"wp-block-heading\">Pourquoi choisir l&#8217;<strong>Accompagnement<\/strong> R\u00e9seau Entreprendre pour d\u00e9velopper son entreprendre ?<\/h2>\n\n\n\n<p><\/p>\n\n\n\n<p>Choisir R\u00e9seau Entreprendre pour se faire accompagner pr\u00e9sente plusieurs avantages pour les entrepreneurs en d\u00e9veloppement d&#8217;entreprise :<\/p>\n\n\n\n<p><strong>Accompagneme<em>nt par des chefs d&#8217;entreprise exp\u00e9riment\u00e9s<\/em><\/strong> : R\u00e9seau Entreprendre offre aux entrepreneurs l&#8217;opportunit\u00e9 d&#8217;\u00eatre accompagn\u00e9s par des chefs d&#8217;entreprise exp\u00e9riment\u00e9s. Ces mentors ont une exp\u00e9rience significative dans le monde de l\u2019entrepreneuriat et peuvent partager leurs connaissances, leur exp\u00e9rience et leurs conseils avec les nouveaux entrepreneurs.<\/p>\n\n\n\n<p><strong>R\u00e9seau professionnel \u00e9largi <\/strong>: Les membres de R\u00e9seau Entreprendre ont acc\u00e8s \u00e0 un r\u00e9seau professionnel \u00e9tendu, compos\u00e9 d&#8217;autres entrepreneurs, de mentors, de partenaires et de professionnels de divers secteurs d&#8217;activit\u00e9. Ce r\u00e9seau est une ressource pr\u00e9cieuse pour \u00e9tablir des contacts, partager des id\u00e9es et trouver des opportunit\u00e9s de croissance.<\/p>\n\n\n\n<p><strong>Mentorat personnalis\u00e9<\/strong><em> : Les entrepreneurs b\u00e9n\u00e9ficient d&#8217;un mentorat personnalis\u00e9 adapt\u00e9 \u00e0 leurs besoins sp\u00e9cifiques. Cela peut inclure des conseils sur la gestion d&#8217;entreprise, la strat\u00e9gie, le d\u00e9veloppement commercial, et d&#8217;autres domaines cl\u00e9s.<\/em><\/p>\n\n\n\n<p><strong>Accompagnement complet<\/strong> : R\u00e9seau Entreprendre prend en compte tous les aspects de l&#8217;entrepreneuriat, y compris les dimensions professionnelles et personnelles. Cela permet aux entrepreneurs d&#8217;obtenir un soutien complet pour surmonter les d\u00e9fis et r\u00e9ussir dans leurs projets.<\/p>\n\n\n\n<p><strong>Engagement philanthropique<\/strong> : R\u00e9seau Entreprendre est une organisation \u00e0 but non lucratif, cr\u00e9\u00e9e dans un esprit de solidarit\u00e9 et d&#8217;entraide entre entrepreneurs. Le mod\u00e8le repose sur l&#8217;id\u00e9e que les entrepreneurs exp\u00e9riment\u00e9s peuvent apporter un soutien significatif aux nouveaux entrepreneurs.<\/p>\n\n\n\n<p>Choisir R\u00e9seau Entreprendre est une d\u00e9cision judicieuse pour ceux qui recherchent un accompagnement personnalis\u00e9 et un environnement propice \u00e0 la croissance de leur entreprise.<\/p>\n\n\n\n<p>R\u00e9seau Entreprendre Hainaut vous accompagne sur les territoires du <strong>Valenciennois<\/strong>, du <strong>Douaisis<\/strong>, du <strong>Cambr\u00e9sis<\/strong> et de L\u2019<strong>Avesnois<\/strong>.<\/p>\n\n\n\n<p><em><a href=\"https:\/\/www.valenciennes-metropole.fr\/\">Valenciennes M\u00e9tropole Communaut\u00e9 d\u2019agglom\u00e9ration &#8211; Hauts-De-France (valenciennes-metropole.fr)<\/a><\/em><\/p>\n\n\n\n<p><em><a href=\"https:\/\/www.agglo-porteduhainaut.fr\/\">Communaut\u00e9 d&#8217;Agglom\u00e9ration de La Porte du Hainaut | Accueil (agglo-porteduhainaut.fr)<\/a><\/em><\/p>\n\n\n\n<p><em><a href=\"https:\/\/www.douaisis-agglo.com\/\">Douaisis Agglo (douaisis-agglo.com)<\/a><\/em><\/p>\n\n\n\n<p><em><a href=\"https:\/\/www.agglo-cambrai.fr\/\">Communaut\u00e9 d&#8217;Agglom\u00e9ration de Cambrai (agglo-cambrai.fr)<\/a><\/em><\/p>\n\n\n\n<p><em><a href=\"https:\/\/agglo-maubeugevaldesambre.fr\/\">Accueil &#8211; Agglo Maubeuge-Val de Sambre (agglo-maubeugevaldesambre.fr)<\/a><\/em><\/p>\n\n\n\n<p><em>Vous souhaitez vous faire accompagner, alors contacter&nbsp;:<\/em><\/p>\n\n\n\n<p><em>Damien DUEZ \u2013 Charg\u00e9 d\u2019\u00c9tudes et d\u2019Accompagnement<\/em><\/p>\n\n\n\n<p><em><a href=\"mailto:dduez@reseau-entreprendre.org\">dduez@reseau-entreprendre.org<\/a> \u2013 07 48 72 15 00<\/em><\/p>\n\n\n\n<h2 class=\"wp-block-heading\"><\/h2>\n\n\n\n<p><\/p>\n\n\n\n<p><\/p>\n\n\n\n<p><\/p>\n\n\n\n<p><\/p>\n\n\n\n<p><\/p>\n\n\n\n<p><\/p>\n\n\n\n<p><\/p>\n","protected":false},"excerpt":{"rendered":"<p>Quelles Aides R\u00e9seau Entreprendre Hainaut propose au d\u00e9veloppement d&#8217;entreprise ?<\/p>\n","protected":false},"author":41,"featured_media":4557,"parent":0,"menu_order":0,"comment_status":"closed","ping_status":"closed","template":"","meta":{"_acf_changed":false,"_monsterinsights_skip_tracking":false,"_monsterinsights_sitenote_active":false,"_monsterinsights_sitenote_note":"","_monsterinsights_sitenote_category":0,"footnotes":""},"class_list":["post-4567","page","type-page","status-publish","has-post-thumbnail","hentry"],"acf":[],"yoast_head":"<!-- This site is optimized with the Yoast SEO plugin v27.4 - https:\/\/yoast.com\/product\/yoast-seo-wordpress\/ -->\n<title>Aide D\u00e9veloppement d&#039;Entreprise - R\u00e9seau Entreprendre Hainaut<\/title>\n<meta name=\"robots\" content=\"index, follow, max-snippet:-1, max-image-preview:large, max-video-preview:-1\" \/>\n<link rel=\"canonical\" href=\"https:\/\/www.reseau-entreprendre.org\/hainaut\/aide-au-developpement-entreprise\/\" \/>\n<meta property=\"og:locale\" content=\"fr_FR\" \/>\n<meta property=\"og:type\" content=\"article\" \/>\n<meta property=\"og:title\" content=\"Aide D\u00e9veloppement d&#039;Entreprise - R\u00e9seau Entreprendre Hainaut\" \/>\n<meta property=\"og:description\" content=\"Quelles Aides R\u00e9seau Entreprendre Hainaut propose au d\u00e9veloppement d&#8217;entreprise ?\" \/>\n<meta property=\"og:url\" content=\"https:\/\/www.reseau-entreprendre.org\/hainaut\/aide-au-developpement-entreprise\/\" \/>\n<meta property=\"og:site_name\" content=\"R\u00e9seau Entreprendre Hainaut\" \/>\n<meta property=\"article:modified_time\" content=\"2024-12-03T08:16:19+00:00\" \/>\n<meta property=\"og:image\" content=\"https:\/\/www.reseau-entreprendre.org\/hainaut\/wp-content\/uploads\/sites\/39\/2024\/04\/financement.png\" \/>\n\t<meta property=\"og:image:width\" content=\"897\" \/>\n\t<meta property=\"og:image:height\" content=\"597\" \/>\n\t<meta property=\"og:image:type\" content=\"image\/png\" \/>\n<meta name=\"twitter:card\" content=\"summary_large_image\" \/>\n<meta name=\"twitter:label1\" content=\"Dur\u00e9e de lecture estim\u00e9e\" \/>\n\t<meta name=\"twitter:data1\" content=\"5 minutes\" \/>\n<script type=\"application\/ld+json\" class=\"yoast-schema-graph\">{\"@context\":\"https:\\\/\\\/schema.org\",\"@graph\":[{\"@type\":\"WebPage\",\"@id\":\"https:\\\/\\\/www.reseau-entreprendre.org\\\/hainaut\\\/aide-au-developpement-entreprise\\\/\",\"url\":\"https:\\\/\\\/www.reseau-entreprendre.org\\\/hainaut\\\/aide-au-developpement-entreprise\\\/\",\"name\":\"Aide D\u00e9veloppement d'Entreprise - R\u00e9seau Entreprendre Hainaut\",\"isPartOf\":{\"@id\":\"https:\\\/\\\/www.reseau-entreprendre.org\\\/hainaut\\\/#website\"},\"primaryImageOfPage\":{\"@id\":\"https:\\\/\\\/www.reseau-entreprendre.org\\\/hainaut\\\/aide-au-developpement-entreprise\\\/#primaryimage\"},\"image\":{\"@id\":\"https:\\\/\\\/www.reseau-entreprendre.org\\\/hainaut\\\/aide-au-developpement-entreprise\\\/#primaryimage\"},\"thumbnailUrl\":\"https:\\\/\\\/www.reseau-entreprendre.org\\\/hainaut\\\/wp-content\\\/uploads\\\/sites\\\/39\\\/2024\\\/04\\\/financement.png\",\"datePublished\":\"2024-11-26T13:51:13+00:00\",\"dateModified\":\"2024-12-03T08:16:19+00:00\",\"breadcrumb\":{\"@id\":\"https:\\\/\\\/www.reseau-entreprendre.org\\\/hainaut\\\/aide-au-developpement-entreprise\\\/#breadcrumb\"},\"inLanguage\":\"fr-FR\",\"potentialAction\":[{\"@type\":\"ReadAction\",\"target\":[\"https:\\\/\\\/www.reseau-entreprendre.org\\\/hainaut\\\/aide-au-developpement-entreprise\\\/\"]}]},{\"@type\":\"ImageObject\",\"inLanguage\":\"fr-FR\",\"@id\":\"https:\\\/\\\/www.reseau-entreprendre.org\\\/hainaut\\\/aide-au-developpement-entreprise\\\/#primaryimage\",\"url\":\"https:\\\/\\\/www.reseau-entreprendre.org\\\/hainaut\\\/wp-content\\\/uploads\\\/sites\\\/39\\\/2024\\\/04\\\/financement.png\",\"contentUrl\":\"https:\\\/\\\/www.reseau-entreprendre.org\\\/hainaut\\\/wp-content\\\/uploads\\\/sites\\\/39\\\/2024\\\/04\\\/financement.png\",\"width\":897,\"height\":597},{\"@type\":\"BreadcrumbList\",\"@id\":\"https:\\\/\\\/www.reseau-entreprendre.org\\\/hainaut\\\/aide-au-developpement-entreprise\\\/#breadcrumb\",\"itemListElement\":[{\"@type\":\"ListItem\",\"position\":1,\"name\":\"Accueil\",\"item\":\"https:\\\/\\\/www.reseau-entreprendre.org\\\/hainaut\\\/\"},{\"@type\":\"ListItem\",\"position\":2,\"name\":\"Aide au d\u00e9veloppement d&rsquo;entreprise dans le Hainaut (Valenciennes, Douai, Cambrai et Maubeuge)\"}]},{\"@type\":\"WebSite\",\"@id\":\"https:\\\/\\\/www.reseau-entreprendre.org\\\/hainaut\\\/#website\",\"url\":\"https:\\\/\\\/www.reseau-entreprendre.org\\\/hainaut\\\/\",\"name\":\"R\u00e9seau Entreprendre Hainaut\",\"description\":\"Un site utilisant Les sites de R\u00e9seau Entreprendre\",\"potentialAction\":[{\"@type\":\"SearchAction\",\"target\":{\"@type\":\"EntryPoint\",\"urlTemplate\":\"https:\\\/\\\/www.reseau-entreprendre.org\\\/hainaut\\\/?s={search_term_string}\"},\"query-input\":{\"@type\":\"PropertyValueSpecification\",\"valueRequired\":true,\"valueName\":\"search_term_string\"}}],\"inLanguage\":\"fr-FR\"}]}<\/script>\n<!-- \/ Yoast SEO plugin. -->","yoast_head_json":{"title":"Aide D\u00e9veloppement d'Entreprise - R\u00e9seau Entreprendre Hainaut","robots":{"index":"index","follow":"follow","max-snippet":"max-snippet:-1","max-image-preview":"max-image-preview:large","max-video-preview":"max-video-preview:-1"},"canonical":"https:\/\/www.reseau-entreprendre.org\/hainaut\/aide-au-developpement-entreprise\/","og_locale":"fr_FR","og_type":"article","og_title":"Aide D\u00e9veloppement d'Entreprise - R\u00e9seau Entreprendre Hainaut","og_description":"Quelles Aides R\u00e9seau Entreprendre Hainaut propose au d\u00e9veloppement d&#8217;entreprise ?","og_url":"https:\/\/www.reseau-entreprendre.org\/hainaut\/aide-au-developpement-entreprise\/","og_site_name":"R\u00e9seau Entreprendre Hainaut","article_modified_time":"2024-12-03T08:16:19+00:00","og_image":[{"width":897,"height":597,"url":"https:\/\/www.reseau-entreprendre.org\/hainaut\/wp-content\/uploads\/sites\/39\/2024\/04\/financement.png","type":"image\/png"}],"twitter_card":"summary_large_image","twitter_misc":{"Dur\u00e9e de lecture estim\u00e9e":"5 minutes"},"schema":{"@context":"https:\/\/schema.org","@graph":[{"@type":"WebPage","@id":"https:\/\/www.reseau-entreprendre.org\/hainaut\/aide-au-developpement-entreprise\/","url":"https:\/\/www.reseau-entreprendre.org\/hainaut\/aide-au-developpement-entreprise\/","name":"Aide D\u00e9veloppement d'Entreprise - R\u00e9seau Entreprendre Hainaut","isPartOf":{"@id":"https:\/\/www.reseau-entreprendre.org\/hainaut\/#website"},"primaryImageOfPage":{"@id":"https:\/\/www.reseau-entreprendre.org\/hainaut\/aide-au-developpement-entreprise\/#primaryimage"},"image":{"@id":"https:\/\/www.reseau-entreprendre.org\/hainaut\/aide-au-developpement-entreprise\/#primaryimage"},"thumbnailUrl":"https:\/\/www.reseau-entreprendre.org\/hainaut\/wp-content\/uploads\/sites\/39\/2024\/04\/financement.png","datePublished":"2024-11-26T13:51:13+00:00","dateModified":"2024-12-03T08:16:19+00:00","breadcrumb":{"@id":"https:\/\/www.reseau-entreprendre.org\/hainaut\/aide-au-developpement-entreprise\/#breadcrumb"},"inLanguage":"fr-FR","potentialAction":[{"@type":"ReadAction","target":["https:\/\/www.reseau-entreprendre.org\/hainaut\/aide-au-developpement-entreprise\/"]}]},{"@type":"ImageObject","inLanguage":"fr-FR","@id":"https:\/\/www.reseau-entreprendre.org\/hainaut\/aide-au-developpement-entreprise\/#primaryimage","url":"https:\/\/www.reseau-entreprendre.org\/hainaut\/wp-content\/uploads\/sites\/39\/2024\/04\/financement.png","contentUrl":"https:\/\/www.reseau-entreprendre.org\/hainaut\/wp-content\/uploads\/sites\/39\/2024\/04\/financement.png","width":897,"height":597},{"@type":"BreadcrumbList","@id":"https:\/\/www.reseau-entreprendre.org\/hainaut\/aide-au-developpement-entreprise\/#breadcrumb","itemListElement":[{"@type":"ListItem","position":1,"name":"Accueil","item":"https:\/\/www.reseau-entreprendre.org\/hainaut\/"},{"@type":"ListItem","position":2,"name":"Aide au d\u00e9veloppement d&rsquo;entreprise dans le Hainaut (Valenciennes, Douai, Cambrai et Maubeuge)"}]},{"@type":"WebSite","@id":"https:\/\/www.reseau-entreprendre.org\/hainaut\/#website","url":"https:\/\/www.reseau-entreprendre.org\/hainaut\/","name":"R\u00e9seau Entreprendre Hainaut","description":"Un site utilisant Les sites de R\u00e9seau Entreprendre","potentialAction":[{"@type":"SearchAction","target":{"@type":"EntryPoint","urlTemplate":"https:\/\/www.reseau-entreprendre.org\/hainaut\/?s={search_term_string}"},"query-input":{"@type":"PropertyValueSpecification","valueRequired":true,"valueName":"search_term_string"}}],"inLanguage":"fr-FR"}]}},"_links":{"self":[{"href":"https:\/\/www.reseau-entreprendre.org\/hainaut\/wp-json\/wp\/v2\/pages\/4567","targetHints":{"allow":["GET"]}}],"collection":[{"href":"https:\/\/www.reseau-entreprendre.org\/hainaut\/wp-json\/wp\/v2\/pages"}],"about":[{"href":"https:\/\/www.reseau-entreprendre.org\/hainaut\/wp-json\/wp\/v2\/types\/page"}],"author":[{"embeddable":true,"href":"https:\/\/www.reseau-entreprendre.org\/hainaut\/wp-json\/wp\/v2\/users\/41"}],"replies":[{"embeddable":true,"href":"https:\/\/www.reseau-entreprendre.org\/hainaut\/wp-json\/wp\/v2\/comments?post=4567"}],"version-history":[{"count":0,"href":"https:\/\/www.reseau-entreprendre.org\/hainaut\/wp-json\/wp\/v2\/pages\/4567\/revisions"}],"wp:featuredmedia":[{"embeddable":true,"href":"https:\/\/www.reseau-entreprendre.org\/hainaut\/wp-json\/wp\/v2\/media\/4557"}],"wp:attachment":[{"href":"https:\/\/www.reseau-entreprendre.org\/hainaut\/wp-json\/wp\/v2\/media?parent=4567"}],"curies":[{"name":"wp","href":"https:\/\/api.w.org\/{rel}","templated":true}]}}