{"id":11,"date":"2017-04-28T12:33:20","date_gmt":"2017-04-28T10:33:20","guid":{"rendered":"https:\/\/www.reseau-entreprendre.org\/haute-savoie\/?page_id=11"},"modified":"2025-10-22T14:43:16","modified_gmt":"2025-10-22T12:43:16","slug":"qui-sommes-nous","status":"publish","type":"page","link":"https:\/\/www.reseau-entreprendre.org\/haute-savoie\/qui-sommes-nous\/","title":{"rendered":"Qui sommes-nous"},"content":{"rendered":"\n<h2 class=\"wp-block-heading\" id=\"qui-sommes-nous\"><img loading=\"lazy\" decoding=\"async\" width=\"300\" height=\"150\" class=\"wp-image-692 size-medium alignleft\" src=\"https:\/\/www.reseau-entreprendre.org\/haute-savoie\/wp-content\/uploads\/sites\/45\/2017\/04\/tampon-300x150.png\" alt=\"\" srcset=\"https:\/\/www.reseau-entreprendre.org\/haute-savoie\/wp-content\/uploads\/sites\/45\/2017\/04\/tampon-300x150.png 300w, https:\/\/www.reseau-entreprendre.org\/haute-savoie\/wp-content\/uploads\/sites\/45\/2017\/04\/tampon.png 454w\" sizes=\"auto, (max-width: 300px) 100vw, 300px\" \/><\/h2>\n\n\n\n<p><strong><a href=\"https:\/\/youtu.be\/E-wjxVvHvOY\">R\u00e9seau Entreprendre\u00ae<\/a> Haute-Savoie<\/strong> est une association Loi 1901 de <strong>chefs d\u2019entreprise<\/strong> cr\u00e9\u00e9 en 2005.<\/p>\n\n\n\n<p>Notre vocation : <strong>accompagner<\/strong> humainement et financi\u00e8rement la <strong>cr\u00e9ation, la reprise et le d\u00e9veloppement<\/strong> de projets \u00e0 potentiel c\u2019est-\u00e0-dire cr\u00e9ateur d\u2019emplois.<\/p>\n\n\n\n<h3 class=\"wp-block-heading\" id=\"un-peu-d-histoire\"><a href=\"https:\/\/www.youtube.com\/watch?v=E-wjxVvHvOY\">Un peu d\u2019histoire<\/a><\/h3>\n\n\n\n<p>2001, Jean-Albert Corrand, alors pr\u00e9sident de Savoie Entreprendre, d\u00e9ploie un p\u00f4le d\u2019activit\u00e9 en <strong>Haute-Savoie<\/strong>.<\/p>\n\n\n\n<p>2005, soucieux d\u2019\u00eatre au plus pr\u00e8s des porteurs de projets, la d\u00e9cision est prise de cr\u00e9er l\u2019Association <strong>Haute-Savoie<\/strong> Entreprendre, pr\u00e9sid\u00e9e par Jacques Kielwasser puis Ulrich Schmidt.<\/p>\n\n\n\n<p>2008, naissance de la marque R\u00e9seau Entreprendre\u00ae, <strong>Haute-Savoie<\/strong> Entreprendre devient alors <strong>R\u00e9seau Entreprendre\u00ae Haute-Savoie<\/strong> Pr\u00e9sid\u00e9e par Gilles Mollard depuis 2014, l\u2019association intervient sur tout le d\u00e9partement.<\/p>\n\n\n\n<p>Son si\u00e8ge est bas\u00e9 \u00e0 <strong>Annecy<\/strong>.<\/p>\n\n\n\n<p>Une Antenne bas\u00e9e \u00e0 Cluses a \u00e9t\u00e9 cr\u00e9\u00e9e en 2016 pour couvrir les <strong>territoires de la Vall\u00e9e de l\u2019Arve, du Bassin Genevois et du Pays du Mont-Blanc<\/strong>.<\/p>\n\n\n\n<p>Les principes fondateurs de l\u2019association sont :<\/p>\n\n\n\n<p>&#8211; L\u2019important c\u2019est <strong>la personne<\/strong> au c\u0153ur du projet<br>&#8211; Le principe c\u2019est <strong>la gratuit\u00e9<\/strong> du conseil et de l\u2019accompagnement<br>&#8211; L\u2019esprit c\u2019est<strong> la r\u00e9ciprocit\u00e9<\/strong> avec le partage des comp\u00e9tences                                                                                                                                                                   &#8211; Le moteur c &#8216;est <strong>la bienveillance<\/strong>, nous prenons soin de nos membres, de nos laur\u00e9ats en adaptant notre mod\u00e8le \u00e0 chaque territoire                                               <br>&#8211; L\u2019action c\u2019est des <strong>m\u00e9thodes d\u2019entreprise professionnelles<\/strong> et efficientes<\/p>\n\n\n\n<p>L\u2019association est compos\u00e9e d\u2019un bureau :<\/p>\n\n\n\n<p>Nos co-pr\u00e9sidents <a href=\"https:\/\/www.linkedin.com\/in\/yann-puccia-891848151\/\">Yann Puccia<\/a> &amp; <a href=\"https:\/\/www.linkedin.com\/in\/jean-s%C3%A9bastien-lanvin-lespiau-918912128\/\">Jean-S\u00e9batien Lanvin Lespiau<\/a>.<\/p>\n\n\n\n<p>Bureau : <a href=\"https:\/\/www.linkedin.com\/in\/jacques-berland-41021183\/?originalSubdomain=fr\">Jacques Berland<\/a>, Marie France Cartier &#8211; <a href=\"https:\/\/www.linkedin.com\/in\/laurent-daniel-074a641a1\/\" target=\"_blank\" rel=\"noreferrer noopener\">Laurent Daniel &#8211;<\/a> Consult&#8217;ec &#8211; <a href=\"https:\/\/www.linkedin.com\/in\/richardphan\/?originalSubdomain=fr\">Richard Phan<\/a> Adelos<\/p>\n\n\n\n<p>Conseil d\u2019Administration : <a href=\"https:\/\/www.linkedin.com\/in\/karl-b%C3%A9alu-auditetfinance-commissaireauxcomptes-rhonealpes-france\/?originalSubdomain=fr\">Karl B\u00e9alu<\/a>, <a href=\"https:\/\/www.linkedin.com\/in\/berland-jacques-41021183\/?originalSubdomain=fr\" target=\"_blank\" rel=\"noreferrer noopener\">Jacques Berland<\/a>,&nbsp;Marie France Cartier,  <a href=\"https:\/\/www.linkedin.com\/in\/simon-champeaux-56090379\/?originalSubdomain=fr\">Simon Champeaux<\/a><a href=\"https:\/\/www.linkedin.com\/in\/murieldavillerd\/\">, Muriel Davillerd, <\/a><a href=\"https:\/\/www.linkedin.com\/in\/michel-grebot\/\" target=\"_blank\" rel=\"noreferrer noopener\">Michel Grebot <\/a>,&nbsp; <a href=\"https:\/\/www.linkedin.com\/in\/ericmassebeufclufix\/\" target=\"_blank\" rel=\"noreferrer noopener\">Eric Massebeuf<\/a>, <a href=\"https:\/\/www.linkedin.com\/in\/christine-mermillod-laruaz-a932401bb\/\">Christine Mermillod<\/a> , <a href=\"https:\/\/www.linkedin.com\/in\/richardphan\/\" target=\"_blank\" rel=\"noreferrer noopener\">Richard Phan<\/a>, <a href=\"https:\/\/www.linkedin.com\/in\/romaric-perrot-107602173\/\">Romaric Perrot<\/a> , <a href=\"https:\/\/www.linkedin.com\/in\/jacques-perrotton-7a9207290\/\">Jacques Perrotton<\/a>  <a href=\"https:\/\/www.linkedin.com\/in\/morvant-laurent-a08012b\/\">Laurent Morvant<\/a>, <a href=\"https:\/\/www.linkedin.com\/in\/nicolas-schneider\/\">Nicolas Schneider-boucher<\/a>  <a href=\"https:\/\/www.linkedin.com\/in\/c%C3%A9cile-teso-935a9574\/\" target=\"_blank\" rel=\"noreferrer noopener\">C\u00e9cile Teso<\/a>, <a href=\"https:\/\/www.linkedin.com\/in\/roland-thiaffey-327a0862\/?originalSubdomain=fr\">Roland Thiaffey <\/a><\/p>\n\n\n\n<p>Notre \u00e9quipe est \u00e0 votre disposition pour r\u00e9pondre \u00e0 vos questions.<\/p>\n\n\n\n<p><a href=\"https:\/\/www.reseau-entreprendre.org\/haute-savoie\/contact\/\"><strong>Comment nous joindre<\/strong><\/a><img loading=\"lazy\" decoding=\"async\" width=\"125\" height=\"166\" class=\"wp-image-614 alignright\" src=\"https:\/\/www.reseau-entreprendre.org\/haute-savoie\/wp-content\/uploads\/sites\/45\/2017\/04\/stylo-150x150.png\" alt=\"\"><\/p>\n\n\n\n<p>Parc d&#8217;activit\u00e9s La Ravoire \u2013 74370 Epagny Metz-Tessy<br>T\u00e9l : 04 50 51 58 97<br>Direction \u2013 <a href=\"https:\/\/www.linkedin.com\/in\/isabelle-dumoget\/\" target=\"_blank\" rel=\"noreferrer noopener\">Isabelle<\/a> <a href=\"mailto:hautesavoie@reseau-entreprendre.org\">idumoget@reseau-entreprendre.org<\/a> <\/p>\n\n\n\n<p>Charg\u00e9e de missions &#8211;<a href=\"https:\/\/www.linkedin.com\/in\/odile-gervasoni\/?originalSubdomain=fr\"> Odile<\/a> <a href=\"mailto:ogervasoni@reseau-entreprendre.org\">ogervasoni@reseau-entreprendre.org<\/a><br>Charg\u00e9e de missions &amp; Communication \u2013 <a href=\"https:\/\/www.linkedin.com\/in\/christine-reseau-entreprendre\/\" target=\"_blank\" rel=\"noreferrer noopener\">Christine<\/a> <a href=\"mailto:cdurand@reseau-entreprendre.org\">cdurand@reseau-entreprendre.org<\/a><\/p>\n","protected":false},"excerpt":{"rendered":"<p>R\u00e9seau Entreprendre\u00ae Haute-Savoie est une association Loi 1901 de chefs<\/p>\n","protected":false},"author":47,"featured_media":0,"parent":0,"menu_order":0,"comment_status":"closed","ping_status":"closed","template":"","meta":{"_acf_changed":false,"_monsterinsights_skip_tracking":false,"_monsterinsights_sitenote_active":false,"_monsterinsights_sitenote_note":"","_monsterinsights_sitenote_category":0,"footnotes":""},"class_list":["post-11","page","type-page","status-publish","hentry"],"acf":[],"yoast_head":"<!-- This site is optimized with the Yoast SEO plugin v27.4 - https:\/\/yoast.com\/product\/yoast-seo-wordpress\/ -->\n<title>Qui sommes-nous ? | Reseau Entreprendre Haute-Savoie<\/title>\n<meta name=\"description\" content=\"R\u00e9seau Entreprendre Haute-Savoie est l&#039;association de chefs d&#039;entreprise de votre r\u00e9gion.\" \/>\n<meta name=\"robots\" content=\"index, follow, max-snippet:-1, max-image-preview:large, max-video-preview:-1\" \/>\n<link rel=\"canonical\" href=\"https:\/\/www.reseau-entreprendre.org\/haute-savoie\/qui-sommes-nous\/\" \/>\n<meta property=\"og:locale\" content=\"fr_FR\" \/>\n<meta property=\"og:type\" content=\"article\" \/>\n<meta property=\"og:title\" content=\"Qui sommes-nous ? | Reseau Entreprendre Haute-Savoie\" \/>\n<meta property=\"og:description\" content=\"R\u00e9seau Entreprendre Haute-Savoie est l&#039;association de chefs d&#039;entreprise de votre r\u00e9gion.\" \/>\n<meta property=\"og:url\" content=\"https:\/\/www.reseau-entreprendre.org\/haute-savoie\/qui-sommes-nous\/\" \/>\n<meta property=\"og:site_name\" content=\"R\u00e9seau Entreprendre Haute-Savoie\" \/>\n<meta property=\"article:modified_time\" content=\"2025-10-22T12:43:16+00:00\" \/>\n<meta property=\"og:image\" content=\"https:\/\/www.reseau-entreprendre.org\/haute-savoie\/wp-content\/uploads\/sites\/45\/2017\/04\/tampon.png\" \/>\n\t<meta property=\"og:image:width\" content=\"454\" \/>\n\t<meta property=\"og:image:height\" content=\"227\" \/>\n\t<meta property=\"og:image:type\" content=\"image\/png\" \/>\n<meta name=\"twitter:card\" content=\"summary_large_image\" \/>\n<meta name=\"twitter:label1\" content=\"Dur\u00e9e de lecture estim\u00e9e\" \/>\n\t<meta name=\"twitter:data1\" content=\"2 minutes\" \/>\n<script type=\"application\/ld+json\" class=\"yoast-schema-graph\">{\"@context\":\"https:\\\/\\\/schema.org\",\"@graph\":[{\"@type\":\"WebPage\",\"@id\":\"https:\\\/\\\/www.reseau-entreprendre.org\\\/haute-savoie\\\/qui-sommes-nous\\\/\",\"url\":\"https:\\\/\\\/www.reseau-entreprendre.org\\\/haute-savoie\\\/qui-sommes-nous\\\/\",\"name\":\"Qui sommes-nous ? | Reseau Entreprendre Haute-Savoie\",\"isPartOf\":{\"@id\":\"https:\\\/\\\/www.reseau-entreprendre.org\\\/haute-savoie\\\/#website\"},\"primaryImageOfPage\":{\"@id\":\"https:\\\/\\\/www.reseau-entreprendre.org\\\/haute-savoie\\\/qui-sommes-nous\\\/#primaryimage\"},\"image\":{\"@id\":\"https:\\\/\\\/www.reseau-entreprendre.org\\\/haute-savoie\\\/qui-sommes-nous\\\/#primaryimage\"},\"thumbnailUrl\":\"https:\\\/\\\/www.reseau-entreprendre.org\\\/haute-savoie\\\/wp-content\\\/uploads\\\/sites\\\/45\\\/2017\\\/04\\\/tampon-300x150.png\",\"datePublished\":\"2017-04-28T10:33:20+00:00\",\"dateModified\":\"2025-10-22T12:43:16+00:00\",\"description\":\"R\u00e9seau Entreprendre Haute-Savoie est l'association de chefs d'entreprise de votre r\u00e9gion.\",\"breadcrumb\":{\"@id\":\"https:\\\/\\\/www.reseau-entreprendre.org\\\/haute-savoie\\\/qui-sommes-nous\\\/#breadcrumb\"},\"inLanguage\":\"fr-FR\",\"potentialAction\":[{\"@type\":\"ReadAction\",\"target\":[\"https:\\\/\\\/www.reseau-entreprendre.org\\\/haute-savoie\\\/qui-sommes-nous\\\/\"]}]},{\"@type\":\"ImageObject\",\"inLanguage\":\"fr-FR\",\"@id\":\"https:\\\/\\\/www.reseau-entreprendre.org\\\/haute-savoie\\\/qui-sommes-nous\\\/#primaryimage\",\"url\":\"https:\\\/\\\/www.reseau-entreprendre.org\\\/haute-savoie\\\/wp-content\\\/uploads\\\/sites\\\/45\\\/2017\\\/04\\\/tampon.png\",\"contentUrl\":\"https:\\\/\\\/www.reseau-entreprendre.org\\\/haute-savoie\\\/wp-content\\\/uploads\\\/sites\\\/45\\\/2017\\\/04\\\/tampon.png\",\"width\":454,\"height\":227},{\"@type\":\"BreadcrumbList\",\"@id\":\"https:\\\/\\\/www.reseau-entreprendre.org\\\/haute-savoie\\\/qui-sommes-nous\\\/#breadcrumb\",\"itemListElement\":[{\"@type\":\"ListItem\",\"position\":1,\"name\":\"Accueil\",\"item\":\"https:\\\/\\\/www.reseau-entreprendre.org\\\/haute-savoie\\\/\"},{\"@type\":\"ListItem\",\"position\":2,\"name\":\"Qui sommes-nous\"}]},{\"@type\":\"WebSite\",\"@id\":\"https:\\\/\\\/www.reseau-entreprendre.org\\\/haute-savoie\\\/#website\",\"url\":\"https:\\\/\\\/www.reseau-entreprendre.org\\\/haute-savoie\\\/\",\"name\":\"R\u00e9seau Entreprendre Haute-Savoie\",\"description\":\"Un site utilisant Les sites de R\u00e9seau Entreprendre\",\"potentialAction\":[{\"@type\":\"SearchAction\",\"target\":{\"@type\":\"EntryPoint\",\"urlTemplate\":\"https:\\\/\\\/www.reseau-entreprendre.org\\\/haute-savoie\\\/?s={search_term_string}\"},\"query-input\":{\"@type\":\"PropertyValueSpecification\",\"valueRequired\":true,\"valueName\":\"search_term_string\"}}],\"inLanguage\":\"fr-FR\"}]}<\/script>\n<!-- \/ Yoast SEO plugin. -->","yoast_head_json":{"title":"Qui sommes-nous ? | Reseau Entreprendre Haute-Savoie","description":"R\u00e9seau Entreprendre Haute-Savoie est l'association de chefs d'entreprise de votre r\u00e9gion.","robots":{"index":"index","follow":"follow","max-snippet":"max-snippet:-1","max-image-preview":"max-image-preview:large","max-video-preview":"max-video-preview:-1"},"canonical":"https:\/\/www.reseau-entreprendre.org\/haute-savoie\/qui-sommes-nous\/","og_locale":"fr_FR","og_type":"article","og_title":"Qui sommes-nous ? | Reseau Entreprendre Haute-Savoie","og_description":"R\u00e9seau Entreprendre Haute-Savoie est l'association de chefs d'entreprise de votre r\u00e9gion.","og_url":"https:\/\/www.reseau-entreprendre.org\/haute-savoie\/qui-sommes-nous\/","og_site_name":"R\u00e9seau Entreprendre Haute-Savoie","article_modified_time":"2025-10-22T12:43:16+00:00","og_image":[{"width":454,"height":227,"url":"https:\/\/www.reseau-entreprendre.org\/haute-savoie\/wp-content\/uploads\/sites\/45\/2017\/04\/tampon.png","type":"image\/png"}],"twitter_card":"summary_large_image","twitter_misc":{"Dur\u00e9e de lecture estim\u00e9e":"2 minutes"},"schema":{"@context":"https:\/\/schema.org","@graph":[{"@type":"WebPage","@id":"https:\/\/www.reseau-entreprendre.org\/haute-savoie\/qui-sommes-nous\/","url":"https:\/\/www.reseau-entreprendre.org\/haute-savoie\/qui-sommes-nous\/","name":"Qui sommes-nous ? | Reseau Entreprendre Haute-Savoie","isPartOf":{"@id":"https:\/\/www.reseau-entreprendre.org\/haute-savoie\/#website"},"primaryImageOfPage":{"@id":"https:\/\/www.reseau-entreprendre.org\/haute-savoie\/qui-sommes-nous\/#primaryimage"},"image":{"@id":"https:\/\/www.reseau-entreprendre.org\/haute-savoie\/qui-sommes-nous\/#primaryimage"},"thumbnailUrl":"https:\/\/www.reseau-entreprendre.org\/haute-savoie\/wp-content\/uploads\/sites\/45\/2017\/04\/tampon-300x150.png","datePublished":"2017-04-28T10:33:20+00:00","dateModified":"2025-10-22T12:43:16+00:00","description":"R\u00e9seau Entreprendre Haute-Savoie est l'association de chefs d'entreprise de votre r\u00e9gion.","breadcrumb":{"@id":"https:\/\/www.reseau-entreprendre.org\/haute-savoie\/qui-sommes-nous\/#breadcrumb"},"inLanguage":"fr-FR","potentialAction":[{"@type":"ReadAction","target":["https:\/\/www.reseau-entreprendre.org\/haute-savoie\/qui-sommes-nous\/"]}]},{"@type":"ImageObject","inLanguage":"fr-FR","@id":"https:\/\/www.reseau-entreprendre.org\/haute-savoie\/qui-sommes-nous\/#primaryimage","url":"https:\/\/www.reseau-entreprendre.org\/haute-savoie\/wp-content\/uploads\/sites\/45\/2017\/04\/tampon.png","contentUrl":"https:\/\/www.reseau-entreprendre.org\/haute-savoie\/wp-content\/uploads\/sites\/45\/2017\/04\/tampon.png","width":454,"height":227},{"@type":"BreadcrumbList","@id":"https:\/\/www.reseau-entreprendre.org\/haute-savoie\/qui-sommes-nous\/#breadcrumb","itemListElement":[{"@type":"ListItem","position":1,"name":"Accueil","item":"https:\/\/www.reseau-entreprendre.org\/haute-savoie\/"},{"@type":"ListItem","position":2,"name":"Qui sommes-nous"}]},{"@type":"WebSite","@id":"https:\/\/www.reseau-entreprendre.org\/haute-savoie\/#website","url":"https:\/\/www.reseau-entreprendre.org\/haute-savoie\/","name":"R\u00e9seau Entreprendre Haute-Savoie","description":"Un site utilisant Les sites de R\u00e9seau Entreprendre","potentialAction":[{"@type":"SearchAction","target":{"@type":"EntryPoint","urlTemplate":"https:\/\/www.reseau-entreprendre.org\/haute-savoie\/?s={search_term_string}"},"query-input":{"@type":"PropertyValueSpecification","valueRequired":true,"valueName":"search_term_string"}}],"inLanguage":"fr-FR"}]}},"_links":{"self":[{"href":"https:\/\/www.reseau-entreprendre.org\/haute-savoie\/wp-json\/wp\/v2\/pages\/11","targetHints":{"allow":["GET"]}}],"collection":[{"href":"https:\/\/www.reseau-entreprendre.org\/haute-savoie\/wp-json\/wp\/v2\/pages"}],"about":[{"href":"https:\/\/www.reseau-entreprendre.org\/haute-savoie\/wp-json\/wp\/v2\/types\/page"}],"author":[{"embeddable":true,"href":"https:\/\/www.reseau-entreprendre.org\/haute-savoie\/wp-json\/wp\/v2\/users\/47"}],"replies":[{"embeddable":true,"href":"https:\/\/www.reseau-entreprendre.org\/haute-savoie\/wp-json\/wp\/v2\/comments?post=11"}],"version-history":[{"count":0,"href":"https:\/\/www.reseau-entreprendre.org\/haute-savoie\/wp-json\/wp\/v2\/pages\/11\/revisions"}],"wp:attachment":[{"href":"https:\/\/www.reseau-entreprendre.org\/haute-savoie\/wp-json\/wp\/v2\/media?parent=11"}],"curies":[{"name":"wp","href":"https:\/\/api.w.org\/{rel}","templated":true}]}}