{"id":13,"date":"2017-04-28T12:33:34","date_gmt":"2017-04-28T10:33:34","guid":{"rendered":"https:\/\/www.reseau-entreprendre.org\/haute-savoie\/?page_id=13"},"modified":"2025-10-22T08:42:10","modified_gmt":"2025-10-22T06:42:10","slug":"entreprendre","status":"publish","type":"page","link":"https:\/\/www.reseau-entreprendre.org\/haute-savoie\/entreprendre\/","title":{"rendered":"Entreprendre"},"content":{"rendered":"\n<p><\/p>\n\n\n\n<p><strong>Notre vocation<\/strong> : Faire \u00e9merger et r\u00e9ussir les nouveaux entrepreneurs ambitieux de demain<\/p>\n\n\n\n<p><strong>&#8221; Aucun entrepreneur ne doit rester seul ! &#8220;<\/strong><\/p>\n\n\n\n<p><strong>&#8221; <\/strong><em><strong>Pour cr\u00e9er des emplois, cr\u00e9ons des employeurs &#8221;&nbsp;<\/strong><\/em> Andr\u00e9 Mulliez<\/p>\n\n\n\n<p><strong>Notre savoir-faire<\/strong> : Un <strong>accompagnement<\/strong> humain et financier assur\u00e9 \u00e0 100% par des <strong>Chef(fe)s d\u2019entreprises<\/strong> engag\u00e9(e)s , b\u00e9n\u00e9voles sur le territoire de la <strong>Haute-Savoie.<\/strong><\/p>\n\n\n\n<h3 class=\"wp-block-heading has-re-blue-color has-text-color\" id=\"createurs\"><a href=\"https:\/\/youtu.be\/4vZPrEjt6X8\">VOUS CR\u00c9EZ <\/a><\/h3>\n\n\n\n<ul class=\"wp-block-list\">\n<li>Cr\u00e9ation potentielle d&#8217;au <strong>5 emplois \u00e0 3 ans<\/strong><\/li>\n\n\n\n<li>Besoin global de financement &gt; \u00e0 <strong>70 000<\/strong> \u20ac<\/li>\n\n\n\n<li>Etre majoritaire dans l&#8217;entreprise et avoir un apport personnel &gt;= au pr\u00eat d&#8217;honneur<\/li>\n\n\n\n<li>Volont\u00e9 d\u2019\u00eatre accompagn\u00e9(e) dans la dur\u00e9e<\/li>\n<\/ul>\n\n\n\n<h3 class=\"wp-block-heading has-re-blue-color has-text-color\" id=\"repreneurs\"><a href=\"https:\/\/youtu.be\/F8p2_oGIL0o\">VOUS REPRENEZ<\/a><\/h3>\n\n\n\n<ul class=\"wp-block-list\">\n<li>Minimum de <strong>5 emplois<\/strong> au moment de la <strong>reprise<\/strong><\/li>\n\n\n\n<li>Ambition d\u2019op\u00e9rer un d\u00e9veloppement<\/li>\n\n\n\n<li>Fonds propres coh\u00e9rent avec le besoin de financement<\/li>\n\n\n\n<li>Volont\u00e9 d\u2019\u00eatre accompagn\u00e9(e) dans la dur\u00e9e <\/li>\n<\/ul>\n\n\n\n<h3 class=\"wp-block-heading has-re-blue-color has-text-color\" id=\"developpeurs\"><a href=\"https:\/\/youtu.be\/F8p2_oGIL0o\">VOUS D\u00c9VELOPPEZ<\/a><\/h3>\n\n\n\n<ul class=\"wp-block-list\">\n<li>Fonds propres positifs<\/li>\n\n\n\n<li>CA &gt; 500 K\u20ac<\/li>\n\n\n\n<li>Plus de 5 salari\u00e9s<\/li>\n\n\n\n<li>Ambition de tripler le CA \u00e0 3 ans<\/li>\n\n\n\n<li>Volont\u00e9 d\u2019\u00eatre accompagn\u00e9(e) dans la dur\u00e9e <\/li>\n<\/ul>\n\n\n\n<p><em>En cas de crit\u00e8res avoisinants, n\u2019h\u00e9sitez pas \u00e0 nous contacter.<\/em><\/p>\n\n\n\n<p><strong>Nous sommes \u00e0 votre \u00e9coute !<\/strong><\/p>\n\n\n\n<h4 class=\"wp-block-heading has-re-red-color has-text-color\" id=\"un-accompagnement-amont\">UN ACCOMPAGNEMENT AMONT<\/h4>\n\n\n\n<p>Avant m\u00eame de devenir laur\u00e9at, R\u00e9seau Entreprendre\u00ae Haute-Savoie vous offre l\u2019opportunit\u00e9 de rencontrer 5 \u00e0 7 chefs d\u2019entreprise du <strong>d\u00e9partement<\/strong> <strong>74<\/strong> et d\u2019\u00e9changer avec eux sur votre projet afin de vous pr\u00e9parer au comit\u00e9 d\u2019Engagement.<\/p>\n\n\n\n<p>C&#8217;est suite au comit\u00e9 d\u2019Engagement que vous serez susceptible de devenir&nbsp;<strong>Laur\u00e9at R\u00e9seau Entreprendre\u00ae Haute-Savoie<\/strong>.<\/p>\n\n\n\n<p>Vous b\u00e9n\u00e9ficiez alors d\u2019un :<\/p>\n\n\n\n<h4 class=\"wp-block-heading has-re-blue-color has-text-color\" id=\"un-accompagnement-financier\">UN ACCOMPAGNEMENT FINANCIER<\/h4>\n\n\n\n<p>Un <strong>pr\u00eat d\u2019honneur<\/strong> (sans int\u00e9r\u00eat, ni garantie) de 15 000 \u00e0 50 000 \u20ac ( jusqu\u2019\u00e0 90 000\u20ac pour les projets innovants) accord\u00e9 \u00e0 la personne et remboursable sur 4 ans (12 mois de diff\u00e9r\u00e9s pour les<strong> cr\u00e9ations<\/strong> et 3 mois pour les <strong>reprises<\/strong>). <br>Le pr\u00eat moyen accord\u00e9 est de 27 750 \u20ac pour l&#8217;ann\u00e9e 2022.<\/p>\n\n\n\n<h4 class=\"wp-block-heading has-re-yellow-color has-text-color\" id=\"un-accompagnement-aval\">UN ACCOMPAGNEMENT AVAL<\/h4>\n\n\n\n<p>&#8211; un <strong>accompagnement<\/strong> individuel par un ou deux <strong>chefs d\u2019entreprise<\/strong> exp\u00e9riment\u00e9s qui vous offrent leurs exp\u00e9riences et comp\u00e9tences durant 2 ans \u00e0 raison d\u2019une rencontre par mois .<\/p>\n\n\n\n<p>&#8211; un <strong>accompagnement<\/strong> collectif : Un rendez-vous mensuel durant 2 ans avec les cr\u00e9ateurs et repreneurs de votre promotion afin de vous permettre de faire du co-d\u00e9veloppement, d\u2019\u00e9changer avec vos pairs et de vous former.<\/p>\n\n\n\n<p>&#8211; une Task Force peut \u00eatre mobilis\u00e9e \u00e0 votre demande en cas de difficult\u00e9s et en compl\u00e9ment de votre <strong>accompagnement<\/strong> individuel.<\/p>\n\n\n\n<p><strong>Alors pourquoi pas vous !<\/strong><\/p>\n\n\n\n<h3 class=\"wp-block-heading\" id=\"comment-nous-joindre\"><a href=\"https:\/\/www.reseau-entreprendre.org\/haute-savoie\/contact\/\">Comment nous joindre&nbsp;<\/a><img loading=\"lazy\" decoding=\"async\" class=\"alignright wp-image-614\" src=\"https:\/\/www.reseau-entreprendre.org\/haute-savoie\/wp-content\/uploads\/sites\/45\/2017\/04\/stylo-150x150.png\" alt=\"\" width=\"120\" height=\"160\"><\/h3>\n\n\n\n<blockquote class=\"wp-block-quote is-layout-flow wp-block-quote-is-layout-flow\"><\/blockquote>\n\n\n\n<p>Parc d\u2019activit\u00e9s La Ravoire \u2013 74370 Epagny Metz-Tessy<\/p>\n\n\n\n<p>T\u00e9l : 04.50.51.58.97<\/p>\n\n\n\n<p>Direction \u2013 Isabelle : <a href=\"mailto:hautesavoie@reseau-entreprendre.org\" target=\"_blank\" rel=\"noreferrer noopener\">hautesavoie@reseau-entreprendre.org<\/a><\/p>\n\n\n\n<p>Charg\u00e9e de missions &#8211; Odile : <a href=\"mailto:ogervasoni@reseau-entreprendre.org\">ogervasoni@reseau-entreprendre.org<\/a><\/p>\n\n\n\n<p>Charg\u00e9e de missions et Communication &#8211; Christine :<a href=\"http:\/\/mailto\"> cdurand@reseau-entreprendre.org<\/a><\/p>\n\n\n\n<p><\/p>\n","protected":false},"excerpt":{"rendered":"<p>Notre vocation : Faire \u00e9merger et r\u00e9ussir les nouveaux entrepreneurs<\/p>\n","protected":false},"author":47,"featured_media":0,"parent":0,"menu_order":0,"comment_status":"closed","ping_status":"closed","template":"","meta":{"_acf_changed":false,"_monsterinsights_skip_tracking":false,"_monsterinsights_sitenote_active":false,"_monsterinsights_sitenote_note":"","_monsterinsights_sitenote_category":0,"footnotes":""},"class_list":["post-13","page","type-page","status-publish","hentry"],"acf":[],"yoast_head":"<!-- This site is optimized with the Yoast SEO plugin v27.4 - https:\/\/yoast.com\/product\/yoast-seo-wordpress\/ -->\n<title>Entreprendre | Reseau Entreprendre Haute-Savoie<\/title>\n<meta name=\"description\" content=\"Vous avez un projet de cr\u00e9ation d&#039;entreprise ? R\u00e9seau Entreprendre Haute-Savoie vous accompagne gratuitement et dans la dur\u00e9e\" \/>\n<meta name=\"robots\" content=\"index, follow, max-snippet:-1, max-image-preview:large, max-video-preview:-1\" \/>\n<link rel=\"canonical\" href=\"https:\/\/www.reseau-entreprendre.org\/haute-savoie\/entreprendre\/\" \/>\n<meta property=\"og:locale\" content=\"fr_FR\" \/>\n<meta property=\"og:type\" content=\"article\" \/>\n<meta property=\"og:title\" content=\"Entreprendre | Reseau Entreprendre Haute-Savoie\" \/>\n<meta property=\"og:description\" content=\"Vous avez un projet de cr\u00e9ation d&#039;entreprise ? R\u00e9seau Entreprendre Haute-Savoie vous accompagne gratuitement et dans la dur\u00e9e\" \/>\n<meta property=\"og:url\" content=\"https:\/\/www.reseau-entreprendre.org\/haute-savoie\/entreprendre\/\" \/>\n<meta property=\"og:site_name\" content=\"R\u00e9seau Entreprendre Haute-Savoie\" \/>\n<meta property=\"article:modified_time\" content=\"2025-10-22T06:42:10+00:00\" \/>\n<meta property=\"og:image\" content=\"https:\/\/www.reseau-entreprendre.org\/haute-savoie\/wp-content\/uploads\/sites\/45\/2017\/04\/stylo.png\" \/>\n\t<meta property=\"og:image:width\" content=\"163\" \/>\n\t<meta property=\"og:image:height\" content=\"217\" \/>\n\t<meta property=\"og:image:type\" content=\"image\/png\" \/>\n<meta name=\"twitter:card\" content=\"summary_large_image\" \/>\n<meta name=\"twitter:label1\" content=\"Dur\u00e9e de lecture estim\u00e9e\" \/>\n\t<meta name=\"twitter:data1\" content=\"3 minutes\" \/>\n<script type=\"application\/ld+json\" class=\"yoast-schema-graph\">{\"@context\":\"https:\\\/\\\/schema.org\",\"@graph\":[{\"@type\":\"WebPage\",\"@id\":\"https:\\\/\\\/www.reseau-entreprendre.org\\\/haute-savoie\\\/entreprendre\\\/\",\"url\":\"https:\\\/\\\/www.reseau-entreprendre.org\\\/haute-savoie\\\/entreprendre\\\/\",\"name\":\"Entreprendre | Reseau Entreprendre Haute-Savoie\",\"isPartOf\":{\"@id\":\"https:\\\/\\\/www.reseau-entreprendre.org\\\/haute-savoie\\\/#website\"},\"primaryImageOfPage\":{\"@id\":\"https:\\\/\\\/www.reseau-entreprendre.org\\\/haute-savoie\\\/entreprendre\\\/#primaryimage\"},\"image\":{\"@id\":\"https:\\\/\\\/www.reseau-entreprendre.org\\\/haute-savoie\\\/entreprendre\\\/#primaryimage\"},\"thumbnailUrl\":\"https:\\\/\\\/www.reseau-entreprendre.org\\\/haute-savoie\\\/wp-content\\\/uploads\\\/sites\\\/45\\\/2017\\\/04\\\/stylo-150x150.png\",\"datePublished\":\"2017-04-28T10:33:34+00:00\",\"dateModified\":\"2025-10-22T06:42:10+00:00\",\"description\":\"Vous avez un projet de cr\u00e9ation d'entreprise ? R\u00e9seau Entreprendre Haute-Savoie vous accompagne gratuitement et dans la dur\u00e9e\",\"breadcrumb\":{\"@id\":\"https:\\\/\\\/www.reseau-entreprendre.org\\\/haute-savoie\\\/entreprendre\\\/#breadcrumb\"},\"inLanguage\":\"fr-FR\",\"potentialAction\":[{\"@type\":\"ReadAction\",\"target\":[\"https:\\\/\\\/www.reseau-entreprendre.org\\\/haute-savoie\\\/entreprendre\\\/\"]}]},{\"@type\":\"ImageObject\",\"inLanguage\":\"fr-FR\",\"@id\":\"https:\\\/\\\/www.reseau-entreprendre.org\\\/haute-savoie\\\/entreprendre\\\/#primaryimage\",\"url\":\"https:\\\/\\\/www.reseau-entreprendre.org\\\/haute-savoie\\\/wp-content\\\/uploads\\\/sites\\\/45\\\/2017\\\/04\\\/stylo.png\",\"contentUrl\":\"https:\\\/\\\/www.reseau-entreprendre.org\\\/haute-savoie\\\/wp-content\\\/uploads\\\/sites\\\/45\\\/2017\\\/04\\\/stylo.png\",\"width\":163,\"height\":217},{\"@type\":\"BreadcrumbList\",\"@id\":\"https:\\\/\\\/www.reseau-entreprendre.org\\\/haute-savoie\\\/entreprendre\\\/#breadcrumb\",\"itemListElement\":[{\"@type\":\"ListItem\",\"position\":1,\"name\":\"Accueil\",\"item\":\"https:\\\/\\\/www.reseau-entreprendre.org\\\/haute-savoie\\\/\"},{\"@type\":\"ListItem\",\"position\":2,\"name\":\"Entreprendre\"}]},{\"@type\":\"WebSite\",\"@id\":\"https:\\\/\\\/www.reseau-entreprendre.org\\\/haute-savoie\\\/#website\",\"url\":\"https:\\\/\\\/www.reseau-entreprendre.org\\\/haute-savoie\\\/\",\"name\":\"R\u00e9seau Entreprendre Haute-Savoie\",\"description\":\"Un site utilisant Les sites de R\u00e9seau Entreprendre\",\"potentialAction\":[{\"@type\":\"SearchAction\",\"target\":{\"@type\":\"EntryPoint\",\"urlTemplate\":\"https:\\\/\\\/www.reseau-entreprendre.org\\\/haute-savoie\\\/?s={search_term_string}\"},\"query-input\":{\"@type\":\"PropertyValueSpecification\",\"valueRequired\":true,\"valueName\":\"search_term_string\"}}],\"inLanguage\":\"fr-FR\"}]}<\/script>\n<!-- \/ Yoast SEO plugin. -->","yoast_head_json":{"title":"Entreprendre | Reseau Entreprendre Haute-Savoie","description":"Vous avez un projet de cr\u00e9ation d'entreprise ? R\u00e9seau Entreprendre Haute-Savoie vous accompagne gratuitement et dans la dur\u00e9e","robots":{"index":"index","follow":"follow","max-snippet":"max-snippet:-1","max-image-preview":"max-image-preview:large","max-video-preview":"max-video-preview:-1"},"canonical":"https:\/\/www.reseau-entreprendre.org\/haute-savoie\/entreprendre\/","og_locale":"fr_FR","og_type":"article","og_title":"Entreprendre | Reseau Entreprendre Haute-Savoie","og_description":"Vous avez un projet de cr\u00e9ation d'entreprise ? R\u00e9seau Entreprendre Haute-Savoie vous accompagne gratuitement et dans la dur\u00e9e","og_url":"https:\/\/www.reseau-entreprendre.org\/haute-savoie\/entreprendre\/","og_site_name":"R\u00e9seau Entreprendre Haute-Savoie","article_modified_time":"2025-10-22T06:42:10+00:00","og_image":[{"width":163,"height":217,"url":"https:\/\/www.reseau-entreprendre.org\/haute-savoie\/wp-content\/uploads\/sites\/45\/2017\/04\/stylo.png","type":"image\/png"}],"twitter_card":"summary_large_image","twitter_misc":{"Dur\u00e9e de lecture estim\u00e9e":"3 minutes"},"schema":{"@context":"https:\/\/schema.org","@graph":[{"@type":"WebPage","@id":"https:\/\/www.reseau-entreprendre.org\/haute-savoie\/entreprendre\/","url":"https:\/\/www.reseau-entreprendre.org\/haute-savoie\/entreprendre\/","name":"Entreprendre | Reseau Entreprendre Haute-Savoie","isPartOf":{"@id":"https:\/\/www.reseau-entreprendre.org\/haute-savoie\/#website"},"primaryImageOfPage":{"@id":"https:\/\/www.reseau-entreprendre.org\/haute-savoie\/entreprendre\/#primaryimage"},"image":{"@id":"https:\/\/www.reseau-entreprendre.org\/haute-savoie\/entreprendre\/#primaryimage"},"thumbnailUrl":"https:\/\/www.reseau-entreprendre.org\/haute-savoie\/wp-content\/uploads\/sites\/45\/2017\/04\/stylo-150x150.png","datePublished":"2017-04-28T10:33:34+00:00","dateModified":"2025-10-22T06:42:10+00:00","description":"Vous avez un projet de cr\u00e9ation d'entreprise ? R\u00e9seau Entreprendre Haute-Savoie vous accompagne gratuitement et dans la dur\u00e9e","breadcrumb":{"@id":"https:\/\/www.reseau-entreprendre.org\/haute-savoie\/entreprendre\/#breadcrumb"},"inLanguage":"fr-FR","potentialAction":[{"@type":"ReadAction","target":["https:\/\/www.reseau-entreprendre.org\/haute-savoie\/entreprendre\/"]}]},{"@type":"ImageObject","inLanguage":"fr-FR","@id":"https:\/\/www.reseau-entreprendre.org\/haute-savoie\/entreprendre\/#primaryimage","url":"https:\/\/www.reseau-entreprendre.org\/haute-savoie\/wp-content\/uploads\/sites\/45\/2017\/04\/stylo.png","contentUrl":"https:\/\/www.reseau-entreprendre.org\/haute-savoie\/wp-content\/uploads\/sites\/45\/2017\/04\/stylo.png","width":163,"height":217},{"@type":"BreadcrumbList","@id":"https:\/\/www.reseau-entreprendre.org\/haute-savoie\/entreprendre\/#breadcrumb","itemListElement":[{"@type":"ListItem","position":1,"name":"Accueil","item":"https:\/\/www.reseau-entreprendre.org\/haute-savoie\/"},{"@type":"ListItem","position":2,"name":"Entreprendre"}]},{"@type":"WebSite","@id":"https:\/\/www.reseau-entreprendre.org\/haute-savoie\/#website","url":"https:\/\/www.reseau-entreprendre.org\/haute-savoie\/","name":"R\u00e9seau Entreprendre Haute-Savoie","description":"Un site utilisant Les sites de R\u00e9seau Entreprendre","potentialAction":[{"@type":"SearchAction","target":{"@type":"EntryPoint","urlTemplate":"https:\/\/www.reseau-entreprendre.org\/haute-savoie\/?s={search_term_string}"},"query-input":{"@type":"PropertyValueSpecification","valueRequired":true,"valueName":"search_term_string"}}],"inLanguage":"fr-FR"}]}},"_links":{"self":[{"href":"https:\/\/www.reseau-entreprendre.org\/haute-savoie\/wp-json\/wp\/v2\/pages\/13","targetHints":{"allow":["GET"]}}],"collection":[{"href":"https:\/\/www.reseau-entreprendre.org\/haute-savoie\/wp-json\/wp\/v2\/pages"}],"about":[{"href":"https:\/\/www.reseau-entreprendre.org\/haute-savoie\/wp-json\/wp\/v2\/types\/page"}],"author":[{"embeddable":true,"href":"https:\/\/www.reseau-entreprendre.org\/haute-savoie\/wp-json\/wp\/v2\/users\/47"}],"replies":[{"embeddable":true,"href":"https:\/\/www.reseau-entreprendre.org\/haute-savoie\/wp-json\/wp\/v2\/comments?post=13"}],"version-history":[{"count":0,"href":"https:\/\/www.reseau-entreprendre.org\/haute-savoie\/wp-json\/wp\/v2\/pages\/13\/revisions"}],"wp:attachment":[{"href":"https:\/\/www.reseau-entreprendre.org\/haute-savoie\/wp-json\/wp\/v2\/media?parent=13"}],"curies":[{"name":"wp","href":"https:\/\/api.w.org\/{rel}","templated":true}]}}