{"id":15,"date":"2017-04-28T12:33:47","date_gmt":"2017-04-28T10:33:47","guid":{"rendered":"https:\/\/www.reseau-entreprendre.org\/haute-savoie\/?page_id=15"},"modified":"2025-08-04T14:01:26","modified_gmt":"2025-08-04T12:01:26","slug":"accompagner","status":"publish","type":"page","link":"https:\/\/www.reseau-entreprendre.org\/haute-savoie\/accompagner\/","title":{"rendered":"Accompagner"},"content":{"rendered":"\n<p><strong>Vous \u00eates chef(fe) d\u2019entreprise ou cadre dirigeant ?<\/strong><\/p>\n\n\n\n<p>Rejoignez  les <strong>200 dirigeant(e)s de votre territoire <\/strong> qui nous font confiance.<\/p>\n\n\n\n<p>Int\u00e9grer R\u00e9seau Entreprendre\u00ae Haute-Savoie et contribuer \u00e0 la <strong>cr\u00e9ation<\/strong>&nbsp;d\u2019emplois sur le territoire, c\u2019est <strong>accompagner<\/strong> des porteurs de projets, <strong>partager votre exp\u00e9rience<\/strong> et <strong>transmettre<\/strong> votre <strong>passion d&#8217;entreprendre<\/strong>.<\/p>\n\n\n\n<p>Comment vous impliquer ? C\u2019est tr\u00e8s simple, donnez le temps que vous souhaitez !<\/p>\n\n\n\n<h3 class=\"wp-block-heading has-re-red-color has-text-color\" id=\"valider\"><a href=\"https:\/\/youtu.be\/4vZPrEjt6X8\">Valider \/ Challenger<\/a><\/h3>\n\n\n\n<p>Rencontrez les porteurs de projet en <strong>Haute-Savoie<\/strong> lors du parcours d&#8217;enrichissement c&#8217;est :<\/p>\n\n\n\n<p>&#8211; Donner votre avis sur l&#8217;entrepreneur, le projet et l&#8217;ad\u00e9quation entre les 2.<\/p>\n\n\n\n<p>&#8211; Lui apporter des conseils.<\/p>\n\n\n\n<p>Un investissement temps d\u2019environ 2 heures par RDV, une moyenne de 40 projets mis en validation sur l\u2019ann\u00e9e.<\/p>\n\n\n\n<h3 class=\"wp-block-heading has-re-red-color has-text-color\" id=\"decider\"><a href=\"https:\/\/youtu.be\/4vZPrEjt6X8\">D\u00e9cider \/ voter<\/a><img loading=\"lazy\" decoding=\"async\" width=\"300\" height=\"225\" class=\"wp-image-2308 size-medium alignright\" src=\"https:\/\/www.reseau-entreprendre.org\/haute-savoie\/wp-content\/uploads\/sites\/45\/2020\/08\/Image-COMITE-300x225.jpg\" alt=\"\" srcset=\"https:\/\/www.reseau-entreprendre.org\/haute-savoie\/wp-content\/uploads\/sites\/45\/2020\/08\/Image-COMITE-300x225.jpg 300w, https:\/\/www.reseau-entreprendre.org\/haute-savoie\/wp-content\/uploads\/sites\/45\/2020\/08\/Image-COMITE.jpg 373w\" sizes=\"auto, (max-width: 300px) 100vw, 300px\" \/><\/h3>\n\n\n\n<p>Participez \u00e0 un ou plusieurs comit\u00e9s d\u2019engagement et d\u00e9cidez de <strong>l\u2019accompagnement<\/strong> et de l\u2019octroi du <strong>pr\u00eat<\/strong> d\u2019honneur.<\/p>\n\n\n\n<p>Environ 2 heures par comit\u00e9 d\u2019Engagement.<\/p>\n\n\n\n<h3 class=\"wp-block-heading has-re-red-color has-text-color\" id=\"accompagner\"><a href=\"https:\/\/youtu.be\/4vZPrEjt6X8\">Accompagner <\/a><\/h3>\n\n\n\n<p>Devenez <strong>accompagnateur(rice)<\/strong> d\u2019un laur\u00e9at pendant 2 ans seul ou en bin\u00f4me.<\/p>\n\n\n\n<p>Une rencontre mensuelle d\u2019environ 2 heures pour permettre \u00e0 l&#8217;entrepreneur de &#8220;lever la t\u00eate du guidon&#8221;, pour&nbsp;<strong>partager votre exp\u00e9rience<\/strong> et apporter votre regard de <strong>dirigeant d\u2019entreprise<\/strong>.<\/p>\n\n\n\n<h3 class=\"wp-block-heading has-re-red-color has-text-color\" id=\"echanger\"><a href=\"https:\/\/youtu.be\/4vZPrEjt6X8\">\u00c9changer \/Partager<\/a><img loading=\"lazy\" decoding=\"async\" width=\"444\" height=\"250\" class=\"wp-image-1951 alignleft\" src=\"https:\/\/www.reseau-entreprendre.org\/haute-savoie\/wp-content\/uploads\/sites\/45\/2019\/06\/image-3-300x169.jpg\" alt=\"\" srcset=\"https:\/\/www.reseau-entreprendre.org\/haute-savoie\/wp-content\/uploads\/sites\/45\/2019\/06\/image-3-300x169.jpg 300w, https:\/\/www.reseau-entreprendre.org\/haute-savoie\/wp-content\/uploads\/sites\/45\/2019\/06\/image-3-768x432.jpg 768w, https:\/\/www.reseau-entreprendre.org\/haute-savoie\/wp-content\/uploads\/sites\/45\/2019\/06\/image-3-1024x576.jpg 1024w, https:\/\/www.reseau-entreprendre.org\/haute-savoie\/wp-content\/uploads\/sites\/45\/2019\/06\/image-3.jpg 1280w\" sizes=\"auto, (max-width: 444px) 100vw, 444px\" \/><\/h3>\n\n\n\n<p>Rencontrez les membres et laur\u00e9ats lors de nos \u00e9v\u00e9nements pour partager id\u00e9es, projets, d\u00e9fis, conseils. Les \u00e9v\u00e9nements ont lieu aussi bien sur <strong>Annecy<\/strong> que dans la <strong>Vall\u00e9e de l\u2019Arve, le Genevois ou le Pays du Mont-Blanc.<\/strong><\/p>\n\n\n\n<p>Vous adh\u00e9rez aux valeurs entrepreneuriales et aux principes fondateurs de l\u2019association.<\/p>\n\n\n\n<p>Vous souhaitez accompagner, partager votre exp\u00e9rience et transmettre \u00e0 d\u2019autres la passion d\u2019entreprendre<\/p>\n\n\n\n<h3 class=\"wp-block-heading\" id=\"comment-nous-joindre\">&nbsp;<a href=\"https:\/\/www.reseau-entreprendre.org\/haute-savoie\/contact\/\">Comment nous joindre&nbsp;<\/a><img loading=\"lazy\" decoding=\"async\" class=\"alignright wp-image-614\" src=\"https:\/\/www.reseau-entreprendre.org\/haute-savoie\/wp-content\/uploads\/sites\/45\/2017\/04\/stylo-150x150.png\" alt=\"\" width=\"120\" height=\"160\"><\/h3>\n\n\n\n<p><strong>Sur le Bassin Ann\u00e9cien&nbsp;<\/strong><\/p>\n\n\n\n<p>Parc d\u2019activit\u00e9s\u00a0 La Ravoire \u2013 74370 Epagny Metz-Tessy<br>T\u00e9l : 04.50.51.58.97<br>Direction \u2013 Isabelle\u00a0<a href=\"mailto:hautesavoie@reseau-entreprendre.org\">idumoget@reseau-entreprendre.org<\/a><br>Charg\u00e9e de missions -Odile <a href=\"mailto:ogervasoni@reseau-entreprendre.org\">ogervasoni@reseau-entreprendre.org<\/a><br>Charge\u00e9 de missions &amp; Communication \u2013 Christine\u00a0: <a href=\"mailto:cdurand@reseau-entreprendre.org\">cdurand@reseau-entreprendre.org<\/a><\/p>\n\n\n\n<h5 class=\"wp-block-heading\">&nbsp;<\/h5>\n\n\n\n<h5 class=\"wp-block-heading\">&nbsp;<\/h5>\n\n\n\n<p><\/p>\n","protected":false},"excerpt":{"rendered":"<p>Vous \u00eates chef(fe) d\u2019entreprise ou cadre dirigeant ? Rejoignez les<\/p>\n","protected":false},"author":47,"featured_media":0,"parent":0,"menu_order":0,"comment_status":"closed","ping_status":"closed","template":"","meta":{"_acf_changed":false,"_monsterinsights_skip_tracking":false,"_monsterinsights_sitenote_active":false,"_monsterinsights_sitenote_note":"","_monsterinsights_sitenote_category":0,"footnotes":""},"class_list":["post-15","page","type-page","status-publish","hentry"],"acf":[],"yoast_head":"<!-- This site is optimized with the Yoast SEO plugin v27.4 - https:\/\/yoast.com\/product\/yoast-seo-wordpress\/ -->\n<title>Accompagner | Reseau Entreprendre Haute-Savoie<\/title>\n<meta name=\"description\" content=\"Vous \u00eates chef d&#039;entreprise et souhaitez accompagner de nouveaux entrepreneurs ? Devenez membre b\u00e9n\u00e9vole de R\u00e9seau Entreprendre Haute-Savoie !\" \/>\n<meta name=\"robots\" content=\"index, follow, max-snippet:-1, max-image-preview:large, max-video-preview:-1\" \/>\n<link rel=\"canonical\" href=\"https:\/\/www.reseau-entreprendre.org\/haute-savoie\/accompagner\/\" \/>\n<meta property=\"og:locale\" content=\"fr_FR\" \/>\n<meta property=\"og:type\" content=\"article\" \/>\n<meta property=\"og:title\" content=\"Accompagner | Reseau Entreprendre Haute-Savoie\" \/>\n<meta property=\"og:description\" content=\"Vous \u00eates chef d&#039;entreprise et souhaitez accompagner de nouveaux entrepreneurs ? Devenez membre b\u00e9n\u00e9vole de R\u00e9seau Entreprendre Haute-Savoie !\" \/>\n<meta property=\"og:url\" content=\"https:\/\/www.reseau-entreprendre.org\/haute-savoie\/accompagner\/\" \/>\n<meta property=\"og:site_name\" content=\"R\u00e9seau Entreprendre Haute-Savoie\" \/>\n<meta property=\"article:modified_time\" content=\"2025-08-04T12:01:26+00:00\" \/>\n<meta property=\"og:image\" content=\"https:\/\/www.reseau-entreprendre.org\/haute-savoie\/wp-content\/uploads\/sites\/45\/2020\/08\/Image-COMITE.jpg\" \/>\n\t<meta property=\"og:image:width\" content=\"373\" \/>\n\t<meta property=\"og:image:height\" content=\"280\" \/>\n\t<meta property=\"og:image:type\" content=\"image\/jpeg\" \/>\n<meta name=\"twitter:card\" content=\"summary_large_image\" \/>\n<meta name=\"twitter:label1\" content=\"Dur\u00e9e de lecture estim\u00e9e\" \/>\n\t<meta name=\"twitter:data1\" content=\"2 minutes\" \/>\n<script type=\"application\/ld+json\" class=\"yoast-schema-graph\">{\"@context\":\"https:\\\/\\\/schema.org\",\"@graph\":[{\"@type\":\"WebPage\",\"@id\":\"https:\\\/\\\/www.reseau-entreprendre.org\\\/haute-savoie\\\/accompagner\\\/\",\"url\":\"https:\\\/\\\/www.reseau-entreprendre.org\\\/haute-savoie\\\/accompagner\\\/\",\"name\":\"Accompagner | Reseau Entreprendre Haute-Savoie\",\"isPartOf\":{\"@id\":\"https:\\\/\\\/www.reseau-entreprendre.org\\\/haute-savoie\\\/#website\"},\"primaryImageOfPage\":{\"@id\":\"https:\\\/\\\/www.reseau-entreprendre.org\\\/haute-savoie\\\/accompagner\\\/#primaryimage\"},\"image\":{\"@id\":\"https:\\\/\\\/www.reseau-entreprendre.org\\\/haute-savoie\\\/accompagner\\\/#primaryimage\"},\"thumbnailUrl\":\"https:\\\/\\\/www.reseau-entreprendre.org\\\/haute-savoie\\\/wp-content\\\/uploads\\\/sites\\\/45\\\/2020\\\/08\\\/Image-COMITE-300x225.jpg\",\"datePublished\":\"2017-04-28T10:33:47+00:00\",\"dateModified\":\"2025-08-04T12:01:26+00:00\",\"description\":\"Vous \u00eates chef d'entreprise et souhaitez accompagner de nouveaux entrepreneurs ? Devenez membre b\u00e9n\u00e9vole de R\u00e9seau Entreprendre Haute-Savoie !\",\"breadcrumb\":{\"@id\":\"https:\\\/\\\/www.reseau-entreprendre.org\\\/haute-savoie\\\/accompagner\\\/#breadcrumb\"},\"inLanguage\":\"fr-FR\",\"potentialAction\":[{\"@type\":\"ReadAction\",\"target\":[\"https:\\\/\\\/www.reseau-entreprendre.org\\\/haute-savoie\\\/accompagner\\\/\"]}]},{\"@type\":\"ImageObject\",\"inLanguage\":\"fr-FR\",\"@id\":\"https:\\\/\\\/www.reseau-entreprendre.org\\\/haute-savoie\\\/accompagner\\\/#primaryimage\",\"url\":\"https:\\\/\\\/www.reseau-entreprendre.org\\\/haute-savoie\\\/wp-content\\\/uploads\\\/sites\\\/45\\\/2020\\\/08\\\/Image-COMITE.jpg\",\"contentUrl\":\"https:\\\/\\\/www.reseau-entreprendre.org\\\/haute-savoie\\\/wp-content\\\/uploads\\\/sites\\\/45\\\/2020\\\/08\\\/Image-COMITE.jpg\",\"width\":373,\"height\":280},{\"@type\":\"BreadcrumbList\",\"@id\":\"https:\\\/\\\/www.reseau-entreprendre.org\\\/haute-savoie\\\/accompagner\\\/#breadcrumb\",\"itemListElement\":[{\"@type\":\"ListItem\",\"position\":1,\"name\":\"Accueil\",\"item\":\"https:\\\/\\\/www.reseau-entreprendre.org\\\/haute-savoie\\\/\"},{\"@type\":\"ListItem\",\"position\":2,\"name\":\"Accompagner\"}]},{\"@type\":\"WebSite\",\"@id\":\"https:\\\/\\\/www.reseau-entreprendre.org\\\/haute-savoie\\\/#website\",\"url\":\"https:\\\/\\\/www.reseau-entreprendre.org\\\/haute-savoie\\\/\",\"name\":\"R\u00e9seau Entreprendre Haute-Savoie\",\"description\":\"Un site utilisant Les sites de R\u00e9seau Entreprendre\",\"potentialAction\":[{\"@type\":\"SearchAction\",\"target\":{\"@type\":\"EntryPoint\",\"urlTemplate\":\"https:\\\/\\\/www.reseau-entreprendre.org\\\/haute-savoie\\\/?s={search_term_string}\"},\"query-input\":{\"@type\":\"PropertyValueSpecification\",\"valueRequired\":true,\"valueName\":\"search_term_string\"}}],\"inLanguage\":\"fr-FR\"}]}<\/script>\n<!-- \/ Yoast SEO plugin. -->","yoast_head_json":{"title":"Accompagner | Reseau Entreprendre Haute-Savoie","description":"Vous \u00eates chef d'entreprise et souhaitez accompagner de nouveaux entrepreneurs ? Devenez membre b\u00e9n\u00e9vole de R\u00e9seau Entreprendre Haute-Savoie !","robots":{"index":"index","follow":"follow","max-snippet":"max-snippet:-1","max-image-preview":"max-image-preview:large","max-video-preview":"max-video-preview:-1"},"canonical":"https:\/\/www.reseau-entreprendre.org\/haute-savoie\/accompagner\/","og_locale":"fr_FR","og_type":"article","og_title":"Accompagner | Reseau Entreprendre Haute-Savoie","og_description":"Vous \u00eates chef d'entreprise et souhaitez accompagner de nouveaux entrepreneurs ? Devenez membre b\u00e9n\u00e9vole de R\u00e9seau Entreprendre Haute-Savoie !","og_url":"https:\/\/www.reseau-entreprendre.org\/haute-savoie\/accompagner\/","og_site_name":"R\u00e9seau Entreprendre Haute-Savoie","article_modified_time":"2025-08-04T12:01:26+00:00","og_image":[{"width":373,"height":280,"url":"https:\/\/www.reseau-entreprendre.org\/haute-savoie\/wp-content\/uploads\/sites\/45\/2020\/08\/Image-COMITE.jpg","type":"image\/jpeg"}],"twitter_card":"summary_large_image","twitter_misc":{"Dur\u00e9e de lecture estim\u00e9e":"2 minutes"},"schema":{"@context":"https:\/\/schema.org","@graph":[{"@type":"WebPage","@id":"https:\/\/www.reseau-entreprendre.org\/haute-savoie\/accompagner\/","url":"https:\/\/www.reseau-entreprendre.org\/haute-savoie\/accompagner\/","name":"Accompagner | Reseau Entreprendre Haute-Savoie","isPartOf":{"@id":"https:\/\/www.reseau-entreprendre.org\/haute-savoie\/#website"},"primaryImageOfPage":{"@id":"https:\/\/www.reseau-entreprendre.org\/haute-savoie\/accompagner\/#primaryimage"},"image":{"@id":"https:\/\/www.reseau-entreprendre.org\/haute-savoie\/accompagner\/#primaryimage"},"thumbnailUrl":"https:\/\/www.reseau-entreprendre.org\/haute-savoie\/wp-content\/uploads\/sites\/45\/2020\/08\/Image-COMITE-300x225.jpg","datePublished":"2017-04-28T10:33:47+00:00","dateModified":"2025-08-04T12:01:26+00:00","description":"Vous \u00eates chef d'entreprise et souhaitez accompagner de nouveaux entrepreneurs ? Devenez membre b\u00e9n\u00e9vole de R\u00e9seau Entreprendre Haute-Savoie !","breadcrumb":{"@id":"https:\/\/www.reseau-entreprendre.org\/haute-savoie\/accompagner\/#breadcrumb"},"inLanguage":"fr-FR","potentialAction":[{"@type":"ReadAction","target":["https:\/\/www.reseau-entreprendre.org\/haute-savoie\/accompagner\/"]}]},{"@type":"ImageObject","inLanguage":"fr-FR","@id":"https:\/\/www.reseau-entreprendre.org\/haute-savoie\/accompagner\/#primaryimage","url":"https:\/\/www.reseau-entreprendre.org\/haute-savoie\/wp-content\/uploads\/sites\/45\/2020\/08\/Image-COMITE.jpg","contentUrl":"https:\/\/www.reseau-entreprendre.org\/haute-savoie\/wp-content\/uploads\/sites\/45\/2020\/08\/Image-COMITE.jpg","width":373,"height":280},{"@type":"BreadcrumbList","@id":"https:\/\/www.reseau-entreprendre.org\/haute-savoie\/accompagner\/#breadcrumb","itemListElement":[{"@type":"ListItem","position":1,"name":"Accueil","item":"https:\/\/www.reseau-entreprendre.org\/haute-savoie\/"},{"@type":"ListItem","position":2,"name":"Accompagner"}]},{"@type":"WebSite","@id":"https:\/\/www.reseau-entreprendre.org\/haute-savoie\/#website","url":"https:\/\/www.reseau-entreprendre.org\/haute-savoie\/","name":"R\u00e9seau Entreprendre Haute-Savoie","description":"Un site utilisant Les sites de R\u00e9seau Entreprendre","potentialAction":[{"@type":"SearchAction","target":{"@type":"EntryPoint","urlTemplate":"https:\/\/www.reseau-entreprendre.org\/haute-savoie\/?s={search_term_string}"},"query-input":{"@type":"PropertyValueSpecification","valueRequired":true,"valueName":"search_term_string"}}],"inLanguage":"fr-FR"}]}},"_links":{"self":[{"href":"https:\/\/www.reseau-entreprendre.org\/haute-savoie\/wp-json\/wp\/v2\/pages\/15","targetHints":{"allow":["GET"]}}],"collection":[{"href":"https:\/\/www.reseau-entreprendre.org\/haute-savoie\/wp-json\/wp\/v2\/pages"}],"about":[{"href":"https:\/\/www.reseau-entreprendre.org\/haute-savoie\/wp-json\/wp\/v2\/types\/page"}],"author":[{"embeddable":true,"href":"https:\/\/www.reseau-entreprendre.org\/haute-savoie\/wp-json\/wp\/v2\/users\/47"}],"replies":[{"embeddable":true,"href":"https:\/\/www.reseau-entreprendre.org\/haute-savoie\/wp-json\/wp\/v2\/comments?post=15"}],"version-history":[{"count":0,"href":"https:\/\/www.reseau-entreprendre.org\/haute-savoie\/wp-json\/wp\/v2\/pages\/15\/revisions"}],"wp:attachment":[{"href":"https:\/\/www.reseau-entreprendre.org\/haute-savoie\/wp-json\/wp\/v2\/media?parent=15"}],"curies":[{"name":"wp","href":"https:\/\/api.w.org\/{rel}","templated":true}]}}