{"id":17,"date":"2017-04-28T12:34:01","date_gmt":"2017-04-28T10:34:01","guid":{"rendered":"https:\/\/www.reseau-entreprendre.org\/haute-savoie\/?page_id=17"},"modified":"2025-10-22T08:52:53","modified_gmt":"2025-10-22T06:52:53","slug":"soutenir","status":"publish","type":"page","link":"https:\/\/www.reseau-entreprendre.org\/haute-savoie\/soutenir\/","title":{"rendered":"Soutenir"},"content":{"rendered":"\n<h2 class=\"wp-block-heading\"><\/h2>\n\n\n\n<p>Vous souhaitez contribuez \u00e0 la <strong>cr\u00e9ation<\/strong> et\/ou <strong>maintien<\/strong> de l&#8217;<strong>emploi <\/strong>sur le<strong> territoire<\/strong> , encourager la<strong> reprise \u00e9conomique<\/strong>, construire une<strong> \u00e9conomie plus durable et plus r\u00e9siliente<\/strong>, organiser un <strong>soutien \u00e0 long terme<\/strong> pour les<strong> entreprises du territoire<\/strong>.<\/p>\n\n\n\n<p class=\"has-re-red-color has-text-color\"><strong>SOUTENEZ<\/strong>  R\u00e9seau Entreprendre Haute-Savoie, en nous rejoignant en tant que m\u00e9c\u00e8ne. <\/p>\n\n\n\n<p>D\u00e9couvrez&nbsp; nos \u00e9v\u00e9nements annuels &#8211; f\u00eate des laur\u00e9ats, soir\u00e9e d&#8217;accueil des nouveaux membres, pl\u00e9ni\u00e8re annuelle\u2026?<\/p>\n\n\n<div class=\"wp-block-image\">\n<figure class=\"alignleft is-resized\"><img loading=\"lazy\" decoding=\"async\" width=\"150\" height=\"150\" src=\"https:\/\/www.reseau-entreprendre.org\/haute-savoie\/wp-content\/uploads\/sites\/45\/2017\/04\/stylo-150x150.png\" alt=\"\" class=\"wp-image-614\" style=\"width:38px;height:38px\" \/><\/figure>\n<\/div>\n\n\n<p><a href=\"https:\/\/www.reseau-entreprendre.org\/haute-savoie\/contact\/\"><strong>Contactez Isabelle Dumoget<\/strong> \u2013 06-63-97-31-04 &#8211; idumoget@reseau-entreprendre.org&nbsp;<\/a><\/p>\n\n\n\n<p><\/p>\n","protected":false},"excerpt":{"rendered":"<p>Vous souhaitez contribuez \u00e0 la cr\u00e9ation et\/ou maintien de l&#8217;emploi<\/p>\n","protected":false},"author":47,"featured_media":0,"parent":0,"menu_order":0,"comment_status":"closed","ping_status":"closed","template":"","meta":{"_acf_changed":false,"_monsterinsights_skip_tracking":false,"_monsterinsights_sitenote_active":false,"_monsterinsights_sitenote_note":"","_monsterinsights_sitenote_category":0,"footnotes":""},"class_list":["post-17","page","type-page","status-publish","hentry"],"acf":[],"yoast_head":"<!-- This site is optimized with the Yoast SEO plugin v27.4 - https:\/\/yoast.com\/product\/yoast-seo-wordpress\/ -->\n<title>Soutenir | Reseau Entreprendre Haute-Savoie<\/title>\n<meta name=\"description\" content=\"Partenaire, vous souhaitez soutenir un r\u00e9seau 100% chefs d&#039;entreprise ? Rejoignez R\u00e9seau Entreprendre Haute-Savoie\" \/>\n<meta name=\"robots\" content=\"index, follow, max-snippet:-1, max-image-preview:large, max-video-preview:-1\" \/>\n<link rel=\"canonical\" href=\"https:\/\/www.reseau-entreprendre.org\/haute-savoie\/soutenir\/\" \/>\n<meta property=\"og:locale\" content=\"fr_FR\" \/>\n<meta property=\"og:type\" content=\"article\" \/>\n<meta property=\"og:title\" content=\"Soutenir | Reseau Entreprendre Haute-Savoie\" \/>\n<meta property=\"og:description\" content=\"Partenaire, vous souhaitez soutenir un r\u00e9seau 100% chefs d&#039;entreprise ? Rejoignez R\u00e9seau Entreprendre Haute-Savoie\" \/>\n<meta property=\"og:url\" content=\"https:\/\/www.reseau-entreprendre.org\/haute-savoie\/soutenir\/\" \/>\n<meta property=\"og:site_name\" content=\"R\u00e9seau Entreprendre Haute-Savoie\" \/>\n<meta property=\"article:modified_time\" content=\"2025-10-22T06:52:53+00:00\" \/>\n<meta property=\"og:image\" content=\"https:\/\/www.reseau-entreprendre.org\/haute-savoie\/wp-content\/uploads\/sites\/45\/2017\/04\/stylo.png\" \/>\n\t<meta property=\"og:image:width\" content=\"163\" \/>\n\t<meta property=\"og:image:height\" content=\"217\" \/>\n\t<meta property=\"og:image:type\" content=\"image\/png\" \/>\n<meta name=\"twitter:card\" content=\"summary_large_image\" \/>\n<meta name=\"twitter:label1\" content=\"Dur\u00e9e de lecture estim\u00e9e\" \/>\n\t<meta name=\"twitter:data1\" content=\"1 minute\" \/>\n<script type=\"application\/ld+json\" class=\"yoast-schema-graph\">{\"@context\":\"https:\\\/\\\/schema.org\",\"@graph\":[{\"@type\":\"WebPage\",\"@id\":\"https:\\\/\\\/www.reseau-entreprendre.org\\\/haute-savoie\\\/soutenir\\\/\",\"url\":\"https:\\\/\\\/www.reseau-entreprendre.org\\\/haute-savoie\\\/soutenir\\\/\",\"name\":\"Soutenir | Reseau Entreprendre Haute-Savoie\",\"isPartOf\":{\"@id\":\"https:\\\/\\\/www.reseau-entreprendre.org\\\/haute-savoie\\\/#website\"},\"primaryImageOfPage\":{\"@id\":\"https:\\\/\\\/www.reseau-entreprendre.org\\\/haute-savoie\\\/soutenir\\\/#primaryimage\"},\"image\":{\"@id\":\"https:\\\/\\\/www.reseau-entreprendre.org\\\/haute-savoie\\\/soutenir\\\/#primaryimage\"},\"thumbnailUrl\":\"https:\\\/\\\/www.reseau-entreprendre.org\\\/haute-savoie\\\/wp-content\\\/uploads\\\/sites\\\/45\\\/2017\\\/04\\\/stylo-150x150.png\",\"datePublished\":\"2017-04-28T10:34:01+00:00\",\"dateModified\":\"2025-10-22T06:52:53+00:00\",\"description\":\"Partenaire, vous souhaitez soutenir un r\u00e9seau 100% chefs d'entreprise ? Rejoignez R\u00e9seau Entreprendre Haute-Savoie\",\"breadcrumb\":{\"@id\":\"https:\\\/\\\/www.reseau-entreprendre.org\\\/haute-savoie\\\/soutenir\\\/#breadcrumb\"},\"inLanguage\":\"fr-FR\",\"potentialAction\":[{\"@type\":\"ReadAction\",\"target\":[\"https:\\\/\\\/www.reseau-entreprendre.org\\\/haute-savoie\\\/soutenir\\\/\"]}]},{\"@type\":\"ImageObject\",\"inLanguage\":\"fr-FR\",\"@id\":\"https:\\\/\\\/www.reseau-entreprendre.org\\\/haute-savoie\\\/soutenir\\\/#primaryimage\",\"url\":\"https:\\\/\\\/www.reseau-entreprendre.org\\\/haute-savoie\\\/wp-content\\\/uploads\\\/sites\\\/45\\\/2017\\\/04\\\/stylo.png\",\"contentUrl\":\"https:\\\/\\\/www.reseau-entreprendre.org\\\/haute-savoie\\\/wp-content\\\/uploads\\\/sites\\\/45\\\/2017\\\/04\\\/stylo.png\",\"width\":163,\"height\":217},{\"@type\":\"BreadcrumbList\",\"@id\":\"https:\\\/\\\/www.reseau-entreprendre.org\\\/haute-savoie\\\/soutenir\\\/#breadcrumb\",\"itemListElement\":[{\"@type\":\"ListItem\",\"position\":1,\"name\":\"Accueil\",\"item\":\"https:\\\/\\\/www.reseau-entreprendre.org\\\/haute-savoie\\\/\"},{\"@type\":\"ListItem\",\"position\":2,\"name\":\"Soutenir\"}]},{\"@type\":\"WebSite\",\"@id\":\"https:\\\/\\\/www.reseau-entreprendre.org\\\/haute-savoie\\\/#website\",\"url\":\"https:\\\/\\\/www.reseau-entreprendre.org\\\/haute-savoie\\\/\",\"name\":\"R\u00e9seau Entreprendre Haute-Savoie\",\"description\":\"Un site utilisant Les sites de R\u00e9seau Entreprendre\",\"potentialAction\":[{\"@type\":\"SearchAction\",\"target\":{\"@type\":\"EntryPoint\",\"urlTemplate\":\"https:\\\/\\\/www.reseau-entreprendre.org\\\/haute-savoie\\\/?s={search_term_string}\"},\"query-input\":{\"@type\":\"PropertyValueSpecification\",\"valueRequired\":true,\"valueName\":\"search_term_string\"}}],\"inLanguage\":\"fr-FR\"}]}<\/script>\n<!-- \/ Yoast SEO plugin. -->","yoast_head_json":{"title":"Soutenir | Reseau Entreprendre Haute-Savoie","description":"Partenaire, vous souhaitez soutenir un r\u00e9seau 100% chefs d'entreprise ? Rejoignez R\u00e9seau Entreprendre Haute-Savoie","robots":{"index":"index","follow":"follow","max-snippet":"max-snippet:-1","max-image-preview":"max-image-preview:large","max-video-preview":"max-video-preview:-1"},"canonical":"https:\/\/www.reseau-entreprendre.org\/haute-savoie\/soutenir\/","og_locale":"fr_FR","og_type":"article","og_title":"Soutenir | Reseau Entreprendre Haute-Savoie","og_description":"Partenaire, vous souhaitez soutenir un r\u00e9seau 100% chefs d'entreprise ? Rejoignez R\u00e9seau Entreprendre Haute-Savoie","og_url":"https:\/\/www.reseau-entreprendre.org\/haute-savoie\/soutenir\/","og_site_name":"R\u00e9seau Entreprendre Haute-Savoie","article_modified_time":"2025-10-22T06:52:53+00:00","og_image":[{"width":163,"height":217,"url":"https:\/\/www.reseau-entreprendre.org\/haute-savoie\/wp-content\/uploads\/sites\/45\/2017\/04\/stylo.png","type":"image\/png"}],"twitter_card":"summary_large_image","twitter_misc":{"Dur\u00e9e de lecture estim\u00e9e":"1 minute"},"schema":{"@context":"https:\/\/schema.org","@graph":[{"@type":"WebPage","@id":"https:\/\/www.reseau-entreprendre.org\/haute-savoie\/soutenir\/","url":"https:\/\/www.reseau-entreprendre.org\/haute-savoie\/soutenir\/","name":"Soutenir | Reseau Entreprendre Haute-Savoie","isPartOf":{"@id":"https:\/\/www.reseau-entreprendre.org\/haute-savoie\/#website"},"primaryImageOfPage":{"@id":"https:\/\/www.reseau-entreprendre.org\/haute-savoie\/soutenir\/#primaryimage"},"image":{"@id":"https:\/\/www.reseau-entreprendre.org\/haute-savoie\/soutenir\/#primaryimage"},"thumbnailUrl":"https:\/\/www.reseau-entreprendre.org\/haute-savoie\/wp-content\/uploads\/sites\/45\/2017\/04\/stylo-150x150.png","datePublished":"2017-04-28T10:34:01+00:00","dateModified":"2025-10-22T06:52:53+00:00","description":"Partenaire, vous souhaitez soutenir un r\u00e9seau 100% chefs d'entreprise ? Rejoignez R\u00e9seau Entreprendre Haute-Savoie","breadcrumb":{"@id":"https:\/\/www.reseau-entreprendre.org\/haute-savoie\/soutenir\/#breadcrumb"},"inLanguage":"fr-FR","potentialAction":[{"@type":"ReadAction","target":["https:\/\/www.reseau-entreprendre.org\/haute-savoie\/soutenir\/"]}]},{"@type":"ImageObject","inLanguage":"fr-FR","@id":"https:\/\/www.reseau-entreprendre.org\/haute-savoie\/soutenir\/#primaryimage","url":"https:\/\/www.reseau-entreprendre.org\/haute-savoie\/wp-content\/uploads\/sites\/45\/2017\/04\/stylo.png","contentUrl":"https:\/\/www.reseau-entreprendre.org\/haute-savoie\/wp-content\/uploads\/sites\/45\/2017\/04\/stylo.png","width":163,"height":217},{"@type":"BreadcrumbList","@id":"https:\/\/www.reseau-entreprendre.org\/haute-savoie\/soutenir\/#breadcrumb","itemListElement":[{"@type":"ListItem","position":1,"name":"Accueil","item":"https:\/\/www.reseau-entreprendre.org\/haute-savoie\/"},{"@type":"ListItem","position":2,"name":"Soutenir"}]},{"@type":"WebSite","@id":"https:\/\/www.reseau-entreprendre.org\/haute-savoie\/#website","url":"https:\/\/www.reseau-entreprendre.org\/haute-savoie\/","name":"R\u00e9seau Entreprendre Haute-Savoie","description":"Un site utilisant Les sites de R\u00e9seau Entreprendre","potentialAction":[{"@type":"SearchAction","target":{"@type":"EntryPoint","urlTemplate":"https:\/\/www.reseau-entreprendre.org\/haute-savoie\/?s={search_term_string}"},"query-input":{"@type":"PropertyValueSpecification","valueRequired":true,"valueName":"search_term_string"}}],"inLanguage":"fr-FR"}]}},"_links":{"self":[{"href":"https:\/\/www.reseau-entreprendre.org\/haute-savoie\/wp-json\/wp\/v2\/pages\/17","targetHints":{"allow":["GET"]}}],"collection":[{"href":"https:\/\/www.reseau-entreprendre.org\/haute-savoie\/wp-json\/wp\/v2\/pages"}],"about":[{"href":"https:\/\/www.reseau-entreprendre.org\/haute-savoie\/wp-json\/wp\/v2\/types\/page"}],"author":[{"embeddable":true,"href":"https:\/\/www.reseau-entreprendre.org\/haute-savoie\/wp-json\/wp\/v2\/users\/47"}],"replies":[{"embeddable":true,"href":"https:\/\/www.reseau-entreprendre.org\/haute-savoie\/wp-json\/wp\/v2\/comments?post=17"}],"version-history":[{"count":0,"href":"https:\/\/www.reseau-entreprendre.org\/haute-savoie\/wp-json\/wp\/v2\/pages\/17\/revisions"}],"wp:attachment":[{"href":"https:\/\/www.reseau-entreprendre.org\/haute-savoie\/wp-json\/wp\/v2\/media?parent=17"}],"curies":[{"name":"wp","href":"https:\/\/api.w.org\/{rel}","templated":true}]}}