{"id":13,"date":"2017-04-28T12:33:34","date_gmt":"2017-04-28T10:33:34","guid":{"rendered":"http:\/\/re-preprod-entreprendre.fr\/isere\/?page_id=13"},"modified":"2025-07-22T16:24:54","modified_gmt":"2025-07-22T14:24:54","slug":"entreprendre","status":"publish","type":"page","link":"https:\/\/www.reseau-entreprendre.org\/isere\/entreprendre\/","title":{"rendered":"Entreprendre"},"content":{"rendered":"\n<h2 class=\"wp-block-heading\"><\/h2>\n\n\n\n<h1 class=\"wp-block-heading\"><b>Vous souhaitez entreprendre ?<br><\/b><\/h1>\n\n\n\n<h2 class=\"wp-block-heading\">Faites vous accompagner par nos membres pour augmenter vos chances de r\u00e9ussite&nbsp;!<\/h2>\n\n\n\n<hr class=\"wp-block-separator has-css-opacity\" \/>\n\n\n\n<h2 class=\"wp-block-heading\"><span style=\"font-size: 28px;color: #d70635\">Notre m\u00e9tier<\/span><\/h2>\n\n\n\n<p><span style=\"color: #676767\"><strong>Accompagner de nouveaux entrepreneurs \u00e0 tous les stades de d\u00e9veloppement de l\u2019entreprise<\/strong><\/span><\/p>\n\n\n\n<p class=\"has-text-align-left\"><span style=\"color: #676767\">Notre mission est de contribuer \u00e0 la r\u00e9ussite de nouveaux entrepreneurs significativement cr\u00e9ateurs d&#8217;emplois et de richesses. L&#8217;accompagnement de R\u00e9seau Entreprendre\u00ae Is\u00e8re s&#8217;adresse <strong>aux cr\u00e9ateurs, repreneurs<\/strong> et <strong>d\u00e9veloppeurs<\/strong> d\u2019entreprise qui, par l&#8217;ambition qu&#8217;ils portent, leur <strong>potentiel entrepreneurial<\/strong>, leur m\u00e9tier et le march\u00e9 auquel ils s&#8217;adressent, sont susceptibles de faire de leur entreprise une <strong>PME apte \u00e0 se d\u00e9velopper<\/strong>.<\/span><\/p>\n\n\n\n<div class=\"wp-block-columns are-vertically-aligned-center is-layout-flex wp-container-core-columns-is-layout-9d6595d7 wp-block-columns-is-layout-flex\">\n<div class=\"wp-block-column is-vertically-aligned-center is-layout-flow wp-block-column-is-layout-flow\">\n<p><span style=\"color: #676767\">Le c\u0153ur de m\u00e9tier de notre association, c\u2019est :<\/span><\/p>\n\n\n\n<ul class=\"wp-block-list\">\n<li>Une <strong>s\u00e9curisation et une \u00e9tude<\/strong> du projet par la rencontre de 5 \u00e0 10 chefs d\u2019entreprise membres de R\u00e9seau Entreprendre\u00ae Is\u00e8re pour challenger le candidat et faire grandir son projet,<\/li>\n\n\n\n<li>Un <strong>accompagnement individuel par un ou plusieurs chefs d&#8217;entreprise<\/strong> sur des rencontres mensuelles ou trimestrielles pendant 3 ans,<\/li>\n\n\n\n<li>Un <strong>accompagnement collectif mensuel ou trimestriel<\/strong> en clubs d\u2019entrepreneurs,<\/li>\n\n\n\n<li>Un <strong>financement par des pr\u00eats d\u2019honneur<\/strong> \u00e0 taux z\u00e9ro, sans garantie de 15 000\u20ac \u00e0 90 000\u20ac (pr\u00eat moyen 45 K\u20ac) attribu\u00e9s personnellement au chef d\u2019entreprise et particuli\u00e8rement int\u00e9ressants pour leur effet de levier sur les autres financements, notamment bancaires.<\/li>\n<\/ul>\n\n\n\n<p><\/p>\n<\/div>\n\n\n\n<div class=\"wp-block-column is-vertically-aligned-center is-layout-flow wp-block-column-is-layout-flow\"><div class=\"wp-block-image\">\n<figure class=\"alignright size-large\"><img loading=\"lazy\" decoding=\"async\" width=\"1024\" height=\"683\" src=\"https:\/\/www.reseau-entreprendre.org\/isere\/wp-content\/uploads\/sites\/29\/2024\/08\/A7404454-1-1024x683.jpg\" alt=\"\" class=\"wp-image-3354\" srcset=\"https:\/\/www.reseau-entreprendre.org\/isere\/wp-content\/uploads\/sites\/29\/2024\/08\/A7404454-1-1024x683.jpg 1024w, https:\/\/www.reseau-entreprendre.org\/isere\/wp-content\/uploads\/sites\/29\/2024\/08\/A7404454-1-300x200.jpg 300w, https:\/\/www.reseau-entreprendre.org\/isere\/wp-content\/uploads\/sites\/29\/2024\/08\/A7404454-1-768x512.jpg 768w, https:\/\/www.reseau-entreprendre.org\/isere\/wp-content\/uploads\/sites\/29\/2024\/08\/A7404454-1-391x260.jpg 391w, https:\/\/www.reseau-entreprendre.org\/isere\/wp-content\/uploads\/sites\/29\/2024\/08\/A7404454-1-1536x1024.jpg 1536w, https:\/\/www.reseau-entreprendre.org\/isere\/wp-content\/uploads\/sites\/29\/2024\/08\/A7404454-1-2048x1365.jpg 2048w, https:\/\/www.reseau-entreprendre.org\/isere\/wp-content\/uploads\/sites\/29\/2024\/08\/A7404454-1-195x130.jpg 195w, https:\/\/www.reseau-entreprendre.org\/isere\/wp-content\/uploads\/sites\/29\/2024\/08\/A7404454-1-100x67.jpg 100w\" sizes=\"auto, (max-width: 1024px) 100vw, 1024px\" \/><\/figure>\n<\/div>\n\n\n<p><\/p>\n\n\n\n<p class=\"has-small-font-size\">Cr\u00e9dit Robin Sforza<\/p>\n<\/div>\n<\/div>\n\n\n\n<p>Gr\u00e2ce \u00e0 ses partenariats avec HP, HP Enterprise et Schneider Electric, le R\u00e9seau Entreprendre Is\u00e8re propose \u00e0 ses laur\u00e9ats des <a href=\"https:\/\/www.reseau-entreprendre.org\/isere\/new-le-suivi-experts\/\" target=\"_blank\" rel=\"noreferrer noopener\">suivis experts <\/a>lors desquels ils peuvent solliciter un expert de ces grands groupes sur une probl\u00e9matique ou un domaine pr\u00e9cis.<\/p>\n\n\n\n<p><span style=\"color: #676767\">C\u2019est aussi une mise en r\u00e9seau : au cours de l\u2019ann\u00e9e, nous offrons \u00e0 nos laur\u00e9ats des \u00e9v\u00e9nements de r\u00e9seautage, d\u2019\u00e9change et d\u2019entraide avec la communaut\u00e9 de chefs d\u2019entreprise, le tout dans un esprit de convivialit\u00e9. Nous accompagnons chaque ann\u00e9e une trentaine d\u2019entreprises.<\/span><\/p>\n\n\n\n<hr class=\"wp-block-separator has-css-opacity\" \/>\n\n\n\n<h2 class=\"wp-block-heading\"><span style=\"font-size: 28px;color: #d70635\">Nos crit\u00e8res d\u2019\u00e9ligibilit\u00e9<\/span><\/h2>\n\n\n\n<p><strong><span style=\"color: #676767\">En cas de<\/span>&nbsp;<\/strong><span style=\"color: #000000\"><strong><span style=\"font-size: 21px;color: #ff971d\">cr\u00e9ation<\/span> <\/strong><\/span><strong>:<\/strong><\/p>\n\n\n\n<div class=\"wp-block-columns are-vertically-aligned-center is-layout-flex wp-container-core-columns-is-layout-9d6595d7 wp-block-columns-is-layout-flex\">\n<div class=\"wp-block-column is-vertically-aligned-center is-layout-flow wp-block-column-is-layout-flow\" style=\"flex-basis:33.33%\"><div class=\"wp-block-image\">\n<figure class=\"alignleft size-full is-resized\"><img loading=\"lazy\" decoding=\"async\" width=\"500\" height=\"500\" src=\"https:\/\/www.reseau-entreprendre.org\/isere\/wp-content\/uploads\/sites\/29\/2021\/06\/2.png\" alt=\"\" class=\"wp-image-2141\" style=\"width:250px;height:250px\" srcset=\"https:\/\/www.reseau-entreprendre.org\/isere\/wp-content\/uploads\/sites\/29\/2021\/06\/2.png 500w, https:\/\/www.reseau-entreprendre.org\/isere\/wp-content\/uploads\/sites\/29\/2021\/06\/2-300x300.png 300w, https:\/\/www.reseau-entreprendre.org\/isere\/wp-content\/uploads\/sites\/29\/2021\/06\/2-150x150.png 150w\" sizes=\"auto, (max-width: 500px) 100vw, 500px\" \/><\/figure>\n<\/div><\/div>\n\n\n\n<div class=\"wp-block-column is-vertically-aligned-center is-layout-flow wp-block-column-is-layout-flow\" style=\"flex-basis:66.66%\">\n<ul class=\"wp-block-list\">\n<li><span style=\"color: #676767\">Pr\u00e9sentation d&#8217;un business plan strat\u00e9gique et financier du projet,<\/span><\/li>\n\n\n\n<li><span style=\"color: #676767\">Cr\u00e9ation d&#8217;un <strong>nombre significatif d&#8217;emplois<\/strong> (&gt; 5 emplois \u00e0 3 ans),<\/span><\/li>\n\n\n\n<li><span style=\"color: #676767\"><strong>Besoin de financement<\/strong> &gt; 75 000 \u20ac,<\/span><\/li>\n\n\n\n<li>C<span style=\"color: #676767\">o-financement obligatoire avec <strong>d\u2019autres financements<\/strong>.<\/span><\/li>\n<\/ul>\n\n\n\n<p><span style=\"color: #676767\">R\u00e9seau Entreprendre\u00ae Is\u00e8re accompagne au maximum <strong>24 mois<\/strong> apr\u00e8s la cr\u00e9ation. <\/span><\/p>\n<\/div>\n<\/div>\n\n\n\n<p><span style=\"color: #676767\"><em>Zoom entreprises Innovantes<\/em> : l\u2019entrepreneur devra d\u00e9montrer la <strong>maturit\u00e9<\/strong> de son projet avant toute \u00e9tude approfondie par l\u2019association. R\u00e9seau Entreprendre\u00ae Is\u00e8re accompagne les projets au stade TRL sup\u00e9rieur ou \u00e9gal \u00e0 6.*<\/span><\/p>\n\n\n\n<p>* Echelle de maturit\u00e9 des projets innovants : <a href=\"https:\/\/www.cea.fr\/multimedia\/Documents\/infographies\/Defis-du-CEA-infographie-echelle-trl.pdf\">en savoir plus<\/a><\/p>\n\n\n\n<p><span style=\"color: #676767\"><strong>En cas de&nbsp;<\/strong><\/span><span style=\"color: #000000\"><strong><span style=\"font-size: 21px;color: #ff971d\">reprise<\/span> <\/strong><\/span><span style=\"color: #676767\"><strong>:<\/strong><\/span><\/p>\n\n\n\n<div class=\"wp-block-columns are-vertically-aligned-center is-layout-flex wp-container-core-columns-is-layout-9d6595d7 wp-block-columns-is-layout-flex\">\n<div class=\"wp-block-column is-vertically-aligned-center is-layout-flow wp-block-column-is-layout-flow\" style=\"flex-basis:33.33%\"><div class=\"wp-block-image\">\n<figure class=\"alignleft size-large is-resized\"><img decoding=\"async\" src=\"https:\/\/www.reseau-entreprendre.org\/isere\/wp-content\/uploads\/sites\/29\/2021\/06\/4.png\" alt=\"\" style=\"object-fit:cover;width:250px;height:250px\" \/><\/figure>\n<\/div><\/div>\n\n\n\n<div class=\"wp-block-column is-vertically-aligned-center is-layout-flow wp-block-column-is-layout-flow\" style=\"flex-basis:66.66%\">\n<ul class=\"wp-block-list\">\n<li><strong>Fonds propres<\/strong>&nbsp;et&nbsp;<strong>r\u00e9sultat net positif<\/strong>&nbsp;sur la derni\u00e8re ann\u00e9e<strong>,<\/strong><\/li>\n\n\n\n<li>Nombre significatif d\u2019emplois \u00e0&nbsp;<strong>maintenir<\/strong>&nbsp;(minimum 5) avec&nbsp;<strong>projet de d\u00e9veloppement<\/strong>&nbsp;de l\u2019activit\u00e9,<\/li>\n\n\n\n<li><strong>Besoin de financement<\/strong>&nbsp;&gt; 75 000 \u20ac,<\/li>\n\n\n\n<li>Co-financement obligatoire avec&nbsp;<strong>d\u2019autres financements&nbsp;<\/strong>et signature de la lettre d\u2019intention.<\/li>\n<\/ul>\n\n\n\n<p>R\u00e9seau Entreprendre\u00ae Is\u00e8re accompagne au maximum&nbsp;<strong>6 mois<\/strong>&nbsp;apr\u00e8s la reprise effective.<\/p>\n\n\n\n<p><\/p>\n<\/div>\n<\/div>\n\n\n\n<p><span style=\"color: #676767\"><strong>En cas de <\/strong><\/span><span style=\"color: #000000\"><strong><span style=\"font-size: 21px;color: #ff971d\">d\u00e9veloppement<\/span><\/strong><\/span>:<\/p>\n\n\n\n<div class=\"wp-block-columns are-vertically-aligned-center is-layout-flex wp-container-core-columns-is-layout-9d6595d7 wp-block-columns-is-layout-flex\">\n<div class=\"wp-block-column is-vertically-aligned-center is-layout-flow wp-block-column-is-layout-flow\" style=\"flex-basis:33.33%\"><div class=\"wp-block-image\">\n<figure class=\"alignleft size-large is-resized\"><img decoding=\"async\" src=\"https:\/\/www.reseau-entreprendre.org\/isere\/wp-content\/uploads\/sites\/29\/2021\/06\/3.png\" alt=\"\" style=\"width:250px;height:250px\" \/><\/figure>\n<\/div><\/div>\n\n\n\n<div class=\"wp-block-column is-vertically-aligned-center is-layout-flow wp-block-column-is-layout-flow\" style=\"flex-basis:66.66%\">\n<p><\/p>\n\n\n\n<ul class=\"wp-block-list\">\n<li>2 ann\u00e9es d\u2019exercices avec un r\u00e9sultat net et des fonds propres positifs sur la derni\u00e8re ann\u00e9e (<strong>Chiffre d\u2019affaires &gt; 500 000 \u20ac<\/strong>),<\/li>\n\n\n\n<li>Cr\u00e9ation d&#8217;au minimum 5 emplois \u00e0 3 ans, <\/li>\n\n\n\n<li><strong>Besoin en financement de 100 000 \u20ac minimum<\/strong>,<\/li>\n\n\n\n<li>Co-financ\u00e9 obligatoirement avec <strong>d\u2019autres financements<\/strong>.<br><\/li>\n<\/ul>\n\n\n\n<p><\/p>\n<\/div>\n<\/div>\n\n\n\n<div class=\"wp-block-buttons is-horizontal is-content-justification-center is-layout-flex wp-container-core-buttons-is-layout-499968f5 wp-block-buttons-is-layout-flex\">\n<div class=\"wp-block-button is-style-fill\"><a class=\"wp-block-button__link has-re-yellow-background-color has-background wp-element-button\" href=\"https:\/\/www.reseau-entreprendre.org\/isere\/deposer-une-demande\/\" target=\"_blank\" rel=\"noreferrer noopener\">ENVIE D&#8217;\u00caTRE ACCOMPAGNE ? CONTACTEZ-NOUS<\/a><\/div>\n<\/div>\n\n\n\n<hr class=\"wp-block-separator has-css-opacity\" \/>\n\n\n\n<h2 class=\"wp-block-heading\"><span style=\"font-size: 28px;color: #d70635\">Un projet ou une personne ?<\/span><\/h2>\n\n\n\n<p><span style=\"color: #676767\">R\u00e9seau Entreprendre\u00ae Is\u00e8re met la personne au c\u0153ur de ses actions. C\u2019est pourquoi, le porteur de projet <strong>doit<\/strong> disposer du contr\u00f4le de l&#8217;entreprise <strong>et disposer du pouvoir de d\u00e9cision sur les \u00e9l\u00e9ments strat\u00e9giques afin que notre accompagnement soit le plus pertinent possible<\/strong>.<\/span><\/p>\n\n\n\n<p><span style=\"color: #676767\">Celui qui s&#8217;adresse \u00e0 l&#8217;association uniquement pour obtenir un <strong>pr\u00eat d&#8217;honneur<\/strong> est hors cible. L\u2019entrepreneur doit d\u00e9montrer une volont\u00e9, <strong>vraie<\/strong>, \u00e0 se faire accompagner. Le management de l&#8217;entreprise cr\u00e9\u00e9e, reprise ou d\u00e9velopp\u00e9e doit constituer <strong>l&#8217;activit\u00e9 principale<\/strong> du candidat.<\/span><\/p>\n\n\n\n<p><span style=\"color: #676767\"><strong>Tout porteur de projet candidat \u00e0 R\u00e9seau Entreprendre\u00ae Is\u00e8re doit respecter les valeurs fondatrices de R\u00e9seau Entreprendre\u00ae Is\u00e8re<\/strong><\/span> \u00e0 savoir : la personne, la gratuit\u00e9, la r\u00e9ciprocit\u00e9, la solidarit\u00e9 et la bienveillance.<\/p>\n\n\n<div class=\"wp-block-image wp-image-2138\">\n<figure class=\"aligncenter size-large is-resized\"><img loading=\"lazy\" decoding=\"async\" width=\"1024\" height=\"683\" src=\"https:\/\/www.reseau-entreprendre.org\/isere\/wp-content\/uploads\/sites\/29\/2024\/08\/A7405102-Robin-SFORZA-1024x683.jpg\" alt=\"\" class=\"wp-image-3349\" style=\"width:1024px;height:auto\" srcset=\"https:\/\/www.reseau-entreprendre.org\/isere\/wp-content\/uploads\/sites\/29\/2024\/08\/A7405102-Robin-SFORZA-1024x683.jpg 1024w, https:\/\/www.reseau-entreprendre.org\/isere\/wp-content\/uploads\/sites\/29\/2024\/08\/A7405102-Robin-SFORZA-300x200.jpg 300w, https:\/\/www.reseau-entreprendre.org\/isere\/wp-content\/uploads\/sites\/29\/2024\/08\/A7405102-Robin-SFORZA-768x512.jpg 768w, https:\/\/www.reseau-entreprendre.org\/isere\/wp-content\/uploads\/sites\/29\/2024\/08\/A7405102-Robin-SFORZA-391x260.jpg 391w, https:\/\/www.reseau-entreprendre.org\/isere\/wp-content\/uploads\/sites\/29\/2024\/08\/A7405102-Robin-SFORZA-1536x1024.jpg 1536w, https:\/\/www.reseau-entreprendre.org\/isere\/wp-content\/uploads\/sites\/29\/2024\/08\/A7405102-Robin-SFORZA-2048x1365.jpg 2048w, https:\/\/www.reseau-entreprendre.org\/isere\/wp-content\/uploads\/sites\/29\/2024\/08\/A7405102-Robin-SFORZA-195x130.jpg 195w, https:\/\/www.reseau-entreprendre.org\/isere\/wp-content\/uploads\/sites\/29\/2024\/08\/A7405102-Robin-SFORZA-100x67.jpg 100w\" sizes=\"auto, (max-width: 1024px) 100vw, 1024px\" \/><\/figure>\n<\/div>\n\n\n<p>Les laur\u00e9ats 2023 au week-end d&#8217;int\u00e9gration du R\u00e9seau Entreprendre\u00ae Is\u00e8re<br>Cr\u00e9dit Robin Sforza<\/p>\n\n\n\n<p><span style=\"color: #676767\"><strong>Notre valeur ajout\u00e9e<\/strong> : des chefs d\u2019entreprise engag\u00e9s pour accompagner nos futurs entrepreneurs !<\/span><\/p>\n\n\n\n<div class=\"wp-block-buttons is-horizontal is-content-justification-center is-layout-flex wp-container-core-buttons-is-layout-499968f5 wp-block-buttons-is-layout-flex\">\n<div class=\"wp-block-button is-style-fill\"><a class=\"wp-block-button__link has-re-blue-background-color has-background wp-element-button\" href=\"https:\/\/www.reseau-entreprendre.org\/isere\/ils-temoignent\" target=\"_blank\" rel=\"noreferrer noopener\">D\u00e9couvrez qui sont ces entrepreneurs<\/a><\/div>\n<\/div>\n\n\n\n<p><\/p>\n","protected":false},"excerpt":{"rendered":"<p>Vous souhaitez entreprendre ? Faites vous accompagner par nos membres<\/p>\n","protected":false},"author":30,"featured_media":0,"parent":0,"menu_order":0,"comment_status":"closed","ping_status":"closed","template":"","meta":{"_acf_changed":false,"_monsterinsights_skip_tracking":false,"_monsterinsights_sitenote_active":false,"_monsterinsights_sitenote_note":"","_monsterinsights_sitenote_category":0,"footnotes":""},"class_list":["post-13","page","type-page","status-publish","hentry"],"acf":[],"yoast_head":"<!-- This site is optimized with the Yoast SEO plugin v27.4 - https:\/\/yoast.com\/product\/yoast-seo-wordpress\/ -->\n<title>Entreprendre | Reseau Entreprendre Is\u00e8re<\/title>\n<meta name=\"description\" content=\"Vous avez un projet de cr\u00e9ation d&#039;entreprise ? R\u00e9seau Entreprendre Is\u00e8re vous accompagne gratuitement et dans la dur\u00e9e\" \/>\n<meta name=\"robots\" content=\"index, follow, max-snippet:-1, max-image-preview:large, max-video-preview:-1\" \/>\n<link rel=\"canonical\" href=\"https:\/\/www.reseau-entreprendre.org\/isere\/entreprendre\/\" \/>\n<meta property=\"og:locale\" content=\"fr_FR\" \/>\n<meta property=\"og:type\" content=\"article\" \/>\n<meta property=\"og:title\" content=\"Entreprendre | Reseau Entreprendre Is\u00e8re\" \/>\n<meta property=\"og:description\" content=\"Vous avez un projet de cr\u00e9ation d&#039;entreprise ? R\u00e9seau Entreprendre Is\u00e8re vous accompagne gratuitement et dans la dur\u00e9e\" \/>\n<meta property=\"og:url\" content=\"https:\/\/www.reseau-entreprendre.org\/isere\/entreprendre\/\" \/>\n<meta property=\"og:site_name\" content=\"R\u00e9seau Entreprendre Is\u00e8re\" \/>\n<meta property=\"article:modified_time\" content=\"2025-07-22T14:24:54+00:00\" \/>\n<meta property=\"og:image\" content=\"https:\/\/www.reseau-entreprendre.org\/isere\/wp-content\/uploads\/sites\/29\/2024\/08\/A7404454-1-scaled.jpg\" \/>\n\t<meta property=\"og:image:width\" content=\"2560\" \/>\n\t<meta property=\"og:image:height\" content=\"1707\" \/>\n\t<meta property=\"og:image:type\" content=\"image\/jpeg\" \/>\n<meta name=\"twitter:card\" content=\"summary_large_image\" \/>\n<meta name=\"twitter:label1\" content=\"Dur\u00e9e de lecture estim\u00e9e\" \/>\n\t<meta name=\"twitter:data1\" content=\"5 minutes\" \/>\n<script type=\"application\/ld+json\" class=\"yoast-schema-graph\">{\"@context\":\"https:\\\/\\\/schema.org\",\"@graph\":[{\"@type\":\"WebPage\",\"@id\":\"https:\\\/\\\/www.reseau-entreprendre.org\\\/isere\\\/entreprendre\\\/\",\"url\":\"https:\\\/\\\/www.reseau-entreprendre.org\\\/isere\\\/entreprendre\\\/\",\"name\":\"Entreprendre | Reseau Entreprendre Is\u00e8re\",\"isPartOf\":{\"@id\":\"https:\\\/\\\/www.reseau-entreprendre.org\\\/isere\\\/#website\"},\"primaryImageOfPage\":{\"@id\":\"https:\\\/\\\/www.reseau-entreprendre.org\\\/isere\\\/entreprendre\\\/#primaryimage\"},\"image\":{\"@id\":\"https:\\\/\\\/www.reseau-entreprendre.org\\\/isere\\\/entreprendre\\\/#primaryimage\"},\"thumbnailUrl\":\"https:\\\/\\\/www.reseau-entreprendre.org\\\/isere\\\/wp-content\\\/uploads\\\/sites\\\/29\\\/2024\\\/08\\\/A7404454-1-1024x683.jpg\",\"datePublished\":\"2017-04-28T10:33:34+00:00\",\"dateModified\":\"2025-07-22T14:24:54+00:00\",\"description\":\"Vous avez un projet de cr\u00e9ation d'entreprise ? R\u00e9seau Entreprendre Is\u00e8re vous accompagne gratuitement et dans la dur\u00e9e\",\"breadcrumb\":{\"@id\":\"https:\\\/\\\/www.reseau-entreprendre.org\\\/isere\\\/entreprendre\\\/#breadcrumb\"},\"inLanguage\":\"fr-FR\",\"potentialAction\":[{\"@type\":\"ReadAction\",\"target\":[\"https:\\\/\\\/www.reseau-entreprendre.org\\\/isere\\\/entreprendre\\\/\"]}]},{\"@type\":\"ImageObject\",\"inLanguage\":\"fr-FR\",\"@id\":\"https:\\\/\\\/www.reseau-entreprendre.org\\\/isere\\\/entreprendre\\\/#primaryimage\",\"url\":\"https:\\\/\\\/www.reseau-entreprendre.org\\\/isere\\\/wp-content\\\/uploads\\\/sites\\\/29\\\/2024\\\/08\\\/A7404454-1-scaled.jpg\",\"contentUrl\":\"https:\\\/\\\/www.reseau-entreprendre.org\\\/isere\\\/wp-content\\\/uploads\\\/sites\\\/29\\\/2024\\\/08\\\/A7404454-1-scaled.jpg\",\"width\":2560,\"height\":1707},{\"@type\":\"BreadcrumbList\",\"@id\":\"https:\\\/\\\/www.reseau-entreprendre.org\\\/isere\\\/entreprendre\\\/#breadcrumb\",\"itemListElement\":[{\"@type\":\"ListItem\",\"position\":1,\"name\":\"Accueil\",\"item\":\"https:\\\/\\\/www.reseau-entreprendre.org\\\/isere\\\/\"},{\"@type\":\"ListItem\",\"position\":2,\"name\":\"Entreprendre\"}]},{\"@type\":\"WebSite\",\"@id\":\"https:\\\/\\\/www.reseau-entreprendre.org\\\/isere\\\/#website\",\"url\":\"https:\\\/\\\/www.reseau-entreprendre.org\\\/isere\\\/\",\"name\":\"R\u00e9seau Entreprendre Is\u00e8re\",\"description\":\"Un site utilisant Les sites de R\u00e9seau Entreprendre\",\"potentialAction\":[{\"@type\":\"SearchAction\",\"target\":{\"@type\":\"EntryPoint\",\"urlTemplate\":\"https:\\\/\\\/www.reseau-entreprendre.org\\\/isere\\\/?s={search_term_string}\"},\"query-input\":{\"@type\":\"PropertyValueSpecification\",\"valueRequired\":true,\"valueName\":\"search_term_string\"}}],\"inLanguage\":\"fr-FR\"}]}<\/script>\n<!-- \/ Yoast SEO plugin. -->","yoast_head_json":{"title":"Entreprendre | Reseau Entreprendre Is\u00e8re","description":"Vous avez un projet de cr\u00e9ation d'entreprise ? R\u00e9seau Entreprendre Is\u00e8re vous accompagne gratuitement et dans la dur\u00e9e","robots":{"index":"index","follow":"follow","max-snippet":"max-snippet:-1","max-image-preview":"max-image-preview:large","max-video-preview":"max-video-preview:-1"},"canonical":"https:\/\/www.reseau-entreprendre.org\/isere\/entreprendre\/","og_locale":"fr_FR","og_type":"article","og_title":"Entreprendre | Reseau Entreprendre Is\u00e8re","og_description":"Vous avez un projet de cr\u00e9ation d'entreprise ? R\u00e9seau Entreprendre Is\u00e8re vous accompagne gratuitement et dans la dur\u00e9e","og_url":"https:\/\/www.reseau-entreprendre.org\/isere\/entreprendre\/","og_site_name":"R\u00e9seau Entreprendre Is\u00e8re","article_modified_time":"2025-07-22T14:24:54+00:00","og_image":[{"width":2560,"height":1707,"url":"https:\/\/www.reseau-entreprendre.org\/isere\/wp-content\/uploads\/sites\/29\/2024\/08\/A7404454-1-scaled.jpg","type":"image\/jpeg"}],"twitter_card":"summary_large_image","twitter_misc":{"Dur\u00e9e de lecture estim\u00e9e":"5 minutes"},"schema":{"@context":"https:\/\/schema.org","@graph":[{"@type":"WebPage","@id":"https:\/\/www.reseau-entreprendre.org\/isere\/entreprendre\/","url":"https:\/\/www.reseau-entreprendre.org\/isere\/entreprendre\/","name":"Entreprendre | Reseau Entreprendre Is\u00e8re","isPartOf":{"@id":"https:\/\/www.reseau-entreprendre.org\/isere\/#website"},"primaryImageOfPage":{"@id":"https:\/\/www.reseau-entreprendre.org\/isere\/entreprendre\/#primaryimage"},"image":{"@id":"https:\/\/www.reseau-entreprendre.org\/isere\/entreprendre\/#primaryimage"},"thumbnailUrl":"https:\/\/www.reseau-entreprendre.org\/isere\/wp-content\/uploads\/sites\/29\/2024\/08\/A7404454-1-1024x683.jpg","datePublished":"2017-04-28T10:33:34+00:00","dateModified":"2025-07-22T14:24:54+00:00","description":"Vous avez un projet de cr\u00e9ation d'entreprise ? R\u00e9seau Entreprendre Is\u00e8re vous accompagne gratuitement et dans la dur\u00e9e","breadcrumb":{"@id":"https:\/\/www.reseau-entreprendre.org\/isere\/entreprendre\/#breadcrumb"},"inLanguage":"fr-FR","potentialAction":[{"@type":"ReadAction","target":["https:\/\/www.reseau-entreprendre.org\/isere\/entreprendre\/"]}]},{"@type":"ImageObject","inLanguage":"fr-FR","@id":"https:\/\/www.reseau-entreprendre.org\/isere\/entreprendre\/#primaryimage","url":"https:\/\/www.reseau-entreprendre.org\/isere\/wp-content\/uploads\/sites\/29\/2024\/08\/A7404454-1-scaled.jpg","contentUrl":"https:\/\/www.reseau-entreprendre.org\/isere\/wp-content\/uploads\/sites\/29\/2024\/08\/A7404454-1-scaled.jpg","width":2560,"height":1707},{"@type":"BreadcrumbList","@id":"https:\/\/www.reseau-entreprendre.org\/isere\/entreprendre\/#breadcrumb","itemListElement":[{"@type":"ListItem","position":1,"name":"Accueil","item":"https:\/\/www.reseau-entreprendre.org\/isere\/"},{"@type":"ListItem","position":2,"name":"Entreprendre"}]},{"@type":"WebSite","@id":"https:\/\/www.reseau-entreprendre.org\/isere\/#website","url":"https:\/\/www.reseau-entreprendre.org\/isere\/","name":"R\u00e9seau Entreprendre Is\u00e8re","description":"Un site utilisant Les sites de R\u00e9seau Entreprendre","potentialAction":[{"@type":"SearchAction","target":{"@type":"EntryPoint","urlTemplate":"https:\/\/www.reseau-entreprendre.org\/isere\/?s={search_term_string}"},"query-input":{"@type":"PropertyValueSpecification","valueRequired":true,"valueName":"search_term_string"}}],"inLanguage":"fr-FR"}]}},"_links":{"self":[{"href":"https:\/\/www.reseau-entreprendre.org\/isere\/wp-json\/wp\/v2\/pages\/13","targetHints":{"allow":["GET"]}}],"collection":[{"href":"https:\/\/www.reseau-entreprendre.org\/isere\/wp-json\/wp\/v2\/pages"}],"about":[{"href":"https:\/\/www.reseau-entreprendre.org\/isere\/wp-json\/wp\/v2\/types\/page"}],"author":[{"embeddable":true,"href":"https:\/\/www.reseau-entreprendre.org\/isere\/wp-json\/wp\/v2\/users\/30"}],"replies":[{"embeddable":true,"href":"https:\/\/www.reseau-entreprendre.org\/isere\/wp-json\/wp\/v2\/comments?post=13"}],"version-history":[{"count":0,"href":"https:\/\/www.reseau-entreprendre.org\/isere\/wp-json\/wp\/v2\/pages\/13\/revisions"}],"wp:attachment":[{"href":"https:\/\/www.reseau-entreprendre.org\/isere\/wp-json\/wp\/v2\/media?parent=13"}],"curies":[{"name":"wp","href":"https:\/\/api.w.org\/{rel}","templated":true}]}}