{"id":1377,"date":"2019-06-14T15:22:44","date_gmt":"2019-06-14T13:22:44","guid":{"rendered":"https:\/\/re-preprod-entreprendre.fr\/isere\/?page_id=1377"},"modified":"2024-09-02T14:40:42","modified_gmt":"2024-09-02T12:40:42","slug":"laureats-2019","status":"publish","type":"page","link":"https:\/\/www.reseau-entreprendre.org\/isere\/laureats-2019\/","title":{"rendered":"Promotion 2023"},"content":{"rendered":"\n<p><\/p>\n\n\n\n<h2 class=\"wp-block-heading\"><span style=\"font-size: 36px\"><b><strong>Les Laur\u00e9ats 2023<\/strong><\/b><\/span><\/h2>\n\n\n\n<p class=\"has-text-align-center\"><div class=\"su-custom-gallery su-custom-gallery-align-left su-custom-gallery-title-hover\"><div class=\"su-custom-gallery-slide\" style=\"width:250px;height:250px\"><a href=\"https:\/\/www.reseau-entreprendre.org\/isere\/2020\/01\/14\/clement-venard-et-alexandre-nicolet-laureats-2019\/\" target=\"_blank\" title=\"Cl\u00e9ment V\u00e9nard et Alexandre Nicolet : laur\u00e9ats 2019\"><img loading=\"lazy\" decoding=\"async\" src=\"https:\/\/www.reseau-entreprendre.org\/isere\/wp-content\/uploads\/sites\/29\/2020\/01\/SOUHAITE-LA-BIENVENUE-A-SA-NOUVELLE-LAUREATE-2.png\" alt=\"Cl\u00e9ment V\u00e9nard et Alexandre Nicolet : laur\u00e9ats 2019\" width=\"250\" height=\"250\" \/><span class=\"su-custom-gallery-title\">Cl\u00e9ment V\u00e9nard et Alexandre Nicolet : laur\u00e9ats 2019<\/span><\/a><\/div><div class=\"su-custom-gallery-slide\" style=\"width:250px;height:250px\"><a href=\"https:\/\/www.reseau-entreprendre.org\/isere\/2020\/01\/07\/camille-migdal-laureate-2019\/\" target=\"_blank\" title=\"Camille Migdal, laur\u00e9ate 2019\"><img loading=\"lazy\" decoding=\"async\" src=\"https:\/\/www.reseau-entreprendre.org\/isere\/wp-content\/uploads\/sites\/29\/2020\/01\/SOUHAITE-LA-BIENVENUE-A-SA-NOUVELLE-LAUREATE-2-1.png\" alt=\"Camille Migdal, laur\u00e9ate 2019\" width=\"250\" height=\"250\" \/><span class=\"su-custom-gallery-title\">Camille Migdal, laur\u00e9ate 2019<\/span><\/a><\/div><div class=\"su-custom-gallery-slide\" style=\"width:250px;height:250px\"><a href=\"https:\/\/www.reseau-entreprendre.org\/isere\/2019\/12\/03\/eric-mathieu-et-valerie-gondre-laureats-2019\/\" target=\"_blank\" title=\"Eric Mathieu et Val\u00e9rie Gondre, laur\u00e9ats 2019\"><img loading=\"lazy\" decoding=\"async\" src=\"https:\/\/www.reseau-entreprendre.org\/isere\/wp-content\/uploads\/sites\/29\/2019\/12\/SOUHAITE-LA-BIENVENUE-A-SA-NOUVELLE-LAUREATE-2.png\" alt=\"Eric Mathieu et Val\u00e9rie Gondre, laur\u00e9ats 2019\" width=\"250\" height=\"250\" \/><span class=\"su-custom-gallery-title\">Eric Mathieu et Val\u00e9rie Gondre, laur\u00e9ats 2019<\/span><\/a><\/div><div class=\"su-custom-gallery-slide\" style=\"width:250px;height:250px\"><a href=\"https:\/\/www.reseau-entreprendre.org\/isere\/2019\/11\/26\/benoit-van-landeghem-laureat-2019\/\" target=\"_blank\" title=\"Benoit Van Landeghem, laur\u00e9at 2019\"><img loading=\"lazy\" decoding=\"async\" src=\"https:\/\/www.reseau-entreprendre.org\/isere\/wp-content\/uploads\/sites\/29\/2019\/11\/SOUHAITE-LA-BIENVENUE-A-SA-NOUVELLE-LAUREATE-2.png\" alt=\"Benoit Van Landeghem, laur\u00e9at 2019\" width=\"250\" height=\"250\" \/><span class=\"su-custom-gallery-title\">Benoit Van Landeghem, laur\u00e9at 2019<\/span><\/a><\/div><div class=\"su-custom-gallery-slide\" style=\"width:250px;height:250px\"><a href=\"https:\/\/www.reseau-entreprendre.org\/isere\/2019\/11\/12\/florent-cadoux-laureat-2019\/\" target=\"_blank\" title=\"Florent Cadoux, laur\u00e9at 2019\"><img loading=\"lazy\" decoding=\"async\" src=\"https:\/\/www.reseau-entreprendre.org\/isere\/wp-content\/uploads\/sites\/29\/2019\/11\/SOUHAITE-LA-BIENVENUE-A-SA-NOUVELLE-LAUREATE-2-1.png\" alt=\"Florent Cadoux, laur\u00e9at 2019\" width=\"250\" height=\"250\" \/><span class=\"su-custom-gallery-title\">Florent Cadoux, laur\u00e9at 2019<\/span><\/a><\/div><div class=\"su-custom-gallery-slide\" style=\"width:250px;height:250px\"><a href=\"https:\/\/www.reseau-entreprendre.org\/isere\/2019\/10\/23\/nils-olivier-et-adrien-flandrin-laureats-2019\/\" target=\"_blank\" title=\"Nils Olivier et Adrien Flandrin, laur\u00e9ats 2019\"><img loading=\"lazy\" decoding=\"async\" src=\"https:\/\/www.reseau-entreprendre.org\/isere\/wp-content\/uploads\/sites\/29\/2019\/10\/SOUHAITE-LA-BIENVENUE-A-SA-NOUVELLE-LAUREATE-2.png\" alt=\"Nils Olivier et Adrien Flandrin, laur\u00e9ats 2019\" width=\"250\" height=\"250\" \/><span class=\"su-custom-gallery-title\">Nils Olivier et Adrien Flandrin, laur\u00e9ats 2019<\/span><\/a><\/div><div class=\"su-custom-gallery-slide\" style=\"width:250px;height:250px\"><a href=\"https:\/\/www.reseau-entreprendre.org\/isere\/2019\/10\/15\/quentin-kozyra-et-jeremie-lesoudier-laureats-2019\/\" target=\"_blank\" title=\"Quentin Kozyra et J\u00e9r\u00e9mie Lesoudier, laur\u00e9ats 2019\"><img loading=\"lazy\" decoding=\"async\" src=\"https:\/\/www.reseau-entreprendre.org\/isere\/wp-content\/uploads\/sites\/29\/2019\/10\/SOUHAITE-LA-BIENVENUE-A-SA-NOUVELLE-LAUREATE-2-1.png\" alt=\"Quentin Kozyra et J\u00e9r\u00e9mie Lesoudier, laur\u00e9ats 2019\" width=\"250\" height=\"250\" \/><span class=\"su-custom-gallery-title\">Quentin Kozyra et J\u00e9r\u00e9mie Lesoudier, laur\u00e9ats 2019<\/span><\/a><\/div><div class=\"su-custom-gallery-slide\" style=\"width:250px;height:250px\"><a href=\"https:\/\/www.reseau-entreprendre.org\/isere\/2019\/10\/03\/edouard-gabaudan-laureat-2019\/\" target=\"_blank\" title=\"Edouard Gabaudan, laur\u00e9at 2019\"><img loading=\"lazy\" decoding=\"async\" src=\"https:\/\/www.reseau-entreprendre.org\/isere\/wp-content\/uploads\/sites\/29\/2019\/10\/SOUHAITE-LA-BIENVENUE-A-SA-NOUVELLE-LAUREATE-2-2.png\" alt=\"Edouard Gabaudan, laur\u00e9at 2019\" width=\"250\" height=\"250\" \/><span class=\"su-custom-gallery-title\">Edouard Gabaudan, laur\u00e9at 2019<\/span><\/a><\/div><div class=\"su-custom-gallery-slide\" style=\"width:250px;height:250px\"><a href=\"https:\/\/www.reseau-entreprendre.org\/isere\/2019\/09\/17\/creation-innovante-ambpr\/\" target=\"_blank\" title=\"St\u00e9phane Renouard, laur\u00e9at 2019\"><img loading=\"lazy\" decoding=\"async\" src=\"https:\/\/www.reseau-entreprendre.org\/isere\/wp-content\/uploads\/sites\/29\/2019\/09\/SOUHAITE-LA-BIENVENUE-A-SA-NOUVELLE-LAUREATE-2.png\" alt=\"St\u00e9phane Renouard, laur\u00e9at 2019\" width=\"250\" height=\"250\" \/><span class=\"su-custom-gallery-title\">St\u00e9phane Renouard, laur\u00e9at 2019<\/span><\/a><\/div><div class=\"su-custom-gallery-slide\" style=\"width:250px;height:250px\"><a href=\"https:\/\/www.reseau-entreprendre.org\/isere\/2019\/09\/03\/creation-innovante-intent\/\" target=\"_blank\" title=\"Vincent Rigau, laur\u00e9at 2019\"><img loading=\"lazy\" decoding=\"async\" src=\"https:\/\/www.reseau-entreprendre.org\/isere\/wp-content\/uploads\/sites\/29\/2019\/09\/SOUHAITE-LA-BIENVENUE-A-SA-NOUVELLE-LAUREATE-2-1.png\" alt=\"Vincent Rigau, laur\u00e9at 2019\" width=\"250\" height=\"250\" \/><span class=\"su-custom-gallery-title\">Vincent Rigau, laur\u00e9at 2019<\/span><\/a><\/div><div class=\"su-custom-gallery-slide\" style=\"width:250px;height:250px\"><a href=\"https:\/\/www.reseau-entreprendre.org\/isere\/2019\/09\/03\/creation-silfra\/\" target=\"_blank\" title=\"Alain-No\u00ebl Cain, laur\u00e9at 2019\"><img loading=\"lazy\" decoding=\"async\" src=\"https:\/\/www.reseau-entreprendre.org\/isere\/wp-content\/uploads\/sites\/29\/2019\/09\/Silfra_web.jpg\" alt=\"Alain-No\u00ebl Cain, laur\u00e9at 2019\" width=\"250\" height=\"250\" \/><span class=\"su-custom-gallery-title\">Alain-No\u00ebl Cain, laur\u00e9at 2019<\/span><\/a><\/div><div class=\"su-custom-gallery-slide\" style=\"width:250px;height:250px\"><a href=\"https:\/\/www.reseau-entreprendre.org\/isere\/2019\/09\/03\/creation-innovante-orok\/\" target=\"_blank\" title=\"William Lambert et Pierrick Boyer, laur\u00e9ats 2019\"><img loading=\"lazy\" decoding=\"async\" src=\"https:\/\/www.reseau-entreprendre.org\/isere\/wp-content\/uploads\/sites\/29\/2019\/09\/Orok_web.jpg\" alt=\"William Lambert et Pierrick Boyer, laur\u00e9ats 2019\" width=\"250\" height=\"250\" \/><span class=\"su-custom-gallery-title\">William Lambert et Pierrick Boyer, laur\u00e9ats 2019<\/span><\/a><\/div><div class=\"su-custom-gallery-slide\" style=\"width:250px;height:250px\"><a href=\"https:\/\/www.reseau-entreprendre.org\/isere\/2019\/08\/02\/creation-biocoop-villard-de-lans\/\" target=\"_blank\" title=\"Soraya Fanjas-Claret, laur\u00e9ate 2019\"><img loading=\"lazy\" decoding=\"async\" src=\"https:\/\/www.reseau-entreprendre.org\/isere\/wp-content\/uploads\/sites\/29\/2019\/08\/Biocoop.jpg\" alt=\"Soraya Fanjas-Claret, laur\u00e9ate 2019\" width=\"250\" height=\"250\" \/><span class=\"su-custom-gallery-title\">Soraya Fanjas-Claret, laur\u00e9ate 2019<\/span><\/a><\/div><div class=\"su-custom-gallery-slide\" style=\"width:250px;height:250px\"><a href=\"https:\/\/www.reseau-entreprendre.org\/isere\/2019\/07\/09\/creation-innovante-veertus\/\" target=\"_blank\" title=\"Jean-Marie Caoudal et Benjamin Colas, laur\u00e9ats 2019\"><img loading=\"lazy\" decoding=\"async\" src=\"https:\/\/www.reseau-entreprendre.org\/isere\/wp-content\/uploads\/sites\/29\/2019\/07\/Vertuus.jpg\" alt=\"Jean-Marie Caoudal et Benjamin Colas, laur\u00e9ats 2019\" width=\"250\" height=\"250\" \/><span class=\"su-custom-gallery-title\">Jean-Marie Caoudal et Benjamin Colas, laur\u00e9ats 2019<\/span><\/a><\/div><div class=\"su-custom-gallery-slide\" style=\"width:250px;height:250px\"><a href=\"https:\/\/www.reseau-entreprendre.org\/isere\/2019\/07\/09\/creation-innovante-odonatech\/\" target=\"_blank\" title=\"St\u00e9phane Doth\u00e9e, laur\u00e9at 2019\"><img loading=\"lazy\" decoding=\"async\" src=\"https:\/\/www.reseau-entreprendre.org\/isere\/wp-content\/uploads\/sites\/29\/2019\/07\/Odonatech_web-v2.jpg\" alt=\"St\u00e9phane Doth\u00e9e, laur\u00e9at 2019\" width=\"250\" height=\"250\" \/><span class=\"su-custom-gallery-title\">St\u00e9phane Doth\u00e9e, laur\u00e9at 2019<\/span><\/a><\/div><div class=\"su-custom-gallery-slide\" style=\"width:250px;height:250px\"><a href=\"https:\/\/www.reseau-entreprendre.org\/isere\/2019\/05\/15\/guillaume-thomas-laureat-2019\/\" target=\"_blank\" title=\"Guillaume Thomas, laur\u00e9at 2019\"><img loading=\"lazy\" decoding=\"async\" src=\"https:\/\/www.reseau-entreprendre.org\/isere\/wp-content\/uploads\/sites\/29\/2019\/05\/cielle-diffusion.jpg\" alt=\"Guillaume Thomas, laur\u00e9at 2019\" width=\"250\" height=\"250\" \/><span class=\"su-custom-gallery-title\">Guillaume Thomas, laur\u00e9at 2019<\/span><\/a><\/div><div class=\"su-custom-gallery-slide\" style=\"width:250px;height:250px\"><a href=\"https:\/\/www.reseau-entreprendre.org\/isere\/2019\/04\/15\/patrick-boissat-et-bernard-sauvage-laureats-2019\/\" target=\"_blank\" title=\"Patrick Boissat et Benoit Sauvage, laur\u00e9ats 2019\"><img loading=\"lazy\" decoding=\"async\" src=\"https:\/\/www.reseau-entreprendre.org\/isere\/wp-content\/uploads\/sites\/29\/2019\/04\/JS-Automation.jpg\" alt=\"Patrick Boissat et Benoit Sauvage, laur\u00e9ats 2019\" width=\"250\" height=\"250\" \/><span class=\"su-custom-gallery-title\">Patrick Boissat et Benoit Sauvage, laur\u00e9ats 2019<\/span><\/a><\/div><div class=\"su-custom-gallery-slide\" style=\"width:250px;height:250px\"><a href=\"https:\/\/www.reseau-entreprendre.org\/isere\/2019\/04\/12\/reprise-ecco-bat-services\/\" target=\"_blank\" title=\"Martin Goudable, laur\u00e9at 2019\"><img loading=\"lazy\" decoding=\"async\" src=\"https:\/\/www.reseau-entreprendre.org\/isere\/wp-content\/uploads\/sites\/29\/2019\/04\/EBS.jpg\" alt=\"Martin Goudable, laur\u00e9at 2019\" width=\"250\" height=\"250\" \/><span class=\"su-custom-gallery-title\">Martin Goudable, laur\u00e9at 2019<\/span><\/a><\/div><div class=\"su-custom-gallery-slide\" style=\"width:250px;height:250px\"><a href=\"https:\/\/www.reseau-entreprendre.org\/isere\/2019\/04\/01\/creation-innovante-dahub\/\" target=\"_blank\" title=\"Damien Catala et Benjamin Briot, laur\u00e9ats 2019\"><img loading=\"lazy\" decoding=\"async\" src=\"https:\/\/www.reseau-entreprendre.org\/isere\/wp-content\/uploads\/sites\/29\/2019\/04\/Dahub_web.jpg\" alt=\"Damien Catala et Benjamin Briot, laur\u00e9ats 2019\" width=\"250\" height=\"250\" \/><span class=\"su-custom-gallery-title\">Damien Catala et Benjamin Briot, laur\u00e9ats 2019<\/span><\/a><\/div><div class=\"su-custom-gallery-slide\" style=\"width:250px;height:250px\"><a href=\"https:\/\/www.reseau-entreprendre.org\/isere\/2019\/03\/22\/creation-biocoop\/\" target=\"_blank\" title=\"Jonathan Duminy et C\u00e9dric Forel, laur\u00e9ats 2019\"><img loading=\"lazy\" decoding=\"async\" src=\"https:\/\/www.reseau-entreprendre.org\/isere\/wp-content\/uploads\/sites\/29\/2019\/03\/Biocoop_v3-web.jpg\" alt=\"Jonathan Duminy et C\u00e9dric Forel, laur\u00e9ats 2019\" width=\"250\" height=\"250\" \/><span class=\"su-custom-gallery-title\">Jonathan Duminy et C\u00e9dric Forel, laur\u00e9ats 2019<\/span><\/a><\/div><div class=\"su-custom-gallery-slide\" style=\"width:250px;height:250px\"><a href=\"https:\/\/www.reseau-entreprendre.org\/isere\/2019\/03\/08\/reprise-texabri\/\" target=\"_blank\" title=\"Thomas Perrin, laur\u00e9at 2019\"><img loading=\"lazy\" decoding=\"async\" src=\"https:\/\/www.reseau-entreprendre.org\/isere\/wp-content\/uploads\/sites\/29\/2019\/03\/Texabri-4.jpg\" alt=\"Thomas Perrin, laur\u00e9at 2019\" width=\"250\" height=\"250\" \/><span class=\"su-custom-gallery-title\">Thomas Perrin, laur\u00e9at 2019<\/span><\/a><\/div><div class=\"su-custom-gallery-slide\" style=\"width:250px;height:250px\"><a href=\"https:\/\/www.reseau-entreprendre.org\/isere\/2019\/02\/15\/premier-laureat-2019\/\" target=\"_blank\" title=\"Benjamin Guinot et Jean-Luc Picot, laur\u00e9ats 2019\"><img loading=\"lazy\" decoding=\"async\" src=\"https:\/\/www.reseau-entreprendre.org\/isere\/wp-content\/uploads\/sites\/29\/2019\/02\/seed-energy.jpg\" alt=\"Benjamin Guinot et Jean-Luc Picot, laur\u00e9ats 2019\" width=\"250\" height=\"250\" \/><span class=\"su-custom-gallery-title\">Benjamin Guinot et Jean-Luc Picot, laur\u00e9ats 2019<\/span><\/a><\/div><div class=\"su-clear\"><\/div><\/div>\n","protected":false},"excerpt":{"rendered":"<p>Les Laur\u00e9ats 2023<\/p>\n","protected":false},"author":30,"featured_media":0,"parent":0,"menu_order":0,"comment_status":"closed","ping_status":"closed","template":"","meta":{"_acf_changed":false,"_monsterinsights_skip_tracking":false,"_monsterinsights_sitenote_active":false,"_monsterinsights_sitenote_note":"","_monsterinsights_sitenote_category":0,"footnotes":""},"class_list":["post-1377","page","type-page","status-publish","hentry"],"acf":[],"yoast_head":"<!-- This site is optimized with the Yoast SEO plugin v27.4 - https:\/\/yoast.com\/product\/yoast-seo-wordpress\/ -->\n<title>Nos laur\u00e9ats | Reseau Entreprendre Is\u00e8re<\/title>\n<meta name=\"description\" content=\"D\u00e9couvrez les chefs d&#039;entreprises, laur\u00e9ats, membres b\u00e9n\u00e9voles et partenaires qui composent la communaut\u00e9 R\u00e9seau Entreprendre Is\u00e8re\" \/>\n<meta name=\"robots\" content=\"index, follow, max-snippet:-1, max-image-preview:large, max-video-preview:-1\" \/>\n<link rel=\"canonical\" href=\"https:\/\/www.reseau-entreprendre.org\/isere\/laureats-2019\/\" \/>\n<meta property=\"og:locale\" content=\"fr_FR\" \/>\n<meta property=\"og:type\" content=\"article\" \/>\n<meta property=\"og:title\" content=\"Nos laur\u00e9ats | Reseau Entreprendre Is\u00e8re\" \/>\n<meta property=\"og:description\" content=\"D\u00e9couvrez les chefs d&#039;entreprises, laur\u00e9ats, membres b\u00e9n\u00e9voles et partenaires qui composent la communaut\u00e9 R\u00e9seau Entreprendre Is\u00e8re\" \/>\n<meta property=\"og:url\" content=\"https:\/\/www.reseau-entreprendre.org\/isere\/laureats-2019\/\" \/>\n<meta property=\"og:site_name\" content=\"R\u00e9seau Entreprendre Is\u00e8re\" \/>\n<meta property=\"article:modified_time\" content=\"2024-09-02T12:40:42+00:00\" \/>\n<meta name=\"twitter:card\" content=\"summary_large_image\" \/>\n<meta name=\"twitter:label1\" content=\"Dur\u00e9e de lecture estim\u00e9e\" \/>\n\t<meta name=\"twitter:data1\" content=\"1 minute\" \/>\n<script type=\"application\/ld+json\" class=\"yoast-schema-graph\">{\"@context\":\"https:\\\/\\\/schema.org\",\"@graph\":[{\"@type\":\"WebPage\",\"@id\":\"https:\\\/\\\/www.reseau-entreprendre.org\\\/isere\\\/laureats-2019\\\/\",\"url\":\"https:\\\/\\\/www.reseau-entreprendre.org\\\/isere\\\/laureats-2019\\\/\",\"name\":\"Nos laur\u00e9ats | Reseau Entreprendre Is\u00e8re\",\"isPartOf\":{\"@id\":\"https:\\\/\\\/www.reseau-entreprendre.org\\\/isere\\\/#website\"},\"datePublished\":\"2019-06-14T13:22:44+00:00\",\"dateModified\":\"2024-09-02T12:40:42+00:00\",\"description\":\"D\u00e9couvrez les chefs d'entreprises, laur\u00e9ats, membres b\u00e9n\u00e9voles et partenaires qui composent la communaut\u00e9 R\u00e9seau Entreprendre Is\u00e8re\",\"breadcrumb\":{\"@id\":\"https:\\\/\\\/www.reseau-entreprendre.org\\\/isere\\\/laureats-2019\\\/#breadcrumb\"},\"inLanguage\":\"fr-FR\",\"potentialAction\":[{\"@type\":\"ReadAction\",\"target\":[\"https:\\\/\\\/www.reseau-entreprendre.org\\\/isere\\\/laureats-2019\\\/\"]}]},{\"@type\":\"BreadcrumbList\",\"@id\":\"https:\\\/\\\/www.reseau-entreprendre.org\\\/isere\\\/laureats-2019\\\/#breadcrumb\",\"itemListElement\":[{\"@type\":\"ListItem\",\"position\":1,\"name\":\"Accueil\",\"item\":\"https:\\\/\\\/www.reseau-entreprendre.org\\\/isere\\\/\"},{\"@type\":\"ListItem\",\"position\":2,\"name\":\"Promotion 2023\"}]},{\"@type\":\"WebSite\",\"@id\":\"https:\\\/\\\/www.reseau-entreprendre.org\\\/isere\\\/#website\",\"url\":\"https:\\\/\\\/www.reseau-entreprendre.org\\\/isere\\\/\",\"name\":\"R\u00e9seau Entreprendre Is\u00e8re\",\"description\":\"Un site utilisant Les sites de R\u00e9seau Entreprendre\",\"potentialAction\":[{\"@type\":\"SearchAction\",\"target\":{\"@type\":\"EntryPoint\",\"urlTemplate\":\"https:\\\/\\\/www.reseau-entreprendre.org\\\/isere\\\/?s={search_term_string}\"},\"query-input\":{\"@type\":\"PropertyValueSpecification\",\"valueRequired\":true,\"valueName\":\"search_term_string\"}}],\"inLanguage\":\"fr-FR\"}]}<\/script>\n<!-- \/ Yoast SEO plugin. -->","yoast_head_json":{"title":"Nos laur\u00e9ats | Reseau Entreprendre Is\u00e8re","description":"D\u00e9couvrez les chefs d'entreprises, laur\u00e9ats, membres b\u00e9n\u00e9voles et partenaires qui composent la communaut\u00e9 R\u00e9seau Entreprendre Is\u00e8re","robots":{"index":"index","follow":"follow","max-snippet":"max-snippet:-1","max-image-preview":"max-image-preview:large","max-video-preview":"max-video-preview:-1"},"canonical":"https:\/\/www.reseau-entreprendre.org\/isere\/laureats-2019\/","og_locale":"fr_FR","og_type":"article","og_title":"Nos laur\u00e9ats | Reseau Entreprendre Is\u00e8re","og_description":"D\u00e9couvrez les chefs d'entreprises, laur\u00e9ats, membres b\u00e9n\u00e9voles et partenaires qui composent la communaut\u00e9 R\u00e9seau Entreprendre Is\u00e8re","og_url":"https:\/\/www.reseau-entreprendre.org\/isere\/laureats-2019\/","og_site_name":"R\u00e9seau Entreprendre Is\u00e8re","article_modified_time":"2024-09-02T12:40:42+00:00","twitter_card":"summary_large_image","twitter_misc":{"Dur\u00e9e de lecture estim\u00e9e":"1 minute"},"schema":{"@context":"https:\/\/schema.org","@graph":[{"@type":"WebPage","@id":"https:\/\/www.reseau-entreprendre.org\/isere\/laureats-2019\/","url":"https:\/\/www.reseau-entreprendre.org\/isere\/laureats-2019\/","name":"Nos laur\u00e9ats | Reseau Entreprendre Is\u00e8re","isPartOf":{"@id":"https:\/\/www.reseau-entreprendre.org\/isere\/#website"},"datePublished":"2019-06-14T13:22:44+00:00","dateModified":"2024-09-02T12:40:42+00:00","description":"D\u00e9couvrez les chefs d'entreprises, laur\u00e9ats, membres b\u00e9n\u00e9voles et partenaires qui composent la communaut\u00e9 R\u00e9seau Entreprendre Is\u00e8re","breadcrumb":{"@id":"https:\/\/www.reseau-entreprendre.org\/isere\/laureats-2019\/#breadcrumb"},"inLanguage":"fr-FR","potentialAction":[{"@type":"ReadAction","target":["https:\/\/www.reseau-entreprendre.org\/isere\/laureats-2019\/"]}]},{"@type":"BreadcrumbList","@id":"https:\/\/www.reseau-entreprendre.org\/isere\/laureats-2019\/#breadcrumb","itemListElement":[{"@type":"ListItem","position":1,"name":"Accueil","item":"https:\/\/www.reseau-entreprendre.org\/isere\/"},{"@type":"ListItem","position":2,"name":"Promotion 2023"}]},{"@type":"WebSite","@id":"https:\/\/www.reseau-entreprendre.org\/isere\/#website","url":"https:\/\/www.reseau-entreprendre.org\/isere\/","name":"R\u00e9seau Entreprendre Is\u00e8re","description":"Un site utilisant Les sites de R\u00e9seau Entreprendre","potentialAction":[{"@type":"SearchAction","target":{"@type":"EntryPoint","urlTemplate":"https:\/\/www.reseau-entreprendre.org\/isere\/?s={search_term_string}"},"query-input":{"@type":"PropertyValueSpecification","valueRequired":true,"valueName":"search_term_string"}}],"inLanguage":"fr-FR"}]}},"_links":{"self":[{"href":"https:\/\/www.reseau-entreprendre.org\/isere\/wp-json\/wp\/v2\/pages\/1377","targetHints":{"allow":["GET"]}}],"collection":[{"href":"https:\/\/www.reseau-entreprendre.org\/isere\/wp-json\/wp\/v2\/pages"}],"about":[{"href":"https:\/\/www.reseau-entreprendre.org\/isere\/wp-json\/wp\/v2\/types\/page"}],"author":[{"embeddable":true,"href":"https:\/\/www.reseau-entreprendre.org\/isere\/wp-json\/wp\/v2\/users\/30"}],"replies":[{"embeddable":true,"href":"https:\/\/www.reseau-entreprendre.org\/isere\/wp-json\/wp\/v2\/comments?post=1377"}],"version-history":[{"count":0,"href":"https:\/\/www.reseau-entreprendre.org\/isere\/wp-json\/wp\/v2\/pages\/1377\/revisions"}],"wp:attachment":[{"href":"https:\/\/www.reseau-entreprendre.org\/isere\/wp-json\/wp\/v2\/media?parent=1377"}],"curies":[{"name":"wp","href":"https:\/\/api.w.org\/{rel}","templated":true}]}}