{"id":17,"date":"2017-04-28T12:34:01","date_gmt":"2017-04-28T10:34:01","guid":{"rendered":"http:\/\/re-preprod-entreprendre.fr\/isere\/?page_id=17"},"modified":"2024-09-10T14:50:21","modified_gmt":"2024-09-10T12:50:21","slug":"soutenir","status":"publish","type":"page","link":"https:\/\/www.reseau-entreprendre.org\/isere\/soutenir\/","title":{"rendered":"Soutenir"},"content":{"rendered":"\n<h2 class=\"wp-block-heading\"><strong><img loading=\"lazy\" decoding=\"async\" class=\"wp-image-2237 alignright\" src=\"https:\/\/www.reseau-entreprendre.org\/isere\/wp-content\/uploads\/sites\/29\/2021\/06\/Sans-titre-2-4.png\" alt=\"\" width=\"217\" height=\"217\" srcset=\"https:\/\/www.reseau-entreprendre.org\/isere\/wp-content\/uploads\/sites\/29\/2021\/06\/Sans-titre-2-4.png 500w, https:\/\/www.reseau-entreprendre.org\/isere\/wp-content\/uploads\/sites\/29\/2021\/06\/Sans-titre-2-4-300x300.png 300w, https:\/\/www.reseau-entreprendre.org\/isere\/wp-content\/uploads\/sites\/29\/2021\/06\/Sans-titre-2-4-150x150.png 150w\" sizes=\"auto, (max-width: 217px) 100vw, 217px\" \/><\/strong><\/h2>\n\n\n\n<h2 class=\"wp-block-heading\"><strong>Vous souhaitez soutenir notre r\u00e9seau \u00e0 votre mani\u00e8re<\/strong>&nbsp;<strong>?&nbsp;<\/strong><\/h2>\n\n\n\n<h2 class=\"wp-block-heading\">Plusieurs options s&#8217;offrent \u00e0 vous !<\/h2>\n\n\n\n<hr class=\"wp-block-separator has-css-opacity\" \/>\n\n\n\n<h2 class=\"wp-block-heading\"><span style=\"font-size: 28px;color: #d70635\">Votre objectif : participer au d\u00e9veloppement \u00e9conomique de votre territoire<\/span><\/h2>\n\n\n\n<p><span style=\"color: #676767\">Souhaitez-vous rencontrer les entreprises de votre territoire lors de nos \u00e9v\u00e8nements ? Communiquer sur vos savoir-faire aupr\u00e8s des chefs d\u2019entreprise, d\u2019acteurs \u00e9conomiques locaux et des \u00e9tudiants ? Participer au d\u00e9veloppement des entreprises locales pour une activit\u00e9 \u00e9conomique accrue ? Confirmer la place de votre organisation aupr\u00e8s des PME-PMI de la r\u00e9gion ?<\/span><\/p>\n\n\n\n<p><span style=\"color: #ff971d\"><strong>Devenez partenaire, sponsor ou encore m\u00e9c\u00e8ne de l\u2019association<\/strong><\/span> <span style=\"color: #676767\">: nous construisons avec vous la solution adapt\u00e9e \u00e0 vos attentes !<\/span><\/p>\n\n\n\n<div class=\"wp-block-buttons is-horizontal is-content-justification-center is-layout-flex wp-container-core-buttons-is-layout-499968f5 wp-block-buttons-is-layout-flex\">\n<div class=\"wp-block-button is-style-fill\"><a class=\"wp-block-button__link has-re-yellow-background-color has-background wp-element-button\" href=\"https:\/\/www.reseau-entreprendre.org\/isere\/formulaire-partenaire\/\" target=\"_blank\" rel=\"noreferrer noopener\">VOUS SOUHAITEZ NOUS SOUTENIR ?<\/a><\/div>\n<\/div>\n\n\n\n<p class=\"has-text-align-center\"><\/p>\n\n\n<div class=\"wp-block-image wp-image-2161\">\n<figure class=\"aligncenter size-large is-resized\"><img loading=\"lazy\" decoding=\"async\" width=\"1024\" height=\"683\" src=\"https:\/\/www.reseau-entreprendre.org\/isere\/wp-content\/uploads\/sites\/29\/2022\/05\/Re\u0301seau-Entreprendre-reportage-seminaire-@PERCEPTIOM-39-1024x683.jpg\" alt=\"\" class=\"wp-image-3132\" style=\"width:727px;height:485px\" srcset=\"https:\/\/www.reseau-entreprendre.org\/isere\/wp-content\/uploads\/sites\/29\/2022\/05\/Re\u0301seau-Entreprendre-reportage-seminaire-@PERCEPTIOM-39-1024x683.jpg 1024w, https:\/\/www.reseau-entreprendre.org\/isere\/wp-content\/uploads\/sites\/29\/2022\/05\/Re\u0301seau-Entreprendre-reportage-seminaire-@PERCEPTIOM-39-300x200.jpg 300w, https:\/\/www.reseau-entreprendre.org\/isere\/wp-content\/uploads\/sites\/29\/2022\/05\/Re\u0301seau-Entreprendre-reportage-seminaire-@PERCEPTIOM-39-768x512.jpg 768w, https:\/\/www.reseau-entreprendre.org\/isere\/wp-content\/uploads\/sites\/29\/2022\/05\/Re\u0301seau-Entreprendre-reportage-seminaire-@PERCEPTIOM-39-391x260.jpg 391w, https:\/\/www.reseau-entreprendre.org\/isere\/wp-content\/uploads\/sites\/29\/2022\/05\/Re\u0301seau-Entreprendre-reportage-seminaire-@PERCEPTIOM-39-1536x1024.jpg 1536w, https:\/\/www.reseau-entreprendre.org\/isere\/wp-content\/uploads\/sites\/29\/2022\/05\/Re\u0301seau-Entreprendre-reportage-seminaire-@PERCEPTIOM-39-2048x1365.jpg 2048w, https:\/\/www.reseau-entreprendre.org\/isere\/wp-content\/uploads\/sites\/29\/2022\/05\/Re\u0301seau-Entreprendre-reportage-seminaire-@PERCEPTIOM-39-195x130.jpg 195w\" sizes=\"auto, (max-width: 1024px) 100vw, 1024px\" \/><figcaption class=\"wp-element-caption\">Nos laur\u00e9ats au week-end d&#8217;int\u00e9gration de la promotion 2021<\/figcaption><\/figure>\n<\/div>\n\n\n<hr class=\"wp-block-separator has-css-opacity\" \/>\n\n\n\n<h2 class=\"wp-block-heading\"><span style=\"font-size: 28px;color: #d70635\">Un r\u00e9seau 100% chefs d&#8217;entreprises<\/span><\/h2>\n\n\n\n<p><span style=\"color: #000000\"><span style=\"color: #676767\">En devenant partenaire de R\u00e9seau Entreprendre\u00ae Is\u00e8re, vous acc\u00e9dez \u00e0 un r\u00e9seau incontournable dans les milieux \u00e9conomiques et institutionnels locaux. Vous entrez en contact avec des chefs d&#8217;entreprises engag\u00e9s, mais aussi les futurs dirigeants de PME et ETI de demain. C&#8217;est l&#8217;opportunit\u00e9 d&#8217;entrer en contact avec plus de<\/span><span style=\"font-size: 21px;color: #ff971d\"><strong> 250 chefs d&#8217;entreprises<\/strong><\/span> <span style=\"color: #676767\">membres de notre r\u00e9seau.<\/span><\/span><\/p>\n\n\n\n<hr class=\"wp-block-separator has-css-opacity\" \/>\n\n\n\n<h2 class=\"wp-block-heading\"><span style=\"font-size: 28px;color: #d70635\">Nos solutions&nbsp;<\/span><\/h2>\n\n\n\n<p><span style=\"color: #676767\">Int\u00e9grer R\u00e9seau Entreprendre\u00ae Is\u00e8re, c\u2019est vous donner l\u2019opportunit\u00e9 d&#8217;avoir acc\u00e8s \u00e0 un<\/span><span style=\"font-size: 18px\"><strong><span style=\"color: #ff971d\"> programme sur mesure<\/span><\/strong><\/span> <span style=\"color: #676767\">adapt\u00e9 \u00e0 votre organisation et de :<\/span><\/p>\n\n\n\n<ul class=\"wp-block-list\">\n<li><span style=\"color: #676767\"><strong>Participer \u00e0 un r\u00e9seau dynamique<\/strong> de plus de 250 chefs d&#8217;entreprise engag\u00e9s. Rencontrer des porteurs de projet, cr\u00e9ateurs, repreneurs ou encore d\u00e9veloppeurs de PME sur votre d\u00e9partement pour les aider \u00e0 construire leur projet, participer au comit\u00e9 d\u2019engagement pour \u00e9lire les entrepreneurs accompagn\u00e9s de demain ou bien intervenir lors de clubs collectifs pour pr\u00e9senter vos expertises. D\u00e9couvrir de nouveaux m\u00e9tiers, de nouveaux secteurs et \u00eatre toujours \u00e0 la pointe des derni\u00e8res tendances ! Vos cadres et vous-m\u00eames reviendront riches de cette exp\u00e9rience pour nourrir leur propre vie professionnelle.<\/span><\/li>\n\n\n\n<li><span style=\"color: #676767\"><strong>Communiquer sur vos savoir-faire<\/strong> au travers de rencontres organis\u00e9es par l\u2019association. Pr\u00e9sentez-vous lors de nos rencontres ou via plus de 80 articles de presses parus chaque ann\u00e9e.<\/span><\/li>\n\n\n\n<li><span style=\"color: #676767\"><strong>\u00c9changer avec des chefs d\u2019entreprise<\/strong>. Cela vous permettra d\u2019apprendre de leurs besoins et attentes, mais \u00e9galement de faire vivre les valeurs entrepreneuriales \u00e0 vos \u00e9quipes au travers de rencontres conviviales. De multiples \u00e9v\u00e8nements et rencontres r\u00e9seaux sont organis\u00e9s chaque ann\u00e9e.<\/span><\/li>\n<\/ul>\n\n\n\n<p class=\"has-text-align-center\"><img decoding=\"async\" style=\"width: 750px\" src=\"https:\/\/www.reseau-entreprendre.org\/isere\/wp-content\/uploads\/sites\/29\/2022\/06\/merci-bruno-scaled.jpg\" alt=\"\"><\/p>\n","protected":false},"excerpt":{"rendered":"<p>Vous souhaitez soutenir notre r\u00e9seau \u00e0 votre mani\u00e8re&nbsp;?&nbsp; Plusieurs options<\/p>\n","protected":false},"author":30,"featured_media":0,"parent":0,"menu_order":0,"comment_status":"closed","ping_status":"closed","template":"","meta":{"_acf_changed":false,"_monsterinsights_skip_tracking":false,"_monsterinsights_sitenote_active":false,"_monsterinsights_sitenote_note":"","_monsterinsights_sitenote_category":0,"footnotes":""},"class_list":["post-17","page","type-page","status-publish","hentry"],"acf":[],"yoast_head":"<!-- This site is optimized with the Yoast SEO plugin v27.4 - https:\/\/yoast.com\/product\/yoast-seo-wordpress\/ -->\n<title>Soutenir | Reseau Entreprendre Is\u00e8re<\/title>\n<meta name=\"description\" content=\"Partenaire, vous souhaitez soutenir un r\u00e9seau 100% chefs d&#039;entreprise ? Rejoignez R\u00e9seau Entreprendre Is\u00e8re\" \/>\n<meta name=\"robots\" content=\"index, follow, max-snippet:-1, max-image-preview:large, max-video-preview:-1\" \/>\n<link rel=\"canonical\" href=\"https:\/\/www.reseau-entreprendre.org\/isere\/soutenir\/\" \/>\n<meta property=\"og:locale\" content=\"fr_FR\" \/>\n<meta property=\"og:type\" content=\"article\" \/>\n<meta property=\"og:title\" content=\"Soutenir | Reseau Entreprendre Is\u00e8re\" \/>\n<meta property=\"og:description\" content=\"Partenaire, vous souhaitez soutenir un r\u00e9seau 100% chefs d&#039;entreprise ? Rejoignez R\u00e9seau Entreprendre Is\u00e8re\" \/>\n<meta property=\"og:url\" content=\"https:\/\/www.reseau-entreprendre.org\/isere\/soutenir\/\" \/>\n<meta property=\"og:site_name\" content=\"R\u00e9seau Entreprendre Is\u00e8re\" \/>\n<meta property=\"article:modified_time\" content=\"2024-09-10T12:50:21+00:00\" \/>\n<meta property=\"og:image\" content=\"https:\/\/www.reseau-entreprendre.org\/isere\/wp-content\/uploads\/sites\/29\/2021\/06\/Sans-titre-2-4.png\" \/>\n<meta name=\"twitter:card\" content=\"summary_large_image\" \/>\n<meta name=\"twitter:label1\" content=\"Dur\u00e9e de lecture estim\u00e9e\" \/>\n\t<meta name=\"twitter:data1\" content=\"3 minutes\" \/>\n<script type=\"application\/ld+json\" class=\"yoast-schema-graph\">{\"@context\":\"https:\\\/\\\/schema.org\",\"@graph\":[{\"@type\":\"WebPage\",\"@id\":\"https:\\\/\\\/www.reseau-entreprendre.org\\\/isere\\\/soutenir\\\/\",\"url\":\"https:\\\/\\\/www.reseau-entreprendre.org\\\/isere\\\/soutenir\\\/\",\"name\":\"Soutenir | Reseau Entreprendre Is\u00e8re\",\"isPartOf\":{\"@id\":\"https:\\\/\\\/www.reseau-entreprendre.org\\\/isere\\\/#website\"},\"primaryImageOfPage\":{\"@id\":\"https:\\\/\\\/www.reseau-entreprendre.org\\\/isere\\\/soutenir\\\/#primaryimage\"},\"image\":{\"@id\":\"https:\\\/\\\/www.reseau-entreprendre.org\\\/isere\\\/soutenir\\\/#primaryimage\"},\"thumbnailUrl\":\"https:\\\/\\\/www.reseau-entreprendre.org\\\/isere\\\/wp-content\\\/uploads\\\/sites\\\/29\\\/2021\\\/06\\\/Sans-titre-2-4.png\",\"datePublished\":\"2017-04-28T10:34:01+00:00\",\"dateModified\":\"2024-09-10T12:50:21+00:00\",\"description\":\"Partenaire, vous souhaitez soutenir un r\u00e9seau 100% chefs d'entreprise ? Rejoignez R\u00e9seau Entreprendre Is\u00e8re\",\"breadcrumb\":{\"@id\":\"https:\\\/\\\/www.reseau-entreprendre.org\\\/isere\\\/soutenir\\\/#breadcrumb\"},\"inLanguage\":\"fr-FR\",\"potentialAction\":[{\"@type\":\"ReadAction\",\"target\":[\"https:\\\/\\\/www.reseau-entreprendre.org\\\/isere\\\/soutenir\\\/\"]}]},{\"@type\":\"ImageObject\",\"inLanguage\":\"fr-FR\",\"@id\":\"https:\\\/\\\/www.reseau-entreprendre.org\\\/isere\\\/soutenir\\\/#primaryimage\",\"url\":\"https:\\\/\\\/www.reseau-entreprendre.org\\\/isere\\\/wp-content\\\/uploads\\\/sites\\\/29\\\/2021\\\/06\\\/Sans-titre-2-4.png\",\"contentUrl\":\"https:\\\/\\\/www.reseau-entreprendre.org\\\/isere\\\/wp-content\\\/uploads\\\/sites\\\/29\\\/2021\\\/06\\\/Sans-titre-2-4.png\",\"width\":500,\"height\":500},{\"@type\":\"BreadcrumbList\",\"@id\":\"https:\\\/\\\/www.reseau-entreprendre.org\\\/isere\\\/soutenir\\\/#breadcrumb\",\"itemListElement\":[{\"@type\":\"ListItem\",\"position\":1,\"name\":\"Accueil\",\"item\":\"https:\\\/\\\/www.reseau-entreprendre.org\\\/isere\\\/\"},{\"@type\":\"ListItem\",\"position\":2,\"name\":\"Soutenir\"}]},{\"@type\":\"WebSite\",\"@id\":\"https:\\\/\\\/www.reseau-entreprendre.org\\\/isere\\\/#website\",\"url\":\"https:\\\/\\\/www.reseau-entreprendre.org\\\/isere\\\/\",\"name\":\"R\u00e9seau Entreprendre Is\u00e8re\",\"description\":\"Un site utilisant Les sites de R\u00e9seau Entreprendre\",\"potentialAction\":[{\"@type\":\"SearchAction\",\"target\":{\"@type\":\"EntryPoint\",\"urlTemplate\":\"https:\\\/\\\/www.reseau-entreprendre.org\\\/isere\\\/?s={search_term_string}\"},\"query-input\":{\"@type\":\"PropertyValueSpecification\",\"valueRequired\":true,\"valueName\":\"search_term_string\"}}],\"inLanguage\":\"fr-FR\"}]}<\/script>\n<!-- \/ Yoast SEO plugin. -->","yoast_head_json":{"title":"Soutenir | Reseau Entreprendre Is\u00e8re","description":"Partenaire, vous souhaitez soutenir un r\u00e9seau 100% chefs d'entreprise ? Rejoignez R\u00e9seau Entreprendre Is\u00e8re","robots":{"index":"index","follow":"follow","max-snippet":"max-snippet:-1","max-image-preview":"max-image-preview:large","max-video-preview":"max-video-preview:-1"},"canonical":"https:\/\/www.reseau-entreprendre.org\/isere\/soutenir\/","og_locale":"fr_FR","og_type":"article","og_title":"Soutenir | Reseau Entreprendre Is\u00e8re","og_description":"Partenaire, vous souhaitez soutenir un r\u00e9seau 100% chefs d'entreprise ? Rejoignez R\u00e9seau Entreprendre Is\u00e8re","og_url":"https:\/\/www.reseau-entreprendre.org\/isere\/soutenir\/","og_site_name":"R\u00e9seau Entreprendre Is\u00e8re","article_modified_time":"2024-09-10T12:50:21+00:00","og_image":[{"url":"https:\/\/www.reseau-entreprendre.org\/isere\/wp-content\/uploads\/sites\/29\/2021\/06\/Sans-titre-2-4.png","type":"","width":"","height":""}],"twitter_card":"summary_large_image","twitter_misc":{"Dur\u00e9e de lecture estim\u00e9e":"3 minutes"},"schema":{"@context":"https:\/\/schema.org","@graph":[{"@type":"WebPage","@id":"https:\/\/www.reseau-entreprendre.org\/isere\/soutenir\/","url":"https:\/\/www.reseau-entreprendre.org\/isere\/soutenir\/","name":"Soutenir | Reseau Entreprendre Is\u00e8re","isPartOf":{"@id":"https:\/\/www.reseau-entreprendre.org\/isere\/#website"},"primaryImageOfPage":{"@id":"https:\/\/www.reseau-entreprendre.org\/isere\/soutenir\/#primaryimage"},"image":{"@id":"https:\/\/www.reseau-entreprendre.org\/isere\/soutenir\/#primaryimage"},"thumbnailUrl":"https:\/\/www.reseau-entreprendre.org\/isere\/wp-content\/uploads\/sites\/29\/2021\/06\/Sans-titre-2-4.png","datePublished":"2017-04-28T10:34:01+00:00","dateModified":"2024-09-10T12:50:21+00:00","description":"Partenaire, vous souhaitez soutenir un r\u00e9seau 100% chefs d'entreprise ? Rejoignez R\u00e9seau Entreprendre Is\u00e8re","breadcrumb":{"@id":"https:\/\/www.reseau-entreprendre.org\/isere\/soutenir\/#breadcrumb"},"inLanguage":"fr-FR","potentialAction":[{"@type":"ReadAction","target":["https:\/\/www.reseau-entreprendre.org\/isere\/soutenir\/"]}]},{"@type":"ImageObject","inLanguage":"fr-FR","@id":"https:\/\/www.reseau-entreprendre.org\/isere\/soutenir\/#primaryimage","url":"https:\/\/www.reseau-entreprendre.org\/isere\/wp-content\/uploads\/sites\/29\/2021\/06\/Sans-titre-2-4.png","contentUrl":"https:\/\/www.reseau-entreprendre.org\/isere\/wp-content\/uploads\/sites\/29\/2021\/06\/Sans-titre-2-4.png","width":500,"height":500},{"@type":"BreadcrumbList","@id":"https:\/\/www.reseau-entreprendre.org\/isere\/soutenir\/#breadcrumb","itemListElement":[{"@type":"ListItem","position":1,"name":"Accueil","item":"https:\/\/www.reseau-entreprendre.org\/isere\/"},{"@type":"ListItem","position":2,"name":"Soutenir"}]},{"@type":"WebSite","@id":"https:\/\/www.reseau-entreprendre.org\/isere\/#website","url":"https:\/\/www.reseau-entreprendre.org\/isere\/","name":"R\u00e9seau Entreprendre Is\u00e8re","description":"Un site utilisant Les sites de R\u00e9seau Entreprendre","potentialAction":[{"@type":"SearchAction","target":{"@type":"EntryPoint","urlTemplate":"https:\/\/www.reseau-entreprendre.org\/isere\/?s={search_term_string}"},"query-input":{"@type":"PropertyValueSpecification","valueRequired":true,"valueName":"search_term_string"}}],"inLanguage":"fr-FR"}]}},"_links":{"self":[{"href":"https:\/\/www.reseau-entreprendre.org\/isere\/wp-json\/wp\/v2\/pages\/17","targetHints":{"allow":["GET"]}}],"collection":[{"href":"https:\/\/www.reseau-entreprendre.org\/isere\/wp-json\/wp\/v2\/pages"}],"about":[{"href":"https:\/\/www.reseau-entreprendre.org\/isere\/wp-json\/wp\/v2\/types\/page"}],"author":[{"embeddable":true,"href":"https:\/\/www.reseau-entreprendre.org\/isere\/wp-json\/wp\/v2\/users\/30"}],"replies":[{"embeddable":true,"href":"https:\/\/www.reseau-entreprendre.org\/isere\/wp-json\/wp\/v2\/comments?post=17"}],"version-history":[{"count":0,"href":"https:\/\/www.reseau-entreprendre.org\/isere\/wp-json\/wp\/v2\/pages\/17\/revisions"}],"wp:attachment":[{"href":"https:\/\/www.reseau-entreprendre.org\/isere\/wp-json\/wp\/v2\/media?parent=17"}],"curies":[{"name":"wp","href":"https:\/\/api.w.org\/{rel}","templated":true}]}}