{"id":3036,"date":"2022-03-30T16:02:46","date_gmt":"2022-03-30T14:02:46","guid":{"rendered":"https:\/\/www.reseau-entreprendre.org\/isere\/?page_id=3036"},"modified":"2025-07-22T15:34:33","modified_gmt":"2025-07-22T13:34:33","slug":"rapport-dactivite-2021","status":"publish","type":"page","link":"https:\/\/www.reseau-entreprendre.org\/isere\/rapport-dactivite-2021\/","title":{"rendered":"Rapports d&#8217;activit\u00e9"},"content":{"rendered":"\n<p><\/p>\n\n\n\n<p>D\u00e9couvrez ici les actualit\u00e9 de l&#8217;association !<\/p>\n\n\n\n<div style=\"height:100px\" aria-hidden=\"true\" class=\"wp-block-spacer\"><\/div>\n\n\n<div data-block_259b315648f4c2d02b93d7a7cfe540dc class=\"re-highlight-type-sticker alignauto\">\n  <div class=\"sticker__wrapper d-flex text-white justify-content-center justify-content-lg-start\">\n      <div class=\"sticker\" style=\"background-color:#f34f63\">\n        <div class=\"sticker__content\">\n          <h4>Rapport d&#039;activit\u00e9 2024<\/h4>\n          <hr>\n          <p>\n            (Re)d\u00e9couvrez en chiffres et en images les \u00e9v\u00e9nements qui ont marqu\u00e9 l\u2019ann\u00e9e, les 23 entrepreneurs qui ont v\u00e9cu le lancement de leur accompagnement, les statistiques cl\u00e9s et plus encore ! \r\nBonne lecture \u00e0 tous,\n          <\/p>\n        <\/div>\n        <div class=\"mb-4\">\n          <img decoding=\"async\" src=\"https:\/\/www.reseau-entreprendre.org\/isere\/wp-content\/themes\/reseau-entreprendre-v2\/dist\/images\/logo-white_a5d88e1d.png\"\/>\n        <\/div>  \n      <\/div> \n   \n  <\/div>\n\n  <div class=\"highlight-type__wrapper d-flex flex-column\">\n    <ul class=\"highlight-type__list pl-0 mb-0\">\n                        <li class=\"hightlight-item d-flex\">\n            <div class=\"hightlight-item__content\">\n                            \n                                          <div class=\"d-flex justify-content-end\">\n                <a class=\"btn text-white\" href=\"https:\/\/www.calameo.com\/books\/00729515502cb02184500#\" style=\"background-color:#f34f63\">\n                  Je d\u00e9couvre\n                <\/a>\n              <\/div>\n                          <\/div>\n          <\/li>\n                  <\/ul>\n    \n    <div class=\"highlight-type__nav w-100 d-flex justify-content-end  align-self-end\">\n      <div class=\"highlight-type__pagination align-self-center pr-3\">\n        <div class=\"\">\n            <span class=\"curr\" style=\"color:#f34f63;\"><\/span>\n            \/<span class=\"count\"><\/span>\n        <\/div>\n      <\/div>\n\n      <div class=\"highlight-type__prev slick-arrow text-white p-3\" style=\"background-color:#f34f63;filter: brightness(115%);\">\n        <svg class=\"icon d-block\" width=\"16\" height=\"28\" viewBox=\"0 0 16 28\" fill=\"none\" xmlns=\"http:\/\/www.w3.org\/2000\/svg\">\n<path d=\"M15 1L2 14L15 27\" stroke=\"currentColor\" stroke-width=\"1.8\"\/>\n<\/svg>      <\/div>\n      <div class=\"highlight-type__next slick-arrow text-white p-3\" style=\"background-color:#f34f63\">\n        <svg class=\"icon d-block\" width=\"16\" height=\"28\" viewBox=\"0 0 16 28\" fill=\"none\" xmlns=\"http:\/\/www.w3.org\/2000\/svg\">\n<path d=\"M1 1L14 14L1 27\" stroke=\"currentColor\" stroke-width=\"1.8\"\/>\n<\/svg>      <\/div>\n    <\/div>\n  <\/div>\n<\/div>\n\n\n<div data-block_96a31b97fa381d8e7cc8650f52b15155 class=\"re-highlight-type-sticker alignright\">\n  <div class=\"sticker__wrapper d-flex text-white justify-content-center justify-content-lg-start\">\n      <div class=\"sticker\" style=\"background-color:#ffbb61\">\n        <div class=\"sticker__content\">\n          <h4>Rapport d&#039;activit\u00e9 2023<\/h4>\n          <hr>\n          <p>\n            (Re)d\u00e9couvrez les 21 laur\u00e9ates et laur\u00e9ats qui composent la promotion 2023, les \u00e9v\u00e9nements qui ont rythm\u00e9e l&#8217;ann\u00e9e et bien plus encore !\r\nBonne lecture,\n          <\/p>\n        <\/div>\n        <div class=\"mb-4\">\n          <img decoding=\"async\" src=\"https:\/\/www.reseau-entreprendre.org\/isere\/wp-content\/themes\/reseau-entreprendre-v2\/dist\/images\/logo-white_a5d88e1d.png\"\/>\n        <\/div>  \n      <\/div> \n   \n  <\/div>\n\n  <div class=\"highlight-type__wrapper d-flex flex-column\">\n    <ul class=\"highlight-type__list pl-0 mb-0\">\n                        <li class=\"hightlight-item d-flex\">\n            <div class=\"hightlight-item__content\">\n                            \n                                          <div class=\"d-flex justify-content-end\">\n                <a class=\"btn text-white\" href=\"https:\/\/www.calameo.com\/read\/0072951556f9c1d6f77fe\" style=\"background-color:#ffbb61\">\n                  Je d\u00e9couvre\n                <\/a>\n              <\/div>\n                          <\/div>\n          <\/li>\n                  <\/ul>\n    \n    <div class=\"highlight-type__nav w-100 d-flex justify-content-end  align-self-end\">\n      <div class=\"highlight-type__pagination align-self-center pr-3\">\n        <div class=\"\">\n            <span class=\"curr\" style=\"color:#ffbb61;\"><\/span>\n            \/<span class=\"count\"><\/span>\n        <\/div>\n      <\/div>\n\n      <div class=\"highlight-type__prev slick-arrow text-white p-3\" style=\"background-color:#ffbb61;filter: brightness(115%);\">\n        <svg class=\"icon d-block\" width=\"16\" height=\"28\" viewBox=\"0 0 16 28\" fill=\"none\" xmlns=\"http:\/\/www.w3.org\/2000\/svg\">\n<path d=\"M15 1L2 14L15 27\" stroke=\"currentColor\" stroke-width=\"1.8\"\/>\n<\/svg>      <\/div>\n      <div class=\"highlight-type__next slick-arrow text-white p-3\" style=\"background-color:#ffbb61\">\n        <svg class=\"icon d-block\" width=\"16\" height=\"28\" viewBox=\"0 0 16 28\" fill=\"none\" xmlns=\"http:\/\/www.w3.org\/2000\/svg\">\n<path d=\"M1 1L14 14L1 27\" stroke=\"currentColor\" stroke-width=\"1.8\"\/>\n<\/svg>      <\/div>\n    <\/div>\n  <\/div>\n<\/div>\n\n\n\n<p><\/p>\n\n\n\n<p><\/p>\n\n\n\n<p><\/p>\n","protected":false},"excerpt":{"rendered":"<p>D\u00e9couvrez ici les actualit\u00e9 de l&#8217;association !<\/p>\n","protected":false},"author":169,"featured_media":0,"parent":0,"menu_order":0,"comment_status":"closed","ping_status":"closed","template":"","meta":{"_acf_changed":false,"_monsterinsights_skip_tracking":false,"_monsterinsights_sitenote_active":false,"_monsterinsights_sitenote_note":"","_monsterinsights_sitenote_category":0,"footnotes":""},"class_list":["post-3036","page","type-page","status-publish","hentry"],"acf":[],"yoast_head":"<!-- This site is optimized with the Yoast SEO plugin v27.4 - https:\/\/yoast.com\/product\/yoast-seo-wordpress\/ -->\n<title>Rapports d&#039;activit\u00e9 - R\u00e9seau Entreprendre Is\u00e8re<\/title>\n<meta name=\"robots\" content=\"index, follow, max-snippet:-1, max-image-preview:large, max-video-preview:-1\" \/>\n<link rel=\"canonical\" href=\"https:\/\/www.reseau-entreprendre.org\/isere\/rapport-dactivite-2021\/\" \/>\n<meta property=\"og:locale\" content=\"fr_FR\" \/>\n<meta property=\"og:type\" content=\"article\" \/>\n<meta property=\"og:title\" content=\"Rapports d&#039;activit\u00e9 - R\u00e9seau Entreprendre Is\u00e8re\" \/>\n<meta property=\"og:description\" content=\"D\u00e9couvrez ici les actualit\u00e9 de l&#8217;association !\" \/>\n<meta property=\"og:url\" content=\"https:\/\/www.reseau-entreprendre.org\/isere\/rapport-dactivite-2021\/\" \/>\n<meta property=\"og:site_name\" content=\"R\u00e9seau Entreprendre Is\u00e8re\" \/>\n<meta property=\"article:modified_time\" content=\"2025-07-22T13:34:33+00:00\" \/>\n<meta name=\"twitter:card\" content=\"summary_large_image\" \/>\n<meta name=\"twitter:label1\" content=\"Dur\u00e9e de lecture estim\u00e9e\" \/>\n\t<meta name=\"twitter:data1\" content=\"1 minute\" \/>\n<script type=\"application\/ld+json\" class=\"yoast-schema-graph\">{\"@context\":\"https:\\\/\\\/schema.org\",\"@graph\":[{\"@type\":\"WebPage\",\"@id\":\"https:\\\/\\\/www.reseau-entreprendre.org\\\/isere\\\/rapport-dactivite-2021\\\/\",\"url\":\"https:\\\/\\\/www.reseau-entreprendre.org\\\/isere\\\/rapport-dactivite-2021\\\/\",\"name\":\"Rapports d'activit\u00e9 - R\u00e9seau Entreprendre Is\u00e8re\",\"isPartOf\":{\"@id\":\"https:\\\/\\\/www.reseau-entreprendre.org\\\/isere\\\/#website\"},\"datePublished\":\"2022-03-30T14:02:46+00:00\",\"dateModified\":\"2025-07-22T13:34:33+00:00\",\"breadcrumb\":{\"@id\":\"https:\\\/\\\/www.reseau-entreprendre.org\\\/isere\\\/rapport-dactivite-2021\\\/#breadcrumb\"},\"inLanguage\":\"fr-FR\",\"potentialAction\":[{\"@type\":\"ReadAction\",\"target\":[\"https:\\\/\\\/www.reseau-entreprendre.org\\\/isere\\\/rapport-dactivite-2021\\\/\"]}]},{\"@type\":\"BreadcrumbList\",\"@id\":\"https:\\\/\\\/www.reseau-entreprendre.org\\\/isere\\\/rapport-dactivite-2021\\\/#breadcrumb\",\"itemListElement\":[{\"@type\":\"ListItem\",\"position\":1,\"name\":\"Accueil\",\"item\":\"https:\\\/\\\/www.reseau-entreprendre.org\\\/isere\\\/\"},{\"@type\":\"ListItem\",\"position\":2,\"name\":\"Rapports d&#8217;activit\u00e9\"}]},{\"@type\":\"WebSite\",\"@id\":\"https:\\\/\\\/www.reseau-entreprendre.org\\\/isere\\\/#website\",\"url\":\"https:\\\/\\\/www.reseau-entreprendre.org\\\/isere\\\/\",\"name\":\"R\u00e9seau Entreprendre Is\u00e8re\",\"description\":\"Un site utilisant Les sites de R\u00e9seau Entreprendre\",\"potentialAction\":[{\"@type\":\"SearchAction\",\"target\":{\"@type\":\"EntryPoint\",\"urlTemplate\":\"https:\\\/\\\/www.reseau-entreprendre.org\\\/isere\\\/?s={search_term_string}\"},\"query-input\":{\"@type\":\"PropertyValueSpecification\",\"valueRequired\":true,\"valueName\":\"search_term_string\"}}],\"inLanguage\":\"fr-FR\"}]}<\/script>\n<!-- \/ Yoast SEO plugin. -->","yoast_head_json":{"title":"Rapports d'activit\u00e9 - R\u00e9seau Entreprendre Is\u00e8re","robots":{"index":"index","follow":"follow","max-snippet":"max-snippet:-1","max-image-preview":"max-image-preview:large","max-video-preview":"max-video-preview:-1"},"canonical":"https:\/\/www.reseau-entreprendre.org\/isere\/rapport-dactivite-2021\/","og_locale":"fr_FR","og_type":"article","og_title":"Rapports d'activit\u00e9 - R\u00e9seau Entreprendre Is\u00e8re","og_description":"D\u00e9couvrez ici les actualit\u00e9 de l&#8217;association !","og_url":"https:\/\/www.reseau-entreprendre.org\/isere\/rapport-dactivite-2021\/","og_site_name":"R\u00e9seau Entreprendre Is\u00e8re","article_modified_time":"2025-07-22T13:34:33+00:00","twitter_card":"summary_large_image","twitter_misc":{"Dur\u00e9e de lecture estim\u00e9e":"1 minute"},"schema":{"@context":"https:\/\/schema.org","@graph":[{"@type":"WebPage","@id":"https:\/\/www.reseau-entreprendre.org\/isere\/rapport-dactivite-2021\/","url":"https:\/\/www.reseau-entreprendre.org\/isere\/rapport-dactivite-2021\/","name":"Rapports d'activit\u00e9 - R\u00e9seau Entreprendre Is\u00e8re","isPartOf":{"@id":"https:\/\/www.reseau-entreprendre.org\/isere\/#website"},"datePublished":"2022-03-30T14:02:46+00:00","dateModified":"2025-07-22T13:34:33+00:00","breadcrumb":{"@id":"https:\/\/www.reseau-entreprendre.org\/isere\/rapport-dactivite-2021\/#breadcrumb"},"inLanguage":"fr-FR","potentialAction":[{"@type":"ReadAction","target":["https:\/\/www.reseau-entreprendre.org\/isere\/rapport-dactivite-2021\/"]}]},{"@type":"BreadcrumbList","@id":"https:\/\/www.reseau-entreprendre.org\/isere\/rapport-dactivite-2021\/#breadcrumb","itemListElement":[{"@type":"ListItem","position":1,"name":"Accueil","item":"https:\/\/www.reseau-entreprendre.org\/isere\/"},{"@type":"ListItem","position":2,"name":"Rapports d&#8217;activit\u00e9"}]},{"@type":"WebSite","@id":"https:\/\/www.reseau-entreprendre.org\/isere\/#website","url":"https:\/\/www.reseau-entreprendre.org\/isere\/","name":"R\u00e9seau Entreprendre Is\u00e8re","description":"Un site utilisant Les sites de R\u00e9seau Entreprendre","potentialAction":[{"@type":"SearchAction","target":{"@type":"EntryPoint","urlTemplate":"https:\/\/www.reseau-entreprendre.org\/isere\/?s={search_term_string}"},"query-input":{"@type":"PropertyValueSpecification","valueRequired":true,"valueName":"search_term_string"}}],"inLanguage":"fr-FR"}]}},"_links":{"self":[{"href":"https:\/\/www.reseau-entreprendre.org\/isere\/wp-json\/wp\/v2\/pages\/3036","targetHints":{"allow":["GET"]}}],"collection":[{"href":"https:\/\/www.reseau-entreprendre.org\/isere\/wp-json\/wp\/v2\/pages"}],"about":[{"href":"https:\/\/www.reseau-entreprendre.org\/isere\/wp-json\/wp\/v2\/types\/page"}],"author":[{"embeddable":true,"href":"https:\/\/www.reseau-entreprendre.org\/isere\/wp-json\/wp\/v2\/users\/169"}],"replies":[{"embeddable":true,"href":"https:\/\/www.reseau-entreprendre.org\/isere\/wp-json\/wp\/v2\/comments?post=3036"}],"version-history":[{"count":0,"href":"https:\/\/www.reseau-entreprendre.org\/isere\/wp-json\/wp\/v2\/pages\/3036\/revisions"}],"wp:attachment":[{"href":"https:\/\/www.reseau-entreprendre.org\/isere\/wp-json\/wp\/v2\/media?parent=3036"}],"curies":[{"name":"wp","href":"https:\/\/api.w.org\/{rel}","templated":true}]}}