{"id":11,"date":"2017-04-28T12:33:20","date_gmt":"2017-04-28T10:33:20","guid":{"rendered":"http:\/\/re-preprod-entreprendre.fr\/limousin\/?page_id=11"},"modified":"2025-09-23T09:15:35","modified_gmt":"2025-09-23T07:15:35","slug":"qui-sommes-nous","status":"publish","type":"page","link":"https:\/\/www.reseau-entreprendre.org\/limousin\/qui-sommes-nous\/","title":{"rendered":"Qui sommes-nous ?"},"content":{"rendered":"\n<p>R\u00e9seau Entreprendre<sup>\u00ae&nbsp;<\/sup>Limousin est une association compos\u00e9e de chefs d\u2019entreprise, engag\u00e9s pour le d\u00e9veloppement de l\u2019entrepreneuriat avec la transmission d\u2019exp\u00e9riences et de savoir-\u00eatre.<\/p>\n\n\n\n<p class=\"has-text-align-center\">\u00ab Pour cr\u00e9er des emplois, cr\u00e9ons des employeurs. \u00bb<\/p>\n\n\n\n<p>L\u2019accompagnement qui est propos\u00e9 repose sur un aspect <strong>HUMAIN<\/strong> et <strong>FINANCIER<\/strong> et sur des valeurs fortes&nbsp;:<\/p>\n\n\n\n<figure class=\"wp-block-image size-large is-resized\"><img loading=\"lazy\" decoding=\"async\" width=\"1024\" height=\"584\" src=\"https:\/\/www.reseau-entreprendre.org\/limousin\/wp-content\/uploads\/sites\/62\/2023\/07\/valeurs-1024x584.png\" alt=\"\" class=\"wp-image-1722\" style=\"width:1124px;height:641px\" srcset=\"https:\/\/www.reseau-entreprendre.org\/limousin\/wp-content\/uploads\/sites\/62\/2023\/07\/valeurs-1024x584.png 1024w, https:\/\/www.reseau-entreprendre.org\/limousin\/wp-content\/uploads\/sites\/62\/2023\/07\/valeurs-300x171.png 300w, https:\/\/www.reseau-entreprendre.org\/limousin\/wp-content\/uploads\/sites\/62\/2023\/07\/valeurs-768x438.png 768w, https:\/\/www.reseau-entreprendre.org\/limousin\/wp-content\/uploads\/sites\/62\/2023\/07\/valeurs-210x120.png 210w, https:\/\/www.reseau-entreprendre.org\/limousin\/wp-content\/uploads\/sites\/62\/2023\/07\/valeurs.png 1303w\" sizes=\"auto, (max-width: 1024px) 100vw, 1024px\" \/><\/figure>\n\n\n\n<p>Les chiffres cl\u00e9s en Limousin depuis la cr\u00e9ation de l\u2019association en 2000&nbsp;:<\/p>\n\n\n\n<div class=\"wp-block-columns is-layout-flex wp-container-core-columns-is-layout-9d6595d7 wp-block-columns-is-layout-flex\">\n<div class=\"wp-block-column is-layout-flow wp-block-column-is-layout-flow\">\n<h2 class=\"wp-block-heading has-text-align-center\"><strong>+ de 260<\/strong><\/h2>\n\n\n\n<p class=\"has-text-align-center\">Laur\u00e9ats accompagn\u00e9s<\/p>\n<\/div>\n\n\n\n<div class=\"wp-block-column is-layout-flow wp-block-column-is-layout-flow\">\n<h2 class=\"wp-block-heading has-text-align-center\"><strong>Pr\u00e8s de 2000 <\/strong><\/h2>\n\n\n\n<p class=\"has-text-align-center\">emplois cr\u00e9\u00e9s ou sauvegard\u00e9s<\/p>\n<\/div>\n\n\n\n<div class=\"wp-block-column is-layout-flow wp-block-column-is-layout-flow\">\n<h2 class=\"wp-block-heading has-text-align-center\"><strong>+ de 5 000 000\u20ac<\/strong><\/h2>\n\n\n\n<p class=\"has-text-align-center\">De pr\u00eats d&#8217;honneur octroy\u00e9s<\/p>\n<\/div>\n<\/div>\n\n\n\n<p>Aujourd\u2019hui, elle est compos\u00e9e de <strong>146 membres<\/strong>,<strong> 100% chefs d\u2019entreprises<\/strong>, qui ont consacr\u00e9 plus de <strong>6 900 heures de b\u00e9n\u00e9volat en 2023  <\/strong>pour accompagner, aider et soutenir dans la dur\u00e9e de nouveaux entrepreneurs : \u00ab les laur\u00e9ats \u00bb<\/p>\n\n\n\n<p>Nous intervenons sur les 3 d\u00e9partements qui composent l\u2019ex-Limousin : la Corr\u00e8ze, la Creuse et la Haute-Vienne.<\/p>\n\n\n\n<ul class=\"wp-block-list\">\n<li>A notre si\u00e8ge social en Haute-Vienne, \u00e0 <strong>Limoges<\/strong><\/li>\n<\/ul>\n\n\n\n<p><\/p>\n\n\n\n<ul class=\"wp-block-list\">\n<li>A notre antenne en Corr\u00e8ze, \u00e0 <strong>Malemort<\/strong><\/li>\n<\/ul>\n\n\n\n<p><\/p>\n\n\n\n<ul class=\"wp-block-list\">\n<li>A notre antenne en Creuse, \u00e0 <strong>Gu\u00e9ret<\/strong><\/li>\n<\/ul>\n\n\n\n<p><\/p>\n\n\n\n<ul class=\"wp-block-list\">\n<li>A notre antenne de Charente et Limousin, \u00e0 <strong>Saint-Junien<\/strong><\/li>\n<\/ul>\n\n\n\n<p><\/p>\n\n\n\n<ul class=\"wp-block-list\">\n<li>A notre antenne de Moyenne et Haute Corr\u00e8ze, \u00e0 <strong>Ussel<\/strong><\/li>\n<\/ul>\n\n\n\n<p><\/p>\n\n\n\n<div style=\"height:12px\" aria-hidden=\"true\" class=\"wp-block-spacer\"><\/div>\n\n\n\n<p>Notre Conseil d\u2019administration, pr\u00e9sid\u00e9 par Philippe Mazi\u00e8re, ancien laur\u00e9at de l\u2019association de la promotion 2011, r\u00e9unit des membres engag\u00e9s au sein de l\u2019association !<\/p>\n\n\n\n<div style=\"height:40px\" aria-hidden=\"true\" class=\"wp-block-spacer\"><\/div>\n\n\n\n<div class=\"wp-block-columns is-layout-flex wp-container-core-columns-is-layout-9d6595d7 wp-block-columns-is-layout-flex\">\n<div class=\"wp-block-column is-layout-flow wp-block-column-is-layout-flow\">\n<p><\/p>\n<\/div>\n\n\n\n<div class=\"wp-block-column is-layout-flow wp-block-column-is-layout-flow\">\n<figure class=\"wp-block-image size-full is-style-rounded\"><img loading=\"lazy\" decoding=\"async\" width=\"218\" height=\"220\" src=\"https:\/\/www.reseau-entreprendre.org\/limousin\/wp-content\/uploads\/sites\/62\/2025\/09\/MAZIERE-Philippe-2025.jpg\" alt=\"\" class=\"wp-image-1990\" srcset=\"https:\/\/www.reseau-entreprendre.org\/limousin\/wp-content\/uploads\/sites\/62\/2025\/09\/MAZIERE-Philippe-2025.jpg 218w, https:\/\/www.reseau-entreprendre.org\/limousin\/wp-content\/uploads\/sites\/62\/2025\/09\/MAZIERE-Philippe-2025-150x150.jpg 150w, https:\/\/www.reseau-entreprendre.org\/limousin\/wp-content\/uploads\/sites\/62\/2025\/09\/MAZIERE-Philippe-2025-129x130.jpg 129w, https:\/\/www.reseau-entreprendre.org\/limousin\/wp-content\/uploads\/sites\/62\/2025\/09\/MAZIERE-Philippe-2025-100x100.jpg 100w\" sizes=\"auto, (max-width: 218px) 100vw, 218px\" \/><\/figure>\n<\/div>\n\n\n\n<div class=\"wp-block-column is-layout-flow wp-block-column-is-layout-flow\"><\/div>\n<\/div>\n\n\n\n<div style=\"height:40px\" aria-hidden=\"true\" class=\"wp-block-spacer\"><\/div>\n\n\n\n<p class=\"has-text-align-center\"><strong>Une \u00e9quipe op\u00e9rationnelle est \u00e0 votre disposition pour vous recevoir : <\/strong><\/p>\n\n\n\n<div style=\"height:40px\" aria-hidden=\"true\" class=\"wp-block-spacer\"><\/div>\n\n\n\n<div class=\"wp-block-columns is-layout-flex wp-container-core-columns-is-layout-9d6595d7 wp-block-columns-is-layout-flex\">\n<div class=\"wp-block-column is-layout-flow wp-block-column-is-layout-flow\">\n<figure class=\"wp-block-image size-large is-resized is-style-rounded\"><img loading=\"lazy\" decoding=\"async\" width=\"732\" height=\"1024\" src=\"https:\/\/www.reseau-entreprendre.org\/limousin\/wp-content\/uploads\/sites\/62\/2024\/07\/Magali-VALADE-5-732x1024.jpg\" alt=\"\" class=\"wp-image-1945\" style=\"aspect-ratio:3\/4;object-fit:cover;width:337px;height:auto\" srcset=\"https:\/\/www.reseau-entreprendre.org\/limousin\/wp-content\/uploads\/sites\/62\/2024\/07\/Magali-VALADE-5-732x1024.jpg 732w, https:\/\/www.reseau-entreprendre.org\/limousin\/wp-content\/uploads\/sites\/62\/2024\/07\/Magali-VALADE-5-214x300.jpg 214w, https:\/\/www.reseau-entreprendre.org\/limousin\/wp-content\/uploads\/sites\/62\/2024\/07\/Magali-VALADE-5-768x1075.jpg 768w, https:\/\/www.reseau-entreprendre.org\/limousin\/wp-content\/uploads\/sites\/62\/2024\/07\/Magali-VALADE-5-1097x1536.jpg 1097w, https:\/\/www.reseau-entreprendre.org\/limousin\/wp-content\/uploads\/sites\/62\/2024\/07\/Magali-VALADE-5-1463x2048.jpg 1463w, https:\/\/www.reseau-entreprendre.org\/limousin\/wp-content\/uploads\/sites\/62\/2024\/07\/Magali-VALADE-5-93x130.jpg 93w, https:\/\/www.reseau-entreprendre.org\/limousin\/wp-content\/uploads\/sites\/62\/2024\/07\/Magali-VALADE-5-71x100.jpg 71w, https:\/\/www.reseau-entreprendre.org\/limousin\/wp-content\/uploads\/sites\/62\/2024\/07\/Magali-VALADE-5-scaled.jpg 1829w\" sizes=\"auto, (max-width: 732px) 100vw, 732px\" \/><\/figure>\n<\/div>\n\n\n\n<div class=\"wp-block-column is-layout-flow wp-block-column-is-layout-flow\">\n<figure class=\"wp-block-image size-large is-resized is-style-rounded\"><img loading=\"lazy\" decoding=\"async\" width=\"731\" height=\"1024\" src=\"https:\/\/www.reseau-entreprendre.org\/limousin\/wp-content\/uploads\/sites\/62\/2024\/07\/LB5-1-731x1024.jpg\" alt=\"\" class=\"wp-image-1955\" style=\"aspect-ratio:3\/4;object-fit:cover;width:330px;height:auto\" srcset=\"https:\/\/www.reseau-entreprendre.org\/limousin\/wp-content\/uploads\/sites\/62\/2024\/07\/LB5-1-731x1024.jpg 731w, https:\/\/www.reseau-entreprendre.org\/limousin\/wp-content\/uploads\/sites\/62\/2024\/07\/LB5-1-214x300.jpg 214w, https:\/\/www.reseau-entreprendre.org\/limousin\/wp-content\/uploads\/sites\/62\/2024\/07\/LB5-1-768x1075.jpg 768w, https:\/\/www.reseau-entreprendre.org\/limousin\/wp-content\/uploads\/sites\/62\/2024\/07\/LB5-1-1097x1536.jpg 1097w, https:\/\/www.reseau-entreprendre.org\/limousin\/wp-content\/uploads\/sites\/62\/2024\/07\/LB5-1-1463x2048.jpg 1463w, https:\/\/www.reseau-entreprendre.org\/limousin\/wp-content\/uploads\/sites\/62\/2024\/07\/LB5-1-93x130.jpg 93w, https:\/\/www.reseau-entreprendre.org\/limousin\/wp-content\/uploads\/sites\/62\/2024\/07\/LB5-1-71x100.jpg 71w, https:\/\/www.reseau-entreprendre.org\/limousin\/wp-content\/uploads\/sites\/62\/2024\/07\/LB5-1-scaled.jpg 1829w\" sizes=\"auto, (max-width: 731px) 100vw, 731px\" \/><\/figure>\n<\/div>\n\n\n\n<div class=\"wp-block-column is-layout-flow wp-block-column-is-layout-flow\">\n<figure class=\"wp-block-image size-large is-resized is-style-rounded\"><img loading=\"lazy\" decoding=\"async\" width=\"791\" height=\"1024\" src=\"https:\/\/www.reseau-entreprendre.org\/limousin\/wp-content\/uploads\/sites\/62\/2024\/07\/Sophie-ROLLAND-4-1-791x1024.jpg\" alt=\"\" class=\"wp-image-1956\" style=\"aspect-ratio:3\/4;object-fit:cover;width:417px;height:auto\" srcset=\"https:\/\/www.reseau-entreprendre.org\/limousin\/wp-content\/uploads\/sites\/62\/2024\/07\/Sophie-ROLLAND-4-1-791x1024.jpg 791w, https:\/\/www.reseau-entreprendre.org\/limousin\/wp-content\/uploads\/sites\/62\/2024\/07\/Sophie-ROLLAND-4-1-232x300.jpg 232w, https:\/\/www.reseau-entreprendre.org\/limousin\/wp-content\/uploads\/sites\/62\/2024\/07\/Sophie-ROLLAND-4-1-768x994.jpg 768w, https:\/\/www.reseau-entreprendre.org\/limousin\/wp-content\/uploads\/sites\/62\/2024\/07\/Sophie-ROLLAND-4-1-1187x1536.jpg 1187w, https:\/\/www.reseau-entreprendre.org\/limousin\/wp-content\/uploads\/sites\/62\/2024\/07\/Sophie-ROLLAND-4-1-1583x2048.jpg 1583w, https:\/\/www.reseau-entreprendre.org\/limousin\/wp-content\/uploads\/sites\/62\/2024\/07\/Sophie-ROLLAND-4-1-100x130.jpg 100w, https:\/\/www.reseau-entreprendre.org\/limousin\/wp-content\/uploads\/sites\/62\/2024\/07\/Sophie-ROLLAND-4-1-77x100.jpg 77w, https:\/\/www.reseau-entreprendre.org\/limousin\/wp-content\/uploads\/sites\/62\/2024\/07\/Sophie-ROLLAND-4-1-scaled.jpg 1978w\" sizes=\"auto, (max-width: 791px) 100vw, 791px\" \/><\/figure>\n<\/div>\n<\/div>\n\n\n\n<div class=\"wp-block-columns is-layout-flex wp-container-core-columns-is-layout-9d6595d7 wp-block-columns-is-layout-flex\">\n<div class=\"wp-block-column is-layout-flow wp-block-column-is-layout-flow\">\n<p class=\"has-text-align-center\"><strong>Magali Valade<\/strong><\/p>\n\n\n\n<p class=\"has-text-align-center\">Directrice<\/p>\n<\/div>\n\n\n\n<div class=\"wp-block-column is-layout-flow wp-block-column-is-layout-flow\">\n<p class=\"has-text-align-center\"><strong>Laura Brug\u00e8re<\/strong><\/p>\n\n\n\n<p class=\"has-text-align-center\">Charg\u00e9e de mission                                            Haute-Vienne \/ Creuse<\/p>\n<\/div>\n\n\n\n<div class=\"wp-block-column is-layout-flow wp-block-column-is-layout-flow\">\n<p class=\"has-text-align-center\"><strong>Sophie Roland<\/strong><\/p>\n\n\n\n<p class=\"has-text-align-center\">Charg\u00e9e de mission                                               Corr\u00e8ze<\/p>\n<\/div>\n<\/div>\n\n\n<div class=\"wp-block-image\">\n<figure class=\"aligncenter\"><a href=\"https:\/\/www.reseau-entreprendre.org\/wp-content\/uploads\/sites\/62\/2017\/04\/1-REL-RUBRIQUE-QUI-SOMMES-NOUS-PAGE-2-PHOTO-1.png\"><img loading=\"lazy\" decoding=\"async\" width=\"300\" height=\"259\" src=\"https:\/\/www.reseau-entreprendre.org\/wp-content\/uploads\/sites\/62\/2017\/04\/1-REL-RUBRIQUE-QUI-SOMMES-NOUS-PAGE-2-PHOTO-1-300x259.png\" alt=\"\" class=\"wp-image-519\" srcset=\"https:\/\/www.reseau-entreprendre.org\/limousin\/wp-content\/uploads\/sites\/62\/2017\/04\/1-REL-RUBRIQUE-QUI-SOMMES-NOUS-PAGE-2-PHOTO-1-300x259.png 300w, https:\/\/www.reseau-entreprendre.org\/limousin\/wp-content\/uploads\/sites\/62\/2017\/04\/1-REL-RUBRIQUE-QUI-SOMMES-NOUS-PAGE-2-PHOTO-1.png 729w\" sizes=\"auto, (max-width: 300px) 100vw, 300px\" \/><\/a><\/figure>\n<\/div>","protected":false},"excerpt":{"rendered":"<p>R\u00e9seau Entreprendre\u00ae&nbsp;Limousin est une association compos\u00e9e de chefs d\u2019entreprise, engag\u00e9s<\/p>\n","protected":false},"author":63,"featured_media":0,"parent":0,"menu_order":0,"comment_status":"closed","ping_status":"closed","template":"","meta":{"_acf_changed":false,"_monsterinsights_skip_tracking":false,"_monsterinsights_sitenote_active":false,"_monsterinsights_sitenote_note":"","_monsterinsights_sitenote_category":0,"footnotes":""},"class_list":["post-11","page","type-page","status-publish","hentry"],"acf":[],"yoast_head":"<!-- This site is optimized with the Yoast SEO plugin v27.4 - https:\/\/yoast.com\/product\/yoast-seo-wordpress\/ -->\n<title>Qui sommes-nous ? | Reseau Entreprendre Limousin<\/title>\n<meta name=\"description\" content=\"R\u00e9seau Entreprendre Limousin est l&#039;association de chefs d&#039;entreprise de votre r\u00e9gion.\" \/>\n<meta name=\"robots\" content=\"index, follow, max-snippet:-1, max-image-preview:large, max-video-preview:-1\" \/>\n<link rel=\"canonical\" href=\"https:\/\/www.reseau-entreprendre.org\/limousin\/qui-sommes-nous\/\" \/>\n<meta property=\"og:locale\" content=\"fr_FR\" \/>\n<meta property=\"og:type\" content=\"article\" \/>\n<meta property=\"og:title\" content=\"Qui sommes-nous ? | Reseau Entreprendre Limousin\" \/>\n<meta property=\"og:description\" content=\"R\u00e9seau Entreprendre Limousin est l&#039;association de chefs d&#039;entreprise de votre r\u00e9gion.\" \/>\n<meta property=\"og:url\" content=\"https:\/\/www.reseau-entreprendre.org\/limousin\/qui-sommes-nous\/\" \/>\n<meta property=\"og:site_name\" content=\"R\u00e9seau Entreprendre Limousin\" \/>\n<meta property=\"article:modified_time\" content=\"2025-09-23T07:15:35+00:00\" \/>\n<meta property=\"og:image\" content=\"https:\/\/www.reseau-entreprendre.org\/limousin\/wp-content\/uploads\/sites\/62\/2023\/07\/valeurs.png\" \/>\n\t<meta property=\"og:image:width\" content=\"1303\" \/>\n\t<meta property=\"og:image:height\" content=\"743\" \/>\n\t<meta property=\"og:image:type\" content=\"image\/png\" \/>\n<meta name=\"twitter:card\" content=\"summary_large_image\" \/>\n<meta name=\"twitter:label1\" content=\"Dur\u00e9e de lecture estim\u00e9e\" \/>\n\t<meta name=\"twitter:data1\" content=\"3 minutes\" \/>\n<script type=\"application\/ld+json\" class=\"yoast-schema-graph\">{\"@context\":\"https:\\\/\\\/schema.org\",\"@graph\":[{\"@type\":\"WebPage\",\"@id\":\"https:\\\/\\\/www.reseau-entreprendre.org\\\/limousin\\\/qui-sommes-nous\\\/\",\"url\":\"https:\\\/\\\/www.reseau-entreprendre.org\\\/limousin\\\/qui-sommes-nous\\\/\",\"name\":\"Qui sommes-nous ? | Reseau Entreprendre Limousin\",\"isPartOf\":{\"@id\":\"https:\\\/\\\/www.reseau-entreprendre.org\\\/limousin\\\/#website\"},\"primaryImageOfPage\":{\"@id\":\"https:\\\/\\\/www.reseau-entreprendre.org\\\/limousin\\\/qui-sommes-nous\\\/#primaryimage\"},\"image\":{\"@id\":\"https:\\\/\\\/www.reseau-entreprendre.org\\\/limousin\\\/qui-sommes-nous\\\/#primaryimage\"},\"thumbnailUrl\":\"https:\\\/\\\/www.reseau-entreprendre.org\\\/limousin\\\/wp-content\\\/uploads\\\/sites\\\/62\\\/2023\\\/07\\\/valeurs-1024x584.png\",\"datePublished\":\"2017-04-28T10:33:20+00:00\",\"dateModified\":\"2025-09-23T07:15:35+00:00\",\"description\":\"R\u00e9seau Entreprendre Limousin est l'association de chefs d'entreprise de votre r\u00e9gion.\",\"breadcrumb\":{\"@id\":\"https:\\\/\\\/www.reseau-entreprendre.org\\\/limousin\\\/qui-sommes-nous\\\/#breadcrumb\"},\"inLanguage\":\"fr-FR\",\"potentialAction\":[{\"@type\":\"ReadAction\",\"target\":[\"https:\\\/\\\/www.reseau-entreprendre.org\\\/limousin\\\/qui-sommes-nous\\\/\"]}]},{\"@type\":\"ImageObject\",\"inLanguage\":\"fr-FR\",\"@id\":\"https:\\\/\\\/www.reseau-entreprendre.org\\\/limousin\\\/qui-sommes-nous\\\/#primaryimage\",\"url\":\"https:\\\/\\\/www.reseau-entreprendre.org\\\/limousin\\\/wp-content\\\/uploads\\\/sites\\\/62\\\/2023\\\/07\\\/valeurs.png\",\"contentUrl\":\"https:\\\/\\\/www.reseau-entreprendre.org\\\/limousin\\\/wp-content\\\/uploads\\\/sites\\\/62\\\/2023\\\/07\\\/valeurs.png\",\"width\":1303,\"height\":743},{\"@type\":\"BreadcrumbList\",\"@id\":\"https:\\\/\\\/www.reseau-entreprendre.org\\\/limousin\\\/qui-sommes-nous\\\/#breadcrumb\",\"itemListElement\":[{\"@type\":\"ListItem\",\"position\":1,\"name\":\"Accueil\",\"item\":\"https:\\\/\\\/www.reseau-entreprendre.org\\\/limousin\\\/\"},{\"@type\":\"ListItem\",\"position\":2,\"name\":\"Qui sommes-nous ?\"}]},{\"@type\":\"WebSite\",\"@id\":\"https:\\\/\\\/www.reseau-entreprendre.org\\\/limousin\\\/#website\",\"url\":\"https:\\\/\\\/www.reseau-entreprendre.org\\\/limousin\\\/\",\"name\":\"R\u00e9seau Entreprendre Limousin\",\"description\":\"Un site utilisant Les sites de R\u00e9seau Entreprendre\",\"potentialAction\":[{\"@type\":\"SearchAction\",\"target\":{\"@type\":\"EntryPoint\",\"urlTemplate\":\"https:\\\/\\\/www.reseau-entreprendre.org\\\/limousin\\\/?s={search_term_string}\"},\"query-input\":{\"@type\":\"PropertyValueSpecification\",\"valueRequired\":true,\"valueName\":\"search_term_string\"}}],\"inLanguage\":\"fr-FR\"}]}<\/script>\n<!-- \/ Yoast SEO plugin. -->","yoast_head_json":{"title":"Qui sommes-nous ? | Reseau Entreprendre Limousin","description":"R\u00e9seau Entreprendre Limousin est l'association de chefs d'entreprise de votre r\u00e9gion.","robots":{"index":"index","follow":"follow","max-snippet":"max-snippet:-1","max-image-preview":"max-image-preview:large","max-video-preview":"max-video-preview:-1"},"canonical":"https:\/\/www.reseau-entreprendre.org\/limousin\/qui-sommes-nous\/","og_locale":"fr_FR","og_type":"article","og_title":"Qui sommes-nous ? | Reseau Entreprendre Limousin","og_description":"R\u00e9seau Entreprendre Limousin est l'association de chefs d'entreprise de votre r\u00e9gion.","og_url":"https:\/\/www.reseau-entreprendre.org\/limousin\/qui-sommes-nous\/","og_site_name":"R\u00e9seau Entreprendre Limousin","article_modified_time":"2025-09-23T07:15:35+00:00","og_image":[{"width":1303,"height":743,"url":"https:\/\/www.reseau-entreprendre.org\/limousin\/wp-content\/uploads\/sites\/62\/2023\/07\/valeurs.png","type":"image\/png"}],"twitter_card":"summary_large_image","twitter_misc":{"Dur\u00e9e de lecture estim\u00e9e":"3 minutes"},"schema":{"@context":"https:\/\/schema.org","@graph":[{"@type":"WebPage","@id":"https:\/\/www.reseau-entreprendre.org\/limousin\/qui-sommes-nous\/","url":"https:\/\/www.reseau-entreprendre.org\/limousin\/qui-sommes-nous\/","name":"Qui sommes-nous ? | Reseau Entreprendre Limousin","isPartOf":{"@id":"https:\/\/www.reseau-entreprendre.org\/limousin\/#website"},"primaryImageOfPage":{"@id":"https:\/\/www.reseau-entreprendre.org\/limousin\/qui-sommes-nous\/#primaryimage"},"image":{"@id":"https:\/\/www.reseau-entreprendre.org\/limousin\/qui-sommes-nous\/#primaryimage"},"thumbnailUrl":"https:\/\/www.reseau-entreprendre.org\/limousin\/wp-content\/uploads\/sites\/62\/2023\/07\/valeurs-1024x584.png","datePublished":"2017-04-28T10:33:20+00:00","dateModified":"2025-09-23T07:15:35+00:00","description":"R\u00e9seau Entreprendre Limousin est l'association de chefs d'entreprise de votre r\u00e9gion.","breadcrumb":{"@id":"https:\/\/www.reseau-entreprendre.org\/limousin\/qui-sommes-nous\/#breadcrumb"},"inLanguage":"fr-FR","potentialAction":[{"@type":"ReadAction","target":["https:\/\/www.reseau-entreprendre.org\/limousin\/qui-sommes-nous\/"]}]},{"@type":"ImageObject","inLanguage":"fr-FR","@id":"https:\/\/www.reseau-entreprendre.org\/limousin\/qui-sommes-nous\/#primaryimage","url":"https:\/\/www.reseau-entreprendre.org\/limousin\/wp-content\/uploads\/sites\/62\/2023\/07\/valeurs.png","contentUrl":"https:\/\/www.reseau-entreprendre.org\/limousin\/wp-content\/uploads\/sites\/62\/2023\/07\/valeurs.png","width":1303,"height":743},{"@type":"BreadcrumbList","@id":"https:\/\/www.reseau-entreprendre.org\/limousin\/qui-sommes-nous\/#breadcrumb","itemListElement":[{"@type":"ListItem","position":1,"name":"Accueil","item":"https:\/\/www.reseau-entreprendre.org\/limousin\/"},{"@type":"ListItem","position":2,"name":"Qui sommes-nous ?"}]},{"@type":"WebSite","@id":"https:\/\/www.reseau-entreprendre.org\/limousin\/#website","url":"https:\/\/www.reseau-entreprendre.org\/limousin\/","name":"R\u00e9seau Entreprendre Limousin","description":"Un site utilisant Les sites de R\u00e9seau Entreprendre","potentialAction":[{"@type":"SearchAction","target":{"@type":"EntryPoint","urlTemplate":"https:\/\/www.reseau-entreprendre.org\/limousin\/?s={search_term_string}"},"query-input":{"@type":"PropertyValueSpecification","valueRequired":true,"valueName":"search_term_string"}}],"inLanguage":"fr-FR"}]}},"_links":{"self":[{"href":"https:\/\/www.reseau-entreprendre.org\/limousin\/wp-json\/wp\/v2\/pages\/11","targetHints":{"allow":["GET"]}}],"collection":[{"href":"https:\/\/www.reseau-entreprendre.org\/limousin\/wp-json\/wp\/v2\/pages"}],"about":[{"href":"https:\/\/www.reseau-entreprendre.org\/limousin\/wp-json\/wp\/v2\/types\/page"}],"author":[{"embeddable":true,"href":"https:\/\/www.reseau-entreprendre.org\/limousin\/wp-json\/wp\/v2\/users\/63"}],"replies":[{"embeddable":true,"href":"https:\/\/www.reseau-entreprendre.org\/limousin\/wp-json\/wp\/v2\/comments?post=11"}],"version-history":[{"count":0,"href":"https:\/\/www.reseau-entreprendre.org\/limousin\/wp-json\/wp\/v2\/pages\/11\/revisions"}],"wp:attachment":[{"href":"https:\/\/www.reseau-entreprendre.org\/limousin\/wp-json\/wp\/v2\/media?parent=11"}],"curies":[{"name":"wp","href":"https:\/\/api.w.org\/{rel}","templated":true}]}}