{"id":15,"date":"2017-04-28T12:33:47","date_gmt":"2017-04-28T10:33:47","guid":{"rendered":"http:\/\/re-preprod-entreprendre.fr\/limousin\/?page_id=15"},"modified":"2025-09-23T09:17:20","modified_gmt":"2025-09-23T07:17:20","slug":"accompagner","status":"publish","type":"page","link":"https:\/\/www.reseau-entreprendre.org\/limousin\/accompagner\/","title":{"rendered":"Accompagner"},"content":{"rendered":"\n<p><strong>Chefs d\u2019entreprise ? Pourquoi rejoindre notre r\u00e9seau ?<\/strong><\/p>\n\n\n\n<p>Vous avez envie d\u2019accompagner des entrepreneurs ? Engagez-vous localement aupr\u00e8s d\u2019un r\u00e9seau fort de 150 membres chefs d\u2019entreprises exp\u00e9riment\u00e9s de tout secteur d\u2019activit\u00e9 et toute taille d\u2019entreprise de Corr\u00e8ze, Creuse et Haute-Vienne.<\/p>\n\n\n\n<p>Ainsi vous aurez l\u2019opportunit\u00e9 de :<\/p>\n\n\n\n<ul class=\"wp-block-list\">\n<li>Vous engager dans un r\u00e9seau dynamique local de dirigeants<\/li>\n\n\n\n<li>Vous impliquer dans l\u2019\u00e9cosyst\u00e8me entrepreneurial<\/li>\n\n\n\n<li>Favoriser la cr\u00e9ation et la sauvegarde d\u2019emplois sur le territoire<\/li>\n<\/ul>\n\n\n\n<div style=\"height:25px\" aria-hidden=\"true\" class=\"wp-block-spacer\"><\/div>\n\n\n\n<div class=\"wp-block-columns is-layout-flex wp-container-core-columns-is-layout-9d6595d7 wp-block-columns-is-layout-flex\">\n<div class=\"wp-block-column is-layout-flow wp-block-column-is-layout-flow\">\n<figure class=\"wp-block-image size-full is-resized\"><img decoding=\"async\" src=\"https:\/\/www.reseau-entreprendre.org\/limousin\/wp-content\/uploads\/sites\/62\/2024\/07\/hero-header-engager-edited.png\" alt=\"\" class=\"wp-image-1878\" style=\"width:366px;height:auto\" \/><\/figure>\n<\/div>\n\n\n\n<div class=\"wp-block-column is-layout-flow wp-block-column-is-layout-flow\">\n<figure class=\"wp-block-image size-full is-resized\"><img decoding=\"async\" src=\"https:\/\/www.reseau-entreprendre.org\/limousin\/wp-content\/uploads\/sites\/62\/2024\/07\/Soutenir_V1-edited.jpg\" alt=\"\" class=\"wp-image-1877\" style=\"width:365px;height:auto\" \/><\/figure>\n<\/div>\n\n\n\n<div class=\"wp-block-column is-layout-flow wp-block-column-is-layout-flow\">\n<figure class=\"wp-block-image size-full is-resized\"><img loading=\"lazy\" decoding=\"async\" width=\"680\" height=\"680\" src=\"https:\/\/www.reseau-entreprendre.org\/limousin\/wp-content\/uploads\/sites\/62\/2021\/10\/quisommesnous-header.png\" alt=\"\" class=\"wp-image-1503\" style=\"width:365px;height:auto\" srcset=\"https:\/\/www.reseau-entreprendre.org\/limousin\/wp-content\/uploads\/sites\/62\/2021\/10\/quisommesnous-header.png 680w, https:\/\/www.reseau-entreprendre.org\/limousin\/wp-content\/uploads\/sites\/62\/2021\/10\/quisommesnous-header-300x300.png 300w, https:\/\/www.reseau-entreprendre.org\/limousin\/wp-content\/uploads\/sites\/62\/2021\/10\/quisommesnous-header-150x150.png 150w\" sizes=\"auto, (max-width: 680px) 100vw, 680px\" \/><\/figure>\n<\/div>\n<\/div>\n\n\n\n<div class=\"wp-block-columns is-layout-flex wp-container-core-columns-is-layout-9d6595d7 wp-block-columns-is-layout-flex\">\n<div class=\"wp-block-column is-layout-flow wp-block-column-is-layout-flow\">\n<h2 class=\"wp-block-heading has-text-align-center\"><strong>En amont<\/strong><\/h2>\n<\/div>\n\n\n\n<div class=\"wp-block-column is-layout-flow wp-block-column-is-layout-flow\">\n<h2 class=\"wp-block-heading has-text-align-center\"><strong>En aval<\/strong><\/h2>\n<\/div>\n\n\n\n<div class=\"wp-block-column is-layout-flow wp-block-column-is-layout-flow\">\n<h2 class=\"wp-block-heading has-text-align-center\"><strong>Lors d&#8217;\u00e9v\u00e8nements<\/strong><\/h2>\n<\/div>\n<\/div>\n\n\n\n<div class=\"wp-block-columns is-layout-flex wp-container-core-columns-is-layout-9d6595d7 wp-block-columns-is-layout-flex\">\n<div class=\"wp-block-column is-layout-flow wp-block-column-is-layout-flow\">\n<ul class=\"wp-block-list\">\n<li><strong>Le parcours de validation :<\/strong><\/li>\n<\/ul>\n\n\n\n<p>Rencontre ponctuelle avec un entrepreneur afin de le challenger et nous donner votre avis.<\/p>\n\n\n\n<ul class=\"wp-block-list\">\n<li><strong>Le comit\u00e9 d&#8217;engagement :<\/strong><\/li>\n<\/ul>\n\n\n\n<p>Avec une dizaine d&#8217;autres membres, vous assistez et vous d\u00e9cidez lors du grand oral du candidat.<\/p>\n<\/div>\n\n\n\n<div class=\"wp-block-column is-layout-flow wp-block-column-is-layout-flow\">\n<ul class=\"wp-block-list\">\n<li><strong>L&#8217;accompagnement personnel d&#8217;entrepreneur : <\/strong>Tous les mois pendant 2 \u00e0 3 ans pour partager votre exp\u00e9rience, vos comp\u00e9tences et rompre l&#8217;isolement du nouveau cr\u00e9ateur, repreneur ou d\u00e9veloppeur d&#8217;entreprise.<\/li>\n<\/ul>\n\n\n\n<ul class=\"wp-block-list\">\n<li><strong>L&#8217;animation d&#8217;une s\u00e9ance de club de laur\u00e9ats<\/strong><\/li>\n<\/ul>\n\n\n\n<ul class=\"wp-block-list\">\n<li><strong>Les commissions d&#8217;aide \u00e0 la r\u00e9flexion : <\/strong>face \u00e0 une probl\u00e9matique pr\u00e9cise lorsque le laur\u00e9at a besoin d&#8217;un soutien dans sa r\u00e9flexion ou prise de d\u00e9cision.<\/li>\n<\/ul>\n<\/div>\n\n\n\n<div class=\"wp-block-column is-layout-flow wp-block-column-is-layout-flow\">\n<ul class=\"wp-block-list\">\n<li>En intervenant comme expert<\/li>\n<\/ul>\n\n\n\n<ul class=\"wp-block-list\">\n<li>En d\u00e9veloppant votre r\u00e9seau durant nos \u00e9v\u00e8nements<\/li>\n<\/ul>\n\n\n\n<ul class=\"wp-block-list\">\n<li>En ayant acc\u00e8s \u00e0 l&#8217;annuaire digital national et international.<\/li>\n<\/ul>\n<\/div>\n<\/div>\n","protected":false},"excerpt":{"rendered":"<p>Chefs d\u2019entreprise ? Pourquoi rejoindre notre r\u00e9seau ? Vous avez<\/p>\n","protected":false},"author":63,"featured_media":0,"parent":0,"menu_order":0,"comment_status":"closed","ping_status":"closed","template":"","meta":{"_acf_changed":false,"_monsterinsights_skip_tracking":false,"_monsterinsights_sitenote_active":false,"_monsterinsights_sitenote_note":"","_monsterinsights_sitenote_category":0,"footnotes":""},"class_list":["post-15","page","type-page","status-publish","hentry"],"acf":[],"yoast_head":"<!-- This site is optimized with the Yoast SEO plugin v27.4 - https:\/\/yoast.com\/product\/yoast-seo-wordpress\/ -->\n<title>Accompagner| Reseau Entreprendre Limousin<\/title>\n<meta name=\"description\" content=\"Vous \u00eates chef d&#039;entreprise et souhaitez accompagner de nouveaux entrepreneurs ? Devenez membre b\u00e9n\u00e9vole de R\u00e9seau Entreprendre Limousin !\" \/>\n<meta name=\"robots\" content=\"index, follow, max-snippet:-1, max-image-preview:large, max-video-preview:-1\" \/>\n<link rel=\"canonical\" href=\"https:\/\/www.reseau-entreprendre.org\/limousin\/accompagner\/\" \/>\n<meta property=\"og:locale\" content=\"fr_FR\" \/>\n<meta property=\"og:type\" content=\"article\" \/>\n<meta property=\"og:title\" content=\"Accompagner| Reseau Entreprendre Limousin\" \/>\n<meta property=\"og:description\" content=\"Vous \u00eates chef d&#039;entreprise et souhaitez accompagner de nouveaux entrepreneurs ? Devenez membre b\u00e9n\u00e9vole de R\u00e9seau Entreprendre Limousin !\" \/>\n<meta property=\"og:url\" content=\"https:\/\/www.reseau-entreprendre.org\/limousin\/accompagner\/\" \/>\n<meta property=\"og:site_name\" content=\"R\u00e9seau Entreprendre Limousin\" \/>\n<meta property=\"article:modified_time\" content=\"2025-09-23T07:17:20+00:00\" \/>\n<meta name=\"twitter:card\" content=\"summary_large_image\" \/>\n<meta name=\"twitter:label1\" content=\"Dur\u00e9e de lecture estim\u00e9e\" \/>\n\t<meta name=\"twitter:data1\" content=\"2 minutes\" \/>\n<script type=\"application\/ld+json\" class=\"yoast-schema-graph\">{\"@context\":\"https:\\\/\\\/schema.org\",\"@graph\":[{\"@type\":\"WebPage\",\"@id\":\"https:\\\/\\\/www.reseau-entreprendre.org\\\/limousin\\\/accompagner\\\/\",\"url\":\"https:\\\/\\\/www.reseau-entreprendre.org\\\/limousin\\\/accompagner\\\/\",\"name\":\"Accompagner| Reseau Entreprendre Limousin\",\"isPartOf\":{\"@id\":\"https:\\\/\\\/www.reseau-entreprendre.org\\\/limousin\\\/#website\"},\"primaryImageOfPage\":{\"@id\":\"https:\\\/\\\/www.reseau-entreprendre.org\\\/limousin\\\/accompagner\\\/#primaryimage\"},\"image\":{\"@id\":\"https:\\\/\\\/www.reseau-entreprendre.org\\\/limousin\\\/accompagner\\\/#primaryimage\"},\"thumbnailUrl\":\"https:\\\/\\\/www.reseau-entreprendre.org\\\/limousin\\\/wp-content\\\/uploads\\\/sites\\\/62\\\/2024\\\/07\\\/hero-header-engager-edited.png\",\"datePublished\":\"2017-04-28T10:33:47+00:00\",\"dateModified\":\"2025-09-23T07:17:20+00:00\",\"description\":\"Vous \u00eates chef d'entreprise et souhaitez accompagner de nouveaux entrepreneurs ? Devenez membre b\u00e9n\u00e9vole de R\u00e9seau Entreprendre Limousin !\",\"breadcrumb\":{\"@id\":\"https:\\\/\\\/www.reseau-entreprendre.org\\\/limousin\\\/accompagner\\\/#breadcrumb\"},\"inLanguage\":\"fr-FR\",\"potentialAction\":[{\"@type\":\"ReadAction\",\"target\":[\"https:\\\/\\\/www.reseau-entreprendre.org\\\/limousin\\\/accompagner\\\/\"]}]},{\"@type\":\"ImageObject\",\"inLanguage\":\"fr-FR\",\"@id\":\"https:\\\/\\\/www.reseau-entreprendre.org\\\/limousin\\\/accompagner\\\/#primaryimage\",\"url\":\"https:\\\/\\\/www.reseau-entreprendre.org\\\/limousin\\\/wp-content\\\/uploads\\\/sites\\\/62\\\/2024\\\/07\\\/hero-header-engager-edited.png\",\"contentUrl\":\"https:\\\/\\\/www.reseau-entreprendre.org\\\/limousin\\\/wp-content\\\/uploads\\\/sites\\\/62\\\/2024\\\/07\\\/hero-header-engager-edited.png\"},{\"@type\":\"BreadcrumbList\",\"@id\":\"https:\\\/\\\/www.reseau-entreprendre.org\\\/limousin\\\/accompagner\\\/#breadcrumb\",\"itemListElement\":[{\"@type\":\"ListItem\",\"position\":1,\"name\":\"Accueil\",\"item\":\"https:\\\/\\\/www.reseau-entreprendre.org\\\/limousin\\\/\"},{\"@type\":\"ListItem\",\"position\":2,\"name\":\"Accompagner\"}]},{\"@type\":\"WebSite\",\"@id\":\"https:\\\/\\\/www.reseau-entreprendre.org\\\/limousin\\\/#website\",\"url\":\"https:\\\/\\\/www.reseau-entreprendre.org\\\/limousin\\\/\",\"name\":\"R\u00e9seau Entreprendre Limousin\",\"description\":\"Un site utilisant Les sites de R\u00e9seau Entreprendre\",\"potentialAction\":[{\"@type\":\"SearchAction\",\"target\":{\"@type\":\"EntryPoint\",\"urlTemplate\":\"https:\\\/\\\/www.reseau-entreprendre.org\\\/limousin\\\/?s={search_term_string}\"},\"query-input\":{\"@type\":\"PropertyValueSpecification\",\"valueRequired\":true,\"valueName\":\"search_term_string\"}}],\"inLanguage\":\"fr-FR\"}]}<\/script>\n<!-- \/ Yoast SEO plugin. -->","yoast_head_json":{"title":"Accompagner| Reseau Entreprendre Limousin","description":"Vous \u00eates chef d'entreprise et souhaitez accompagner de nouveaux entrepreneurs ? Devenez membre b\u00e9n\u00e9vole de R\u00e9seau Entreprendre Limousin !","robots":{"index":"index","follow":"follow","max-snippet":"max-snippet:-1","max-image-preview":"max-image-preview:large","max-video-preview":"max-video-preview:-1"},"canonical":"https:\/\/www.reseau-entreprendre.org\/limousin\/accompagner\/","og_locale":"fr_FR","og_type":"article","og_title":"Accompagner| Reseau Entreprendre Limousin","og_description":"Vous \u00eates chef d'entreprise et souhaitez accompagner de nouveaux entrepreneurs ? Devenez membre b\u00e9n\u00e9vole de R\u00e9seau Entreprendre Limousin !","og_url":"https:\/\/www.reseau-entreprendre.org\/limousin\/accompagner\/","og_site_name":"R\u00e9seau Entreprendre Limousin","article_modified_time":"2025-09-23T07:17:20+00:00","twitter_card":"summary_large_image","twitter_misc":{"Dur\u00e9e de lecture estim\u00e9e":"2 minutes"},"schema":{"@context":"https:\/\/schema.org","@graph":[{"@type":"WebPage","@id":"https:\/\/www.reseau-entreprendre.org\/limousin\/accompagner\/","url":"https:\/\/www.reseau-entreprendre.org\/limousin\/accompagner\/","name":"Accompagner| Reseau Entreprendre Limousin","isPartOf":{"@id":"https:\/\/www.reseau-entreprendre.org\/limousin\/#website"},"primaryImageOfPage":{"@id":"https:\/\/www.reseau-entreprendre.org\/limousin\/accompagner\/#primaryimage"},"image":{"@id":"https:\/\/www.reseau-entreprendre.org\/limousin\/accompagner\/#primaryimage"},"thumbnailUrl":"https:\/\/www.reseau-entreprendre.org\/limousin\/wp-content\/uploads\/sites\/62\/2024\/07\/hero-header-engager-edited.png","datePublished":"2017-04-28T10:33:47+00:00","dateModified":"2025-09-23T07:17:20+00:00","description":"Vous \u00eates chef d'entreprise et souhaitez accompagner de nouveaux entrepreneurs ? Devenez membre b\u00e9n\u00e9vole de R\u00e9seau Entreprendre Limousin !","breadcrumb":{"@id":"https:\/\/www.reseau-entreprendre.org\/limousin\/accompagner\/#breadcrumb"},"inLanguage":"fr-FR","potentialAction":[{"@type":"ReadAction","target":["https:\/\/www.reseau-entreprendre.org\/limousin\/accompagner\/"]}]},{"@type":"ImageObject","inLanguage":"fr-FR","@id":"https:\/\/www.reseau-entreprendre.org\/limousin\/accompagner\/#primaryimage","url":"https:\/\/www.reseau-entreprendre.org\/limousin\/wp-content\/uploads\/sites\/62\/2024\/07\/hero-header-engager-edited.png","contentUrl":"https:\/\/www.reseau-entreprendre.org\/limousin\/wp-content\/uploads\/sites\/62\/2024\/07\/hero-header-engager-edited.png"},{"@type":"BreadcrumbList","@id":"https:\/\/www.reseau-entreprendre.org\/limousin\/accompagner\/#breadcrumb","itemListElement":[{"@type":"ListItem","position":1,"name":"Accueil","item":"https:\/\/www.reseau-entreprendre.org\/limousin\/"},{"@type":"ListItem","position":2,"name":"Accompagner"}]},{"@type":"WebSite","@id":"https:\/\/www.reseau-entreprendre.org\/limousin\/#website","url":"https:\/\/www.reseau-entreprendre.org\/limousin\/","name":"R\u00e9seau Entreprendre Limousin","description":"Un site utilisant Les sites de R\u00e9seau Entreprendre","potentialAction":[{"@type":"SearchAction","target":{"@type":"EntryPoint","urlTemplate":"https:\/\/www.reseau-entreprendre.org\/limousin\/?s={search_term_string}"},"query-input":{"@type":"PropertyValueSpecification","valueRequired":true,"valueName":"search_term_string"}}],"inLanguage":"fr-FR"}]}},"_links":{"self":[{"href":"https:\/\/www.reseau-entreprendre.org\/limousin\/wp-json\/wp\/v2\/pages\/15","targetHints":{"allow":["GET"]}}],"collection":[{"href":"https:\/\/www.reseau-entreprendre.org\/limousin\/wp-json\/wp\/v2\/pages"}],"about":[{"href":"https:\/\/www.reseau-entreprendre.org\/limousin\/wp-json\/wp\/v2\/types\/page"}],"author":[{"embeddable":true,"href":"https:\/\/www.reseau-entreprendre.org\/limousin\/wp-json\/wp\/v2\/users\/63"}],"replies":[{"embeddable":true,"href":"https:\/\/www.reseau-entreprendre.org\/limousin\/wp-json\/wp\/v2\/comments?post=15"}],"version-history":[{"count":0,"href":"https:\/\/www.reseau-entreprendre.org\/limousin\/wp-json\/wp\/v2\/pages\/15\/revisions"}],"wp:attachment":[{"href":"https:\/\/www.reseau-entreprendre.org\/limousin\/wp-json\/wp\/v2\/media?parent=15"}],"curies":[{"name":"wp","href":"https:\/\/api.w.org\/{rel}","templated":true}]}}