{"id":11,"date":"2017-04-28T12:33:20","date_gmt":"2017-04-28T10:33:20","guid":{"rendered":"https:\/\/www.reseau-entreprendre.org\/val-de-loire\/?page_id=11"},"modified":"2024-10-30T21:18:03","modified_gmt":"2024-10-30T20:18:03","slug":"qui-sommes-nous","status":"publish","type":"page","link":"https:\/\/www.reseau-entreprendre.org\/loir-et-berry\/qui-sommes-nous\/","title":{"rendered":"Qui sommes nous ?"},"content":{"rendered":"\n<div class=\"wp-block-columns is-layout-flex wp-container-core-columns-is-layout-9d6595d7 wp-block-columns-is-layout-flex\">\n<div class=\"wp-block-column is-layout-flow wp-block-column-is-layout-flow\">\n<figure class=\"wp-block-image size-large is-resized\"><img loading=\"lazy\" decoding=\"async\" width=\"724\" height=\"1024\" src=\"https:\/\/www.reseau-entreprendre.org\/loir-et-berry\/wp-content\/uploads\/sites\/82\/2020\/10\/4qy5woyu-724x1024.png\" alt=\"\" class=\"wp-image-1169\" style=\"width:444px;height:768px\" srcset=\"https:\/\/www.reseau-entreprendre.org\/loir-et-berry\/wp-content\/uploads\/sites\/82\/2020\/10\/4qy5woyu-724x1024.png 724w, https:\/\/www.reseau-entreprendre.org\/loir-et-berry\/wp-content\/uploads\/sites\/82\/2020\/10\/4qy5woyu-212x300.png 212w, https:\/\/www.reseau-entreprendre.org\/loir-et-berry\/wp-content\/uploads\/sites\/82\/2020\/10\/4qy5woyu-768x1087.png 768w, https:\/\/www.reseau-entreprendre.org\/loir-et-berry\/wp-content\/uploads\/sites\/82\/2020\/10\/4qy5woyu-1085x1536.png 1085w, https:\/\/www.reseau-entreprendre.org\/loir-et-berry\/wp-content\/uploads\/sites\/82\/2020\/10\/4qy5woyu.png 1447w\" sizes=\"auto, (max-width: 724px) 100vw, 724px\" \/><\/figure>\n<\/div>\n\n\n\n<div class=\"wp-block-column is-layout-flow wp-block-column-is-layout-flow\">\n<figure class=\"wp-block-image size-full is-resized\"><img loading=\"lazy\" decoding=\"async\" width=\"592\" height=\"836\" src=\"https:\/\/www.reseau-entreprendre.org\/loir-et-berry\/wp-content\/uploads\/sites\/82\/2020\/10\/Capture.png\" alt=\"\" class=\"wp-image-1167\" style=\"width:444px;height:627px\" srcset=\"https:\/\/www.reseau-entreprendre.org\/loir-et-berry\/wp-content\/uploads\/sites\/82\/2020\/10\/Capture.png 592w, https:\/\/www.reseau-entreprendre.org\/loir-et-berry\/wp-content\/uploads\/sites\/82\/2020\/10\/Capture-212x300.png 212w\" sizes=\"auto, (max-width: 592px) 100vw, 592px\" \/><\/figure>\n<\/div>\n<\/div>\n\n\n\n<p>Nous sommes un r\u00e9seau de <strong>85 chefs d&#8217;entreprise <\/strong>en activit\u00e9 implant\u00e9s dans <strong>3 d\u00e9partements de la r\u00e9gion Centre : <\/strong><\/p>\n\n\n\n<div class=\"wp-block-columns is-layout-flex wp-container-core-columns-is-layout-9d6595d7 wp-block-columns-is-layout-flex\">\n<div class=\"wp-block-column is-layout-flow wp-block-column-is-layout-flow\">\n<p class=\"has-text-align-center\"><strong>le Cher (18)<\/strong><\/p>\n\n\n\n<p class=\"has-text-align-center\"><strong>l&#8217;Eure et Loir (28)<\/strong><\/p>\n\n\n\n<p class=\"has-text-align-center\"><strong>le<\/strong> <strong>Loiret (45)<\/strong><\/p>\n<\/div>\n\n\n\n<div class=\"wp-block-column is-layout-flow wp-block-column-is-layout-flow\"><div class=\"wp-block-image\">\n<figure class=\"aligncenter is-resized\"><a href=\"https:\/\/www.reseau-entreprendre.org\/loir-et-berry\/wp-content\/uploads\/sites\/82\/2020\/10\/d\u00e9partements.png\"><img loading=\"lazy\" decoding=\"async\" width=\"183\" height=\"300\" src=\"https:\/\/www.reseau-entreprendre.org\/loir-et-berry\/wp-content\/uploads\/sites\/82\/2020\/10\/d\u00e9partements-183x300.png\" alt=\"\" class=\"wp-image-1217\" style=\"width:120px;height:196px\" srcset=\"https:\/\/www.reseau-entreprendre.org\/loir-et-berry\/wp-content\/uploads\/sites\/82\/2020\/10\/d\u00e9partements-183x300.png 183w, https:\/\/www.reseau-entreprendre.org\/loir-et-berry\/wp-content\/uploads\/sites\/82\/2020\/10\/d\u00e9partements.png 423w\" sizes=\"auto, (max-width: 183px) 100vw, 183px\" \/><\/a><\/figure>\n<\/div><\/div>\n<\/div>\n\n\n\n<p>La conjonction des trois d\u00e9partements a donn\u00e9 le nom \u00e0 notre R\u00e9seau soit Loir pour le 28, Loir ET pour le 45 et Berry pour le 18.<\/p>\n\n\n\n<p>Notre association compte <strong>9 administrateurs<\/strong> issus de ces 3 d\u00e9partements.<\/p>\n\n\n\n<p>Nous sommes tous chefs d&#8217;entreprises, engag\u00e9s pour la r\u00e9ussite de nouveaux entrepreneurs \u00e0 fort potentiel de cr\u00e9ation d&#8217;emplois.<\/p>\n\n\n\n<p>Pour cela nous participons au processus de validation des porteurs de projet, assistons aux comit\u00e9s d&#8217;engagement, aux moments forts de notre r\u00e9seau et suivons les laur\u00e9ats pendant deux ans minimum.<\/p>\n","protected":false},"excerpt":{"rendered":"<p>Nous sommes un r\u00e9seau de 85 chefs d&#8217;entreprise en activit\u00e9<\/p>\n","protected":false},"author":102,"featured_media":1149,"parent":0,"menu_order":0,"comment_status":"closed","ping_status":"closed","template":"","meta":{"_acf_changed":false,"_monsterinsights_skip_tracking":false,"_monsterinsights_sitenote_active":false,"_monsterinsights_sitenote_note":"","_monsterinsights_sitenote_category":0,"footnotes":""},"class_list":["post-11","page","type-page","status-publish","has-post-thumbnail","hentry"],"acf":[],"yoast_head":"<!-- This site is optimized with the Yoast SEO plugin v27.4 - https:\/\/yoast.com\/product\/yoast-seo-wordpress\/ -->\n<title>Qui sommes-nous ? | Reseau Entreprendre Loir et Berry<\/title>\n<meta name=\"description\" content=\"R\u00e9seau Entreprendre Loir et Berry est l&#039;association de chefs d&#039;entreprise de votre r\u00e9gion.\" \/>\n<meta name=\"robots\" content=\"index, follow, max-snippet:-1, max-image-preview:large, max-video-preview:-1\" \/>\n<link rel=\"canonical\" href=\"https:\/\/www.reseau-entreprendre.org\/loir-et-berry\/qui-sommes-nous\/\" \/>\n<meta property=\"og:locale\" content=\"fr_FR\" \/>\n<meta property=\"og:type\" content=\"article\" \/>\n<meta property=\"og:title\" content=\"Qui sommes-nous ? | Reseau Entreprendre Loir et Berry\" \/>\n<meta property=\"og:description\" content=\"R\u00e9seau Entreprendre Loir et Berry est l&#039;association de chefs d&#039;entreprise de votre r\u00e9gion.\" \/>\n<meta property=\"og:url\" content=\"https:\/\/www.reseau-entreprendre.org\/loir-et-berry\/qui-sommes-nous\/\" \/>\n<meta property=\"og:site_name\" content=\"R\u00e9seau Entreprendre Loir et Berry\" \/>\n<meta property=\"article:modified_time\" content=\"2024-10-30T20:18:03+00:00\" \/>\n<meta property=\"og:image\" content=\"https:\/\/www.reseau-entreprendre.org\/loir-et-berry\/wp-content\/uploads\/sites\/82\/2020\/10\/IMG_7637-scaled.jpg\" \/>\n\t<meta property=\"og:image:width\" content=\"2560\" \/>\n\t<meta property=\"og:image:height\" content=\"1595\" \/>\n\t<meta property=\"og:image:type\" content=\"image\/jpeg\" \/>\n<meta name=\"twitter:card\" content=\"summary_large_image\" \/>\n<meta name=\"twitter:label1\" content=\"Dur\u00e9e de lecture estim\u00e9e\" \/>\n\t<meta name=\"twitter:data1\" content=\"2 minutes\" \/>\n<script type=\"application\/ld+json\" class=\"yoast-schema-graph\">{\"@context\":\"https:\\\/\\\/schema.org\",\"@graph\":[{\"@type\":\"WebPage\",\"@id\":\"https:\\\/\\\/www.reseau-entreprendre.org\\\/loir-et-berry\\\/qui-sommes-nous\\\/\",\"url\":\"https:\\\/\\\/www.reseau-entreprendre.org\\\/loir-et-berry\\\/qui-sommes-nous\\\/\",\"name\":\"Qui sommes-nous ? | Reseau Entreprendre Loir et Berry\",\"isPartOf\":{\"@id\":\"https:\\\/\\\/www.reseau-entreprendre.org\\\/loir-et-berry\\\/#website\"},\"primaryImageOfPage\":{\"@id\":\"https:\\\/\\\/www.reseau-entreprendre.org\\\/loir-et-berry\\\/qui-sommes-nous\\\/#primaryimage\"},\"image\":{\"@id\":\"https:\\\/\\\/www.reseau-entreprendre.org\\\/loir-et-berry\\\/qui-sommes-nous\\\/#primaryimage\"},\"thumbnailUrl\":\"https:\\\/\\\/www.reseau-entreprendre.org\\\/loir-et-berry\\\/wp-content\\\/uploads\\\/sites\\\/82\\\/2020\\\/10\\\/IMG_7637-scaled.jpg\",\"datePublished\":\"2017-04-28T10:33:20+00:00\",\"dateModified\":\"2024-10-30T20:18:03+00:00\",\"description\":\"R\u00e9seau Entreprendre Loir et Berry est l'association de chefs d'entreprise de votre r\u00e9gion.\",\"breadcrumb\":{\"@id\":\"https:\\\/\\\/www.reseau-entreprendre.org\\\/loir-et-berry\\\/qui-sommes-nous\\\/#breadcrumb\"},\"inLanguage\":\"fr-FR\",\"potentialAction\":[{\"@type\":\"ReadAction\",\"target\":[\"https:\\\/\\\/www.reseau-entreprendre.org\\\/loir-et-berry\\\/qui-sommes-nous\\\/\"]}]},{\"@type\":\"ImageObject\",\"inLanguage\":\"fr-FR\",\"@id\":\"https:\\\/\\\/www.reseau-entreprendre.org\\\/loir-et-berry\\\/qui-sommes-nous\\\/#primaryimage\",\"url\":\"https:\\\/\\\/www.reseau-entreprendre.org\\\/loir-et-berry\\\/wp-content\\\/uploads\\\/sites\\\/82\\\/2020\\\/10\\\/IMG_7637-scaled.jpg\",\"contentUrl\":\"https:\\\/\\\/www.reseau-entreprendre.org\\\/loir-et-berry\\\/wp-content\\\/uploads\\\/sites\\\/82\\\/2020\\\/10\\\/IMG_7637-scaled.jpg\",\"width\":2560,\"height\":1595},{\"@type\":\"BreadcrumbList\",\"@id\":\"https:\\\/\\\/www.reseau-entreprendre.org\\\/loir-et-berry\\\/qui-sommes-nous\\\/#breadcrumb\",\"itemListElement\":[{\"@type\":\"ListItem\",\"position\":1,\"name\":\"Accueil\",\"item\":\"https:\\\/\\\/www.reseau-entreprendre.org\\\/loir-et-berry\\\/\"},{\"@type\":\"ListItem\",\"position\":2,\"name\":\"Qui sommes nous ?\"}]},{\"@type\":\"WebSite\",\"@id\":\"https:\\\/\\\/www.reseau-entreprendre.org\\\/loir-et-berry\\\/#website\",\"url\":\"https:\\\/\\\/www.reseau-entreprendre.org\\\/loir-et-berry\\\/\",\"name\":\"R\u00e9seau Entreprendre Loir et Berry\",\"description\":\"Un site utilisant Les sites de R\u00e9seau Entreprendre\",\"potentialAction\":[{\"@type\":\"SearchAction\",\"target\":{\"@type\":\"EntryPoint\",\"urlTemplate\":\"https:\\\/\\\/www.reseau-entreprendre.org\\\/loir-et-berry\\\/?s={search_term_string}\"},\"query-input\":{\"@type\":\"PropertyValueSpecification\",\"valueRequired\":true,\"valueName\":\"search_term_string\"}}],\"inLanguage\":\"fr-FR\"}]}<\/script>\n<!-- \/ Yoast SEO plugin. -->","yoast_head_json":{"title":"Qui sommes-nous ? | Reseau Entreprendre Loir et Berry","description":"R\u00e9seau Entreprendre Loir et Berry est l'association de chefs d'entreprise de votre r\u00e9gion.","robots":{"index":"index","follow":"follow","max-snippet":"max-snippet:-1","max-image-preview":"max-image-preview:large","max-video-preview":"max-video-preview:-1"},"canonical":"https:\/\/www.reseau-entreprendre.org\/loir-et-berry\/qui-sommes-nous\/","og_locale":"fr_FR","og_type":"article","og_title":"Qui sommes-nous ? | Reseau Entreprendre Loir et Berry","og_description":"R\u00e9seau Entreprendre Loir et Berry est l'association de chefs d'entreprise de votre r\u00e9gion.","og_url":"https:\/\/www.reseau-entreprendre.org\/loir-et-berry\/qui-sommes-nous\/","og_site_name":"R\u00e9seau Entreprendre Loir et Berry","article_modified_time":"2024-10-30T20:18:03+00:00","og_image":[{"width":2560,"height":1595,"url":"https:\/\/www.reseau-entreprendre.org\/loir-et-berry\/wp-content\/uploads\/sites\/82\/2020\/10\/IMG_7637-scaled.jpg","type":"image\/jpeg"}],"twitter_card":"summary_large_image","twitter_misc":{"Dur\u00e9e de lecture estim\u00e9e":"2 minutes"},"schema":{"@context":"https:\/\/schema.org","@graph":[{"@type":"WebPage","@id":"https:\/\/www.reseau-entreprendre.org\/loir-et-berry\/qui-sommes-nous\/","url":"https:\/\/www.reseau-entreprendre.org\/loir-et-berry\/qui-sommes-nous\/","name":"Qui sommes-nous ? | Reseau Entreprendre Loir et Berry","isPartOf":{"@id":"https:\/\/www.reseau-entreprendre.org\/loir-et-berry\/#website"},"primaryImageOfPage":{"@id":"https:\/\/www.reseau-entreprendre.org\/loir-et-berry\/qui-sommes-nous\/#primaryimage"},"image":{"@id":"https:\/\/www.reseau-entreprendre.org\/loir-et-berry\/qui-sommes-nous\/#primaryimage"},"thumbnailUrl":"https:\/\/www.reseau-entreprendre.org\/loir-et-berry\/wp-content\/uploads\/sites\/82\/2020\/10\/IMG_7637-scaled.jpg","datePublished":"2017-04-28T10:33:20+00:00","dateModified":"2024-10-30T20:18:03+00:00","description":"R\u00e9seau Entreprendre Loir et Berry est l'association de chefs d'entreprise de votre r\u00e9gion.","breadcrumb":{"@id":"https:\/\/www.reseau-entreprendre.org\/loir-et-berry\/qui-sommes-nous\/#breadcrumb"},"inLanguage":"fr-FR","potentialAction":[{"@type":"ReadAction","target":["https:\/\/www.reseau-entreprendre.org\/loir-et-berry\/qui-sommes-nous\/"]}]},{"@type":"ImageObject","inLanguage":"fr-FR","@id":"https:\/\/www.reseau-entreprendre.org\/loir-et-berry\/qui-sommes-nous\/#primaryimage","url":"https:\/\/www.reseau-entreprendre.org\/loir-et-berry\/wp-content\/uploads\/sites\/82\/2020\/10\/IMG_7637-scaled.jpg","contentUrl":"https:\/\/www.reseau-entreprendre.org\/loir-et-berry\/wp-content\/uploads\/sites\/82\/2020\/10\/IMG_7637-scaled.jpg","width":2560,"height":1595},{"@type":"BreadcrumbList","@id":"https:\/\/www.reseau-entreprendre.org\/loir-et-berry\/qui-sommes-nous\/#breadcrumb","itemListElement":[{"@type":"ListItem","position":1,"name":"Accueil","item":"https:\/\/www.reseau-entreprendre.org\/loir-et-berry\/"},{"@type":"ListItem","position":2,"name":"Qui sommes nous ?"}]},{"@type":"WebSite","@id":"https:\/\/www.reseau-entreprendre.org\/loir-et-berry\/#website","url":"https:\/\/www.reseau-entreprendre.org\/loir-et-berry\/","name":"R\u00e9seau Entreprendre Loir et Berry","description":"Un site utilisant Les sites de R\u00e9seau Entreprendre","potentialAction":[{"@type":"SearchAction","target":{"@type":"EntryPoint","urlTemplate":"https:\/\/www.reseau-entreprendre.org\/loir-et-berry\/?s={search_term_string}"},"query-input":{"@type":"PropertyValueSpecification","valueRequired":true,"valueName":"search_term_string"}}],"inLanguage":"fr-FR"}]}},"_links":{"self":[{"href":"https:\/\/www.reseau-entreprendre.org\/loir-et-berry\/wp-json\/wp\/v2\/pages\/11","targetHints":{"allow":["GET"]}}],"collection":[{"href":"https:\/\/www.reseau-entreprendre.org\/loir-et-berry\/wp-json\/wp\/v2\/pages"}],"about":[{"href":"https:\/\/www.reseau-entreprendre.org\/loir-et-berry\/wp-json\/wp\/v2\/types\/page"}],"author":[{"embeddable":true,"href":"https:\/\/www.reseau-entreprendre.org\/loir-et-berry\/wp-json\/wp\/v2\/users\/102"}],"replies":[{"embeddable":true,"href":"https:\/\/www.reseau-entreprendre.org\/loir-et-berry\/wp-json\/wp\/v2\/comments?post=11"}],"version-history":[{"count":0,"href":"https:\/\/www.reseau-entreprendre.org\/loir-et-berry\/wp-json\/wp\/v2\/pages\/11\/revisions"}],"wp:featuredmedia":[{"embeddable":true,"href":"https:\/\/www.reseau-entreprendre.org\/loir-et-berry\/wp-json\/wp\/v2\/media\/1149"}],"wp:attachment":[{"href":"https:\/\/www.reseau-entreprendre.org\/loir-et-berry\/wp-json\/wp\/v2\/media?parent=11"}],"curies":[{"name":"wp","href":"https:\/\/api.w.org\/{rel}","templated":true}]}}