{"id":17,"date":"2017-04-28T12:34:01","date_gmt":"2017-04-28T10:34:01","guid":{"rendered":"https:\/\/www.reseau-entreprendre.org\/val-de-loire\/?page_id=17"},"modified":"2024-12-03T16:01:15","modified_gmt":"2024-12-03T15:01:15","slug":"soutenir","status":"publish","type":"page","link":"https:\/\/www.reseau-entreprendre.org\/loir-et-berry\/soutenir\/","title":{"rendered":"Soutenir"},"content":{"rendered":"\n<p>Depuis sa cr\u00e9ation, <strong>R\u00e9seau Entreprendre Loir Et Berry<\/strong>, fruit de l&#8217;essaimage de R\u00e9seau Entreprendre Val De Loire a nou\u00e9 de nombreux partenariats avec des institutions, des organismes financiers, les chambres consulaires, des grandes entreprises qui contribuent \u00e0 son d\u00e9veloppement.<br>Pour une grande majorit\u00e9, ils sont partenaires depuis le d\u00e9but et s\u2019investissent r\u00e9guli\u00e8rement dans la vie du r\u00e9seau ou lors de nos \u00e9v\u00e9nements.<\/p>\n\n\n\n<div class=\"wp-block-group\"><div class=\"wp-block-group__inner-container is-layout-flow wp-block-group-is-layout-flow\">\n<div class=\"wp-block-columns is-layout-flex wp-container-core-columns-is-layout-9d6595d7 wp-block-columns-is-layout-flex\">\n<div class=\"wp-block-column is-layout-flow wp-block-column-is-layout-flow\"><div class=\"wp-block-image is-style-default\">\n<figure class=\"alignleft size-large\"><img loading=\"lazy\" decoding=\"async\" width=\"1024\" height=\"771\" src=\"https:\/\/www.reseau-entreprendre.org\/loir-et-berry\/wp-content\/uploads\/sites\/82\/2024\/11\/2023-COE-28-MTS-REnov-Matthieu-Mateus-1-1024x771.jpg\" alt=\"\" class=\"wp-image-4186\" srcset=\"https:\/\/www.reseau-entreprendre.org\/loir-et-berry\/wp-content\/uploads\/sites\/82\/2024\/11\/2023-COE-28-MTS-REnov-Matthieu-Mateus-1-1024x771.jpg 1024w, https:\/\/www.reseau-entreprendre.org\/loir-et-berry\/wp-content\/uploads\/sites\/82\/2024\/11\/2023-COE-28-MTS-REnov-Matthieu-Mateus-1-300x226.jpg 300w, https:\/\/www.reseau-entreprendre.org\/loir-et-berry\/wp-content\/uploads\/sites\/82\/2024\/11\/2023-COE-28-MTS-REnov-Matthieu-Mateus-1-768x578.jpg 768w, https:\/\/www.reseau-entreprendre.org\/loir-et-berry\/wp-content\/uploads\/sites\/82\/2024\/11\/2023-COE-28-MTS-REnov-Matthieu-Mateus-1-1536x1157.jpg 1536w, https:\/\/www.reseau-entreprendre.org\/loir-et-berry\/wp-content\/uploads\/sites\/82\/2024\/11\/2023-COE-28-MTS-REnov-Matthieu-Mateus-1-2048x1542.jpg 2048w, https:\/\/www.reseau-entreprendre.org\/loir-et-berry\/wp-content\/uploads\/sites\/82\/2024\/11\/2023-COE-28-MTS-REnov-Matthieu-Mateus-1-173x130.jpg 173w, https:\/\/www.reseau-entreprendre.org\/loir-et-berry\/wp-content\/uploads\/sites\/82\/2024\/11\/2023-COE-28-MTS-REnov-Matthieu-Mateus-1-100x75.jpg 100w\" sizes=\"auto, (max-width: 1024px) 100vw, 1024px\" \/><\/figure>\n<\/div><\/div>\n\n\n\n<div class=\"wp-block-column is-layout-flow wp-block-column-is-layout-flow\"><div class=\"wp-block-image is-style-default\">\n<figure class=\"aligncenter size-full\"><img loading=\"lazy\" decoding=\"async\" width=\"2560\" height=\"1636\" src=\"https:\/\/www.reseau-entreprendre.org\/loir-et-berry\/wp-content\/uploads\/sites\/82\/2024\/11\/2023-CL-28-avec-membres-Guinguette-scaled.jpg\" alt=\"\" class=\"wp-image-4187\" srcset=\"https:\/\/www.reseau-entreprendre.org\/loir-et-berry\/wp-content\/uploads\/sites\/82\/2024\/11\/2023-CL-28-avec-membres-Guinguette-scaled.jpg 2560w, https:\/\/www.reseau-entreprendre.org\/loir-et-berry\/wp-content\/uploads\/sites\/82\/2024\/11\/2023-CL-28-avec-membres-Guinguette-300x192.jpg 300w, https:\/\/www.reseau-entreprendre.org\/loir-et-berry\/wp-content\/uploads\/sites\/82\/2024\/11\/2023-CL-28-avec-membres-Guinguette-1024x654.jpg 1024w, https:\/\/www.reseau-entreprendre.org\/loir-et-berry\/wp-content\/uploads\/sites\/82\/2024\/11\/2023-CL-28-avec-membres-Guinguette-768x491.jpg 768w, https:\/\/www.reseau-entreprendre.org\/loir-et-berry\/wp-content\/uploads\/sites\/82\/2024\/11\/2023-CL-28-avec-membres-Guinguette-1536x981.jpg 1536w, https:\/\/www.reseau-entreprendre.org\/loir-et-berry\/wp-content\/uploads\/sites\/82\/2024\/11\/2023-CL-28-avec-membres-Guinguette-2048x1309.jpg 2048w, https:\/\/www.reseau-entreprendre.org\/loir-et-berry\/wp-content\/uploads\/sites\/82\/2024\/11\/2023-CL-28-avec-membres-Guinguette-203x130.jpg 203w, https:\/\/www.reseau-entreprendre.org\/loir-et-berry\/wp-content\/uploads\/sites\/82\/2024\/11\/2023-CL-28-avec-membres-Guinguette-100x64.jpg 100w\" sizes=\"auto, (max-width: 2560px) 100vw, 2560px\" \/><\/figure>\n<\/div><\/div>\n<\/div>\n<\/div><\/div>\n\n\n\n<div class=\"wp-block-group\"><div class=\"wp-block-group__inner-container is-layout-flow wp-block-group-is-layout-flow\">\n<div class=\"wp-block-columns is-layout-flex wp-container-core-columns-is-layout-9d6595d7 wp-block-columns-is-layout-flex\">\n<div class=\"wp-block-column is-layout-flow wp-block-column-is-layout-flow\"><div class=\"wp-block-image is-style-default\">\n<figure class=\"aligncenter size-large\"><img loading=\"lazy\" decoding=\"async\" width=\"1024\" height=\"768\" src=\"https:\/\/www.reseau-entreprendre.org\/loir-et-berry\/wp-content\/uploads\/sites\/82\/2024\/11\/2024-04-CL-28-chez-Lumart-1024x768.jpg\" alt=\"\" class=\"wp-image-4183\" srcset=\"https:\/\/www.reseau-entreprendre.org\/loir-et-berry\/wp-content\/uploads\/sites\/82\/2024\/11\/2024-04-CL-28-chez-Lumart-1024x768.jpg 1024w, https:\/\/www.reseau-entreprendre.org\/loir-et-berry\/wp-content\/uploads\/sites\/82\/2024\/11\/2024-04-CL-28-chez-Lumart-300x225.jpg 300w, https:\/\/www.reseau-entreprendre.org\/loir-et-berry\/wp-content\/uploads\/sites\/82\/2024\/11\/2024-04-CL-28-chez-Lumart-768x576.jpg 768w, https:\/\/www.reseau-entreprendre.org\/loir-et-berry\/wp-content\/uploads\/sites\/82\/2024\/11\/2024-04-CL-28-chez-Lumart-1536x1152.jpg 1536w, https:\/\/www.reseau-entreprendre.org\/loir-et-berry\/wp-content\/uploads\/sites\/82\/2024\/11\/2024-04-CL-28-chez-Lumart-173x130.jpg 173w, https:\/\/www.reseau-entreprendre.org\/loir-et-berry\/wp-content\/uploads\/sites\/82\/2024\/11\/2024-04-CL-28-chez-Lumart-100x75.jpg 100w, https:\/\/www.reseau-entreprendre.org\/loir-et-berry\/wp-content\/uploads\/sites\/82\/2024\/11\/2024-04-CL-28-chez-Lumart.jpg 2048w\" sizes=\"auto, (max-width: 1024px) 100vw, 1024px\" \/><\/figure>\n<\/div><\/div>\n\n\n\n<div class=\"wp-block-column is-layout-flow wp-block-column-is-layout-flow\">\n<figure class=\"wp-block-image size-full is-resized is-style-default\"><img loading=\"lazy\" decoding=\"async\" width=\"960\" height=\"1280\" src=\"https:\/\/www.reseau-entreprendre.org\/loir-et-berry\/wp-content\/uploads\/sites\/82\/2024\/11\/2024-copil-45.jpg\" alt=\"\" class=\"wp-image-4184\" style=\"width:313px;height:auto\" srcset=\"https:\/\/www.reseau-entreprendre.org\/loir-et-berry\/wp-content\/uploads\/sites\/82\/2024\/11\/2024-copil-45.jpg 960w, https:\/\/www.reseau-entreprendre.org\/loir-et-berry\/wp-content\/uploads\/sites\/82\/2024\/11\/2024-copil-45-225x300.jpg 225w, https:\/\/www.reseau-entreprendre.org\/loir-et-berry\/wp-content\/uploads\/sites\/82\/2024\/11\/2024-copil-45-768x1024.jpg 768w, https:\/\/www.reseau-entreprendre.org\/loir-et-berry\/wp-content\/uploads\/sites\/82\/2024\/11\/2024-copil-45-300x400.jpg 300w, https:\/\/www.reseau-entreprendre.org\/loir-et-berry\/wp-content\/uploads\/sites\/82\/2024\/11\/2024-copil-45-98x130.jpg 98w, https:\/\/www.reseau-entreprendre.org\/loir-et-berry\/wp-content\/uploads\/sites\/82\/2024\/11\/2024-copil-45-75x100.jpg 75w\" sizes=\"auto, (max-width: 960px) 100vw, 960px\" \/><\/figure>\n<\/div>\n<\/div>\n<\/div><\/div>\n\n\n\n<div class=\"wp-block-group\"><div class=\"wp-block-group__inner-container is-layout-flow wp-block-group-is-layout-flow\">\n<div class=\"wp-block-columns is-layout-flex wp-container-core-columns-is-layout-9d6595d7 wp-block-columns-is-layout-flex\">\n<div class=\"wp-block-column is-layout-flow wp-block-column-is-layout-flow\"><div class=\"wp-block-image is-style-default\">\n<figure class=\"alignleft size-large\"><img loading=\"lazy\" decoding=\"async\" width=\"1024\" height=\"769\" src=\"https:\/\/www.reseau-entreprendre.org\/loir-et-berry\/wp-content\/uploads\/sites\/82\/2024\/11\/2024-05-CL-28-chez-Chartres-a-Bloc-1-1024x769.jpg\" alt=\"\" class=\"wp-image-4181\" srcset=\"https:\/\/www.reseau-entreprendre.org\/loir-et-berry\/wp-content\/uploads\/sites\/82\/2024\/11\/2024-05-CL-28-chez-Chartres-a-Bloc-1-1024x769.jpg 1024w, https:\/\/www.reseau-entreprendre.org\/loir-et-berry\/wp-content\/uploads\/sites\/82\/2024\/11\/2024-05-CL-28-chez-Chartres-a-Bloc-1-300x225.jpg 300w, https:\/\/www.reseau-entreprendre.org\/loir-et-berry\/wp-content\/uploads\/sites\/82\/2024\/11\/2024-05-CL-28-chez-Chartres-a-Bloc-1-768x577.jpg 768w, https:\/\/www.reseau-entreprendre.org\/loir-et-berry\/wp-content\/uploads\/sites\/82\/2024\/11\/2024-05-CL-28-chez-Chartres-a-Bloc-1-1536x1154.jpg 1536w, https:\/\/www.reseau-entreprendre.org\/loir-et-berry\/wp-content\/uploads\/sites\/82\/2024\/11\/2024-05-CL-28-chez-Chartres-a-Bloc-1-2048x1538.jpg 2048w, https:\/\/www.reseau-entreprendre.org\/loir-et-berry\/wp-content\/uploads\/sites\/82\/2024\/11\/2024-05-CL-28-chez-Chartres-a-Bloc-1-173x130.jpg 173w, https:\/\/www.reseau-entreprendre.org\/loir-et-berry\/wp-content\/uploads\/sites\/82\/2024\/11\/2024-05-CL-28-chez-Chartres-a-Bloc-1-100x75.jpg 100w\" sizes=\"auto, (max-width: 1024px) 100vw, 1024px\" \/><\/figure>\n<\/div><\/div>\n\n\n\n<div class=\"wp-block-column is-layout-flow wp-block-column-is-layout-flow\"><div class=\"wp-block-image is-style-default\">\n<figure class=\"aligncenter size-full\"><img loading=\"lazy\" decoding=\"async\" width=\"1024\" height=\"768\" src=\"https:\/\/www.reseau-entreprendre.org\/loir-et-berry\/wp-content\/uploads\/sites\/82\/2024\/11\/2023-11-21-CL18-Pates-Fabre.jpg\" alt=\"\" class=\"wp-image-4182\" srcset=\"https:\/\/www.reseau-entreprendre.org\/loir-et-berry\/wp-content\/uploads\/sites\/82\/2024\/11\/2023-11-21-CL18-Pates-Fabre.jpg 1024w, https:\/\/www.reseau-entreprendre.org\/loir-et-berry\/wp-content\/uploads\/sites\/82\/2024\/11\/2023-11-21-CL18-Pates-Fabre-300x225.jpg 300w, https:\/\/www.reseau-entreprendre.org\/loir-et-berry\/wp-content\/uploads\/sites\/82\/2024\/11\/2023-11-21-CL18-Pates-Fabre-768x576.jpg 768w, https:\/\/www.reseau-entreprendre.org\/loir-et-berry\/wp-content\/uploads\/sites\/82\/2024\/11\/2023-11-21-CL18-Pates-Fabre-173x130.jpg 173w, https:\/\/www.reseau-entreprendre.org\/loir-et-berry\/wp-content\/uploads\/sites\/82\/2024\/11\/2023-11-21-CL18-Pates-Fabre-100x75.jpg 100w\" sizes=\"auto, (max-width: 1024px) 100vw, 1024px\" \/><\/figure>\n<\/div><\/div>\n<\/div>\n<\/div><\/div>\n\n\n\n<div class=\"wp-block-group\"><div class=\"wp-block-group__inner-container is-layout-flow wp-block-group-is-layout-flow\">\n<div class=\"wp-block-columns is-layout-flex wp-container-core-columns-is-layout-9d6595d7 wp-block-columns-is-layout-flex\">\n<div class=\"wp-block-column is-layout-flow wp-block-column-is-layout-flow\"><div class=\"wp-block-image is-style-default\">\n<figure class=\"alignleft size-full\"><img loading=\"lazy\" decoding=\"async\" width=\"640\" height=\"480\" src=\"https:\/\/www.reseau-entreprendre.org\/loir-et-berry\/wp-content\/uploads\/sites\/82\/2020\/05\/copil-45.jpg\" alt=\"\" class=\"wp-image-1067\" srcset=\"https:\/\/www.reseau-entreprendre.org\/loir-et-berry\/wp-content\/uploads\/sites\/82\/2020\/05\/copil-45.jpg 640w, https:\/\/www.reseau-entreprendre.org\/loir-et-berry\/wp-content\/uploads\/sites\/82\/2020\/05\/copil-45-300x225.jpg 300w\" sizes=\"auto, (max-width: 640px) 100vw, 640px\" \/><\/figure>\n<\/div><\/div>\n\n\n\n<div class=\"wp-block-column is-layout-flow wp-block-column-is-layout-flow\"><div class=\"wp-block-image is-style-default\">\n<figure class=\"aligncenter size-full\"><img loading=\"lazy\" decoding=\"async\" width=\"640\" height=\"480\" src=\"https:\/\/www.reseau-entreprendre.org\/loir-et-berry\/wp-content\/uploads\/sites\/82\/2020\/05\/COE-Wall-Street-English.jpg\" alt=\"\" class=\"wp-image-1068\" srcset=\"https:\/\/www.reseau-entreprendre.org\/loir-et-berry\/wp-content\/uploads\/sites\/82\/2020\/05\/COE-Wall-Street-English.jpg 640w, https:\/\/www.reseau-entreprendre.org\/loir-et-berry\/wp-content\/uploads\/sites\/82\/2020\/05\/COE-Wall-Street-English-300x225.jpg 300w\" sizes=\"auto, (max-width: 640px) 100vw, 640px\" \/><\/figure>\n<\/div><\/div>\n<\/div>\n<\/div><\/div>\n\n\n\n<div class=\"wp-block-group\"><div class=\"wp-block-group__inner-container is-layout-flow wp-block-group-is-layout-flow\">\n<div class=\"wp-block-columns is-layout-flex wp-container-core-columns-is-layout-9d6595d7 wp-block-columns-is-layout-flex\">\n<div class=\"wp-block-column is-layout-flow wp-block-column-is-layout-flow\"><div class=\"wp-block-image is-style-default\">\n<figure class=\"alignleft size-full\"><img loading=\"lazy\" decoding=\"async\" width=\"800\" height=\"600\" src=\"https:\/\/www.reseau-entreprendre.org\/loir-et-berry\/wp-content\/uploads\/sites\/82\/2024\/11\/reunion-cybersecurite.jpeg\" alt=\"\" class=\"wp-image-4180\" srcset=\"https:\/\/www.reseau-entreprendre.org\/loir-et-berry\/wp-content\/uploads\/sites\/82\/2024\/11\/reunion-cybersecurite.jpeg 800w, https:\/\/www.reseau-entreprendre.org\/loir-et-berry\/wp-content\/uploads\/sites\/82\/2024\/11\/reunion-cybersecurite-300x225.jpeg 300w, https:\/\/www.reseau-entreprendre.org\/loir-et-berry\/wp-content\/uploads\/sites\/82\/2024\/11\/reunion-cybersecurite-768x576.jpeg 768w, https:\/\/www.reseau-entreprendre.org\/loir-et-berry\/wp-content\/uploads\/sites\/82\/2024\/11\/reunion-cybersecurite-173x130.jpeg 173w, https:\/\/www.reseau-entreprendre.org\/loir-et-berry\/wp-content\/uploads\/sites\/82\/2024\/11\/reunion-cybersecurite-100x75.jpeg 100w\" sizes=\"auto, (max-width: 800px) 100vw, 800px\" \/><\/figure>\n<\/div><\/div>\n\n\n\n<div class=\"wp-block-column is-layout-flow wp-block-column-is-layout-flow\"><div class=\"wp-block-image is-style-default\">\n<figure class=\"aligncenter size-full\"><img loading=\"lazy\" decoding=\"async\" width=\"2560\" height=\"1928\" src=\"https:\/\/www.reseau-entreprendre.org\/loir-et-berry\/wp-content\/uploads\/sites\/82\/2024\/11\/Reunion-cybersecurite-intervention-Julien-Mercier-scaled.jpg\" alt=\"\" class=\"wp-image-3976\" srcset=\"https:\/\/www.reseau-entreprendre.org\/loir-et-berry\/wp-content\/uploads\/sites\/82\/2024\/11\/Reunion-cybersecurite-intervention-Julien-Mercier-scaled.jpg 2560w, https:\/\/www.reseau-entreprendre.org\/loir-et-berry\/wp-content\/uploads\/sites\/82\/2024\/11\/Reunion-cybersecurite-intervention-Julien-Mercier-300x226.jpg 300w, https:\/\/www.reseau-entreprendre.org\/loir-et-berry\/wp-content\/uploads\/sites\/82\/2024\/11\/Reunion-cybersecurite-intervention-Julien-Mercier-1024x771.jpg 1024w, https:\/\/www.reseau-entreprendre.org\/loir-et-berry\/wp-content\/uploads\/sites\/82\/2024\/11\/Reunion-cybersecurite-intervention-Julien-Mercier-768x578.jpg 768w, https:\/\/www.reseau-entreprendre.org\/loir-et-berry\/wp-content\/uploads\/sites\/82\/2024\/11\/Reunion-cybersecurite-intervention-Julien-Mercier-1536x1157.jpg 1536w, https:\/\/www.reseau-entreprendre.org\/loir-et-berry\/wp-content\/uploads\/sites\/82\/2024\/11\/Reunion-cybersecurite-intervention-Julien-Mercier-2048x1542.jpg 2048w, https:\/\/www.reseau-entreprendre.org\/loir-et-berry\/wp-content\/uploads\/sites\/82\/2024\/11\/Reunion-cybersecurite-intervention-Julien-Mercier-173x130.jpg 173w, https:\/\/www.reseau-entreprendre.org\/loir-et-berry\/wp-content\/uploads\/sites\/82\/2024\/11\/Reunion-cybersecurite-intervention-Julien-Mercier-100x75.jpg 100w\" sizes=\"auto, (max-width: 2560px) 100vw, 2560px\" \/><\/figure>\n<\/div><\/div>\n<\/div>\n\n\n\n<p><\/p>\n<\/div><\/div>\n\n\n\n<div class=\"wp-block-columns is-layout-flex wp-container-core-columns-is-layout-9d6595d7 wp-block-columns-is-layout-flex\">\n<div class=\"wp-block-column is-layout-flow wp-block-column-is-layout-flow\" style=\"flex-basis:100%\">\n<p class=\"has-text-align-center\"><\/p>\n<\/div>\n<\/div>\n\n\n\n<div class=\"wp-block-columns is-layout-flex wp-container-core-columns-is-layout-9d6595d7 wp-block-columns-is-layout-flex\">\n<div class=\"wp-block-column is-layout-flow wp-block-column-is-layout-flow\">\n<figure class=\"wp-block-embed aligncenter is-type-video is-provider-youtube wp-block-embed-youtube wp-embed-aspect-16-9 wp-has-aspect-ratio\"><div class=\"wp-block-embed__wrapper\">\n<iframe loading=\"lazy\" title=\"BeAMan\" width=\"500\" height=\"281\" src=\"https:\/\/www.youtube.com\/embed\/LOgFbi5EOvU?feature=oembed\" frameborder=\"0\" allow=\"accelerometer; autoplay; clipboard-write; encrypted-media; gyroscope; picture-in-picture; web-share\" referrerpolicy=\"strict-origin-when-cross-origin\" allowfullscreen><\/iframe>\n<\/div><\/figure>\n\n\n\n<p>Engagement soci\u00e9tal : <strong>R\u00e9seau Entreprendre Loir Et Berry<\/strong> soutien la fondation \u00abLa Maison des femmes&#8221;<\/p>\n\n\n<div class=\"wp-block-image\">\n<figure class=\"aligncenter size-full is-resized\"><img loading=\"lazy\" decoding=\"async\" width=\"378\" height=\"378\" src=\"https:\/\/www.reseau-entreprendre.org\/loir-et-berry\/wp-content\/uploads\/sites\/82\/2022\/09\/la-maison-des-femmes.jpg\" alt=\"\" class=\"wp-image-3228\" style=\"object-fit:cover;width:186px;height:auto\" srcset=\"https:\/\/www.reseau-entreprendre.org\/loir-et-berry\/wp-content\/uploads\/sites\/82\/2022\/09\/la-maison-des-femmes.jpg 378w, https:\/\/www.reseau-entreprendre.org\/loir-et-berry\/wp-content\/uploads\/sites\/82\/2022\/09\/la-maison-des-femmes-300x300.jpg 300w, https:\/\/www.reseau-entreprendre.org\/loir-et-berry\/wp-content\/uploads\/sites\/82\/2022\/09\/la-maison-des-femmes-150x150.jpg 150w, https:\/\/www.reseau-entreprendre.org\/loir-et-berry\/wp-content\/uploads\/sites\/82\/2022\/09\/la-maison-des-femmes-130x130.jpg 130w\" sizes=\"auto, (max-width: 378px) 100vw, 378px\" \/><\/figure>\n<\/div><\/div>\n<\/div>\n\n\n\n<p><\/p>\n","protected":false},"excerpt":{"rendered":"<p>Depuis sa cr\u00e9ation, R\u00e9seau Entreprendre Loir Et Berry, fruit de<\/p>\n","protected":false},"author":102,"featured_media":0,"parent":0,"menu_order":0,"comment_status":"closed","ping_status":"closed","template":"","meta":{"_acf_changed":false,"_monsterinsights_skip_tracking":false,"_monsterinsights_sitenote_active":false,"_monsterinsights_sitenote_note":"","_monsterinsights_sitenote_category":0,"footnotes":""},"class_list":["post-17","page","type-page","status-publish","hentry"],"acf":[],"yoast_head":"<!-- This site is optimized with the Yoast SEO plugin v27.4 - https:\/\/yoast.com\/product\/yoast-seo-wordpress\/ -->\n<title>Soutenir | Reseau Entreprendre Loir et Berry<\/title>\n<meta name=\"description\" content=\"Partenaire, vous souhaitez soutenir un r\u00e9seau 100% chefs d&#039;entreprise ? Rejoignez R\u00e9seau Entreprendre Loir et Berry\" \/>\n<meta name=\"robots\" content=\"index, follow, max-snippet:-1, max-image-preview:large, max-video-preview:-1\" \/>\n<link rel=\"canonical\" href=\"https:\/\/www.reseau-entreprendre.org\/loir-et-berry\/soutenir\/\" \/>\n<meta property=\"og:locale\" content=\"fr_FR\" \/>\n<meta property=\"og:type\" content=\"article\" \/>\n<meta property=\"og:title\" content=\"Soutenir | Reseau Entreprendre Loir et Berry\" \/>\n<meta property=\"og:description\" content=\"Partenaire, vous souhaitez soutenir un r\u00e9seau 100% chefs d&#039;entreprise ? Rejoignez R\u00e9seau Entreprendre Loir et Berry\" \/>\n<meta property=\"og:url\" content=\"https:\/\/www.reseau-entreprendre.org\/loir-et-berry\/soutenir\/\" \/>\n<meta property=\"og:site_name\" content=\"R\u00e9seau Entreprendre Loir et Berry\" \/>\n<meta property=\"article:modified_time\" content=\"2024-12-03T15:01:15+00:00\" \/>\n<meta property=\"og:image\" content=\"https:\/\/www.reseau-entreprendre.org\/loir-et-berry\/wp-content\/uploads\/sites\/82\/2024\/11\/2023-COE-28-MTS-REnov-Matthieu-Mateus-1-scaled.jpg\" \/>\n\t<meta property=\"og:image:width\" content=\"2560\" \/>\n\t<meta property=\"og:image:height\" content=\"1928\" \/>\n\t<meta property=\"og:image:type\" content=\"image\/jpeg\" \/>\n<meta name=\"twitter:card\" content=\"summary_large_image\" \/>\n<meta name=\"twitter:label1\" content=\"Dur\u00e9e de lecture estim\u00e9e\" \/>\n\t<meta name=\"twitter:data1\" content=\"3 minutes\" \/>\n<script type=\"application\/ld+json\" class=\"yoast-schema-graph\">{\"@context\":\"https:\\\/\\\/schema.org\",\"@graph\":[{\"@type\":\"WebPage\",\"@id\":\"https:\\\/\\\/www.reseau-entreprendre.org\\\/loir-et-berry\\\/soutenir\\\/\",\"url\":\"https:\\\/\\\/www.reseau-entreprendre.org\\\/loir-et-berry\\\/soutenir\\\/\",\"name\":\"Soutenir | Reseau Entreprendre Loir et Berry\",\"isPartOf\":{\"@id\":\"https:\\\/\\\/www.reseau-entreprendre.org\\\/loir-et-berry\\\/#website\"},\"primaryImageOfPage\":{\"@id\":\"https:\\\/\\\/www.reseau-entreprendre.org\\\/loir-et-berry\\\/soutenir\\\/#primaryimage\"},\"image\":{\"@id\":\"https:\\\/\\\/www.reseau-entreprendre.org\\\/loir-et-berry\\\/soutenir\\\/#primaryimage\"},\"thumbnailUrl\":\"https:\\\/\\\/www.reseau-entreprendre.org\\\/loir-et-berry\\\/wp-content\\\/uploads\\\/sites\\\/82\\\/2024\\\/11\\\/2023-COE-28-MTS-REnov-Matthieu-Mateus-1-1024x771.jpg\",\"datePublished\":\"2017-04-28T10:34:01+00:00\",\"dateModified\":\"2024-12-03T15:01:15+00:00\",\"description\":\"Partenaire, vous souhaitez soutenir un r\u00e9seau 100% chefs d'entreprise ? Rejoignez R\u00e9seau Entreprendre Loir et Berry\",\"breadcrumb\":{\"@id\":\"https:\\\/\\\/www.reseau-entreprendre.org\\\/loir-et-berry\\\/soutenir\\\/#breadcrumb\"},\"inLanguage\":\"fr-FR\",\"potentialAction\":[{\"@type\":\"ReadAction\",\"target\":[\"https:\\\/\\\/www.reseau-entreprendre.org\\\/loir-et-berry\\\/soutenir\\\/\"]}]},{\"@type\":\"ImageObject\",\"inLanguage\":\"fr-FR\",\"@id\":\"https:\\\/\\\/www.reseau-entreprendre.org\\\/loir-et-berry\\\/soutenir\\\/#primaryimage\",\"url\":\"https:\\\/\\\/www.reseau-entreprendre.org\\\/loir-et-berry\\\/wp-content\\\/uploads\\\/sites\\\/82\\\/2024\\\/11\\\/2023-COE-28-MTS-REnov-Matthieu-Mateus-1-scaled.jpg\",\"contentUrl\":\"https:\\\/\\\/www.reseau-entreprendre.org\\\/loir-et-berry\\\/wp-content\\\/uploads\\\/sites\\\/82\\\/2024\\\/11\\\/2023-COE-28-MTS-REnov-Matthieu-Mateus-1-scaled.jpg\",\"width\":2560,\"height\":1928},{\"@type\":\"BreadcrumbList\",\"@id\":\"https:\\\/\\\/www.reseau-entreprendre.org\\\/loir-et-berry\\\/soutenir\\\/#breadcrumb\",\"itemListElement\":[{\"@type\":\"ListItem\",\"position\":1,\"name\":\"Accueil\",\"item\":\"https:\\\/\\\/www.reseau-entreprendre.org\\\/loir-et-berry\\\/\"},{\"@type\":\"ListItem\",\"position\":2,\"name\":\"Soutenir\"}]},{\"@type\":\"WebSite\",\"@id\":\"https:\\\/\\\/www.reseau-entreprendre.org\\\/loir-et-berry\\\/#website\",\"url\":\"https:\\\/\\\/www.reseau-entreprendre.org\\\/loir-et-berry\\\/\",\"name\":\"R\u00e9seau Entreprendre Loir et Berry\",\"description\":\"Un site utilisant Les sites de R\u00e9seau Entreprendre\",\"potentialAction\":[{\"@type\":\"SearchAction\",\"target\":{\"@type\":\"EntryPoint\",\"urlTemplate\":\"https:\\\/\\\/www.reseau-entreprendre.org\\\/loir-et-berry\\\/?s={search_term_string}\"},\"query-input\":{\"@type\":\"PropertyValueSpecification\",\"valueRequired\":true,\"valueName\":\"search_term_string\"}}],\"inLanguage\":\"fr-FR\"}]}<\/script>\n<!-- \/ Yoast SEO plugin. -->","yoast_head_json":{"title":"Soutenir | Reseau Entreprendre Loir et Berry","description":"Partenaire, vous souhaitez soutenir un r\u00e9seau 100% chefs d'entreprise ? Rejoignez R\u00e9seau Entreprendre Loir et Berry","robots":{"index":"index","follow":"follow","max-snippet":"max-snippet:-1","max-image-preview":"max-image-preview:large","max-video-preview":"max-video-preview:-1"},"canonical":"https:\/\/www.reseau-entreprendre.org\/loir-et-berry\/soutenir\/","og_locale":"fr_FR","og_type":"article","og_title":"Soutenir | Reseau Entreprendre Loir et Berry","og_description":"Partenaire, vous souhaitez soutenir un r\u00e9seau 100% chefs d'entreprise ? Rejoignez R\u00e9seau Entreprendre Loir et Berry","og_url":"https:\/\/www.reseau-entreprendre.org\/loir-et-berry\/soutenir\/","og_site_name":"R\u00e9seau Entreprendre Loir et Berry","article_modified_time":"2024-12-03T15:01:15+00:00","og_image":[{"width":2560,"height":1928,"url":"https:\/\/www.reseau-entreprendre.org\/loir-et-berry\/wp-content\/uploads\/sites\/82\/2024\/11\/2023-COE-28-MTS-REnov-Matthieu-Mateus-1-scaled.jpg","type":"image\/jpeg"}],"twitter_card":"summary_large_image","twitter_misc":{"Dur\u00e9e de lecture estim\u00e9e":"3 minutes"},"schema":{"@context":"https:\/\/schema.org","@graph":[{"@type":"WebPage","@id":"https:\/\/www.reseau-entreprendre.org\/loir-et-berry\/soutenir\/","url":"https:\/\/www.reseau-entreprendre.org\/loir-et-berry\/soutenir\/","name":"Soutenir | Reseau Entreprendre Loir et Berry","isPartOf":{"@id":"https:\/\/www.reseau-entreprendre.org\/loir-et-berry\/#website"},"primaryImageOfPage":{"@id":"https:\/\/www.reseau-entreprendre.org\/loir-et-berry\/soutenir\/#primaryimage"},"image":{"@id":"https:\/\/www.reseau-entreprendre.org\/loir-et-berry\/soutenir\/#primaryimage"},"thumbnailUrl":"https:\/\/www.reseau-entreprendre.org\/loir-et-berry\/wp-content\/uploads\/sites\/82\/2024\/11\/2023-COE-28-MTS-REnov-Matthieu-Mateus-1-1024x771.jpg","datePublished":"2017-04-28T10:34:01+00:00","dateModified":"2024-12-03T15:01:15+00:00","description":"Partenaire, vous souhaitez soutenir un r\u00e9seau 100% chefs d'entreprise ? Rejoignez R\u00e9seau Entreprendre Loir et Berry","breadcrumb":{"@id":"https:\/\/www.reseau-entreprendre.org\/loir-et-berry\/soutenir\/#breadcrumb"},"inLanguage":"fr-FR","potentialAction":[{"@type":"ReadAction","target":["https:\/\/www.reseau-entreprendre.org\/loir-et-berry\/soutenir\/"]}]},{"@type":"ImageObject","inLanguage":"fr-FR","@id":"https:\/\/www.reseau-entreprendre.org\/loir-et-berry\/soutenir\/#primaryimage","url":"https:\/\/www.reseau-entreprendre.org\/loir-et-berry\/wp-content\/uploads\/sites\/82\/2024\/11\/2023-COE-28-MTS-REnov-Matthieu-Mateus-1-scaled.jpg","contentUrl":"https:\/\/www.reseau-entreprendre.org\/loir-et-berry\/wp-content\/uploads\/sites\/82\/2024\/11\/2023-COE-28-MTS-REnov-Matthieu-Mateus-1-scaled.jpg","width":2560,"height":1928},{"@type":"BreadcrumbList","@id":"https:\/\/www.reseau-entreprendre.org\/loir-et-berry\/soutenir\/#breadcrumb","itemListElement":[{"@type":"ListItem","position":1,"name":"Accueil","item":"https:\/\/www.reseau-entreprendre.org\/loir-et-berry\/"},{"@type":"ListItem","position":2,"name":"Soutenir"}]},{"@type":"WebSite","@id":"https:\/\/www.reseau-entreprendre.org\/loir-et-berry\/#website","url":"https:\/\/www.reseau-entreprendre.org\/loir-et-berry\/","name":"R\u00e9seau Entreprendre Loir et Berry","description":"Un site utilisant Les sites de R\u00e9seau Entreprendre","potentialAction":[{"@type":"SearchAction","target":{"@type":"EntryPoint","urlTemplate":"https:\/\/www.reseau-entreprendre.org\/loir-et-berry\/?s={search_term_string}"},"query-input":{"@type":"PropertyValueSpecification","valueRequired":true,"valueName":"search_term_string"}}],"inLanguage":"fr-FR"}]}},"_links":{"self":[{"href":"https:\/\/www.reseau-entreprendre.org\/loir-et-berry\/wp-json\/wp\/v2\/pages\/17","targetHints":{"allow":["GET"]}}],"collection":[{"href":"https:\/\/www.reseau-entreprendre.org\/loir-et-berry\/wp-json\/wp\/v2\/pages"}],"about":[{"href":"https:\/\/www.reseau-entreprendre.org\/loir-et-berry\/wp-json\/wp\/v2\/types\/page"}],"author":[{"embeddable":true,"href":"https:\/\/www.reseau-entreprendre.org\/loir-et-berry\/wp-json\/wp\/v2\/users\/102"}],"replies":[{"embeddable":true,"href":"https:\/\/www.reseau-entreprendre.org\/loir-et-berry\/wp-json\/wp\/v2\/comments?post=17"}],"version-history":[{"count":0,"href":"https:\/\/www.reseau-entreprendre.org\/loir-et-berry\/wp-json\/wp\/v2\/pages\/17\/revisions"}],"wp:attachment":[{"href":"https:\/\/www.reseau-entreprendre.org\/loir-et-berry\/wp-json\/wp\/v2\/media?parent=17"}],"curies":[{"name":"wp","href":"https:\/\/api.w.org\/{rel}","templated":true}]}}