{"id":1985,"date":"2022-02-22T06:33:48","date_gmt":"2022-02-22T05:33:48","guid":{"rendered":"https:\/\/www.reseau-entreprendre.org\/loir-et-berry\/?page_id=1985"},"modified":"2024-12-03T10:46:41","modified_gmt":"2024-12-03T09:46:41","slug":"le-conseil-dadministration","status":"publish","type":"page","link":"https:\/\/www.reseau-entreprendre.org\/loir-et-berry\/le-conseil-dadministration\/","title":{"rendered":"Le Conseil d&#8217;Administration"},"content":{"rendered":"\n<p>Engag\u00e9s d\u00e8s la cr\u00e9ation de cette nouvelle association en d\u00e9cembre 2019, les administrateurs ont des missions importantes pour d\u00e9velopper l&#8217;action de R\u00e9seau Entreprendre Loir et Berry au sein des territoires.<\/p>\n\n\n\n<div style=\"height:24px\" aria-hidden=\"true\" class=\"wp-block-spacer\"><\/div>\n\n\n\n<p class=\"has-text-align-center has-background has-small-font-size\" style=\"background-color:#ffe6dd\"><strong>Michel TISSIER <\/strong>&#8211; <a href=\"https:\/\/www.plus18.fr\/\">PLUS 18<\/a><br>Pr\u00e9sident<\/p>\n\n\n\n<div class=\"wp-block-group is-vertical is-content-justification-center is-layout-flex wp-container-core-group-is-layout-4b2eccd6 wp-block-group-is-layout-flex\">\n<div class=\"wp-block-columns is-layout-flex wp-container-core-columns-is-layout-9d6595d7 wp-block-columns-is-layout-flex\">\n<div class=\"wp-block-column has-background is-layout-flow wp-block-column-is-layout-flow\" style=\"background-color:#ddf3fa;flex-basis:300px\">\n<p class=\"has-text-align-center\" style=\"font-size:16px\"><strong>Cher (18)<\/strong><\/p>\n\n\n\n<p class=\"has-text-align-center has-background has-small-font-size\" style=\"background-color:#fcfcfc\"><strong>Sylvain CROQUET &#8211; <\/strong><a href=\"https:\/\/ddberry.fr\/\">DECOLLETAGE DU BERRY<\/a><br> Vice-Pr\u00e9sident<\/p>\n\n\n\n<p class=\"has-text-align-center has-small-font-size\"><strong>&nbsp;Anne NEYRET<\/strong> <br><a href=\"https:\/\/alciat-juris.fr\/\">ALCIAT JURIS<\/a><br>Secr\u00e9taire<\/p>\n\n\n\n<p class=\"has-text-align-center has-small-font-size\"><strong>Adrien ROUET<\/strong>&nbsp; <br><a href=\"https:\/\/www.kpmg-pulse.fr\/cabinet-de-comptable-gads-marque\/?utm_medium=googleads&amp;utm_source=cpc&amp;utm_campaign=marque&amp;gad_source=1&amp;gclid=Cj0KCQiAgJa6BhCOARIsAMiL7V979LviWdYtrStyGaqDNf1YDPIfr-zuxpMSbPhT0W1uTg53zZhSOGcaAvOsEALw_wcB\">KPMG<\/a><br>Tr\u00e9sorier<strong>&nbsp;<\/strong><\/p>\n\n\n\n<p class=\"has-text-align-center has-small-font-size\"><br><\/p>\n<\/div>\n\n\n\n<div class=\"wp-block-column has-background is-layout-flow wp-block-column-is-layout-flow\" style=\"background-color:#ffe6dd;flex-basis:300px\">\n<p class=\"has-text-align-center\" style=\"font-size:16px\"><strong><strong>Eure-Et-Loir (28)<\/strong><\/strong><\/p>\n\n\n\n<p class=\"has-text-align-center has-background has-small-font-size\" style=\"background-color:#fcfcfc\"><strong>Olivier LOISEAU&nbsp; &nbsp; <br><\/strong><a href=\"https:\/\/www.solen.fr\/contact\/\">SOLEN<\/a><br>Vice-Pr\u00e9sident<\/p>\n\n\n\n<p class=\"has-text-align-center has-text-color has-link-color has-small-font-size wp-elements-2cebbc2adb1dbe2a9ca39835d729d244\" style=\"color:#000000\"><strong>Vincent PY<\/strong> <br>ADP FINACTION<br>Administrateur<\/p>\n\n\n\n<p class=\"has-text-align-center has-small-font-size\"><strong>Annabelle LOPEZ&nbsp; &nbsp; <br><\/strong><a href=\"https:\/\/agence.mma.fr\/brou-hotel-de-ville\/\">MMA<\/a><br>Administrateur<br><strong><br><\/strong><\/p>\n<\/div>\n\n\n\n<div class=\"wp-block-column has-background is-layout-flow wp-block-column-is-layout-flow\" style=\"background-color:#ffe9cc;flex-basis:300px\">\n<p class=\"has-text-align-center\" style=\"font-size:16px\"><strong>Loiret (45)<\/strong><\/p>\n\n\n\n<p class=\"has-text-align-center has-background has-small-font-size\" style=\"background-color:#fcfcfc\">Vice-Pr\u00e9sident<\/p>\n\n\n\n<p class=\"has-text-align-center has-small-font-size\"><strong>Lo\u00efc KERSAUDY<\/strong><br><a href=\"https:\/\/www.fedrigo.fr\/\">FEDRIGO<br><\/a>Administrateur<\/p>\n\n\n\n<p class=\"has-text-align-center has-small-font-size\"><strong>Geoffroy DE VERDUN <br><\/strong><a href=\"http:\/\/www.orleans-laser.com\/\">ORL\u00c9ANS LASER<strong><br><\/strong><\/a>Administrateur<\/p>\n<\/div>\n<\/div>\n<\/div>\n\n\n\n<p><\/p>\n","protected":false},"excerpt":{"rendered":"<p>Engag\u00e9s d\u00e8s la cr\u00e9ation de cette nouvelle association en d\u00e9cembre<\/p>\n","protected":false},"author":163,"featured_media":0,"parent":0,"menu_order":0,"comment_status":"closed","ping_status":"closed","template":"","meta":{"_acf_changed":false,"_monsterinsights_skip_tracking":false,"_monsterinsights_sitenote_active":false,"_monsterinsights_sitenote_note":"","_monsterinsights_sitenote_category":0,"footnotes":""},"class_list":["post-1985","page","type-page","status-publish","hentry"],"acf":[],"yoast_head":"<!-- This site is optimized with the Yoast SEO plugin v27.4 - https:\/\/yoast.com\/product\/yoast-seo-wordpress\/ -->\n<title>Le Conseil d&#039;Administration - R\u00e9seau Entreprendre Loir et Berry<\/title>\n<meta name=\"robots\" content=\"index, follow, max-snippet:-1, max-image-preview:large, max-video-preview:-1\" \/>\n<link rel=\"canonical\" href=\"https:\/\/www.reseau-entreprendre.org\/loir-et-berry\/le-conseil-dadministration\/\" \/>\n<meta property=\"og:locale\" content=\"fr_FR\" \/>\n<meta property=\"og:type\" content=\"article\" \/>\n<meta property=\"og:title\" content=\"Le Conseil d&#039;Administration - R\u00e9seau Entreprendre Loir et Berry\" \/>\n<meta property=\"og:description\" content=\"Engag\u00e9s d\u00e8s la cr\u00e9ation de cette nouvelle association en d\u00e9cembre\" \/>\n<meta property=\"og:url\" content=\"https:\/\/www.reseau-entreprendre.org\/loir-et-berry\/le-conseil-dadministration\/\" \/>\n<meta property=\"og:site_name\" content=\"R\u00e9seau Entreprendre Loir et Berry\" \/>\n<meta property=\"article:modified_time\" content=\"2024-12-03T09:46:41+00:00\" \/>\n<meta name=\"twitter:card\" content=\"summary_large_image\" \/>\n<meta name=\"twitter:label1\" content=\"Dur\u00e9e de lecture estim\u00e9e\" \/>\n\t<meta name=\"twitter:data1\" content=\"1 minute\" \/>\n<script type=\"application\/ld+json\" class=\"yoast-schema-graph\">{\"@context\":\"https:\\\/\\\/schema.org\",\"@graph\":[{\"@type\":\"WebPage\",\"@id\":\"https:\\\/\\\/www.reseau-entreprendre.org\\\/loir-et-berry\\\/le-conseil-dadministration\\\/\",\"url\":\"https:\\\/\\\/www.reseau-entreprendre.org\\\/loir-et-berry\\\/le-conseil-dadministration\\\/\",\"name\":\"Le Conseil d'Administration - R\u00e9seau Entreprendre Loir et Berry\",\"isPartOf\":{\"@id\":\"https:\\\/\\\/www.reseau-entreprendre.org\\\/loir-et-berry\\\/#website\"},\"datePublished\":\"2022-02-22T05:33:48+00:00\",\"dateModified\":\"2024-12-03T09:46:41+00:00\",\"breadcrumb\":{\"@id\":\"https:\\\/\\\/www.reseau-entreprendre.org\\\/loir-et-berry\\\/le-conseil-dadministration\\\/#breadcrumb\"},\"inLanguage\":\"fr-FR\",\"potentialAction\":[{\"@type\":\"ReadAction\",\"target\":[\"https:\\\/\\\/www.reseau-entreprendre.org\\\/loir-et-berry\\\/le-conseil-dadministration\\\/\"]}]},{\"@type\":\"BreadcrumbList\",\"@id\":\"https:\\\/\\\/www.reseau-entreprendre.org\\\/loir-et-berry\\\/le-conseil-dadministration\\\/#breadcrumb\",\"itemListElement\":[{\"@type\":\"ListItem\",\"position\":1,\"name\":\"Accueil\",\"item\":\"https:\\\/\\\/www.reseau-entreprendre.org\\\/loir-et-berry\\\/\"},{\"@type\":\"ListItem\",\"position\":2,\"name\":\"Le Conseil d&rsquo;Administration\"}]},{\"@type\":\"WebSite\",\"@id\":\"https:\\\/\\\/www.reseau-entreprendre.org\\\/loir-et-berry\\\/#website\",\"url\":\"https:\\\/\\\/www.reseau-entreprendre.org\\\/loir-et-berry\\\/\",\"name\":\"R\u00e9seau Entreprendre Loir et Berry\",\"description\":\"Un site utilisant Les sites de R\u00e9seau Entreprendre\",\"potentialAction\":[{\"@type\":\"SearchAction\",\"target\":{\"@type\":\"EntryPoint\",\"urlTemplate\":\"https:\\\/\\\/www.reseau-entreprendre.org\\\/loir-et-berry\\\/?s={search_term_string}\"},\"query-input\":{\"@type\":\"PropertyValueSpecification\",\"valueRequired\":true,\"valueName\":\"search_term_string\"}}],\"inLanguage\":\"fr-FR\"}]}<\/script>\n<!-- \/ Yoast SEO plugin. -->","yoast_head_json":{"title":"Le Conseil d'Administration - R\u00e9seau Entreprendre Loir et Berry","robots":{"index":"index","follow":"follow","max-snippet":"max-snippet:-1","max-image-preview":"max-image-preview:large","max-video-preview":"max-video-preview:-1"},"canonical":"https:\/\/www.reseau-entreprendre.org\/loir-et-berry\/le-conseil-dadministration\/","og_locale":"fr_FR","og_type":"article","og_title":"Le Conseil d'Administration - R\u00e9seau Entreprendre Loir et Berry","og_description":"Engag\u00e9s d\u00e8s la cr\u00e9ation de cette nouvelle association en d\u00e9cembre","og_url":"https:\/\/www.reseau-entreprendre.org\/loir-et-berry\/le-conseil-dadministration\/","og_site_name":"R\u00e9seau Entreprendre Loir et Berry","article_modified_time":"2024-12-03T09:46:41+00:00","twitter_card":"summary_large_image","twitter_misc":{"Dur\u00e9e de lecture estim\u00e9e":"1 minute"},"schema":{"@context":"https:\/\/schema.org","@graph":[{"@type":"WebPage","@id":"https:\/\/www.reseau-entreprendre.org\/loir-et-berry\/le-conseil-dadministration\/","url":"https:\/\/www.reseau-entreprendre.org\/loir-et-berry\/le-conseil-dadministration\/","name":"Le Conseil d'Administration - R\u00e9seau Entreprendre Loir et Berry","isPartOf":{"@id":"https:\/\/www.reseau-entreprendre.org\/loir-et-berry\/#website"},"datePublished":"2022-02-22T05:33:48+00:00","dateModified":"2024-12-03T09:46:41+00:00","breadcrumb":{"@id":"https:\/\/www.reseau-entreprendre.org\/loir-et-berry\/le-conseil-dadministration\/#breadcrumb"},"inLanguage":"fr-FR","potentialAction":[{"@type":"ReadAction","target":["https:\/\/www.reseau-entreprendre.org\/loir-et-berry\/le-conseil-dadministration\/"]}]},{"@type":"BreadcrumbList","@id":"https:\/\/www.reseau-entreprendre.org\/loir-et-berry\/le-conseil-dadministration\/#breadcrumb","itemListElement":[{"@type":"ListItem","position":1,"name":"Accueil","item":"https:\/\/www.reseau-entreprendre.org\/loir-et-berry\/"},{"@type":"ListItem","position":2,"name":"Le Conseil d&rsquo;Administration"}]},{"@type":"WebSite","@id":"https:\/\/www.reseau-entreprendre.org\/loir-et-berry\/#website","url":"https:\/\/www.reseau-entreprendre.org\/loir-et-berry\/","name":"R\u00e9seau Entreprendre Loir et Berry","description":"Un site utilisant Les sites de R\u00e9seau Entreprendre","potentialAction":[{"@type":"SearchAction","target":{"@type":"EntryPoint","urlTemplate":"https:\/\/www.reseau-entreprendre.org\/loir-et-berry\/?s={search_term_string}"},"query-input":{"@type":"PropertyValueSpecification","valueRequired":true,"valueName":"search_term_string"}}],"inLanguage":"fr-FR"}]}},"_links":{"self":[{"href":"https:\/\/www.reseau-entreprendre.org\/loir-et-berry\/wp-json\/wp\/v2\/pages\/1985","targetHints":{"allow":["GET"]}}],"collection":[{"href":"https:\/\/www.reseau-entreprendre.org\/loir-et-berry\/wp-json\/wp\/v2\/pages"}],"about":[{"href":"https:\/\/www.reseau-entreprendre.org\/loir-et-berry\/wp-json\/wp\/v2\/types\/page"}],"author":[{"embeddable":true,"href":"https:\/\/www.reseau-entreprendre.org\/loir-et-berry\/wp-json\/wp\/v2\/users\/163"}],"replies":[{"embeddable":true,"href":"https:\/\/www.reseau-entreprendre.org\/loir-et-berry\/wp-json\/wp\/v2\/comments?post=1985"}],"version-history":[{"count":0,"href":"https:\/\/www.reseau-entreprendre.org\/loir-et-berry\/wp-json\/wp\/v2\/pages\/1985\/revisions"}],"wp:attachment":[{"href":"https:\/\/www.reseau-entreprendre.org\/loir-et-berry\/wp-json\/wp\/v2\/media?parent=1985"}],"curies":[{"name":"wp","href":"https:\/\/api.w.org\/{rel}","templated":true}]}}