{"id":2021,"date":"2022-02-22T06:38:40","date_gmt":"2022-02-22T05:38:40","guid":{"rendered":"https:\/\/www.reseau-entreprendre.org\/loir-et-berry\/?page_id=2021"},"modified":"2025-07-23T16:50:30","modified_gmt":"2025-07-23T14:50:30","slug":"lequipe","status":"publish","type":"page","link":"https:\/\/www.reseau-entreprendre.org\/loir-et-berry\/lequipe\/","title":{"rendered":"L&#8217;\u00e9quipe op\u00e9rationnelle"},"content":{"rendered":"\n<p>Un r\u00e9seau de chefs d\u2019entreprises engag\u00e9s et anim\u00e9 par une \u00e9quipe compos\u00e9e de :<\/p>\n\n\n\n<hr class=\"wp-block-separator has-alpha-channel-opacity\" \/>\n\n\n\n<div class=\"wp-block-media-text is-stacked-on-mobile\" style=\"grid-template-columns:24% auto\"><figure class=\"wp-block-media-text__media\"><img loading=\"lazy\" decoding=\"async\" width=\"576\" height=\"1024\" src=\"https:\/\/www.reseau-entreprendre.org\/loir-et-berry\/wp-content\/uploads\/sites\/82\/2024\/11\/Colorful-Illustrative-Avatar-Character-Instagram-Story-Highlight-Cover-576x1024.png\" alt=\"\" class=\"wp-image-4054 size-full\" srcset=\"https:\/\/www.reseau-entreprendre.org\/loir-et-berry\/wp-content\/uploads\/sites\/82\/2024\/11\/Colorful-Illustrative-Avatar-Character-Instagram-Story-Highlight-Cover-576x1024.png 576w, https:\/\/www.reseau-entreprendre.org\/loir-et-berry\/wp-content\/uploads\/sites\/82\/2024\/11\/Colorful-Illustrative-Avatar-Character-Instagram-Story-Highlight-Cover-169x300.png 169w, https:\/\/www.reseau-entreprendre.org\/loir-et-berry\/wp-content\/uploads\/sites\/82\/2024\/11\/Colorful-Illustrative-Avatar-Character-Instagram-Story-Highlight-Cover-768x1365.png 768w, https:\/\/www.reseau-entreprendre.org\/loir-et-berry\/wp-content\/uploads\/sites\/82\/2024\/11\/Colorful-Illustrative-Avatar-Character-Instagram-Story-Highlight-Cover-864x1536.png 864w, https:\/\/www.reseau-entreprendre.org\/loir-et-berry\/wp-content\/uploads\/sites\/82\/2024\/11\/Colorful-Illustrative-Avatar-Character-Instagram-Story-Highlight-Cover-1152x2048.png 1152w, https:\/\/www.reseau-entreprendre.org\/loir-et-berry\/wp-content\/uploads\/sites\/82\/2024\/11\/Colorful-Illustrative-Avatar-Character-Instagram-Story-Highlight-Cover-73x130.png 73w, https:\/\/www.reseau-entreprendre.org\/loir-et-berry\/wp-content\/uploads\/sites\/82\/2024\/11\/Colorful-Illustrative-Avatar-Character-Instagram-Story-Highlight-Cover-56x100.png 56w\" sizes=\"auto, (max-width: 576px) 100vw, 576px\" \/><\/figure><div class=\"wp-block-media-text__content\">\n<p><strong>Pauline Roch\u00e9<\/strong><\/p>\n\n\n\n<p><em>Directrice du R\u00e9seau Entreprendre Loir &amp; Berry <br><\/em><\/p>\n\n\n\n<div class=\"wp-block-buttons is-layout-flex wp-block-buttons-is-layout-flex\">\n<div class=\"wp-block-button\"><a class=\"wp-block-button__link has-re-blue-background-color has-background has-small-font-size has-custom-font-size wp-element-button\" href=\"http:\/\/linkedin.com\/in\/pauline-roche-bourges\">On se connecte sur Linkedin <\/a><\/div>\n<\/div>\n<\/div><\/div>\n\n\n\n<div class=\"wp-block-media-text has-media-on-the-right is-stacked-on-mobile\" style=\"grid-template-columns:auto 24%\"><div class=\"wp-block-media-text__content\">\n<p class=\"has-text-align-right\"><strong>Brigitte BERNARDI<\/strong><\/p>\n\n\n\n<p class=\"has-text-align-right\"><em>Charg\u00e9e de mission accompagnement et financement des TPE-PME<\/em><\/p>\n\n\n\n<div class=\"wp-block-buttons is-content-justification-right is-layout-flex wp-container-core-buttons-is-layout-765c4724 wp-block-buttons-is-layout-flex\">\n<div class=\"wp-block-button\"><a class=\"wp-block-button__link has-re-red-background-color has-background has-small-font-size has-custom-font-size wp-element-button\" href=\"https:\/\/www.linkedin.com\/in\/brigitte-bernardi-a39128257\/\">On se connecte sur Linkedin <\/a><\/div>\n<\/div>\n<\/div><figure class=\"wp-block-media-text__media\"><img loading=\"lazy\" decoding=\"async\" width=\"576\" height=\"1024\" src=\"https:\/\/www.reseau-entreprendre.org\/loir-et-berry\/wp-content\/uploads\/sites\/82\/2024\/11\/Colorful-Illustrative-Avatar-Character-Instagram-Story-Highlight-Cover-copie-576x1024.png\" alt=\"\" class=\"wp-image-4057 size-full\" srcset=\"https:\/\/www.reseau-entreprendre.org\/loir-et-berry\/wp-content\/uploads\/sites\/82\/2024\/11\/Colorful-Illustrative-Avatar-Character-Instagram-Story-Highlight-Cover-copie-576x1024.png 576w, https:\/\/www.reseau-entreprendre.org\/loir-et-berry\/wp-content\/uploads\/sites\/82\/2024\/11\/Colorful-Illustrative-Avatar-Character-Instagram-Story-Highlight-Cover-copie-169x300.png 169w, https:\/\/www.reseau-entreprendre.org\/loir-et-berry\/wp-content\/uploads\/sites\/82\/2024\/11\/Colorful-Illustrative-Avatar-Character-Instagram-Story-Highlight-Cover-copie-768x1365.png 768w, https:\/\/www.reseau-entreprendre.org\/loir-et-berry\/wp-content\/uploads\/sites\/82\/2024\/11\/Colorful-Illustrative-Avatar-Character-Instagram-Story-Highlight-Cover-copie-864x1536.png 864w, https:\/\/www.reseau-entreprendre.org\/loir-et-berry\/wp-content\/uploads\/sites\/82\/2024\/11\/Colorful-Illustrative-Avatar-Character-Instagram-Story-Highlight-Cover-copie-1152x2048.png 1152w, https:\/\/www.reseau-entreprendre.org\/loir-et-berry\/wp-content\/uploads\/sites\/82\/2024\/11\/Colorful-Illustrative-Avatar-Character-Instagram-Story-Highlight-Cover-copie-73x130.png 73w, https:\/\/www.reseau-entreprendre.org\/loir-et-berry\/wp-content\/uploads\/sites\/82\/2024\/11\/Colorful-Illustrative-Avatar-Character-Instagram-Story-Highlight-Cover-copie-56x100.png 56w\" sizes=\"auto, (max-width: 576px) 100vw, 576px\" \/><\/figure><\/div>\n\n\n\n<div class=\"wp-block-media-text is-stacked-on-mobile\" style=\"grid-template-columns:24% auto\"><figure class=\"wp-block-media-text__media\"><img loading=\"lazy\" decoding=\"async\" width=\"576\" height=\"1024\" src=\"https:\/\/www.reseau-entreprendre.org\/loir-et-berry\/wp-content\/uploads\/sites\/82\/2024\/11\/Colorful-Illustrative-Avatar-Character-Instagram-Story-Highlight-Cover-copie-2-576x1024.png\" alt=\"\" class=\"wp-image-4058 size-full\" srcset=\"https:\/\/www.reseau-entreprendre.org\/loir-et-berry\/wp-content\/uploads\/sites\/82\/2024\/11\/Colorful-Illustrative-Avatar-Character-Instagram-Story-Highlight-Cover-copie-2-576x1024.png 576w, https:\/\/www.reseau-entreprendre.org\/loir-et-berry\/wp-content\/uploads\/sites\/82\/2024\/11\/Colorful-Illustrative-Avatar-Character-Instagram-Story-Highlight-Cover-copie-2-169x300.png 169w, https:\/\/www.reseau-entreprendre.org\/loir-et-berry\/wp-content\/uploads\/sites\/82\/2024\/11\/Colorful-Illustrative-Avatar-Character-Instagram-Story-Highlight-Cover-copie-2-768x1365.png 768w, https:\/\/www.reseau-entreprendre.org\/loir-et-berry\/wp-content\/uploads\/sites\/82\/2024\/11\/Colorful-Illustrative-Avatar-Character-Instagram-Story-Highlight-Cover-copie-2-864x1536.png 864w, https:\/\/www.reseau-entreprendre.org\/loir-et-berry\/wp-content\/uploads\/sites\/82\/2024\/11\/Colorful-Illustrative-Avatar-Character-Instagram-Story-Highlight-Cover-copie-2-1152x2048.png 1152w, https:\/\/www.reseau-entreprendre.org\/loir-et-berry\/wp-content\/uploads\/sites\/82\/2024\/11\/Colorful-Illustrative-Avatar-Character-Instagram-Story-Highlight-Cover-copie-2-73x130.png 73w, https:\/\/www.reseau-entreprendre.org\/loir-et-berry\/wp-content\/uploads\/sites\/82\/2024\/11\/Colorful-Illustrative-Avatar-Character-Instagram-Story-Highlight-Cover-copie-2-56x100.png 56w\" sizes=\"auto, (max-width: 576px) 100vw, 576px\" \/><\/figure><div class=\"wp-block-media-text__content\">\n<p><strong>Sandrine LEROY<\/strong><\/p>\n\n\n\n<p><em>Assistante administrative et comptable<\/em><\/p>\n\n\n\n<div class=\"wp-block-buttons is-layout-flex wp-block-buttons-is-layout-flex\"><\/div>\n<\/div><\/div>\n\n\n\n<hr class=\"wp-block-separator has-alpha-channel-opacity\" \/>\n","protected":false},"excerpt":{"rendered":"<p>Un r\u00e9seau de chefs d\u2019entreprises engag\u00e9s et anim\u00e9 par une<\/p>\n","protected":false},"author":163,"featured_media":0,"parent":0,"menu_order":0,"comment_status":"closed","ping_status":"closed","template":"","meta":{"_acf_changed":false,"_monsterinsights_skip_tracking":false,"_monsterinsights_sitenote_active":false,"_monsterinsights_sitenote_note":"","_monsterinsights_sitenote_category":0,"footnotes":""},"class_list":["post-2021","page","type-page","status-publish","hentry"],"acf":[],"yoast_head":"<!-- This site is optimized with the Yoast SEO plugin v27.4 - https:\/\/yoast.com\/product\/yoast-seo-wordpress\/ -->\n<title>L&#039;\u00e9quipe op\u00e9rationnelle - R\u00e9seau Entreprendre Loir et Berry<\/title>\n<meta name=\"robots\" content=\"index, follow, max-snippet:-1, max-image-preview:large, max-video-preview:-1\" \/>\n<link rel=\"canonical\" href=\"https:\/\/www.reseau-entreprendre.org\/loir-et-berry\/lequipe\/\" \/>\n<meta property=\"og:locale\" content=\"fr_FR\" \/>\n<meta property=\"og:type\" content=\"article\" \/>\n<meta property=\"og:title\" content=\"L&#039;\u00e9quipe op\u00e9rationnelle - R\u00e9seau Entreprendre Loir et Berry\" \/>\n<meta property=\"og:description\" content=\"Un r\u00e9seau de chefs d\u2019entreprises engag\u00e9s et anim\u00e9 par une\" \/>\n<meta property=\"og:url\" content=\"https:\/\/www.reseau-entreprendre.org\/loir-et-berry\/lequipe\/\" \/>\n<meta property=\"og:site_name\" content=\"R\u00e9seau Entreprendre Loir et Berry\" \/>\n<meta property=\"article:modified_time\" content=\"2025-07-23T14:50:30+00:00\" \/>\n<meta property=\"og:image\" content=\"https:\/\/www.reseau-entreprendre.org\/loir-et-berry\/wp-content\/uploads\/sites\/82\/2024\/11\/Colorful-Illustrative-Avatar-Character-Instagram-Story-Highlight-Cover.png\" \/>\n\t<meta property=\"og:image:width\" content=\"3375\" \/>\n\t<meta property=\"og:image:height\" content=\"6000\" \/>\n\t<meta property=\"og:image:type\" content=\"image\/png\" \/>\n<meta name=\"twitter:card\" content=\"summary_large_image\" \/>\n<meta name=\"twitter:label1\" content=\"Dur\u00e9e de lecture estim\u00e9e\" \/>\n\t<meta name=\"twitter:data1\" content=\"1 minute\" \/>\n<script type=\"application\/ld+json\" class=\"yoast-schema-graph\">{\"@context\":\"https:\\\/\\\/schema.org\",\"@graph\":[{\"@type\":\"WebPage\",\"@id\":\"https:\\\/\\\/www.reseau-entreprendre.org\\\/loir-et-berry\\\/lequipe\\\/\",\"url\":\"https:\\\/\\\/www.reseau-entreprendre.org\\\/loir-et-berry\\\/lequipe\\\/\",\"name\":\"L'\u00e9quipe op\u00e9rationnelle - R\u00e9seau Entreprendre Loir et Berry\",\"isPartOf\":{\"@id\":\"https:\\\/\\\/www.reseau-entreprendre.org\\\/loir-et-berry\\\/#website\"},\"primaryImageOfPage\":{\"@id\":\"https:\\\/\\\/www.reseau-entreprendre.org\\\/loir-et-berry\\\/lequipe\\\/#primaryimage\"},\"image\":{\"@id\":\"https:\\\/\\\/www.reseau-entreprendre.org\\\/loir-et-berry\\\/lequipe\\\/#primaryimage\"},\"thumbnailUrl\":\"https:\\\/\\\/www.reseau-entreprendre.org\\\/loir-et-berry\\\/wp-content\\\/uploads\\\/sites\\\/82\\\/2024\\\/11\\\/Colorful-Illustrative-Avatar-Character-Instagram-Story-Highlight-Cover-576x1024.png\",\"datePublished\":\"2022-02-22T05:38:40+00:00\",\"dateModified\":\"2025-07-23T14:50:30+00:00\",\"breadcrumb\":{\"@id\":\"https:\\\/\\\/www.reseau-entreprendre.org\\\/loir-et-berry\\\/lequipe\\\/#breadcrumb\"},\"inLanguage\":\"fr-FR\",\"potentialAction\":[{\"@type\":\"ReadAction\",\"target\":[\"https:\\\/\\\/www.reseau-entreprendre.org\\\/loir-et-berry\\\/lequipe\\\/\"]}]},{\"@type\":\"ImageObject\",\"inLanguage\":\"fr-FR\",\"@id\":\"https:\\\/\\\/www.reseau-entreprendre.org\\\/loir-et-berry\\\/lequipe\\\/#primaryimage\",\"url\":\"https:\\\/\\\/www.reseau-entreprendre.org\\\/loir-et-berry\\\/wp-content\\\/uploads\\\/sites\\\/82\\\/2024\\\/11\\\/Colorful-Illustrative-Avatar-Character-Instagram-Story-Highlight-Cover.png\",\"contentUrl\":\"https:\\\/\\\/www.reseau-entreprendre.org\\\/loir-et-berry\\\/wp-content\\\/uploads\\\/sites\\\/82\\\/2024\\\/11\\\/Colorful-Illustrative-Avatar-Character-Instagram-Story-Highlight-Cover.png\",\"width\":3375,\"height\":6000},{\"@type\":\"BreadcrumbList\",\"@id\":\"https:\\\/\\\/www.reseau-entreprendre.org\\\/loir-et-berry\\\/lequipe\\\/#breadcrumb\",\"itemListElement\":[{\"@type\":\"ListItem\",\"position\":1,\"name\":\"Accueil\",\"item\":\"https:\\\/\\\/www.reseau-entreprendre.org\\\/loir-et-berry\\\/\"},{\"@type\":\"ListItem\",\"position\":2,\"name\":\"L&#8217;\u00e9quipe op\u00e9rationnelle\"}]},{\"@type\":\"WebSite\",\"@id\":\"https:\\\/\\\/www.reseau-entreprendre.org\\\/loir-et-berry\\\/#website\",\"url\":\"https:\\\/\\\/www.reseau-entreprendre.org\\\/loir-et-berry\\\/\",\"name\":\"R\u00e9seau Entreprendre Loir et Berry\",\"description\":\"Un site utilisant Les sites de R\u00e9seau Entreprendre\",\"potentialAction\":[{\"@type\":\"SearchAction\",\"target\":{\"@type\":\"EntryPoint\",\"urlTemplate\":\"https:\\\/\\\/www.reseau-entreprendre.org\\\/loir-et-berry\\\/?s={search_term_string}\"},\"query-input\":{\"@type\":\"PropertyValueSpecification\",\"valueRequired\":true,\"valueName\":\"search_term_string\"}}],\"inLanguage\":\"fr-FR\"}]}<\/script>\n<!-- \/ Yoast SEO plugin. -->","yoast_head_json":{"title":"L'\u00e9quipe op\u00e9rationnelle - R\u00e9seau Entreprendre Loir et Berry","robots":{"index":"index","follow":"follow","max-snippet":"max-snippet:-1","max-image-preview":"max-image-preview:large","max-video-preview":"max-video-preview:-1"},"canonical":"https:\/\/www.reseau-entreprendre.org\/loir-et-berry\/lequipe\/","og_locale":"fr_FR","og_type":"article","og_title":"L'\u00e9quipe op\u00e9rationnelle - R\u00e9seau Entreprendre Loir et Berry","og_description":"Un r\u00e9seau de chefs d\u2019entreprises engag\u00e9s et anim\u00e9 par une","og_url":"https:\/\/www.reseau-entreprendre.org\/loir-et-berry\/lequipe\/","og_site_name":"R\u00e9seau Entreprendre Loir et Berry","article_modified_time":"2025-07-23T14:50:30+00:00","og_image":[{"width":3375,"height":6000,"url":"https:\/\/www.reseau-entreprendre.org\/loir-et-berry\/wp-content\/uploads\/sites\/82\/2024\/11\/Colorful-Illustrative-Avatar-Character-Instagram-Story-Highlight-Cover.png","type":"image\/png"}],"twitter_card":"summary_large_image","twitter_misc":{"Dur\u00e9e de lecture estim\u00e9e":"1 minute"},"schema":{"@context":"https:\/\/schema.org","@graph":[{"@type":"WebPage","@id":"https:\/\/www.reseau-entreprendre.org\/loir-et-berry\/lequipe\/","url":"https:\/\/www.reseau-entreprendre.org\/loir-et-berry\/lequipe\/","name":"L'\u00e9quipe op\u00e9rationnelle - R\u00e9seau Entreprendre Loir et Berry","isPartOf":{"@id":"https:\/\/www.reseau-entreprendre.org\/loir-et-berry\/#website"},"primaryImageOfPage":{"@id":"https:\/\/www.reseau-entreprendre.org\/loir-et-berry\/lequipe\/#primaryimage"},"image":{"@id":"https:\/\/www.reseau-entreprendre.org\/loir-et-berry\/lequipe\/#primaryimage"},"thumbnailUrl":"https:\/\/www.reseau-entreprendre.org\/loir-et-berry\/wp-content\/uploads\/sites\/82\/2024\/11\/Colorful-Illustrative-Avatar-Character-Instagram-Story-Highlight-Cover-576x1024.png","datePublished":"2022-02-22T05:38:40+00:00","dateModified":"2025-07-23T14:50:30+00:00","breadcrumb":{"@id":"https:\/\/www.reseau-entreprendre.org\/loir-et-berry\/lequipe\/#breadcrumb"},"inLanguage":"fr-FR","potentialAction":[{"@type":"ReadAction","target":["https:\/\/www.reseau-entreprendre.org\/loir-et-berry\/lequipe\/"]}]},{"@type":"ImageObject","inLanguage":"fr-FR","@id":"https:\/\/www.reseau-entreprendre.org\/loir-et-berry\/lequipe\/#primaryimage","url":"https:\/\/www.reseau-entreprendre.org\/loir-et-berry\/wp-content\/uploads\/sites\/82\/2024\/11\/Colorful-Illustrative-Avatar-Character-Instagram-Story-Highlight-Cover.png","contentUrl":"https:\/\/www.reseau-entreprendre.org\/loir-et-berry\/wp-content\/uploads\/sites\/82\/2024\/11\/Colorful-Illustrative-Avatar-Character-Instagram-Story-Highlight-Cover.png","width":3375,"height":6000},{"@type":"BreadcrumbList","@id":"https:\/\/www.reseau-entreprendre.org\/loir-et-berry\/lequipe\/#breadcrumb","itemListElement":[{"@type":"ListItem","position":1,"name":"Accueil","item":"https:\/\/www.reseau-entreprendre.org\/loir-et-berry\/"},{"@type":"ListItem","position":2,"name":"L&#8217;\u00e9quipe op\u00e9rationnelle"}]},{"@type":"WebSite","@id":"https:\/\/www.reseau-entreprendre.org\/loir-et-berry\/#website","url":"https:\/\/www.reseau-entreprendre.org\/loir-et-berry\/","name":"R\u00e9seau Entreprendre Loir et Berry","description":"Un site utilisant Les sites de R\u00e9seau Entreprendre","potentialAction":[{"@type":"SearchAction","target":{"@type":"EntryPoint","urlTemplate":"https:\/\/www.reseau-entreprendre.org\/loir-et-berry\/?s={search_term_string}"},"query-input":{"@type":"PropertyValueSpecification","valueRequired":true,"valueName":"search_term_string"}}],"inLanguage":"fr-FR"}]}},"_links":{"self":[{"href":"https:\/\/www.reseau-entreprendre.org\/loir-et-berry\/wp-json\/wp\/v2\/pages\/2021","targetHints":{"allow":["GET"]}}],"collection":[{"href":"https:\/\/www.reseau-entreprendre.org\/loir-et-berry\/wp-json\/wp\/v2\/pages"}],"about":[{"href":"https:\/\/www.reseau-entreprendre.org\/loir-et-berry\/wp-json\/wp\/v2\/types\/page"}],"author":[{"embeddable":true,"href":"https:\/\/www.reseau-entreprendre.org\/loir-et-berry\/wp-json\/wp\/v2\/users\/163"}],"replies":[{"embeddable":true,"href":"https:\/\/www.reseau-entreprendre.org\/loir-et-berry\/wp-json\/wp\/v2\/comments?post=2021"}],"version-history":[{"count":0,"href":"https:\/\/www.reseau-entreprendre.org\/loir-et-berry\/wp-json\/wp\/v2\/pages\/2021\/revisions"}],"wp:attachment":[{"href":"https:\/\/www.reseau-entreprendre.org\/loir-et-berry\/wp-json\/wp\/v2\/media?parent=2021"}],"curies":[{"name":"wp","href":"https:\/\/api.w.org\/{rel}","templated":true}]}}