{"id":2421,"date":"2022-04-11T06:56:35","date_gmt":"2022-04-11T04:56:35","guid":{"rendered":"https:\/\/www.reseau-entreprendre.org\/loir-et-berry\/?page_id=2421"},"modified":"2022-04-20T10:11:32","modified_gmt":"2022-04-20T08:11:32","slug":"womenergy-le-plaidoyer-des-femmes-entrepreneures","status":"publish","type":"page","link":"https:\/\/www.reseau-entreprendre.org\/loir-et-berry\/womenergy-le-plaidoyer-des-femmes-entrepreneures\/","title":{"rendered":"WOM&#8217;ENERGY &#8211; le plaidoyer des femmes entrepreneures"},"content":{"rendered":"\n<p>Wom\u2019Energy, c\u2019est l\u2019accompagnement des femmes entrepreneures au sein de R\u00e9seau Entreprendre, dans un esprit d\u2019\u00e9quit\u00e9 individuelle et de souplesse, notamment sur les crit\u00e8res de cr\u00e9ation d\u2019emplois. R\u00e9seau Entreprendre porte le plaidoyer des femmes entrepreneures et s&#8217;engage en 10 points \u00e0 favoriser l&#8217;entrepreneuriat f\u00e9minin.<\/p>\n\n\n\n<div class=\"wp-block-image\"><figure class=\"aligncenter size-large is-resized\"><img loading=\"lazy\" decoding=\"async\" src=\"https:\/\/www.reseau-entreprendre.org\/loir-et-berry\/wp-content\/uploads\/sites\/82\/2022\/04\/RE-affiche-70x100-plaidoyer-femme1-1024x717.png\" alt=\"\" class=\"wp-image-2423\" width=\"768\" height=\"538\" srcset=\"https:\/\/www.reseau-entreprendre.org\/loir-et-berry\/wp-content\/uploads\/sites\/82\/2022\/04\/RE-affiche-70x100-plaidoyer-femme1-1024x717.png 1024w, https:\/\/www.reseau-entreprendre.org\/loir-et-berry\/wp-content\/uploads\/sites\/82\/2022\/04\/RE-affiche-70x100-plaidoyer-femme1-300x210.png 300w, https:\/\/www.reseau-entreprendre.org\/loir-et-berry\/wp-content\/uploads\/sites\/82\/2022\/04\/RE-affiche-70x100-plaidoyer-femme1-768x538.png 768w, https:\/\/www.reseau-entreprendre.org\/loir-et-berry\/wp-content\/uploads\/sites\/82\/2022\/04\/RE-affiche-70x100-plaidoyer-femme1-186x130.png 186w, https:\/\/www.reseau-entreprendre.org\/loir-et-berry\/wp-content\/uploads\/sites\/82\/2022\/04\/RE-affiche-70x100-plaidoyer-femme1.png 1417w\" sizes=\"auto, (max-width: 768px) 100vw, 768px\" \/><\/figure><\/div>\n\n\n\n<div class=\"wp-block-buttons is-layout-flex wp-block-buttons-is-layout-flex\">\n<div class=\"wp-block-button aligncenter\"><a class=\"wp-block-button__link has-white-color has-re-red-background-color has-text-color has-background\" href=\"https:\/\/www.reseau-entreprendre.org\/loir-et-berry\/wp-content\/uploads\/sites\/82\/2022\/04\/Plaidoyer-Leaflet.pdf\"><strong>T\u00e9l\u00e9charger le plaidoyer<\/strong><\/a><\/div>\n<\/div>\n","protected":false},"excerpt":{"rendered":"<p>Wom\u2019Energy, c\u2019est l\u2019accompagnement des femmes entrepreneures au sein de R\u00e9seau<\/p>\n","protected":false},"author":163,"featured_media":2429,"parent":0,"menu_order":0,"comment_status":"closed","ping_status":"closed","template":"","meta":{"_acf_changed":false,"_monsterinsights_skip_tracking":false,"_monsterinsights_sitenote_active":false,"_monsterinsights_sitenote_note":"","_monsterinsights_sitenote_category":0,"footnotes":""},"class_list":["post-2421","page","type-page","status-publish","has-post-thumbnail","hentry"],"acf":[],"yoast_head":"<!-- This site is optimized with the Yoast SEO plugin v27.4 - https:\/\/yoast.com\/product\/yoast-seo-wordpress\/ -->\n<title>WOM&#039;ENERGY - le plaidoyer des femmes entrepreneures - R\u00e9seau Entreprendre Loir et Berry<\/title>\n<meta name=\"robots\" content=\"index, follow, max-snippet:-1, max-image-preview:large, max-video-preview:-1\" \/>\n<link rel=\"canonical\" href=\"https:\/\/www.reseau-entreprendre.org\/loir-et-berry\/womenergy-le-plaidoyer-des-femmes-entrepreneures\/\" \/>\n<meta property=\"og:locale\" content=\"fr_FR\" \/>\n<meta property=\"og:type\" content=\"article\" \/>\n<meta property=\"og:title\" content=\"WOM&#039;ENERGY - le plaidoyer des femmes entrepreneures - R\u00e9seau Entreprendre Loir et Berry\" \/>\n<meta property=\"og:description\" content=\"Wom\u2019Energy, c\u2019est l\u2019accompagnement des femmes entrepreneures au sein de R\u00e9seau\" \/>\n<meta property=\"og:url\" content=\"https:\/\/www.reseau-entreprendre.org\/loir-et-berry\/womenergy-le-plaidoyer-des-femmes-entrepreneures\/\" \/>\n<meta property=\"og:site_name\" content=\"R\u00e9seau Entreprendre Loir et Berry\" \/>\n<meta property=\"article:modified_time\" content=\"2022-04-20T08:11:32+00:00\" \/>\n<meta property=\"og:image\" content=\"https:\/\/www.reseau-entreprendre.org\/loir-et-berry\/wp-content\/uploads\/sites\/82\/2022\/04\/PlaidoyerReseauEntreprendre-11.png\" \/>\n\t<meta property=\"og:image:width\" content=\"595\" \/>\n\t<meta property=\"og:image:height\" content=\"595\" \/>\n\t<meta property=\"og:image:type\" content=\"image\/png\" \/>\n<meta name=\"twitter:card\" content=\"summary_large_image\" \/>\n<meta name=\"twitter:label1\" content=\"Dur\u00e9e de lecture estim\u00e9e\" \/>\n\t<meta name=\"twitter:data1\" content=\"1 minute\" \/>\n<script type=\"application\/ld+json\" class=\"yoast-schema-graph\">{\"@context\":\"https:\\\/\\\/schema.org\",\"@graph\":[{\"@type\":\"WebPage\",\"@id\":\"https:\\\/\\\/www.reseau-entreprendre.org\\\/loir-et-berry\\\/womenergy-le-plaidoyer-des-femmes-entrepreneures\\\/\",\"url\":\"https:\\\/\\\/www.reseau-entreprendre.org\\\/loir-et-berry\\\/womenergy-le-plaidoyer-des-femmes-entrepreneures\\\/\",\"name\":\"WOM'ENERGY - le plaidoyer des femmes entrepreneures - R\u00e9seau Entreprendre Loir et Berry\",\"isPartOf\":{\"@id\":\"https:\\\/\\\/www.reseau-entreprendre.org\\\/loir-et-berry\\\/#website\"},\"primaryImageOfPage\":{\"@id\":\"https:\\\/\\\/www.reseau-entreprendre.org\\\/loir-et-berry\\\/womenergy-le-plaidoyer-des-femmes-entrepreneures\\\/#primaryimage\"},\"image\":{\"@id\":\"https:\\\/\\\/www.reseau-entreprendre.org\\\/loir-et-berry\\\/womenergy-le-plaidoyer-des-femmes-entrepreneures\\\/#primaryimage\"},\"thumbnailUrl\":\"https:\\\/\\\/www.reseau-entreprendre.org\\\/loir-et-berry\\\/wp-content\\\/uploads\\\/sites\\\/82\\\/2022\\\/04\\\/PlaidoyerReseauEntreprendre-11.png\",\"datePublished\":\"2022-04-11T04:56:35+00:00\",\"dateModified\":\"2022-04-20T08:11:32+00:00\",\"breadcrumb\":{\"@id\":\"https:\\\/\\\/www.reseau-entreprendre.org\\\/loir-et-berry\\\/womenergy-le-plaidoyer-des-femmes-entrepreneures\\\/#breadcrumb\"},\"inLanguage\":\"fr-FR\",\"potentialAction\":[{\"@type\":\"ReadAction\",\"target\":[\"https:\\\/\\\/www.reseau-entreprendre.org\\\/loir-et-berry\\\/womenergy-le-plaidoyer-des-femmes-entrepreneures\\\/\"]}]},{\"@type\":\"ImageObject\",\"inLanguage\":\"fr-FR\",\"@id\":\"https:\\\/\\\/www.reseau-entreprendre.org\\\/loir-et-berry\\\/womenergy-le-plaidoyer-des-femmes-entrepreneures\\\/#primaryimage\",\"url\":\"https:\\\/\\\/www.reseau-entreprendre.org\\\/loir-et-berry\\\/wp-content\\\/uploads\\\/sites\\\/82\\\/2022\\\/04\\\/PlaidoyerReseauEntreprendre-11.png\",\"contentUrl\":\"https:\\\/\\\/www.reseau-entreprendre.org\\\/loir-et-berry\\\/wp-content\\\/uploads\\\/sites\\\/82\\\/2022\\\/04\\\/PlaidoyerReseauEntreprendre-11.png\",\"width\":595,\"height\":595},{\"@type\":\"BreadcrumbList\",\"@id\":\"https:\\\/\\\/www.reseau-entreprendre.org\\\/loir-et-berry\\\/womenergy-le-plaidoyer-des-femmes-entrepreneures\\\/#breadcrumb\",\"itemListElement\":[{\"@type\":\"ListItem\",\"position\":1,\"name\":\"Accueil\",\"item\":\"https:\\\/\\\/www.reseau-entreprendre.org\\\/loir-et-berry\\\/\"},{\"@type\":\"ListItem\",\"position\":2,\"name\":\"WOM&rsquo;ENERGY &#8211; le plaidoyer des femmes entrepreneures\"}]},{\"@type\":\"WebSite\",\"@id\":\"https:\\\/\\\/www.reseau-entreprendre.org\\\/loir-et-berry\\\/#website\",\"url\":\"https:\\\/\\\/www.reseau-entreprendre.org\\\/loir-et-berry\\\/\",\"name\":\"R\u00e9seau Entreprendre Loir et Berry\",\"description\":\"Un site utilisant Les sites de R\u00e9seau Entreprendre\",\"potentialAction\":[{\"@type\":\"SearchAction\",\"target\":{\"@type\":\"EntryPoint\",\"urlTemplate\":\"https:\\\/\\\/www.reseau-entreprendre.org\\\/loir-et-berry\\\/?s={search_term_string}\"},\"query-input\":{\"@type\":\"PropertyValueSpecification\",\"valueRequired\":true,\"valueName\":\"search_term_string\"}}],\"inLanguage\":\"fr-FR\"}]}<\/script>\n<!-- \/ Yoast SEO plugin. -->","yoast_head_json":{"title":"WOM'ENERGY - le plaidoyer des femmes entrepreneures - R\u00e9seau Entreprendre Loir et Berry","robots":{"index":"index","follow":"follow","max-snippet":"max-snippet:-1","max-image-preview":"max-image-preview:large","max-video-preview":"max-video-preview:-1"},"canonical":"https:\/\/www.reseau-entreprendre.org\/loir-et-berry\/womenergy-le-plaidoyer-des-femmes-entrepreneures\/","og_locale":"fr_FR","og_type":"article","og_title":"WOM'ENERGY - le plaidoyer des femmes entrepreneures - R\u00e9seau Entreprendre Loir et Berry","og_description":"Wom\u2019Energy, c\u2019est l\u2019accompagnement des femmes entrepreneures au sein de R\u00e9seau","og_url":"https:\/\/www.reseau-entreprendre.org\/loir-et-berry\/womenergy-le-plaidoyer-des-femmes-entrepreneures\/","og_site_name":"R\u00e9seau Entreprendre Loir et Berry","article_modified_time":"2022-04-20T08:11:32+00:00","og_image":[{"width":595,"height":595,"url":"https:\/\/www.reseau-entreprendre.org\/loir-et-berry\/wp-content\/uploads\/sites\/82\/2022\/04\/PlaidoyerReseauEntreprendre-11.png","type":"image\/png"}],"twitter_card":"summary_large_image","twitter_misc":{"Dur\u00e9e de lecture estim\u00e9e":"1 minute"},"schema":{"@context":"https:\/\/schema.org","@graph":[{"@type":"WebPage","@id":"https:\/\/www.reseau-entreprendre.org\/loir-et-berry\/womenergy-le-plaidoyer-des-femmes-entrepreneures\/","url":"https:\/\/www.reseau-entreprendre.org\/loir-et-berry\/womenergy-le-plaidoyer-des-femmes-entrepreneures\/","name":"WOM'ENERGY - le plaidoyer des femmes entrepreneures - R\u00e9seau Entreprendre Loir et Berry","isPartOf":{"@id":"https:\/\/www.reseau-entreprendre.org\/loir-et-berry\/#website"},"primaryImageOfPage":{"@id":"https:\/\/www.reseau-entreprendre.org\/loir-et-berry\/womenergy-le-plaidoyer-des-femmes-entrepreneures\/#primaryimage"},"image":{"@id":"https:\/\/www.reseau-entreprendre.org\/loir-et-berry\/womenergy-le-plaidoyer-des-femmes-entrepreneures\/#primaryimage"},"thumbnailUrl":"https:\/\/www.reseau-entreprendre.org\/loir-et-berry\/wp-content\/uploads\/sites\/82\/2022\/04\/PlaidoyerReseauEntreprendre-11.png","datePublished":"2022-04-11T04:56:35+00:00","dateModified":"2022-04-20T08:11:32+00:00","breadcrumb":{"@id":"https:\/\/www.reseau-entreprendre.org\/loir-et-berry\/womenergy-le-plaidoyer-des-femmes-entrepreneures\/#breadcrumb"},"inLanguage":"fr-FR","potentialAction":[{"@type":"ReadAction","target":["https:\/\/www.reseau-entreprendre.org\/loir-et-berry\/womenergy-le-plaidoyer-des-femmes-entrepreneures\/"]}]},{"@type":"ImageObject","inLanguage":"fr-FR","@id":"https:\/\/www.reseau-entreprendre.org\/loir-et-berry\/womenergy-le-plaidoyer-des-femmes-entrepreneures\/#primaryimage","url":"https:\/\/www.reseau-entreprendre.org\/loir-et-berry\/wp-content\/uploads\/sites\/82\/2022\/04\/PlaidoyerReseauEntreprendre-11.png","contentUrl":"https:\/\/www.reseau-entreprendre.org\/loir-et-berry\/wp-content\/uploads\/sites\/82\/2022\/04\/PlaidoyerReseauEntreprendre-11.png","width":595,"height":595},{"@type":"BreadcrumbList","@id":"https:\/\/www.reseau-entreprendre.org\/loir-et-berry\/womenergy-le-plaidoyer-des-femmes-entrepreneures\/#breadcrumb","itemListElement":[{"@type":"ListItem","position":1,"name":"Accueil","item":"https:\/\/www.reseau-entreprendre.org\/loir-et-berry\/"},{"@type":"ListItem","position":2,"name":"WOM&rsquo;ENERGY &#8211; le plaidoyer des femmes entrepreneures"}]},{"@type":"WebSite","@id":"https:\/\/www.reseau-entreprendre.org\/loir-et-berry\/#website","url":"https:\/\/www.reseau-entreprendre.org\/loir-et-berry\/","name":"R\u00e9seau Entreprendre Loir et Berry","description":"Un site utilisant Les sites de R\u00e9seau Entreprendre","potentialAction":[{"@type":"SearchAction","target":{"@type":"EntryPoint","urlTemplate":"https:\/\/www.reseau-entreprendre.org\/loir-et-berry\/?s={search_term_string}"},"query-input":{"@type":"PropertyValueSpecification","valueRequired":true,"valueName":"search_term_string"}}],"inLanguage":"fr-FR"}]}},"_links":{"self":[{"href":"https:\/\/www.reseau-entreprendre.org\/loir-et-berry\/wp-json\/wp\/v2\/pages\/2421","targetHints":{"allow":["GET"]}}],"collection":[{"href":"https:\/\/www.reseau-entreprendre.org\/loir-et-berry\/wp-json\/wp\/v2\/pages"}],"about":[{"href":"https:\/\/www.reseau-entreprendre.org\/loir-et-berry\/wp-json\/wp\/v2\/types\/page"}],"author":[{"embeddable":true,"href":"https:\/\/www.reseau-entreprendre.org\/loir-et-berry\/wp-json\/wp\/v2\/users\/163"}],"replies":[{"embeddable":true,"href":"https:\/\/www.reseau-entreprendre.org\/loir-et-berry\/wp-json\/wp\/v2\/comments?post=2421"}],"version-history":[{"count":0,"href":"https:\/\/www.reseau-entreprendre.org\/loir-et-berry\/wp-json\/wp\/v2\/pages\/2421\/revisions"}],"wp:featuredmedia":[{"embeddable":true,"href":"https:\/\/www.reseau-entreprendre.org\/loir-et-berry\/wp-json\/wp\/v2\/media\/2429"}],"wp:attachment":[{"href":"https:\/\/www.reseau-entreprendre.org\/loir-et-berry\/wp-json\/wp\/v2\/media?parent=2421"}],"curies":[{"name":"wp","href":"https:\/\/api.w.org\/{rel}","templated":true}]}}